{"id":3427,"date":"2020-11-25T10:20:48","date_gmt":"2020-11-25T09:20:48","guid":{"rendered":"http:\/\/3.65.206.27\/?page_id=3427"},"modified":"2020-11-25T10:34:32","modified_gmt":"2020-11-25T09:34:32","slug":"orologi-per-bambini","status":"publish","type":"page","link":"https:\/\/simhero.com\/it\/business\/casi-di-utilizzo\/orologi-per-bambini\/","title":{"rendered":"Orologi per bambini"},"content":{"rendered":"\t\t<div data-elementor-type=\"wp-page\" data-elementor-id=\"3427\" class=\"elementor elementor-3427 elementor-459\" data-elementor-post-type=\"page\">\n\t\t\t\t\t\t<section class=\"elementor-section elementor-top-section elementor-element elementor-element-4fc077c8 elementor-section-height-min-height elementor-section-boxed elementor-section-height-default elementor-section-items-middle\" data-id=\"4fc077c8\" data-element_type=\"section\" data-settings=\"{&quot;background_background&quot;:&quot;classic&quot;}\">\n\t\t\t\t\t\t\t<div class=\"elementor-background-overlay\"><\/div>\n\t\t\t\t\t\t\t<div class=\"elementor-container elementor-column-gap-default\">\n\t\t\t\t\t<div class=\"elementor-column elementor-col-100 elementor-top-column elementor-element elementor-element-331c8b6f\" data-id=\"331c8b6f\" data-element_type=\"column\">\n\t\t\t<div class=\"elementor-widget-wrap elementor-element-populated\">\n\t\t\t\t\t\t<div class=\"elementor-element elementor-element-44971cbc elementor-widget elementor-widget-heading\" data-id=\"44971cbc\" data-element_type=\"widget\" data-widget_type=\"heading.default\">\n\t\t\t\t<div class=\"elementor-widget-container\">\n\t\t\t<h1 class=\"elementor-heading-title elementor-size-default\">OROLOGI PER BAMBINI simHERO<\/h1>\t\t<\/div>\n\t\t\t\t<\/div>\n\t\t\t\t\t<\/div>\n\t\t<\/div>\n\t\t\t\t\t<\/div>\n\t\t<\/section>\n\t\t\t\t<section class=\"elementor-section elementor-top-section elementor-element elementor-element-227f28b3 elementor-section-boxed elementor-section-height-default elementor-section-height-default\" data-id=\"227f28b3\" data-element_type=\"section\">\n\t\t\t\t\t\t<div class=\"elementor-container elementor-column-gap-default\">\n\t\t\t\t\t<div class=\"elementor-column elementor-col-100 elementor-top-column elementor-element elementor-element-7172fe8b\" data-id=\"7172fe8b\" data-element_type=\"column\">\n\t\t\t<div class=\"elementor-widget-wrap elementor-element-populated\">\n\t\t\t\t\t\t<div class=\"elementor-element elementor-element-66cfbd78 elementor-widget elementor-widget-heading\" data-id=\"66cfbd78\" data-element_type=\"widget\" data-widget_type=\"heading.default\">\n\t\t\t\t<div class=\"elementor-widget-container\">\n\t\t\t<h2 class=\"elementor-heading-title elementor-size-default\">SIM card IoT simHERO per orologi per bambini<\/h2>\t\t<\/div>\n\t\t\t\t<\/div>\n\t\t\t\t<div class=\"elementor-element elementor-element-cf36ae9 elementor-widget elementor-widget-text-editor\" data-id=\"cf36ae9\" data-element_type=\"widget\" data-widget_type=\"text-editor.default\">\n\t\t\t\t<div class=\"elementor-widget-container\">\n\t\t\t\t\t\t\t<p><span lang=\"it-IT\">C&#8217;\u00e8 niente di pi\u00f9 importante dei nostri figli? Non per simHERO. Come genitori, comprendiamo perfettamente l\u2019equilibrio tra il dare libert\u00e0 ai nostri figli e il tenerli lontani da ogni minaccia e pericolo. E proprio perch\u00e9 amiamo i nostri figli, noi di simHERO ci impegniamo molto quando si tratta di proteggerli &#8211; anche con dispositivi elettronici collegati come orologi e tracker per bambini.<\/span><\/p>\t\t\t\t\t\t<\/div>\n\t\t\t\t<\/div>\n\t\t\t\t\t<\/div>\n\t\t<\/div>\n\t\t\t\t\t<\/div>\n\t\t<\/section>\n\t\t\t\t<section class=\"elementor-section elementor-top-section elementor-element elementor-element-a4247b9 elementor-section-content-middle elementor-section-boxed elementor-section-height-default elementor-section-height-default\" data-id=\"a4247b9\" data-element_type=\"section\">\n\t\t\t\t\t\t<div class=\"elementor-container elementor-column-gap-wider\">\n\t\t\t\t\t<div class=\"elementor-column elementor-col-50 elementor-top-column elementor-element elementor-element-46d14d1b\" data-id=\"46d14d1b\" data-element_type=\"column\">\n\t\t\t<div class=\"elementor-widget-wrap elementor-element-populated\">\n\t\t\t\t\t\t<div class=\"elementor-element elementor-element-48464838 elementor-widget elementor-widget-image\" data-id=\"48464838\" data-element_type=\"widget\" data-widget_type=\"image.default\">\n\t\t\t\t<div class=\"elementor-widget-container\">\n\t\t\t\t\t\t\t\t\t\t\t\t\t<img fetchpriority=\"high\" decoding=\"async\" width=\"800\" height=\"534\" src=\"https:\/\/simhero.com\/wp-content\/uploads\/2020\/07\/superman.png\" class=\"attachment-large size-large wp-image-3433\" alt=\"\" srcset=\"https:\/\/simhero.com\/wp-content\/uploads\/2020\/07\/superman.png 1000w, https:\/\/simhero.com\/wp-content\/uploads\/2020\/07\/superman-300x200.png 300w, https:\/\/simhero.com\/wp-content\/uploads\/2020\/07\/superman-768x512.png 768w\" sizes=\"(max-width: 800px) 100vw, 800px\" \/>\t\t\t\t\t\t\t\t\t\t\t\t\t<\/div>\n\t\t\t\t<\/div>\n\t\t\t\t\t<\/div>\n\t\t<\/div>\n\t\t\t\t<div class=\"elementor-column elementor-col-50 elementor-top-column elementor-element elementor-element-2ed4efc5\" data-id=\"2ed4efc5\" data-element_type=\"column\">\n\t\t\t<div class=\"elementor-widget-wrap elementor-element-populated\">\n\t\t\t\t\t\t<div class=\"elementor-element elementor-element-57c31ea9 elementor-widget elementor-widget-heading\" data-id=\"57c31ea9\" data-element_type=\"widget\" data-widget_type=\"heading.default\">\n\t\t\t\t<div class=\"elementor-widget-container\">\n\t\t\t<h3 class=\"elementor-heading-title elementor-size-default\">Rete mobile<\/h3>\t\t<\/div>\n\t\t\t\t<\/div>\n\t\t\t\t<div class=\"elementor-element elementor-element-23582b87 elementor-widget elementor-widget-heading\" data-id=\"23582b87\" data-element_type=\"widget\" data-widget_type=\"heading.default\">\n\t\t\t\t<div class=\"elementor-widget-container\">\n\t\t\t<h2 class=\"elementor-heading-title elementor-size-default\">Vieni subito a casa\n<\/h2>\t\t<\/div>\n\t\t\t\t<\/div>\n\t\t\t\t<div class=\"elementor-element elementor-element-f5ba273 elementor-widget elementor-widget-text-editor\" data-id=\"f5ba273\" data-element_type=\"widget\" data-widget_type=\"text-editor.default\">\n\t\t\t\t<div class=\"elementor-widget-container\">\n\t\t\t\t\t\t\t<p><span lang=\"it-IT\">Sei arcistufo di arrabbiarti perch\u00e9 non sai mai dov\u2019\u00e8 tuo figlio? O vuoi semplicemente essere sicuro che tuo figlio sia arrivato a casa? Dispositivi come gli orologi per bambini sono strumenti utili che ti consentono di comunicare sempre in tempo reale con il tuo bambino e di controllare la sua posizione corrente fornita dalla tecnologia di rete mobile. Per potenziare la sicurezza in questo delicatissimo ambito, simHERO assicura una linea di connessione tra genitori e figli collegandosi alla rete pi\u00f9 forte &#8211; e passando alla rete successiva se quella precedente si perde.<\/span><\/p><p style=\"margin-bottom: .0001pt;\"><span lang=\"EN-US\">\u00a0<\/span><\/p>\t\t\t\t\t\t<\/div>\n\t\t\t\t<\/div>\n\t\t\t\t\t<\/div>\n\t\t<\/div>\n\t\t\t\t\t<\/div>\n\t\t<\/section>\n\t\t\t\t<section class=\"elementor-section elementor-top-section elementor-element elementor-element-737bb6cb elementor-section-content-middle elementor-reverse-mobile elementor-section-boxed elementor-section-height-default elementor-section-height-default\" data-id=\"737bb6cb\" data-element_type=\"section\">\n\t\t\t\t\t\t<div class=\"elementor-container elementor-column-gap-wider\">\n\t\t\t\t\t<div class=\"elementor-column elementor-col-50 elementor-top-column elementor-element elementor-element-7c18c4b7\" data-id=\"7c18c4b7\" data-element_type=\"column\">\n\t\t\t<div class=\"elementor-widget-wrap elementor-element-populated\">\n\t\t\t\t\t\t<div class=\"elementor-element elementor-element-2024b734 elementor-widget elementor-widget-heading\" data-id=\"2024b734\" data-element_type=\"widget\" data-widget_type=\"heading.default\">\n\t\t\t\t<div class=\"elementor-widget-container\">\n\t\t\t<h3 class=\"elementor-heading-title elementor-size-default\">Voice over IP<\/h3>\t\t<\/div>\n\t\t\t\t<\/div>\n\t\t\t\t<div class=\"elementor-element elementor-element-4ae37ca0 elementor-widget elementor-widget-heading\" data-id=\"4ae37ca0\" data-element_type=\"widget\" data-widget_type=\"heading.default\">\n\t\t\t\t<div class=\"elementor-widget-container\">\n\t\t\t<h2 class=\"elementor-heading-title elementor-size-default\">Posso parlarti un attimo<\/h2>\t\t<\/div>\n\t\t\t\t<\/div>\n\t\t\t\t<div class=\"elementor-element elementor-element-2a5fab1a elementor-widget elementor-widget-text-editor\" data-id=\"2a5fab1a\" data-element_type=\"widget\" data-widget_type=\"text-editor.default\">\n\t\t\t\t<div class=\"elementor-widget-container\">\n\t\t\t\t\t\t\t<p><span lang=\"it-IT\">Molti orologi per bambini forniscono canali di comunicazione sicuri che non permettono a persone esterne di entrare in contatto con i nostri cari. Questi canali includono messaggi mobili, video chat o chiamate con persone assegnate. A questo proposito, molti produttori trasferiscono la loro tecnologia al VoIP (Voice over IP) che utilizza i dati mobili per creare queste chiamate. simHERO \u00e8 in grado di supportare questa nuova tecnologia per tenere entrambi, genitori e bambini, in contatto.<\/span><\/p>\t\t\t\t\t\t<\/div>\n\t\t\t\t<\/div>\n\t\t\t\t\t<\/div>\n\t\t<\/div>\n\t\t\t\t<div class=\"elementor-column elementor-col-50 elementor-top-column elementor-element elementor-element-48167535\" data-id=\"48167535\" data-element_type=\"column\">\n\t\t\t<div class=\"elementor-widget-wrap elementor-element-populated\">\n\t\t\t\t\t\t<div class=\"elementor-element elementor-element-416d8c66 elementor-widget elementor-widget-image\" data-id=\"416d8c66\" data-element_type=\"widget\" data-widget_type=\"image.default\">\n\t\t\t\t<div class=\"elementor-widget-container\">\n\t\t\t\t\t\t\t\t\t\t\t\t\t<img decoding=\"async\" width=\"800\" height=\"534\" src=\"https:\/\/simhero.com\/wp-content\/uploads\/2020\/07\/girl-with-tablet.png\" class=\"attachment-large size-large wp-image-3431\" alt=\"\" srcset=\"https:\/\/simhero.com\/wp-content\/uploads\/2020\/07\/girl-with-tablet.png 1000w, https:\/\/simhero.com\/wp-content\/uploads\/2020\/07\/girl-with-tablet-300x200.png 300w, https:\/\/simhero.com\/wp-content\/uploads\/2020\/07\/girl-with-tablet-768x512.png 768w\" sizes=\"(max-width: 800px) 100vw, 800px\" \/>\t\t\t\t\t\t\t\t\t\t\t\t\t<\/div>\n\t\t\t\t<\/div>\n\t\t\t\t\t<\/div>\n\t\t<\/div>\n\t\t\t\t\t<\/div>\n\t\t<\/section>\n\t\t\t\t<section class=\"elementor-section elementor-top-section elementor-element elementor-element-74fcab30 elementor-section-content-middle elementor-section-boxed elementor-section-height-default elementor-section-height-default\" data-id=\"74fcab30\" data-element_type=\"section\">\n\t\t\t\t\t\t<div class=\"elementor-container elementor-column-gap-wider\">\n\t\t\t\t\t<div class=\"elementor-column elementor-col-50 elementor-top-column elementor-element elementor-element-123104a7\" data-id=\"123104a7\" data-element_type=\"column\">\n\t\t\t<div class=\"elementor-widget-wrap elementor-element-populated\">\n\t\t\t\t\t\t<div class=\"elementor-element elementor-element-4c0b47b7 elementor-widget elementor-widget-image\" data-id=\"4c0b47b7\" data-element_type=\"widget\" data-widget_type=\"image.default\">\n\t\t\t\t<div class=\"elementor-widget-container\">\n\t\t\t\t\t\t\t\t\t\t\t\t\t<img decoding=\"async\" width=\"800\" height=\"534\" src=\"https:\/\/simhero.com\/wp-content\/uploads\/2020\/07\/grandpa.png\" class=\"attachment-large size-large wp-image-3432\" alt=\"\" srcset=\"https:\/\/simhero.com\/wp-content\/uploads\/2020\/07\/grandpa.png 1000w, https:\/\/simhero.com\/wp-content\/uploads\/2020\/07\/grandpa-300x200.png 300w, https:\/\/simhero.com\/wp-content\/uploads\/2020\/07\/grandpa-768x512.png 768w\" sizes=\"(max-width: 800px) 100vw, 800px\" \/>\t\t\t\t\t\t\t\t\t\t\t\t\t<\/div>\n\t\t\t\t<\/div>\n\t\t\t\t\t<\/div>\n\t\t<\/div>\n\t\t\t\t<div class=\"elementor-column elementor-col-50 elementor-top-column elementor-element elementor-element-5664e75d\" data-id=\"5664e75d\" data-element_type=\"column\">\n\t\t\t<div class=\"elementor-widget-wrap elementor-element-populated\">\n\t\t\t\t\t\t<div class=\"elementor-element elementor-element-6f6115d1 elementor-widget elementor-widget-heading\" data-id=\"6f6115d1\" data-element_type=\"widget\" data-widget_type=\"heading.default\">\n\t\t\t\t<div class=\"elementor-widget-container\">\n\t\t\t<h3 class=\"elementor-heading-title elementor-size-default\">Connettivit\u00e0 IoT globale<\/h3>\t\t<\/div>\n\t\t\t\t<\/div>\n\t\t\t\t<div class=\"elementor-element elementor-element-3ef1f562 elementor-widget elementor-widget-heading\" data-id=\"3ef1f562\" data-element_type=\"widget\" data-widget_type=\"heading.default\">\n\t\t\t\t<div class=\"elementor-widget-container\">\n\t\t\t<h2 class=\"elementor-heading-title elementor-size-default\">Non sono a casa\n<\/h2>\t\t<\/div>\n\t\t\t\t<\/div>\n\t\t\t\t<div class=\"elementor-element elementor-element-435a6fd0 elementor-widget elementor-widget-text-editor\" data-id=\"435a6fd0\" data-element_type=\"widget\" data-widget_type=\"text-editor.default\">\n\t\t\t\t<div class=\"elementor-widget-container\">\n\t\t\t\t\t\t\t<p><span lang=\"it-IT\">I bambini crescono in fretta e prima o poi vorranno vivere da soli le loro avventure. Noi di simHERO crediamo che tu non debba interrompere le comunicazioni con il tuo bambino solo perch\u00e9 non condividi le sue imprese. La nostra connettivit\u00e0 IoT \u00e8 disponibile in tutto il Globo e noi ci assicuriamo che tuo figlio sia sano e salvo durante le sue avventure nei boschi, la sua prima gita scolastica o, in generale, nella sua avventura di vita.<\/span><\/p>\t\t\t\t\t\t<\/div>\n\t\t\t\t<\/div>\n\t\t\t\t\t<\/div>\n\t\t<\/div>\n\t\t\t\t\t<\/div>\n\t\t<\/section>\n\t\t\t\t<\/div>\n\t\t","protected":false},"excerpt":{"rendered":"<p>OROLOGI PER BAMBINI simHERO SIM card IoT simHERO per orologi per bambini C&#8217;\u00e8 niente di pi\u00f9 importante dei nostri figli? Non per simHERO. Come genitori, comprendiamo perfettamente l\u2019equilibrio tra il dare libert\u00e0 ai nostri figli e il tenerli lontani da ogni minaccia e pericolo. E proprio perch\u00e9 amiamo i nostri figli, noi di simHERO ci [&hellip;]<\/p>\n","protected":false},"author":2,"featured_media":3061,"parent":3387,"menu_order":0,"comment_status":"closed","ping_status":"closed","template":"elementor_header_footer","meta":{"footnotes":""},"yoast_head":"<!-- This site is optimized with the Yoast SEO plugin v23.4 - https:\/\/yoast.com\/wordpress\/plugins\/seo\/ -->\n<title>Orologi per bambini - simHERO<\/title>\n<meta name=\"robots\" content=\"index, follow, max-snippet:-1, max-image-preview:large, max-video-preview:-1\" \/>\n<link rel=\"canonical\" href=\"https:\/\/simhero.com\/it\/business\/casi-di-utilizzo\/orologi-per-bambini\/\" \/>\n<meta property=\"og:locale\" content=\"it_IT\" \/>\n<meta property=\"og:type\" content=\"article\" \/>\n<meta property=\"og:title\" content=\"Orologi per bambini - simHERO\" \/>\n<meta property=\"og:description\" content=\"OROLOGI PER BAMBINI simHERO SIM card IoT simHERO per orologi per bambini C&#8217;\u00e8 niente di pi\u00f9 importante dei nostri figli? Non per simHERO. Come genitori, comprendiamo perfettamente l\u2019equilibrio tra il dare libert\u00e0 ai nostri figli e il tenerli lontani da ogni minaccia e pericolo. E proprio perch\u00e9 amiamo i nostri figli, noi di simHERO ci [&hellip;]\" \/>\n<meta property=\"og:url\" content=\"https:\/\/simhero.com\/it\/business\/casi-di-utilizzo\/orologi-per-bambini\/\" \/>\n<meta property=\"og:site_name\" content=\"simHERO\" \/>\n<meta property=\"article:publisher\" content=\"https:\/\/www.facebook.com\/freeewaysimhero\/\" \/>\n<meta property=\"article:modified_time\" content=\"2020-11-25T09:34:32+00:00\" \/>\n<meta property=\"og:image\" content=\"https:\/\/simhero.com\/wp-content\/uploads\/2020\/06\/kidwatches.jpg\" \/>\n\t<meta property=\"og:image:width\" content=\"640\" \/>\n\t<meta property=\"og:image:height\" content=\"426\" \/>\n\t<meta property=\"og:image:type\" content=\"image\/jpeg\" \/>\n<meta name=\"twitter:card\" content=\"summary_large_image\" \/>\n<meta name=\"twitter:label1\" content=\"Tempo di lettura stimato\" \/>\n\t<meta name=\"twitter:data1\" content=\"2 minuti\" \/>\n<script type=\"application\/ld+json\" class=\"yoast-schema-graph\">{\"@context\":\"https:\/\/schema.org\",\"@graph\":[{\"@type\":\"WebPage\",\"@id\":\"https:\/\/simhero.com\/it\/business\/casi-di-utilizzo\/orologi-per-bambini\/\",\"url\":\"https:\/\/simhero.com\/it\/business\/casi-di-utilizzo\/orologi-per-bambini\/\",\"name\":\"Orologi per bambini - simHERO\",\"isPartOf\":{\"@id\":\"https:\/\/simhero.com\/it\/#website\"},\"primaryImageOfPage\":{\"@id\":\"https:\/\/simhero.com\/it\/business\/casi-di-utilizzo\/orologi-per-bambini\/#primaryimage\"},\"image\":{\"@id\":\"https:\/\/simhero.com\/it\/business\/casi-di-utilizzo\/orologi-per-bambini\/#primaryimage\"},\"thumbnailUrl\":\"https:\/\/simhero.com\/wp-content\/uploads\/2020\/06\/kidwatches.jpg\",\"datePublished\":\"2020-11-25T09:20:48+00:00\",\"dateModified\":\"2020-11-25T09:34:32+00:00\",\"breadcrumb\":{\"@id\":\"https:\/\/simhero.com\/it\/business\/casi-di-utilizzo\/orologi-per-bambini\/#breadcrumb\"},\"inLanguage\":\"it-IT\",\"potentialAction\":[{\"@type\":\"ReadAction\",\"target\":[\"https:\/\/simhero.com\/it\/business\/casi-di-utilizzo\/orologi-per-bambini\/\"]}]},{\"@type\":\"ImageObject\",\"inLanguage\":\"it-IT\",\"@id\":\"https:\/\/simhero.com\/it\/business\/casi-di-utilizzo\/orologi-per-bambini\/#primaryimage\",\"url\":\"https:\/\/simhero.com\/wp-content\/uploads\/2020\/06\/kidwatches.jpg\",\"contentUrl\":\"https:\/\/simhero.com\/wp-content\/uploads\/2020\/06\/kidwatches.jpg\",\"width\":640,\"height\":426},{\"@type\":\"BreadcrumbList\",\"@id\":\"https:\/\/simhero.com\/it\/business\/casi-di-utilizzo\/orologi-per-bambini\/#breadcrumb\",\"itemListElement\":[{\"@type\":\"ListItem\",\"position\":1,\"name\":\"Home\",\"item\":\"http:\/\/simhero.com\/it\/\"},{\"@type\":\"ListItem\",\"position\":2,\"name\":\"Business\",\"item\":\"http:\/\/simhero.com\/it\/business\/\"},{\"@type\":\"ListItem\",\"position\":3,\"name\":\"Casi di utilizzo\",\"item\":\"https:\/\/simhero.com\/it\/business\/casi-di-utilizzo\/\"},{\"@type\":\"ListItem\",\"position\":4,\"name\":\"Orologi per bambini\"}]},{\"@type\":\"WebSite\",\"@id\":\"https:\/\/simhero.com\/it\/#website\",\"url\":\"https:\/\/simhero.com\/it\/\",\"name\":\"simHERO\",\"description\":\"\",\"potentialAction\":[{\"@type\":\"SearchAction\",\"target\":{\"@type\":\"EntryPoint\",\"urlTemplate\":\"https:\/\/simhero.com\/it\/?s={search_term_string}\"},\"query-input\":{\"@type\":\"PropertyValueSpecification\",\"valueRequired\":true,\"valueName\":\"search_term_string\"}}],\"inLanguage\":\"it-IT\"}]}<\/script>\n<!-- \/ Yoast SEO plugin. -->","yoast_head_json":{"title":"Orologi per bambini - simHERO","robots":{"index":"index","follow":"follow","max-snippet":"max-snippet:-1","max-image-preview":"max-image-preview:large","max-video-preview":"max-video-preview:-1"},"canonical":"https:\/\/simhero.com\/it\/business\/casi-di-utilizzo\/orologi-per-bambini\/","og_locale":"it_IT","og_type":"article","og_title":"Orologi per bambini - simHERO","og_description":"OROLOGI PER BAMBINI simHERO SIM card IoT simHERO per orologi per bambini C&#8217;\u00e8 niente di pi\u00f9 importante dei nostri figli? Non per simHERO. Come genitori, comprendiamo perfettamente l\u2019equilibrio tra il dare libert\u00e0 ai nostri figli e il tenerli lontani da ogni minaccia e pericolo. E proprio perch\u00e9 amiamo i nostri figli, noi di simHERO ci [&hellip;]","og_url":"https:\/\/simhero.com\/it\/business\/casi-di-utilizzo\/orologi-per-bambini\/","og_site_name":"simHERO","article_publisher":"https:\/\/www.facebook.com\/freeewaysimhero\/","article_modified_time":"2020-11-25T09:34:32+00:00","og_image":[{"width":640,"height":426,"url":"https:\/\/simhero.com\/wp-content\/uploads\/2020\/06\/kidwatches.jpg","type":"image\/jpeg"}],"twitter_card":"summary_large_image","twitter_misc":{"Tempo di lettura stimato":"2 minuti"},"schema":{"@context":"https:\/\/schema.org","@graph":[{"@type":"WebPage","@id":"https:\/\/simhero.com\/it\/business\/casi-di-utilizzo\/orologi-per-bambini\/","url":"https:\/\/simhero.com\/it\/business\/casi-di-utilizzo\/orologi-per-bambini\/","name":"Orologi per bambini - simHERO","isPartOf":{"@id":"https:\/\/simhero.com\/it\/#website"},"primaryImageOfPage":{"@id":"https:\/\/simhero.com\/it\/business\/casi-di-utilizzo\/orologi-per-bambini\/#primaryimage"},"image":{"@id":"https:\/\/simhero.com\/it\/business\/casi-di-utilizzo\/orologi-per-bambini\/#primaryimage"},"thumbnailUrl":"https:\/\/simhero.com\/wp-content\/uploads\/2020\/06\/kidwatches.jpg","datePublished":"2020-11-25T09:20:48+00:00","dateModified":"2020-11-25T09:34:32+00:00","breadcrumb":{"@id":"https:\/\/simhero.com\/it\/business\/casi-di-utilizzo\/orologi-per-bambini\/#breadcrumb"},"inLanguage":"it-IT","potentialAction":[{"@type":"ReadAction","target":["https:\/\/simhero.com\/it\/business\/casi-di-utilizzo\/orologi-per-bambini\/"]}]},{"@type":"ImageObject","inLanguage":"it-IT","@id":"https:\/\/simhero.com\/it\/business\/casi-di-utilizzo\/orologi-per-bambini\/#primaryimage","url":"https:\/\/simhero.com\/wp-content\/uploads\/2020\/06\/kidwatches.jpg","contentUrl":"https:\/\/simhero.com\/wp-content\/uploads\/2020\/06\/kidwatches.jpg","width":640,"height":426},{"@type":"BreadcrumbList","@id":"https:\/\/simhero.com\/it\/business\/casi-di-utilizzo\/orologi-per-bambini\/#breadcrumb","itemListElement":[{"@type":"ListItem","position":1,"name":"Home","item":"http:\/\/simhero.com\/it\/"},{"@type":"ListItem","position":2,"name":"Business","item":"http:\/\/simhero.com\/it\/business\/"},{"@type":"ListItem","position":3,"name":"Casi di utilizzo","item":"https:\/\/simhero.com\/it\/business\/casi-di-utilizzo\/"},{"@type":"ListItem","position":4,"name":"Orologi per bambini"}]},{"@type":"WebSite","@id":"https:\/\/simhero.com\/it\/#website","url":"https:\/\/simhero.com\/it\/","name":"simHERO","description":"","potentialAction":[{"@type":"SearchAction","target":{"@type":"EntryPoint","urlTemplate":"https:\/\/simhero.com\/it\/?s={search_term_string}"},"query-input":{"@type":"PropertyValueSpecification","valueRequired":true,"valueName":"search_term_string"}}],"inLanguage":"it-IT"}]}},"_links":{"self":[{"href":"https:\/\/simhero.com\/it\/wp-json\/wp\/v2\/pages\/3427"}],"collection":[{"href":"https:\/\/simhero.com\/it\/wp-json\/wp\/v2\/pages"}],"about":[{"href":"https:\/\/simhero.com\/it\/wp-json\/wp\/v2\/types\/page"}],"author":[{"embeddable":true,"href":"https:\/\/simhero.com\/it\/wp-json\/wp\/v2\/users\/2"}],"replies":[{"embeddable":true,"href":"https:\/\/simhero.com\/it\/wp-json\/wp\/v2\/comments?post=3427"}],"version-history":[{"count":4,"href":"https:\/\/simhero.com\/it\/wp-json\/wp\/v2\/pages\/3427\/revisions"}],"predecessor-version":[{"id":3458,"href":"https:\/\/simhero.com\/it\/wp-json\/wp\/v2\/pages\/3427\/revisions\/3458"}],"up":[{"embeddable":true,"href":"https:\/\/simhero.com\/it\/wp-json\/wp\/v2\/pages\/3387"}],"wp:featuredmedia":[{"embeddable":true,"href":"https:\/\/simhero.com\/it\/wp-json\/wp\/v2\/media\/3061"}],"wp:attachment":[{"href":"https:\/\/simhero.com\/it\/wp-json\/wp\/v2\/media?parent=3427"}],"curies":[{"name":"wp","href":"https:\/\/api.w.org\/{rel}","templated":true}]}}