{"id":3422,"date":"2020-11-25T10:20:20","date_gmt":"2020-11-25T09:20:20","guid":{"rendered":"http:\/\/3.65.206.27\/?page_id=3422"},"modified":"2020-11-25T10:33:27","modified_gmt":"2020-11-25T09:33:27","slug":"tracker-di-veicoli","status":"publish","type":"page","link":"https:\/\/simhero.com\/it\/business\/casi-di-utilizzo\/tracker-di-veicoli\/","title":{"rendered":"Tracker di veicoli"},"content":{"rendered":"\t\t<div data-elementor-type=\"wp-page\" data-elementor-id=\"3422\" class=\"elementor elementor-3422 elementor-457\" data-elementor-post-type=\"page\">\n\t\t\t\t\t\t<section class=\"elementor-section elementor-top-section elementor-element elementor-element-521196c1 elementor-section-height-min-height elementor-section-boxed elementor-section-height-default elementor-section-items-middle\" data-id=\"521196c1\" data-element_type=\"section\" data-settings=\"{&quot;background_background&quot;:&quot;classic&quot;}\">\n\t\t\t\t\t\t\t<div class=\"elementor-background-overlay\"><\/div>\n\t\t\t\t\t\t\t<div class=\"elementor-container elementor-column-gap-default\">\n\t\t\t\t\t<div class=\"elementor-column elementor-col-100 elementor-top-column elementor-element elementor-element-6864dc2d\" data-id=\"6864dc2d\" data-element_type=\"column\">\n\t\t\t<div class=\"elementor-widget-wrap elementor-element-populated\">\n\t\t\t\t\t\t<div class=\"elementor-element elementor-element-7f8b3f85 elementor-widget elementor-widget-heading\" data-id=\"7f8b3f85\" data-element_type=\"widget\" data-widget_type=\"heading.default\">\n\t\t\t\t<div class=\"elementor-widget-container\">\n\t\t\t<h1 class=\"elementor-heading-title elementor-size-default\">TRACKER DI VEICOLI simHERO\n<\/h1>\t\t<\/div>\n\t\t\t\t<\/div>\n\t\t\t\t\t<\/div>\n\t\t<\/div>\n\t\t\t\t\t<\/div>\n\t\t<\/section>\n\t\t\t\t<section class=\"elementor-section elementor-top-section elementor-element elementor-element-38187800 elementor-section-boxed elementor-section-height-default elementor-section-height-default\" data-id=\"38187800\" data-element_type=\"section\">\n\t\t\t\t\t\t<div class=\"elementor-container elementor-column-gap-default\">\n\t\t\t\t\t<div class=\"elementor-column elementor-col-100 elementor-top-column elementor-element elementor-element-6b7d2f53\" data-id=\"6b7d2f53\" data-element_type=\"column\">\n\t\t\t<div class=\"elementor-widget-wrap elementor-element-populated\">\n\t\t\t\t\t\t<div class=\"elementor-element elementor-element-52fca7c1 elementor-widget elementor-widget-heading\" data-id=\"52fca7c1\" data-element_type=\"widget\" data-widget_type=\"heading.default\">\n\t\t\t\t<div class=\"elementor-widget-container\">\n\t\t\t<h2 class=\"elementor-heading-title elementor-size-default\">SIM card IoT simHERO per tracker di veicoli<\/h2>\t\t<\/div>\n\t\t\t\t<\/div>\n\t\t\t\t<div class=\"elementor-element elementor-element-7c6dcb58 elementor-widget elementor-widget-text-editor\" data-id=\"7c6dcb58\" data-element_type=\"widget\" data-widget_type=\"text-editor.default\">\n\t\t\t\t<div class=\"elementor-widget-container\">\n\t\t\t\t\t\t\t<p><span lang=\"it-IT\">Oggigiorno le persone tendono a sviluppare un forte legame emotivo con i loro veicoli. Pu\u00f2 trattarsi dell&#8217;amore nei confronti di un&#8217;auto appena comprata, di una nuova e-bike, o di uno scooter per il quale si sono spesi i propri risparmi. Ecco perch\u00e9 simHERO assicura che questo legame sia duraturo e che il tuo veicolo sia sempre protetto.<\/span><\/p>\t\t\t\t\t\t<\/div>\n\t\t\t\t<\/div>\n\t\t\t\t\t<\/div>\n\t\t<\/div>\n\t\t\t\t\t<\/div>\n\t\t<\/section>\n\t\t\t\t<section class=\"elementor-section elementor-top-section elementor-element elementor-element-53a7c1cb elementor-section-content-middle elementor-section-boxed elementor-section-height-default elementor-section-height-default\" data-id=\"53a7c1cb\" data-element_type=\"section\">\n\t\t\t\t\t\t<div class=\"elementor-container elementor-column-gap-wider\">\n\t\t\t\t\t<div class=\"elementor-column elementor-col-50 elementor-top-column elementor-element elementor-element-f257764\" data-id=\"f257764\" data-element_type=\"column\">\n\t\t\t<div class=\"elementor-widget-wrap elementor-element-populated\">\n\t\t\t\t\t\t<div class=\"elementor-element elementor-element-69e204d5 elementor-widget elementor-widget-image\" data-id=\"69e204d5\" data-element_type=\"widget\" data-widget_type=\"image.default\">\n\t\t\t\t<div class=\"elementor-widget-container\">\n\t\t\t\t\t\t\t\t\t\t\t\t\t<img fetchpriority=\"high\" decoding=\"async\" width=\"800\" height=\"534\" src=\"https:\/\/simhero.com\/wp-content\/uploads\/2020\/07\/no-limits.jpg\" class=\"attachment-large size-large wp-image-3426\" alt=\"\" srcset=\"https:\/\/simhero.com\/wp-content\/uploads\/2020\/07\/no-limits.jpg 1000w, https:\/\/simhero.com\/wp-content\/uploads\/2020\/07\/no-limits-300x200.jpg 300w, https:\/\/simhero.com\/wp-content\/uploads\/2020\/07\/no-limits-768x512.jpg 768w\" sizes=\"(max-width: 800px) 100vw, 800px\" \/>\t\t\t\t\t\t\t\t\t\t\t\t\t<\/div>\n\t\t\t\t<\/div>\n\t\t\t\t\t<\/div>\n\t\t<\/div>\n\t\t\t\t<div class=\"elementor-column elementor-col-50 elementor-top-column elementor-element elementor-element-1f0da7c9\" data-id=\"1f0da7c9\" data-element_type=\"column\">\n\t\t\t<div class=\"elementor-widget-wrap elementor-element-populated\">\n\t\t\t\t\t\t<div class=\"elementor-element elementor-element-2600830c elementor-widget elementor-widget-heading\" data-id=\"2600830c\" data-element_type=\"widget\" data-widget_type=\"heading.default\">\n\t\t\t\t<div class=\"elementor-widget-container\">\n\t\t\t<h3 class=\"elementor-heading-title elementor-size-default\">Connettivit\u00e0 disponibile a livello globale\n\n\n\n<\/h3>\t\t<\/div>\n\t\t\t\t<\/div>\n\t\t\t\t<div class=\"elementor-element elementor-element-4410e58d elementor-widget elementor-widget-heading\" data-id=\"4410e58d\" data-element_type=\"widget\" data-widget_type=\"heading.default\">\n\t\t\t\t<div class=\"elementor-widget-container\">\n\t\t\t<h2 class=\"elementor-heading-title elementor-size-default\">Senza limiti nazionali\n<\/h2>\t\t<\/div>\n\t\t\t\t<\/div>\n\t\t\t\t<div class=\"elementor-element elementor-element-2065a8aa elementor-widget elementor-widget-text-editor\" data-id=\"2065a8aa\" data-element_type=\"widget\" data-widget_type=\"text-editor.default\">\n\t\t\t\t<div class=\"elementor-widget-container\">\n\t\t\t\t\t\t\t<p><span lang=\"it-IT\">Di male in peggio &#8211; scoprire che il proprio veicolo \u00e8 stato rubato \u00e8 sconcertante. Localizzare la posizione corrente del veicolo \u00e8 uno degli elementi essenziali per le indagini. Quanto sarebbe frustrante se il tracciamento non fosse possibile perch\u00e9 il veicolo \u00e8 uscito dai confini frontalieri? Con la connettivit\u00e0 di simHERO disponibile a livello globale possiamo seguire le tracce del tuo oggetto del cuore a prescindere da qualsiasi frontiera nazionale.<\/span><\/p>\t\t\t\t\t\t<\/div>\n\t\t\t\t<\/div>\n\t\t\t\t\t<\/div>\n\t\t<\/div>\n\t\t\t\t\t<\/div>\n\t\t<\/section>\n\t\t\t\t<section class=\"elementor-section elementor-top-section elementor-element elementor-element-4349003a elementor-section-content-middle elementor-reverse-mobile elementor-section-boxed elementor-section-height-default elementor-section-height-default\" data-id=\"4349003a\" data-element_type=\"section\">\n\t\t\t\t\t\t<div class=\"elementor-container elementor-column-gap-wider\">\n\t\t\t\t\t<div class=\"elementor-column elementor-col-50 elementor-top-column elementor-element elementor-element-26caa454\" data-id=\"26caa454\" data-element_type=\"column\">\n\t\t\t<div class=\"elementor-widget-wrap elementor-element-populated\">\n\t\t\t\t\t\t<div class=\"elementor-element elementor-element-54b6e448 elementor-widget elementor-widget-heading\" data-id=\"54b6e448\" data-element_type=\"widget\" data-widget_type=\"heading.default\">\n\t\t\t\t<div class=\"elementor-widget-container\">\n\t\t\t<h3 class=\"elementor-heading-title elementor-size-default\">Reti multiple\n\n\n<\/h3>\t\t<\/div>\n\t\t\t\t<\/div>\n\t\t\t\t<div class=\"elementor-element elementor-element-c30f7ca elementor-widget elementor-widget-heading\" data-id=\"c30f7ca\" data-element_type=\"widget\" data-widget_type=\"heading.default\">\n\t\t\t\t<div class=\"elementor-widget-container\">\n\t\t\t<h2 class=\"elementor-heading-title elementor-size-default\">Impossibile nascondersi<\/h2>\t\t<\/div>\n\t\t\t\t<\/div>\n\t\t\t\t<div class=\"elementor-element elementor-element-503b1478 elementor-widget elementor-widget-text-editor\" data-id=\"503b1478\" data-element_type=\"widget\" data-widget_type=\"text-editor.default\">\n\t\t\t\t<div class=\"elementor-widget-container\">\n\t\t\t\t\t\t\t<p><span lang=\"it-IT\">Comprendiamo la necessit\u00e0 di tracciare la posizione e i movimenti del tuo veicolo. Per il tracciamento in tempo reale, \u00e8 indispensabile un servizio di connettivit\u00e0 senza soluzione di continuit\u00e0. Con simHERO, aumentiamo le possibilit\u00e0 fornendo l\u2019accesso alla nostra multirete. Poco importa se il tuo veicolo si trova in un\u2019area dove il segnale di una rete \u00e8 debole, perch\u00e9 noi non ci affidiamo a una sola rete, ma a pi\u00f9 reti per mantenere connesso il tuo tracker.<\/span><\/p>\t\t\t\t\t\t<\/div>\n\t\t\t\t<\/div>\n\t\t\t\t\t<\/div>\n\t\t<\/div>\n\t\t\t\t<div class=\"elementor-column elementor-col-50 elementor-top-column elementor-element elementor-element-5c5649c1\" data-id=\"5c5649c1\" data-element_type=\"column\">\n\t\t\t<div class=\"elementor-widget-wrap elementor-element-populated\">\n\t\t\t\t\t\t<div class=\"elementor-element elementor-element-39e06fe1 elementor-widget elementor-widget-image\" data-id=\"39e06fe1\" data-element_type=\"widget\" data-widget_type=\"image.default\">\n\t\t\t\t<div class=\"elementor-widget-container\">\n\t\t\t\t\t\t\t\t\t\t\t\t\t<img decoding=\"async\" width=\"640\" height=\"425\" src=\"https:\/\/simhero.com\/wp-content\/uploads\/2020\/06\/hide.jpg\" class=\"attachment-large size-large wp-image-3425\" alt=\"\" srcset=\"https:\/\/simhero.com\/wp-content\/uploads\/2020\/06\/hide.jpg 640w, https:\/\/simhero.com\/wp-content\/uploads\/2020\/06\/hide-300x199.jpg 300w\" sizes=\"(max-width: 640px) 100vw, 640px\" \/>\t\t\t\t\t\t\t\t\t\t\t\t\t<\/div>\n\t\t\t\t<\/div>\n\t\t\t\t\t<\/div>\n\t\t<\/div>\n\t\t\t\t\t<\/div>\n\t\t<\/section>\n\t\t\t\t<section class=\"elementor-section elementor-top-section elementor-element elementor-element-17aba3a3 elementor-section-content-middle elementor-section-boxed elementor-section-height-default elementor-section-height-default\" data-id=\"17aba3a3\" data-element_type=\"section\">\n\t\t\t\t\t\t<div class=\"elementor-container elementor-column-gap-wider\">\n\t\t\t\t\t<div class=\"elementor-column elementor-col-50 elementor-top-column elementor-element elementor-element-5c2cdd0c\" data-id=\"5c2cdd0c\" data-element_type=\"column\">\n\t\t\t<div class=\"elementor-widget-wrap elementor-element-populated\">\n\t\t\t\t\t\t<div class=\"elementor-element elementor-element-31e35e4b elementor-widget elementor-widget-image\" data-id=\"31e35e4b\" data-element_type=\"widget\" data-widget_type=\"image.default\">\n\t\t\t\t<div class=\"elementor-widget-container\">\n\t\t\t\t\t\t\t\t\t\t\t\t\t<img decoding=\"async\" width=\"800\" height=\"534\" src=\"https:\/\/simhero.com\/wp-content\/uploads\/2020\/07\/vehicle-new-technologies-iStock-174746783.jpg\" class=\"attachment-large size-large wp-image-3397\" alt=\"\" srcset=\"https:\/\/simhero.com\/wp-content\/uploads\/2020\/07\/vehicle-new-technologies-iStock-174746783.jpg 1000w, https:\/\/simhero.com\/wp-content\/uploads\/2020\/07\/vehicle-new-technologies-iStock-174746783-300x200.jpg 300w, https:\/\/simhero.com\/wp-content\/uploads\/2020\/07\/vehicle-new-technologies-iStock-174746783-768x512.jpg 768w\" sizes=\"(max-width: 800px) 100vw, 800px\" \/>\t\t\t\t\t\t\t\t\t\t\t\t\t<\/div>\n\t\t\t\t<\/div>\n\t\t\t\t\t<\/div>\n\t\t<\/div>\n\t\t\t\t<div class=\"elementor-column elementor-col-50 elementor-top-column elementor-element elementor-element-2a54d6f2\" data-id=\"2a54d6f2\" data-element_type=\"column\">\n\t\t\t<div class=\"elementor-widget-wrap elementor-element-populated\">\n\t\t\t\t\t\t<div class=\"elementor-element elementor-element-3bf0b6a0 elementor-widget elementor-widget-heading\" data-id=\"3bf0b6a0\" data-element_type=\"widget\" data-widget_type=\"heading.default\">\n\t\t\t\t<div class=\"elementor-widget-container\">\n\t\t\t<h3 class=\"elementor-heading-title elementor-size-default\">Nuove tecnologie mobili<\/h3>\t\t<\/div>\n\t\t\t\t<\/div>\n\t\t\t\t<div class=\"elementor-element elementor-element-3cc40ed6 elementor-widget elementor-widget-heading\" data-id=\"3cc40ed6\" data-element_type=\"widget\" data-widget_type=\"heading.default\">\n\t\t\t\t<div class=\"elementor-widget-container\">\n\t\t\t<h2 class=\"elementor-heading-title elementor-size-default\">Tracciamento continuo\n\n<\/h2>\t\t<\/div>\n\t\t\t\t<\/div>\n\t\t\t\t<div class=\"elementor-element elementor-element-3e83734a elementor-widget elementor-widget-text-editor\" data-id=\"3e83734a\" data-element_type=\"widget\" data-widget_type=\"text-editor.default\">\n\t\t\t\t<div class=\"elementor-widget-container\">\n\t\t\t\t\t\t\t<p><span lang=\"it-IT\">La durata della batteria \u00e8 sempre stata uno dei problemi principali per i sistemi di tracciamento in generale. Di conseguenza, molti produttori di dispositivi di tracciamento utilizzano nuove tecnologie mobili come la LTE CAT M1 che non solo connette il tuo tracker, ma aumenta anche il tempo complessivo di utilizzo\/batteria. Ovviamente, se non c&#8217;\u00e8 energia, non c&#8217;\u00e8 tracciamento. E quindi, simHERO si sta impegnando molto per fornire questa nuova tecnologia in quante pi\u00f9 reti \u00e8 possibile.<\/span><\/p>\t\t\t\t\t\t<\/div>\n\t\t\t\t<\/div>\n\t\t\t\t\t<\/div>\n\t\t<\/div>\n\t\t\t\t\t<\/div>\n\t\t<\/section>\n\t\t\t\t<\/div>\n\t\t","protected":false},"excerpt":{"rendered":"<p>TRACKER DI VEICOLI simHERO SIM card IoT simHERO per tracker di veicoli Oggigiorno le persone tendono a sviluppare un forte legame emotivo con i loro veicoli. Pu\u00f2 trattarsi dell&#8217;amore nei confronti di un&#8217;auto appena comprata, di una nuova e-bike, o di uno scooter per il quale si sono spesi i propri risparmi. Ecco perch\u00e9 simHERO [&hellip;]<\/p>\n","protected":false},"author":2,"featured_media":0,"parent":3387,"menu_order":0,"comment_status":"closed","ping_status":"closed","template":"elementor_header_footer","meta":{"footnotes":""},"yoast_head":"<!-- This site is optimized with the Yoast SEO plugin v23.4 - https:\/\/yoast.com\/wordpress\/plugins\/seo\/ -->\n<title>Tracker di veicoli - simHERO<\/title>\n<meta name=\"robots\" content=\"index, follow, max-snippet:-1, max-image-preview:large, max-video-preview:-1\" \/>\n<link rel=\"canonical\" href=\"https:\/\/simhero.com\/it\/business\/casi-di-utilizzo\/tracker-di-veicoli\/\" \/>\n<meta property=\"og:locale\" content=\"it_IT\" \/>\n<meta property=\"og:type\" content=\"article\" \/>\n<meta property=\"og:title\" content=\"Tracker di veicoli - simHERO\" \/>\n<meta property=\"og:description\" content=\"TRACKER DI VEICOLI simHERO SIM card IoT simHERO per tracker di veicoli Oggigiorno le persone tendono a sviluppare un forte legame emotivo con i loro veicoli. Pu\u00f2 trattarsi dell&#8217;amore nei confronti di un&#8217;auto appena comprata, di una nuova e-bike, o di uno scooter per il quale si sono spesi i propri risparmi. Ecco perch\u00e9 simHERO [&hellip;]\" \/>\n<meta property=\"og:url\" content=\"https:\/\/simhero.com\/it\/business\/casi-di-utilizzo\/tracker-di-veicoli\/\" \/>\n<meta property=\"og:site_name\" content=\"simHERO\" \/>\n<meta property=\"article:publisher\" content=\"https:\/\/www.facebook.com\/freeewaysimhero\/\" \/>\n<meta property=\"article:modified_time\" content=\"2020-11-25T09:33:27+00:00\" \/>\n<meta property=\"og:image\" content=\"http:\/\/3.65.206.27\/wp-content\/uploads\/2020\/07\/no-limits.jpg\" \/>\n<meta name=\"twitter:card\" content=\"summary_large_image\" \/>\n<meta name=\"twitter:label1\" content=\"Tempo di lettura stimato\" \/>\n\t<meta name=\"twitter:data1\" content=\"2 minuti\" \/>\n<script type=\"application\/ld+json\" class=\"yoast-schema-graph\">{\"@context\":\"https:\/\/schema.org\",\"@graph\":[{\"@type\":\"WebPage\",\"@id\":\"https:\/\/simhero.com\/it\/business\/casi-di-utilizzo\/tracker-di-veicoli\/\",\"url\":\"https:\/\/simhero.com\/it\/business\/casi-di-utilizzo\/tracker-di-veicoli\/\",\"name\":\"Tracker di veicoli - simHERO\",\"isPartOf\":{\"@id\":\"https:\/\/simhero.com\/it\/#website\"},\"primaryImageOfPage\":{\"@id\":\"https:\/\/simhero.com\/it\/business\/casi-di-utilizzo\/tracker-di-veicoli\/#primaryimage\"},\"image\":{\"@id\":\"https:\/\/simhero.com\/it\/business\/casi-di-utilizzo\/tracker-di-veicoli\/#primaryimage\"},\"thumbnailUrl\":\"http:\/\/3.65.206.27\/wp-content\/uploads\/2020\/07\/no-limits.jpg\",\"datePublished\":\"2020-11-25T09:20:20+00:00\",\"dateModified\":\"2020-11-25T09:33:27+00:00\",\"breadcrumb\":{\"@id\":\"https:\/\/simhero.com\/it\/business\/casi-di-utilizzo\/tracker-di-veicoli\/#breadcrumb\"},\"inLanguage\":\"it-IT\",\"potentialAction\":[{\"@type\":\"ReadAction\",\"target\":[\"https:\/\/simhero.com\/it\/business\/casi-di-utilizzo\/tracker-di-veicoli\/\"]}]},{\"@type\":\"ImageObject\",\"inLanguage\":\"it-IT\",\"@id\":\"https:\/\/simhero.com\/it\/business\/casi-di-utilizzo\/tracker-di-veicoli\/#primaryimage\",\"url\":\"http:\/\/3.65.206.27\/wp-content\/uploads\/2020\/07\/no-limits.jpg\",\"contentUrl\":\"http:\/\/3.65.206.27\/wp-content\/uploads\/2020\/07\/no-limits.jpg\"},{\"@type\":\"BreadcrumbList\",\"@id\":\"https:\/\/simhero.com\/it\/business\/casi-di-utilizzo\/tracker-di-veicoli\/#breadcrumb\",\"itemListElement\":[{\"@type\":\"ListItem\",\"position\":1,\"name\":\"Home\",\"item\":\"http:\/\/simhero.com\/it\/\"},{\"@type\":\"ListItem\",\"position\":2,\"name\":\"Business\",\"item\":\"http:\/\/simhero.com\/it\/business\/\"},{\"@type\":\"ListItem\",\"position\":3,\"name\":\"Casi di utilizzo\",\"item\":\"https:\/\/simhero.com\/it\/business\/casi-di-utilizzo\/\"},{\"@type\":\"ListItem\",\"position\":4,\"name\":\"Tracker di veicoli\"}]},{\"@type\":\"WebSite\",\"@id\":\"https:\/\/simhero.com\/it\/#website\",\"url\":\"https:\/\/simhero.com\/it\/\",\"name\":\"simHERO\",\"description\":\"\",\"potentialAction\":[{\"@type\":\"SearchAction\",\"target\":{\"@type\":\"EntryPoint\",\"urlTemplate\":\"https:\/\/simhero.com\/it\/?s={search_term_string}\"},\"query-input\":{\"@type\":\"PropertyValueSpecification\",\"valueRequired\":true,\"valueName\":\"search_term_string\"}}],\"inLanguage\":\"it-IT\"}]}<\/script>\n<!-- \/ Yoast SEO plugin. -->","yoast_head_json":{"title":"Tracker di veicoli - simHERO","robots":{"index":"index","follow":"follow","max-snippet":"max-snippet:-1","max-image-preview":"max-image-preview:large","max-video-preview":"max-video-preview:-1"},"canonical":"https:\/\/simhero.com\/it\/business\/casi-di-utilizzo\/tracker-di-veicoli\/","og_locale":"it_IT","og_type":"article","og_title":"Tracker di veicoli - simHERO","og_description":"TRACKER DI VEICOLI simHERO SIM card IoT simHERO per tracker di veicoli Oggigiorno le persone tendono a sviluppare un forte legame emotivo con i loro veicoli. Pu\u00f2 trattarsi dell&#8217;amore nei confronti di un&#8217;auto appena comprata, di una nuova e-bike, o di uno scooter per il quale si sono spesi i propri risparmi. Ecco perch\u00e9 simHERO [&hellip;]","og_url":"https:\/\/simhero.com\/it\/business\/casi-di-utilizzo\/tracker-di-veicoli\/","og_site_name":"simHERO","article_publisher":"https:\/\/www.facebook.com\/freeewaysimhero\/","article_modified_time":"2020-11-25T09:33:27+00:00","og_image":[{"url":"http:\/\/3.65.206.27\/wp-content\/uploads\/2020\/07\/no-limits.jpg"}],"twitter_card":"summary_large_image","twitter_misc":{"Tempo di lettura stimato":"2 minuti"},"schema":{"@context":"https:\/\/schema.org","@graph":[{"@type":"WebPage","@id":"https:\/\/simhero.com\/it\/business\/casi-di-utilizzo\/tracker-di-veicoli\/","url":"https:\/\/simhero.com\/it\/business\/casi-di-utilizzo\/tracker-di-veicoli\/","name":"Tracker di veicoli - simHERO","isPartOf":{"@id":"https:\/\/simhero.com\/it\/#website"},"primaryImageOfPage":{"@id":"https:\/\/simhero.com\/it\/business\/casi-di-utilizzo\/tracker-di-veicoli\/#primaryimage"},"image":{"@id":"https:\/\/simhero.com\/it\/business\/casi-di-utilizzo\/tracker-di-veicoli\/#primaryimage"},"thumbnailUrl":"http:\/\/3.65.206.27\/wp-content\/uploads\/2020\/07\/no-limits.jpg","datePublished":"2020-11-25T09:20:20+00:00","dateModified":"2020-11-25T09:33:27+00:00","breadcrumb":{"@id":"https:\/\/simhero.com\/it\/business\/casi-di-utilizzo\/tracker-di-veicoli\/#breadcrumb"},"inLanguage":"it-IT","potentialAction":[{"@type":"ReadAction","target":["https:\/\/simhero.com\/it\/business\/casi-di-utilizzo\/tracker-di-veicoli\/"]}]},{"@type":"ImageObject","inLanguage":"it-IT","@id":"https:\/\/simhero.com\/it\/business\/casi-di-utilizzo\/tracker-di-veicoli\/#primaryimage","url":"http:\/\/3.65.206.27\/wp-content\/uploads\/2020\/07\/no-limits.jpg","contentUrl":"http:\/\/3.65.206.27\/wp-content\/uploads\/2020\/07\/no-limits.jpg"},{"@type":"BreadcrumbList","@id":"https:\/\/simhero.com\/it\/business\/casi-di-utilizzo\/tracker-di-veicoli\/#breadcrumb","itemListElement":[{"@type":"ListItem","position":1,"name":"Home","item":"http:\/\/simhero.com\/it\/"},{"@type":"ListItem","position":2,"name":"Business","item":"http:\/\/simhero.com\/it\/business\/"},{"@type":"ListItem","position":3,"name":"Casi di utilizzo","item":"https:\/\/simhero.com\/it\/business\/casi-di-utilizzo\/"},{"@type":"ListItem","position":4,"name":"Tracker di veicoli"}]},{"@type":"WebSite","@id":"https:\/\/simhero.com\/it\/#website","url":"https:\/\/simhero.com\/it\/","name":"simHERO","description":"","potentialAction":[{"@type":"SearchAction","target":{"@type":"EntryPoint","urlTemplate":"https:\/\/simhero.com\/it\/?s={search_term_string}"},"query-input":{"@type":"PropertyValueSpecification","valueRequired":true,"valueName":"search_term_string"}}],"inLanguage":"it-IT"}]}},"_links":{"self":[{"href":"https:\/\/simhero.com\/it\/wp-json\/wp\/v2\/pages\/3422"}],"collection":[{"href":"https:\/\/simhero.com\/it\/wp-json\/wp\/v2\/pages"}],"about":[{"href":"https:\/\/simhero.com\/it\/wp-json\/wp\/v2\/types\/page"}],"author":[{"embeddable":true,"href":"https:\/\/simhero.com\/it\/wp-json\/wp\/v2\/users\/2"}],"replies":[{"embeddable":true,"href":"https:\/\/simhero.com\/it\/wp-json\/wp\/v2\/comments?post=3422"}],"version-history":[{"count":4,"href":"https:\/\/simhero.com\/it\/wp-json\/wp\/v2\/pages\/3422\/revisions"}],"predecessor-version":[{"id":3455,"href":"https:\/\/simhero.com\/it\/wp-json\/wp\/v2\/pages\/3422\/revisions\/3455"}],"up":[{"embeddable":true,"href":"https:\/\/simhero.com\/it\/wp-json\/wp\/v2\/pages\/3387"}],"wp:attachment":[{"href":"https:\/\/simhero.com\/it\/wp-json\/wp\/v2\/media?parent=3422"}],"curies":[{"name":"wp","href":"https:\/\/api.w.org\/{rel}","templated":true}]}}