{"id":3409,"date":"2020-11-25T10:18:45","date_gmt":"2020-11-25T09:18:45","guid":{"rendered":"http:\/\/3.65.206.27\/?page_id=3409"},"modified":"2020-11-25T10:31:18","modified_gmt":"2020-11-25T09:31:18","slug":"sistemi-di-sicurezza","status":"publish","type":"page","link":"https:\/\/simhero.com\/it\/business\/casi-di-utilizzo\/sistemi-di-sicurezza\/","title":{"rendered":"sistemi di sicurezza"},"content":{"rendered":"\t\t<div data-elementor-type=\"wp-page\" data-elementor-id=\"3409\" class=\"elementor elementor-3409 elementor-453\" data-elementor-post-type=\"page\">\n\t\t\t\t\t\t<section class=\"elementor-section elementor-top-section elementor-element elementor-element-dab1f81 elementor-section-height-min-height elementor-section-boxed elementor-section-height-default elementor-section-items-middle\" data-id=\"dab1f81\" data-element_type=\"section\" data-settings=\"{&quot;background_background&quot;:&quot;classic&quot;}\">\n\t\t\t\t\t\t\t<div class=\"elementor-background-overlay\"><\/div>\n\t\t\t\t\t\t\t<div class=\"elementor-container elementor-column-gap-default\">\n\t\t\t\t\t<div class=\"elementor-column elementor-col-100 elementor-top-column elementor-element elementor-element-68f5cf91\" data-id=\"68f5cf91\" data-element_type=\"column\">\n\t\t\t<div class=\"elementor-widget-wrap elementor-element-populated\">\n\t\t\t\t\t\t<div class=\"elementor-element elementor-element-20d46104 elementor-widget elementor-widget-heading\" data-id=\"20d46104\" data-element_type=\"widget\" data-widget_type=\"heading.default\">\n\t\t\t\t<div class=\"elementor-widget-container\">\n\t\t\t<h1 class=\"elementor-heading-title elementor-size-default\">SISTEMI DI SICUREZZA simHERO\n<\/h1>\t\t<\/div>\n\t\t\t\t<\/div>\n\t\t\t\t\t<\/div>\n\t\t<\/div>\n\t\t\t\t\t<\/div>\n\t\t<\/section>\n\t\t\t\t<section class=\"elementor-section elementor-top-section elementor-element elementor-element-3e52cef2 elementor-section-boxed elementor-section-height-default elementor-section-height-default\" data-id=\"3e52cef2\" data-element_type=\"section\">\n\t\t\t\t\t\t<div class=\"elementor-container elementor-column-gap-default\">\n\t\t\t\t\t<div class=\"elementor-column elementor-col-100 elementor-top-column elementor-element elementor-element-369e315b\" data-id=\"369e315b\" data-element_type=\"column\">\n\t\t\t<div class=\"elementor-widget-wrap elementor-element-populated\">\n\t\t\t\t\t\t<div class=\"elementor-element elementor-element-70c1734 elementor-widget elementor-widget-heading\" data-id=\"70c1734\" data-element_type=\"widget\" data-widget_type=\"heading.default\">\n\t\t\t\t<div class=\"elementor-widget-container\">\n\t\t\t<h2 class=\"elementor-heading-title elementor-size-default\">SIM card IoT simHERO per sistemi di sicurezza<\/h2>\t\t<\/div>\n\t\t\t\t<\/div>\n\t\t\t\t<div class=\"elementor-element elementor-element-6ed3f09d elementor-widget elementor-widget-text-editor\" data-id=\"6ed3f09d\" data-element_type=\"widget\" data-widget_type=\"text-editor.default\">\n\t\t\t\t<div class=\"elementor-widget-container\">\n\t\t\t\t\t\t\t<p><span lang=\"it-IT\">In termini di sicurezza, la connettivit\u00e0 di simHERO IoT pu\u00f2 essere una risorsa preziosa per i consumatori. Poco importa se la SIM viene utilizzata come fonte primaria o come backup per il sistema di sicurezza cellulare, la nostra connettivit\u00e0 IoT multirete assicura che tutti gli elementi essenziali come unit\u00e0 di controllo, videocamera o smart lock rimangano connessi in caso di emergenza.<\/span><\/p>\t\t\t\t\t\t<\/div>\n\t\t\t\t<\/div>\n\t\t\t\t\t<\/div>\n\t\t<\/div>\n\t\t\t\t\t<\/div>\n\t\t<\/section>\n\t\t\t\t<section class=\"elementor-section elementor-top-section elementor-element elementor-element-7d13427 elementor-section-content-middle elementor-section-boxed elementor-section-height-default elementor-section-height-default\" data-id=\"7d13427\" data-element_type=\"section\">\n\t\t\t\t\t\t<div class=\"elementor-container elementor-column-gap-wider\">\n\t\t\t\t\t<div class=\"elementor-column elementor-col-50 elementor-top-column elementor-element elementor-element-198fe5e0\" data-id=\"198fe5e0\" data-element_type=\"column\">\n\t\t\t<div class=\"elementor-widget-wrap elementor-element-populated\">\n\t\t\t\t\t\t<div class=\"elementor-element elementor-element-27c75845 elementor-widget elementor-widget-image\" data-id=\"27c75845\" data-element_type=\"widget\" data-widget_type=\"image.default\">\n\t\t\t\t<div class=\"elementor-widget-container\">\n\t\t\t\t\t\t\t\t\t\t\t\t\t<img fetchpriority=\"high\" decoding=\"async\" width=\"800\" height=\"534\" src=\"https:\/\/simhero.com\/wp-content\/uploads\/2020\/07\/securitysystem.jpg\" class=\"attachment-large size-large wp-image-3413\" alt=\"\" srcset=\"https:\/\/simhero.com\/wp-content\/uploads\/2020\/07\/securitysystem.jpg 1000w, https:\/\/simhero.com\/wp-content\/uploads\/2020\/07\/securitysystem-300x200.jpg 300w, https:\/\/simhero.com\/wp-content\/uploads\/2020\/07\/securitysystem-768x512.jpg 768w\" sizes=\"(max-width: 800px) 100vw, 800px\" \/>\t\t\t\t\t\t\t\t\t\t\t\t\t<\/div>\n\t\t\t\t<\/div>\n\t\t\t\t\t<\/div>\n\t\t<\/div>\n\t\t\t\t<div class=\"elementor-column elementor-col-50 elementor-top-column elementor-element elementor-element-63167b8c\" data-id=\"63167b8c\" data-element_type=\"column\">\n\t\t\t<div class=\"elementor-widget-wrap elementor-element-populated\">\n\t\t\t\t\t\t<div class=\"elementor-element elementor-element-498e4cd3 elementor-widget elementor-widget-heading\" data-id=\"498e4cd3\" data-element_type=\"widget\" data-widget_type=\"heading.default\">\n\t\t\t\t<div class=\"elementor-widget-container\">\n\t\t\t<h3 class=\"elementor-heading-title elementor-size-default\">Stai connesso<\/h3>\t\t<\/div>\n\t\t\t\t<\/div>\n\t\t\t\t<div class=\"elementor-element elementor-element-1d871dbe elementor-widget elementor-widget-heading\" data-id=\"1d871dbe\" data-element_type=\"widget\" data-widget_type=\"heading.default\">\n\t\t\t\t<div class=\"elementor-widget-container\">\n\t\t\t<h2 class=\"elementor-heading-title elementor-size-default\">Qui manca il segnale\n<\/h2>\t\t<\/div>\n\t\t\t\t<\/div>\n\t\t\t\t<div class=\"elementor-element elementor-element-20e5efd3 elementor-widget elementor-widget-text-editor\" data-id=\"20e5efd3\" data-element_type=\"widget\" data-widget_type=\"text-editor.default\">\n\t\t\t\t<div class=\"elementor-widget-container\">\n\t\t\t\t\t\t\t<p><span lang=\"it-IT\">Un sistema di sicurezza cellulare \u00e8 valido solo finch\u00e9 il sistema \u00e8 collegato. Fornendo l\u2019accesso a pi\u00f9 reti, la SIM card IoT di simHERO garantisce che il tuo sistema di sicurezza sia sempre connesso &#8211; anche se una rete si interrompe. Se si verifica questo tipo di guasto, la SIM card di simHERO si connette automaticamente alla prossima rete disponibile.<\/span><\/p>\t\t\t\t\t\t<\/div>\n\t\t\t\t<\/div>\n\t\t\t\t\t<\/div>\n\t\t<\/div>\n\t\t\t\t\t<\/div>\n\t\t<\/section>\n\t\t\t\t<section class=\"elementor-section elementor-top-section elementor-element elementor-element-1232dd50 elementor-section-content-middle elementor-reverse-mobile elementor-section-boxed elementor-section-height-default elementor-section-height-default\" data-id=\"1232dd50\" data-element_type=\"section\">\n\t\t\t\t\t\t<div class=\"elementor-container elementor-column-gap-wider\">\n\t\t\t\t\t<div class=\"elementor-column elementor-col-50 elementor-top-column elementor-element elementor-element-46c43159\" data-id=\"46c43159\" data-element_type=\"column\">\n\t\t\t<div class=\"elementor-widget-wrap elementor-element-populated\">\n\t\t\t\t\t\t<div class=\"elementor-element elementor-element-290bc531 elementor-widget elementor-widget-heading\" data-id=\"290bc531\" data-element_type=\"widget\" data-widget_type=\"heading.default\">\n\t\t\t\t<div class=\"elementor-widget-container\">\n\t\t\t<h3 class=\"elementor-heading-title elementor-size-default\">Non serve WIFI<\/h3>\t\t<\/div>\n\t\t\t\t<\/div>\n\t\t\t\t<div class=\"elementor-element elementor-element-76b703f2 elementor-widget elementor-widget-heading\" data-id=\"76b703f2\" data-element_type=\"widget\" data-widget_type=\"heading.default\">\n\t\t\t\t<div class=\"elementor-widget-container\">\n\t\t\t<h2 class=\"elementor-heading-title elementor-size-default\">Ora manca la corrente<\/h2>\t\t<\/div>\n\t\t\t\t<\/div>\n\t\t\t\t<div class=\"elementor-element elementor-element-6a3509a4 elementor-widget elementor-widget-text-editor\" data-id=\"6a3509a4\" data-element_type=\"widget\" data-widget_type=\"text-editor.default\">\n\t\t\t\t<div class=\"elementor-widget-container\">\n\t\t\t\t\t\t\t<p><span lang=\"it-IT\">I sistemi di sicurezza wireless si collegano tramite WIFI o SIM card. In combinazione con la multirete disponibile, simHERO non offre solo una maggiore copertura, ma riduce anche il rischio di perdita della connettivit\u00e0 a causa di interruzioni di corrente. In modo analogo, beni come case o imbarcazioni possono essere messi in sicurezza in modo professionale senza necessit\u00e0 di cablaggio o di connessione WIFI.<\/span><\/p>\t\t\t\t\t\t<\/div>\n\t\t\t\t<\/div>\n\t\t\t\t\t<\/div>\n\t\t<\/div>\n\t\t\t\t<div class=\"elementor-column elementor-col-50 elementor-top-column elementor-element elementor-element-6578f015\" data-id=\"6578f015\" data-element_type=\"column\">\n\t\t\t<div class=\"elementor-widget-wrap elementor-element-populated\">\n\t\t\t\t\t\t<div class=\"elementor-element elementor-element-6b8fed33 elementor-widget elementor-widget-image\" data-id=\"6b8fed33\" data-element_type=\"widget\" data-widget_type=\"image.default\">\n\t\t\t\t<div class=\"elementor-widget-container\">\n\t\t\t\t\t\t\t\t\t\t\t\t\t<img decoding=\"async\" width=\"800\" height=\"534\" src=\"https:\/\/simhero.com\/wp-content\/uploads\/2020\/07\/no-power.jpg\" class=\"attachment-large size-large wp-image-3414\" alt=\"\" srcset=\"https:\/\/simhero.com\/wp-content\/uploads\/2020\/07\/no-power.jpg 1000w, https:\/\/simhero.com\/wp-content\/uploads\/2020\/07\/no-power-300x200.jpg 300w, https:\/\/simhero.com\/wp-content\/uploads\/2020\/07\/no-power-768x512.jpg 768w\" sizes=\"(max-width: 800px) 100vw, 800px\" \/>\t\t\t\t\t\t\t\t\t\t\t\t\t<\/div>\n\t\t\t\t<\/div>\n\t\t\t\t\t<\/div>\n\t\t<\/div>\n\t\t\t\t\t<\/div>\n\t\t<\/section>\n\t\t\t\t<section class=\"elementor-section elementor-top-section elementor-element elementor-element-25224a86 elementor-section-content-middle elementor-section-boxed elementor-section-height-default elementor-section-height-default\" data-id=\"25224a86\" data-element_type=\"section\">\n\t\t\t\t\t\t<div class=\"elementor-container elementor-column-gap-wider\">\n\t\t\t\t\t<div class=\"elementor-column elementor-col-50 elementor-top-column elementor-element elementor-element-4db8b563\" data-id=\"4db8b563\" data-element_type=\"column\">\n\t\t\t<div class=\"elementor-widget-wrap elementor-element-populated\">\n\t\t\t\t\t\t<div class=\"elementor-element elementor-element-4d571e57 elementor-widget elementor-widget-image\" data-id=\"4d571e57\" data-element_type=\"widget\" data-widget_type=\"image.default\">\n\t\t\t\t<div class=\"elementor-widget-container\">\n\t\t\t\t\t\t\t\t\t\t\t\t\t<img decoding=\"async\" width=\"640\" height=\"426\" src=\"https:\/\/simhero.com\/wp-content\/uploads\/2020\/06\/infinity.jpg\" class=\"attachment-large size-large wp-image-3411\" alt=\"\" srcset=\"https:\/\/simhero.com\/wp-content\/uploads\/2020\/06\/infinity.jpg 640w, https:\/\/simhero.com\/wp-content\/uploads\/2020\/06\/infinity-300x200.jpg 300w\" sizes=\"(max-width: 640px) 100vw, 640px\" \/>\t\t\t\t\t\t\t\t\t\t\t\t\t<\/div>\n\t\t\t\t<\/div>\n\t\t\t\t\t<\/div>\n\t\t<\/div>\n\t\t\t\t<div class=\"elementor-column elementor-col-50 elementor-top-column elementor-element elementor-element-ee7aa23\" data-id=\"ee7aa23\" data-element_type=\"column\">\n\t\t\t<div class=\"elementor-widget-wrap elementor-element-populated\">\n\t\t\t\t\t\t<div class=\"elementor-element elementor-element-40dd4042 elementor-widget elementor-widget-heading\" data-id=\"40dd4042\" data-element_type=\"widget\" data-widget_type=\"heading.default\">\n\t\t\t\t<div class=\"elementor-widget-container\">\n\t\t\t<h3 class=\"elementor-heading-title elementor-size-default\">Modello PREPAGATO<\/h3>\t\t<\/div>\n\t\t\t\t<\/div>\n\t\t\t\t<div class=\"elementor-element elementor-element-3c8d0493 elementor-widget elementor-widget-heading\" data-id=\"3c8d0493\" data-element_type=\"widget\" data-widget_type=\"heading.default\">\n\t\t\t\t<div class=\"elementor-widget-container\">\n\t\t\t<h2 class=\"elementor-heading-title elementor-size-default\">Verso l\u2019infinito e oltre\n<\/h2>\t\t<\/div>\n\t\t\t\t<\/div>\n\t\t\t\t<div class=\"elementor-element elementor-element-7c0602f8 elementor-widget elementor-widget-text-editor\" data-id=\"7c0602f8\" data-element_type=\"widget\" data-widget_type=\"text-editor.default\">\n\t\t\t\t<div class=\"elementor-widget-container\">\n\t\t\t\t\t\t\t<p><span lang=\"it-IT\">Per far s\u00ec che il sistema di sicurezza funzioni il pi\u00f9 a lungo possibile, simHERO ha sviluppato un modello PREPAGATO con il quale gli utenti finali possono acquistare un certo credito. Questo credito non ha scadenza e garantisce che il sistema non resti senza collegamento per mancanza di credito. Per questa eventualit\u00e0 vengono attivate notifiche via email non appena si raggiunge una certa soglia. Non badare a queste piccole cose &#8211; ci assicuriamo noi che tu possa occupartene al momento giusto.<\/span><\/p>\t\t\t\t\t\t<\/div>\n\t\t\t\t<\/div>\n\t\t\t\t\t<\/div>\n\t\t<\/div>\n\t\t\t\t\t<\/div>\n\t\t<\/section>\n\t\t\t\t<\/div>\n\t\t","protected":false},"excerpt":{"rendered":"<p>SISTEMI DI SICUREZZA simHERO SIM card IoT simHERO per sistemi di sicurezza In termini di sicurezza, la connettivit\u00e0 di simHERO IoT pu\u00f2 essere una risorsa preziosa per i consumatori. Poco importa se la SIM viene utilizzata come fonte primaria o come backup per il sistema di sicurezza cellulare, la nostra connettivit\u00e0 IoT multirete assicura che [&hellip;]<\/p>\n","protected":false},"author":2,"featured_media":0,"parent":3387,"menu_order":0,"comment_status":"closed","ping_status":"closed","template":"elementor_header_footer","meta":{"footnotes":""},"yoast_head":"<!-- This site is optimized with the Yoast SEO plugin v23.4 - https:\/\/yoast.com\/wordpress\/plugins\/seo\/ -->\n<title>sistemi di sicurezza - simHERO<\/title>\n<meta name=\"robots\" content=\"index, follow, max-snippet:-1, max-image-preview:large, max-video-preview:-1\" \/>\n<link rel=\"canonical\" href=\"https:\/\/simhero.com\/it\/business\/casi-di-utilizzo\/sistemi-di-sicurezza\/\" \/>\n<meta property=\"og:locale\" content=\"it_IT\" \/>\n<meta property=\"og:type\" content=\"article\" \/>\n<meta property=\"og:title\" content=\"sistemi di sicurezza - simHERO\" \/>\n<meta property=\"og:description\" content=\"SISTEMI DI SICUREZZA simHERO SIM card IoT simHERO per sistemi di sicurezza In termini di sicurezza, la connettivit\u00e0 di simHERO IoT pu\u00f2 essere una risorsa preziosa per i consumatori. Poco importa se la SIM viene utilizzata come fonte primaria o come backup per il sistema di sicurezza cellulare, la nostra connettivit\u00e0 IoT multirete assicura che [&hellip;]\" \/>\n<meta property=\"og:url\" content=\"https:\/\/simhero.com\/it\/business\/casi-di-utilizzo\/sistemi-di-sicurezza\/\" \/>\n<meta property=\"og:site_name\" content=\"simHERO\" \/>\n<meta property=\"article:publisher\" content=\"https:\/\/www.facebook.com\/freeewaysimhero\/\" \/>\n<meta property=\"article:modified_time\" content=\"2020-11-25T09:31:18+00:00\" \/>\n<meta property=\"og:image\" content=\"http:\/\/3.65.206.27\/wp-content\/uploads\/2020\/07\/securitysystem.jpg\" \/>\n<meta name=\"twitter:card\" content=\"summary_large_image\" \/>\n<meta name=\"twitter:label1\" content=\"Tempo di lettura stimato\" \/>\n\t<meta name=\"twitter:data1\" content=\"1 minuto\" \/>\n<script type=\"application\/ld+json\" class=\"yoast-schema-graph\">{\"@context\":\"https:\/\/schema.org\",\"@graph\":[{\"@type\":\"WebPage\",\"@id\":\"https:\/\/simhero.com\/it\/business\/casi-di-utilizzo\/sistemi-di-sicurezza\/\",\"url\":\"https:\/\/simhero.com\/it\/business\/casi-di-utilizzo\/sistemi-di-sicurezza\/\",\"name\":\"sistemi di sicurezza - simHERO\",\"isPartOf\":{\"@id\":\"https:\/\/simhero.com\/it\/#website\"},\"primaryImageOfPage\":{\"@id\":\"https:\/\/simhero.com\/it\/business\/casi-di-utilizzo\/sistemi-di-sicurezza\/#primaryimage\"},\"image\":{\"@id\":\"https:\/\/simhero.com\/it\/business\/casi-di-utilizzo\/sistemi-di-sicurezza\/#primaryimage\"},\"thumbnailUrl\":\"http:\/\/3.65.206.27\/wp-content\/uploads\/2020\/07\/securitysystem.jpg\",\"datePublished\":\"2020-11-25T09:18:45+00:00\",\"dateModified\":\"2020-11-25T09:31:18+00:00\",\"breadcrumb\":{\"@id\":\"https:\/\/simhero.com\/it\/business\/casi-di-utilizzo\/sistemi-di-sicurezza\/#breadcrumb\"},\"inLanguage\":\"it-IT\",\"potentialAction\":[{\"@type\":\"ReadAction\",\"target\":[\"https:\/\/simhero.com\/it\/business\/casi-di-utilizzo\/sistemi-di-sicurezza\/\"]}]},{\"@type\":\"ImageObject\",\"inLanguage\":\"it-IT\",\"@id\":\"https:\/\/simhero.com\/it\/business\/casi-di-utilizzo\/sistemi-di-sicurezza\/#primaryimage\",\"url\":\"http:\/\/3.65.206.27\/wp-content\/uploads\/2020\/07\/securitysystem.jpg\",\"contentUrl\":\"http:\/\/3.65.206.27\/wp-content\/uploads\/2020\/07\/securitysystem.jpg\"},{\"@type\":\"BreadcrumbList\",\"@id\":\"https:\/\/simhero.com\/it\/business\/casi-di-utilizzo\/sistemi-di-sicurezza\/#breadcrumb\",\"itemListElement\":[{\"@type\":\"ListItem\",\"position\":1,\"name\":\"Home\",\"item\":\"http:\/\/simhero.com\/it\/\"},{\"@type\":\"ListItem\",\"position\":2,\"name\":\"Business\",\"item\":\"http:\/\/simhero.com\/it\/business\/\"},{\"@type\":\"ListItem\",\"position\":3,\"name\":\"Casi di utilizzo\",\"item\":\"https:\/\/simhero.com\/it\/business\/casi-di-utilizzo\/\"},{\"@type\":\"ListItem\",\"position\":4,\"name\":\"sistemi di sicurezza\"}]},{\"@type\":\"WebSite\",\"@id\":\"https:\/\/simhero.com\/it\/#website\",\"url\":\"https:\/\/simhero.com\/it\/\",\"name\":\"simHERO\",\"description\":\"\",\"potentialAction\":[{\"@type\":\"SearchAction\",\"target\":{\"@type\":\"EntryPoint\",\"urlTemplate\":\"https:\/\/simhero.com\/it\/?s={search_term_string}\"},\"query-input\":{\"@type\":\"PropertyValueSpecification\",\"valueRequired\":true,\"valueName\":\"search_term_string\"}}],\"inLanguage\":\"it-IT\"}]}<\/script>\n<!-- \/ Yoast SEO plugin. -->","yoast_head_json":{"title":"sistemi di sicurezza - simHERO","robots":{"index":"index","follow":"follow","max-snippet":"max-snippet:-1","max-image-preview":"max-image-preview:large","max-video-preview":"max-video-preview:-1"},"canonical":"https:\/\/simhero.com\/it\/business\/casi-di-utilizzo\/sistemi-di-sicurezza\/","og_locale":"it_IT","og_type":"article","og_title":"sistemi di sicurezza - simHERO","og_description":"SISTEMI DI SICUREZZA simHERO SIM card IoT simHERO per sistemi di sicurezza In termini di sicurezza, la connettivit\u00e0 di simHERO IoT pu\u00f2 essere una risorsa preziosa per i consumatori. Poco importa se la SIM viene utilizzata come fonte primaria o come backup per il sistema di sicurezza cellulare, la nostra connettivit\u00e0 IoT multirete assicura che [&hellip;]","og_url":"https:\/\/simhero.com\/it\/business\/casi-di-utilizzo\/sistemi-di-sicurezza\/","og_site_name":"simHERO","article_publisher":"https:\/\/www.facebook.com\/freeewaysimhero\/","article_modified_time":"2020-11-25T09:31:18+00:00","og_image":[{"url":"http:\/\/3.65.206.27\/wp-content\/uploads\/2020\/07\/securitysystem.jpg"}],"twitter_card":"summary_large_image","twitter_misc":{"Tempo di lettura stimato":"1 minuto"},"schema":{"@context":"https:\/\/schema.org","@graph":[{"@type":"WebPage","@id":"https:\/\/simhero.com\/it\/business\/casi-di-utilizzo\/sistemi-di-sicurezza\/","url":"https:\/\/simhero.com\/it\/business\/casi-di-utilizzo\/sistemi-di-sicurezza\/","name":"sistemi di sicurezza - simHERO","isPartOf":{"@id":"https:\/\/simhero.com\/it\/#website"},"primaryImageOfPage":{"@id":"https:\/\/simhero.com\/it\/business\/casi-di-utilizzo\/sistemi-di-sicurezza\/#primaryimage"},"image":{"@id":"https:\/\/simhero.com\/it\/business\/casi-di-utilizzo\/sistemi-di-sicurezza\/#primaryimage"},"thumbnailUrl":"http:\/\/3.65.206.27\/wp-content\/uploads\/2020\/07\/securitysystem.jpg","datePublished":"2020-11-25T09:18:45+00:00","dateModified":"2020-11-25T09:31:18+00:00","breadcrumb":{"@id":"https:\/\/simhero.com\/it\/business\/casi-di-utilizzo\/sistemi-di-sicurezza\/#breadcrumb"},"inLanguage":"it-IT","potentialAction":[{"@type":"ReadAction","target":["https:\/\/simhero.com\/it\/business\/casi-di-utilizzo\/sistemi-di-sicurezza\/"]}]},{"@type":"ImageObject","inLanguage":"it-IT","@id":"https:\/\/simhero.com\/it\/business\/casi-di-utilizzo\/sistemi-di-sicurezza\/#primaryimage","url":"http:\/\/3.65.206.27\/wp-content\/uploads\/2020\/07\/securitysystem.jpg","contentUrl":"http:\/\/3.65.206.27\/wp-content\/uploads\/2020\/07\/securitysystem.jpg"},{"@type":"BreadcrumbList","@id":"https:\/\/simhero.com\/it\/business\/casi-di-utilizzo\/sistemi-di-sicurezza\/#breadcrumb","itemListElement":[{"@type":"ListItem","position":1,"name":"Home","item":"http:\/\/simhero.com\/it\/"},{"@type":"ListItem","position":2,"name":"Business","item":"http:\/\/simhero.com\/it\/business\/"},{"@type":"ListItem","position":3,"name":"Casi di utilizzo","item":"https:\/\/simhero.com\/it\/business\/casi-di-utilizzo\/"},{"@type":"ListItem","position":4,"name":"sistemi di sicurezza"}]},{"@type":"WebSite","@id":"https:\/\/simhero.com\/it\/#website","url":"https:\/\/simhero.com\/it\/","name":"simHERO","description":"","potentialAction":[{"@type":"SearchAction","target":{"@type":"EntryPoint","urlTemplate":"https:\/\/simhero.com\/it\/?s={search_term_string}"},"query-input":{"@type":"PropertyValueSpecification","valueRequired":true,"valueName":"search_term_string"}}],"inLanguage":"it-IT"}]}},"_links":{"self":[{"href":"https:\/\/simhero.com\/it\/wp-json\/wp\/v2\/pages\/3409"}],"collection":[{"href":"https:\/\/simhero.com\/it\/wp-json\/wp\/v2\/pages"}],"about":[{"href":"https:\/\/simhero.com\/it\/wp-json\/wp\/v2\/types\/page"}],"author":[{"embeddable":true,"href":"https:\/\/simhero.com\/it\/wp-json\/wp\/v2\/users\/2"}],"replies":[{"embeddable":true,"href":"https:\/\/simhero.com\/it\/wp-json\/wp\/v2\/comments?post=3409"}],"version-history":[{"count":4,"href":"https:\/\/simhero.com\/it\/wp-json\/wp\/v2\/pages\/3409\/revisions"}],"predecessor-version":[{"id":3449,"href":"https:\/\/simhero.com\/it\/wp-json\/wp\/v2\/pages\/3409\/revisions\/3449"}],"up":[{"embeddable":true,"href":"https:\/\/simhero.com\/it\/wp-json\/wp\/v2\/pages\/3387"}],"wp:attachment":[{"href":"https:\/\/simhero.com\/it\/wp-json\/wp\/v2\/media?parent=3409"}],"curies":[{"name":"wp","href":"https:\/\/api.w.org\/{rel}","templated":true}]}}