{"id":3399,"date":"2020-11-25T10:18:06","date_gmt":"2020-11-25T09:18:06","guid":{"rendered":"http:\/\/3.65.206.27\/?page_id=3399"},"modified":"2020-11-25T10:30:15","modified_gmt":"2020-11-25T09:30:15","slug":"trail-camera","status":"publish","type":"page","link":"https:\/\/simhero.com\/it\/business\/casi-di-utilizzo\/trail-camera\/","title":{"rendered":"trail camera"},"content":{"rendered":"\t\t<div data-elementor-type=\"wp-page\" data-elementor-id=\"3399\" class=\"elementor elementor-3399 elementor-451\" data-elementor-post-type=\"page\">\n\t\t\t\t\t\t<section class=\"elementor-section elementor-top-section elementor-element elementor-element-41b9f146 elementor-section-height-min-height elementor-section-boxed elementor-section-height-default elementor-section-items-middle\" data-id=\"41b9f146\" data-element_type=\"section\" data-settings=\"{&quot;background_background&quot;:&quot;classic&quot;}\">\n\t\t\t\t\t\t\t<div class=\"elementor-background-overlay\"><\/div>\n\t\t\t\t\t\t\t<div class=\"elementor-container elementor-column-gap-default\">\n\t\t\t\t\t<div class=\"elementor-column elementor-col-100 elementor-top-column elementor-element elementor-element-14318ce8\" data-id=\"14318ce8\" data-element_type=\"column\">\n\t\t\t<div class=\"elementor-widget-wrap elementor-element-populated\">\n\t\t\t\t\t\t<div class=\"elementor-element elementor-element-18631cbe elementor-widget elementor-widget-heading\" data-id=\"18631cbe\" data-element_type=\"widget\" data-widget_type=\"heading.default\">\n\t\t\t\t<div class=\"elementor-widget-container\">\n\t\t\t<h1 class=\"elementor-heading-title elementor-size-default\">TRAIL CAMERA simHERO<\/h1>\t\t<\/div>\n\t\t\t\t<\/div>\n\t\t\t\t\t<\/div>\n\t\t<\/div>\n\t\t\t\t\t<\/div>\n\t\t<\/section>\n\t\t\t\t<section class=\"elementor-section elementor-top-section elementor-element elementor-element-3cb67a0b elementor-section-boxed elementor-section-height-default elementor-section-height-default\" data-id=\"3cb67a0b\" data-element_type=\"section\">\n\t\t\t\t\t\t<div class=\"elementor-container elementor-column-gap-default\">\n\t\t\t\t\t<div class=\"elementor-column elementor-col-100 elementor-top-column elementor-element elementor-element-2da55eed\" data-id=\"2da55eed\" data-element_type=\"column\">\n\t\t\t<div class=\"elementor-widget-wrap elementor-element-populated\">\n\t\t\t\t\t\t<div class=\"elementor-element elementor-element-397e5b11 elementor-widget elementor-widget-heading\" data-id=\"397e5b11\" data-element_type=\"widget\" data-widget_type=\"heading.default\">\n\t\t\t\t<div class=\"elementor-widget-container\">\n\t\t\t<h2 class=\"elementor-heading-title elementor-size-default\">SIM card IoT simHERO per trail camera\n\n<\/h2>\t\t<\/div>\n\t\t\t\t<\/div>\n\t\t\t\t<div class=\"elementor-element elementor-element-265a9c42 elementor-widget elementor-widget-text-editor\" data-id=\"265a9c42\" data-element_type=\"widget\" data-widget_type=\"text-editor.default\">\n\t\t\t\t<div class=\"elementor-widget-container\">\n\t\t\t\t\t\t\t<p><span lang=\"it-IT\">La SIM card IoT di simHERO ha avuto un notevole impatto nel settore delle trail camera ed \u00e8 una delle SIM card preferite per le trail camera in tutto il Globo. Ecco alcuni dei motivi per cui i cacciatori si fidano di simHERO:<\/span><\/p>\t\t\t\t\t\t<\/div>\n\t\t\t\t<\/div>\n\t\t\t\t\t<\/div>\n\t\t<\/div>\n\t\t\t\t\t<\/div>\n\t\t<\/section>\n\t\t\t\t<section class=\"elementor-section elementor-top-section elementor-element elementor-element-5e26cced elementor-section-content-middle elementor-section-boxed elementor-section-height-default elementor-section-height-default\" data-id=\"5e26cced\" data-element_type=\"section\">\n\t\t\t\t\t\t<div class=\"elementor-container elementor-column-gap-wider\">\n\t\t\t\t\t<div class=\"elementor-column elementor-col-50 elementor-top-column elementor-element elementor-element-2a794723\" data-id=\"2a794723\" data-element_type=\"column\">\n\t\t\t<div class=\"elementor-widget-wrap elementor-element-populated\">\n\t\t\t\t\t\t<div class=\"elementor-element elementor-element-24e4613e elementor-widget elementor-widget-image\" data-id=\"24e4613e\" data-element_type=\"widget\" data-widget_type=\"image.default\">\n\t\t\t\t<div class=\"elementor-widget-container\">\n\t\t\t\t\t\t\t\t\t\t\t\t\t<img fetchpriority=\"high\" decoding=\"async\" width=\"800\" height=\"534\" src=\"https:\/\/simhero.com\/wp-content\/uploads\/2020\/07\/trail-camera-stay-on-track.jpg\" class=\"attachment-large size-large wp-image-3404\" alt=\"\" srcset=\"https:\/\/simhero.com\/wp-content\/uploads\/2020\/07\/trail-camera-stay-on-track.jpg 1000w, https:\/\/simhero.com\/wp-content\/uploads\/2020\/07\/trail-camera-stay-on-track-300x200.jpg 300w, https:\/\/simhero.com\/wp-content\/uploads\/2020\/07\/trail-camera-stay-on-track-768x512.jpg 768w\" sizes=\"(max-width: 800px) 100vw, 800px\" \/>\t\t\t\t\t\t\t\t\t\t\t\t\t<\/div>\n\t\t\t\t<\/div>\n\t\t\t\t\t<\/div>\n\t\t<\/div>\n\t\t\t\t<div class=\"elementor-column elementor-col-50 elementor-top-column elementor-element elementor-element-43792bc5\" data-id=\"43792bc5\" data-element_type=\"column\">\n\t\t\t<div class=\"elementor-widget-wrap elementor-element-populated\">\n\t\t\t\t\t\t<div class=\"elementor-element elementor-element-2497aa65 elementor-widget elementor-widget-heading\" data-id=\"2497aa65\" data-element_type=\"widget\" data-widget_type=\"heading.default\">\n\t\t\t\t<div class=\"elementor-widget-container\">\n\t\t\t<h3 class=\"elementor-heading-title elementor-size-default\">Resta in pista<\/h3>\t\t<\/div>\n\t\t\t\t<\/div>\n\t\t\t\t<div class=\"elementor-element elementor-element-529faa81 elementor-widget elementor-widget-heading\" data-id=\"529faa81\" data-element_type=\"widget\" data-widget_type=\"heading.default\">\n\t\t\t\t<div class=\"elementor-widget-container\">\n\t\t\t<h2 class=\"elementor-heading-title elementor-size-default\">Mai senza segnale\n<\/h2>\t\t<\/div>\n\t\t\t\t<\/div>\n\t\t\t\t<div class=\"elementor-element elementor-element-2b2b2116 elementor-widget elementor-widget-text-editor\" data-id=\"2b2b2116\" data-element_type=\"widget\" data-widget_type=\"text-editor.default\">\n\t\t\t\t<div class=\"elementor-widget-container\">\n\t\t\t\t\t\t\t<p><span lang=\"it-IT\">La SIM card IoT di simHERO \u00e8 generalmente caratterizzata dalla possibilit\u00e0 di connettersi alla rete pi\u00f9 forte disponibile che passa alla rete disponibile successiva una volta che il segnale di rete precedente viene perso. Soprattutto nelle aree forestali dove i segnali di rete non sono stabili, simHERO \u00e8 in grado di mantenere collegata la videocamera per tenere d&#8217;occhio ogni movimento nella zona.<\/span><\/p>\t\t\t\t\t\t<\/div>\n\t\t\t\t<\/div>\n\t\t\t\t\t<\/div>\n\t\t<\/div>\n\t\t\t\t\t<\/div>\n\t\t<\/section>\n\t\t\t\t<section class=\"elementor-section elementor-top-section elementor-element elementor-element-7d970536 elementor-section-content-middle elementor-reverse-mobile elementor-section-boxed elementor-section-height-default elementor-section-height-default\" data-id=\"7d970536\" data-element_type=\"section\">\n\t\t\t\t\t\t<div class=\"elementor-container elementor-column-gap-wider\">\n\t\t\t\t\t<div class=\"elementor-column elementor-col-50 elementor-top-column elementor-element elementor-element-5ac64a11\" data-id=\"5ac64a11\" data-element_type=\"column\">\n\t\t\t<div class=\"elementor-widget-wrap elementor-element-populated\">\n\t\t\t\t\t\t<div class=\"elementor-element elementor-element-30f4b7bc elementor-widget elementor-widget-heading\" data-id=\"30f4b7bc\" data-element_type=\"widget\" data-widget_type=\"heading.default\">\n\t\t\t\t<div class=\"elementor-widget-container\">\n\t\t\t<h3 class=\"elementor-heading-title elementor-size-default\">Senza limiti\n\n\n\n<\/h3>\t\t<\/div>\n\t\t\t\t<\/div>\n\t\t\t\t<div class=\"elementor-element elementor-element-2fc30350 elementor-widget elementor-widget-heading\" data-id=\"2fc30350\" data-element_type=\"widget\" data-widget_type=\"heading.default\">\n\t\t\t\t<div class=\"elementor-widget-container\">\n\t\t\t<h2 class=\"elementor-heading-title elementor-size-default\">Il limite \u00e8 il cielo \u2013 non un confine nazionale<\/h2>\t\t<\/div>\n\t\t\t\t<\/div>\n\t\t\t\t<div class=\"elementor-element elementor-element-2453daa elementor-widget elementor-widget-text-editor\" data-id=\"2453daa\" data-element_type=\"widget\" data-widget_type=\"text-editor.default\">\n\t\t\t\t<div class=\"elementor-widget-container\">\n\t\t\t\t\t\t\t<p><span lang=\"it-IT\">Allo stesso modo, la nostra SIM card IoT globale \u00e8 stata progettata per funzionare anche in aree vicine ai confini nazionali. La connettivit\u00e0 IoT di simHERO non comprende solo una rete nazionale in un Paese specifico, ma copre intere regioni geografiche e zone.<\/span><\/p><p><span lang=\"it-IT\">Per la SIM card di simHERO la posizione della fotocamera non ha importanza &#8211; si connette semplicemente al segnale pi\u00f9 forte.<\/span><\/p>\t\t\t\t\t\t<\/div>\n\t\t\t\t<\/div>\n\t\t\t\t\t<\/div>\n\t\t<\/div>\n\t\t\t\t<div class=\"elementor-column elementor-col-50 elementor-top-column elementor-element elementor-element-1ab50a5b\" data-id=\"1ab50a5b\" data-element_type=\"column\">\n\t\t\t<div class=\"elementor-widget-wrap elementor-element-populated\">\n\t\t\t\t\t\t<div class=\"elementor-element elementor-element-721d5c8f elementor-widget elementor-widget-image\" data-id=\"721d5c8f\" data-element_type=\"widget\" data-widget_type=\"image.default\">\n\t\t\t\t<div class=\"elementor-widget-container\">\n\t\t\t\t\t\t\t\t\t\t\t\t\t<img decoding=\"async\" width=\"800\" height=\"534\" src=\"https:\/\/simhero.com\/wp-content\/uploads\/2020\/07\/trail-camera-sky-is-the-limit.jpg\" class=\"attachment-large size-large wp-image-3405\" alt=\"\" srcset=\"https:\/\/simhero.com\/wp-content\/uploads\/2020\/07\/trail-camera-sky-is-the-limit.jpg 1000w, https:\/\/simhero.com\/wp-content\/uploads\/2020\/07\/trail-camera-sky-is-the-limit-300x200.jpg 300w, https:\/\/simhero.com\/wp-content\/uploads\/2020\/07\/trail-camera-sky-is-the-limit-768x512.jpg 768w\" sizes=\"(max-width: 800px) 100vw, 800px\" \/>\t\t\t\t\t\t\t\t\t\t\t\t\t<\/div>\n\t\t\t\t<\/div>\n\t\t\t\t\t<\/div>\n\t\t<\/div>\n\t\t\t\t\t<\/div>\n\t\t<\/section>\n\t\t\t\t<section class=\"elementor-section elementor-top-section elementor-element elementor-element-5e17c8e2 elementor-section-content-middle elementor-section-boxed elementor-section-height-default elementor-section-height-default\" data-id=\"5e17c8e2\" data-element_type=\"section\">\n\t\t\t\t\t\t<div class=\"elementor-container elementor-column-gap-wider\">\n\t\t\t\t\t<div class=\"elementor-column elementor-col-50 elementor-top-column elementor-element elementor-element-c9bbc7a\" data-id=\"c9bbc7a\" data-element_type=\"column\">\n\t\t\t<div class=\"elementor-widget-wrap elementor-element-populated\">\n\t\t\t\t\t\t<div class=\"elementor-element elementor-element-5dbfdee1 elementor-widget elementor-widget-image\" data-id=\"5dbfdee1\" data-element_type=\"widget\" data-widget_type=\"image.default\">\n\t\t\t\t<div class=\"elementor-widget-container\">\n\t\t\t\t\t\t\t\t\t\t\t\t\t<img decoding=\"async\" width=\"800\" height=\"534\" src=\"https:\/\/simhero.com\/wp-content\/uploads\/2020\/07\/trail-camera-seasonal-usage.jpg\" class=\"attachment-large size-large wp-image-3407\" alt=\"\" srcset=\"https:\/\/simhero.com\/wp-content\/uploads\/2020\/07\/trail-camera-seasonal-usage.jpg 1000w, https:\/\/simhero.com\/wp-content\/uploads\/2020\/07\/trail-camera-seasonal-usage-300x200.jpg 300w, https:\/\/simhero.com\/wp-content\/uploads\/2020\/07\/trail-camera-seasonal-usage-768x512.jpg 768w\" sizes=\"(max-width: 800px) 100vw, 800px\" \/>\t\t\t\t\t\t\t\t\t\t\t\t\t<\/div>\n\t\t\t\t<\/div>\n\t\t\t\t\t<\/div>\n\t\t<\/div>\n\t\t\t\t<div class=\"elementor-column elementor-col-50 elementor-top-column elementor-element elementor-element-6de63b2\" data-id=\"6de63b2\" data-element_type=\"column\">\n\t\t\t<div class=\"elementor-widget-wrap elementor-element-populated\">\n\t\t\t\t\t\t<div class=\"elementor-element elementor-element-5b9e7832 elementor-widget elementor-widget-heading\" data-id=\"5b9e7832\" data-element_type=\"widget\" data-widget_type=\"heading.default\">\n\t\t\t\t<div class=\"elementor-widget-container\">\n\t\t\t<h3 class=\"elementor-heading-title elementor-size-default\">Uso stagionale\n\n\n\n<\/h3>\t\t<\/div>\n\t\t\t\t<\/div>\n\t\t\t\t<div class=\"elementor-element elementor-element-5f6d9267 elementor-widget elementor-widget-heading\" data-id=\"5f6d9267\" data-element_type=\"widget\" data-widget_type=\"heading.default\">\n\t\t\t\t<div class=\"elementor-widget-container\">\n\t\t\t<h2 class=\"elementor-heading-title elementor-size-default\">Le tue foto contano\n\n<\/h2>\t\t<\/div>\n\t\t\t\t<\/div>\n\t\t\t\t<div class=\"elementor-element elementor-element-3e48c6bf elementor-widget elementor-widget-text-editor\" data-id=\"3e48c6bf\" data-element_type=\"widget\" data-widget_type=\"text-editor.default\">\n\t\t\t\t<div class=\"elementor-widget-container\">\n\t\t\t\t\t\t\t<p><span lang=\"it-IT\">Nel modello PREPAGATO, simHERO offre piani dati specifici per trail camera. Abbiamo condotto un&#8217;approfondita discussione con i nostri partner nel settore delle trail camera allo scopo di fornire il miglior servizio possibile ai nostri utenti. Da ci\u00f2 sono scaturiti i Camera Plans simHERO. Queste soluzioni personalizzate permettono ai nostri utenti di ottimizzare i loro piani in base all\u2019utilizzo stagionale (piani mensili, semestrali e annuali). Abbiamo anche aggiunto una descrizione che permette di prevedere orientativamente quante immagini possono essere scattate acquistando un determinato piano con una determinata impostazione della telecamera.<\/span><\/p>\t\t\t\t\t\t<\/div>\n\t\t\t\t<\/div>\n\t\t\t\t\t<\/div>\n\t\t<\/div>\n\t\t\t\t\t<\/div>\n\t\t<\/section>\n\t\t\t\t<section class=\"elementor-section elementor-top-section elementor-element elementor-element-2ae55bda elementor-section-content-middle elementor-reverse-mobile elementor-section-boxed elementor-section-height-default elementor-section-height-default\" data-id=\"2ae55bda\" data-element_type=\"section\">\n\t\t\t\t\t\t<div class=\"elementor-container elementor-column-gap-wider\">\n\t\t\t\t\t<div class=\"elementor-column elementor-col-50 elementor-top-column elementor-element elementor-element-6873237\" data-id=\"6873237\" data-element_type=\"column\">\n\t\t\t<div class=\"elementor-widget-wrap elementor-element-populated\">\n\t\t\t\t\t\t<div class=\"elementor-element elementor-element-1e7a3286 elementor-widget elementor-widget-heading\" data-id=\"1e7a3286\" data-element_type=\"widget\" data-widget_type=\"heading.default\">\n\t\t\t\t<div class=\"elementor-widget-container\">\n\t\t\t<h3 class=\"elementor-heading-title elementor-size-default\">Condividi il percorso\n\n\n\n<\/h3>\t\t<\/div>\n\t\t\t\t<\/div>\n\t\t\t\t<div class=\"elementor-element elementor-element-6d9f5b55 elementor-widget elementor-widget-heading\" data-id=\"6d9f5b55\" data-element_type=\"widget\" data-widget_type=\"heading.default\">\n\t\t\t\t<div class=\"elementor-widget-container\">\n\t\t\t<h2 class=\"elementor-heading-title elementor-size-default\">Chiedo al mio collega<\/h2>\t\t<\/div>\n\t\t\t\t<\/div>\n\t\t\t\t<div class=\"elementor-element elementor-element-3854559b elementor-widget elementor-widget-text-editor\" data-id=\"3854559b\" data-element_type=\"widget\" data-widget_type=\"text-editor.default\">\n\t\t\t\t<div class=\"elementor-widget-container\">\n\t\t\t\t\t\t\t<p><span lang=\"it-IT\">simHERO ha collaborato con molti marchi di fotocamere in tutto il Globo ed \u00e8 in contatto con molti produttori di fotocamere. Grazie a queste relazioni e alle conversazioni molto dettagliate con i nostri partner abbiamo ottenuto un continuo miglioramento sia delle trail camera in quanto tali sia dei nostri servizi globali di connettivit\u00e0 IoT. E soprattutto: possiamo contare su utenti soddisfatti con cui condividere lo stesso percorso.<\/span><\/p>\t\t\t\t\t\t<\/div>\n\t\t\t\t<\/div>\n\t\t\t\t\t<\/div>\n\t\t<\/div>\n\t\t\t\t<div class=\"elementor-column elementor-col-50 elementor-top-column elementor-element elementor-element-3d5c4cc9\" data-id=\"3d5c4cc9\" data-element_type=\"column\">\n\t\t\t<div class=\"elementor-widget-wrap elementor-element-populated\">\n\t\t\t\t\t\t<div class=\"elementor-element elementor-element-292b0edd elementor-widget elementor-widget-image\" data-id=\"292b0edd\" data-element_type=\"widget\" data-widget_type=\"image.default\">\n\t\t\t\t<div class=\"elementor-widget-container\">\n\t\t\t\t\t\t\t\t\t\t\t\t\t<img loading=\"lazy\" decoding=\"async\" width=\"800\" height=\"534\" src=\"https:\/\/simhero.com\/wp-content\/uploads\/2020\/07\/trail-camera-join-the-path.jpg\" class=\"attachment-large size-large wp-image-3394\" alt=\"\" srcset=\"https:\/\/simhero.com\/wp-content\/uploads\/2020\/07\/trail-camera-join-the-path.jpg 1000w, https:\/\/simhero.com\/wp-content\/uploads\/2020\/07\/trail-camera-join-the-path-300x200.jpg 300w, https:\/\/simhero.com\/wp-content\/uploads\/2020\/07\/trail-camera-join-the-path-768x512.jpg 768w\" sizes=\"(max-width: 800px) 100vw, 800px\" \/>\t\t\t\t\t\t\t\t\t\t\t\t\t<\/div>\n\t\t\t\t<\/div>\n\t\t\t\t\t<\/div>\n\t\t<\/div>\n\t\t\t\t\t<\/div>\n\t\t<\/section>\n\t\t\t\t<\/div>\n\t\t","protected":false},"excerpt":{"rendered":"<p>TRAIL CAMERA simHERO SIM card IoT simHERO per trail camera La SIM card IoT di simHERO ha avuto un notevole impatto nel settore delle trail camera ed \u00e8 una delle SIM card preferite per le trail camera in tutto il Globo. Ecco alcuni dei motivi per cui i cacciatori si fidano di simHERO: Resta in [&hellip;]<\/p>\n","protected":false},"author":2,"featured_media":0,"parent":3387,"menu_order":0,"comment_status":"closed","ping_status":"closed","template":"elementor_header_footer","meta":{"footnotes":""},"yoast_head":"<!-- This site is optimized with the Yoast SEO plugin v23.4 - https:\/\/yoast.com\/wordpress\/plugins\/seo\/ -->\n<title>trail camera - simHERO<\/title>\n<meta name=\"robots\" content=\"index, follow, max-snippet:-1, max-image-preview:large, max-video-preview:-1\" \/>\n<link rel=\"canonical\" href=\"https:\/\/simhero.com\/it\/business\/casi-di-utilizzo\/trail-camera\/\" \/>\n<meta property=\"og:locale\" content=\"it_IT\" \/>\n<meta property=\"og:type\" content=\"article\" \/>\n<meta property=\"og:title\" content=\"trail camera - simHERO\" \/>\n<meta property=\"og:description\" content=\"TRAIL CAMERA simHERO SIM card IoT simHERO per trail camera La SIM card IoT di simHERO ha avuto un notevole impatto nel settore delle trail camera ed \u00e8 una delle SIM card preferite per le trail camera in tutto il Globo. Ecco alcuni dei motivi per cui i cacciatori si fidano di simHERO: Resta in [&hellip;]\" \/>\n<meta property=\"og:url\" content=\"https:\/\/simhero.com\/it\/business\/casi-di-utilizzo\/trail-camera\/\" \/>\n<meta property=\"og:site_name\" content=\"simHERO\" \/>\n<meta property=\"article:publisher\" content=\"https:\/\/www.facebook.com\/freeewaysimhero\/\" \/>\n<meta property=\"article:modified_time\" content=\"2020-11-25T09:30:15+00:00\" \/>\n<meta property=\"og:image\" content=\"http:\/\/3.65.206.27\/wp-content\/uploads\/2020\/07\/trail-camera-stay-on-track.jpg\" \/>\n<meta name=\"twitter:card\" content=\"summary_large_image\" \/>\n<meta name=\"twitter:label1\" content=\"Tempo di lettura stimato\" \/>\n\t<meta name=\"twitter:data1\" content=\"2 minuti\" \/>\n<script type=\"application\/ld+json\" class=\"yoast-schema-graph\">{\"@context\":\"https:\/\/schema.org\",\"@graph\":[{\"@type\":\"WebPage\",\"@id\":\"https:\/\/simhero.com\/it\/business\/casi-di-utilizzo\/trail-camera\/\",\"url\":\"https:\/\/simhero.com\/it\/business\/casi-di-utilizzo\/trail-camera\/\",\"name\":\"trail camera - simHERO\",\"isPartOf\":{\"@id\":\"https:\/\/simhero.com\/it\/#website\"},\"primaryImageOfPage\":{\"@id\":\"https:\/\/simhero.com\/it\/business\/casi-di-utilizzo\/trail-camera\/#primaryimage\"},\"image\":{\"@id\":\"https:\/\/simhero.com\/it\/business\/casi-di-utilizzo\/trail-camera\/#primaryimage\"},\"thumbnailUrl\":\"http:\/\/3.65.206.27\/wp-content\/uploads\/2020\/07\/trail-camera-stay-on-track.jpg\",\"datePublished\":\"2020-11-25T09:18:06+00:00\",\"dateModified\":\"2020-11-25T09:30:15+00:00\",\"breadcrumb\":{\"@id\":\"https:\/\/simhero.com\/it\/business\/casi-di-utilizzo\/trail-camera\/#breadcrumb\"},\"inLanguage\":\"it-IT\",\"potentialAction\":[{\"@type\":\"ReadAction\",\"target\":[\"https:\/\/simhero.com\/it\/business\/casi-di-utilizzo\/trail-camera\/\"]}]},{\"@type\":\"ImageObject\",\"inLanguage\":\"it-IT\",\"@id\":\"https:\/\/simhero.com\/it\/business\/casi-di-utilizzo\/trail-camera\/#primaryimage\",\"url\":\"http:\/\/3.65.206.27\/wp-content\/uploads\/2020\/07\/trail-camera-stay-on-track.jpg\",\"contentUrl\":\"http:\/\/3.65.206.27\/wp-content\/uploads\/2020\/07\/trail-camera-stay-on-track.jpg\"},{\"@type\":\"BreadcrumbList\",\"@id\":\"https:\/\/simhero.com\/it\/business\/casi-di-utilizzo\/trail-camera\/#breadcrumb\",\"itemListElement\":[{\"@type\":\"ListItem\",\"position\":1,\"name\":\"Home\",\"item\":\"http:\/\/simhero.com\/it\/\"},{\"@type\":\"ListItem\",\"position\":2,\"name\":\"Business\",\"item\":\"http:\/\/simhero.com\/it\/business\/\"},{\"@type\":\"ListItem\",\"position\":3,\"name\":\"Casi di utilizzo\",\"item\":\"https:\/\/simhero.com\/it\/business\/casi-di-utilizzo\/\"},{\"@type\":\"ListItem\",\"position\":4,\"name\":\"trail camera\"}]},{\"@type\":\"WebSite\",\"@id\":\"https:\/\/simhero.com\/it\/#website\",\"url\":\"https:\/\/simhero.com\/it\/\",\"name\":\"simHERO\",\"description\":\"\",\"potentialAction\":[{\"@type\":\"SearchAction\",\"target\":{\"@type\":\"EntryPoint\",\"urlTemplate\":\"https:\/\/simhero.com\/it\/?s={search_term_string}\"},\"query-input\":{\"@type\":\"PropertyValueSpecification\",\"valueRequired\":true,\"valueName\":\"search_term_string\"}}],\"inLanguage\":\"it-IT\"}]}<\/script>\n<!-- \/ Yoast SEO plugin. -->","yoast_head_json":{"title":"trail camera - simHERO","robots":{"index":"index","follow":"follow","max-snippet":"max-snippet:-1","max-image-preview":"max-image-preview:large","max-video-preview":"max-video-preview:-1"},"canonical":"https:\/\/simhero.com\/it\/business\/casi-di-utilizzo\/trail-camera\/","og_locale":"it_IT","og_type":"article","og_title":"trail camera - simHERO","og_description":"TRAIL CAMERA simHERO SIM card IoT simHERO per trail camera La SIM card IoT di simHERO ha avuto un notevole impatto nel settore delle trail camera ed \u00e8 una delle SIM card preferite per le trail camera in tutto il Globo. Ecco alcuni dei motivi per cui i cacciatori si fidano di simHERO: Resta in [&hellip;]","og_url":"https:\/\/simhero.com\/it\/business\/casi-di-utilizzo\/trail-camera\/","og_site_name":"simHERO","article_publisher":"https:\/\/www.facebook.com\/freeewaysimhero\/","article_modified_time":"2020-11-25T09:30:15+00:00","og_image":[{"url":"http:\/\/3.65.206.27\/wp-content\/uploads\/2020\/07\/trail-camera-stay-on-track.jpg"}],"twitter_card":"summary_large_image","twitter_misc":{"Tempo di lettura stimato":"2 minuti"},"schema":{"@context":"https:\/\/schema.org","@graph":[{"@type":"WebPage","@id":"https:\/\/simhero.com\/it\/business\/casi-di-utilizzo\/trail-camera\/","url":"https:\/\/simhero.com\/it\/business\/casi-di-utilizzo\/trail-camera\/","name":"trail camera - simHERO","isPartOf":{"@id":"https:\/\/simhero.com\/it\/#website"},"primaryImageOfPage":{"@id":"https:\/\/simhero.com\/it\/business\/casi-di-utilizzo\/trail-camera\/#primaryimage"},"image":{"@id":"https:\/\/simhero.com\/it\/business\/casi-di-utilizzo\/trail-camera\/#primaryimage"},"thumbnailUrl":"http:\/\/3.65.206.27\/wp-content\/uploads\/2020\/07\/trail-camera-stay-on-track.jpg","datePublished":"2020-11-25T09:18:06+00:00","dateModified":"2020-11-25T09:30:15+00:00","breadcrumb":{"@id":"https:\/\/simhero.com\/it\/business\/casi-di-utilizzo\/trail-camera\/#breadcrumb"},"inLanguage":"it-IT","potentialAction":[{"@type":"ReadAction","target":["https:\/\/simhero.com\/it\/business\/casi-di-utilizzo\/trail-camera\/"]}]},{"@type":"ImageObject","inLanguage":"it-IT","@id":"https:\/\/simhero.com\/it\/business\/casi-di-utilizzo\/trail-camera\/#primaryimage","url":"http:\/\/3.65.206.27\/wp-content\/uploads\/2020\/07\/trail-camera-stay-on-track.jpg","contentUrl":"http:\/\/3.65.206.27\/wp-content\/uploads\/2020\/07\/trail-camera-stay-on-track.jpg"},{"@type":"BreadcrumbList","@id":"https:\/\/simhero.com\/it\/business\/casi-di-utilizzo\/trail-camera\/#breadcrumb","itemListElement":[{"@type":"ListItem","position":1,"name":"Home","item":"http:\/\/simhero.com\/it\/"},{"@type":"ListItem","position":2,"name":"Business","item":"http:\/\/simhero.com\/it\/business\/"},{"@type":"ListItem","position":3,"name":"Casi di utilizzo","item":"https:\/\/simhero.com\/it\/business\/casi-di-utilizzo\/"},{"@type":"ListItem","position":4,"name":"trail camera"}]},{"@type":"WebSite","@id":"https:\/\/simhero.com\/it\/#website","url":"https:\/\/simhero.com\/it\/","name":"simHERO","description":"","potentialAction":[{"@type":"SearchAction","target":{"@type":"EntryPoint","urlTemplate":"https:\/\/simhero.com\/it\/?s={search_term_string}"},"query-input":{"@type":"PropertyValueSpecification","valueRequired":true,"valueName":"search_term_string"}}],"inLanguage":"it-IT"}]}},"_links":{"self":[{"href":"https:\/\/simhero.com\/it\/wp-json\/wp\/v2\/pages\/3399"}],"collection":[{"href":"https:\/\/simhero.com\/it\/wp-json\/wp\/v2\/pages"}],"about":[{"href":"https:\/\/simhero.com\/it\/wp-json\/wp\/v2\/types\/page"}],"author":[{"embeddable":true,"href":"https:\/\/simhero.com\/it\/wp-json\/wp\/v2\/users\/2"}],"replies":[{"embeddable":true,"href":"https:\/\/simhero.com\/it\/wp-json\/wp\/v2\/comments?post=3399"}],"version-history":[{"count":4,"href":"https:\/\/simhero.com\/it\/wp-json\/wp\/v2\/pages\/3399\/revisions"}],"predecessor-version":[{"id":3446,"href":"https:\/\/simhero.com\/it\/wp-json\/wp\/v2\/pages\/3399\/revisions\/3446"}],"up":[{"embeddable":true,"href":"https:\/\/simhero.com\/it\/wp-json\/wp\/v2\/pages\/3387"}],"wp:attachment":[{"href":"https:\/\/simhero.com\/it\/wp-json\/wp\/v2\/media?parent=3399"}],"curies":[{"name":"wp","href":"https:\/\/api.w.org\/{rel}","templated":true}]}}