{"id":3301,"date":"2020-11-24T15:02:56","date_gmt":"2020-11-24T14:02:56","guid":{"rendered":"http:\/\/3.65.206.27\/?page_id=3301"},"modified":"2020-12-03T11:41:56","modified_gmt":"2020-12-03T10:41:56","slug":"connettivita-iot","status":"publish","type":"page","link":"https:\/\/simhero.com\/it\/business\/la-nostra-tecnologia\/connettivita-iot\/","title":{"rendered":"Connettivit\u00e0 iot"},"content":{"rendered":"\t\t<div data-elementor-type=\"wp-page\" data-elementor-id=\"3301\" class=\"elementor elementor-3301 elementor-323\" data-elementor-post-type=\"page\">\n\t\t\t\t\t\t<section class=\"elementor-section elementor-top-section elementor-element elementor-element-5a807ab2 elementor-section-height-min-height elementor-section-boxed elementor-section-height-default elementor-section-items-middle\" data-id=\"5a807ab2\" data-element_type=\"section\" data-settings=\"{&quot;background_background&quot;:&quot;classic&quot;}\">\n\t\t\t\t\t\t\t<div class=\"elementor-background-overlay\"><\/div>\n\t\t\t\t\t\t\t<div class=\"elementor-container elementor-column-gap-default\">\n\t\t\t\t\t<div class=\"elementor-column elementor-col-100 elementor-top-column elementor-element elementor-element-7e7491a9\" data-id=\"7e7491a9\" data-element_type=\"column\">\n\t\t\t<div class=\"elementor-widget-wrap elementor-element-populated\">\n\t\t\t\t\t\t<div class=\"elementor-element elementor-element-2f72e513 elementor-widget elementor-widget-heading\" data-id=\"2f72e513\" data-element_type=\"widget\" data-widget_type=\"heading.default\">\n\t\t\t\t<div class=\"elementor-widget-container\">\n\t\t\t<h1 class=\"elementor-heading-title elementor-size-default\">Connettivit\u00e0 IoT globale\n\n<\/h1>\t\t<\/div>\n\t\t\t\t<\/div>\n\t\t\t\t\t<\/div>\n\t\t<\/div>\n\t\t\t\t\t<\/div>\n\t\t<\/section>\n\t\t\t\t<section class=\"elementor-section elementor-top-section elementor-element elementor-element-7237eaac elementor-section-boxed elementor-section-height-default elementor-section-height-default\" data-id=\"7237eaac\" data-element_type=\"section\">\n\t\t\t\t\t\t<div class=\"elementor-container elementor-column-gap-default\">\n\t\t\t\t\t<div class=\"elementor-column elementor-col-100 elementor-top-column elementor-element elementor-element-b274cae\" data-id=\"b274cae\" data-element_type=\"column\">\n\t\t\t<div class=\"elementor-widget-wrap elementor-element-populated\">\n\t\t\t\t\t\t<div class=\"elementor-element elementor-element-6ccf2c9b elementor-widget elementor-widget-heading\" data-id=\"6ccf2c9b\" data-element_type=\"widget\" data-widget_type=\"heading.default\">\n\t\t\t\t<div class=\"elementor-widget-container\">\n\t\t\t<h2 class=\"elementor-heading-title elementor-size-default\">La connettivit\u00e0 prima di tutto\n\n\n<\/h2>\t\t<\/div>\n\t\t\t\t<\/div>\n\t\t\t\t<div class=\"elementor-element elementor-element-628520bb elementor-widget elementor-widget-text-editor\" data-id=\"628520bb\" data-element_type=\"widget\" data-widget_type=\"text-editor.default\">\n\t\t\t\t<div class=\"elementor-widget-container\">\n\t\t\t\t\t\t\t<p>simHERO collega i consumatori e i loro dispositivi IoT a oltre 500 reti locali in 180 Paesi in tutto il mondo. La nostra carta SIM \u00e8 senza steering, il che garantisce che la nostra SIM card IoT si connetta sempre alla rete pi\u00f9 veloce e pi\u00f9 forte disponibile nella tua zona. Di conseguenza, simHERO offre ai suoi utenti una maggiore copertura in una rete pi\u00f9 stabile per qualsiasi dispositivo IoT.<\/p><p>In quanto provider M2M [Machine to Machine], la SIM di simHERO \u00e8 impostata per l&#8217;utilizzo di Dati ed SMS. In genere, i servizi voce e MMS non sono supportati. In casi molto rari possono essere offerti servizi vocali. Tuttavia, questo aspetto deve essere chiarito di volta in volta con i nostri agenti di vendita.<\/p><p>Le SIM card di simHERO utilizzano tecnologie di comunicazione mobile senza fili insieme a funzionalit\u00e0 multi-operatore per consentire ai tuoi dispositivi una trasmissione dati in tempo reale senza interruzioni a diverse velocit\u00e0 (2G, 3G, 4G, LTE-M e presto 5G dove disponibile) e con una copertura globale. Poco importa se ti serve una SIM di dimensioni specifiche, una chip SIM o anche una eSIM, simHERO ti fornisce la SIM con il fattore e la dimensione giusti per il tuo dispositivo consumer IoT.<\/p>\t\t\t\t\t\t<\/div>\n\t\t\t\t<\/div>\n\t\t\t\t<div class=\"elementor-element elementor-element-b8039f6 elementor-widget elementor-widget-text-editor\" data-id=\"b8039f6\" data-element_type=\"widget\" data-widget_type=\"text-editor.default\">\n\t\t\t\t<div class=\"elementor-widget-container\">\n\t\t\t\t\t\t\t<div><p style=\"text-align: center;\" align=\"JUSTIFY\"><span style=\"font-family: Times New Roman, serif;\"><span style=\"color: #595959;\"><span style=\"font-family: Montserrat, serif;\"><b>La combinazione di autonomia di rete, reti multiple e SIM card senza steering rende simHERO uno dei partner pi\u00f9 affidabili per la connettivit\u00e0 IoT del tuo dispositivo consumer su scala globale.<\/b><\/span><\/span><\/span><\/p><strong><span style=\"font-size: 18px;\"><br \/><\/span><\/strong><\/div>\t\t\t\t\t\t<\/div>\n\t\t\t\t<\/div>\n\t\t\t\t\t<\/div>\n\t\t<\/div>\n\t\t\t\t\t<\/div>\n\t\t<\/section>\n\t\t\t\t<section class=\"elementor-section elementor-top-section elementor-element elementor-element-0ece7bf elementor-section-content-middle elementor-section-boxed elementor-section-height-default elementor-section-height-default\" data-id=\"0ece7bf\" data-element_type=\"section\">\n\t\t\t\t\t\t<div class=\"elementor-container elementor-column-gap-wider\">\n\t\t\t\t\t<div class=\"elementor-column elementor-col-50 elementor-top-column elementor-element elementor-element-dc6fcb4\" data-id=\"dc6fcb4\" data-element_type=\"column\">\n\t\t\t<div class=\"elementor-widget-wrap elementor-element-populated\">\n\t\t\t\t\t\t<div class=\"elementor-element elementor-element-9cdf678 elementor-widget elementor-widget-image\" data-id=\"9cdf678\" data-element_type=\"widget\" data-widget_type=\"image.default\">\n\t\t\t\t<div class=\"elementor-widget-container\">\n\t\t\t\t\t\t\t\t\t\t\t\t\t<img fetchpriority=\"high\" decoding=\"async\" width=\"800\" height=\"534\" src=\"https:\/\/simhero.com\/wp-content\/uploads\/2020\/07\/iot-worldwide.jpg\" class=\"attachment-large size-large wp-image-3313\" alt=\"\" srcset=\"https:\/\/simhero.com\/wp-content\/uploads\/2020\/07\/iot-worldwide.jpg 1000w, https:\/\/simhero.com\/wp-content\/uploads\/2020\/07\/iot-worldwide-300x200.jpg 300w, https:\/\/simhero.com\/wp-content\/uploads\/2020\/07\/iot-worldwide-768x512.jpg 768w\" sizes=\"(max-width: 800px) 100vw, 800px\" \/>\t\t\t\t\t\t\t\t\t\t\t\t\t<\/div>\n\t\t\t\t<\/div>\n\t\t\t\t\t<\/div>\n\t\t<\/div>\n\t\t\t\t<div class=\"elementor-column elementor-col-50 elementor-top-column elementor-element elementor-element-ce21508\" data-id=\"ce21508\" data-element_type=\"column\">\n\t\t\t<div class=\"elementor-widget-wrap elementor-element-populated\">\n\t\t\t\t\t\t<div class=\"elementor-element elementor-element-33cb6e1 elementor-widget elementor-widget-heading\" data-id=\"33cb6e1\" data-element_type=\"widget\" data-widget_type=\"heading.default\">\n\t\t\t\t<div class=\"elementor-widget-container\">\n\t\t\t<h3 class=\"elementor-heading-title elementor-size-default\">Partner globale\n\n<\/h3>\t\t<\/div>\n\t\t\t\t<\/div>\n\t\t\t\t<div class=\"elementor-element elementor-element-0d9cc0f elementor-widget elementor-widget-heading\" data-id=\"0d9cc0f\" data-element_type=\"widget\" data-widget_type=\"heading.default\">\n\t\t\t\t<div class=\"elementor-widget-container\">\n\t\t\t<h2 class=\"elementor-heading-title elementor-size-default\">simHERO - Copertura di rete in tutto il mondo\n<\/h2>\t\t<\/div>\n\t\t\t\t<\/div>\n\t\t\t\t<div class=\"elementor-element elementor-element-ad70101 elementor-widget elementor-widget-text-editor\" data-id=\"ad70101\" data-element_type=\"widget\" data-widget_type=\"text-editor.default\">\n\t\t\t\t<div class=\"elementor-widget-container\">\n\t\t\t\t\t\t\t<div class=\"pre-block\"><div id=\"text-content-block\">Collaboriamo con i principali operatori. I nostri accordi di roaming ci permettono di fornirti una copertura M2M\/IoT globale in 500+ reti in oltre 180 paesi.<\/div><\/div>\t\t\t\t\t\t<\/div>\n\t\t\t\t<\/div>\n\t\t\t\t\t<\/div>\n\t\t<\/div>\n\t\t\t\t\t<\/div>\n\t\t<\/section>\n\t\t\t\t<section class=\"elementor-section elementor-top-section elementor-element elementor-element-bf8ee9c elementor-section-content-middle elementor-reverse-mobile elementor-section-boxed elementor-section-height-default elementor-section-height-default\" data-id=\"bf8ee9c\" data-element_type=\"section\">\n\t\t\t\t\t\t<div class=\"elementor-container elementor-column-gap-wider\">\n\t\t\t\t\t<div class=\"elementor-column elementor-col-50 elementor-top-column elementor-element elementor-element-1977a2f\" data-id=\"1977a2f\" data-element_type=\"column\">\n\t\t\t<div class=\"elementor-widget-wrap elementor-element-populated\">\n\t\t\t\t\t\t<div class=\"elementor-element elementor-element-c5387dc elementor-widget elementor-widget-heading\" data-id=\"c5387dc\" data-element_type=\"widget\" data-widget_type=\"heading.default\">\n\t\t\t\t<div class=\"elementor-widget-container\">\n\t\t\t<h3 class=\"elementor-heading-title elementor-size-default\">Massima disponibilit\u00e0\n\n\n\n<\/h3>\t\t<\/div>\n\t\t\t\t<\/div>\n\t\t\t\t<div class=\"elementor-element elementor-element-4745452 elementor-widget elementor-widget-heading\" data-id=\"4745452\" data-element_type=\"widget\" data-widget_type=\"heading.default\">\n\t\t\t\t<div class=\"elementor-widget-container\">\n\t\t\t<h2 class=\"elementor-heading-title elementor-size-default\">simHERO - Connettivit\u00e0 alla rete pi\u00f9 forte\n\n<\/h2>\t\t<\/div>\n\t\t\t\t<\/div>\n\t\t\t\t<div class=\"elementor-element elementor-element-aa4748b elementor-widget elementor-widget-text-editor\" data-id=\"aa4748b\" data-element_type=\"widget\" data-widget_type=\"text-editor.default\">\n\t\t\t\t<div class=\"elementor-widget-container\">\n\t\t\t\t\t\t\t<div class=\"pre-block\"><div id=\"text-content-block\"><div class=\"pre-block\"><div id=\"text-content-block\"><div class=\"pre-block\"><div id=\"text-content-block\">Le nostre SIM card IoT non hanno steering e selezionano la rete di telefonia mobile basandosi sulla potenza del segnale e non sulle liste delle reti pi\u00f9 economiche o preferite.<\/div><\/div><\/div><\/div><\/div><\/div>\t\t\t\t\t\t<\/div>\n\t\t\t\t<\/div>\n\t\t\t\t\t<\/div>\n\t\t<\/div>\n\t\t\t\t<div class=\"elementor-column elementor-col-50 elementor-top-column elementor-element elementor-element-1781de1\" data-id=\"1781de1\" data-element_type=\"column\">\n\t\t\t<div class=\"elementor-widget-wrap elementor-element-populated\">\n\t\t\t\t\t\t<div class=\"elementor-element elementor-element-432c8be elementor-widget elementor-widget-image\" data-id=\"432c8be\" data-element_type=\"widget\" data-widget_type=\"image.default\">\n\t\t\t\t<div class=\"elementor-widget-container\">\n\t\t\t\t\t\t\t\t\t\t\t\t\t<img decoding=\"async\" width=\"800\" height=\"534\" src=\"https:\/\/simhero.com\/wp-content\/uploads\/2020\/07\/iot-strongest-network.jpg\" class=\"attachment-large size-large wp-image-3310\" alt=\"\" srcset=\"https:\/\/simhero.com\/wp-content\/uploads\/2020\/07\/iot-strongest-network.jpg 1000w, https:\/\/simhero.com\/wp-content\/uploads\/2020\/07\/iot-strongest-network-300x200.jpg 300w, https:\/\/simhero.com\/wp-content\/uploads\/2020\/07\/iot-strongest-network-768x512.jpg 768w\" sizes=\"(max-width: 800px) 100vw, 800px\" \/>\t\t\t\t\t\t\t\t\t\t\t\t\t<\/div>\n\t\t\t\t<\/div>\n\t\t\t\t\t<\/div>\n\t\t<\/div>\n\t\t\t\t\t<\/div>\n\t\t<\/section>\n\t\t\t\t<section class=\"elementor-section elementor-top-section elementor-element elementor-element-f05f824 elementor-section-content-middle elementor-section-boxed elementor-section-height-default elementor-section-height-default\" data-id=\"f05f824\" data-element_type=\"section\">\n\t\t\t\t\t\t<div class=\"elementor-container elementor-column-gap-wider\">\n\t\t\t\t\t<div class=\"elementor-column elementor-col-50 elementor-top-column elementor-element elementor-element-186e2d1\" data-id=\"186e2d1\" data-element_type=\"column\">\n\t\t\t<div class=\"elementor-widget-wrap elementor-element-populated\">\n\t\t\t\t\t\t<div class=\"elementor-element elementor-element-5259dec elementor-widget elementor-widget-image\" data-id=\"5259dec\" data-element_type=\"widget\" data-widget_type=\"image.default\">\n\t\t\t\t<div class=\"elementor-widget-container\">\n\t\t\t\t\t\t\t\t\t\t\t\t\t<img decoding=\"async\" width=\"800\" height=\"534\" src=\"https:\/\/simhero.com\/wp-content\/uploads\/2020\/07\/iot-multi-network-worldwide.jpg\" class=\"attachment-large size-large wp-image-3311\" alt=\"\" srcset=\"https:\/\/simhero.com\/wp-content\/uploads\/2020\/07\/iot-multi-network-worldwide.jpg 1000w, https:\/\/simhero.com\/wp-content\/uploads\/2020\/07\/iot-multi-network-worldwide-300x200.jpg 300w, https:\/\/simhero.com\/wp-content\/uploads\/2020\/07\/iot-multi-network-worldwide-768x512.jpg 768w\" sizes=\"(max-width: 800px) 100vw, 800px\" \/>\t\t\t\t\t\t\t\t\t\t\t\t\t<\/div>\n\t\t\t\t<\/div>\n\t\t\t\t\t<\/div>\n\t\t<\/div>\n\t\t\t\t<div class=\"elementor-column elementor-col-50 elementor-top-column elementor-element elementor-element-b1f938c\" data-id=\"b1f938c\" data-element_type=\"column\">\n\t\t\t<div class=\"elementor-widget-wrap elementor-element-populated\">\n\t\t\t\t\t\t<div class=\"elementor-element elementor-element-041fc7d elementor-widget elementor-widget-heading\" data-id=\"041fc7d\" data-element_type=\"widget\" data-widget_type=\"heading.default\">\n\t\t\t\t<div class=\"elementor-widget-container\">\n\t\t\t<h3 class=\"elementor-heading-title elementor-size-default\">Multi-rete in tutto il mondo\n\n\n\n<\/h3>\t\t<\/div>\n\t\t\t\t<\/div>\n\t\t\t\t<div class=\"elementor-element elementor-element-f55e9fa elementor-widget elementor-widget-heading\" data-id=\"f55e9fa\" data-element_type=\"widget\" data-widget_type=\"heading.default\">\n\t\t\t\t<div class=\"elementor-widget-container\">\n\t\t\t<h2 class=\"elementor-heading-title elementor-size-default\">simHERO - Dispositivi IoT sempre connessi\n\n<\/h2>\t\t<\/div>\n\t\t\t\t<\/div>\n\t\t\t\t<div class=\"elementor-element elementor-element-cca0f2c elementor-widget elementor-widget-text-editor\" data-id=\"cca0f2c\" data-element_type=\"widget\" data-widget_type=\"text-editor.default\">\n\t\t\t\t<div class=\"elementor-widget-container\">\n\t\t\t\t\t\t\t<div class=\"pre-block\"><div id=\"text-content-block\"><div class=\"pre-block\"><div id=\"text-content-block\">Le SIM card IoT di simHERO sono multi-rete, quindi i tuoi dispositivi avranno accesso ad almeno due delle reti pi\u00f9 importanti in ogni Paese, in Europa e nel mondo.<\/div><\/div><\/div><\/div>\t\t\t\t\t\t<\/div>\n\t\t\t\t<\/div>\n\t\t\t\t\t<\/div>\n\t\t<\/div>\n\t\t\t\t\t<\/div>\n\t\t<\/section>\n\t\t\t\t<section class=\"elementor-section elementor-top-section elementor-element elementor-element-2dad0ce elementor-section-content-middle elementor-reverse-mobile elementor-section-boxed elementor-section-height-default elementor-section-height-default\" data-id=\"2dad0ce\" data-element_type=\"section\">\n\t\t\t\t\t\t<div class=\"elementor-container elementor-column-gap-wider\">\n\t\t\t\t\t<div class=\"elementor-column elementor-col-50 elementor-top-column elementor-element elementor-element-e6c72ce\" data-id=\"e6c72ce\" data-element_type=\"column\">\n\t\t\t<div class=\"elementor-widget-wrap elementor-element-populated\">\n\t\t\t\t\t\t<div class=\"elementor-element elementor-element-2f04da6 elementor-widget elementor-widget-heading\" data-id=\"2f04da6\" data-element_type=\"widget\" data-widget_type=\"heading.default\">\n\t\t\t\t<div class=\"elementor-widget-container\">\n\t\t\t<h3 class=\"elementor-heading-title elementor-size-default\">Tecnologia leader\n\n\n\n\n<\/h3>\t\t<\/div>\n\t\t\t\t<\/div>\n\t\t\t\t<div class=\"elementor-element elementor-element-b1cb9ba elementor-widget elementor-widget-heading\" data-id=\"b1cb9ba\" data-element_type=\"widget\" data-widget_type=\"heading.default\">\n\t\t\t\t<div class=\"elementor-widget-container\">\n\t\t\t<h2 class=\"elementor-heading-title elementor-size-default\">simHERO - Dotata di tecnologie all'avanguardia\n\n\n<\/h2>\t\t<\/div>\n\t\t\t\t<\/div>\n\t\t\t\t<div class=\"elementor-element elementor-element-adfd0aa elementor-widget elementor-widget-text-editor\" data-id=\"adfd0aa\" data-element_type=\"widget\" data-widget_type=\"text-editor.default\">\n\t\t\t\t<div class=\"elementor-widget-container\">\n\t\t\t\t\t\t\tTi rendiamo possibile l&#8217;utilizzo di pi\u00f9 tecnologie di accesso alla rete: 2G, 3G, 4G, LTE, LTE Cat M1 e NB-IoT\t\t\t\t\t\t<\/div>\n\t\t\t\t<\/div>\n\t\t\t\t\t<\/div>\n\t\t<\/div>\n\t\t\t\t<div class=\"elementor-column elementor-col-50 elementor-top-column elementor-element elementor-element-d5ef98b\" data-id=\"d5ef98b\" data-element_type=\"column\">\n\t\t\t<div class=\"elementor-widget-wrap elementor-element-populated\">\n\t\t\t\t\t\t<div class=\"elementor-element elementor-element-76f8841 elementor-widget elementor-widget-image\" data-id=\"76f8841\" data-element_type=\"widget\" data-widget_type=\"image.default\">\n\t\t\t\t<div class=\"elementor-widget-container\">\n\t\t\t\t\t\t\t\t\t\t\t\t\t<img loading=\"lazy\" decoding=\"async\" width=\"800\" height=\"534\" src=\"https:\/\/simhero.com\/wp-content\/uploads\/2020\/07\/iot-latest-technology.jpg\" class=\"attachment-large size-large wp-image-3312\" alt=\"\" srcset=\"https:\/\/simhero.com\/wp-content\/uploads\/2020\/07\/iot-latest-technology.jpg 1000w, https:\/\/simhero.com\/wp-content\/uploads\/2020\/07\/iot-latest-technology-300x200.jpg 300w, https:\/\/simhero.com\/wp-content\/uploads\/2020\/07\/iot-latest-technology-768x512.jpg 768w\" sizes=\"(max-width: 800px) 100vw, 800px\" \/>\t\t\t\t\t\t\t\t\t\t\t\t\t<\/div>\n\t\t\t\t<\/div>\n\t\t\t\t\t<\/div>\n\t\t<\/div>\n\t\t\t\t\t<\/div>\n\t\t<\/section>\n\t\t\t\t<\/div>\n\t\t","protected":false},"excerpt":{"rendered":"<p>Connettivit\u00e0 IoT globale La connettivit\u00e0 prima di tutto simHERO collega i consumatori e i loro dispositivi IoT a oltre 500 reti locali in 180 Paesi in tutto il mondo. La nostra carta SIM \u00e8 senza steering, il che garantisce che la nostra SIM card IoT si connetta sempre alla rete pi\u00f9 veloce e pi\u00f9 forte [&hellip;]<\/p>\n","protected":false},"author":2,"featured_media":0,"parent":3185,"menu_order":0,"comment_status":"closed","ping_status":"closed","template":"elementor_header_footer","meta":{"footnotes":""},"yoast_head":"<!-- This site is optimized with the Yoast SEO plugin v23.4 - https:\/\/yoast.com\/wordpress\/plugins\/seo\/ -->\n<title>Connettivit\u00e0 iot - simHERO<\/title>\n<meta name=\"robots\" content=\"index, follow, max-snippet:-1, max-image-preview:large, max-video-preview:-1\" \/>\n<link rel=\"canonical\" href=\"https:\/\/simhero.com\/it\/business\/la-nostra-tecnologia\/connettivita-iot\/\" \/>\n<meta property=\"og:locale\" content=\"it_IT\" \/>\n<meta property=\"og:type\" content=\"article\" \/>\n<meta property=\"og:title\" content=\"Connettivit\u00e0 iot - simHERO\" \/>\n<meta property=\"og:description\" content=\"Connettivit\u00e0 IoT globale La connettivit\u00e0 prima di tutto simHERO collega i consumatori e i loro dispositivi IoT a oltre 500 reti locali in 180 Paesi in tutto il mondo. La nostra carta SIM \u00e8 senza steering, il che garantisce che la nostra SIM card IoT si connetta sempre alla rete pi\u00f9 veloce e pi\u00f9 forte [&hellip;]\" \/>\n<meta property=\"og:url\" content=\"https:\/\/simhero.com\/it\/business\/la-nostra-tecnologia\/connettivita-iot\/\" \/>\n<meta property=\"og:site_name\" content=\"simHERO\" \/>\n<meta property=\"article:publisher\" content=\"https:\/\/www.facebook.com\/freeewaysimhero\/\" \/>\n<meta property=\"article:modified_time\" content=\"2020-12-03T10:41:56+00:00\" \/>\n<meta property=\"og:image\" content=\"http:\/\/3.65.206.27\/wp-content\/uploads\/2020\/07\/iot-worldwide.jpg\" \/>\n<meta name=\"twitter:card\" content=\"summary_large_image\" \/>\n<meta name=\"twitter:label1\" content=\"Tempo di lettura stimato\" \/>\n\t<meta name=\"twitter:data1\" content=\"2 minuti\" \/>\n<script type=\"application\/ld+json\" class=\"yoast-schema-graph\">{\"@context\":\"https:\/\/schema.org\",\"@graph\":[{\"@type\":\"WebPage\",\"@id\":\"https:\/\/simhero.com\/it\/business\/la-nostra-tecnologia\/connettivita-iot\/\",\"url\":\"https:\/\/simhero.com\/it\/business\/la-nostra-tecnologia\/connettivita-iot\/\",\"name\":\"Connettivit\u00e0 iot - simHERO\",\"isPartOf\":{\"@id\":\"https:\/\/simhero.com\/it\/#website\"},\"primaryImageOfPage\":{\"@id\":\"https:\/\/simhero.com\/it\/business\/la-nostra-tecnologia\/connettivita-iot\/#primaryimage\"},\"image\":{\"@id\":\"https:\/\/simhero.com\/it\/business\/la-nostra-tecnologia\/connettivita-iot\/#primaryimage\"},\"thumbnailUrl\":\"http:\/\/3.65.206.27\/wp-content\/uploads\/2020\/07\/iot-worldwide.jpg\",\"datePublished\":\"2020-11-24T14:02:56+00:00\",\"dateModified\":\"2020-12-03T10:41:56+00:00\",\"breadcrumb\":{\"@id\":\"https:\/\/simhero.com\/it\/business\/la-nostra-tecnologia\/connettivita-iot\/#breadcrumb\"},\"inLanguage\":\"it-IT\",\"potentialAction\":[{\"@type\":\"ReadAction\",\"target\":[\"https:\/\/simhero.com\/it\/business\/la-nostra-tecnologia\/connettivita-iot\/\"]}]},{\"@type\":\"ImageObject\",\"inLanguage\":\"it-IT\",\"@id\":\"https:\/\/simhero.com\/it\/business\/la-nostra-tecnologia\/connettivita-iot\/#primaryimage\",\"url\":\"http:\/\/3.65.206.27\/wp-content\/uploads\/2020\/07\/iot-worldwide.jpg\",\"contentUrl\":\"http:\/\/3.65.206.27\/wp-content\/uploads\/2020\/07\/iot-worldwide.jpg\"},{\"@type\":\"BreadcrumbList\",\"@id\":\"https:\/\/simhero.com\/it\/business\/la-nostra-tecnologia\/connettivita-iot\/#breadcrumb\",\"itemListElement\":[{\"@type\":\"ListItem\",\"position\":1,\"name\":\"Home\",\"item\":\"http:\/\/simhero.com\/it\/\"},{\"@type\":\"ListItem\",\"position\":2,\"name\":\"Business\",\"item\":\"http:\/\/simhero.com\/it\/business\/\"},{\"@type\":\"ListItem\",\"position\":3,\"name\":\"La nostra tecnologia\",\"item\":\"https:\/\/simhero.com\/it\/business\/la-nostra-tecnologia\/\"},{\"@type\":\"ListItem\",\"position\":4,\"name\":\"Connettivit\u00e0 iot\"}]},{\"@type\":\"WebSite\",\"@id\":\"https:\/\/simhero.com\/it\/#website\",\"url\":\"https:\/\/simhero.com\/it\/\",\"name\":\"simHERO\",\"description\":\"\",\"potentialAction\":[{\"@type\":\"SearchAction\",\"target\":{\"@type\":\"EntryPoint\",\"urlTemplate\":\"https:\/\/simhero.com\/it\/?s={search_term_string}\"},\"query-input\":{\"@type\":\"PropertyValueSpecification\",\"valueRequired\":true,\"valueName\":\"search_term_string\"}}],\"inLanguage\":\"it-IT\"}]}<\/script>\n<!-- \/ Yoast SEO plugin. -->","yoast_head_json":{"title":"Connettivit\u00e0 iot - simHERO","robots":{"index":"index","follow":"follow","max-snippet":"max-snippet:-1","max-image-preview":"max-image-preview:large","max-video-preview":"max-video-preview:-1"},"canonical":"https:\/\/simhero.com\/it\/business\/la-nostra-tecnologia\/connettivita-iot\/","og_locale":"it_IT","og_type":"article","og_title":"Connettivit\u00e0 iot - simHERO","og_description":"Connettivit\u00e0 IoT globale La connettivit\u00e0 prima di tutto simHERO collega i consumatori e i loro dispositivi IoT a oltre 500 reti locali in 180 Paesi in tutto il mondo. La nostra carta SIM \u00e8 senza steering, il che garantisce che la nostra SIM card IoT si connetta sempre alla rete pi\u00f9 veloce e pi\u00f9 forte [&hellip;]","og_url":"https:\/\/simhero.com\/it\/business\/la-nostra-tecnologia\/connettivita-iot\/","og_site_name":"simHERO","article_publisher":"https:\/\/www.facebook.com\/freeewaysimhero\/","article_modified_time":"2020-12-03T10:41:56+00:00","og_image":[{"url":"http:\/\/3.65.206.27\/wp-content\/uploads\/2020\/07\/iot-worldwide.jpg"}],"twitter_card":"summary_large_image","twitter_misc":{"Tempo di lettura stimato":"2 minuti"},"schema":{"@context":"https:\/\/schema.org","@graph":[{"@type":"WebPage","@id":"https:\/\/simhero.com\/it\/business\/la-nostra-tecnologia\/connettivita-iot\/","url":"https:\/\/simhero.com\/it\/business\/la-nostra-tecnologia\/connettivita-iot\/","name":"Connettivit\u00e0 iot - simHERO","isPartOf":{"@id":"https:\/\/simhero.com\/it\/#website"},"primaryImageOfPage":{"@id":"https:\/\/simhero.com\/it\/business\/la-nostra-tecnologia\/connettivita-iot\/#primaryimage"},"image":{"@id":"https:\/\/simhero.com\/it\/business\/la-nostra-tecnologia\/connettivita-iot\/#primaryimage"},"thumbnailUrl":"http:\/\/3.65.206.27\/wp-content\/uploads\/2020\/07\/iot-worldwide.jpg","datePublished":"2020-11-24T14:02:56+00:00","dateModified":"2020-12-03T10:41:56+00:00","breadcrumb":{"@id":"https:\/\/simhero.com\/it\/business\/la-nostra-tecnologia\/connettivita-iot\/#breadcrumb"},"inLanguage":"it-IT","potentialAction":[{"@type":"ReadAction","target":["https:\/\/simhero.com\/it\/business\/la-nostra-tecnologia\/connettivita-iot\/"]}]},{"@type":"ImageObject","inLanguage":"it-IT","@id":"https:\/\/simhero.com\/it\/business\/la-nostra-tecnologia\/connettivita-iot\/#primaryimage","url":"http:\/\/3.65.206.27\/wp-content\/uploads\/2020\/07\/iot-worldwide.jpg","contentUrl":"http:\/\/3.65.206.27\/wp-content\/uploads\/2020\/07\/iot-worldwide.jpg"},{"@type":"BreadcrumbList","@id":"https:\/\/simhero.com\/it\/business\/la-nostra-tecnologia\/connettivita-iot\/#breadcrumb","itemListElement":[{"@type":"ListItem","position":1,"name":"Home","item":"http:\/\/simhero.com\/it\/"},{"@type":"ListItem","position":2,"name":"Business","item":"http:\/\/simhero.com\/it\/business\/"},{"@type":"ListItem","position":3,"name":"La nostra tecnologia","item":"https:\/\/simhero.com\/it\/business\/la-nostra-tecnologia\/"},{"@type":"ListItem","position":4,"name":"Connettivit\u00e0 iot"}]},{"@type":"WebSite","@id":"https:\/\/simhero.com\/it\/#website","url":"https:\/\/simhero.com\/it\/","name":"simHERO","description":"","potentialAction":[{"@type":"SearchAction","target":{"@type":"EntryPoint","urlTemplate":"https:\/\/simhero.com\/it\/?s={search_term_string}"},"query-input":{"@type":"PropertyValueSpecification","valueRequired":true,"valueName":"search_term_string"}}],"inLanguage":"it-IT"}]}},"_links":{"self":[{"href":"https:\/\/simhero.com\/it\/wp-json\/wp\/v2\/pages\/3301"}],"collection":[{"href":"https:\/\/simhero.com\/it\/wp-json\/wp\/v2\/pages"}],"about":[{"href":"https:\/\/simhero.com\/it\/wp-json\/wp\/v2\/types\/page"}],"author":[{"embeddable":true,"href":"https:\/\/simhero.com\/it\/wp-json\/wp\/v2\/users\/2"}],"replies":[{"embeddable":true,"href":"https:\/\/simhero.com\/it\/wp-json\/wp\/v2\/comments?post=3301"}],"version-history":[{"count":4,"href":"https:\/\/simhero.com\/it\/wp-json\/wp\/v2\/pages\/3301\/revisions"}],"predecessor-version":[{"id":4322,"href":"https:\/\/simhero.com\/it\/wp-json\/wp\/v2\/pages\/3301\/revisions\/4322"}],"up":[{"embeddable":true,"href":"https:\/\/simhero.com\/it\/wp-json\/wp\/v2\/pages\/3185"}],"wp:attachment":[{"href":"https:\/\/simhero.com\/it\/wp-json\/wp\/v2\/media?parent=3301"}],"curies":[{"name":"wp","href":"https:\/\/api.w.org\/{rel}","templated":true}]}}