{"id":2987,"date":"2020-11-23T08:59:12","date_gmt":"2020-11-23T07:59:12","guid":{"rendered":"http:\/\/3.65.206.27\/?page_id=2987"},"modified":"2020-11-24T01:19:39","modified_gmt":"2020-11-24T00:19:39","slug":"imprint","status":"publish","type":"page","link":"https:\/\/simhero.com\/it\/imprint\/","title":{"rendered":"imprint"},"content":{"rendered":"\t\t<div data-elementor-type=\"wp-page\" data-elementor-id=\"2987\" class=\"elementor elementor-2987 elementor-1920\" data-elementor-post-type=\"page\">\n\t\t\t\t\t\t<section class=\"elementor-section elementor-top-section elementor-element elementor-element-5c77446a elementor-section-height-min-height elementor-section-boxed elementor-section-height-default elementor-section-items-middle\" data-id=\"5c77446a\" data-element_type=\"section\" data-settings=\"{&quot;background_background&quot;:&quot;classic&quot;}\">\n\t\t\t\t\t\t\t<div class=\"elementor-background-overlay\"><\/div>\n\t\t\t\t\t\t\t<div class=\"elementor-container elementor-column-gap-default\">\n\t\t\t\t\t<div class=\"elementor-column elementor-col-100 elementor-top-column elementor-element elementor-element-5cd90bd4\" data-id=\"5cd90bd4\" data-element_type=\"column\">\n\t\t\t<div class=\"elementor-widget-wrap elementor-element-populated\">\n\t\t\t\t\t\t<div class=\"elementor-element elementor-element-4737f756 elementor-widget elementor-widget-heading\" data-id=\"4737f756\" data-element_type=\"widget\" data-widget_type=\"heading.default\">\n\t\t\t\t<div class=\"elementor-widget-container\">\n\t\t\t<h1 class=\"elementor-heading-title elementor-size-default\">Nota legale di simHERO<\/h1>\t\t<\/div>\n\t\t\t\t<\/div>\n\t\t\t\t\t<\/div>\n\t\t<\/div>\n\t\t\t\t\t<\/div>\n\t\t<\/section>\n\t\t\t\t<section class=\"elementor-section elementor-top-section elementor-element elementor-element-993902c elementor-section-boxed elementor-section-height-default elementor-section-height-default\" data-id=\"993902c\" data-element_type=\"section\">\n\t\t\t\t\t\t<div class=\"elementor-container elementor-column-gap-default\">\n\t\t\t\t\t<div class=\"elementor-column elementor-col-100 elementor-top-column elementor-element elementor-element-f7ae327\" data-id=\"f7ae327\" data-element_type=\"column\">\n\t\t\t<div class=\"elementor-widget-wrap elementor-element-populated\">\n\t\t\t\t\t\t<div class=\"elementor-element elementor-element-0079617 elementor-widget elementor-widget-text-editor\" data-id=\"0079617\" data-element_type=\"widget\" data-widget_type=\"text-editor.default\">\n\t\t\t\t<div class=\"elementor-widget-container\">\n\t\t\t\t\t\t\t<p><span lang=\"it-IT\"><b>Obblighi generali di informazione ai sensi del \u00a7 5 della legge sul commercio elettronico (E-Commerce Act\/ECG)<\/b><\/span><\/p><p>Freeeway GmbH<\/p><p>Technologiezentrum \u2013 Techlab<\/p><p>Thomas A. Edison Strasse 2<\/p><p>7000 Eisenstadt, Austria<\/p><p><span lang=\"it-IT\">Telefono: +43 (0) 2682 21707<\/span><\/p><p><span lang=\"it-IT\">FN 425395G, Tribunale Regionale di Eisenstadt<\/span><\/p><p><span lang=\"fr-FR\">Email: impressum@freeeway.com<\/span><\/p><p><span lang=\"fr-FR\">Partita IVA: ATU 69153079<\/span><\/p><p><span lang=\"it-IT\"><b>Settore:<\/b><\/span><span lang=\"it-IT\"> vendita per corrispondenza, Internet e commercio generale e consulenza, contabilit\u00e0 e informatica<\/span><\/p><p><span lang=\"it-IT\"><b>Oggetto sociale:<\/b><\/span><span lang=\"it-IT\"> commercio per corrispondenza, servizi informatici<\/span><\/p><p><span lang=\"it-IT\"><b>Prezzi:<\/b><\/span><span lang=\"it-IT\"> tutti i prezzi indicati su questo sito web, incluse le sottopagine, sono prezzi NETTI soggetti all\u2019imposta austriaca.<\/span><\/p><p><span lang=\"en-GB\"><b>Managing Director:<\/b><\/span><\/p><p><span lang=\"en-GB\">Harald Fuchs<\/span><\/p><p><span lang=\"en-GB\">Thomas A. Edison Strasse 2<\/span><\/p><p><span lang=\"it-IT\">7000 Eisenstadt, Austria<\/span><\/p><p><span lang=\"it-IT\">Autorit\u00e0 di regolamentazione: Autorit\u00e0 di regolamentazione austriaca per la radiodiffusione e le telecomunicazioni (RTR), Mariahilfer Strasse 77-79, A-1060 Vienna, Austria<\/span><\/p>\t\t\t\t\t\t<\/div>\n\t\t\t\t<\/div>\n\t\t\t\t<div class=\"elementor-element elementor-element-eb29e2f elementor-widget elementor-widget-accordion\" data-id=\"eb29e2f\" data-element_type=\"widget\" data-widget_type=\"accordion.default\">\n\t\t\t\t<div class=\"elementor-widget-container\">\n\t\t\t\t\t<div class=\"elementor-accordion\">\n\t\t\t\t\t\t\t<div class=\"elementor-accordion-item\">\n\t\t\t\t\t<div id=\"elementor-tab-title-2461\" class=\"elementor-tab-title\" data-tab=\"1\" role=\"button\" aria-controls=\"elementor-tab-content-2461\" aria-expanded=\"false\">\n\t\t\t\t\t\t\t\t\t\t\t\t\t<span class=\"elementor-accordion-icon elementor-accordion-icon-left\" aria-hidden=\"true\">\n\t\t\t\t\t\t\t\t\t\t\t\t\t\t\t<span class=\"elementor-accordion-icon-closed\"><i class=\"fas fa-plus\"><\/i><\/span>\n\t\t\t\t\t\t\t\t<span class=\"elementor-accordion-icon-opened\"><i class=\"fas fa-minus\"><\/i><\/span>\n\t\t\t\t\t\t\t\t\t\t\t\t\t\t<\/span>\n\t\t\t\t\t\t\t\t\t\t\t\t<a class=\"elementor-accordion-title\" tabindex=\"0\">1. Contenuto del sito web<\/a>\n\t\t\t\t\t<\/div>\n\t\t\t\t\t<div id=\"elementor-tab-content-2461\" class=\"elementor-tab-content elementor-clearfix\" data-tab=\"1\" role=\"region\" aria-labelledby=\"elementor-tab-title-2461\"><p><span lang=\"it-IT\">L&#8217;autore non si assume alcuna responsabilit\u00e0 per l&#8217;attualit\u00e0, l&#8217;accuratezza, la completezza e la qualit\u00e0 delle informazioni fornite. Sono escluse richieste di risarcimento contro l&#8217;autore per danni pecuniari o non pecuniari derivanti dall&#8217;utilizzo o dal mancato utilizzo delle informazioni fornite o dall&#8217;utilizzo di informazioni errate o incomplete, fatto salvo il caso in cui possa essere dimostrato un comportamento doloso o di negligenza dell\u2019autore. Tutte le offerte sono senza impegno e soggette a modifiche senza preavviso. L&#8217;autore si riserva espressamente il diritto di modificare, ampliare o cancellare parzialmente o del tutto il sito web senza alcun preavviso specifico o di interromperne temporaneamente o definitivamente la pubblicazione.<\/span><\/p><\/div>\n\t\t\t\t<\/div>\n\t\t\t\t\t\t\t<div class=\"elementor-accordion-item\">\n\t\t\t\t\t<div id=\"elementor-tab-title-2462\" class=\"elementor-tab-title\" data-tab=\"2\" role=\"button\" aria-controls=\"elementor-tab-content-2462\" aria-expanded=\"false\">\n\t\t\t\t\t\t\t\t\t\t\t\t\t<span class=\"elementor-accordion-icon elementor-accordion-icon-left\" aria-hidden=\"true\">\n\t\t\t\t\t\t\t\t\t\t\t\t\t\t\t<span class=\"elementor-accordion-icon-closed\"><i class=\"fas fa-plus\"><\/i><\/span>\n\t\t\t\t\t\t\t\t<span class=\"elementor-accordion-icon-opened\"><i class=\"fas fa-minus\"><\/i><\/span>\n\t\t\t\t\t\t\t\t\t\t\t\t\t\t<\/span>\n\t\t\t\t\t\t\t\t\t\t\t\t<a class=\"elementor-accordion-title\" tabindex=\"0\">2. Riferimenti e link<\/a>\n\t\t\t\t\t<\/div>\n\t\t\t\t\t<div id=\"elementor-tab-content-2462\" class=\"elementor-tab-content elementor-clearfix\" data-tab=\"2\" role=\"region\" aria-labelledby=\"elementor-tab-title-2462\"><p><span lang=\"it-IT\">L&#8217;autore sar\u00e0 ritenuto responsabile per i riferimenti diretti o indiretti a siti web di terzi (&#8220;link&#8221;) che ricadono al di fuori della sua responsabilit\u00e0 solo nel caso in cui sia a conoscenza di tali contenuti e, laddove i contenuti siano illegali, solo nel caso in cui sarebbe stato tecnicamente possibile per l&#8217;autore impedirne l&#8217;uso e tale impedimento sarebbe stato ragionevolmente prevedibile. L&#8217;autore dichiara espressamente che al momento dell&#8217;inserimento dei link non erano presenti contenuti illegali sulle pagine collegate. L&#8217;autore non ha alcuna influenza sulla struttura attuale e futura, sui contenuti e sulla paternit\u00e0 delle pagine collegate. Pertanto l&#8217;autore si dissocia dai contenuti di tutte le pagine collegate che sono state modificate dopo l\u2019inserimento dei link. Tale dichiarazione vale per tutti i link e i riferimenti che compaiono nei contenuti del sito web dell\u2019autore, nonch\u00e9 per le informazioni inserite da terzi nei guest book, nei forum di discussione e nelle mailing list integrati dall&#8217;autore. La responsabilit\u00e0 per contenuti illegali, errati o incompleti e in particolare per danni derivanti dall&#8217;utilizzo o dal mancato utilizzo di tali informazioni ricade esclusivamente sul fornitore della pagina collegata e non sulla parte che si limita a fare riferimento a tale pubblicazione tramite link.<\/span><\/p><\/div>\n\t\t\t\t<\/div>\n\t\t\t\t\t\t\t<div class=\"elementor-accordion-item\">\n\t\t\t\t\t<div id=\"elementor-tab-title-2463\" class=\"elementor-tab-title\" data-tab=\"3\" role=\"button\" aria-controls=\"elementor-tab-content-2463\" aria-expanded=\"false\">\n\t\t\t\t\t\t\t\t\t\t\t\t\t<span class=\"elementor-accordion-icon elementor-accordion-icon-left\" aria-hidden=\"true\">\n\t\t\t\t\t\t\t\t\t\t\t\t\t\t\t<span class=\"elementor-accordion-icon-closed\"><i class=\"fas fa-plus\"><\/i><\/span>\n\t\t\t\t\t\t\t\t<span class=\"elementor-accordion-icon-opened\"><i class=\"fas fa-minus\"><\/i><\/span>\n\t\t\t\t\t\t\t\t\t\t\t\t\t\t<\/span>\n\t\t\t\t\t\t\t\t\t\t\t\t<a class=\"elementor-accordion-title\" tabindex=\"0\">3. Diritti d\u2019autore e marchi commerciali<\/a>\n\t\t\t\t\t<\/div>\n\t\t\t\t\t<div id=\"elementor-tab-content-2463\" class=\"elementor-tab-content elementor-clearfix\" data-tab=\"3\" role=\"region\" aria-labelledby=\"elementor-tab-title-2463\"><p><span lang=\"it-IT\">L&#8217;autore si impegna a rispettare in tutte le pubblicazioni i diritti d&#8217;autore su grafici, file sonori, sequenze video e testi utilizzati, a utilizzare grafici, file sonori, sequenze video e testi da lui stesso creati, oppure a ricorrere a grafici, file sonori, sequenze video e testi esenti da diritti d&#8217;autore. Tutti i marchi e i marchi commerciali citati in questo sito web ed eventualmente protetti da terzi sono soggetti, senza limitazioni, alle disposizioni del diritto vigente in materia di marchi e sono regolati dai diritti proprietari del proprietario registrato. I riferimenti ai marchi di fabbrica non devono essere interpretati come un\u2019indicazione che i marchi non sono protetti dai diritti di terzi. Il diritto d&#8217;autore sul materiale pubblicato creato dall&#8217;autore rimane di esclusiva propriet\u00e0 dell&#8217;autore delle pagine. La riproduzione o l&#8217;utilizzo in altre pubblicazioni elettroniche o stampate di tali grafici, file audio, sequenze video e testi non \u00e8 consentita senza l&#8217;espresso consenso dell&#8217;autore.<\/span><\/p><\/div>\n\t\t\t\t<\/div>\n\t\t\t\t\t\t\t<div class=\"elementor-accordion-item\">\n\t\t\t\t\t<div id=\"elementor-tab-title-2464\" class=\"elementor-tab-title\" data-tab=\"4\" role=\"button\" aria-controls=\"elementor-tab-content-2464\" aria-expanded=\"false\">\n\t\t\t\t\t\t\t\t\t\t\t\t\t<span class=\"elementor-accordion-icon elementor-accordion-icon-left\" aria-hidden=\"true\">\n\t\t\t\t\t\t\t\t\t\t\t\t\t\t\t<span class=\"elementor-accordion-icon-closed\"><i class=\"fas fa-plus\"><\/i><\/span>\n\t\t\t\t\t\t\t\t<span class=\"elementor-accordion-icon-opened\"><i class=\"fas fa-minus\"><\/i><\/span>\n\t\t\t\t\t\t\t\t\t\t\t\t\t\t<\/span>\n\t\t\t\t\t\t\t\t\t\t\t\t<a class=\"elementor-accordion-title\" tabindex=\"0\">4. Effetto legale della presente esclusione di responsabilit\u00e0<\/a>\n\t\t\t\t\t<\/div>\n\t\t\t\t\t<div id=\"elementor-tab-content-2464\" class=\"elementor-tab-content elementor-clearfix\" data-tab=\"4\" role=\"region\" aria-labelledby=\"elementor-tab-title-2464\"><p><span lang=\"it-IT\">La presente esclusione di responsabilit\u00e0 \u00e8 considerata parte del sito web contenente un link a questa pagina. Qualora parti o singole formulazioni del presente testo non siano conformi alla legislazione vigente, non lo siano pi\u00f9 o non lo siano completamente, il contenuto e la validit\u00e0 delle restanti sezioni del documento rimangono inalterati.<\/span><\/p><\/div>\n\t\t\t\t<\/div>\n\t\t\t\t\t\t\t<div class=\"elementor-accordion-item\">\n\t\t\t\t\t<div id=\"elementor-tab-title-2465\" class=\"elementor-tab-title\" data-tab=\"5\" role=\"button\" aria-controls=\"elementor-tab-content-2465\" aria-expanded=\"false\">\n\t\t\t\t\t\t\t\t\t\t\t\t\t<span class=\"elementor-accordion-icon elementor-accordion-icon-left\" aria-hidden=\"true\">\n\t\t\t\t\t\t\t\t\t\t\t\t\t\t\t<span class=\"elementor-accordion-icon-closed\"><i class=\"fas fa-plus\"><\/i><\/span>\n\t\t\t\t\t\t\t\t<span class=\"elementor-accordion-icon-opened\"><i class=\"fas fa-minus\"><\/i><\/span>\n\t\t\t\t\t\t\t\t\t\t\t\t\t\t<\/span>\n\t\t\t\t\t\t\t\t\t\t\t\t<a class=\"elementor-accordion-title\" tabindex=\"0\">5. Avviso sulla protezione dei dati<\/a>\n\t\t\t\t\t<\/div>\n\t\t\t\t\t<div id=\"elementor-tab-content-2465\" class=\"elementor-tab-content elementor-clearfix\" data-tab=\"5\" role=\"region\" aria-labelledby=\"elementor-tab-title-2465\"><p><span lang=\"it-IT\">Questo sito web utilizza Google Analytics, uno strumento di analisi web di Google Inc. (Google). Google Analytics utilizza i cosiddetti &#8220;cookies&#8221;, file di testo che vengono memorizzati sul tuo computer e consentono un&#8217;analisi del tuo utilizzo del sito web. Le informazioni generate dal cookie sull&#8217;utilizzo di questo sito web (compreso il tuo sito web) vengono trasmesse a un server di Google negli Stati Uniti dove vengono memorizzate. Google utilizzer\u00e0 queste informazioni allo scopo di analizzare il tuo utilizzo del sito web, compilare report sulle attivit\u00e0 del sito web e per consentire al gestore del sito web di fornire altri servizi relativi all&#8217;utilizzo del sito web e di Internet. Google pu\u00f2 anche trasferire queste informazioni a terzi laddove ci\u00f2 sia prescritto dalla legge o laddove tali terzi elaborino le informazioni per conto di Google. Google non assocer\u00e0 in nessun caso l&#8217;indirizzo IP dell&#8217;utente con altri dati memorizzati da Google Inc. Puoi rifiutarti di memorizzare i cookies selezionando l&#8217;impostazione corrispondente nel tuo browser; tuttavia, ti preghiamo di notare che in tal caso, potresti non essere in grado di utilizzare tutte le funzioni del sito web. Utilizzando il presente sito web, acconsenti al trattamento dei tuoi dati da parte di Google nelle modalit\u00e0 e per i fini sopraindicati.<\/span><\/p><\/div>\n\t\t\t\t<\/div>\n\t\t\t\t\t\t\t\t<\/div>\n\t\t\t\t<\/div>\n\t\t\t\t<\/div>\n\t\t\t\t\t<\/div>\n\t\t<\/div>\n\t\t\t\t\t<\/div>\n\t\t<\/section>\n\t\t\t\t<\/div>\n\t\t","protected":false},"excerpt":{"rendered":"<p>Nota legale di simHERO Obblighi generali di informazione ai sensi del \u00a7 5 della legge sul commercio elettronico (E-Commerce Act\/ECG) Freeeway GmbH Technologiezentrum \u2013 Techlab Thomas A. Edison Strasse 2 7000 Eisenstadt, Austria Telefono: +43 (0) 2682 21707 FN 425395G, Tribunale Regionale di Eisenstadt Email: impressum@freeeway.com Partita IVA: ATU 69153079 Settore: vendita per corrispondenza, Internet [&hellip;]<\/p>\n","protected":false},"author":2,"featured_media":3213,"parent":0,"menu_order":0,"comment_status":"closed","ping_status":"closed","template":"elementor_header_footer","meta":{"footnotes":""},"yoast_head":"<!-- This site is optimized with the Yoast SEO plugin v23.4 - https:\/\/yoast.com\/wordpress\/plugins\/seo\/ -->\n<title>imprint - simHERO<\/title>\n<meta name=\"robots\" content=\"index, follow, max-snippet:-1, max-image-preview:large, max-video-preview:-1\" \/>\n<link rel=\"canonical\" href=\"https:\/\/simhero.com\/it\/imprint\/\" \/>\n<meta property=\"og:locale\" content=\"it_IT\" \/>\n<meta property=\"og:type\" content=\"article\" \/>\n<meta property=\"og:title\" content=\"imprint - simHERO\" \/>\n<meta property=\"og:description\" content=\"Nota legale di simHERO Obblighi generali di informazione ai sensi del \u00a7 5 della legge sul commercio elettronico (E-Commerce Act\/ECG) Freeeway GmbH Technologiezentrum \u2013 Techlab Thomas A. Edison Strasse 2 7000 Eisenstadt, Austria Telefono: +43 (0) 2682 21707 FN 425395G, Tribunale Regionale di Eisenstadt Email: impressum@freeeway.com Partita IVA: ATU 69153079 Settore: vendita per corrispondenza, Internet [&hellip;]\" \/>\n<meta property=\"og:url\" content=\"https:\/\/simhero.com\/it\/imprint\/\" \/>\n<meta property=\"og:site_name\" content=\"simHERO\" \/>\n<meta property=\"article:publisher\" content=\"https:\/\/www.facebook.com\/freeewaysimhero\/\" \/>\n<meta property=\"article:modified_time\" content=\"2020-11-24T00:19:39+00:00\" \/>\n<meta property=\"og:image\" content=\"http:\/\/ec2-3-124-25-54.eu-central-1.compute.amazonaws.com\/wp-content\/uploads\/2020\/05\/what-we-do.png\" \/>\n\t<meta property=\"og:image:width\" content=\"2880\" \/>\n\t<meta property=\"og:image:height\" content=\"1200\" \/>\n\t<meta property=\"og:image:type\" content=\"image\/png\" \/>\n<meta name=\"twitter:card\" content=\"summary_large_image\" \/>\n<meta name=\"twitter:label1\" content=\"Tempo di lettura stimato\" \/>\n\t<meta name=\"twitter:data1\" content=\"4 minuti\" \/>\n<script type=\"application\/ld+json\" class=\"yoast-schema-graph\">{\"@context\":\"https:\/\/schema.org\",\"@graph\":[{\"@type\":\"WebPage\",\"@id\":\"https:\/\/simhero.com\/it\/imprint\/\",\"url\":\"https:\/\/simhero.com\/it\/imprint\/\",\"name\":\"imprint - simHERO\",\"isPartOf\":{\"@id\":\"https:\/\/www.simhero.com\/it\/#website\"},\"primaryImageOfPage\":{\"@id\":\"https:\/\/simhero.com\/it\/imprint\/#primaryimage\"},\"image\":{\"@id\":\"https:\/\/simhero.com\/it\/imprint\/#primaryimage\"},\"thumbnailUrl\":\"https:\/\/simhero.com\/wp-content\/uploads\/2020\/05\/what-we-do.png\",\"datePublished\":\"2020-11-23T07:59:12+00:00\",\"dateModified\":\"2020-11-24T00:19:39+00:00\",\"breadcrumb\":{\"@id\":\"https:\/\/simhero.com\/it\/imprint\/#breadcrumb\"},\"inLanguage\":\"it-IT\",\"potentialAction\":[{\"@type\":\"ReadAction\",\"target\":[\"https:\/\/simhero.com\/it\/imprint\/\"]}]},{\"@type\":\"ImageObject\",\"inLanguage\":\"it-IT\",\"@id\":\"https:\/\/simhero.com\/it\/imprint\/#primaryimage\",\"url\":\"https:\/\/simhero.com\/wp-content\/uploads\/2020\/05\/what-we-do.png\",\"contentUrl\":\"https:\/\/simhero.com\/wp-content\/uploads\/2020\/05\/what-we-do.png\",\"width\":2880,\"height\":1200},{\"@type\":\"BreadcrumbList\",\"@id\":\"https:\/\/simhero.com\/it\/imprint\/#breadcrumb\",\"itemListElement\":[{\"@type\":\"ListItem\",\"position\":1,\"name\":\"Home\",\"item\":\"http:\/\/ec2-3-124-25-54.eu-central-1.compute.amazonaws.com\/it\/\"},{\"@type\":\"ListItem\",\"position\":2,\"name\":\"imprint\"}]},{\"@type\":\"WebSite\",\"@id\":\"https:\/\/www.simhero.com\/it\/#website\",\"url\":\"https:\/\/www.simhero.com\/it\/\",\"name\":\"simHERO\",\"description\":\"\",\"potentialAction\":[{\"@type\":\"SearchAction\",\"target\":{\"@type\":\"EntryPoint\",\"urlTemplate\":\"https:\/\/www.simhero.com\/it\/?s={search_term_string}\"},\"query-input\":{\"@type\":\"PropertyValueSpecification\",\"valueRequired\":true,\"valueName\":\"search_term_string\"}}],\"inLanguage\":\"it-IT\"}]}<\/script>\n<!-- \/ Yoast SEO plugin. -->","yoast_head_json":{"title":"imprint - simHERO","robots":{"index":"index","follow":"follow","max-snippet":"max-snippet:-1","max-image-preview":"max-image-preview:large","max-video-preview":"max-video-preview:-1"},"canonical":"https:\/\/simhero.com\/it\/imprint\/","og_locale":"it_IT","og_type":"article","og_title":"imprint - simHERO","og_description":"Nota legale di simHERO Obblighi generali di informazione ai sensi del \u00a7 5 della legge sul commercio elettronico (E-Commerce Act\/ECG) Freeeway GmbH Technologiezentrum \u2013 Techlab Thomas A. Edison Strasse 2 7000 Eisenstadt, Austria Telefono: +43 (0) 2682 21707 FN 425395G, Tribunale Regionale di Eisenstadt Email: impressum@freeeway.com Partita IVA: ATU 69153079 Settore: vendita per corrispondenza, Internet [&hellip;]","og_url":"https:\/\/simhero.com\/it\/imprint\/","og_site_name":"simHERO","article_publisher":"https:\/\/www.facebook.com\/freeewaysimhero\/","article_modified_time":"2020-11-24T00:19:39+00:00","og_image":[{"width":2880,"height":1200,"url":"http:\/\/ec2-3-124-25-54.eu-central-1.compute.amazonaws.com\/wp-content\/uploads\/2020\/05\/what-we-do.png","type":"image\/png"}],"twitter_card":"summary_large_image","twitter_misc":{"Tempo di lettura stimato":"4 minuti"},"schema":{"@context":"https:\/\/schema.org","@graph":[{"@type":"WebPage","@id":"https:\/\/simhero.com\/it\/imprint\/","url":"https:\/\/simhero.com\/it\/imprint\/","name":"imprint - simHERO","isPartOf":{"@id":"https:\/\/www.simhero.com\/it\/#website"},"primaryImageOfPage":{"@id":"https:\/\/simhero.com\/it\/imprint\/#primaryimage"},"image":{"@id":"https:\/\/simhero.com\/it\/imprint\/#primaryimage"},"thumbnailUrl":"https:\/\/simhero.com\/wp-content\/uploads\/2020\/05\/what-we-do.png","datePublished":"2020-11-23T07:59:12+00:00","dateModified":"2020-11-24T00:19:39+00:00","breadcrumb":{"@id":"https:\/\/simhero.com\/it\/imprint\/#breadcrumb"},"inLanguage":"it-IT","potentialAction":[{"@type":"ReadAction","target":["https:\/\/simhero.com\/it\/imprint\/"]}]},{"@type":"ImageObject","inLanguage":"it-IT","@id":"https:\/\/simhero.com\/it\/imprint\/#primaryimage","url":"https:\/\/simhero.com\/wp-content\/uploads\/2020\/05\/what-we-do.png","contentUrl":"https:\/\/simhero.com\/wp-content\/uploads\/2020\/05\/what-we-do.png","width":2880,"height":1200},{"@type":"BreadcrumbList","@id":"https:\/\/simhero.com\/it\/imprint\/#breadcrumb","itemListElement":[{"@type":"ListItem","position":1,"name":"Home","item":"http:\/\/ec2-3-124-25-54.eu-central-1.compute.amazonaws.com\/it\/"},{"@type":"ListItem","position":2,"name":"imprint"}]},{"@type":"WebSite","@id":"https:\/\/www.simhero.com\/it\/#website","url":"https:\/\/www.simhero.com\/it\/","name":"simHERO","description":"","potentialAction":[{"@type":"SearchAction","target":{"@type":"EntryPoint","urlTemplate":"https:\/\/www.simhero.com\/it\/?s={search_term_string}"},"query-input":{"@type":"PropertyValueSpecification","valueRequired":true,"valueName":"search_term_string"}}],"inLanguage":"it-IT"}]}},"_links":{"self":[{"href":"https:\/\/simhero.com\/it\/wp-json\/wp\/v2\/pages\/2987"}],"collection":[{"href":"https:\/\/simhero.com\/it\/wp-json\/wp\/v2\/pages"}],"about":[{"href":"https:\/\/simhero.com\/it\/wp-json\/wp\/v2\/types\/page"}],"author":[{"embeddable":true,"href":"https:\/\/simhero.com\/it\/wp-json\/wp\/v2\/users\/2"}],"replies":[{"embeddable":true,"href":"https:\/\/simhero.com\/it\/wp-json\/wp\/v2\/comments?post=2987"}],"version-history":[{"count":5,"href":"https:\/\/simhero.com\/it\/wp-json\/wp\/v2\/pages\/2987\/revisions"}],"predecessor-version":[{"id":3003,"href":"https:\/\/simhero.com\/it\/wp-json\/wp\/v2\/pages\/2987\/revisions\/3003"}],"wp:featuredmedia":[{"embeddable":true,"href":"https:\/\/simhero.com\/it\/wp-json\/wp\/v2\/media\/3213"}],"wp:attachment":[{"href":"https:\/\/simhero.com\/it\/wp-json\/wp\/v2\/media?parent=2987"}],"curies":[{"name":"wp","href":"https:\/\/api.w.org\/{rel}","templated":true}]}}