{"id":2922,"date":"2020-11-20T14:16:01","date_gmt":"2020-11-20T13:16:01","guid":{"rendered":"http:\/\/3.65.206.27\/?page_id=2922"},"modified":"2020-11-20T14:44:35","modified_gmt":"2020-11-20T13:44:35","slug":"traceurs-de-vehicules","status":"publish","type":"page","link":"https:\/\/simhero.com\/fr\/professionnels\/cas-dutilisation\/traceurs-de-vehicules\/","title":{"rendered":"Traceurs de v\u00e9hicules"},"content":{"rendered":"\t\t<div data-elementor-type=\"wp-page\" data-elementor-id=\"2922\" class=\"elementor elementor-2922 elementor-457\" data-elementor-post-type=\"page\">\n\t\t\t\t\t\t<section class=\"elementor-section elementor-top-section elementor-element elementor-element-1e4f1fd7 elementor-section-height-min-height elementor-section-boxed elementor-section-height-default elementor-section-items-middle\" data-id=\"1e4f1fd7\" data-element_type=\"section\" data-settings=\"{&quot;background_background&quot;:&quot;classic&quot;}\">\n\t\t\t\t\t\t\t<div class=\"elementor-background-overlay\"><\/div>\n\t\t\t\t\t\t\t<div class=\"elementor-container elementor-column-gap-default\">\n\t\t\t\t\t<div class=\"elementor-column elementor-col-100 elementor-top-column elementor-element elementor-element-421b76e6\" data-id=\"421b76e6\" data-element_type=\"column\">\n\t\t\t<div class=\"elementor-widget-wrap elementor-element-populated\">\n\t\t\t\t\t\t<div class=\"elementor-element elementor-element-63e774a elementor-widget elementor-widget-heading\" data-id=\"63e774a\" data-element_type=\"widget\" data-widget_type=\"heading.default\">\n\t\t\t\t<div class=\"elementor-widget-container\">\n\t\t\t<h1 class=\"elementor-heading-title elementor-size-default\">Traceurs de v\u00e9hicules simHERO<\/h1>\t\t<\/div>\n\t\t\t\t<\/div>\n\t\t\t\t\t<\/div>\n\t\t<\/div>\n\t\t\t\t\t<\/div>\n\t\t<\/section>\n\t\t\t\t<section class=\"elementor-section elementor-top-section elementor-element elementor-element-2f6bbe8b elementor-section-boxed elementor-section-height-default elementor-section-height-default\" data-id=\"2f6bbe8b\" data-element_type=\"section\">\n\t\t\t\t\t\t<div class=\"elementor-container elementor-column-gap-default\">\n\t\t\t\t\t<div class=\"elementor-column elementor-col-100 elementor-top-column elementor-element elementor-element-51646d5c\" data-id=\"51646d5c\" data-element_type=\"column\">\n\t\t\t<div class=\"elementor-widget-wrap elementor-element-populated\">\n\t\t\t\t\t\t<div class=\"elementor-element elementor-element-6307143 elementor-widget elementor-widget-heading\" data-id=\"6307143\" data-element_type=\"widget\" data-widget_type=\"heading.default\">\n\t\t\t\t<div class=\"elementor-widget-container\">\n\t\t\t<h2 class=\"elementor-heading-title elementor-size-default\">Cartes SIM simHERO IoT dans les traceurs de v\u00e9hicules<\/h2>\t\t<\/div>\n\t\t\t\t<\/div>\n\t\t\t\t<div class=\"elementor-element elementor-element-11877ece elementor-widget elementor-widget-text-editor\" data-id=\"11877ece\" data-element_type=\"widget\" data-widget_type=\"text-editor.default\">\n\t\t\t\t<div class=\"elementor-widget-container\">\n\t\t\t\t\t\t\t<p><span lang=\"fr-FR\">De nos jours, les gens d\u00e9veloppent un lien affectif tr\u00e8s fort avec leur v\u00e9hicule. Il peut s&rsquo;agir de l&rsquo;attachement pour un v\u00e9hicule r\u00e9cemment acquis, un nouveau v\u00e9lo \u00e9lectrique, ou un scooter dans lequel on a investi ses \u00e9conomies. C&rsquo;est pourquoi simHERO assure que ce lien soit durable et que votre v\u00e9hicule soit toujours prot\u00e9g\u00e9.<\/span><\/p>\t\t\t\t\t\t<\/div>\n\t\t\t\t<\/div>\n\t\t\t\t\t<\/div>\n\t\t<\/div>\n\t\t\t\t\t<\/div>\n\t\t<\/section>\n\t\t\t\t<section class=\"elementor-section elementor-top-section elementor-element elementor-element-6ca18a9b elementor-section-content-middle elementor-section-boxed elementor-section-height-default elementor-section-height-default\" data-id=\"6ca18a9b\" data-element_type=\"section\">\n\t\t\t\t\t\t<div class=\"elementor-container elementor-column-gap-wider\">\n\t\t\t\t\t<div class=\"elementor-column elementor-col-50 elementor-top-column elementor-element elementor-element-326ac55d\" data-id=\"326ac55d\" data-element_type=\"column\">\n\t\t\t<div class=\"elementor-widget-wrap elementor-element-populated\">\n\t\t\t\t\t\t<div class=\"elementor-element elementor-element-4330cd37 elementor-widget elementor-widget-image\" data-id=\"4330cd37\" data-element_type=\"widget\" data-widget_type=\"image.default\">\n\t\t\t\t<div class=\"elementor-widget-container\">\n\t\t\t\t\t\t\t\t\t\t\t\t\t<img fetchpriority=\"high\" decoding=\"async\" width=\"800\" height=\"534\" src=\"https:\/\/simhero.com\/wp-content\/uploads\/2020\/07\/no-limits.jpg\" class=\"attachment-large size-large wp-image-2926\" alt=\"\" srcset=\"https:\/\/simhero.com\/wp-content\/uploads\/2020\/07\/no-limits.jpg 1000w, https:\/\/simhero.com\/wp-content\/uploads\/2020\/07\/no-limits-300x200.jpg 300w, https:\/\/simhero.com\/wp-content\/uploads\/2020\/07\/no-limits-768x512.jpg 768w\" sizes=\"(max-width: 800px) 100vw, 800px\" \/>\t\t\t\t\t\t\t\t\t\t\t\t\t<\/div>\n\t\t\t\t<\/div>\n\t\t\t\t\t<\/div>\n\t\t<\/div>\n\t\t\t\t<div class=\"elementor-column elementor-col-50 elementor-top-column elementor-element elementor-element-2118f14f\" data-id=\"2118f14f\" data-element_type=\"column\">\n\t\t\t<div class=\"elementor-widget-wrap elementor-element-populated\">\n\t\t\t\t\t\t<div class=\"elementor-element elementor-element-1ba50c58 elementor-widget elementor-widget-heading\" data-id=\"1ba50c58\" data-element_type=\"widget\" data-widget_type=\"heading.default\">\n\t\t\t\t<div class=\"elementor-widget-container\">\n\t\t\t<h3 class=\"elementor-heading-title elementor-size-default\">Connectivit\u00e9 IoT globale<\/h3>\t\t<\/div>\n\t\t\t\t<\/div>\n\t\t\t\t<div class=\"elementor-element elementor-element-ce05019 elementor-widget elementor-widget-heading\" data-id=\"ce05019\" data-element_type=\"widget\" data-widget_type=\"heading.default\">\n\t\t\t\t<div class=\"elementor-widget-container\">\n\t\t\t<h2 class=\"elementor-heading-title elementor-size-default\">Pas de limites nationales<\/h2>\t\t<\/div>\n\t\t\t\t<\/div>\n\t\t\t\t<div class=\"elementor-element elementor-element-58359315 elementor-widget elementor-widget-text-editor\" data-id=\"58359315\" data-element_type=\"widget\" data-widget_type=\"text-editor.default\">\n\t\t\t\t<div class=\"elementor-widget-container\">\n\t\t\t\t\t\t\t<p><span lang=\"fr-FR\">Le pire peut arriver &#8211; se rendre compte que son v\u00e9hicule a \u00e9t\u00e9 vol\u00e9 est une chose terrible. L&rsquo;un des \u00e9l\u00e9ments essentiels de la recherche est la capacit\u00e9 de le localiser en temps r\u00e9el. Quelle d\u00e9ception si le suivi n&rsquo;est pas possible uniquement parce que le v\u00e9hicule a quitt\u00e9 les fronti\u00e8res nationales\u00a0! En vous offrant la connectivit\u00e9 globale de simHERO, nous suivons la trace de ce qui vous tient \u00e0 c\u0153ur ind\u00e9pendamment des fronti\u00e8res nationales.<\/span><\/p>\t\t\t\t\t\t<\/div>\n\t\t\t\t<\/div>\n\t\t\t\t\t<\/div>\n\t\t<\/div>\n\t\t\t\t\t<\/div>\n\t\t<\/section>\n\t\t\t\t<section class=\"elementor-section elementor-top-section elementor-element elementor-element-3fa229ea elementor-section-content-middle elementor-reverse-mobile elementor-section-boxed elementor-section-height-default elementor-section-height-default\" data-id=\"3fa229ea\" data-element_type=\"section\">\n\t\t\t\t\t\t<div class=\"elementor-container elementor-column-gap-wider\">\n\t\t\t\t\t<div class=\"elementor-column elementor-col-50 elementor-top-column elementor-element elementor-element-3df7cebf\" data-id=\"3df7cebf\" data-element_type=\"column\">\n\t\t\t<div class=\"elementor-widget-wrap elementor-element-populated\">\n\t\t\t\t\t\t<div class=\"elementor-element elementor-element-7b8d7859 elementor-widget elementor-widget-heading\" data-id=\"7b8d7859\" data-element_type=\"widget\" data-widget_type=\"heading.default\">\n\t\t\t\t<div class=\"elementor-widget-container\">\n\t\t\t<h3 class=\"elementor-heading-title elementor-size-default\">R\u00e9seaux multiples<\/h3>\t\t<\/div>\n\t\t\t\t<\/div>\n\t\t\t\t<div class=\"elementor-element elementor-element-58b92ab1 elementor-widget elementor-widget-heading\" data-id=\"58b92ab1\" data-element_type=\"widget\" data-widget_type=\"heading.default\">\n\t\t\t\t<div class=\"elementor-widget-container\">\n\t\t\t<h2 class=\"elementor-heading-title elementor-size-default\">Nulle part o\u00f9 se cacher<\/h2>\t\t<\/div>\n\t\t\t\t<\/div>\n\t\t\t\t<div class=\"elementor-element elementor-element-32c14c51 elementor-widget elementor-widget-text-editor\" data-id=\"32c14c51\" data-element_type=\"widget\" data-widget_type=\"text-editor.default\">\n\t\t\t\t<div class=\"elementor-widget-container\">\n\t\t\t\t\t\t\t<p><span lang=\"fr-FR\">Nous comprenons la n\u00e9cessit\u00e9 de tracer votre v\u00e9hicule jusqu&rsquo;\u00e0 l&rsquo;endroit o\u00f9 il se situe et de suivre ses mouvements. Pour un suivi en temps r\u00e9el, un service de connectivit\u00e9 sans failles est imp\u00e9ratif. Avec simHERO, nous augmentons les chances en vous fournissant un acc\u00e8s \u00e0 notre multi-r\u00e9seau. Peu importe que votre v\u00e9hicule soit situ\u00e9 dans une zone o\u00f9 le signal r\u00e9seau est faible car nous ne nous fions pas seulement \u00e0 un seul mais \u00e0 de multiples r\u00e9seaux pour que votre traceur soit toujours connect\u00e9.<\/span><\/p>\t\t\t\t\t\t<\/div>\n\t\t\t\t<\/div>\n\t\t\t\t\t<\/div>\n\t\t<\/div>\n\t\t\t\t<div class=\"elementor-column elementor-col-50 elementor-top-column elementor-element elementor-element-2fc8e55f\" data-id=\"2fc8e55f\" data-element_type=\"column\">\n\t\t\t<div class=\"elementor-widget-wrap elementor-element-populated\">\n\t\t\t\t\t\t<div class=\"elementor-element elementor-element-fff627f elementor-widget elementor-widget-image\" data-id=\"fff627f\" data-element_type=\"widget\" data-widget_type=\"image.default\">\n\t\t\t\t<div class=\"elementor-widget-container\">\n\t\t\t\t\t\t\t\t\t\t\t\t\t<img decoding=\"async\" width=\"640\" height=\"425\" src=\"https:\/\/simhero.com\/wp-content\/uploads\/2020\/06\/hide.jpg\" class=\"attachment-large size-large wp-image-2925\" alt=\"\" srcset=\"https:\/\/simhero.com\/wp-content\/uploads\/2020\/06\/hide.jpg 640w, https:\/\/simhero.com\/wp-content\/uploads\/2020\/06\/hide-300x199.jpg 300w\" sizes=\"(max-width: 640px) 100vw, 640px\" \/>\t\t\t\t\t\t\t\t\t\t\t\t\t<\/div>\n\t\t\t\t<\/div>\n\t\t\t\t\t<\/div>\n\t\t<\/div>\n\t\t\t\t\t<\/div>\n\t\t<\/section>\n\t\t\t\t<section class=\"elementor-section elementor-top-section elementor-element elementor-element-50dc929e elementor-section-content-middle elementor-section-boxed elementor-section-height-default elementor-section-height-default\" data-id=\"50dc929e\" data-element_type=\"section\">\n\t\t\t\t\t\t<div class=\"elementor-container elementor-column-gap-wider\">\n\t\t\t\t\t<div class=\"elementor-column elementor-col-50 elementor-top-column elementor-element elementor-element-36cd72a8\" data-id=\"36cd72a8\" data-element_type=\"column\">\n\t\t\t<div class=\"elementor-widget-wrap elementor-element-populated\">\n\t\t\t\t\t\t<div class=\"elementor-element elementor-element-29f258e3 elementor-widget elementor-widget-image\" data-id=\"29f258e3\" data-element_type=\"widget\" data-widget_type=\"image.default\">\n\t\t\t\t<div class=\"elementor-widget-container\">\n\t\t\t\t\t\t\t\t\t\t\t\t\t<img decoding=\"async\" width=\"800\" height=\"534\" src=\"https:\/\/simhero.com\/wp-content\/uploads\/2020\/07\/vehicle-new-technologies-iStock-174746783.jpg\" class=\"attachment-large size-large wp-image-2692\" alt=\"\" srcset=\"https:\/\/simhero.com\/wp-content\/uploads\/2020\/07\/vehicle-new-technologies-iStock-174746783.jpg 1000w, https:\/\/simhero.com\/wp-content\/uploads\/2020\/07\/vehicle-new-technologies-iStock-174746783-300x200.jpg 300w, https:\/\/simhero.com\/wp-content\/uploads\/2020\/07\/vehicle-new-technologies-iStock-174746783-768x512.jpg 768w\" sizes=\"(max-width: 800px) 100vw, 800px\" \/>\t\t\t\t\t\t\t\t\t\t\t\t\t<\/div>\n\t\t\t\t<\/div>\n\t\t\t\t\t<\/div>\n\t\t<\/div>\n\t\t\t\t<div class=\"elementor-column elementor-col-50 elementor-top-column elementor-element elementor-element-6bd63f6a\" data-id=\"6bd63f6a\" data-element_type=\"column\">\n\t\t\t<div class=\"elementor-widget-wrap elementor-element-populated\">\n\t\t\t\t\t\t<div class=\"elementor-element elementor-element-11488c93 elementor-widget elementor-widget-heading\" data-id=\"11488c93\" data-element_type=\"widget\" data-widget_type=\"heading.default\">\n\t\t\t\t<div class=\"elementor-widget-container\">\n\t\t\t<h3 class=\"elementor-heading-title elementor-size-default\">Nouvelles technologies mobiles<\/h3>\t\t<\/div>\n\t\t\t\t<\/div>\n\t\t\t\t<div class=\"elementor-element elementor-element-9f68141 elementor-widget elementor-widget-heading\" data-id=\"9f68141\" data-element_type=\"widget\" data-widget_type=\"heading.default\">\n\t\t\t\t<div class=\"elementor-widget-container\">\n\t\t\t<h2 class=\"elementor-heading-title elementor-size-default\">Continuez \u00e0 suivre<\/h2>\t\t<\/div>\n\t\t\t\t<\/div>\n\t\t\t\t<div class=\"elementor-element elementor-element-64c47f51 elementor-widget elementor-widget-text-editor\" data-id=\"64c47f51\" data-element_type=\"widget\" data-widget_type=\"text-editor.default\">\n\t\t\t\t<div class=\"elementor-widget-container\">\n\t\t\t\t\t\t\t<p><span lang=\"fr-FR\">L&rsquo;un des principaux probl\u00e8mes des dispositifs de suivi en g\u00e9n\u00e9ral est la dur\u00e9e de vie de la batterie. En cons\u00e9quence, de nombreux fabricants utilisent les nouvelles technologies mobiles telles que LTE CAT M1 qui, non seulement connectent votre traceur, mais augmentent \u00e9galement le temps global d&rsquo;utilisation de votre batterie. Il est \u00e9vident que sans \u00e9nergie, pas de suivi. C&rsquo;est pourquoi simHERO fait tout son possible pour mettre \u00e0 disposition cette nouvelle technologie dans le plus grand nombre de r\u00e9seaux possible.<\/span><\/p>\t\t\t\t\t\t<\/div>\n\t\t\t\t<\/div>\n\t\t\t\t\t<\/div>\n\t\t<\/div>\n\t\t\t\t\t<\/div>\n\t\t<\/section>\n\t\t\t\t<\/div>\n\t\t","protected":false},"excerpt":{"rendered":"<p>Traceurs de v\u00e9hicules simHERO Cartes SIM simHERO IoT dans les traceurs de v\u00e9hicules De nos jours, les gens d\u00e9veloppent un lien affectif tr\u00e8s fort avec leur v\u00e9hicule. Il peut s&rsquo;agir de l&rsquo;attachement pour un v\u00e9hicule r\u00e9cemment acquis, un nouveau v\u00e9lo \u00e9lectrique, ou un scooter dans lequel on a investi ses \u00e9conomies. C&rsquo;est pourquoi simHERO assure [&hellip;]<\/p>\n","protected":false},"author":2,"featured_media":0,"parent":2682,"menu_order":0,"comment_status":"closed","ping_status":"closed","template":"elementor_header_footer","meta":{"footnotes":""},"yoast_head":"<!-- This site is optimized with the Yoast SEO plugin v23.4 - https:\/\/yoast.com\/wordpress\/plugins\/seo\/ -->\n<title>Traceurs de v\u00e9hicules - simHERO<\/title>\n<meta name=\"robots\" content=\"index, follow, max-snippet:-1, max-image-preview:large, max-video-preview:-1\" \/>\n<link rel=\"canonical\" href=\"https:\/\/simhero.com\/fr\/professionnels\/cas-dutilisation\/traceurs-de-vehicules\/\" \/>\n<meta property=\"og:locale\" content=\"fr_FR\" \/>\n<meta property=\"og:type\" content=\"article\" \/>\n<meta property=\"og:title\" content=\"Traceurs de v\u00e9hicules - simHERO\" \/>\n<meta property=\"og:description\" content=\"Traceurs de v\u00e9hicules simHERO Cartes SIM simHERO IoT dans les traceurs de v\u00e9hicules De nos jours, les gens d\u00e9veloppent un lien affectif tr\u00e8s fort avec leur v\u00e9hicule. Il peut s&rsquo;agir de l&rsquo;attachement pour un v\u00e9hicule r\u00e9cemment acquis, un nouveau v\u00e9lo \u00e9lectrique, ou un scooter dans lequel on a investi ses \u00e9conomies. C&rsquo;est pourquoi simHERO assure [&hellip;]\" \/>\n<meta property=\"og:url\" content=\"https:\/\/simhero.com\/fr\/professionnels\/cas-dutilisation\/traceurs-de-vehicules\/\" \/>\n<meta property=\"og:site_name\" content=\"simHERO\" \/>\n<meta property=\"article:publisher\" content=\"https:\/\/www.facebook.com\/freeewaysimhero\/\" \/>\n<meta property=\"article:modified_time\" content=\"2020-11-20T13:44:35+00:00\" \/>\n<meta property=\"og:image\" content=\"http:\/\/3.65.206.27\/wp-content\/uploads\/2020\/07\/no-limits.jpg\" \/>\n<meta name=\"twitter:card\" content=\"summary_large_image\" \/>\n<meta name=\"twitter:label1\" content=\"Dur\u00e9e de lecture estim\u00e9e\" \/>\n\t<meta name=\"twitter:data1\" content=\"2 minutes\" \/>\n<script type=\"application\/ld+json\" class=\"yoast-schema-graph\">{\"@context\":\"https:\/\/schema.org\",\"@graph\":[{\"@type\":\"WebPage\",\"@id\":\"https:\/\/simhero.com\/fr\/professionnels\/cas-dutilisation\/traceurs-de-vehicules\/\",\"url\":\"https:\/\/simhero.com\/fr\/professionnels\/cas-dutilisation\/traceurs-de-vehicules\/\",\"name\":\"Traceurs de v\u00e9hicules - simHERO\",\"isPartOf\":{\"@id\":\"https:\/\/simhero.com\/fr\/#website\"},\"primaryImageOfPage\":{\"@id\":\"https:\/\/simhero.com\/fr\/professionnels\/cas-dutilisation\/traceurs-de-vehicules\/#primaryimage\"},\"image\":{\"@id\":\"https:\/\/simhero.com\/fr\/professionnels\/cas-dutilisation\/traceurs-de-vehicules\/#primaryimage\"},\"thumbnailUrl\":\"http:\/\/3.65.206.27\/wp-content\/uploads\/2020\/07\/no-limits.jpg\",\"datePublished\":\"2020-11-20T13:16:01+00:00\",\"dateModified\":\"2020-11-20T13:44:35+00:00\",\"breadcrumb\":{\"@id\":\"https:\/\/simhero.com\/fr\/professionnels\/cas-dutilisation\/traceurs-de-vehicules\/#breadcrumb\"},\"inLanguage\":\"fr-FR\",\"potentialAction\":[{\"@type\":\"ReadAction\",\"target\":[\"https:\/\/simhero.com\/fr\/professionnels\/cas-dutilisation\/traceurs-de-vehicules\/\"]}]},{\"@type\":\"ImageObject\",\"inLanguage\":\"fr-FR\",\"@id\":\"https:\/\/simhero.com\/fr\/professionnels\/cas-dutilisation\/traceurs-de-vehicules\/#primaryimage\",\"url\":\"http:\/\/3.65.206.27\/wp-content\/uploads\/2020\/07\/no-limits.jpg\",\"contentUrl\":\"http:\/\/3.65.206.27\/wp-content\/uploads\/2020\/07\/no-limits.jpg\"},{\"@type\":\"BreadcrumbList\",\"@id\":\"https:\/\/simhero.com\/fr\/professionnels\/cas-dutilisation\/traceurs-de-vehicules\/#breadcrumb\",\"itemListElement\":[{\"@type\":\"ListItem\",\"position\":1,\"name\":\"Accueil\",\"item\":\"http:\/\/simhero.com\/fr\/\"},{\"@type\":\"ListItem\",\"position\":2,\"name\":\"Professionnels\",\"item\":\"http:\/\/simhero.com\/fr\/professionnels\/\"},{\"@type\":\"ListItem\",\"position\":3,\"name\":\"Cas d&rsquo;utilisation\",\"item\":\"https:\/\/simhero.com\/fr\/professionnels\/cas-dutilisation\/\"},{\"@type\":\"ListItem\",\"position\":4,\"name\":\"Traceurs de v\u00e9hicules\"}]},{\"@type\":\"WebSite\",\"@id\":\"https:\/\/simhero.com\/fr\/#website\",\"url\":\"https:\/\/simhero.com\/fr\/\",\"name\":\"simHERO\",\"description\":\"\",\"potentialAction\":[{\"@type\":\"SearchAction\",\"target\":{\"@type\":\"EntryPoint\",\"urlTemplate\":\"https:\/\/simhero.com\/fr\/?s={search_term_string}\"},\"query-input\":{\"@type\":\"PropertyValueSpecification\",\"valueRequired\":true,\"valueName\":\"search_term_string\"}}],\"inLanguage\":\"fr-FR\"}]}<\/script>\n<!-- \/ Yoast SEO plugin. -->","yoast_head_json":{"title":"Traceurs de v\u00e9hicules - simHERO","robots":{"index":"index","follow":"follow","max-snippet":"max-snippet:-1","max-image-preview":"max-image-preview:large","max-video-preview":"max-video-preview:-1"},"canonical":"https:\/\/simhero.com\/fr\/professionnels\/cas-dutilisation\/traceurs-de-vehicules\/","og_locale":"fr_FR","og_type":"article","og_title":"Traceurs de v\u00e9hicules - simHERO","og_description":"Traceurs de v\u00e9hicules simHERO Cartes SIM simHERO IoT dans les traceurs de v\u00e9hicules De nos jours, les gens d\u00e9veloppent un lien affectif tr\u00e8s fort avec leur v\u00e9hicule. Il peut s&rsquo;agir de l&rsquo;attachement pour un v\u00e9hicule r\u00e9cemment acquis, un nouveau v\u00e9lo \u00e9lectrique, ou un scooter dans lequel on a investi ses \u00e9conomies. C&rsquo;est pourquoi simHERO assure [&hellip;]","og_url":"https:\/\/simhero.com\/fr\/professionnels\/cas-dutilisation\/traceurs-de-vehicules\/","og_site_name":"simHERO","article_publisher":"https:\/\/www.facebook.com\/freeewaysimhero\/","article_modified_time":"2020-11-20T13:44:35+00:00","og_image":[{"url":"http:\/\/3.65.206.27\/wp-content\/uploads\/2020\/07\/no-limits.jpg"}],"twitter_card":"summary_large_image","twitter_misc":{"Dur\u00e9e de lecture estim\u00e9e":"2 minutes"},"schema":{"@context":"https:\/\/schema.org","@graph":[{"@type":"WebPage","@id":"https:\/\/simhero.com\/fr\/professionnels\/cas-dutilisation\/traceurs-de-vehicules\/","url":"https:\/\/simhero.com\/fr\/professionnels\/cas-dutilisation\/traceurs-de-vehicules\/","name":"Traceurs de v\u00e9hicules - simHERO","isPartOf":{"@id":"https:\/\/simhero.com\/fr\/#website"},"primaryImageOfPage":{"@id":"https:\/\/simhero.com\/fr\/professionnels\/cas-dutilisation\/traceurs-de-vehicules\/#primaryimage"},"image":{"@id":"https:\/\/simhero.com\/fr\/professionnels\/cas-dutilisation\/traceurs-de-vehicules\/#primaryimage"},"thumbnailUrl":"http:\/\/3.65.206.27\/wp-content\/uploads\/2020\/07\/no-limits.jpg","datePublished":"2020-11-20T13:16:01+00:00","dateModified":"2020-11-20T13:44:35+00:00","breadcrumb":{"@id":"https:\/\/simhero.com\/fr\/professionnels\/cas-dutilisation\/traceurs-de-vehicules\/#breadcrumb"},"inLanguage":"fr-FR","potentialAction":[{"@type":"ReadAction","target":["https:\/\/simhero.com\/fr\/professionnels\/cas-dutilisation\/traceurs-de-vehicules\/"]}]},{"@type":"ImageObject","inLanguage":"fr-FR","@id":"https:\/\/simhero.com\/fr\/professionnels\/cas-dutilisation\/traceurs-de-vehicules\/#primaryimage","url":"http:\/\/3.65.206.27\/wp-content\/uploads\/2020\/07\/no-limits.jpg","contentUrl":"http:\/\/3.65.206.27\/wp-content\/uploads\/2020\/07\/no-limits.jpg"},{"@type":"BreadcrumbList","@id":"https:\/\/simhero.com\/fr\/professionnels\/cas-dutilisation\/traceurs-de-vehicules\/#breadcrumb","itemListElement":[{"@type":"ListItem","position":1,"name":"Accueil","item":"http:\/\/simhero.com\/fr\/"},{"@type":"ListItem","position":2,"name":"Professionnels","item":"http:\/\/simhero.com\/fr\/professionnels\/"},{"@type":"ListItem","position":3,"name":"Cas d&rsquo;utilisation","item":"https:\/\/simhero.com\/fr\/professionnels\/cas-dutilisation\/"},{"@type":"ListItem","position":4,"name":"Traceurs de v\u00e9hicules"}]},{"@type":"WebSite","@id":"https:\/\/simhero.com\/fr\/#website","url":"https:\/\/simhero.com\/fr\/","name":"simHERO","description":"","potentialAction":[{"@type":"SearchAction","target":{"@type":"EntryPoint","urlTemplate":"https:\/\/simhero.com\/fr\/?s={search_term_string}"},"query-input":{"@type":"PropertyValueSpecification","valueRequired":true,"valueName":"search_term_string"}}],"inLanguage":"fr-FR"}]}},"_links":{"self":[{"href":"https:\/\/simhero.com\/fr\/wp-json\/wp\/v2\/pages\/2922"}],"collection":[{"href":"https:\/\/simhero.com\/fr\/wp-json\/wp\/v2\/pages"}],"about":[{"href":"https:\/\/simhero.com\/fr\/wp-json\/wp\/v2\/types\/page"}],"author":[{"embeddable":true,"href":"https:\/\/simhero.com\/fr\/wp-json\/wp\/v2\/users\/2"}],"replies":[{"embeddable":true,"href":"https:\/\/simhero.com\/fr\/wp-json\/wp\/v2\/comments?post=2922"}],"version-history":[{"count":4,"href":"https:\/\/simhero.com\/fr\/wp-json\/wp\/v2\/pages\/2922\/revisions"}],"predecessor-version":[{"id":2960,"href":"https:\/\/simhero.com\/fr\/wp-json\/wp\/v2\/pages\/2922\/revisions\/2960"}],"up":[{"embeddable":true,"href":"https:\/\/simhero.com\/fr\/wp-json\/wp\/v2\/pages\/2682"}],"wp:attachment":[{"href":"https:\/\/simhero.com\/fr\/wp-json\/wp\/v2\/media?parent=2922"}],"curies":[{"name":"wp","href":"https:\/\/api.w.org\/{rel}","templated":true}]}}