{"id":2916,"date":"2020-11-20T14:15:27","date_gmt":"2020-11-20T13:15:27","guid":{"rendered":"http:\/\/3.65.206.27\/?page_id=2916"},"modified":"2020-11-20T14:43:04","modified_gmt":"2020-11-20T13:43:04","slug":"traceurs-pour-animaux-de-compagnie","status":"publish","type":"page","link":"https:\/\/simhero.com\/fr\/professionnels\/cas-dutilisation\/traceurs-pour-animaux-de-compagnie\/","title":{"rendered":"Traceurs pour animaux de compagnie"},"content":{"rendered":"\t\t<div data-elementor-type=\"wp-page\" data-elementor-id=\"2916\" class=\"elementor elementor-2916 elementor-455\" data-elementor-post-type=\"page\">\n\t\t\t\t\t\t<section class=\"elementor-section elementor-top-section elementor-element elementor-element-1d369f1a elementor-section-height-min-height elementor-section-boxed elementor-section-height-default elementor-section-items-middle\" data-id=\"1d369f1a\" data-element_type=\"section\" data-settings=\"{&quot;background_background&quot;:&quot;classic&quot;}\">\n\t\t\t\t\t\t\t<div class=\"elementor-background-overlay\"><\/div>\n\t\t\t\t\t\t\t<div class=\"elementor-container elementor-column-gap-default\">\n\t\t\t\t\t<div class=\"elementor-column elementor-col-100 elementor-top-column elementor-element elementor-element-42776d90\" data-id=\"42776d90\" data-element_type=\"column\">\n\t\t\t<div class=\"elementor-widget-wrap elementor-element-populated\">\n\t\t\t\t\t\t<div class=\"elementor-element elementor-element-c9359d7 elementor-widget elementor-widget-heading\" data-id=\"c9359d7\" data-element_type=\"widget\" data-widget_type=\"heading.default\">\n\t\t\t\t<div class=\"elementor-widget-container\">\n\t\t\t<h1 class=\"elementor-heading-title elementor-size-default\">Traceurs pour animaux de compagnie simHERO<\/h1>\t\t<\/div>\n\t\t\t\t<\/div>\n\t\t\t\t\t<\/div>\n\t\t<\/div>\n\t\t\t\t\t<\/div>\n\t\t<\/section>\n\t\t\t\t<section class=\"elementor-section elementor-top-section elementor-element elementor-element-48b7a1d9 elementor-section-boxed elementor-section-height-default elementor-section-height-default\" data-id=\"48b7a1d9\" data-element_type=\"section\">\n\t\t\t\t\t\t<div class=\"elementor-container elementor-column-gap-default\">\n\t\t\t\t\t<div class=\"elementor-column elementor-col-100 elementor-top-column elementor-element elementor-element-34e5f01e\" data-id=\"34e5f01e\" data-element_type=\"column\">\n\t\t\t<div class=\"elementor-widget-wrap elementor-element-populated\">\n\t\t\t\t\t\t<div class=\"elementor-element elementor-element-b12ad31 elementor-widget elementor-widget-heading\" data-id=\"b12ad31\" data-element_type=\"widget\" data-widget_type=\"heading.default\">\n\t\t\t\t<div class=\"elementor-widget-container\">\n\t\t\t<h2 class=\"elementor-heading-title elementor-size-default\">Cartes SIM IoT simHERO dans les traceurs pour animaux de compagnie<\/h2>\t\t<\/div>\n\t\t\t\t<\/div>\n\t\t\t\t<div class=\"elementor-element elementor-element-13404091 elementor-widget elementor-widget-text-editor\" data-id=\"13404091\" data-element_type=\"widget\" data-widget_type=\"text-editor.default\">\n\t\t\t\t<div class=\"elementor-widget-container\">\n\t\t\t\t\t\t\t<p><span lang=\"fr-FR\">Les cartes SIM IoT simHERO assurent la s\u00e9curit\u00e9 de votre animal familier. Les propri\u00e9taires d&rsquo;animaux de compagnie n&rsquo;ont plus \u00e0 s&rsquo;inqui\u00e9ter si leur chien s&rsquo;en va tout seul \u00e0 l&rsquo;aventure, et si leur chat va faire un tour dans les rues. Gr\u00e2ce \u00e0 la connectivit\u00e9 IoT simHERO, les propri\u00e9taires d&rsquo;animaux de compagnie peuvent localiser leurs animaux et sont alert\u00e9s si ceux-ci quittent le domicile. Quelle que soit la distance parcourue par l&rsquo;animal, gr\u00e2ce \u00e0 simHERO vous gardez le contr\u00f4le.<\/span><\/p>\t\t\t\t\t\t<\/div>\n\t\t\t\t<\/div>\n\t\t\t\t\t<\/div>\n\t\t<\/div>\n\t\t\t\t\t<\/div>\n\t\t<\/section>\n\t\t\t\t<section class=\"elementor-section elementor-top-section elementor-element elementor-element-7d4f1ea2 elementor-section-content-middle elementor-section-boxed elementor-section-height-default elementor-section-height-default\" data-id=\"7d4f1ea2\" data-element_type=\"section\">\n\t\t\t\t\t\t<div class=\"elementor-container elementor-column-gap-wider\">\n\t\t\t\t\t<div class=\"elementor-column elementor-col-50 elementor-top-column elementor-element elementor-element-4749be97\" data-id=\"4749be97\" data-element_type=\"column\">\n\t\t\t<div class=\"elementor-widget-wrap elementor-element-populated\">\n\t\t\t\t\t\t<div class=\"elementor-element elementor-element-74d44798 elementor-widget elementor-widget-image\" data-id=\"74d44798\" data-element_type=\"widget\" data-widget_type=\"image.default\">\n\t\t\t\t<div class=\"elementor-widget-container\">\n\t\t\t\t\t\t\t\t\t\t\t\t\t<img fetchpriority=\"high\" decoding=\"async\" width=\"640\" height=\"426\" src=\"https:\/\/simhero.com\/wp-content\/uploads\/2020\/06\/dog-running.jpg\" class=\"attachment-large size-large wp-image-2918\" alt=\"\" srcset=\"https:\/\/simhero.com\/wp-content\/uploads\/2020\/06\/dog-running.jpg 640w, https:\/\/simhero.com\/wp-content\/uploads\/2020\/06\/dog-running-300x200.jpg 300w\" sizes=\"(max-width: 640px) 100vw, 640px\" \/>\t\t\t\t\t\t\t\t\t\t\t\t\t<\/div>\n\t\t\t\t<\/div>\n\t\t\t\t\t<\/div>\n\t\t<\/div>\n\t\t\t\t<div class=\"elementor-column elementor-col-50 elementor-top-column elementor-element elementor-element-16ce2cb5\" data-id=\"16ce2cb5\" data-element_type=\"column\">\n\t\t\t<div class=\"elementor-widget-wrap elementor-element-populated\">\n\t\t\t\t\t\t<div class=\"elementor-element elementor-element-21bb710 elementor-widget elementor-widget-heading\" data-id=\"21bb710\" data-element_type=\"widget\" data-widget_type=\"heading.default\">\n\t\t\t\t<div class=\"elementor-widget-container\">\n\t\t\t<h3 class=\"elementor-heading-title elementor-size-default\">Carte SIM IoT globale<\/h3>\t\t<\/div>\n\t\t\t\t<\/div>\n\t\t\t\t<div class=\"elementor-element elementor-element-443b5614 elementor-widget elementor-widget-heading\" data-id=\"443b5614\" data-element_type=\"widget\" data-widget_type=\"heading.default\">\n\t\t\t\t<div class=\"elementor-widget-container\">\n\t\t\t<h2 class=\"elementor-heading-title elementor-size-default\">Viens ici !<\/h2>\t\t<\/div>\n\t\t\t\t<\/div>\n\t\t\t\t<div class=\"elementor-element elementor-element-7c429a9d elementor-widget elementor-widget-text-editor\" data-id=\"7c429a9d\" data-element_type=\"widget\" data-widget_type=\"text-editor.default\">\n\t\t\t\t<div class=\"elementor-widget-container\">\n\t\t\t\t\t\t\t<p><span lang=\"fr-FR\">Les animaux de compagnie sont toujours \u00e0 l&rsquo;aff\u00fbt de nouvelles aventures. Pour surveiller chacun de leurs mouvements, simHERO s&rsquo;assure que vos petits ch\u00e9ris sont toujours \u00e0 port\u00e9e de vue. Que ce soit pendant une promenade en for\u00eat ou dans une zone o\u00f9 le signal r\u00e9seau est instable, notre carte SIM IoT globale garde toujours un \u0153il sur votre animal, aussi bien en montagne qu&rsquo;en plaine.<\/span><\/p>\t\t\t\t\t\t<\/div>\n\t\t\t\t<\/div>\n\t\t\t\t\t<\/div>\n\t\t<\/div>\n\t\t\t\t\t<\/div>\n\t\t<\/section>\n\t\t\t\t<section class=\"elementor-section elementor-top-section elementor-element elementor-element-78eb0abe elementor-section-content-middle elementor-reverse-mobile elementor-section-boxed elementor-section-height-default elementor-section-height-default\" data-id=\"78eb0abe\" data-element_type=\"section\">\n\t\t\t\t\t\t<div class=\"elementor-container elementor-column-gap-wider\">\n\t\t\t\t\t<div class=\"elementor-column elementor-col-50 elementor-top-column elementor-element elementor-element-4328e1dd\" data-id=\"4328e1dd\" data-element_type=\"column\">\n\t\t\t<div class=\"elementor-widget-wrap elementor-element-populated\">\n\t\t\t\t\t\t<div class=\"elementor-element elementor-element-538dbb3e elementor-widget elementor-widget-heading\" data-id=\"538dbb3e\" data-element_type=\"widget\" data-widget_type=\"heading.default\">\n\t\t\t\t<div class=\"elementor-widget-container\">\n\t\t\t<h3 class=\"elementor-heading-title elementor-size-default\">Pas une carte SIM pour r\u00e9seau local<\/h3>\t\t<\/div>\n\t\t\t\t<\/div>\n\t\t\t\t<div class=\"elementor-element elementor-element-46c9fb3e elementor-widget elementor-widget-heading\" data-id=\"46c9fb3e\" data-element_type=\"widget\" data-widget_type=\"heading.default\">\n\t\t\t\t<div class=\"elementor-widget-container\">\n\t\t\t<h2 class=\"elementor-heading-title elementor-size-default\">Animaux de compagnie en vacances<\/h2>\t\t<\/div>\n\t\t\t\t<\/div>\n\t\t\t\t<div class=\"elementor-element elementor-element-15a64b02 elementor-widget elementor-widget-text-editor\" data-id=\"15a64b02\" data-element_type=\"widget\" data-widget_type=\"text-editor.default\">\n\t\t\t\t<div class=\"elementor-widget-container\">\n\t\t\t\t\t\t\t<p><span lang=\"fr-FR\">Les animaux de compagnie sont comme des membres de la famille, c&rsquo;est pourquoi vous pouvez avoir envie d&#8217;emmener votre chien ou votre chat en vacances avec vous. simHERO s&rsquo;assure que vous et votre animal pouvez profiter \u00e0 plein de vos vacances sans vous soucier des cartes SIM qui fonctionnent avec le r\u00e9seau local. Nous faisons le n\u00e9cessaire pour que tous les membres de votre famille, m\u00eame les animaux, soient en s\u00e9curit\u00e9 et en bonne sant\u00e9.<\/span><\/p>\t\t\t\t\t\t<\/div>\n\t\t\t\t<\/div>\n\t\t\t\t\t<\/div>\n\t\t<\/div>\n\t\t\t\t<div class=\"elementor-column elementor-col-50 elementor-top-column elementor-element elementor-element-1602ad29\" data-id=\"1602ad29\" data-element_type=\"column\">\n\t\t\t<div class=\"elementor-widget-wrap elementor-element-populated\">\n\t\t\t\t\t\t<div class=\"elementor-element elementor-element-1590a6f1 elementor-widget elementor-widget-image\" data-id=\"1590a6f1\" data-element_type=\"widget\" data-widget_type=\"image.default\">\n\t\t\t\t<div class=\"elementor-widget-container\">\n\t\t\t\t\t\t\t\t\t\t\t\t\t<img decoding=\"async\" width=\"640\" height=\"426\" src=\"https:\/\/simhero.com\/wp-content\/uploads\/2020\/06\/dog-holiday.jpg\" class=\"attachment-large size-large wp-image-2919\" alt=\"\" srcset=\"https:\/\/simhero.com\/wp-content\/uploads\/2020\/06\/dog-holiday.jpg 640w, https:\/\/simhero.com\/wp-content\/uploads\/2020\/06\/dog-holiday-300x200.jpg 300w\" sizes=\"(max-width: 640px) 100vw, 640px\" \/>\t\t\t\t\t\t\t\t\t\t\t\t\t<\/div>\n\t\t\t\t<\/div>\n\t\t\t\t\t<\/div>\n\t\t<\/div>\n\t\t\t\t\t<\/div>\n\t\t<\/section>\n\t\t\t\t<section class=\"elementor-section elementor-top-section elementor-element elementor-element-73d93708 elementor-section-content-middle elementor-section-boxed elementor-section-height-default elementor-section-height-default\" data-id=\"73d93708\" data-element_type=\"section\">\n\t\t\t\t\t\t<div class=\"elementor-container elementor-column-gap-wider\">\n\t\t\t\t\t<div class=\"elementor-column elementor-col-50 elementor-top-column elementor-element elementor-element-5d7eef4d\" data-id=\"5d7eef4d\" data-element_type=\"column\">\n\t\t\t<div class=\"elementor-widget-wrap elementor-element-populated\">\n\t\t\t\t\t\t<div class=\"elementor-element elementor-element-4ca0f702 elementor-widget elementor-widget-image\" data-id=\"4ca0f702\" data-element_type=\"widget\" data-widget_type=\"image.default\">\n\t\t\t\t<div class=\"elementor-widget-container\">\n\t\t\t\t\t\t\t\t\t\t\t\t\t<img decoding=\"async\" width=\"640\" height=\"426\" src=\"https:\/\/simhero.com\/wp-content\/uploads\/2020\/06\/trendy.jpg\" class=\"attachment-large size-large wp-image-2920\" alt=\"\" srcset=\"https:\/\/simhero.com\/wp-content\/uploads\/2020\/06\/trendy.jpg 640w, https:\/\/simhero.com\/wp-content\/uploads\/2020\/06\/trendy-300x200.jpg 300w\" sizes=\"(max-width: 640px) 100vw, 640px\" \/>\t\t\t\t\t\t\t\t\t\t\t\t\t<\/div>\n\t\t\t\t<\/div>\n\t\t\t\t\t<\/div>\n\t\t<\/div>\n\t\t\t\t<div class=\"elementor-column elementor-col-50 elementor-top-column elementor-element elementor-element-1eda6d1c\" data-id=\"1eda6d1c\" data-element_type=\"column\">\n\t\t\t<div class=\"elementor-widget-wrap elementor-element-populated\">\n\t\t\t\t\t\t<div class=\"elementor-element elementor-element-4d538d9e elementor-widget elementor-widget-heading\" data-id=\"4d538d9e\" data-element_type=\"widget\" data-widget_type=\"heading.default\">\n\t\t\t\t<div class=\"elementor-widget-container\">\n\t\t\t<h3 class=\"elementor-heading-title elementor-size-default\">Suivez les tendances<\/h3>\t\t<\/div>\n\t\t\t\t<\/div>\n\t\t\t\t<div class=\"elementor-element elementor-element-6bf6eb3 elementor-widget elementor-widget-heading\" data-id=\"6bf6eb3\" data-element_type=\"widget\" data-widget_type=\"heading.default\">\n\t\t\t\t<div class=\"elementor-widget-container\">\n\t\t\t<h2 class=\"elementor-heading-title elementor-size-default\">Retour vers le futur<\/h2>\t\t<\/div>\n\t\t\t\t<\/div>\n\t\t\t\t<div class=\"elementor-element elementor-element-6761d1c4 elementor-widget elementor-widget-text-editor\" data-id=\"6761d1c4\" data-element_type=\"widget\" data-widget_type=\"text-editor.default\">\n\t\t\t\t<div class=\"elementor-widget-container\">\n\t\t\t\t\t\t\t<p><span lang=\"fr-FR\">Alors que la plupart des traceurs utilisent la technologie 2G, simHERO s&rsquo;est d\u00e9j\u00e0 pr\u00e9par\u00e9 pour la prochaine version de dispositifs de suivi d&rsquo;animaux de compagnie en proposant LTE CAT M1 et nous avons alternativement NB-IoT en rayon. simHERO s&rsquo;assure que vous puissiez suivre les tendances en b\u00e9n\u00e9ficiant de l&rsquo;acc\u00e8s et du soutien n\u00e9cessaires pour impressionner vos clients.<\/span><\/p>\t\t\t\t\t\t<\/div>\n\t\t\t\t<\/div>\n\t\t\t\t\t<\/div>\n\t\t<\/div>\n\t\t\t\t\t<\/div>\n\t\t<\/section>\n\t\t\t\t<section class=\"elementor-section elementor-top-section elementor-element elementor-element-294c6802 elementor-section-content-middle elementor-reverse-mobile elementor-section-boxed elementor-section-height-default elementor-section-height-default\" data-id=\"294c6802\" data-element_type=\"section\">\n\t\t\t\t\t\t<div class=\"elementor-container elementor-column-gap-wider\">\n\t\t\t\t\t<div class=\"elementor-column elementor-col-50 elementor-top-column elementor-element elementor-element-3c03a5c\" data-id=\"3c03a5c\" data-element_type=\"column\">\n\t\t\t<div class=\"elementor-widget-wrap elementor-element-populated\">\n\t\t\t\t\t\t<div class=\"elementor-element elementor-element-65cf3574 elementor-widget elementor-widget-heading\" data-id=\"65cf3574\" data-element_type=\"widget\" data-widget_type=\"heading.default\">\n\t\t\t\t<div class=\"elementor-widget-container\">\n\t\t\t<h3 class=\"elementor-heading-title elementor-size-default\">Donn\u00e9es mobiles<\/h3>\t\t<\/div>\n\t\t\t\t<\/div>\n\t\t\t\t<div class=\"elementor-element elementor-element-a675a46 elementor-widget elementor-widget-heading\" data-id=\"a675a46\" data-element_type=\"widget\" data-widget_type=\"heading.default\">\n\t\t\t\t<div class=\"elementor-widget-container\">\n\t\t\t<h2 class=\"elementor-heading-title elementor-size-default\">O\u00f9 \u00eates-vous all\u00e9 ? O\u00f9 \u00eates-vous \u00e0 pr\u00e9sent ?<\/h2>\t\t<\/div>\n\t\t\t\t<\/div>\n\t\t\t\t<div class=\"elementor-element elementor-element-3c8901b0 elementor-widget elementor-widget-text-editor\" data-id=\"3c8901b0\" data-element_type=\"widget\" data-widget_type=\"text-editor.default\">\n\t\t\t\t<div class=\"elementor-widget-container\">\n\t\t\t\t\t\t\t<p><span lang=\"fr-FR\">Soit vous<\/span><span lang=\"fr-FR\"> voulez savoir o\u00f9 est votre animal de compagnie maintenant, soit vous voulez savoir o\u00f9 il est all\u00e9 toute la journ\u00e9e, cela n&rsquo;a pas d&rsquo;importance \u00e9tant donn\u00e9 que simHERO propose des services qui permettent de faire les deux. Utilisez les SMS ou les donn\u00e9es pour tracer sa position actuelle ou suivre votre petit ch\u00e9ri pendant des heures d&rsquo;affil\u00e9e en utilisant les donn\u00e9es mobiles. Tout est possible avec les forfaits simHERO pr\u00e9pay\u00e9s \u00ab\u00a0pay\u00a0as you go\u00a0\u00bb ou les services ULTIME.<\/span><\/p><p><span lang=\"en-US\">\u00a0<\/span><\/p>\t\t\t\t\t\t<\/div>\n\t\t\t\t<\/div>\n\t\t\t\t\t<\/div>\n\t\t<\/div>\n\t\t\t\t<div class=\"elementor-column elementor-col-50 elementor-top-column elementor-element elementor-element-25f60cc0\" data-id=\"25f60cc0\" data-element_type=\"column\">\n\t\t\t<div class=\"elementor-widget-wrap elementor-element-populated\">\n\t\t\t\t\t\t<div class=\"elementor-element elementor-element-22616f6e elementor-widget elementor-widget-image\" data-id=\"22616f6e\" data-element_type=\"widget\" data-widget_type=\"image.default\">\n\t\t\t\t<div class=\"elementor-widget-container\">\n\t\t\t\t\t\t\t\t\t\t\t\t\t<img loading=\"lazy\" decoding=\"async\" width=\"640\" height=\"426\" src=\"https:\/\/simhero.com\/wp-content\/uploads\/2020\/06\/pettrackers.jpg\" class=\"attachment-large size-large wp-image-2584\" alt=\"\" srcset=\"https:\/\/simhero.com\/wp-content\/uploads\/2020\/06\/pettrackers.jpg 640w, https:\/\/simhero.com\/wp-content\/uploads\/2020\/06\/pettrackers-300x200.jpg 300w\" sizes=\"(max-width: 640px) 100vw, 640px\" \/>\t\t\t\t\t\t\t\t\t\t\t\t\t<\/div>\n\t\t\t\t<\/div>\n\t\t\t\t\t<\/div>\n\t\t<\/div>\n\t\t\t\t\t<\/div>\n\t\t<\/section>\n\t\t\t\t<\/div>\n\t\t","protected":false},"excerpt":{"rendered":"<p>Traceurs pour animaux de compagnie simHERO Cartes SIM IoT simHERO dans les traceurs pour animaux de compagnie Les cartes SIM IoT simHERO assurent la s\u00e9curit\u00e9 de votre animal familier. Les propri\u00e9taires d&rsquo;animaux de compagnie n&rsquo;ont plus \u00e0 s&rsquo;inqui\u00e9ter si leur chien s&rsquo;en va tout seul \u00e0 l&rsquo;aventure, et si leur chat va faire un tour [&hellip;]<\/p>\n","protected":false},"author":2,"featured_media":2921,"parent":2682,"menu_order":0,"comment_status":"closed","ping_status":"closed","template":"elementor_header_footer","meta":{"footnotes":""},"yoast_head":"<!-- This site is optimized with the Yoast SEO plugin v23.4 - https:\/\/yoast.com\/wordpress\/plugins\/seo\/ -->\n<title>Traceurs pour animaux de compagnie - simHERO<\/title>\n<meta name=\"robots\" content=\"index, follow, max-snippet:-1, max-image-preview:large, max-video-preview:-1\" \/>\n<link rel=\"canonical\" href=\"https:\/\/simhero.com\/fr\/professionnels\/cas-dutilisation\/traceurs-pour-animaux-de-compagnie\/\" \/>\n<meta property=\"og:locale\" content=\"fr_FR\" \/>\n<meta property=\"og:type\" content=\"article\" \/>\n<meta property=\"og:title\" content=\"Traceurs pour animaux de compagnie - simHERO\" \/>\n<meta property=\"og:description\" content=\"Traceurs pour animaux de compagnie simHERO Cartes SIM IoT simHERO dans les traceurs pour animaux de compagnie Les cartes SIM IoT simHERO assurent la s\u00e9curit\u00e9 de votre animal familier. Les propri\u00e9taires d&rsquo;animaux de compagnie n&rsquo;ont plus \u00e0 s&rsquo;inqui\u00e9ter si leur chien s&rsquo;en va tout seul \u00e0 l&rsquo;aventure, et si leur chat va faire un tour [&hellip;]\" \/>\n<meta property=\"og:url\" content=\"https:\/\/simhero.com\/fr\/professionnels\/cas-dutilisation\/traceurs-pour-animaux-de-compagnie\/\" \/>\n<meta property=\"og:site_name\" content=\"simHERO\" \/>\n<meta property=\"article:publisher\" content=\"https:\/\/www.facebook.com\/freeewaysimhero\/\" \/>\n<meta property=\"article:modified_time\" content=\"2020-11-20T13:43:04+00:00\" \/>\n<meta property=\"og:image\" content=\"https:\/\/simhero.com\/wp-content\/uploads\/2020\/07\/pet-tracker-cat-1-scaled.jpg\" \/>\n\t<meta property=\"og:image:width\" content=\"2560\" \/>\n\t<meta property=\"og:image:height\" content=\"1067\" \/>\n\t<meta property=\"og:image:type\" content=\"image\/jpeg\" \/>\n<meta name=\"twitter:card\" content=\"summary_large_image\" \/>\n<meta name=\"twitter:label1\" content=\"Dur\u00e9e de lecture estim\u00e9e\" \/>\n\t<meta name=\"twitter:data1\" content=\"2 minutes\" \/>\n<script type=\"application\/ld+json\" class=\"yoast-schema-graph\">{\"@context\":\"https:\/\/schema.org\",\"@graph\":[{\"@type\":\"WebPage\",\"@id\":\"https:\/\/simhero.com\/fr\/professionnels\/cas-dutilisation\/traceurs-pour-animaux-de-compagnie\/\",\"url\":\"https:\/\/simhero.com\/fr\/professionnels\/cas-dutilisation\/traceurs-pour-animaux-de-compagnie\/\",\"name\":\"Traceurs pour animaux de compagnie - simHERO\",\"isPartOf\":{\"@id\":\"https:\/\/simhero.com\/fr\/#website\"},\"primaryImageOfPage\":{\"@id\":\"https:\/\/simhero.com\/fr\/professionnels\/cas-dutilisation\/traceurs-pour-animaux-de-compagnie\/#primaryimage\"},\"image\":{\"@id\":\"https:\/\/simhero.com\/fr\/professionnels\/cas-dutilisation\/traceurs-pour-animaux-de-compagnie\/#primaryimage\"},\"thumbnailUrl\":\"https:\/\/simhero.com\/wp-content\/uploads\/2020\/07\/pet-tracker-cat-1-scaled.jpg\",\"datePublished\":\"2020-11-20T13:15:27+00:00\",\"dateModified\":\"2020-11-20T13:43:04+00:00\",\"breadcrumb\":{\"@id\":\"https:\/\/simhero.com\/fr\/professionnels\/cas-dutilisation\/traceurs-pour-animaux-de-compagnie\/#breadcrumb\"},\"inLanguage\":\"fr-FR\",\"potentialAction\":[{\"@type\":\"ReadAction\",\"target\":[\"https:\/\/simhero.com\/fr\/professionnels\/cas-dutilisation\/traceurs-pour-animaux-de-compagnie\/\"]}]},{\"@type\":\"ImageObject\",\"inLanguage\":\"fr-FR\",\"@id\":\"https:\/\/simhero.com\/fr\/professionnels\/cas-dutilisation\/traceurs-pour-animaux-de-compagnie\/#primaryimage\",\"url\":\"https:\/\/simhero.com\/wp-content\/uploads\/2020\/07\/pet-tracker-cat-1-scaled.jpg\",\"contentUrl\":\"https:\/\/simhero.com\/wp-content\/uploads\/2020\/07\/pet-tracker-cat-1-scaled.jpg\",\"width\":2560,\"height\":1067},{\"@type\":\"BreadcrumbList\",\"@id\":\"https:\/\/simhero.com\/fr\/professionnels\/cas-dutilisation\/traceurs-pour-animaux-de-compagnie\/#breadcrumb\",\"itemListElement\":[{\"@type\":\"ListItem\",\"position\":1,\"name\":\"Accueil\",\"item\":\"http:\/\/simhero.com\/fr\/\"},{\"@type\":\"ListItem\",\"position\":2,\"name\":\"Professionnels\",\"item\":\"http:\/\/simhero.com\/fr\/professionnels\/\"},{\"@type\":\"ListItem\",\"position\":3,\"name\":\"Cas d&rsquo;utilisation\",\"item\":\"https:\/\/simhero.com\/fr\/professionnels\/cas-dutilisation\/\"},{\"@type\":\"ListItem\",\"position\":4,\"name\":\"Traceurs pour animaux de compagnie\"}]},{\"@type\":\"WebSite\",\"@id\":\"https:\/\/simhero.com\/fr\/#website\",\"url\":\"https:\/\/simhero.com\/fr\/\",\"name\":\"simHERO\",\"description\":\"\",\"potentialAction\":[{\"@type\":\"SearchAction\",\"target\":{\"@type\":\"EntryPoint\",\"urlTemplate\":\"https:\/\/simhero.com\/fr\/?s={search_term_string}\"},\"query-input\":{\"@type\":\"PropertyValueSpecification\",\"valueRequired\":true,\"valueName\":\"search_term_string\"}}],\"inLanguage\":\"fr-FR\"}]}<\/script>\n<!-- \/ Yoast SEO plugin. -->","yoast_head_json":{"title":"Traceurs pour animaux de compagnie - simHERO","robots":{"index":"index","follow":"follow","max-snippet":"max-snippet:-1","max-image-preview":"max-image-preview:large","max-video-preview":"max-video-preview:-1"},"canonical":"https:\/\/simhero.com\/fr\/professionnels\/cas-dutilisation\/traceurs-pour-animaux-de-compagnie\/","og_locale":"fr_FR","og_type":"article","og_title":"Traceurs pour animaux de compagnie - simHERO","og_description":"Traceurs pour animaux de compagnie simHERO Cartes SIM IoT simHERO dans les traceurs pour animaux de compagnie Les cartes SIM IoT simHERO assurent la s\u00e9curit\u00e9 de votre animal familier. Les propri\u00e9taires d&rsquo;animaux de compagnie n&rsquo;ont plus \u00e0 s&rsquo;inqui\u00e9ter si leur chien s&rsquo;en va tout seul \u00e0 l&rsquo;aventure, et si leur chat va faire un tour [&hellip;]","og_url":"https:\/\/simhero.com\/fr\/professionnels\/cas-dutilisation\/traceurs-pour-animaux-de-compagnie\/","og_site_name":"simHERO","article_publisher":"https:\/\/www.facebook.com\/freeewaysimhero\/","article_modified_time":"2020-11-20T13:43:04+00:00","og_image":[{"width":2560,"height":1067,"url":"https:\/\/simhero.com\/wp-content\/uploads\/2020\/07\/pet-tracker-cat-1-scaled.jpg","type":"image\/jpeg"}],"twitter_card":"summary_large_image","twitter_misc":{"Dur\u00e9e de lecture estim\u00e9e":"2 minutes"},"schema":{"@context":"https:\/\/schema.org","@graph":[{"@type":"WebPage","@id":"https:\/\/simhero.com\/fr\/professionnels\/cas-dutilisation\/traceurs-pour-animaux-de-compagnie\/","url":"https:\/\/simhero.com\/fr\/professionnels\/cas-dutilisation\/traceurs-pour-animaux-de-compagnie\/","name":"Traceurs pour animaux de compagnie - simHERO","isPartOf":{"@id":"https:\/\/simhero.com\/fr\/#website"},"primaryImageOfPage":{"@id":"https:\/\/simhero.com\/fr\/professionnels\/cas-dutilisation\/traceurs-pour-animaux-de-compagnie\/#primaryimage"},"image":{"@id":"https:\/\/simhero.com\/fr\/professionnels\/cas-dutilisation\/traceurs-pour-animaux-de-compagnie\/#primaryimage"},"thumbnailUrl":"https:\/\/simhero.com\/wp-content\/uploads\/2020\/07\/pet-tracker-cat-1-scaled.jpg","datePublished":"2020-11-20T13:15:27+00:00","dateModified":"2020-11-20T13:43:04+00:00","breadcrumb":{"@id":"https:\/\/simhero.com\/fr\/professionnels\/cas-dutilisation\/traceurs-pour-animaux-de-compagnie\/#breadcrumb"},"inLanguage":"fr-FR","potentialAction":[{"@type":"ReadAction","target":["https:\/\/simhero.com\/fr\/professionnels\/cas-dutilisation\/traceurs-pour-animaux-de-compagnie\/"]}]},{"@type":"ImageObject","inLanguage":"fr-FR","@id":"https:\/\/simhero.com\/fr\/professionnels\/cas-dutilisation\/traceurs-pour-animaux-de-compagnie\/#primaryimage","url":"https:\/\/simhero.com\/wp-content\/uploads\/2020\/07\/pet-tracker-cat-1-scaled.jpg","contentUrl":"https:\/\/simhero.com\/wp-content\/uploads\/2020\/07\/pet-tracker-cat-1-scaled.jpg","width":2560,"height":1067},{"@type":"BreadcrumbList","@id":"https:\/\/simhero.com\/fr\/professionnels\/cas-dutilisation\/traceurs-pour-animaux-de-compagnie\/#breadcrumb","itemListElement":[{"@type":"ListItem","position":1,"name":"Accueil","item":"http:\/\/simhero.com\/fr\/"},{"@type":"ListItem","position":2,"name":"Professionnels","item":"http:\/\/simhero.com\/fr\/professionnels\/"},{"@type":"ListItem","position":3,"name":"Cas d&rsquo;utilisation","item":"https:\/\/simhero.com\/fr\/professionnels\/cas-dutilisation\/"},{"@type":"ListItem","position":4,"name":"Traceurs pour animaux de compagnie"}]},{"@type":"WebSite","@id":"https:\/\/simhero.com\/fr\/#website","url":"https:\/\/simhero.com\/fr\/","name":"simHERO","description":"","potentialAction":[{"@type":"SearchAction","target":{"@type":"EntryPoint","urlTemplate":"https:\/\/simhero.com\/fr\/?s={search_term_string}"},"query-input":{"@type":"PropertyValueSpecification","valueRequired":true,"valueName":"search_term_string"}}],"inLanguage":"fr-FR"}]}},"_links":{"self":[{"href":"https:\/\/simhero.com\/fr\/wp-json\/wp\/v2\/pages\/2916"}],"collection":[{"href":"https:\/\/simhero.com\/fr\/wp-json\/wp\/v2\/pages"}],"about":[{"href":"https:\/\/simhero.com\/fr\/wp-json\/wp\/v2\/types\/page"}],"author":[{"embeddable":true,"href":"https:\/\/simhero.com\/fr\/wp-json\/wp\/v2\/users\/2"}],"replies":[{"embeddable":true,"href":"https:\/\/simhero.com\/fr\/wp-json\/wp\/v2\/comments?post=2916"}],"version-history":[{"count":4,"href":"https:\/\/simhero.com\/fr\/wp-json\/wp\/v2\/pages\/2916\/revisions"}],"predecessor-version":[{"id":2954,"href":"https:\/\/simhero.com\/fr\/wp-json\/wp\/v2\/pages\/2916\/revisions\/2954"}],"up":[{"embeddable":true,"href":"https:\/\/simhero.com\/fr\/wp-json\/wp\/v2\/pages\/2682"}],"wp:featuredmedia":[{"embeddable":true,"href":"https:\/\/simhero.com\/fr\/wp-json\/wp\/v2\/media\/2921"}],"wp:attachment":[{"href":"https:\/\/simhero.com\/fr\/wp-json\/wp\/v2\/media?parent=2916"}],"curies":[{"name":"wp","href":"https:\/\/api.w.org\/{rel}","templated":true}]}}