{"id":2909,"date":"2020-11-20T14:14:44","date_gmt":"2020-11-20T13:14:44","guid":{"rendered":"http:\/\/3.65.206.27\/?page_id=2909"},"modified":"2020-11-20T14:41:23","modified_gmt":"2020-11-20T13:41:23","slug":"systemes-de-securite","status":"publish","type":"page","link":"https:\/\/simhero.com\/fr\/professionnels\/cas-dutilisation\/systemes-de-securite\/","title":{"rendered":"syst\u00e8mes de s\u00e9curit\u00e9"},"content":{"rendered":"\t\t<div data-elementor-type=\"wp-page\" data-elementor-id=\"2909\" class=\"elementor elementor-2909 elementor-453\" data-elementor-post-type=\"page\">\n\t\t\t\t\t\t<section class=\"elementor-section elementor-top-section elementor-element elementor-element-189f0e43 elementor-section-height-min-height elementor-section-boxed elementor-section-height-default elementor-section-items-middle\" data-id=\"189f0e43\" data-element_type=\"section\" data-settings=\"{&quot;background_background&quot;:&quot;classic&quot;}\">\n\t\t\t\t\t\t\t<div class=\"elementor-background-overlay\"><\/div>\n\t\t\t\t\t\t\t<div class=\"elementor-container elementor-column-gap-default\">\n\t\t\t\t\t<div class=\"elementor-column elementor-col-100 elementor-top-column elementor-element elementor-element-63e4dd7a\" data-id=\"63e4dd7a\" data-element_type=\"column\">\n\t\t\t<div class=\"elementor-widget-wrap elementor-element-populated\">\n\t\t\t\t\t\t<div class=\"elementor-element elementor-element-495ab5e elementor-widget elementor-widget-heading\" data-id=\"495ab5e\" data-element_type=\"widget\" data-widget_type=\"heading.default\">\n\t\t\t\t<div class=\"elementor-widget-container\">\n\t\t\t<h1 class=\"elementor-heading-title elementor-size-default\">Syst\u00e8mes de s\u00e9curit\u00e9 simHERO\n<\/h1>\t\t<\/div>\n\t\t\t\t<\/div>\n\t\t\t\t\t<\/div>\n\t\t<\/div>\n\t\t\t\t\t<\/div>\n\t\t<\/section>\n\t\t\t\t<section class=\"elementor-section elementor-top-section elementor-element elementor-element-2c73c196 elementor-section-boxed elementor-section-height-default elementor-section-height-default\" data-id=\"2c73c196\" data-element_type=\"section\">\n\t\t\t\t\t\t<div class=\"elementor-container elementor-column-gap-default\">\n\t\t\t\t\t<div class=\"elementor-column elementor-col-100 elementor-top-column elementor-element elementor-element-832e709\" data-id=\"832e709\" data-element_type=\"column\">\n\t\t\t<div class=\"elementor-widget-wrap elementor-element-populated\">\n\t\t\t\t\t\t<div class=\"elementor-element elementor-element-625b9dcf elementor-widget elementor-widget-heading\" data-id=\"625b9dcf\" data-element_type=\"widget\" data-widget_type=\"heading.default\">\n\t\t\t\t<div class=\"elementor-widget-container\">\n\t\t\t<h2 class=\"elementor-heading-title elementor-size-default\">Cartes SIM iOT simHERO dans les syst\u00e8mes de s\u00e9curit\u00e9<\/h2>\t\t<\/div>\n\t\t\t\t<\/div>\n\t\t\t\t<div class=\"elementor-element elementor-element-23d69e1a elementor-widget elementor-widget-text-editor\" data-id=\"23d69e1a\" data-element_type=\"widget\" data-widget_type=\"text-editor.default\">\n\t\t\t\t<div class=\"elementor-widget-container\">\n\t\t\t\t\t\t\t<p><span lang=\"fr-FR\">En termes de s\u00e9curit\u00e9, la connectivit\u00e9 IoT simHERO peut \u00eatre un atout majeur pour nos utilisateurs. Que la carte SIM soit utilis\u00e9e comme source primaire ou comme sauvegarde pour le syst\u00e8me de s\u00e9curit\u00e9 cellulaire, notre connectivit\u00e9 IoT multi-r\u00e9seau garantit que les \u00e9l\u00e9ments essentiels tels que la commande, la cam\u00e9ra ou la fermeture intelligente restent connect\u00e9es en cas d&rsquo;urgence.<\/span><\/p>\t\t\t\t\t\t<\/div>\n\t\t\t\t<\/div>\n\t\t\t\t\t<\/div>\n\t\t<\/div>\n\t\t\t\t\t<\/div>\n\t\t<\/section>\n\t\t\t\t<section class=\"elementor-section elementor-top-section elementor-element elementor-element-a371655 elementor-section-content-middle elementor-section-boxed elementor-section-height-default elementor-section-height-default\" data-id=\"a371655\" data-element_type=\"section\">\n\t\t\t\t\t\t<div class=\"elementor-container elementor-column-gap-wider\">\n\t\t\t\t\t<div class=\"elementor-column elementor-col-50 elementor-top-column elementor-element elementor-element-5e985c6f\" data-id=\"5e985c6f\" data-element_type=\"column\">\n\t\t\t<div class=\"elementor-widget-wrap elementor-element-populated\">\n\t\t\t\t\t\t<div class=\"elementor-element elementor-element-dcb3ae5 elementor-widget elementor-widget-image\" data-id=\"dcb3ae5\" data-element_type=\"widget\" data-widget_type=\"image.default\">\n\t\t\t\t<div class=\"elementor-widget-container\">\n\t\t\t\t\t\t\t\t\t\t\t\t\t<img fetchpriority=\"high\" decoding=\"async\" width=\"800\" height=\"534\" src=\"https:\/\/simhero.com\/wp-content\/uploads\/2020\/07\/securitysystem.jpg\" class=\"attachment-large size-large wp-image-2913\" alt=\"\" srcset=\"https:\/\/simhero.com\/wp-content\/uploads\/2020\/07\/securitysystem.jpg 1000w, https:\/\/simhero.com\/wp-content\/uploads\/2020\/07\/securitysystem-300x200.jpg 300w, https:\/\/simhero.com\/wp-content\/uploads\/2020\/07\/securitysystem-768x512.jpg 768w\" sizes=\"(max-width: 800px) 100vw, 800px\" \/>\t\t\t\t\t\t\t\t\t\t\t\t\t<\/div>\n\t\t\t\t<\/div>\n\t\t\t\t\t<\/div>\n\t\t<\/div>\n\t\t\t\t<div class=\"elementor-column elementor-col-50 elementor-top-column elementor-element elementor-element-94d04a\" data-id=\"94d04a\" data-element_type=\"column\">\n\t\t\t<div class=\"elementor-widget-wrap elementor-element-populated\">\n\t\t\t\t\t\t<div class=\"elementor-element elementor-element-508ab7ce elementor-widget elementor-widget-heading\" data-id=\"508ab7ce\" data-element_type=\"widget\" data-widget_type=\"heading.default\">\n\t\t\t\t<div class=\"elementor-widget-container\">\n\t\t\t<h3 class=\"elementor-heading-title elementor-size-default\">Restez connect\u00e9s <\/h3>\t\t<\/div>\n\t\t\t\t<\/div>\n\t\t\t\t<div class=\"elementor-element elementor-element-7e56bfd elementor-widget elementor-widget-heading\" data-id=\"7e56bfd\" data-element_type=\"widget\" data-widget_type=\"heading.default\">\n\t\t\t\t<div class=\"elementor-widget-container\">\n\t\t\t<h2 class=\"elementor-heading-title elementor-size-default\">Ici, pas de signal<\/h2>\t\t<\/div>\n\t\t\t\t<\/div>\n\t\t\t\t<div class=\"elementor-element elementor-element-1ed46fda elementor-widget elementor-widget-text-editor\" data-id=\"1ed46fda\" data-element_type=\"widget\" data-widget_type=\"text-editor.default\">\n\t\t\t\t<div class=\"elementor-widget-container\">\n\t\t\t\t\t\t\t<p><span lang=\"fr-FR\">Un syst\u00e8me de s\u00e9curit\u00e9 n&rsquo;est utile que tant qu&rsquo;il est connect\u00e9. En fournissant un acc\u00e8s \u00e0 de multiples r\u00e9seaux, la carte SIM IoT simHERO garantit que votre syst\u00e8me de s\u00e9curit\u00e9 est toujours connect\u00e9 &#8211; m\u00eame si un r\u00e9seau est d\u00e9faillant. En cas de panne, la carte SIM simHERO se connecte automatiquement au prochain r\u00e9seau disponible.<\/span><\/p>\t\t\t\t\t\t<\/div>\n\t\t\t\t<\/div>\n\t\t\t\t\t<\/div>\n\t\t<\/div>\n\t\t\t\t\t<\/div>\n\t\t<\/section>\n\t\t\t\t<section class=\"elementor-section elementor-top-section elementor-element elementor-element-7728241f elementor-section-content-middle elementor-reverse-mobile elementor-section-boxed elementor-section-height-default elementor-section-height-default\" data-id=\"7728241f\" data-element_type=\"section\">\n\t\t\t\t\t\t<div class=\"elementor-container elementor-column-gap-wider\">\n\t\t\t\t\t<div class=\"elementor-column elementor-col-50 elementor-top-column elementor-element elementor-element-6b46308b\" data-id=\"6b46308b\" data-element_type=\"column\">\n\t\t\t<div class=\"elementor-widget-wrap elementor-element-populated\">\n\t\t\t\t\t\t<div class=\"elementor-element elementor-element-1b244fd4 elementor-widget elementor-widget-heading\" data-id=\"1b244fd4\" data-element_type=\"widget\" data-widget_type=\"heading.default\">\n\t\t\t\t<div class=\"elementor-widget-container\">\n\t\t\t<h3 class=\"elementor-heading-title elementor-size-default\">Pas de WIFI n\u00e9cessaire<\/h3>\t\t<\/div>\n\t\t\t\t<\/div>\n\t\t\t\t<div class=\"elementor-element elementor-element-26779f55 elementor-widget elementor-widget-heading\" data-id=\"26779f55\" data-element_type=\"widget\" data-widget_type=\"heading.default\">\n\t\t\t\t<div class=\"elementor-widget-container\">\n\t\t\t<h2 class=\"elementor-heading-title elementor-size-default\">Pas de courant maintenant<\/h2>\t\t<\/div>\n\t\t\t\t<\/div>\n\t\t\t\t<div class=\"elementor-element elementor-element-22ac85b8 elementor-widget elementor-widget-text-editor\" data-id=\"22ac85b8\" data-element_type=\"widget\" data-widget_type=\"text-editor.default\">\n\t\t\t\t<div class=\"elementor-widget-container\">\n\t\t\t\t\t\t\t<p><span lang=\"fr-FR\">Les syst\u00e8mes de s\u00e9curit\u00e9 sans fil se connectent via WiFi ou une carte SIM. En combinaison avec le multi-r\u00e9seau disponible, simHERO, non seulement augmente la couverture, mais r\u00e9duit \u00e9galement le risque de perte de la connectivit\u00e9 suite \u00e0 une panne de courant. De mani\u00e8re similaire, les biens comme les maisons et les bateaux peuvent \u00eatre s\u00e9curis\u00e9s de fa\u00e7on professionnelle sans c\u00e2blage ni connexion WiFi.<\/span><\/p>\t\t\t\t\t\t<\/div>\n\t\t\t\t<\/div>\n\t\t\t\t\t<\/div>\n\t\t<\/div>\n\t\t\t\t<div class=\"elementor-column elementor-col-50 elementor-top-column elementor-element elementor-element-1e4273fe\" data-id=\"1e4273fe\" data-element_type=\"column\">\n\t\t\t<div class=\"elementor-widget-wrap elementor-element-populated\">\n\t\t\t\t\t\t<div class=\"elementor-element elementor-element-74065ff7 elementor-widget elementor-widget-image\" data-id=\"74065ff7\" data-element_type=\"widget\" data-widget_type=\"image.default\">\n\t\t\t\t<div class=\"elementor-widget-container\">\n\t\t\t\t\t\t\t\t\t\t\t\t\t<img decoding=\"async\" width=\"800\" height=\"534\" src=\"https:\/\/simhero.com\/wp-content\/uploads\/2020\/07\/no-power.jpg\" class=\"attachment-large size-large wp-image-2914\" alt=\"\" srcset=\"https:\/\/simhero.com\/wp-content\/uploads\/2020\/07\/no-power.jpg 1000w, https:\/\/simhero.com\/wp-content\/uploads\/2020\/07\/no-power-300x200.jpg 300w, https:\/\/simhero.com\/wp-content\/uploads\/2020\/07\/no-power-768x512.jpg 768w\" sizes=\"(max-width: 800px) 100vw, 800px\" \/>\t\t\t\t\t\t\t\t\t\t\t\t\t<\/div>\n\t\t\t\t<\/div>\n\t\t\t\t\t<\/div>\n\t\t<\/div>\n\t\t\t\t\t<\/div>\n\t\t<\/section>\n\t\t\t\t<section class=\"elementor-section elementor-top-section elementor-element elementor-element-85fd04 elementor-section-content-middle elementor-section-boxed elementor-section-height-default elementor-section-height-default\" data-id=\"85fd04\" data-element_type=\"section\">\n\t\t\t\t\t\t<div class=\"elementor-container elementor-column-gap-wider\">\n\t\t\t\t\t<div class=\"elementor-column elementor-col-50 elementor-top-column elementor-element elementor-element-614ac0f1\" data-id=\"614ac0f1\" data-element_type=\"column\">\n\t\t\t<div class=\"elementor-widget-wrap elementor-element-populated\">\n\t\t\t\t\t\t<div class=\"elementor-element elementor-element-62b0d2fe elementor-widget elementor-widget-image\" data-id=\"62b0d2fe\" data-element_type=\"widget\" data-widget_type=\"image.default\">\n\t\t\t\t<div class=\"elementor-widget-container\">\n\t\t\t\t\t\t\t\t\t\t\t\t\t<img decoding=\"async\" width=\"640\" height=\"426\" src=\"https:\/\/simhero.com\/wp-content\/uploads\/2020\/06\/infinity.jpg\" class=\"attachment-large size-large wp-image-2911\" alt=\"\" srcset=\"https:\/\/simhero.com\/wp-content\/uploads\/2020\/06\/infinity.jpg 640w, https:\/\/simhero.com\/wp-content\/uploads\/2020\/06\/infinity-300x200.jpg 300w\" sizes=\"(max-width: 640px) 100vw, 640px\" \/>\t\t\t\t\t\t\t\t\t\t\t\t\t<\/div>\n\t\t\t\t<\/div>\n\t\t\t\t\t<\/div>\n\t\t<\/div>\n\t\t\t\t<div class=\"elementor-column elementor-col-50 elementor-top-column elementor-element elementor-element-76aeba7b\" data-id=\"76aeba7b\" data-element_type=\"column\">\n\t\t\t<div class=\"elementor-widget-wrap elementor-element-populated\">\n\t\t\t\t\t\t<div class=\"elementor-element elementor-element-75f054a7 elementor-widget elementor-widget-heading\" data-id=\"75f054a7\" data-element_type=\"widget\" data-widget_type=\"heading.default\">\n\t\t\t\t<div class=\"elementor-widget-container\">\n\t\t\t<h3 class=\"elementor-heading-title elementor-size-default\">Mod\u00e8le PR\u00c9PAY\u00c9<\/h3>\t\t<\/div>\n\t\t\t\t<\/div>\n\t\t\t\t<div class=\"elementor-element elementor-element-1e8bc5f8 elementor-widget elementor-widget-heading\" data-id=\"1e8bc5f8\" data-element_type=\"widget\" data-widget_type=\"heading.default\">\n\t\t\t\t<div class=\"elementor-widget-container\">\n\t\t\t<h2 class=\"elementor-heading-title elementor-size-default\">Vers l'infini et au-del\u00e0<\/h2>\t\t<\/div>\n\t\t\t\t<\/div>\n\t\t\t\t<div class=\"elementor-element elementor-element-23b51028 elementor-widget elementor-widget-text-editor\" data-id=\"23b51028\" data-element_type=\"widget\" data-widget_type=\"text-editor.default\">\n\t\t\t\t<div class=\"elementor-widget-container\">\n\t\t\t\t\t\t\t<p><span lang=\"fr-FR\">Pour assurer le fonctionnement des syst\u00e8mes de s\u00e9curit\u00e9 aussi longtemps que possible, simHERO a con\u00e7u un syst\u00e8me PR\u00c9PAY\u00c9 avec lequel nos utilisateurs finaux peuvent acheter un certain montant de cr\u00e9dit. Ce cr\u00e9dit n&rsquo;expire pas et assure que le syst\u00e8me n&rsquo;est pas d\u00e9connect\u00e9 en raison d&rsquo;un manque de cr\u00e9dit. Dans ces cas-l\u00e0, des notifications par e-mail sont d\u00e9clench\u00e9es d\u00e8s qu&rsquo;un certain seuil est atteint. Ne vous faites pas de souci pour ces d\u00e9tails mineurs &#8211; nous nous assurons que vous traitez cette question en temps utile.<\/span><\/p>\t\t\t\t\t\t<\/div>\n\t\t\t\t<\/div>\n\t\t\t\t\t<\/div>\n\t\t<\/div>\n\t\t\t\t\t<\/div>\n\t\t<\/section>\n\t\t\t\t<\/div>\n\t\t","protected":false},"excerpt":{"rendered":"<p>Syst\u00e8mes de s\u00e9curit\u00e9 simHERO Cartes SIM iOT simHERO dans les syst\u00e8mes de s\u00e9curit\u00e9 En termes de s\u00e9curit\u00e9, la connectivit\u00e9 IoT simHERO peut \u00eatre un atout majeur pour nos utilisateurs. Que la carte SIM soit utilis\u00e9e comme source primaire ou comme sauvegarde pour le syst\u00e8me de s\u00e9curit\u00e9 cellulaire, notre connectivit\u00e9 IoT multi-r\u00e9seau garantit que les \u00e9l\u00e9ments [&hellip;]<\/p>\n","protected":false},"author":2,"featured_media":0,"parent":2682,"menu_order":0,"comment_status":"closed","ping_status":"closed","template":"elementor_header_footer","meta":{"footnotes":""},"yoast_head":"<!-- This site is optimized with the Yoast SEO plugin v23.4 - https:\/\/yoast.com\/wordpress\/plugins\/seo\/ -->\n<title>syst\u00e8mes de s\u00e9curit\u00e9 - simHERO<\/title>\n<meta name=\"robots\" content=\"index, follow, max-snippet:-1, max-image-preview:large, max-video-preview:-1\" \/>\n<link rel=\"canonical\" href=\"https:\/\/simhero.com\/fr\/professionnels\/cas-dutilisation\/systemes-de-securite\/\" \/>\n<meta property=\"og:locale\" content=\"fr_FR\" \/>\n<meta property=\"og:type\" content=\"article\" \/>\n<meta property=\"og:title\" content=\"syst\u00e8mes de s\u00e9curit\u00e9 - simHERO\" \/>\n<meta property=\"og:description\" content=\"Syst\u00e8mes de s\u00e9curit\u00e9 simHERO Cartes SIM iOT simHERO dans les syst\u00e8mes de s\u00e9curit\u00e9 En termes de s\u00e9curit\u00e9, la connectivit\u00e9 IoT simHERO peut \u00eatre un atout majeur pour nos utilisateurs. Que la carte SIM soit utilis\u00e9e comme source primaire ou comme sauvegarde pour le syst\u00e8me de s\u00e9curit\u00e9 cellulaire, notre connectivit\u00e9 IoT multi-r\u00e9seau garantit que les \u00e9l\u00e9ments [&hellip;]\" \/>\n<meta property=\"og:url\" content=\"https:\/\/simhero.com\/fr\/professionnels\/cas-dutilisation\/systemes-de-securite\/\" \/>\n<meta property=\"og:site_name\" content=\"simHERO\" \/>\n<meta property=\"article:publisher\" content=\"https:\/\/www.facebook.com\/freeewaysimhero\/\" \/>\n<meta property=\"article:modified_time\" content=\"2020-11-20T13:41:23+00:00\" \/>\n<meta property=\"og:image\" content=\"http:\/\/3.65.206.27\/wp-content\/uploads\/2020\/07\/securitysystem.jpg\" \/>\n<meta name=\"twitter:card\" content=\"summary_large_image\" \/>\n<meta name=\"twitter:label1\" content=\"Dur\u00e9e de lecture estim\u00e9e\" \/>\n\t<meta name=\"twitter:data1\" content=\"2 minutes\" \/>\n<script type=\"application\/ld+json\" class=\"yoast-schema-graph\">{\"@context\":\"https:\/\/schema.org\",\"@graph\":[{\"@type\":\"WebPage\",\"@id\":\"https:\/\/simhero.com\/fr\/professionnels\/cas-dutilisation\/systemes-de-securite\/\",\"url\":\"https:\/\/simhero.com\/fr\/professionnels\/cas-dutilisation\/systemes-de-securite\/\",\"name\":\"syst\u00e8mes de s\u00e9curit\u00e9 - simHERO\",\"isPartOf\":{\"@id\":\"https:\/\/simhero.com\/fr\/#website\"},\"primaryImageOfPage\":{\"@id\":\"https:\/\/simhero.com\/fr\/professionnels\/cas-dutilisation\/systemes-de-securite\/#primaryimage\"},\"image\":{\"@id\":\"https:\/\/simhero.com\/fr\/professionnels\/cas-dutilisation\/systemes-de-securite\/#primaryimage\"},\"thumbnailUrl\":\"http:\/\/3.65.206.27\/wp-content\/uploads\/2020\/07\/securitysystem.jpg\",\"datePublished\":\"2020-11-20T13:14:44+00:00\",\"dateModified\":\"2020-11-20T13:41:23+00:00\",\"breadcrumb\":{\"@id\":\"https:\/\/simhero.com\/fr\/professionnels\/cas-dutilisation\/systemes-de-securite\/#breadcrumb\"},\"inLanguage\":\"fr-FR\",\"potentialAction\":[{\"@type\":\"ReadAction\",\"target\":[\"https:\/\/simhero.com\/fr\/professionnels\/cas-dutilisation\/systemes-de-securite\/\"]}]},{\"@type\":\"ImageObject\",\"inLanguage\":\"fr-FR\",\"@id\":\"https:\/\/simhero.com\/fr\/professionnels\/cas-dutilisation\/systemes-de-securite\/#primaryimage\",\"url\":\"http:\/\/3.65.206.27\/wp-content\/uploads\/2020\/07\/securitysystem.jpg\",\"contentUrl\":\"http:\/\/3.65.206.27\/wp-content\/uploads\/2020\/07\/securitysystem.jpg\"},{\"@type\":\"BreadcrumbList\",\"@id\":\"https:\/\/simhero.com\/fr\/professionnels\/cas-dutilisation\/systemes-de-securite\/#breadcrumb\",\"itemListElement\":[{\"@type\":\"ListItem\",\"position\":1,\"name\":\"Accueil\",\"item\":\"http:\/\/simhero.com\/fr\/\"},{\"@type\":\"ListItem\",\"position\":2,\"name\":\"Professionnels\",\"item\":\"http:\/\/simhero.com\/fr\/professionnels\/\"},{\"@type\":\"ListItem\",\"position\":3,\"name\":\"Cas d&rsquo;utilisation\",\"item\":\"https:\/\/simhero.com\/fr\/professionnels\/cas-dutilisation\/\"},{\"@type\":\"ListItem\",\"position\":4,\"name\":\"syst\u00e8mes de s\u00e9curit\u00e9\"}]},{\"@type\":\"WebSite\",\"@id\":\"https:\/\/simhero.com\/fr\/#website\",\"url\":\"https:\/\/simhero.com\/fr\/\",\"name\":\"simHERO\",\"description\":\"\",\"potentialAction\":[{\"@type\":\"SearchAction\",\"target\":{\"@type\":\"EntryPoint\",\"urlTemplate\":\"https:\/\/simhero.com\/fr\/?s={search_term_string}\"},\"query-input\":{\"@type\":\"PropertyValueSpecification\",\"valueRequired\":true,\"valueName\":\"search_term_string\"}}],\"inLanguage\":\"fr-FR\"}]}<\/script>\n<!-- \/ Yoast SEO plugin. -->","yoast_head_json":{"title":"syst\u00e8mes de s\u00e9curit\u00e9 - simHERO","robots":{"index":"index","follow":"follow","max-snippet":"max-snippet:-1","max-image-preview":"max-image-preview:large","max-video-preview":"max-video-preview:-1"},"canonical":"https:\/\/simhero.com\/fr\/professionnels\/cas-dutilisation\/systemes-de-securite\/","og_locale":"fr_FR","og_type":"article","og_title":"syst\u00e8mes de s\u00e9curit\u00e9 - simHERO","og_description":"Syst\u00e8mes de s\u00e9curit\u00e9 simHERO Cartes SIM iOT simHERO dans les syst\u00e8mes de s\u00e9curit\u00e9 En termes de s\u00e9curit\u00e9, la connectivit\u00e9 IoT simHERO peut \u00eatre un atout majeur pour nos utilisateurs. Que la carte SIM soit utilis\u00e9e comme source primaire ou comme sauvegarde pour le syst\u00e8me de s\u00e9curit\u00e9 cellulaire, notre connectivit\u00e9 IoT multi-r\u00e9seau garantit que les \u00e9l\u00e9ments [&hellip;]","og_url":"https:\/\/simhero.com\/fr\/professionnels\/cas-dutilisation\/systemes-de-securite\/","og_site_name":"simHERO","article_publisher":"https:\/\/www.facebook.com\/freeewaysimhero\/","article_modified_time":"2020-11-20T13:41:23+00:00","og_image":[{"url":"http:\/\/3.65.206.27\/wp-content\/uploads\/2020\/07\/securitysystem.jpg"}],"twitter_card":"summary_large_image","twitter_misc":{"Dur\u00e9e de lecture estim\u00e9e":"2 minutes"},"schema":{"@context":"https:\/\/schema.org","@graph":[{"@type":"WebPage","@id":"https:\/\/simhero.com\/fr\/professionnels\/cas-dutilisation\/systemes-de-securite\/","url":"https:\/\/simhero.com\/fr\/professionnels\/cas-dutilisation\/systemes-de-securite\/","name":"syst\u00e8mes de s\u00e9curit\u00e9 - simHERO","isPartOf":{"@id":"https:\/\/simhero.com\/fr\/#website"},"primaryImageOfPage":{"@id":"https:\/\/simhero.com\/fr\/professionnels\/cas-dutilisation\/systemes-de-securite\/#primaryimage"},"image":{"@id":"https:\/\/simhero.com\/fr\/professionnels\/cas-dutilisation\/systemes-de-securite\/#primaryimage"},"thumbnailUrl":"http:\/\/3.65.206.27\/wp-content\/uploads\/2020\/07\/securitysystem.jpg","datePublished":"2020-11-20T13:14:44+00:00","dateModified":"2020-11-20T13:41:23+00:00","breadcrumb":{"@id":"https:\/\/simhero.com\/fr\/professionnels\/cas-dutilisation\/systemes-de-securite\/#breadcrumb"},"inLanguage":"fr-FR","potentialAction":[{"@type":"ReadAction","target":["https:\/\/simhero.com\/fr\/professionnels\/cas-dutilisation\/systemes-de-securite\/"]}]},{"@type":"ImageObject","inLanguage":"fr-FR","@id":"https:\/\/simhero.com\/fr\/professionnels\/cas-dutilisation\/systemes-de-securite\/#primaryimage","url":"http:\/\/3.65.206.27\/wp-content\/uploads\/2020\/07\/securitysystem.jpg","contentUrl":"http:\/\/3.65.206.27\/wp-content\/uploads\/2020\/07\/securitysystem.jpg"},{"@type":"BreadcrumbList","@id":"https:\/\/simhero.com\/fr\/professionnels\/cas-dutilisation\/systemes-de-securite\/#breadcrumb","itemListElement":[{"@type":"ListItem","position":1,"name":"Accueil","item":"http:\/\/simhero.com\/fr\/"},{"@type":"ListItem","position":2,"name":"Professionnels","item":"http:\/\/simhero.com\/fr\/professionnels\/"},{"@type":"ListItem","position":3,"name":"Cas d&rsquo;utilisation","item":"https:\/\/simhero.com\/fr\/professionnels\/cas-dutilisation\/"},{"@type":"ListItem","position":4,"name":"syst\u00e8mes de s\u00e9curit\u00e9"}]},{"@type":"WebSite","@id":"https:\/\/simhero.com\/fr\/#website","url":"https:\/\/simhero.com\/fr\/","name":"simHERO","description":"","potentialAction":[{"@type":"SearchAction","target":{"@type":"EntryPoint","urlTemplate":"https:\/\/simhero.com\/fr\/?s={search_term_string}"},"query-input":{"@type":"PropertyValueSpecification","valueRequired":true,"valueName":"search_term_string"}}],"inLanguage":"fr-FR"}]}},"_links":{"self":[{"href":"https:\/\/simhero.com\/fr\/wp-json\/wp\/v2\/pages\/2909"}],"collection":[{"href":"https:\/\/simhero.com\/fr\/wp-json\/wp\/v2\/pages"}],"about":[{"href":"https:\/\/simhero.com\/fr\/wp-json\/wp\/v2\/types\/page"}],"author":[{"embeddable":true,"href":"https:\/\/simhero.com\/fr\/wp-json\/wp\/v2\/users\/2"}],"replies":[{"embeddable":true,"href":"https:\/\/simhero.com\/fr\/wp-json\/wp\/v2\/comments?post=2909"}],"version-history":[{"count":4,"href":"https:\/\/simhero.com\/fr\/wp-json\/wp\/v2\/pages\/2909\/revisions"}],"predecessor-version":[{"id":2948,"href":"https:\/\/simhero.com\/fr\/wp-json\/wp\/v2\/pages\/2909\/revisions\/2948"}],"up":[{"embeddable":true,"href":"https:\/\/simhero.com\/fr\/wp-json\/wp\/v2\/pages\/2682"}],"wp:attachment":[{"href":"https:\/\/simhero.com\/fr\/wp-json\/wp\/v2\/media?parent=2909"}],"curies":[{"name":"wp","href":"https:\/\/api.w.org\/{rel}","templated":true}]}}