{"id":2728,"date":"2020-11-19T14:44:04","date_gmt":"2020-11-19T13:44:04","guid":{"rendered":"http:\/\/3.65.206.27\/?page_id=2728"},"modified":"2020-12-10T13:14:43","modified_gmt":"2020-12-10T12:14:43","slug":"connectivite-iot","status":"publish","type":"page","link":"https:\/\/simhero.com\/fr\/professionnels\/notre-technologie\/connectivite-iot\/","title":{"rendered":"CONNECTIVIT\u00c9 IOT"},"content":{"rendered":"\t\t<div data-elementor-type=\"wp-page\" data-elementor-id=\"2728\" class=\"elementor elementor-2728 elementor-323\" data-elementor-post-type=\"page\">\n\t\t\t\t\t\t<section class=\"elementor-section elementor-top-section elementor-element elementor-element-5a807ab2 elementor-section-height-min-height elementor-section-boxed elementor-section-height-default elementor-section-items-middle\" data-id=\"5a807ab2\" data-element_type=\"section\" data-settings=\"{&quot;background_background&quot;:&quot;classic&quot;}\">\n\t\t\t\t\t\t\t<div class=\"elementor-background-overlay\"><\/div>\n\t\t\t\t\t\t\t<div class=\"elementor-container elementor-column-gap-default\">\n\t\t\t\t\t<div class=\"elementor-column elementor-col-100 elementor-top-column elementor-element elementor-element-7e7491a9\" data-id=\"7e7491a9\" data-element_type=\"column\">\n\t\t\t<div class=\"elementor-widget-wrap elementor-element-populated\">\n\t\t\t\t\t\t<div class=\"elementor-element elementor-element-2f72e513 elementor-widget elementor-widget-heading\" data-id=\"2f72e513\" data-element_type=\"widget\" data-widget_type=\"heading.default\">\n\t\t\t\t<div class=\"elementor-widget-container\">\n\t\t\t<h1 class=\"elementor-heading-title elementor-size-default\">Connectivit\u00e9 IoT globale\n\n<\/h1>\t\t<\/div>\n\t\t\t\t<\/div>\n\t\t\t\t\t<\/div>\n\t\t<\/div>\n\t\t\t\t\t<\/div>\n\t\t<\/section>\n\t\t\t\t<section class=\"elementor-section elementor-top-section elementor-element elementor-element-7237eaac elementor-section-boxed elementor-section-height-default elementor-section-height-default\" data-id=\"7237eaac\" data-element_type=\"section\">\n\t\t\t\t\t\t<div class=\"elementor-container elementor-column-gap-default\">\n\t\t\t\t\t<div class=\"elementor-column elementor-col-100 elementor-top-column elementor-element elementor-element-b274cae\" data-id=\"b274cae\" data-element_type=\"column\">\n\t\t\t<div class=\"elementor-widget-wrap elementor-element-populated\">\n\t\t\t\t\t\t<div class=\"elementor-element elementor-element-6ccf2c9b elementor-widget elementor-widget-heading\" data-id=\"6ccf2c9b\" data-element_type=\"widget\" data-widget_type=\"heading.default\">\n\t\t\t\t<div class=\"elementor-widget-container\">\n\t\t\t<h2 class=\"elementor-heading-title elementor-size-default\">La connectivit\u00e9 d\u2018abord\n\n\n<\/h2>\t\t<\/div>\n\t\t\t\t<\/div>\n\t\t\t\t<div class=\"elementor-element elementor-element-628520bb elementor-widget elementor-widget-text-editor\" data-id=\"628520bb\" data-element_type=\"widget\" data-widget_type=\"text-editor.default\">\n\t\t\t\t<div class=\"elementor-widget-container\">\n\t\t\t\t\t\t\t<p>simHERO connecte les consommateurs et leurs appareils IoT dans le monde entier \u00e0 plus de 500 r\u00e9seaux locaux dans 180 pays. Notre carte SIM n\u2018a pas de pilotage r\u00e9seau, ce qui garantit que notre carte IoT SIM se connecte toujours au r\u00e9seau le plus rapide et le plus puissant disponible dans votre zone. En cons\u00e9quence, simHERO offre \u00e0 ses utilisateurs une couverture r\u00e9seau plus large dans un r\u00e9seau plus stable pour n\u2018importe quel appareil IoT.<\/p><p>En tant que fournisseur M2M [Machine to Machine], la carte simHERO SIM est param\u00e9tr\u00e9e pour utiliser des donn\u00e9es et des SMS. En g\u00e9n\u00e9ral, les services vocaux et MMS ne sont pas support\u00e9s. Dans de tr\u00e8s rares cas, des services vocaux peuvent \u00eatre propos\u00e9s. Cependant, cela doit \u00eatre clarifi\u00e9 au cas par cas par nos commerciaux.<\/p><p>Nos cartes simHERO SIM utilisent des technologies de communication mobile sans fil avec des capacit\u00e9s multi-op\u00e9rateurs pour permettre \u00e0 vos appareils de transmettre des donn\u00e9es de mani\u00e8re fluide, en temps r\u00e9el \u00e0 diff\u00e9rentes vitesses 2G, 3G, 4G, LTE-M et bient\u00f4t 5G le cas \u00e9ch\u00e9ant) et avec une couverture mondiale. Que vous ayez besoin d\u2018une taille sp\u00e9cifique de carte SIM, d\u2018une puce SIM ou m\u00eame d\u2018une eSIM, simHERO fournit la bonne forme et la bonne taille de SIM pour votre appareil IoT grand public.<\/p>\t\t\t\t\t\t<\/div>\n\t\t\t\t<\/div>\n\t\t\t\t<div class=\"elementor-element elementor-element-b8039f6 elementor-widget elementor-widget-text-editor\" data-id=\"b8039f6\" data-element_type=\"widget\" data-widget_type=\"text-editor.default\">\n\t\t\t\t<div class=\"elementor-widget-container\">\n\t\t\t\t\t\t\t<div><strong><span style=\"font-size: 18px;\">La combinaison entre l\u2018ind\u00e9pendance du r\u00e9seau, la multiplicit\u00e9 des r\u00e9seaux et l\u2018absence de pilotage des cartes SIM fait de simHERO l\u2018un des partenaires les plus fiables pour la connectivit\u00e9 IoT de votre appareil grand public \u00e0 l\u2018\u00e9chelle mondiale.<\/span><\/strong><\/div>\t\t\t\t\t\t<\/div>\n\t\t\t\t<\/div>\n\t\t\t\t\t<\/div>\n\t\t<\/div>\n\t\t\t\t\t<\/div>\n\t\t<\/section>\n\t\t\t\t<section class=\"elementor-section elementor-top-section elementor-element elementor-element-0ece7bf elementor-section-content-middle elementor-section-boxed elementor-section-height-default elementor-section-height-default\" data-id=\"0ece7bf\" data-element_type=\"section\">\n\t\t\t\t\t\t<div class=\"elementor-container elementor-column-gap-wider\">\n\t\t\t\t\t<div class=\"elementor-column elementor-col-50 elementor-top-column elementor-element elementor-element-dc6fcb4\" data-id=\"dc6fcb4\" data-element_type=\"column\">\n\t\t\t<div class=\"elementor-widget-wrap elementor-element-populated\">\n\t\t\t\t\t\t<div class=\"elementor-element elementor-element-9cdf678 elementor-widget elementor-widget-image\" data-id=\"9cdf678\" data-element_type=\"widget\" data-widget_type=\"image.default\">\n\t\t\t\t<div class=\"elementor-widget-container\">\n\t\t\t\t\t\t\t\t\t\t\t\t\t<img fetchpriority=\"high\" decoding=\"async\" width=\"800\" height=\"534\" src=\"https:\/\/simhero.com\/wp-content\/uploads\/2020\/07\/iot-worldwide.jpg\" class=\"attachment-large size-large wp-image-2741\" alt=\"\" srcset=\"https:\/\/simhero.com\/wp-content\/uploads\/2020\/07\/iot-worldwide.jpg 1000w, https:\/\/simhero.com\/wp-content\/uploads\/2020\/07\/iot-worldwide-300x200.jpg 300w, https:\/\/simhero.com\/wp-content\/uploads\/2020\/07\/iot-worldwide-768x512.jpg 768w\" sizes=\"(max-width: 800px) 100vw, 800px\" \/>\t\t\t\t\t\t\t\t\t\t\t\t\t<\/div>\n\t\t\t\t<\/div>\n\t\t\t\t\t<\/div>\n\t\t<\/div>\n\t\t\t\t<div class=\"elementor-column elementor-col-50 elementor-top-column elementor-element elementor-element-ce21508\" data-id=\"ce21508\" data-element_type=\"column\">\n\t\t\t<div class=\"elementor-widget-wrap elementor-element-populated\">\n\t\t\t\t\t\t<div class=\"elementor-element elementor-element-33cb6e1 elementor-widget elementor-widget-heading\" data-id=\"33cb6e1\" data-element_type=\"widget\" data-widget_type=\"heading.default\">\n\t\t\t\t<div class=\"elementor-widget-container\">\n\t\t\t<h3 class=\"elementor-heading-title elementor-size-default\">Partenaires mondiaux\n\n\n<\/h3>\t\t<\/div>\n\t\t\t\t<\/div>\n\t\t\t\t<div class=\"elementor-element elementor-element-0d9cc0f elementor-widget elementor-widget-heading\" data-id=\"0d9cc0f\" data-element_type=\"widget\" data-widget_type=\"heading.default\">\n\t\t\t\t<div class=\"elementor-widget-container\">\n\t\t\t<h2 class=\"elementor-heading-title elementor-size-default\">\nsimHERO - Couverture de r\u00e9seau mondiale<\/h2>\t\t<\/div>\n\t\t\t\t<\/div>\n\t\t\t\t<div class=\"elementor-element elementor-element-ad70101 elementor-widget elementor-widget-text-editor\" data-id=\"ad70101\" data-element_type=\"widget\" data-widget_type=\"text-editor.default\">\n\t\t\t\t<div class=\"elementor-widget-container\">\n\t\t\t\t\t\t\tNous nous associons avec des op\u00e9rateurs de premier plan. Nos accords d\u2018itin\u00e9rance nous permettent de vous fournir une couverture M2M\/IoT globale dans plus de 500 r\u00e9seaux de plus de 180 pays.\n\t\t\t\t\t\t<\/div>\n\t\t\t\t<\/div>\n\t\t\t\t\t<\/div>\n\t\t<\/div>\n\t\t\t\t\t<\/div>\n\t\t<\/section>\n\t\t\t\t<section class=\"elementor-section elementor-top-section elementor-element elementor-element-bf8ee9c elementor-section-content-middle elementor-reverse-mobile elementor-section-boxed elementor-section-height-default elementor-section-height-default\" data-id=\"bf8ee9c\" data-element_type=\"section\">\n\t\t\t\t\t\t<div class=\"elementor-container elementor-column-gap-wider\">\n\t\t\t\t\t<div class=\"elementor-column elementor-col-50 elementor-top-column elementor-element elementor-element-1977a2f\" data-id=\"1977a2f\" data-element_type=\"column\">\n\t\t\t<div class=\"elementor-widget-wrap elementor-element-populated\">\n\t\t\t\t\t\t<div class=\"elementor-element elementor-element-c5387dc elementor-widget elementor-widget-heading\" data-id=\"c5387dc\" data-element_type=\"widget\" data-widget_type=\"heading.default\">\n\t\t\t\t<div class=\"elementor-widget-container\">\n\t\t\t<h3 class=\"elementor-heading-title elementor-size-default\">\nDisponibilit\u00e9 maximale\n\n\n\n\n<\/h3>\t\t<\/div>\n\t\t\t\t<\/div>\n\t\t\t\t<div class=\"elementor-element elementor-element-4745452 elementor-widget elementor-widget-heading\" data-id=\"4745452\" data-element_type=\"widget\" data-widget_type=\"heading.default\">\n\t\t\t\t<div class=\"elementor-widget-container\">\n\t\t\t<h2 class=\"elementor-heading-title elementor-size-default\">\nsimHERO - Connectivit\u00e9 au r\u00e9seau le plus puissant\n\n<\/h2>\t\t<\/div>\n\t\t\t\t<\/div>\n\t\t\t\t<div class=\"elementor-element elementor-element-aa4748b elementor-widget elementor-widget-text-editor\" data-id=\"aa4748b\" data-element_type=\"widget\" data-widget_type=\"text-editor.default\">\n\t\t\t\t<div class=\"elementor-widget-container\">\n\t\t\t\t\t\t\tAvec nos cartes IoT SIM il n\u2018y a aucun pilotage r\u00e9seau : elles s\u00e9lectionnent un r\u00e9seau mobile sur la base de la puissance du signal et non dans des listes de r\u00e9seaux bon march\u00e9 ou favoris.\t\t\t\t\t\t<\/div>\n\t\t\t\t<\/div>\n\t\t\t\t\t<\/div>\n\t\t<\/div>\n\t\t\t\t<div class=\"elementor-column elementor-col-50 elementor-top-column elementor-element elementor-element-1781de1\" data-id=\"1781de1\" data-element_type=\"column\">\n\t\t\t<div class=\"elementor-widget-wrap elementor-element-populated\">\n\t\t\t\t\t\t<div class=\"elementor-element elementor-element-432c8be elementor-widget elementor-widget-image\" data-id=\"432c8be\" data-element_type=\"widget\" data-widget_type=\"image.default\">\n\t\t\t\t<div class=\"elementor-widget-container\">\n\t\t\t\t\t\t\t\t\t\t\t\t\t<img decoding=\"async\" width=\"800\" height=\"534\" src=\"https:\/\/simhero.com\/wp-content\/uploads\/2020\/07\/iot-strongest-network.jpg\" class=\"attachment-large size-large wp-image-2738\" alt=\"\" srcset=\"https:\/\/simhero.com\/wp-content\/uploads\/2020\/07\/iot-strongest-network.jpg 1000w, https:\/\/simhero.com\/wp-content\/uploads\/2020\/07\/iot-strongest-network-300x200.jpg 300w, https:\/\/simhero.com\/wp-content\/uploads\/2020\/07\/iot-strongest-network-768x512.jpg 768w\" sizes=\"(max-width: 800px) 100vw, 800px\" \/>\t\t\t\t\t\t\t\t\t\t\t\t\t<\/div>\n\t\t\t\t<\/div>\n\t\t\t\t\t<\/div>\n\t\t<\/div>\n\t\t\t\t\t<\/div>\n\t\t<\/section>\n\t\t\t\t<section class=\"elementor-section elementor-top-section elementor-element elementor-element-f05f824 elementor-section-content-middle elementor-section-boxed elementor-section-height-default elementor-section-height-default\" data-id=\"f05f824\" data-element_type=\"section\">\n\t\t\t\t\t\t<div class=\"elementor-container elementor-column-gap-wider\">\n\t\t\t\t\t<div class=\"elementor-column elementor-col-50 elementor-top-column elementor-element elementor-element-186e2d1\" data-id=\"186e2d1\" data-element_type=\"column\">\n\t\t\t<div class=\"elementor-widget-wrap elementor-element-populated\">\n\t\t\t\t\t\t<div class=\"elementor-element elementor-element-5259dec elementor-widget elementor-widget-image\" data-id=\"5259dec\" data-element_type=\"widget\" data-widget_type=\"image.default\">\n\t\t\t\t<div class=\"elementor-widget-container\">\n\t\t\t\t\t\t\t\t\t\t\t\t\t<img decoding=\"async\" width=\"800\" height=\"534\" src=\"https:\/\/simhero.com\/wp-content\/uploads\/2020\/07\/iot-multi-network-worldwide.jpg\" class=\"attachment-large size-large wp-image-2739\" alt=\"\" srcset=\"https:\/\/simhero.com\/wp-content\/uploads\/2020\/07\/iot-multi-network-worldwide.jpg 1000w, https:\/\/simhero.com\/wp-content\/uploads\/2020\/07\/iot-multi-network-worldwide-300x200.jpg 300w, https:\/\/simhero.com\/wp-content\/uploads\/2020\/07\/iot-multi-network-worldwide-768x512.jpg 768w\" sizes=\"(max-width: 800px) 100vw, 800px\" \/>\t\t\t\t\t\t\t\t\t\t\t\t\t<\/div>\n\t\t\t\t<\/div>\n\t\t\t\t\t<\/div>\n\t\t<\/div>\n\t\t\t\t<div class=\"elementor-column elementor-col-50 elementor-top-column elementor-element elementor-element-b1f938c\" data-id=\"b1f938c\" data-element_type=\"column\">\n\t\t\t<div class=\"elementor-widget-wrap elementor-element-populated\">\n\t\t\t\t\t\t<div class=\"elementor-element elementor-element-041fc7d elementor-widget elementor-widget-heading\" data-id=\"041fc7d\" data-element_type=\"widget\" data-widget_type=\"heading.default\">\n\t\t\t\t<div class=\"elementor-widget-container\">\n\t\t\t<h3 class=\"elementor-heading-title elementor-size-default\">Multi-r\u00e9seau dans le monde entier\n\n\n\n<\/h3>\t\t<\/div>\n\t\t\t\t<\/div>\n\t\t\t\t<div class=\"elementor-element elementor-element-f55e9fa elementor-widget elementor-widget-heading\" data-id=\"f55e9fa\" data-element_type=\"widget\" data-widget_type=\"heading.default\">\n\t\t\t\t<div class=\"elementor-widget-container\">\n\t\t\t<h2 class=\"elementor-heading-title elementor-size-default\">\n\nsimHERO - des appareils IoT toujours connect\u00e9s\n<\/h2>\t\t<\/div>\n\t\t\t\t<\/div>\n\t\t\t\t<div class=\"elementor-element elementor-element-cca0f2c elementor-widget elementor-widget-text-editor\" data-id=\"cca0f2c\" data-element_type=\"widget\" data-widget_type=\"text-editor.default\">\n\t\t\t\t<div class=\"elementor-widget-container\">\n\t\t\t\t\t\t\tNos cartes simHERO SIM IoT sont multi-r\u00e9seau, en cons\u00e9quence vos appareils ont acc\u00e8s \u00e0 au moins deux grands r\u00e9seaux dans chaque pays d\u2018Europe et dans le monde entier.\n\t\t\t\t\t\t<\/div>\n\t\t\t\t<\/div>\n\t\t\t\t\t<\/div>\n\t\t<\/div>\n\t\t\t\t\t<\/div>\n\t\t<\/section>\n\t\t\t\t<section class=\"elementor-section elementor-top-section elementor-element elementor-element-2dad0ce elementor-section-content-middle elementor-reverse-mobile elementor-section-boxed elementor-section-height-default elementor-section-height-default\" data-id=\"2dad0ce\" data-element_type=\"section\">\n\t\t\t\t\t\t<div class=\"elementor-container elementor-column-gap-wider\">\n\t\t\t\t\t<div class=\"elementor-column elementor-col-50 elementor-top-column elementor-element elementor-element-e6c72ce\" data-id=\"e6c72ce\" data-element_type=\"column\">\n\t\t\t<div class=\"elementor-widget-wrap elementor-element-populated\">\n\t\t\t\t\t\t<div class=\"elementor-element elementor-element-2f04da6 elementor-widget elementor-widget-heading\" data-id=\"2f04da6\" data-element_type=\"widget\" data-widget_type=\"heading.default\">\n\t\t\t\t<div class=\"elementor-widget-container\">\n\t\t\t<h3 class=\"elementor-heading-title elementor-size-default\">Technologie de pointe\n\n\n\n\n<\/h3>\t\t<\/div>\n\t\t\t\t<\/div>\n\t\t\t\t<div class=\"elementor-element elementor-element-b1cb9ba elementor-widget elementor-widget-heading\" data-id=\"b1cb9ba\" data-element_type=\"widget\" data-widget_type=\"heading.default\">\n\t\t\t\t<div class=\"elementor-widget-container\">\n\t\t\t<h2 class=\"elementor-heading-title elementor-size-default\">\nsimHERO - Avec les technologies les plus r\u00e9centes\n\n\n<\/h2>\t\t<\/div>\n\t\t\t\t<\/div>\n\t\t\t\t<div class=\"elementor-element elementor-element-adfd0aa elementor-widget elementor-widget-text-editor\" data-id=\"adfd0aa\" data-element_type=\"widget\" data-widget_type=\"text-editor.default\">\n\t\t\t\t<div class=\"elementor-widget-container\">\n\t\t\t\t\t\t\tNous vous donnons la possibilit\u00e9 d\u2018utiliser de nombreuses technologies d\u2018acc\u00e8s au r\u00e9seau : 2G, 3G, 4G, LTE, LTE Cat M1 et NB-IoT\t\t\t\t\t\t<\/div>\n\t\t\t\t<\/div>\n\t\t\t\t\t<\/div>\n\t\t<\/div>\n\t\t\t\t<div class=\"elementor-column elementor-col-50 elementor-top-column elementor-element elementor-element-d5ef98b\" data-id=\"d5ef98b\" data-element_type=\"column\">\n\t\t\t<div class=\"elementor-widget-wrap elementor-element-populated\">\n\t\t\t\t\t\t<div class=\"elementor-element elementor-element-76f8841 elementor-widget elementor-widget-image\" data-id=\"76f8841\" data-element_type=\"widget\" data-widget_type=\"image.default\">\n\t\t\t\t<div class=\"elementor-widget-container\">\n\t\t\t\t\t\t\t\t\t\t\t\t\t<img loading=\"lazy\" decoding=\"async\" width=\"800\" height=\"534\" src=\"https:\/\/simhero.com\/wp-content\/uploads\/2020\/07\/iot-latest-technology.jpg\" class=\"attachment-large size-large wp-image-2740\" alt=\"\" srcset=\"https:\/\/simhero.com\/wp-content\/uploads\/2020\/07\/iot-latest-technology.jpg 1000w, https:\/\/simhero.com\/wp-content\/uploads\/2020\/07\/iot-latest-technology-300x200.jpg 300w, https:\/\/simhero.com\/wp-content\/uploads\/2020\/07\/iot-latest-technology-768x512.jpg 768w\" sizes=\"(max-width: 800px) 100vw, 800px\" \/>\t\t\t\t\t\t\t\t\t\t\t\t\t<\/div>\n\t\t\t\t<\/div>\n\t\t\t\t\t<\/div>\n\t\t<\/div>\n\t\t\t\t\t<\/div>\n\t\t<\/section>\n\t\t\t\t<\/div>\n\t\t","protected":false},"excerpt":{"rendered":"<p>Connectivit\u00e9 IoT globale La connectivit\u00e9 d\u2018abord simHERO connecte les consommateurs et leurs appareils IoT dans le monde entier \u00e0 plus de 500 r\u00e9seaux locaux dans 180 pays. Notre carte SIM n\u2018a pas de pilotage r\u00e9seau, ce qui garantit que notre carte IoT SIM se connecte toujours au r\u00e9seau le plus rapide et le plus puissant [&hellip;]<\/p>\n","protected":false},"author":2,"featured_media":0,"parent":2676,"menu_order":0,"comment_status":"closed","ping_status":"closed","template":"elementor_header_footer","meta":{"footnotes":""},"yoast_head":"<!-- This site is optimized with the Yoast SEO plugin v23.4 - https:\/\/yoast.com\/wordpress\/plugins\/seo\/ -->\n<title>CONNECTIVIT\u00c9 IOT - simHERO<\/title>\n<meta name=\"robots\" content=\"index, follow, max-snippet:-1, max-image-preview:large, max-video-preview:-1\" \/>\n<link rel=\"canonical\" href=\"https:\/\/simhero.com\/fr\/professionnels\/notre-technologie\/connectivite-iot\/\" \/>\n<meta property=\"og:locale\" content=\"fr_FR\" \/>\n<meta property=\"og:type\" content=\"article\" \/>\n<meta property=\"og:title\" content=\"CONNECTIVIT\u00c9 IOT - simHERO\" \/>\n<meta property=\"og:description\" content=\"Connectivit\u00e9 IoT globale La connectivit\u00e9 d\u2018abord simHERO connecte les consommateurs et leurs appareils IoT dans le monde entier \u00e0 plus de 500 r\u00e9seaux locaux dans 180 pays. Notre carte SIM n\u2018a pas de pilotage r\u00e9seau, ce qui garantit que notre carte IoT SIM se connecte toujours au r\u00e9seau le plus rapide et le plus puissant [&hellip;]\" \/>\n<meta property=\"og:url\" content=\"https:\/\/simhero.com\/fr\/professionnels\/notre-technologie\/connectivite-iot\/\" \/>\n<meta property=\"og:site_name\" content=\"simHERO\" \/>\n<meta property=\"article:publisher\" content=\"https:\/\/www.facebook.com\/freeewaysimhero\/\" \/>\n<meta property=\"article:modified_time\" content=\"2020-12-10T12:14:43+00:00\" \/>\n<meta property=\"og:image\" content=\"http:\/\/3.65.206.27\/wp-content\/uploads\/2020\/07\/iot-worldwide.jpg\" \/>\n<meta name=\"twitter:card\" content=\"summary_large_image\" \/>\n<meta name=\"twitter:label1\" content=\"Dur\u00e9e de lecture estim\u00e9e\" \/>\n\t<meta name=\"twitter:data1\" content=\"2 minutes\" \/>\n<script type=\"application\/ld+json\" class=\"yoast-schema-graph\">{\"@context\":\"https:\/\/schema.org\",\"@graph\":[{\"@type\":\"WebPage\",\"@id\":\"https:\/\/simhero.com\/fr\/professionnels\/notre-technologie\/connectivite-iot\/\",\"url\":\"https:\/\/simhero.com\/fr\/professionnels\/notre-technologie\/connectivite-iot\/\",\"name\":\"CONNECTIVIT\u00c9 IOT - simHERO\",\"isPartOf\":{\"@id\":\"https:\/\/simhero.com\/fr\/#website\"},\"primaryImageOfPage\":{\"@id\":\"https:\/\/simhero.com\/fr\/professionnels\/notre-technologie\/connectivite-iot\/#primaryimage\"},\"image\":{\"@id\":\"https:\/\/simhero.com\/fr\/professionnels\/notre-technologie\/connectivite-iot\/#primaryimage\"},\"thumbnailUrl\":\"http:\/\/3.65.206.27\/wp-content\/uploads\/2020\/07\/iot-worldwide.jpg\",\"datePublished\":\"2020-11-19T13:44:04+00:00\",\"dateModified\":\"2020-12-10T12:14:43+00:00\",\"breadcrumb\":{\"@id\":\"https:\/\/simhero.com\/fr\/professionnels\/notre-technologie\/connectivite-iot\/#breadcrumb\"},\"inLanguage\":\"fr-FR\",\"potentialAction\":[{\"@type\":\"ReadAction\",\"target\":[\"https:\/\/simhero.com\/fr\/professionnels\/notre-technologie\/connectivite-iot\/\"]}]},{\"@type\":\"ImageObject\",\"inLanguage\":\"fr-FR\",\"@id\":\"https:\/\/simhero.com\/fr\/professionnels\/notre-technologie\/connectivite-iot\/#primaryimage\",\"url\":\"http:\/\/3.65.206.27\/wp-content\/uploads\/2020\/07\/iot-worldwide.jpg\",\"contentUrl\":\"http:\/\/3.65.206.27\/wp-content\/uploads\/2020\/07\/iot-worldwide.jpg\"},{\"@type\":\"BreadcrumbList\",\"@id\":\"https:\/\/simhero.com\/fr\/professionnels\/notre-technologie\/connectivite-iot\/#breadcrumb\",\"itemListElement\":[{\"@type\":\"ListItem\",\"position\":1,\"name\":\"Accueil\",\"item\":\"http:\/\/simhero.com\/fr\/\"},{\"@type\":\"ListItem\",\"position\":2,\"name\":\"Professionnels\",\"item\":\"http:\/\/simhero.com\/fr\/professionnels\/\"},{\"@type\":\"ListItem\",\"position\":3,\"name\":\"Notre technologie\",\"item\":\"http:\/\/www.simhero.com\/fr\/professionnels\/notre-technologie\/\"},{\"@type\":\"ListItem\",\"position\":4,\"name\":\"CONNECTIVIT\u00c9 IOT\"}]},{\"@type\":\"WebSite\",\"@id\":\"https:\/\/simhero.com\/fr\/#website\",\"url\":\"https:\/\/simhero.com\/fr\/\",\"name\":\"simHERO\",\"description\":\"\",\"potentialAction\":[{\"@type\":\"SearchAction\",\"target\":{\"@type\":\"EntryPoint\",\"urlTemplate\":\"https:\/\/simhero.com\/fr\/?s={search_term_string}\"},\"query-input\":{\"@type\":\"PropertyValueSpecification\",\"valueRequired\":true,\"valueName\":\"search_term_string\"}}],\"inLanguage\":\"fr-FR\"}]}<\/script>\n<!-- \/ Yoast SEO plugin. -->","yoast_head_json":{"title":"CONNECTIVIT\u00c9 IOT - simHERO","robots":{"index":"index","follow":"follow","max-snippet":"max-snippet:-1","max-image-preview":"max-image-preview:large","max-video-preview":"max-video-preview:-1"},"canonical":"https:\/\/simhero.com\/fr\/professionnels\/notre-technologie\/connectivite-iot\/","og_locale":"fr_FR","og_type":"article","og_title":"CONNECTIVIT\u00c9 IOT - simHERO","og_description":"Connectivit\u00e9 IoT globale La connectivit\u00e9 d\u2018abord simHERO connecte les consommateurs et leurs appareils IoT dans le monde entier \u00e0 plus de 500 r\u00e9seaux locaux dans 180 pays. Notre carte SIM n\u2018a pas de pilotage r\u00e9seau, ce qui garantit que notre carte IoT SIM se connecte toujours au r\u00e9seau le plus rapide et le plus puissant [&hellip;]","og_url":"https:\/\/simhero.com\/fr\/professionnels\/notre-technologie\/connectivite-iot\/","og_site_name":"simHERO","article_publisher":"https:\/\/www.facebook.com\/freeewaysimhero\/","article_modified_time":"2020-12-10T12:14:43+00:00","og_image":[{"url":"http:\/\/3.65.206.27\/wp-content\/uploads\/2020\/07\/iot-worldwide.jpg"}],"twitter_card":"summary_large_image","twitter_misc":{"Dur\u00e9e de lecture estim\u00e9e":"2 minutes"},"schema":{"@context":"https:\/\/schema.org","@graph":[{"@type":"WebPage","@id":"https:\/\/simhero.com\/fr\/professionnels\/notre-technologie\/connectivite-iot\/","url":"https:\/\/simhero.com\/fr\/professionnels\/notre-technologie\/connectivite-iot\/","name":"CONNECTIVIT\u00c9 IOT - simHERO","isPartOf":{"@id":"https:\/\/simhero.com\/fr\/#website"},"primaryImageOfPage":{"@id":"https:\/\/simhero.com\/fr\/professionnels\/notre-technologie\/connectivite-iot\/#primaryimage"},"image":{"@id":"https:\/\/simhero.com\/fr\/professionnels\/notre-technologie\/connectivite-iot\/#primaryimage"},"thumbnailUrl":"http:\/\/3.65.206.27\/wp-content\/uploads\/2020\/07\/iot-worldwide.jpg","datePublished":"2020-11-19T13:44:04+00:00","dateModified":"2020-12-10T12:14:43+00:00","breadcrumb":{"@id":"https:\/\/simhero.com\/fr\/professionnels\/notre-technologie\/connectivite-iot\/#breadcrumb"},"inLanguage":"fr-FR","potentialAction":[{"@type":"ReadAction","target":["https:\/\/simhero.com\/fr\/professionnels\/notre-technologie\/connectivite-iot\/"]}]},{"@type":"ImageObject","inLanguage":"fr-FR","@id":"https:\/\/simhero.com\/fr\/professionnels\/notre-technologie\/connectivite-iot\/#primaryimage","url":"http:\/\/3.65.206.27\/wp-content\/uploads\/2020\/07\/iot-worldwide.jpg","contentUrl":"http:\/\/3.65.206.27\/wp-content\/uploads\/2020\/07\/iot-worldwide.jpg"},{"@type":"BreadcrumbList","@id":"https:\/\/simhero.com\/fr\/professionnels\/notre-technologie\/connectivite-iot\/#breadcrumb","itemListElement":[{"@type":"ListItem","position":1,"name":"Accueil","item":"http:\/\/simhero.com\/fr\/"},{"@type":"ListItem","position":2,"name":"Professionnels","item":"http:\/\/simhero.com\/fr\/professionnels\/"},{"@type":"ListItem","position":3,"name":"Notre technologie","item":"http:\/\/www.simhero.com\/fr\/professionnels\/notre-technologie\/"},{"@type":"ListItem","position":4,"name":"CONNECTIVIT\u00c9 IOT"}]},{"@type":"WebSite","@id":"https:\/\/simhero.com\/fr\/#website","url":"https:\/\/simhero.com\/fr\/","name":"simHERO","description":"","potentialAction":[{"@type":"SearchAction","target":{"@type":"EntryPoint","urlTemplate":"https:\/\/simhero.com\/fr\/?s={search_term_string}"},"query-input":{"@type":"PropertyValueSpecification","valueRequired":true,"valueName":"search_term_string"}}],"inLanguage":"fr-FR"}]}},"_links":{"self":[{"href":"https:\/\/simhero.com\/fr\/wp-json\/wp\/v2\/pages\/2728"}],"collection":[{"href":"https:\/\/simhero.com\/fr\/wp-json\/wp\/v2\/pages"}],"about":[{"href":"https:\/\/simhero.com\/fr\/wp-json\/wp\/v2\/types\/page"}],"author":[{"embeddable":true,"href":"https:\/\/simhero.com\/fr\/wp-json\/wp\/v2\/users\/2"}],"replies":[{"embeddable":true,"href":"https:\/\/simhero.com\/fr\/wp-json\/wp\/v2\/comments?post=2728"}],"version-history":[{"count":4,"href":"https:\/\/simhero.com\/fr\/wp-json\/wp\/v2\/pages\/2728\/revisions"}],"predecessor-version":[{"id":4413,"href":"https:\/\/simhero.com\/fr\/wp-json\/wp\/v2\/pages\/2728\/revisions\/4413"}],"up":[{"embeddable":true,"href":"https:\/\/simhero.com\/fr\/wp-json\/wp\/v2\/pages\/2676"}],"wp:attachment":[{"href":"https:\/\/simhero.com\/fr\/wp-json\/wp\/v2\/media?parent=2728"}],"curies":[{"name":"wp","href":"https:\/\/api.w.org\/{rel}","templated":true}]}}