{"id":2717,"date":"2020-11-19T14:22:35","date_gmt":"2020-11-19T13:22:35","guid":{"rendered":"http:\/\/3.65.206.27\/?page_id=2717"},"modified":"2020-11-20T09:54:52","modified_gmt":"2020-11-20T08:54:52","slug":"couverture-globale","status":"publish","type":"page","link":"https:\/\/simhero.com\/fr\/professionnels\/notre-technologie\/couverture-globale\/","title":{"rendered":"Couverture globale"},"content":{"rendered":"\t\t<div data-elementor-type=\"wp-page\" data-elementor-id=\"2717\" class=\"elementor elementor-2717 elementor-400\" data-elementor-post-type=\"page\">\n\t\t\t\t\t\t<section class=\"elementor-section elementor-top-section elementor-element elementor-element-5e776428 elementor-section-height-min-height elementor-section-boxed elementor-section-height-default elementor-section-items-middle\" data-id=\"5e776428\" data-element_type=\"section\" data-settings=\"{&quot;background_background&quot;:&quot;classic&quot;}\">\n\t\t\t\t\t\t\t<div class=\"elementor-background-overlay\"><\/div>\n\t\t\t\t\t\t\t<div class=\"elementor-container elementor-column-gap-default\">\n\t\t\t\t\t<div class=\"elementor-column elementor-col-100 elementor-top-column elementor-element elementor-element-4cf8ed47\" data-id=\"4cf8ed47\" data-element_type=\"column\">\n\t\t\t<div class=\"elementor-widget-wrap elementor-element-populated\">\n\t\t\t\t\t\t<div class=\"elementor-element elementor-element-180f5f4f elementor-widget elementor-widget-heading\" data-id=\"180f5f4f\" data-element_type=\"widget\" data-widget_type=\"heading.default\">\n\t\t\t\t<div class=\"elementor-widget-container\">\n\t\t\t<h1 class=\"elementor-heading-title elementor-size-default\">Couverture globale\n<\/h1>\t\t<\/div>\n\t\t\t\t<\/div>\n\t\t\t\t\t<\/div>\n\t\t<\/div>\n\t\t\t\t\t<\/div>\n\t\t<\/section>\n\t\t\t\t<section class=\"elementor-section elementor-top-section elementor-element elementor-element-3f664284 elementor-section-boxed elementor-section-height-default elementor-section-height-default\" data-id=\"3f664284\" data-element_type=\"section\">\n\t\t\t\t\t\t<div class=\"elementor-container elementor-column-gap-default\">\n\t\t\t\t\t<div class=\"elementor-column elementor-col-100 elementor-top-column elementor-element elementor-element-4f9fcad1\" data-id=\"4f9fcad1\" data-element_type=\"column\">\n\t\t\t<div class=\"elementor-widget-wrap elementor-element-populated\">\n\t\t\t\t\t\t<div class=\"elementor-element elementor-element-26a390a7 elementor-widget elementor-widget-heading\" data-id=\"26a390a7\" data-element_type=\"widget\" data-widget_type=\"heading.default\">\n\t\t\t\t<div class=\"elementor-widget-container\">\n\t\t\t<h2 class=\"elementor-heading-title elementor-size-default\">L'entreprise ad\u00e9quate pour votre recherche<\/h2>\t\t<\/div>\n\t\t\t\t<\/div>\n\t\t\t\t<div class=\"elementor-element elementor-element-2c361763 elementor-widget elementor-widget-text-editor\" data-id=\"2c361763\" data-element_type=\"widget\" data-widget_type=\"text-editor.default\">\n\t\t\t\t<div class=\"elementor-widget-container\">\n\t\t\t\t\t\t\t<p>Vous ne serez jamais seul ! simHERO a \u00e9tabli des partenariats avec les r\u00e9seaux les plus connus du globe afin de fournir \u00e0 tous nos clients un acc\u00e8s \u00e0 plus de 400 r\u00e9seaux et la meilleure connectivit\u00e9 IoT possible. \u00c9tant convaincus que ces partenariats sont d\u00e9terminants pour am\u00e9liorer nos services haut de gamme, nous ajoutons sans cesse de nouveaux partenaires \u00e0 nos services. simHERO coop\u00e8re avec les op\u00e9rateurs de r\u00e9seau suivants :<\/p>\t\t\t\t\t\t<\/div>\n\t\t\t\t<\/div>\n\t\t\t\t\t<\/div>\n\t\t<\/div>\n\t\t\t\t\t<\/div>\n\t\t<\/section>\n\t\t\t\t<section class=\"elementor-section elementor-top-section elementor-element elementor-element-a83f6ae elementor-section-boxed elementor-section-height-default elementor-section-height-default\" data-id=\"a83f6ae\" data-element_type=\"section\">\n\t\t\t\t\t\t<div class=\"elementor-container elementor-column-gap-wider\">\n\t\t\t\t\t<div class=\"elementor-column elementor-col-50 elementor-top-column elementor-element elementor-element-9bbb668\" data-id=\"9bbb668\" data-element_type=\"column\">\n\t\t\t<div class=\"elementor-widget-wrap elementor-element-populated\">\n\t\t\t\t\t\t<div class=\"elementor-element elementor-element-a7a7975 elementor-widget elementor-widget-image\" data-id=\"a7a7975\" data-element_type=\"widget\" data-widget_type=\"image.default\">\n\t\t\t\t<div class=\"elementor-widget-container\">\n\t\t\t\t\t\t\t\t\t\t\t\t\t\t<a href=\"https:\/\/www.a1.digital\/at\/\" target=\"_blank\">\n\t\t\t\t\t\t\t<img decoding=\"async\" width=\"141\" height=\"100\" src=\"https:\/\/simhero.com\/wp-content\/uploads\/2020\/07\/A1_Digital.png\" class=\"attachment-full size-full wp-image-2719\" alt=\"\" \/>\t\t\t\t\t\t\t\t<\/a>\n\t\t\t\t\t\t\t\t\t\t\t\t\t<\/div>\n\t\t\t\t<\/div>\n\t\t\t\t<div class=\"elementor-element elementor-element-16f2ba3 elementor-widget elementor-widget-text-editor\" data-id=\"16f2ba3\" data-element_type=\"widget\" data-widget_type=\"text-editor.default\">\n\t\t\t\t<div class=\"elementor-widget-container\">\n\t\t\t\t\t\t\t<p>A1 Telekom Austria est le premier fournisseur d&rsquo;acc\u00e8s d&rsquo;Autriche, bas\u00e9 \u00e0 Vienne, Autriche. Via le r\u00e9seau du fournisseur, simHERO se connecte \u00e0 406 r\u00e9seaux 2G, 3G, 4G, LTE et NB-IoT.<\/p>\t\t\t\t\t\t<\/div>\n\t\t\t\t<\/div>\n\t\t\t\t\t<\/div>\n\t\t<\/div>\n\t\t\t\t<div class=\"elementor-column elementor-col-50 elementor-top-column elementor-element elementor-element-439acf9\" data-id=\"439acf9\" data-element_type=\"column\">\n\t\t\t<div class=\"elementor-widget-wrap elementor-element-populated\">\n\t\t\t\t\t\t<div class=\"elementor-element elementor-element-5223e4d elementor-widget elementor-widget-image\" data-id=\"5223e4d\" data-element_type=\"widget\" data-widget_type=\"image.default\">\n\t\t\t\t<div class=\"elementor-widget-container\">\n\t\t\t\t\t\t\t\t\t\t\t\t\t\t<a href=\"https:\/\/arqia.com.br\/\" target=\"_blank\">\n\t\t\t\t\t\t\t<img decoding=\"async\" width=\"200\" height=\"100\" src=\"https:\/\/simhero.com\/wp-content\/uploads\/2020\/07\/logo-arqia-dados.png\" class=\"attachment-full size-full wp-image-2720\" alt=\"\" \/>\t\t\t\t\t\t\t\t<\/a>\n\t\t\t\t\t\t\t\t\t\t\t\t\t<\/div>\n\t\t\t\t<\/div>\n\t\t\t\t<div class=\"elementor-element elementor-element-c883508 elementor-widget elementor-widget-text-editor\" data-id=\"c883508\" data-element_type=\"widget\" data-widget_type=\"text-editor.default\">\n\t\t\t\t<div class=\"elementor-widget-container\">\n\t\t\t\t\t\t\t<p>Arquia Datora est notre premier partenaire r\u00e9seau en Am\u00e9rique du Sud, bas\u00e9 \u00e0 Sao Paolo, Br\u00e9sil. Gr\u00e2ce \u00e0 ce partenariat, simHERO est en mesure d&rsquo;offrir des services 2G, 3G, 4G et LTE au Br\u00e9sil par le biais des r\u00e9seaux TIM et VIVO.<\/p>\t\t\t\t\t\t<\/div>\n\t\t\t\t<\/div>\n\t\t\t\t<section class=\"elementor-section elementor-inner-section elementor-element elementor-element-535a7d8 elementor-section-content-middle elementor-section-boxed elementor-section-height-default elementor-section-height-default\" data-id=\"535a7d8\" data-element_type=\"section\">\n\t\t\t\t\t\t<div class=\"elementor-container elementor-column-gap-default\">\n\t\t\t\t\t<div class=\"elementor-column elementor-col-50 elementor-inner-column elementor-element elementor-element-61bf881\" data-id=\"61bf881\" data-element_type=\"column\">\n\t\t\t<div class=\"elementor-widget-wrap\">\n\t\t\t\t\t\t\t<\/div>\n\t\t<\/div>\n\t\t\t\t<div class=\"elementor-column elementor-col-50 elementor-inner-column elementor-element elementor-element-d624153\" data-id=\"d624153\" data-element_type=\"column\">\n\t\t\t<div class=\"elementor-widget-wrap\">\n\t\t\t\t\t\t\t<\/div>\n\t\t<\/div>\n\t\t\t\t\t<\/div>\n\t\t<\/section>\n\t\t\t\t\t<\/div>\n\t\t<\/div>\n\t\t\t\t\t<\/div>\n\t\t<\/section>\n\t\t\t\t<section class=\"elementor-section elementor-top-section elementor-element elementor-element-b6a46cf elementor-section-boxed elementor-section-height-default elementor-section-height-default\" data-id=\"b6a46cf\" data-element_type=\"section\">\n\t\t\t\t\t\t<div class=\"elementor-container elementor-column-gap-wider\">\n\t\t\t\t\t<div class=\"elementor-column elementor-col-50 elementor-top-column elementor-element elementor-element-e1190bb\" data-id=\"e1190bb\" data-element_type=\"column\">\n\t\t\t<div class=\"elementor-widget-wrap elementor-element-populated\">\n\t\t\t\t\t\t<div class=\"elementor-element elementor-element-d7ba01a elementor-widget elementor-widget-image\" data-id=\"d7ba01a\" data-element_type=\"widget\" data-widget_type=\"image.default\">\n\t\t\t\t<div class=\"elementor-widget-container\">\n\t\t\t\t\t\t\t\t\t\t\t\t\t\t<a href=\"https:\/\/www.kpn.com\/\" target=\"_blank\">\n\t\t\t\t\t\t\t<img decoding=\"async\" width=\"132\" height=\"100\" src=\"https:\/\/simhero.com\/wp-content\/uploads\/2020\/07\/kpn.png\" class=\"attachment-large size-large wp-image-2722\" alt=\"\" \/>\t\t\t\t\t\t\t\t<\/a>\n\t\t\t\t\t\t\t\t\t\t\t\t\t<\/div>\n\t\t\t\t<\/div>\n\t\t\t\t<div class=\"elementor-element elementor-element-33c15f9 elementor-widget elementor-widget-text-editor\" data-id=\"33c15f9\" data-element_type=\"widget\" data-widget_type=\"text-editor.default\">\n\t\t\t\t<div class=\"elementor-widget-container\">\n\t\t\t\t\t\t\t<p><span style=\"color: #222222;\"><span style=\"font-family: Montserrat, serif;\">KPN est une entreprise n\u00e9erlandaise de t\u00e9l\u00e9communications fixes et mobiles, bas\u00e9e \u00e0 Rotterdam, aux Pays-Bas. simHERO offre un acc\u00e8s \u00e0 461 r\u00e9seaux et fournit des services 2G, 3G, 4G, LTE et LTE CatM1.<\/span><\/span><\/p>\t\t\t\t\t\t<\/div>\n\t\t\t\t<\/div>\n\t\t\t\t\t<\/div>\n\t\t<\/div>\n\t\t\t\t<div class=\"elementor-column elementor-col-50 elementor-top-column elementor-element elementor-element-f5a81dc\" data-id=\"f5a81dc\" data-element_type=\"column\">\n\t\t\t<div class=\"elementor-widget-wrap elementor-element-populated\">\n\t\t\t\t\t\t<div class=\"elementor-element elementor-element-aa99e8f elementor-widget elementor-widget-image\" data-id=\"aa99e8f\" data-element_type=\"widget\" data-widget_type=\"image.default\">\n\t\t\t\t<div class=\"elementor-widget-container\">\n\t\t\t\t\t\t\t\t\t\t\t\t\t\t<a href=\"https:\/\/www.magenta.at\/\" target=\"_blank\">\n\t\t\t\t\t\t\t<img loading=\"lazy\" decoding=\"async\" width=\"159\" height=\"100\" src=\"https:\/\/simhero.com\/wp-content\/uploads\/2020\/07\/Logo_Magenta_Business-svg.png\" class=\"attachment-large size-large wp-image-2723\" alt=\"\" \/>\t\t\t\t\t\t\t\t<\/a>\n\t\t\t\t\t\t\t\t\t\t\t\t\t<\/div>\n\t\t\t\t<\/div>\n\t\t\t\t<div class=\"elementor-element elementor-element-402090a elementor-widget elementor-widget-text-editor\" data-id=\"402090a\" data-element_type=\"widget\" data-widget_type=\"text-editor.default\">\n\t\t\t\t<div class=\"elementor-widget-container\">\n\t\t\t\t\t\t\t<p>Magenta est un fournisseur de t\u00e9l\u00e9communications bas\u00e9 en Autriche et une filiale \u00e0 100 % de Deutsche Telekom AG (Allemagne). Ce partenariat permet \u00e0 simHERO de proposer 524 r\u00e9seaux pour la technologie 2G, la 3G, la 4G et NB Iot.<\/p><p><span style=\"color: #222222;\"><span style=\"font-family: Montserrat, serif;\">\u00a0<\/span><\/span><\/p>\t\t\t\t\t\t<\/div>\n\t\t\t\t<\/div>\n\t\t\t\t\t<\/div>\n\t\t<\/div>\n\t\t\t\t\t<\/div>\n\t\t<\/section>\n\t\t\t\t<section class=\"elementor-section elementor-top-section elementor-element elementor-element-880da91 elementor-section-boxed elementor-section-height-default elementor-section-height-default\" data-id=\"880da91\" data-element_type=\"section\">\n\t\t\t\t\t\t<div class=\"elementor-container elementor-column-gap-wider\">\n\t\t\t\t\t<div class=\"elementor-column elementor-col-50 elementor-top-column elementor-element elementor-element-090f2e9\" data-id=\"090f2e9\" data-element_type=\"column\">\n\t\t\t<div class=\"elementor-widget-wrap elementor-element-populated\">\n\t\t\t\t\t\t<div class=\"elementor-element elementor-element-9e538fc elementor-widget elementor-widget-image\" data-id=\"9e538fc\" data-element_type=\"widget\" data-widget_type=\"image.default\">\n\t\t\t\t<div class=\"elementor-widget-container\">\n\t\t\t\t\t\t\t\t\t\t\t\t\t\t<a href=\"https:\/\/www.vodafone.com\/\" target=\"_blank\">\n\t\t\t\t\t\t\t<img loading=\"lazy\" decoding=\"async\" width=\"80\" height=\"80\" src=\"https:\/\/simhero.com\/wp-content\/uploads\/2020\/05\/surface-e1588843842261.png\" class=\"attachment-large size-large wp-image-2558\" alt=\"\" \/>\t\t\t\t\t\t\t\t<\/a>\n\t\t\t\t\t\t\t\t\t\t\t\t\t<\/div>\n\t\t\t\t<\/div>\n\t\t\t\t<div class=\"elementor-element elementor-element-c4663db elementor-widget elementor-widget-text-editor\" data-id=\"c4663db\" data-element_type=\"widget\" data-widget_type=\"text-editor.default\">\n\t\t\t\t<div class=\"elementor-widget-container\">\n\t\t\t\t\t\t\t<p>Vodafone est l&rsquo;un des leaders mondiaux des technologies de la communication bas\u00e9 \u00e0 Newbury, Royaume Uni. En tant que partenaire officiel de Vodafone, simHERO offre un acc\u00e8s \u00e0 680 r\u00e9seaux 2G, 3G, 4G, LTE, LTE CatM1 et NB-IoT.<\/p>\t\t\t\t\t\t<\/div>\n\t\t\t\t<\/div>\n\t\t\t\t\t<\/div>\n\t\t<\/div>\n\t\t\t\t<div class=\"elementor-column elementor-col-50 elementor-top-column elementor-element elementor-element-191cdc8\" data-id=\"191cdc8\" data-element_type=\"column\">\n\t\t\t<div class=\"elementor-widget-wrap\">\n\t\t\t\t\t\t\t<\/div>\n\t\t<\/div>\n\t\t\t\t\t<\/div>\n\t\t<\/section>\n\t\t\t\t<\/div>\n\t\t","protected":false},"excerpt":{"rendered":"<p>Couverture globale L&rsquo;entreprise ad\u00e9quate pour votre recherche Vous ne serez jamais seul ! simHERO a \u00e9tabli des partenariats avec les r\u00e9seaux les plus connus du globe afin de fournir \u00e0 tous nos clients un acc\u00e8s \u00e0 plus de 400 r\u00e9seaux et la meilleure connectivit\u00e9 IoT possible. \u00c9tant convaincus que ces partenariats sont d\u00e9terminants pour am\u00e9liorer [&hellip;]<\/p>\n","protected":false},"author":2,"featured_media":0,"parent":2676,"menu_order":0,"comment_status":"closed","ping_status":"closed","template":"elementor_header_footer","meta":{"footnotes":""},"yoast_head":"<!-- This site is optimized with the Yoast SEO plugin v23.4 - https:\/\/yoast.com\/wordpress\/plugins\/seo\/ -->\n<title>Couverture globale - simHERO<\/title>\n<meta name=\"robots\" content=\"index, follow, max-snippet:-1, max-image-preview:large, max-video-preview:-1\" \/>\n<link rel=\"canonical\" href=\"https:\/\/simhero.com\/fr\/professionnels\/notre-technologie\/couverture-globale\/\" \/>\n<meta property=\"og:locale\" content=\"fr_FR\" \/>\n<meta property=\"og:type\" content=\"article\" \/>\n<meta property=\"og:title\" content=\"Couverture globale - simHERO\" \/>\n<meta property=\"og:description\" content=\"Couverture globale L&rsquo;entreprise ad\u00e9quate pour votre recherche Vous ne serez jamais seul ! simHERO a \u00e9tabli des partenariats avec les r\u00e9seaux les plus connus du globe afin de fournir \u00e0 tous nos clients un acc\u00e8s \u00e0 plus de 400 r\u00e9seaux et la meilleure connectivit\u00e9 IoT possible. \u00c9tant convaincus que ces partenariats sont d\u00e9terminants pour am\u00e9liorer [&hellip;]\" \/>\n<meta property=\"og:url\" content=\"https:\/\/simhero.com\/fr\/professionnels\/notre-technologie\/couverture-globale\/\" \/>\n<meta property=\"og:site_name\" content=\"simHERO\" \/>\n<meta property=\"article:publisher\" content=\"https:\/\/www.facebook.com\/freeewaysimhero\/\" \/>\n<meta property=\"article:modified_time\" content=\"2020-11-20T08:54:52+00:00\" \/>\n<meta property=\"og:image\" content=\"http:\/\/3.65.206.27\/wp-content\/uploads\/2020\/07\/A1_Digital.png\" \/>\n<meta name=\"twitter:card\" content=\"summary_large_image\" \/>\n<meta name=\"twitter:label1\" content=\"Dur\u00e9e de lecture estim\u00e9e\" \/>\n\t<meta name=\"twitter:data1\" content=\"1 minute\" \/>\n<script type=\"application\/ld+json\" class=\"yoast-schema-graph\">{\"@context\":\"https:\/\/schema.org\",\"@graph\":[{\"@type\":\"WebPage\",\"@id\":\"https:\/\/simhero.com\/fr\/professionnels\/notre-technologie\/couverture-globale\/\",\"url\":\"https:\/\/simhero.com\/fr\/professionnels\/notre-technologie\/couverture-globale\/\",\"name\":\"Couverture globale - simHERO\",\"isPartOf\":{\"@id\":\"https:\/\/simhero.com\/fr\/#website\"},\"primaryImageOfPage\":{\"@id\":\"https:\/\/simhero.com\/fr\/professionnels\/notre-technologie\/couverture-globale\/#primaryimage\"},\"image\":{\"@id\":\"https:\/\/simhero.com\/fr\/professionnels\/notre-technologie\/couverture-globale\/#primaryimage\"},\"thumbnailUrl\":\"http:\/\/3.65.206.27\/wp-content\/uploads\/2020\/07\/A1_Digital.png\",\"datePublished\":\"2020-11-19T13:22:35+00:00\",\"dateModified\":\"2020-11-20T08:54:52+00:00\",\"breadcrumb\":{\"@id\":\"https:\/\/simhero.com\/fr\/professionnels\/notre-technologie\/couverture-globale\/#breadcrumb\"},\"inLanguage\":\"fr-FR\",\"potentialAction\":[{\"@type\":\"ReadAction\",\"target\":[\"https:\/\/simhero.com\/fr\/professionnels\/notre-technologie\/couverture-globale\/\"]}]},{\"@type\":\"ImageObject\",\"inLanguage\":\"fr-FR\",\"@id\":\"https:\/\/simhero.com\/fr\/professionnels\/notre-technologie\/couverture-globale\/#primaryimage\",\"url\":\"http:\/\/3.65.206.27\/wp-content\/uploads\/2020\/07\/A1_Digital.png\",\"contentUrl\":\"http:\/\/3.65.206.27\/wp-content\/uploads\/2020\/07\/A1_Digital.png\"},{\"@type\":\"BreadcrumbList\",\"@id\":\"https:\/\/simhero.com\/fr\/professionnels\/notre-technologie\/couverture-globale\/#breadcrumb\",\"itemListElement\":[{\"@type\":\"ListItem\",\"position\":1,\"name\":\"Accueil\",\"item\":\"http:\/\/simhero.com\/fr\/\"},{\"@type\":\"ListItem\",\"position\":2,\"name\":\"Professionnels\",\"item\":\"http:\/\/simhero.com\/fr\/professionnels\/\"},{\"@type\":\"ListItem\",\"position\":3,\"name\":\"Notre technologie\",\"item\":\"http:\/\/www.simhero.com\/fr\/professionnels\/notre-technologie\/\"},{\"@type\":\"ListItem\",\"position\":4,\"name\":\"Couverture globale\"}]},{\"@type\":\"WebSite\",\"@id\":\"https:\/\/simhero.com\/fr\/#website\",\"url\":\"https:\/\/simhero.com\/fr\/\",\"name\":\"simHERO\",\"description\":\"\",\"potentialAction\":[{\"@type\":\"SearchAction\",\"target\":{\"@type\":\"EntryPoint\",\"urlTemplate\":\"https:\/\/simhero.com\/fr\/?s={search_term_string}\"},\"query-input\":{\"@type\":\"PropertyValueSpecification\",\"valueRequired\":true,\"valueName\":\"search_term_string\"}}],\"inLanguage\":\"fr-FR\"}]}<\/script>\n<!-- \/ Yoast SEO plugin. -->","yoast_head_json":{"title":"Couverture globale - simHERO","robots":{"index":"index","follow":"follow","max-snippet":"max-snippet:-1","max-image-preview":"max-image-preview:large","max-video-preview":"max-video-preview:-1"},"canonical":"https:\/\/simhero.com\/fr\/professionnels\/notre-technologie\/couverture-globale\/","og_locale":"fr_FR","og_type":"article","og_title":"Couverture globale - simHERO","og_description":"Couverture globale L&rsquo;entreprise ad\u00e9quate pour votre recherche Vous ne serez jamais seul ! simHERO a \u00e9tabli des partenariats avec les r\u00e9seaux les plus connus du globe afin de fournir \u00e0 tous nos clients un acc\u00e8s \u00e0 plus de 400 r\u00e9seaux et la meilleure connectivit\u00e9 IoT possible. \u00c9tant convaincus que ces partenariats sont d\u00e9terminants pour am\u00e9liorer [&hellip;]","og_url":"https:\/\/simhero.com\/fr\/professionnels\/notre-technologie\/couverture-globale\/","og_site_name":"simHERO","article_publisher":"https:\/\/www.facebook.com\/freeewaysimhero\/","article_modified_time":"2020-11-20T08:54:52+00:00","og_image":[{"url":"http:\/\/3.65.206.27\/wp-content\/uploads\/2020\/07\/A1_Digital.png"}],"twitter_card":"summary_large_image","twitter_misc":{"Dur\u00e9e de lecture estim\u00e9e":"1 minute"},"schema":{"@context":"https:\/\/schema.org","@graph":[{"@type":"WebPage","@id":"https:\/\/simhero.com\/fr\/professionnels\/notre-technologie\/couverture-globale\/","url":"https:\/\/simhero.com\/fr\/professionnels\/notre-technologie\/couverture-globale\/","name":"Couverture globale - simHERO","isPartOf":{"@id":"https:\/\/simhero.com\/fr\/#website"},"primaryImageOfPage":{"@id":"https:\/\/simhero.com\/fr\/professionnels\/notre-technologie\/couverture-globale\/#primaryimage"},"image":{"@id":"https:\/\/simhero.com\/fr\/professionnels\/notre-technologie\/couverture-globale\/#primaryimage"},"thumbnailUrl":"http:\/\/3.65.206.27\/wp-content\/uploads\/2020\/07\/A1_Digital.png","datePublished":"2020-11-19T13:22:35+00:00","dateModified":"2020-11-20T08:54:52+00:00","breadcrumb":{"@id":"https:\/\/simhero.com\/fr\/professionnels\/notre-technologie\/couverture-globale\/#breadcrumb"},"inLanguage":"fr-FR","potentialAction":[{"@type":"ReadAction","target":["https:\/\/simhero.com\/fr\/professionnels\/notre-technologie\/couverture-globale\/"]}]},{"@type":"ImageObject","inLanguage":"fr-FR","@id":"https:\/\/simhero.com\/fr\/professionnels\/notre-technologie\/couverture-globale\/#primaryimage","url":"http:\/\/3.65.206.27\/wp-content\/uploads\/2020\/07\/A1_Digital.png","contentUrl":"http:\/\/3.65.206.27\/wp-content\/uploads\/2020\/07\/A1_Digital.png"},{"@type":"BreadcrumbList","@id":"https:\/\/simhero.com\/fr\/professionnels\/notre-technologie\/couverture-globale\/#breadcrumb","itemListElement":[{"@type":"ListItem","position":1,"name":"Accueil","item":"http:\/\/simhero.com\/fr\/"},{"@type":"ListItem","position":2,"name":"Professionnels","item":"http:\/\/simhero.com\/fr\/professionnels\/"},{"@type":"ListItem","position":3,"name":"Notre technologie","item":"http:\/\/www.simhero.com\/fr\/professionnels\/notre-technologie\/"},{"@type":"ListItem","position":4,"name":"Couverture globale"}]},{"@type":"WebSite","@id":"https:\/\/simhero.com\/fr\/#website","url":"https:\/\/simhero.com\/fr\/","name":"simHERO","description":"","potentialAction":[{"@type":"SearchAction","target":{"@type":"EntryPoint","urlTemplate":"https:\/\/simhero.com\/fr\/?s={search_term_string}"},"query-input":{"@type":"PropertyValueSpecification","valueRequired":true,"valueName":"search_term_string"}}],"inLanguage":"fr-FR"}]}},"_links":{"self":[{"href":"https:\/\/simhero.com\/fr\/wp-json\/wp\/v2\/pages\/2717"}],"collection":[{"href":"https:\/\/simhero.com\/fr\/wp-json\/wp\/v2\/pages"}],"about":[{"href":"https:\/\/simhero.com\/fr\/wp-json\/wp\/v2\/types\/page"}],"author":[{"embeddable":true,"href":"https:\/\/simhero.com\/fr\/wp-json\/wp\/v2\/users\/2"}],"replies":[{"embeddable":true,"href":"https:\/\/simhero.com\/fr\/wp-json\/wp\/v2\/comments?post=2717"}],"version-history":[{"count":4,"href":"https:\/\/simhero.com\/fr\/wp-json\/wp\/v2\/pages\/2717\/revisions"}],"predecessor-version":[{"id":2808,"href":"https:\/\/simhero.com\/fr\/wp-json\/wp\/v2\/pages\/2717\/revisions\/2808"}],"up":[{"embeddable":true,"href":"https:\/\/simhero.com\/fr\/wp-json\/wp\/v2\/pages\/2676"}],"wp:attachment":[{"href":"https:\/\/simhero.com\/fr\/wp-json\/wp\/v2\/media?parent=2717"}],"curies":[{"name":"wp","href":"https:\/\/api.w.org\/{rel}","templated":true}]}}