{"id":2676,"date":"2020-11-19T14:03:31","date_gmt":"2020-11-19T13:03:31","guid":{"rendered":"http:\/\/3.65.206.27\/?page_id=2676"},"modified":"2020-11-24T13:59:43","modified_gmt":"2020-11-24T12:59:43","slug":"notre-technologie","status":"publish","type":"page","link":"https:\/\/simhero.com\/fr\/professionnels\/notre-technologie\/","title":{"rendered":"Notre technologie"},"content":{"rendered":"\t\t<div data-elementor-type=\"wp-page\" data-elementor-id=\"2676\" class=\"elementor elementor-2676 elementor-19\" data-elementor-post-type=\"page\">\n\t\t\t\t\t\t<section class=\"elementor-section elementor-top-section elementor-element elementor-element-11ff7fd8 elementor-section-height-min-height elementor-section-boxed elementor-section-height-default elementor-section-items-middle\" data-id=\"11ff7fd8\" data-element_type=\"section\" data-settings=\"{&quot;background_background&quot;:&quot;classic&quot;}\">\n\t\t\t\t\t\t\t<div class=\"elementor-background-overlay\"><\/div>\n\t\t\t\t\t\t\t<div class=\"elementor-container elementor-column-gap-default\">\n\t\t\t\t\t<div class=\"elementor-column elementor-col-100 elementor-top-column elementor-element elementor-element-3714a2a7\" data-id=\"3714a2a7\" data-element_type=\"column\">\n\t\t\t<div class=\"elementor-widget-wrap elementor-element-populated\">\n\t\t\t\t\t\t<div class=\"elementor-element elementor-element-1f081d1 elementor-widget elementor-widget-heading\" data-id=\"1f081d1\" data-element_type=\"widget\" data-widget_type=\"heading.default\">\n\t\t\t\t<div class=\"elementor-widget-container\">\n\t\t\t<h1 class=\"elementor-heading-title elementor-size-default\">Technologie simHERO\n<\/h1>\t\t<\/div>\n\t\t\t\t<\/div>\n\t\t\t\t\t<\/div>\n\t\t<\/div>\n\t\t\t\t\t<\/div>\n\t\t<\/section>\n\t\t\t\t<section class=\"elementor-section elementor-top-section elementor-element elementor-element-6449f6c6 elementor-section-boxed elementor-section-height-default elementor-section-height-default\" data-id=\"6449f6c6\" data-element_type=\"section\">\n\t\t\t\t\t\t<div class=\"elementor-container elementor-column-gap-default\">\n\t\t\t\t\t<div class=\"elementor-column elementor-col-100 elementor-top-column elementor-element elementor-element-7a9fe74e\" data-id=\"7a9fe74e\" data-element_type=\"column\">\n\t\t\t<div class=\"elementor-widget-wrap elementor-element-populated\">\n\t\t\t\t\t\t<div class=\"elementor-element elementor-element-6bcab5f4 elementor-widget elementor-widget-heading\" data-id=\"6bcab5f4\" data-element_type=\"widget\" data-widget_type=\"heading.default\">\n\t\t\t\t<div class=\"elementor-widget-container\">\n\t\t\t<h2 class=\"elementor-heading-title elementor-size-default\">La solution IoT globale pour l'\u00e9lectronique grand public\n\n\n<\/h2>\t\t<\/div>\n\t\t\t\t<\/div>\n\t\t\t\t<div class=\"elementor-element elementor-element-1290a346 elementor-widget elementor-widget-text-editor\" data-id=\"1290a346\" data-element_type=\"widget\" data-widget_type=\"text-editor.default\">\n\t\t\t\t<div class=\"elementor-widget-container\">\n\t\t\t\t\t\t\t<div class=\"pre-block\"><div id=\"text-content-block\"><strong>Vous voulez que vos appareils se connectent efficacement et de mani\u00e8re optimale et restent connect\u00e9s, m\u00eame dans des zones de faible couverture r\u00e9seau &#8211; Nos cartes SIM vous fourniront toutes les fonctionnalit\u00e9s dont vous avez besoin.<\/strong><\/div><div>\u00a0<\/div><div><p>simHERO propose une solution SIM globale et personnalis\u00e9e pour la connectivit\u00e9 IoT dans l&rsquo;industrie grand public. En coop\u00e9ration avec nos partenaires r\u00e9seau internationaux de renom et notre logiciel d\u00e9velopp\u00e9 en interne, nous \u00e9tendons en permanence la couverture mondiale de simHERO avec un nombre croissant de r\u00e9seaux nationaux, tout en am\u00e9liorant dans le m\u00eame temps la convivialit\u00e9 de nos outils de gestion. Par ailleurs, notre solution de connectivit\u00e9 IoT est bas\u00e9e sur trois piliers principaux :<\/p><\/div><\/div>\t\t\t\t\t\t<\/div>\n\t\t\t\t<\/div>\n\t\t\t\t\t<\/div>\n\t\t<\/div>\n\t\t\t\t\t<\/div>\n\t\t<\/section>\n\t\t\t\t<section class=\"elementor-section elementor-top-section elementor-element elementor-element-23437f1 elementor-section-boxed elementor-section-height-default elementor-section-height-default\" data-id=\"23437f1\" data-element_type=\"section\">\n\t\t\t\t\t\t<div class=\"elementor-container elementor-column-gap-no\">\n\t\t\t\t\t<div class=\"elementor-column elementor-col-100 elementor-top-column elementor-element elementor-element-7414240\" data-id=\"7414240\" data-element_type=\"column\">\n\t\t\t<div class=\"elementor-widget-wrap elementor-element-populated\">\n\t\t\t\t\t\t<section class=\"elementor-section elementor-inner-section elementor-element elementor-element-477ac7b2 tuerkis bottom-align elementor-section-boxed elementor-section-height-default elementor-section-height-default\" data-id=\"477ac7b2\" data-element_type=\"section\">\n\t\t\t\t\t\t<div class=\"elementor-container elementor-column-gap-wider\">\n\t\t\t\t\t<div class=\"elementor-column elementor-col-33 elementor-inner-column elementor-element elementor-element-5354f545\" data-id=\"5354f545\" data-element_type=\"column\">\n\t\t\t<div class=\"elementor-widget-wrap elementor-element-populated\">\n\t\t\t\t\t\t<div class=\"elementor-element elementor-element-f2ef946 elementor-view-default elementor-position-top elementor-mobile-position-top elementor-widget elementor-widget-icon-box\" data-id=\"f2ef946\" data-element_type=\"widget\" data-widget_type=\"icon-box.default\">\n\t\t\t\t<div class=\"elementor-widget-container\">\n\t\t\t\t\t<div class=\"elementor-icon-box-wrapper\">\n\n\t\t\t\t\t\t<div class=\"elementor-icon-box-icon\">\n\t\t\t\t<span  class=\"elementor-icon elementor-animation-\">\n\t\t\t\t<svg xmlns=\"http:\/\/www.w3.org\/2000\/svg\" width=\"45.824\" height=\"36.524\" viewBox=\"0 0 45.824 36.524\"><defs><style>.a{fill:#11b1bc;}<\/style><\/defs><g transform=\"translate(-216.464 -63.37)\"><g transform=\"translate(216.464 63.37)\"><path class=\"a\" d=\"M216.464,80.25A21.265,21.265,0,0,0,224.8,97.13l2.3-2.3a18.044,18.044,0,0,1,0-29.153l-2.3-2.3A21.266,21.266,0,0,0,216.464,80.25Z\" transform=\"translate(-216.464 -63.37)\"><\/path><g transform=\"translate(5.591 3.534)\"><path class=\"a\" d=\"M224.647,81.889a16.335,16.335,0,0,0,6.92,13.345l2.324-2.324a13.1,13.1,0,0,1,0-22.043l-2.324-2.324A16.336,16.336,0,0,0,224.647,81.889Z\" transform=\"translate(-224.647 -68.543)\"><\/path><\/g><g transform=\"translate(11.451 7.774)\"><path class=\"a\" d=\"M233.224,83.855a10.487,10.487,0,0,0,5.3,9.106l2.4-2.4a7.256,7.256,0,0,1,0-13.405l-2.4-2.4A10.488,10.488,0,0,0,233.224,83.855Z\" transform=\"translate(-233.224 -74.748)\"><\/path><\/g><g transform=\"translate(35.19)\"><path class=\"a\" d=\"M278.605,80.25a21.266,21.266,0,0,1-8.332,16.879l-2.3-2.3a18.044,18.044,0,0,0,0-29.153l2.3-2.3A21.264,21.264,0,0,1,278.605,80.25Z\" transform=\"translate(-267.971 -63.37)\"><\/path><\/g><g transform=\"translate(30.99 3.534)\"><path class=\"a\" d=\"M271.067,81.889a16.335,16.335,0,0,1-6.92,13.345l-2.324-2.324a13.1,13.1,0,0,0,0-22.043l2.324-2.324A16.336,16.336,0,0,1,271.067,81.889Z\" transform=\"translate(-261.823 -68.543)\"><\/path><\/g><g transform=\"translate(26.671 7.774)\"><path class=\"a\" d=\"M263.2,83.855a10.488,10.488,0,0,1-5.3,9.106l-2.4-2.4a7.256,7.256,0,0,0,0-13.405l2.4-2.4A10.488,10.488,0,0,1,263.2,83.855Z\" transform=\"translate(-255.502 -74.748)\"><\/path><\/g><g transform=\"translate(19.484 13.452)\"><path class=\"a\" d=\"M251.839,86.487a3.428,3.428,0,1,0-4.032,3.374v16.27h1.208V89.861A3.429,3.429,0,0,0,251.839,86.487Z\" transform=\"translate(-244.982 -83.059)\"><\/path><\/g><\/g><\/g><\/svg>\t\t\t\t<\/span>\n\t\t\t<\/div>\n\t\t\t\n\t\t\t\t\t\t<div class=\"elementor-icon-box-content\">\n\n\t\t\t\t\t\t\t\t\t<h3 class=\"elementor-icon-box-title\">\n\t\t\t\t\t\t<span  >\n\t\t\t\t\t\t\tCONNECTIVIT\u00c9 IOT\t\t\t\t\t\t<\/span>\n\t\t\t\t\t<\/h3>\n\t\t\t\t\n\t\t\t\t\t\t\t\t\t<p class=\"elementor-icon-box-description\">\n\t\t\t\t\t\tConnectivit\u00e9 IoT personnalis\u00e9e fournie par notre carte SIM multi-r\u00e9seau\n\n\n\n\t\t\t\t\t<\/p>\n\t\t\t\t\n\t\t\t<\/div>\n\t\t\t\n\t\t<\/div>\n\t\t\t\t<\/div>\n\t\t\t\t<\/div>\n\t\t\t\t<div class=\"elementor-element elementor-element-d848fb2 elementor-align-center elementor-widget elementor-widget-button\" data-id=\"d848fb2\" data-element_type=\"widget\" data-widget_type=\"button.default\">\n\t\t\t\t<div class=\"elementor-widget-container\">\n\t\t\t\t\t<div class=\"elementor-button-wrapper\">\n\t\t\t<a class=\"elementor-button elementor-button-link elementor-size-sm\" href=\"https:\/\/simhero.com\/fr\/professionnels\/notre-technologie\/connectivite-iot\/\">\n\t\t\t\t\t\t<span class=\"elementor-button-content-wrapper\">\n\t\t\t\t\t\t\t\t\t<span class=\"elementor-button-text\">Connectivit\u00e9 IoT<\/span>\n\t\t\t\t\t<\/span>\n\t\t\t\t\t<\/a>\n\t\t<\/div>\n\t\t\t\t<\/div>\n\t\t\t\t<\/div>\n\t\t\t\t\t<\/div>\n\t\t<\/div>\n\t\t\t\t<div class=\"elementor-column elementor-col-33 elementor-inner-column elementor-element elementor-element-4ac6a994\" data-id=\"4ac6a994\" data-element_type=\"column\">\n\t\t\t<div class=\"elementor-widget-wrap elementor-element-populated\">\n\t\t\t\t\t\t<div class=\"elementor-element elementor-element-60bcf4c3 elementor-view-default elementor-position-top elementor-mobile-position-top elementor-widget elementor-widget-icon-box\" data-id=\"60bcf4c3\" data-element_type=\"widget\" data-widget_type=\"icon-box.default\">\n\t\t\t\t<div class=\"elementor-widget-container\">\n\t\t\t\t\t<div class=\"elementor-icon-box-wrapper\">\n\n\t\t\t\t\t\t<div class=\"elementor-icon-box-icon\">\n\t\t\t\t<span  class=\"elementor-icon elementor-animation-\">\n\t\t\t\t<svg xmlns=\"http:\/\/www.w3.org\/2000\/svg\" width=\"42.199\" height=\"33.759\" viewBox=\"0 0 42.199 33.759\"><defs><style>.a{fill:#11b1bc;}<\/style><\/defs><g transform=\"translate(0 -2)\"><path class=\"a\" d=\"M0,2V35.759H42.2V2ZM2.11,4.11H40.089V8.33H2.11Zm0,6.33H40.089V33.649H2.11Zm14.024,4.529L9.058,22.044l7.076,7.076,1.492-1.492-5.584-5.584,5.584-5.584Zm9.932,0-1.492,1.492,5.584,5.584-5.584,5.584,1.492,1.492,7.076-7.076Z\"><\/path><\/g><\/svg>\t\t\t\t<\/span>\n\t\t\t<\/div>\n\t\t\t\n\t\t\t\t\t\t<div class=\"elementor-icon-box-content\">\n\n\t\t\t\t\t\t\t\t\t<h3 class=\"elementor-icon-box-title\">\n\t\t\t\t\t\t<span  >\n\t\t\t\t\t\t\t LOGICIEL\t\t\t\t\t\t<\/span>\n\t\t\t\t\t<\/h3>\n\t\t\t\t\n\t\t\t\t\t\t\t\t\t<p class=\"elementor-icon-box-description\">\n\t\t\t\t\t\tLe bon logiciel de gestion, quel que soit celui qui prend les commandes\n\n\n\t\t\t\t\t<\/p>\n\t\t\t\t\n\t\t\t<\/div>\n\t\t\t\n\t\t<\/div>\n\t\t\t\t<\/div>\n\t\t\t\t<\/div>\n\t\t\t\t<div class=\"elementor-element elementor-element-06c4898 elementor-align-center elementor-widget elementor-widget-button\" data-id=\"06c4898\" data-element_type=\"widget\" data-widget_type=\"button.default\">\n\t\t\t\t<div class=\"elementor-widget-container\">\n\t\t\t\t\t<div class=\"elementor-button-wrapper\">\n\t\t\t<a class=\"elementor-button elementor-button-link elementor-size-sm\" href=\"https:\/\/simhero.com\/fr\/professionnels\/notre-technologie\/logiciel\/\">\n\t\t\t\t\t\t<span class=\"elementor-button-content-wrapper\">\n\t\t\t\t\t\t\t\t\t<span class=\"elementor-button-text\">Logiciel<\/span>\n\t\t\t\t\t<\/span>\n\t\t\t\t\t<\/a>\n\t\t<\/div>\n\t\t\t\t<\/div>\n\t\t\t\t<\/div>\n\t\t\t\t\t<\/div>\n\t\t<\/div>\n\t\t\t\t<div class=\"elementor-column elementor-col-33 elementor-inner-column elementor-element elementor-element-220ed13a\" data-id=\"220ed13a\" data-element_type=\"column\">\n\t\t\t<div class=\"elementor-widget-wrap elementor-element-populated\">\n\t\t\t\t\t\t<div class=\"elementor-element elementor-element-678ae42d elementor-view-default elementor-position-top elementor-mobile-position-top elementor-widget elementor-widget-icon-box\" data-id=\"678ae42d\" data-element_type=\"widget\" data-widget_type=\"icon-box.default\">\n\t\t\t\t<div class=\"elementor-widget-container\">\n\t\t\t\t\t<div class=\"elementor-icon-box-wrapper\">\n\n\t\t\t\t\t\t<div class=\"elementor-icon-box-icon\">\n\t\t\t\t<span  class=\"elementor-icon elementor-animation-\">\n\t\t\t\t<svg xmlns=\"http:\/\/www.w3.org\/2000\/svg\" width=\"38.97\" height=\"38.892\" viewBox=\"0 0 38.97 38.892\"><defs><style>.a{fill:#11b1bc;}<\/style><\/defs><g transform=\"translate(-0.976 -1.007)\"><g transform=\"translate(0.976 1.007)\"><path class=\"a\" d=\"M5.2,32.09a.647.647,0,0,1-.525-.268A19.458,19.458,0,0,1,34.221,6.7a.648.648,0,1,1-.917.917A18.161,18.161,0,0,0,5.72,31.061.649.649,0,0,1,5.2,32.09Z\" transform=\"translate(-0.976 -1.007)\"><\/path><path class=\"a\" d=\"M19.194,38.1A19.394,19.394,0,0,1,5.436,32.416a.648.648,0,1,1,.917-.917,18.161,18.161,0,0,0,27.6-23.423.649.649,0,1,1,1.053-.757A19.448,19.448,0,0,1,19.194,38.1Z\" transform=\"translate(0.293 0.788)\"><\/path><path class=\"a\" d=\"M5.895,30.242a.649.649,0,0,1-.649-.649V26.4a.649.649,0,0,1,.649-.649H9.086a.649.649,0,0,1,0,1.3H6.543v2.542A.649.649,0,0,1,5.895,30.242Z\" transform=\"translate(0.292 6.343)\"><\/path><path class=\"a\" d=\"M27.133,7.274H23.942a.649.649,0,0,1,0-1.3h2.543V3.435a.649.649,0,1,1,1.3,0V6.625A.649.649,0,0,1,27.133,7.274Z\" transform=\"translate(5.653 -0.479)\"><\/path><\/g><g transform=\"translate(6.195 6.186)\"><path class=\"a\" d=\"M19.267,33.534A14.267,14.267,0,1,1,33.534,19.267,14.284,14.284,0,0,1,19.267,33.534Zm0-27.237a12.97,12.97,0,1,0,12.97,12.97A12.985,12.985,0,0,0,19.267,6.3Z\" transform=\"translate(-5 -5)\"><\/path><path class=\"a\" d=\"M19.267,33.534A14.267,14.267,0,1,1,33.534,19.267,14.284,14.284,0,0,1,19.267,33.534Zm0-27.237a12.97,12.97,0,1,0,12.97,12.97A12.985,12.985,0,0,0,19.267,6.3Z\" transform=\"translate(-5 -5)\"><\/path><path class=\"a\" d=\"M28.337,24.3a.638.638,0,0,1-.183-.027,34.669,34.669,0,0,0-19.471,0,.648.648,0,0,1-.364-1.244,35.96,35.96,0,0,1,20.2,0,.649.649,0,0,1-.182,1.271Z\" transform=\"translate(-4.153 -0.074)\"><\/path><path class=\"a\" d=\"M17.733,11.047a35.886,35.886,0,0,1-7.047-.7.649.649,0,0,1,.256-1.272,34.631,34.631,0,0,0,16.525-.728.648.648,0,1,1,.364,1.244A35.737,35.737,0,0,1,17.733,11.047Z\" transform=\"translate(-3.466 -4.014)\"><\/path><path class=\"a\" d=\"M16.652,33.494a.649.649,0,0,1-.366-1.184,15.732,15.732,0,0,0,0-26.1.649.649,0,0,1,.732-1.071,17.03,17.03,0,0,1,0,28.244A.656.656,0,0,1,16.652,33.494Z\" transform=\"translate(-1.732 -4.992)\"><\/path><path class=\"a\" d=\"M17.3,32.826a.646.646,0,0,1-.366-.113A17.009,17.009,0,0,1,13.544,7.5a.648.648,0,0,1,.983.846A15.71,15.71,0,0,0,17.666,31.64a.65.65,0,0,1-.366,1.185Z\" transform=\"translate(-3.687 -4.324)\"><\/path><g transform=\"translate(13.619 0.717)\"><path class=\"a\" d=\"M16.149,32.653A.649.649,0,0,1,15.5,32V6.2a.649.649,0,0,1,1.3,0v25.8A.648.648,0,0,1,16.149,32.653Z\" transform=\"translate(-15.5 -5.553)\"><\/path><\/g><g transform=\"translate(2.663 13.619)\"><path class=\"a\" d=\"M31.559,16.8H7.7a.649.649,0,0,1,0-1.3H31.56a.649.649,0,1,1,0,1.3Z\" transform=\"translate(-7.053 -15.5)\"><\/path><\/g><\/g><\/g><\/svg>\t\t\t\t<\/span>\n\t\t\t<\/div>\n\t\t\t\n\t\t\t\t\t\t<div class=\"elementor-icon-box-content\">\n\n\t\t\t\t\t\t\t\t\t<h3 class=\"elementor-icon-box-title\">\n\t\t\t\t\t\t<span  >\n\t\t\t\t\t\t\tPartenaires mondiaux\t\t\t\t\t\t<\/span>\n\t\t\t\t\t<\/h3>\n\t\t\t\t\n\t\t\t\t\t\t\t\t\t<p class=\"elementor-icon-box-description\">\n\t\t\t\t\t\tLe cercle toujours plus large de nos partenaires r\u00e9seau mondiaux \n\n\t\t\t\t\t<\/p>\n\t\t\t\t\n\t\t\t<\/div>\n\t\t\t\n\t\t<\/div>\n\t\t\t\t<\/div>\n\t\t\t\t<\/div>\n\t\t\t\t<div class=\"elementor-element elementor-element-9e61899 elementor-align-center elementor-widget elementor-widget-button\" data-id=\"9e61899\" data-element_type=\"widget\" data-widget_type=\"button.default\">\n\t\t\t\t<div class=\"elementor-widget-container\">\n\t\t\t\t\t<div class=\"elementor-button-wrapper\">\n\t\t\t<a class=\"elementor-button elementor-button-link elementor-size-sm\" href=\"https:\/\/simhero.com\/fr\/professionnels\/notre-technologie\/couverture-globale\/\">\n\t\t\t\t\t\t<span class=\"elementor-button-content-wrapper\">\n\t\t\t\t\t\t\t\t\t<span class=\"elementor-button-text\">Partenaires mondiaux<\/span>\n\t\t\t\t\t<\/span>\n\t\t\t\t\t<\/a>\n\t\t<\/div>\n\t\t\t\t<\/div>\n\t\t\t\t<\/div>\n\t\t\t\t\t<\/div>\n\t\t<\/div>\n\t\t\t\t\t<\/div>\n\t\t<\/section>\n\t\t\t\t<div class=\"elementor-element elementor-element-55179a9 elementor-widget elementor-widget-text-editor\" data-id=\"55179a9\" data-element_type=\"widget\" data-widget_type=\"text-editor.default\">\n\t\t\t\t<div class=\"elementor-widget-container\">\n\t\t\t\t\t\t\t\n<h5>Chez simHERO, nous pensons que la combinaison de ces trois piliers fait la diff\u00e9rence pour assurer les meilleures pratiques en mati\u00e8re de fourniture de connectivit\u00e9 IoT pour les appareils grand public.<\/h5>\n\t\t\t\t\t\t<\/div>\n\t\t\t\t<\/div>\n\t\t\t\t\t<\/div>\n\t\t<\/div>\n\t\t\t\t\t<\/div>\n\t\t<\/section>\n\t\t\t\t<\/div>\n\t\t","protected":false},"excerpt":{"rendered":"<p>Technologie simHERO La solution IoT globale pour l&rsquo;\u00e9lectronique grand public Vous voulez que vos appareils se connectent efficacement et de mani\u00e8re optimale et restent connect\u00e9s, m\u00eame dans des zones de faible couverture r\u00e9seau &#8211; Nos cartes SIM vous fourniront toutes les fonctionnalit\u00e9s dont vous avez besoin.\u00a0 simHERO propose une solution SIM globale et personnalis\u00e9e pour [&hellip;]<\/p>\n","protected":false},"author":2,"featured_media":0,"parent":2542,"menu_order":0,"comment_status":"closed","ping_status":"closed","template":"elementor_header_footer","meta":{"footnotes":""},"yoast_head":"<!-- This site is optimized with the Yoast SEO plugin v23.4 - https:\/\/yoast.com\/wordpress\/plugins\/seo\/ -->\n<title>Notre technologie - simHERO<\/title>\n<meta name=\"robots\" content=\"index, follow, max-snippet:-1, max-image-preview:large, max-video-preview:-1\" \/>\n<link rel=\"canonical\" href=\"https:\/\/simhero.com\/fr\/professionnels\/notre-technologie\/\" \/>\n<meta property=\"og:locale\" content=\"fr_FR\" \/>\n<meta property=\"og:type\" content=\"article\" \/>\n<meta property=\"og:title\" content=\"Notre technologie - simHERO\" \/>\n<meta property=\"og:description\" content=\"Technologie simHERO La solution IoT globale pour l&rsquo;\u00e9lectronique grand public Vous voulez que vos appareils se connectent efficacement et de mani\u00e8re optimale et restent connect\u00e9s, m\u00eame dans des zones de faible couverture r\u00e9seau &#8211; Nos cartes SIM vous fourniront toutes les fonctionnalit\u00e9s dont vous avez besoin.\u00a0 simHERO propose une solution SIM globale et personnalis\u00e9e pour [&hellip;]\" \/>\n<meta property=\"og:url\" content=\"https:\/\/simhero.com\/fr\/professionnels\/notre-technologie\/\" \/>\n<meta property=\"og:site_name\" content=\"simHERO\" \/>\n<meta property=\"article:publisher\" content=\"https:\/\/www.facebook.com\/freeewaysimhero\/\" \/>\n<meta property=\"article:modified_time\" content=\"2020-11-24T12:59:43+00:00\" \/>\n<meta name=\"twitter:card\" content=\"summary_large_image\" \/>\n<meta name=\"twitter:label1\" content=\"Dur\u00e9e de lecture estim\u00e9e\" \/>\n\t<meta name=\"twitter:data1\" content=\"1 minute\" \/>\n<script type=\"application\/ld+json\" class=\"yoast-schema-graph\">{\"@context\":\"https:\/\/schema.org\",\"@graph\":[{\"@type\":\"WebPage\",\"@id\":\"https:\/\/simhero.com\/fr\/professionnels\/notre-technologie\/\",\"url\":\"https:\/\/simhero.com\/fr\/professionnels\/notre-technologie\/\",\"name\":\"Notre technologie - simHERO\",\"isPartOf\":{\"@id\":\"https:\/\/simhero.com\/fr\/#website\"},\"datePublished\":\"2020-11-19T13:03:31+00:00\",\"dateModified\":\"2020-11-24T12:59:43+00:00\",\"breadcrumb\":{\"@id\":\"https:\/\/simhero.com\/fr\/professionnels\/notre-technologie\/#breadcrumb\"},\"inLanguage\":\"fr-FR\",\"potentialAction\":[{\"@type\":\"ReadAction\",\"target\":[\"https:\/\/simhero.com\/fr\/professionnels\/notre-technologie\/\"]}]},{\"@type\":\"BreadcrumbList\",\"@id\":\"https:\/\/simhero.com\/fr\/professionnels\/notre-technologie\/#breadcrumb\",\"itemListElement\":[{\"@type\":\"ListItem\",\"position\":1,\"name\":\"Accueil\",\"item\":\"http:\/\/simhero.com\/fr\/\"},{\"@type\":\"ListItem\",\"position\":2,\"name\":\"Professionnels\",\"item\":\"http:\/\/simhero.com\/fr\/professionnels\/\"},{\"@type\":\"ListItem\",\"position\":3,\"name\":\"Notre technologie\"}]},{\"@type\":\"WebSite\",\"@id\":\"https:\/\/simhero.com\/fr\/#website\",\"url\":\"https:\/\/simhero.com\/fr\/\",\"name\":\"simHERO\",\"description\":\"\",\"potentialAction\":[{\"@type\":\"SearchAction\",\"target\":{\"@type\":\"EntryPoint\",\"urlTemplate\":\"https:\/\/simhero.com\/fr\/?s={search_term_string}\"},\"query-input\":{\"@type\":\"PropertyValueSpecification\",\"valueRequired\":true,\"valueName\":\"search_term_string\"}}],\"inLanguage\":\"fr-FR\"}]}<\/script>\n<!-- \/ Yoast SEO plugin. -->","yoast_head_json":{"title":"Notre technologie - simHERO","robots":{"index":"index","follow":"follow","max-snippet":"max-snippet:-1","max-image-preview":"max-image-preview:large","max-video-preview":"max-video-preview:-1"},"canonical":"https:\/\/simhero.com\/fr\/professionnels\/notre-technologie\/","og_locale":"fr_FR","og_type":"article","og_title":"Notre technologie - simHERO","og_description":"Technologie simHERO La solution IoT globale pour l&rsquo;\u00e9lectronique grand public Vous voulez que vos appareils se connectent efficacement et de mani\u00e8re optimale et restent connect\u00e9s, m\u00eame dans des zones de faible couverture r\u00e9seau &#8211; Nos cartes SIM vous fourniront toutes les fonctionnalit\u00e9s dont vous avez besoin.\u00a0 simHERO propose une solution SIM globale et personnalis\u00e9e pour [&hellip;]","og_url":"https:\/\/simhero.com\/fr\/professionnels\/notre-technologie\/","og_site_name":"simHERO","article_publisher":"https:\/\/www.facebook.com\/freeewaysimhero\/","article_modified_time":"2020-11-24T12:59:43+00:00","twitter_card":"summary_large_image","twitter_misc":{"Dur\u00e9e de lecture estim\u00e9e":"1 minute"},"schema":{"@context":"https:\/\/schema.org","@graph":[{"@type":"WebPage","@id":"https:\/\/simhero.com\/fr\/professionnels\/notre-technologie\/","url":"https:\/\/simhero.com\/fr\/professionnels\/notre-technologie\/","name":"Notre technologie - simHERO","isPartOf":{"@id":"https:\/\/simhero.com\/fr\/#website"},"datePublished":"2020-11-19T13:03:31+00:00","dateModified":"2020-11-24T12:59:43+00:00","breadcrumb":{"@id":"https:\/\/simhero.com\/fr\/professionnels\/notre-technologie\/#breadcrumb"},"inLanguage":"fr-FR","potentialAction":[{"@type":"ReadAction","target":["https:\/\/simhero.com\/fr\/professionnels\/notre-technologie\/"]}]},{"@type":"BreadcrumbList","@id":"https:\/\/simhero.com\/fr\/professionnels\/notre-technologie\/#breadcrumb","itemListElement":[{"@type":"ListItem","position":1,"name":"Accueil","item":"http:\/\/simhero.com\/fr\/"},{"@type":"ListItem","position":2,"name":"Professionnels","item":"http:\/\/simhero.com\/fr\/professionnels\/"},{"@type":"ListItem","position":3,"name":"Notre technologie"}]},{"@type":"WebSite","@id":"https:\/\/simhero.com\/fr\/#website","url":"https:\/\/simhero.com\/fr\/","name":"simHERO","description":"","potentialAction":[{"@type":"SearchAction","target":{"@type":"EntryPoint","urlTemplate":"https:\/\/simhero.com\/fr\/?s={search_term_string}"},"query-input":{"@type":"PropertyValueSpecification","valueRequired":true,"valueName":"search_term_string"}}],"inLanguage":"fr-FR"}]}},"_links":{"self":[{"href":"https:\/\/simhero.com\/fr\/wp-json\/wp\/v2\/pages\/2676"}],"collection":[{"href":"https:\/\/simhero.com\/fr\/wp-json\/wp\/v2\/pages"}],"about":[{"href":"https:\/\/simhero.com\/fr\/wp-json\/wp\/v2\/types\/page"}],"author":[{"embeddable":true,"href":"https:\/\/simhero.com\/fr\/wp-json\/wp\/v2\/users\/2"}],"replies":[{"embeddable":true,"href":"https:\/\/simhero.com\/fr\/wp-json\/wp\/v2\/comments?post=2676"}],"version-history":[{"count":7,"href":"https:\/\/simhero.com\/fr\/wp-json\/wp\/v2\/pages\/2676\/revisions"}],"predecessor-version":[{"id":3210,"href":"https:\/\/simhero.com\/fr\/wp-json\/wp\/v2\/pages\/2676\/revisions\/3210"}],"up":[{"embeddable":true,"href":"https:\/\/simhero.com\/fr\/wp-json\/wp\/v2\/pages\/2542"}],"wp:attachment":[{"href":"https:\/\/simhero.com\/fr\/wp-json\/wp\/v2\/media?parent=2676"}],"curies":[{"name":"wp","href":"https:\/\/api.w.org\/{rel}","templated":true}]}}