{"id":3788,"date":"2020-11-26T14:14:22","date_gmt":"2020-11-26T13:14:22","guid":{"rendered":"http:\/\/3.65.206.27\/?page_id=3788"},"modified":"2020-11-26T14:15:20","modified_gmt":"2020-11-26T13:15:20","slug":"rastreadores-de-vehiculos","status":"publish","type":"page","link":"https:\/\/simhero.com\/es\/empresa\/casos-practicos\/rastreadores-de-vehiculos\/","title":{"rendered":"rastreadores de veh\u00edculos"},"content":{"rendered":"\t\t<div data-elementor-type=\"wp-page\" data-elementor-id=\"3788\" class=\"elementor elementor-3788 elementor-457\" data-elementor-post-type=\"page\">\n\t\t\t\t\t\t<section class=\"elementor-section elementor-top-section elementor-element elementor-element-608656ca elementor-section-height-min-height elementor-section-boxed elementor-section-height-default elementor-section-items-middle\" data-id=\"608656ca\" data-element_type=\"section\" data-settings=\"{&quot;background_background&quot;:&quot;classic&quot;}\">\n\t\t\t\t\t\t\t<div class=\"elementor-background-overlay\"><\/div>\n\t\t\t\t\t\t\t<div class=\"elementor-container elementor-column-gap-default\">\n\t\t\t\t\t<div class=\"elementor-column elementor-col-100 elementor-top-column elementor-element elementor-element-3b39e48\" data-id=\"3b39e48\" data-element_type=\"column\">\n\t\t\t<div class=\"elementor-widget-wrap elementor-element-populated\">\n\t\t\t\t\t\t<div class=\"elementor-element elementor-element-45383820 elementor-widget elementor-widget-heading\" data-id=\"45383820\" data-element_type=\"widget\" data-widget_type=\"heading.default\">\n\t\t\t\t<div class=\"elementor-widget-container\">\n\t\t\t<h1 class=\"elementor-heading-title elementor-size-default\">RASTREADORES DE VEH\u00cdCULOS simHERO<\/h1>\t\t<\/div>\n\t\t\t\t<\/div>\n\t\t\t\t\t<\/div>\n\t\t<\/div>\n\t\t\t\t\t<\/div>\n\t\t<\/section>\n\t\t\t\t<section class=\"elementor-section elementor-top-section elementor-element elementor-element-4d2c304a elementor-section-boxed elementor-section-height-default elementor-section-height-default\" data-id=\"4d2c304a\" data-element_type=\"section\">\n\t\t\t\t\t\t<div class=\"elementor-container elementor-column-gap-default\">\n\t\t\t\t\t<div class=\"elementor-column elementor-col-100 elementor-top-column elementor-element elementor-element-7a87b07c\" data-id=\"7a87b07c\" data-element_type=\"column\">\n\t\t\t<div class=\"elementor-widget-wrap elementor-element-populated\">\n\t\t\t\t\t\t<div class=\"elementor-element elementor-element-217ed41e elementor-widget elementor-widget-heading\" data-id=\"217ed41e\" data-element_type=\"widget\" data-widget_type=\"heading.default\">\n\t\t\t\t<div class=\"elementor-widget-container\">\n\t\t\t<h2 class=\"elementor-heading-title elementor-size-default\">Tarjetas SIM simHERO para IoT en rastreadores de veh\u00edculos<\/h2>\t\t<\/div>\n\t\t\t\t<\/div>\n\t\t\t\t<div class=\"elementor-element elementor-element-64554a48 elementor-widget elementor-widget-text-editor\" data-id=\"64554a48\" data-element_type=\"widget\" data-widget_type=\"text-editor.default\">\n\t\t\t\t<div class=\"elementor-widget-container\">\n\t\t\t\t\t\t\t<p><span lang=\"es-ES\">Las personas pueden llegar a crear un fuerte v\u00ednculo emocional con sus veh\u00edculos. Puede tratarse de amor por un coche reci\u00e9n comprado, una nueva bici el\u00e9ctrica o una moto que haya costado todos tus ahorros. Por este motivo, simHERO asegura que este v\u00ednculo sea duradero y que tu veh\u00edculo est\u00e9 en todo momento protegido.<\/span><\/p>\t\t\t\t\t\t<\/div>\n\t\t\t\t<\/div>\n\t\t\t\t\t<\/div>\n\t\t<\/div>\n\t\t\t\t\t<\/div>\n\t\t<\/section>\n\t\t\t\t<section class=\"elementor-section elementor-top-section elementor-element elementor-element-4eef22b8 elementor-section-content-middle elementor-section-boxed elementor-section-height-default elementor-section-height-default\" data-id=\"4eef22b8\" data-element_type=\"section\">\n\t\t\t\t\t\t<div class=\"elementor-container elementor-column-gap-wider\">\n\t\t\t\t\t<div class=\"elementor-column elementor-col-50 elementor-top-column elementor-element elementor-element-5bb1b200\" data-id=\"5bb1b200\" data-element_type=\"column\">\n\t\t\t<div class=\"elementor-widget-wrap elementor-element-populated\">\n\t\t\t\t\t\t<div class=\"elementor-element elementor-element-718464d3 elementor-widget elementor-widget-image\" data-id=\"718464d3\" data-element_type=\"widget\" data-widget_type=\"image.default\">\n\t\t\t\t<div class=\"elementor-widget-container\">\n\t\t\t\t\t\t\t\t\t\t\t\t\t<img fetchpriority=\"high\" decoding=\"async\" width=\"800\" height=\"534\" src=\"https:\/\/simhero.com\/wp-content\/uploads\/2020\/07\/no-limits.jpg\" class=\"attachment-large size-large wp-image-3792\" alt=\"\" srcset=\"https:\/\/simhero.com\/wp-content\/uploads\/2020\/07\/no-limits.jpg 1000w, https:\/\/simhero.com\/wp-content\/uploads\/2020\/07\/no-limits-300x200.jpg 300w, https:\/\/simhero.com\/wp-content\/uploads\/2020\/07\/no-limits-768x512.jpg 768w\" sizes=\"(max-width: 800px) 100vw, 800px\" \/>\t\t\t\t\t\t\t\t\t\t\t\t\t<\/div>\n\t\t\t\t<\/div>\n\t\t\t\t\t<\/div>\n\t\t<\/div>\n\t\t\t\t<div class=\"elementor-column elementor-col-50 elementor-top-column elementor-element elementor-element-4e0e1cf3\" data-id=\"4e0e1cf3\" data-element_type=\"column\">\n\t\t\t<div class=\"elementor-widget-wrap elementor-element-populated\">\n\t\t\t\t\t\t<div class=\"elementor-element elementor-element-1617cd1 elementor-widget elementor-widget-heading\" data-id=\"1617cd1\" data-element_type=\"widget\" data-widget_type=\"heading.default\">\n\t\t\t\t<div class=\"elementor-widget-container\">\n\t\t\t<h3 class=\"elementor-heading-title elementor-size-default\">Conectividad disponible en todo el mundo<\/h3>\t\t<\/div>\n\t\t\t\t<\/div>\n\t\t\t\t<div class=\"elementor-element elementor-element-483d000c elementor-widget elementor-widget-heading\" data-id=\"483d000c\" data-element_type=\"widget\" data-widget_type=\"heading.default\">\n\t\t\t\t<div class=\"elementor-widget-container\">\n\t\t\t<h2 class=\"elementor-heading-title elementor-size-default\">Sin l\u00edmites nacionales<\/h2>\t\t<\/div>\n\t\t\t\t<\/div>\n\t\t\t\t<div class=\"elementor-element elementor-element-297b2bd5 elementor-widget elementor-widget-text-editor\" data-id=\"297b2bd5\" data-element_type=\"widget\" data-widget_type=\"text-editor.default\">\n\t\t\t\t<div class=\"elementor-widget-container\">\n\t\t\t\t\t\t\t<p><span lang=\"es-ES\">Una situaci\u00f3n que nunca querr\u00edas: que te roben el veh\u00edculo es aterrador. Una parte esencial de las investigaciones es rastrear su ubicaci\u00f3n actual. \u00a1Cu\u00e1l ser\u00eda la decepci\u00f3n si el rastreo no fuera posible porque el veh\u00edculo ha cruzado la frontera! Gracias a la conectividad disponible a nivel mundial de simHERO, no perdemos pista del objeto de tus amores sin importar las fronteras.<\/span><\/p>\t\t\t\t\t\t<\/div>\n\t\t\t\t<\/div>\n\t\t\t\t\t<\/div>\n\t\t<\/div>\n\t\t\t\t\t<\/div>\n\t\t<\/section>\n\t\t\t\t<section class=\"elementor-section elementor-top-section elementor-element elementor-element-700bc267 elementor-section-content-middle elementor-reverse-mobile elementor-section-boxed elementor-section-height-default elementor-section-height-default\" data-id=\"700bc267\" data-element_type=\"section\">\n\t\t\t\t\t\t<div class=\"elementor-container elementor-column-gap-wider\">\n\t\t\t\t\t<div class=\"elementor-column elementor-col-50 elementor-top-column elementor-element elementor-element-543ba65b\" data-id=\"543ba65b\" data-element_type=\"column\">\n\t\t\t<div class=\"elementor-widget-wrap elementor-element-populated\">\n\t\t\t\t\t\t<div class=\"elementor-element elementor-element-b9dfa5a elementor-widget elementor-widget-heading\" data-id=\"b9dfa5a\" data-element_type=\"widget\" data-widget_type=\"heading.default\">\n\t\t\t\t<div class=\"elementor-widget-container\">\n\t\t\t<h3 class=\"elementor-heading-title elementor-size-default\">Redes m\u00faltiples<\/h3>\t\t<\/div>\n\t\t\t\t<\/div>\n\t\t\t\t<div class=\"elementor-element elementor-element-25eead22 elementor-widget elementor-widget-heading\" data-id=\"25eead22\" data-element_type=\"widget\" data-widget_type=\"heading.default\">\n\t\t\t\t<div class=\"elementor-widget-container\">\n\t\t\t<h2 class=\"elementor-heading-title elementor-size-default\">No hay escondite posible<\/h2>\t\t<\/div>\n\t\t\t\t<\/div>\n\t\t\t\t<div class=\"elementor-element elementor-element-4a3ed53b elementor-widget elementor-widget-text-editor\" data-id=\"4a3ed53b\" data-element_type=\"widget\" data-widget_type=\"text-editor.default\">\n\t\t\t\t<div class=\"elementor-widget-container\">\n\t\t\t\t\t\t\t<p><span lang=\"es-ES\">Entendemos la necesidad de rastrear la ubicaci\u00f3n y el movimiento de tu veh\u00edculo. Un rastreo en tiempo real exige conectividad continua. Con simHERO, incrementamos las posibilidades dando acceso a nuestra multired. No importa si tu veh\u00edculo se encuentra en una zona con poca cobertura de una determinada red, porque para mantener tu rastreador conectado no nos basamos en una red, sino en m\u00faltiples.<\/span><\/p>\t\t\t\t\t\t<\/div>\n\t\t\t\t<\/div>\n\t\t\t\t\t<\/div>\n\t\t<\/div>\n\t\t\t\t<div class=\"elementor-column elementor-col-50 elementor-top-column elementor-element elementor-element-c2c41a5\" data-id=\"c2c41a5\" data-element_type=\"column\">\n\t\t\t<div class=\"elementor-widget-wrap elementor-element-populated\">\n\t\t\t\t\t\t<div class=\"elementor-element elementor-element-471b78bc elementor-widget elementor-widget-image\" data-id=\"471b78bc\" data-element_type=\"widget\" data-widget_type=\"image.default\">\n\t\t\t\t<div class=\"elementor-widget-container\">\n\t\t\t\t\t\t\t\t\t\t\t\t\t<img decoding=\"async\" width=\"640\" height=\"425\" src=\"https:\/\/simhero.com\/wp-content\/uploads\/2020\/06\/hide.jpg\" class=\"attachment-large size-large wp-image-3791\" alt=\"\" srcset=\"https:\/\/simhero.com\/wp-content\/uploads\/2020\/06\/hide.jpg 640w, https:\/\/simhero.com\/wp-content\/uploads\/2020\/06\/hide-300x199.jpg 300w\" sizes=\"(max-width: 640px) 100vw, 640px\" \/>\t\t\t\t\t\t\t\t\t\t\t\t\t<\/div>\n\t\t\t\t<\/div>\n\t\t\t\t\t<\/div>\n\t\t<\/div>\n\t\t\t\t\t<\/div>\n\t\t<\/section>\n\t\t\t\t<section class=\"elementor-section elementor-top-section elementor-element elementor-element-370b8758 elementor-section-content-middle elementor-section-boxed elementor-section-height-default elementor-section-height-default\" data-id=\"370b8758\" data-element_type=\"section\">\n\t\t\t\t\t\t<div class=\"elementor-container elementor-column-gap-wider\">\n\t\t\t\t\t<div class=\"elementor-column elementor-col-50 elementor-top-column elementor-element elementor-element-7aab397d\" data-id=\"7aab397d\" data-element_type=\"column\">\n\t\t\t<div class=\"elementor-widget-wrap elementor-element-populated\">\n\t\t\t\t\t\t<div class=\"elementor-element elementor-element-50a7a547 elementor-widget elementor-widget-image\" data-id=\"50a7a547\" data-element_type=\"widget\" data-widget_type=\"image.default\">\n\t\t\t\t<div class=\"elementor-widget-container\">\n\t\t\t\t\t\t\t\t\t\t\t\t\t<img decoding=\"async\" width=\"800\" height=\"534\" src=\"https:\/\/simhero.com\/wp-content\/uploads\/2020\/07\/vehicle-new-technologies-iStock-174746783.jpg\" class=\"attachment-large size-large wp-image-3734\" alt=\"\" srcset=\"https:\/\/simhero.com\/wp-content\/uploads\/2020\/07\/vehicle-new-technologies-iStock-174746783.jpg 1000w, https:\/\/simhero.com\/wp-content\/uploads\/2020\/07\/vehicle-new-technologies-iStock-174746783-300x200.jpg 300w, https:\/\/simhero.com\/wp-content\/uploads\/2020\/07\/vehicle-new-technologies-iStock-174746783-768x512.jpg 768w\" sizes=\"(max-width: 800px) 100vw, 800px\" \/>\t\t\t\t\t\t\t\t\t\t\t\t\t<\/div>\n\t\t\t\t<\/div>\n\t\t\t\t\t<\/div>\n\t\t<\/div>\n\t\t\t\t<div class=\"elementor-column elementor-col-50 elementor-top-column elementor-element elementor-element-55fee570\" data-id=\"55fee570\" data-element_type=\"column\">\n\t\t\t<div class=\"elementor-widget-wrap elementor-element-populated\">\n\t\t\t\t\t\t<div class=\"elementor-element elementor-element-55eae9d8 elementor-widget elementor-widget-heading\" data-id=\"55eae9d8\" data-element_type=\"widget\" data-widget_type=\"heading.default\">\n\t\t\t\t<div class=\"elementor-widget-container\">\n\t\t\t<h3 class=\"elementor-heading-title elementor-size-default\">Nuevas tecnolog\u00edas m\u00f3viles<\/h3>\t\t<\/div>\n\t\t\t\t<\/div>\n\t\t\t\t<div class=\"elementor-element elementor-element-1f4939eb elementor-widget elementor-widget-heading\" data-id=\"1f4939eb\" data-element_type=\"widget\" data-widget_type=\"heading.default\">\n\t\t\t\t<div class=\"elementor-widget-container\">\n\t\t\t<h2 class=\"elementor-heading-title elementor-size-default\">Sigue rastreando<\/h2>\t\t<\/div>\n\t\t\t\t<\/div>\n\t\t\t\t<div class=\"elementor-element elementor-element-311a52c5 elementor-widget elementor-widget-text-editor\" data-id=\"311a52c5\" data-element_type=\"widget\" data-widget_type=\"text-editor.default\">\n\t\t\t\t<div class=\"elementor-widget-container\">\n\t\t\t\t\t\t\t<p><span lang=\"es-ES\">Un tema importante en los dispositivos de rastreo en general ha sido siempre la vida \u00fatil de la bater\u00eda. Por este motivo, muchos fabricantes usan nuevas tecnolog\u00edas m\u00f3viles como LTE CAT M1, que no solo conectan tu rastreador, sino que alargan el tiempo de uso\/bater\u00eda en general. Por supuesto, sin energ\u00eda no hay rastreo, por lo que simHERO est\u00e1 empleando muchos esfuerzos en ofrecer esta nueva tecnolog\u00eda en el m\u00e1ximo de redes posible.<\/span><\/p>\t\t\t\t\t\t<\/div>\n\t\t\t\t<\/div>\n\t\t\t\t\t<\/div>\n\t\t<\/div>\n\t\t\t\t\t<\/div>\n\t\t<\/section>\n\t\t\t\t<\/div>\n\t\t","protected":false},"excerpt":{"rendered":"<p>RASTREADORES DE VEH\u00cdCULOS simHERO Tarjetas SIM simHERO para IoT en rastreadores de veh\u00edculos Las personas pueden llegar a crear un fuerte v\u00ednculo emocional con sus veh\u00edculos. Puede tratarse de amor por un coche reci\u00e9n comprado, una nueva bici el\u00e9ctrica o una moto que haya costado todos tus ahorros. Por este motivo, simHERO asegura que este [&hellip;]<\/p>\n","protected":false},"author":2,"featured_media":0,"parent":3724,"menu_order":0,"comment_status":"closed","ping_status":"closed","template":"elementor_header_footer","meta":{"footnotes":""},"yoast_head":"<!-- This site is optimized with the Yoast SEO plugin v23.4 - https:\/\/yoast.com\/wordpress\/plugins\/seo\/ -->\n<title>rastreadores de veh\u00edculos - simHERO<\/title>\n<meta name=\"robots\" content=\"index, follow, max-snippet:-1, max-image-preview:large, max-video-preview:-1\" \/>\n<link rel=\"canonical\" href=\"https:\/\/simhero.com\/es\/empresa\/casos-practicos\/rastreadores-de-vehiculos\/\" \/>\n<meta property=\"og:locale\" content=\"es_ES\" \/>\n<meta property=\"og:type\" content=\"article\" \/>\n<meta property=\"og:title\" content=\"rastreadores de veh\u00edculos - simHERO\" \/>\n<meta property=\"og:description\" content=\"RASTREADORES DE VEH\u00cdCULOS simHERO Tarjetas SIM simHERO para IoT en rastreadores de veh\u00edculos Las personas pueden llegar a crear un fuerte v\u00ednculo emocional con sus veh\u00edculos. Puede tratarse de amor por un coche reci\u00e9n comprado, una nueva bici el\u00e9ctrica o una moto que haya costado todos tus ahorros. Por este motivo, simHERO asegura que este [&hellip;]\" \/>\n<meta property=\"og:url\" content=\"https:\/\/simhero.com\/es\/empresa\/casos-practicos\/rastreadores-de-vehiculos\/\" \/>\n<meta property=\"og:site_name\" content=\"simHERO\" \/>\n<meta property=\"article:publisher\" content=\"https:\/\/www.facebook.com\/freeewaysimhero\/\" \/>\n<meta property=\"article:modified_time\" content=\"2020-11-26T13:15:20+00:00\" \/>\n<meta property=\"og:image\" content=\"http:\/\/3.65.206.27\/wp-content\/uploads\/2020\/07\/no-limits.jpg\" \/>\n<meta name=\"twitter:card\" content=\"summary_large_image\" \/>\n<meta name=\"twitter:label1\" content=\"Tiempo de lectura\" \/>\n\t<meta name=\"twitter:data1\" content=\"2 minutos\" \/>\n<script type=\"application\/ld+json\" class=\"yoast-schema-graph\">{\"@context\":\"https:\/\/schema.org\",\"@graph\":[{\"@type\":\"WebPage\",\"@id\":\"https:\/\/simhero.com\/es\/empresa\/casos-practicos\/rastreadores-de-vehiculos\/\",\"url\":\"https:\/\/simhero.com\/es\/empresa\/casos-practicos\/rastreadores-de-vehiculos\/\",\"name\":\"rastreadores de veh\u00edculos - simHERO\",\"isPartOf\":{\"@id\":\"https:\/\/simhero.com\/es\/#website\"},\"primaryImageOfPage\":{\"@id\":\"https:\/\/simhero.com\/es\/empresa\/casos-practicos\/rastreadores-de-vehiculos\/#primaryimage\"},\"image\":{\"@id\":\"https:\/\/simhero.com\/es\/empresa\/casos-practicos\/rastreadores-de-vehiculos\/#primaryimage\"},\"thumbnailUrl\":\"http:\/\/3.65.206.27\/wp-content\/uploads\/2020\/07\/no-limits.jpg\",\"datePublished\":\"2020-11-26T13:14:22+00:00\",\"dateModified\":\"2020-11-26T13:15:20+00:00\",\"breadcrumb\":{\"@id\":\"https:\/\/simhero.com\/es\/empresa\/casos-practicos\/rastreadores-de-vehiculos\/#breadcrumb\"},\"inLanguage\":\"es\",\"potentialAction\":[{\"@type\":\"ReadAction\",\"target\":[\"https:\/\/simhero.com\/es\/empresa\/casos-practicos\/rastreadores-de-vehiculos\/\"]}]},{\"@type\":\"ImageObject\",\"inLanguage\":\"es\",\"@id\":\"https:\/\/simhero.com\/es\/empresa\/casos-practicos\/rastreadores-de-vehiculos\/#primaryimage\",\"url\":\"http:\/\/3.65.206.27\/wp-content\/uploads\/2020\/07\/no-limits.jpg\",\"contentUrl\":\"http:\/\/3.65.206.27\/wp-content\/uploads\/2020\/07\/no-limits.jpg\"},{\"@type\":\"BreadcrumbList\",\"@id\":\"https:\/\/simhero.com\/es\/empresa\/casos-practicos\/rastreadores-de-vehiculos\/#breadcrumb\",\"itemListElement\":[{\"@type\":\"ListItem\",\"position\":1,\"name\":\"Portada\",\"item\":\"http:\/\/simhero.com\/es\/\"},{\"@type\":\"ListItem\",\"position\":2,\"name\":\"Empresa\",\"item\":\"http:\/\/simhero.com\/es\/empresa\/\"},{\"@type\":\"ListItem\",\"position\":3,\"name\":\"Casos pr\u00e1cticos\",\"item\":\"https:\/\/simhero.com\/es\/empresa\/casos-practicos\/\"},{\"@type\":\"ListItem\",\"position\":4,\"name\":\"rastreadores de veh\u00edculos\"}]},{\"@type\":\"WebSite\",\"@id\":\"https:\/\/simhero.com\/es\/#website\",\"url\":\"https:\/\/simhero.com\/es\/\",\"name\":\"simHERO\",\"description\":\"\",\"potentialAction\":[{\"@type\":\"SearchAction\",\"target\":{\"@type\":\"EntryPoint\",\"urlTemplate\":\"https:\/\/simhero.com\/es\/?s={search_term_string}\"},\"query-input\":{\"@type\":\"PropertyValueSpecification\",\"valueRequired\":true,\"valueName\":\"search_term_string\"}}],\"inLanguage\":\"es\"}]}<\/script>\n<!-- \/ Yoast SEO plugin. -->","yoast_head_json":{"title":"rastreadores de veh\u00edculos - simHERO","robots":{"index":"index","follow":"follow","max-snippet":"max-snippet:-1","max-image-preview":"max-image-preview:large","max-video-preview":"max-video-preview:-1"},"canonical":"https:\/\/simhero.com\/es\/empresa\/casos-practicos\/rastreadores-de-vehiculos\/","og_locale":"es_ES","og_type":"article","og_title":"rastreadores de veh\u00edculos - simHERO","og_description":"RASTREADORES DE VEH\u00cdCULOS simHERO Tarjetas SIM simHERO para IoT en rastreadores de veh\u00edculos Las personas pueden llegar a crear un fuerte v\u00ednculo emocional con sus veh\u00edculos. Puede tratarse de amor por un coche reci\u00e9n comprado, una nueva bici el\u00e9ctrica o una moto que haya costado todos tus ahorros. Por este motivo, simHERO asegura que este [&hellip;]","og_url":"https:\/\/simhero.com\/es\/empresa\/casos-practicos\/rastreadores-de-vehiculos\/","og_site_name":"simHERO","article_publisher":"https:\/\/www.facebook.com\/freeewaysimhero\/","article_modified_time":"2020-11-26T13:15:20+00:00","og_image":[{"url":"http:\/\/3.65.206.27\/wp-content\/uploads\/2020\/07\/no-limits.jpg"}],"twitter_card":"summary_large_image","twitter_misc":{"Tiempo de lectura":"2 minutos"},"schema":{"@context":"https:\/\/schema.org","@graph":[{"@type":"WebPage","@id":"https:\/\/simhero.com\/es\/empresa\/casos-practicos\/rastreadores-de-vehiculos\/","url":"https:\/\/simhero.com\/es\/empresa\/casos-practicos\/rastreadores-de-vehiculos\/","name":"rastreadores de veh\u00edculos - simHERO","isPartOf":{"@id":"https:\/\/simhero.com\/es\/#website"},"primaryImageOfPage":{"@id":"https:\/\/simhero.com\/es\/empresa\/casos-practicos\/rastreadores-de-vehiculos\/#primaryimage"},"image":{"@id":"https:\/\/simhero.com\/es\/empresa\/casos-practicos\/rastreadores-de-vehiculos\/#primaryimage"},"thumbnailUrl":"http:\/\/3.65.206.27\/wp-content\/uploads\/2020\/07\/no-limits.jpg","datePublished":"2020-11-26T13:14:22+00:00","dateModified":"2020-11-26T13:15:20+00:00","breadcrumb":{"@id":"https:\/\/simhero.com\/es\/empresa\/casos-practicos\/rastreadores-de-vehiculos\/#breadcrumb"},"inLanguage":"es","potentialAction":[{"@type":"ReadAction","target":["https:\/\/simhero.com\/es\/empresa\/casos-practicos\/rastreadores-de-vehiculos\/"]}]},{"@type":"ImageObject","inLanguage":"es","@id":"https:\/\/simhero.com\/es\/empresa\/casos-practicos\/rastreadores-de-vehiculos\/#primaryimage","url":"http:\/\/3.65.206.27\/wp-content\/uploads\/2020\/07\/no-limits.jpg","contentUrl":"http:\/\/3.65.206.27\/wp-content\/uploads\/2020\/07\/no-limits.jpg"},{"@type":"BreadcrumbList","@id":"https:\/\/simhero.com\/es\/empresa\/casos-practicos\/rastreadores-de-vehiculos\/#breadcrumb","itemListElement":[{"@type":"ListItem","position":1,"name":"Portada","item":"http:\/\/simhero.com\/es\/"},{"@type":"ListItem","position":2,"name":"Empresa","item":"http:\/\/simhero.com\/es\/empresa\/"},{"@type":"ListItem","position":3,"name":"Casos pr\u00e1cticos","item":"https:\/\/simhero.com\/es\/empresa\/casos-practicos\/"},{"@type":"ListItem","position":4,"name":"rastreadores de veh\u00edculos"}]},{"@type":"WebSite","@id":"https:\/\/simhero.com\/es\/#website","url":"https:\/\/simhero.com\/es\/","name":"simHERO","description":"","potentialAction":[{"@type":"SearchAction","target":{"@type":"EntryPoint","urlTemplate":"https:\/\/simhero.com\/es\/?s={search_term_string}"},"query-input":{"@type":"PropertyValueSpecification","valueRequired":true,"valueName":"search_term_string"}}],"inLanguage":"es"}]}},"_links":{"self":[{"href":"https:\/\/simhero.com\/es\/wp-json\/wp\/v2\/pages\/3788"}],"collection":[{"href":"https:\/\/simhero.com\/es\/wp-json\/wp\/v2\/pages"}],"about":[{"href":"https:\/\/simhero.com\/es\/wp-json\/wp\/v2\/types\/page"}],"author":[{"embeddable":true,"href":"https:\/\/simhero.com\/es\/wp-json\/wp\/v2\/users\/2"}],"replies":[{"embeddable":true,"href":"https:\/\/simhero.com\/es\/wp-json\/wp\/v2\/comments?post=3788"}],"version-history":[{"count":4,"href":"https:\/\/simhero.com\/es\/wp-json\/wp\/v2\/pages\/3788\/revisions"}],"predecessor-version":[{"id":3795,"href":"https:\/\/simhero.com\/es\/wp-json\/wp\/v2\/pages\/3788\/revisions\/3795"}],"up":[{"embeddable":true,"href":"https:\/\/simhero.com\/es\/wp-json\/wp\/v2\/pages\/3724"}],"wp:attachment":[{"href":"https:\/\/simhero.com\/es\/wp-json\/wp\/v2\/media?parent=3788"}],"curies":[{"name":"wp","href":"https:\/\/api.w.org\/{rel}","templated":true}]}}