{"id":3760,"date":"2020-11-26T13:58:23","date_gmt":"2020-11-26T12:58:23","guid":{"rendered":"http:\/\/3.65.206.27\/?page_id=3760"},"modified":"2020-11-26T13:59:11","modified_gmt":"2020-11-26T12:59:11","slug":"sistemas-de-seguridad","status":"publish","type":"page","link":"https:\/\/simhero.com\/es\/empresa\/casos-practicos\/sistemas-de-seguridad\/","title":{"rendered":"sistemas de seguridad"},"content":{"rendered":"\t\t<div data-elementor-type=\"wp-page\" data-elementor-id=\"3760\" class=\"elementor elementor-3760 elementor-453\" data-elementor-post-type=\"page\">\n\t\t\t\t\t\t<section class=\"elementor-section elementor-top-section elementor-element elementor-element-28c2c061 elementor-section-height-min-height elementor-section-boxed elementor-section-height-default elementor-section-items-middle\" data-id=\"28c2c061\" data-element_type=\"section\" data-settings=\"{&quot;background_background&quot;:&quot;classic&quot;}\">\n\t\t\t\t\t\t\t<div class=\"elementor-background-overlay\"><\/div>\n\t\t\t\t\t\t\t<div class=\"elementor-container elementor-column-gap-default\">\n\t\t\t\t\t<div class=\"elementor-column elementor-col-100 elementor-top-column elementor-element elementor-element-4c22342b\" data-id=\"4c22342b\" data-element_type=\"column\">\n\t\t\t<div class=\"elementor-widget-wrap elementor-element-populated\">\n\t\t\t\t\t\t<div class=\"elementor-element elementor-element-10dea063 elementor-widget elementor-widget-heading\" data-id=\"10dea063\" data-element_type=\"widget\" data-widget_type=\"heading.default\">\n\t\t\t\t<div class=\"elementor-widget-container\">\n\t\t\t<h1 class=\"elementor-heading-title elementor-size-default\">Sistemas de seguridad simHERO<\/h1>\t\t<\/div>\n\t\t\t\t<\/div>\n\t\t\t\t\t<\/div>\n\t\t<\/div>\n\t\t\t\t\t<\/div>\n\t\t<\/section>\n\t\t\t\t<section class=\"elementor-section elementor-top-section elementor-element elementor-element-425ee346 elementor-section-boxed elementor-section-height-default elementor-section-height-default\" data-id=\"425ee346\" data-element_type=\"section\">\n\t\t\t\t\t\t<div class=\"elementor-container elementor-column-gap-default\">\n\t\t\t\t\t<div class=\"elementor-column elementor-col-100 elementor-top-column elementor-element elementor-element-7d39a564\" data-id=\"7d39a564\" data-element_type=\"column\">\n\t\t\t<div class=\"elementor-widget-wrap elementor-element-populated\">\n\t\t\t\t\t\t<div class=\"elementor-element elementor-element-4701712 elementor-widget elementor-widget-heading\" data-id=\"4701712\" data-element_type=\"widget\" data-widget_type=\"heading.default\">\n\t\t\t\t<div class=\"elementor-widget-container\">\n\t\t\t<h2 class=\"elementor-heading-title elementor-size-default\">Tarjetas SIM simHERO para IoT en sistemas de seguridad<\/h2>\t\t<\/div>\n\t\t\t\t<\/div>\n\t\t\t\t<div class=\"elementor-element elementor-element-579e5e75 elementor-widget elementor-widget-text-editor\" data-id=\"579e5e75\" data-element_type=\"widget\" data-widget_type=\"text-editor.default\">\n\t\t\t\t<div class=\"elementor-widget-container\">\n\t\t\t\t\t\t\t<p><span lang=\"es-ES\">La conectividad a IoT de simHERO puede ser un activo importante para los consumidores en lo que a seguridad se refiere. Tanto si la tarjeta SIM se usa como fuente primaria o como elemento auxiliar para el sistema de seguridad m\u00f3vil, nuestra conectividad a IoT multired asegura que todos los elementos esenciales, como unidad de control, c\u00e1mara o bloqueo inteligente, se mantengan conectados en caso de emergencia.<\/span><\/p>\t\t\t\t\t\t<\/div>\n\t\t\t\t<\/div>\n\t\t\t\t\t<\/div>\n\t\t<\/div>\n\t\t\t\t\t<\/div>\n\t\t<\/section>\n\t\t\t\t<section class=\"elementor-section elementor-top-section elementor-element elementor-element-15935e3 elementor-section-content-middle elementor-section-boxed elementor-section-height-default elementor-section-height-default\" data-id=\"15935e3\" data-element_type=\"section\">\n\t\t\t\t\t\t<div class=\"elementor-container elementor-column-gap-wider\">\n\t\t\t\t\t<div class=\"elementor-column elementor-col-50 elementor-top-column elementor-element elementor-element-74e71acc\" data-id=\"74e71acc\" data-element_type=\"column\">\n\t\t\t<div class=\"elementor-widget-wrap elementor-element-populated\">\n\t\t\t\t\t\t<div class=\"elementor-element elementor-element-1927a8b3 elementor-widget elementor-widget-image\" data-id=\"1927a8b3\" data-element_type=\"widget\" data-widget_type=\"image.default\">\n\t\t\t\t<div class=\"elementor-widget-container\">\n\t\t\t\t\t\t\t\t\t\t\t\t\t<img fetchpriority=\"high\" decoding=\"async\" width=\"800\" height=\"534\" src=\"https:\/\/simhero.com\/wp-content\/uploads\/2020\/07\/securitysystem.jpg\" class=\"attachment-large size-large wp-image-3764\" alt=\"\" srcset=\"https:\/\/simhero.com\/wp-content\/uploads\/2020\/07\/securitysystem.jpg 1000w, https:\/\/simhero.com\/wp-content\/uploads\/2020\/07\/securitysystem-300x200.jpg 300w, https:\/\/simhero.com\/wp-content\/uploads\/2020\/07\/securitysystem-768x512.jpg 768w\" sizes=\"(max-width: 800px) 100vw, 800px\" \/>\t\t\t\t\t\t\t\t\t\t\t\t\t<\/div>\n\t\t\t\t<\/div>\n\t\t\t\t\t<\/div>\n\t\t<\/div>\n\t\t\t\t<div class=\"elementor-column elementor-col-50 elementor-top-column elementor-element elementor-element-5de3a844\" data-id=\"5de3a844\" data-element_type=\"column\">\n\t\t\t<div class=\"elementor-widget-wrap elementor-element-populated\">\n\t\t\t\t\t\t<div class=\"elementor-element elementor-element-5847d5a elementor-widget elementor-widget-heading\" data-id=\"5847d5a\" data-element_type=\"widget\" data-widget_type=\"heading.default\">\n\t\t\t\t<div class=\"elementor-widget-container\">\n\t\t\t<h3 class=\"elementor-heading-title elementor-size-default\">Mantente conectado<\/h3>\t\t<\/div>\n\t\t\t\t<\/div>\n\t\t\t\t<div class=\"elementor-element elementor-element-502fe344 elementor-widget elementor-widget-heading\" data-id=\"502fe344\" data-element_type=\"widget\" data-widget_type=\"heading.default\">\n\t\t\t\t<div class=\"elementor-widget-container\">\n\t\t\t<h2 class=\"elementor-heading-title elementor-size-default\">Sin cobertura<\/h2>\t\t<\/div>\n\t\t\t\t<\/div>\n\t\t\t\t<div class=\"elementor-element elementor-element-1caab8c5 elementor-widget elementor-widget-text-editor\" data-id=\"1caab8c5\" data-element_type=\"widget\" data-widget_type=\"text-editor.default\">\n\t\t\t\t<div class=\"elementor-widget-container\">\n\t\t\t\t\t\t\t<p><span lang=\"es-ES\">Un sistema de seguridad m\u00f3vil solo sirve mientras est\u00e9 conectado. Al permitir acceso a m\u00faltiples redes, la tarjeta SIM de simHERO para IoT asegura que tu sistema de seguridad est\u00e9 siempre conectado, incluso si una red pierde cobertura. En tal caso, la tarjeta SIM de simHERO se conectar\u00e1 autom\u00e1ticamente a la siguiente red disponible.<\/span><\/p>\t\t\t\t\t\t<\/div>\n\t\t\t\t<\/div>\n\t\t\t\t\t<\/div>\n\t\t<\/div>\n\t\t\t\t\t<\/div>\n\t\t<\/section>\n\t\t\t\t<section class=\"elementor-section elementor-top-section elementor-element elementor-element-6064303d elementor-section-content-middle elementor-reverse-mobile elementor-section-boxed elementor-section-height-default elementor-section-height-default\" data-id=\"6064303d\" data-element_type=\"section\">\n\t\t\t\t\t\t<div class=\"elementor-container elementor-column-gap-wider\">\n\t\t\t\t\t<div class=\"elementor-column elementor-col-50 elementor-top-column elementor-element elementor-element-630077ef\" data-id=\"630077ef\" data-element_type=\"column\">\n\t\t\t<div class=\"elementor-widget-wrap elementor-element-populated\">\n\t\t\t\t\t\t<div class=\"elementor-element elementor-element-49cc098c elementor-widget elementor-widget-heading\" data-id=\"49cc098c\" data-element_type=\"widget\" data-widget_type=\"heading.default\">\n\t\t\t\t<div class=\"elementor-widget-container\">\n\t\t\t<h3 class=\"elementor-heading-title elementor-size-default\">No hace falta wifi<\/h3>\t\t<\/div>\n\t\t\t\t<\/div>\n\t\t\t\t<div class=\"elementor-element elementor-element-643d93c0 elementor-widget elementor-widget-heading\" data-id=\"643d93c0\" data-element_type=\"widget\" data-widget_type=\"heading.default\">\n\t\t\t\t<div class=\"elementor-widget-container\">\n\t\t\t<h2 class=\"elementor-heading-title elementor-size-default\">Sin electricidad<\/h2>\t\t<\/div>\n\t\t\t\t<\/div>\n\t\t\t\t<div class=\"elementor-element elementor-element-5d55f125 elementor-widget elementor-widget-text-editor\" data-id=\"5d55f125\" data-element_type=\"widget\" data-widget_type=\"text-editor.default\">\n\t\t\t\t<div class=\"elementor-widget-container\">\n\t\t\t\t\t\t\t<p><span lang=\"es-ES\">Los sistemas de seguridad se conectan a trav\u00e9s de wifi o una tarjeta SIM. En combinaci\u00f3n con el sistema multired disponible, simHERO no solo permite una mayor cobertura, sino que tambi\u00e9n reduce el riesgo de perder conectividad debido a un apag\u00f3n. De modo similar, es posible asegurar casas o barcos de forma profesional, sin necesidad de cableado o conexi\u00f3n wifi.<\/span><\/p>\t\t\t\t\t\t<\/div>\n\t\t\t\t<\/div>\n\t\t\t\t\t<\/div>\n\t\t<\/div>\n\t\t\t\t<div class=\"elementor-column elementor-col-50 elementor-top-column elementor-element elementor-element-7c6b6867\" data-id=\"7c6b6867\" data-element_type=\"column\">\n\t\t\t<div class=\"elementor-widget-wrap elementor-element-populated\">\n\t\t\t\t\t\t<div class=\"elementor-element elementor-element-7ce6a2ba elementor-widget elementor-widget-image\" data-id=\"7ce6a2ba\" data-element_type=\"widget\" data-widget_type=\"image.default\">\n\t\t\t\t<div class=\"elementor-widget-container\">\n\t\t\t\t\t\t\t\t\t\t\t\t\t<img decoding=\"async\" width=\"800\" height=\"534\" src=\"https:\/\/simhero.com\/wp-content\/uploads\/2020\/07\/no-power.jpg\" class=\"attachment-large size-large wp-image-3765\" alt=\"\" srcset=\"https:\/\/simhero.com\/wp-content\/uploads\/2020\/07\/no-power.jpg 1000w, https:\/\/simhero.com\/wp-content\/uploads\/2020\/07\/no-power-300x200.jpg 300w, https:\/\/simhero.com\/wp-content\/uploads\/2020\/07\/no-power-768x512.jpg 768w\" sizes=\"(max-width: 800px) 100vw, 800px\" \/>\t\t\t\t\t\t\t\t\t\t\t\t\t<\/div>\n\t\t\t\t<\/div>\n\t\t\t\t\t<\/div>\n\t\t<\/div>\n\t\t\t\t\t<\/div>\n\t\t<\/section>\n\t\t\t\t<section class=\"elementor-section elementor-top-section elementor-element elementor-element-86c2324 elementor-section-content-middle elementor-section-boxed elementor-section-height-default elementor-section-height-default\" data-id=\"86c2324\" data-element_type=\"section\">\n\t\t\t\t\t\t<div class=\"elementor-container elementor-column-gap-wider\">\n\t\t\t\t\t<div class=\"elementor-column elementor-col-50 elementor-top-column elementor-element elementor-element-1b6fcf4a\" data-id=\"1b6fcf4a\" data-element_type=\"column\">\n\t\t\t<div class=\"elementor-widget-wrap elementor-element-populated\">\n\t\t\t\t\t\t<div class=\"elementor-element elementor-element-2cdd50 elementor-widget elementor-widget-image\" data-id=\"2cdd50\" data-element_type=\"widget\" data-widget_type=\"image.default\">\n\t\t\t\t<div class=\"elementor-widget-container\">\n\t\t\t\t\t\t\t\t\t\t\t\t\t<img decoding=\"async\" width=\"640\" height=\"426\" src=\"https:\/\/simhero.com\/wp-content\/uploads\/2020\/06\/infinity.jpg\" class=\"attachment-large size-large wp-image-3762\" alt=\"\" srcset=\"https:\/\/simhero.com\/wp-content\/uploads\/2020\/06\/infinity.jpg 640w, https:\/\/simhero.com\/wp-content\/uploads\/2020\/06\/infinity-300x200.jpg 300w\" sizes=\"(max-width: 640px) 100vw, 640px\" \/>\t\t\t\t\t\t\t\t\t\t\t\t\t<\/div>\n\t\t\t\t<\/div>\n\t\t\t\t\t<\/div>\n\t\t<\/div>\n\t\t\t\t<div class=\"elementor-column elementor-col-50 elementor-top-column elementor-element elementor-element-141349a1\" data-id=\"141349a1\" data-element_type=\"column\">\n\t\t\t<div class=\"elementor-widget-wrap elementor-element-populated\">\n\t\t\t\t\t\t<div class=\"elementor-element elementor-element-4d2c6e5b elementor-widget elementor-widget-heading\" data-id=\"4d2c6e5b\" data-element_type=\"widget\" data-widget_type=\"heading.default\">\n\t\t\t\t<div class=\"elementor-widget-container\">\n\t\t\t<h3 class=\"elementor-heading-title elementor-size-default\">Modelo PREPAID<\/h3>\t\t<\/div>\n\t\t\t\t<\/div>\n\t\t\t\t<div class=\"elementor-element elementor-element-423ba2b0 elementor-widget elementor-widget-heading\" data-id=\"423ba2b0\" data-element_type=\"widget\" data-widget_type=\"heading.default\">\n\t\t\t\t<div class=\"elementor-widget-container\">\n\t\t\t<h2 class=\"elementor-heading-title elementor-size-default\">Al infinito y m\u00e1s all\u00e1<\/h2>\t\t<\/div>\n\t\t\t\t<\/div>\n\t\t\t\t<div class=\"elementor-element elementor-element-2bcee2c4 elementor-widget elementor-widget-text-editor\" data-id=\"2bcee2c4\" data-element_type=\"widget\" data-widget_type=\"text-editor.default\">\n\t\t\t\t<div class=\"elementor-widget-container\">\n\t\t\t\t\t\t\t<p><span lang=\"es-ES\">Para mantener el sistema de seguridad en funcionamiento el m\u00e1ximo de tiempo posible, simHERO ha desarrollado un modelo PREPAID, mediante el cual nuestros usuarios finales pueden comprar un determinado cr\u00e9dito de dinero. Dicho cr\u00e9dito no expira y asegura que el sistema no se desconecte por falta de cr\u00e9dito. Para ello, se generan notificaciones por e-mail as\u00ed que se alcance un determinado umbral de cr\u00e9dito. Pero no tienes por qu\u00e9 preocuparte por estos detalles: nos aseguramos de que te ocupes de ello en el momento adecuado.<\/span><\/p>\t\t\t\t\t\t<\/div>\n\t\t\t\t<\/div>\n\t\t\t\t\t<\/div>\n\t\t<\/div>\n\t\t\t\t\t<\/div>\n\t\t<\/section>\n\t\t\t\t<\/div>\n\t\t","protected":false},"excerpt":{"rendered":"<p>Sistemas de seguridad simHERO Tarjetas SIM simHERO para IoT en sistemas de seguridad La conectividad a IoT de simHERO puede ser un activo importante para los consumidores en lo que a seguridad se refiere. Tanto si la tarjeta SIM se usa como fuente primaria o como elemento auxiliar para el sistema de seguridad m\u00f3vil, nuestra [&hellip;]<\/p>\n","protected":false},"author":2,"featured_media":0,"parent":3724,"menu_order":0,"comment_status":"closed","ping_status":"closed","template":"elementor_header_footer","meta":{"footnotes":""},"yoast_head":"<!-- This site is optimized with the Yoast SEO plugin v23.4 - https:\/\/yoast.com\/wordpress\/plugins\/seo\/ -->\n<title>sistemas de seguridad - simHERO<\/title>\n<meta name=\"robots\" content=\"index, follow, max-snippet:-1, max-image-preview:large, max-video-preview:-1\" \/>\n<link rel=\"canonical\" href=\"https:\/\/simhero.com\/es\/empresa\/casos-practicos\/sistemas-de-seguridad\/\" \/>\n<meta property=\"og:locale\" content=\"es_ES\" \/>\n<meta property=\"og:type\" content=\"article\" \/>\n<meta property=\"og:title\" content=\"sistemas de seguridad - simHERO\" \/>\n<meta property=\"og:description\" content=\"Sistemas de seguridad simHERO Tarjetas SIM simHERO para IoT en sistemas de seguridad La conectividad a IoT de simHERO puede ser un activo importante para los consumidores en lo que a seguridad se refiere. Tanto si la tarjeta SIM se usa como fuente primaria o como elemento auxiliar para el sistema de seguridad m\u00f3vil, nuestra [&hellip;]\" \/>\n<meta property=\"og:url\" content=\"https:\/\/simhero.com\/es\/empresa\/casos-practicos\/sistemas-de-seguridad\/\" \/>\n<meta property=\"og:site_name\" content=\"simHERO\" \/>\n<meta property=\"article:publisher\" content=\"https:\/\/www.facebook.com\/freeewaysimhero\/\" \/>\n<meta property=\"article:modified_time\" content=\"2020-11-26T12:59:11+00:00\" \/>\n<meta property=\"og:image\" content=\"http:\/\/3.65.206.27\/wp-content\/uploads\/2020\/07\/securitysystem.jpg\" \/>\n<meta name=\"twitter:card\" content=\"summary_large_image\" \/>\n<meta name=\"twitter:label1\" content=\"Tiempo de lectura\" \/>\n\t<meta name=\"twitter:data1\" content=\"2 minutos\" \/>\n<script type=\"application\/ld+json\" class=\"yoast-schema-graph\">{\"@context\":\"https:\/\/schema.org\",\"@graph\":[{\"@type\":\"WebPage\",\"@id\":\"https:\/\/simhero.com\/es\/empresa\/casos-practicos\/sistemas-de-seguridad\/\",\"url\":\"https:\/\/simhero.com\/es\/empresa\/casos-practicos\/sistemas-de-seguridad\/\",\"name\":\"sistemas de seguridad - simHERO\",\"isPartOf\":{\"@id\":\"https:\/\/simhero.com\/es\/#website\"},\"primaryImageOfPage\":{\"@id\":\"https:\/\/simhero.com\/es\/empresa\/casos-practicos\/sistemas-de-seguridad\/#primaryimage\"},\"image\":{\"@id\":\"https:\/\/simhero.com\/es\/empresa\/casos-practicos\/sistemas-de-seguridad\/#primaryimage\"},\"thumbnailUrl\":\"http:\/\/3.65.206.27\/wp-content\/uploads\/2020\/07\/securitysystem.jpg\",\"datePublished\":\"2020-11-26T12:58:23+00:00\",\"dateModified\":\"2020-11-26T12:59:11+00:00\",\"breadcrumb\":{\"@id\":\"https:\/\/simhero.com\/es\/empresa\/casos-practicos\/sistemas-de-seguridad\/#breadcrumb\"},\"inLanguage\":\"es\",\"potentialAction\":[{\"@type\":\"ReadAction\",\"target\":[\"https:\/\/simhero.com\/es\/empresa\/casos-practicos\/sistemas-de-seguridad\/\"]}]},{\"@type\":\"ImageObject\",\"inLanguage\":\"es\",\"@id\":\"https:\/\/simhero.com\/es\/empresa\/casos-practicos\/sistemas-de-seguridad\/#primaryimage\",\"url\":\"http:\/\/3.65.206.27\/wp-content\/uploads\/2020\/07\/securitysystem.jpg\",\"contentUrl\":\"http:\/\/3.65.206.27\/wp-content\/uploads\/2020\/07\/securitysystem.jpg\"},{\"@type\":\"BreadcrumbList\",\"@id\":\"https:\/\/simhero.com\/es\/empresa\/casos-practicos\/sistemas-de-seguridad\/#breadcrumb\",\"itemListElement\":[{\"@type\":\"ListItem\",\"position\":1,\"name\":\"Portada\",\"item\":\"http:\/\/simhero.com\/es\/\"},{\"@type\":\"ListItem\",\"position\":2,\"name\":\"Empresa\",\"item\":\"http:\/\/simhero.com\/es\/empresa\/\"},{\"@type\":\"ListItem\",\"position\":3,\"name\":\"Casos pr\u00e1cticos\",\"item\":\"https:\/\/simhero.com\/es\/empresa\/casos-practicos\/\"},{\"@type\":\"ListItem\",\"position\":4,\"name\":\"sistemas de seguridad\"}]},{\"@type\":\"WebSite\",\"@id\":\"https:\/\/simhero.com\/es\/#website\",\"url\":\"https:\/\/simhero.com\/es\/\",\"name\":\"simHERO\",\"description\":\"\",\"potentialAction\":[{\"@type\":\"SearchAction\",\"target\":{\"@type\":\"EntryPoint\",\"urlTemplate\":\"https:\/\/simhero.com\/es\/?s={search_term_string}\"},\"query-input\":{\"@type\":\"PropertyValueSpecification\",\"valueRequired\":true,\"valueName\":\"search_term_string\"}}],\"inLanguage\":\"es\"}]}<\/script>\n<!-- \/ Yoast SEO plugin. -->","yoast_head_json":{"title":"sistemas de seguridad - simHERO","robots":{"index":"index","follow":"follow","max-snippet":"max-snippet:-1","max-image-preview":"max-image-preview:large","max-video-preview":"max-video-preview:-1"},"canonical":"https:\/\/simhero.com\/es\/empresa\/casos-practicos\/sistemas-de-seguridad\/","og_locale":"es_ES","og_type":"article","og_title":"sistemas de seguridad - simHERO","og_description":"Sistemas de seguridad simHERO Tarjetas SIM simHERO para IoT en sistemas de seguridad La conectividad a IoT de simHERO puede ser un activo importante para los consumidores en lo que a seguridad se refiere. Tanto si la tarjeta SIM se usa como fuente primaria o como elemento auxiliar para el sistema de seguridad m\u00f3vil, nuestra [&hellip;]","og_url":"https:\/\/simhero.com\/es\/empresa\/casos-practicos\/sistemas-de-seguridad\/","og_site_name":"simHERO","article_publisher":"https:\/\/www.facebook.com\/freeewaysimhero\/","article_modified_time":"2020-11-26T12:59:11+00:00","og_image":[{"url":"http:\/\/3.65.206.27\/wp-content\/uploads\/2020\/07\/securitysystem.jpg"}],"twitter_card":"summary_large_image","twitter_misc":{"Tiempo de lectura":"2 minutos"},"schema":{"@context":"https:\/\/schema.org","@graph":[{"@type":"WebPage","@id":"https:\/\/simhero.com\/es\/empresa\/casos-practicos\/sistemas-de-seguridad\/","url":"https:\/\/simhero.com\/es\/empresa\/casos-practicos\/sistemas-de-seguridad\/","name":"sistemas de seguridad - simHERO","isPartOf":{"@id":"https:\/\/simhero.com\/es\/#website"},"primaryImageOfPage":{"@id":"https:\/\/simhero.com\/es\/empresa\/casos-practicos\/sistemas-de-seguridad\/#primaryimage"},"image":{"@id":"https:\/\/simhero.com\/es\/empresa\/casos-practicos\/sistemas-de-seguridad\/#primaryimage"},"thumbnailUrl":"http:\/\/3.65.206.27\/wp-content\/uploads\/2020\/07\/securitysystem.jpg","datePublished":"2020-11-26T12:58:23+00:00","dateModified":"2020-11-26T12:59:11+00:00","breadcrumb":{"@id":"https:\/\/simhero.com\/es\/empresa\/casos-practicos\/sistemas-de-seguridad\/#breadcrumb"},"inLanguage":"es","potentialAction":[{"@type":"ReadAction","target":["https:\/\/simhero.com\/es\/empresa\/casos-practicos\/sistemas-de-seguridad\/"]}]},{"@type":"ImageObject","inLanguage":"es","@id":"https:\/\/simhero.com\/es\/empresa\/casos-practicos\/sistemas-de-seguridad\/#primaryimage","url":"http:\/\/3.65.206.27\/wp-content\/uploads\/2020\/07\/securitysystem.jpg","contentUrl":"http:\/\/3.65.206.27\/wp-content\/uploads\/2020\/07\/securitysystem.jpg"},{"@type":"BreadcrumbList","@id":"https:\/\/simhero.com\/es\/empresa\/casos-practicos\/sistemas-de-seguridad\/#breadcrumb","itemListElement":[{"@type":"ListItem","position":1,"name":"Portada","item":"http:\/\/simhero.com\/es\/"},{"@type":"ListItem","position":2,"name":"Empresa","item":"http:\/\/simhero.com\/es\/empresa\/"},{"@type":"ListItem","position":3,"name":"Casos pr\u00e1cticos","item":"https:\/\/simhero.com\/es\/empresa\/casos-practicos\/"},{"@type":"ListItem","position":4,"name":"sistemas de seguridad"}]},{"@type":"WebSite","@id":"https:\/\/simhero.com\/es\/#website","url":"https:\/\/simhero.com\/es\/","name":"simHERO","description":"","potentialAction":[{"@type":"SearchAction","target":{"@type":"EntryPoint","urlTemplate":"https:\/\/simhero.com\/es\/?s={search_term_string}"},"query-input":{"@type":"PropertyValueSpecification","valueRequired":true,"valueName":"search_term_string"}}],"inLanguage":"es"}]}},"_links":{"self":[{"href":"https:\/\/simhero.com\/es\/wp-json\/wp\/v2\/pages\/3760"}],"collection":[{"href":"https:\/\/simhero.com\/es\/wp-json\/wp\/v2\/pages"}],"about":[{"href":"https:\/\/simhero.com\/es\/wp-json\/wp\/v2\/types\/page"}],"author":[{"embeddable":true,"href":"https:\/\/simhero.com\/es\/wp-json\/wp\/v2\/users\/2"}],"replies":[{"embeddable":true,"href":"https:\/\/simhero.com\/es\/wp-json\/wp\/v2\/comments?post=3760"}],"version-history":[{"count":4,"href":"https:\/\/simhero.com\/es\/wp-json\/wp\/v2\/pages\/3760\/revisions"}],"predecessor-version":[{"id":3769,"href":"https:\/\/simhero.com\/es\/wp-json\/wp\/v2\/pages\/3760\/revisions\/3769"}],"up":[{"embeddable":true,"href":"https:\/\/simhero.com\/es\/wp-json\/wp\/v2\/pages\/3724"}],"wp:attachment":[{"href":"https:\/\/simhero.com\/es\/wp-json\/wp\/v2\/media?parent=3760"}],"curies":[{"name":"wp","href":"https:\/\/api.w.org\/{rel}","templated":true}]}}