{"id":3751,"date":"2020-11-26T13:56:55","date_gmt":"2020-11-26T12:56:55","guid":{"rendered":"http:\/\/3.65.206.27\/?page_id=3751"},"modified":"2020-11-26T13:57:54","modified_gmt":"2020-11-26T12:57:54","slug":"rastreadores-de-mascotas","status":"publish","type":"page","link":"https:\/\/simhero.com\/es\/empresa\/casos-practicos\/rastreadores-de-mascotas\/","title":{"rendered":"rastreadores de mascotas"},"content":{"rendered":"\t\t<div data-elementor-type=\"wp-page\" data-elementor-id=\"3751\" class=\"elementor elementor-3751 elementor-455\" data-elementor-post-type=\"page\">\n\t\t\t\t\t\t<section class=\"elementor-section elementor-top-section elementor-element elementor-element-18122750 elementor-section-height-min-height elementor-section-boxed elementor-section-height-default elementor-section-items-middle\" data-id=\"18122750\" data-element_type=\"section\" data-settings=\"{&quot;background_background&quot;:&quot;classic&quot;}\">\n\t\t\t\t\t\t\t<div class=\"elementor-background-overlay\"><\/div>\n\t\t\t\t\t\t\t<div class=\"elementor-container elementor-column-gap-default\">\n\t\t\t\t\t<div class=\"elementor-column elementor-col-100 elementor-top-column elementor-element elementor-element-2c60a1dc\" data-id=\"2c60a1dc\" data-element_type=\"column\">\n\t\t\t<div class=\"elementor-widget-wrap elementor-element-populated\">\n\t\t\t\t\t\t<div class=\"elementor-element elementor-element-398566d3 elementor-widget elementor-widget-heading\" data-id=\"398566d3\" data-element_type=\"widget\" data-widget_type=\"heading.default\">\n\t\t\t\t<div class=\"elementor-widget-container\">\n\t\t\t<h1 class=\"elementor-heading-title elementor-size-default\">RASTREADORES DE MASCOTAS simHERO<\/h1>\t\t<\/div>\n\t\t\t\t<\/div>\n\t\t\t\t\t<\/div>\n\t\t<\/div>\n\t\t\t\t\t<\/div>\n\t\t<\/section>\n\t\t\t\t<section class=\"elementor-section elementor-top-section elementor-element elementor-element-565b2d37 elementor-section-boxed elementor-section-height-default elementor-section-height-default\" data-id=\"565b2d37\" data-element_type=\"section\">\n\t\t\t\t\t\t<div class=\"elementor-container elementor-column-gap-default\">\n\t\t\t\t\t<div class=\"elementor-column elementor-col-100 elementor-top-column elementor-element elementor-element-76832773\" data-id=\"76832773\" data-element_type=\"column\">\n\t\t\t<div class=\"elementor-widget-wrap elementor-element-populated\">\n\t\t\t\t\t\t<div class=\"elementor-element elementor-element-fddc164 elementor-widget elementor-widget-heading\" data-id=\"fddc164\" data-element_type=\"widget\" data-widget_type=\"heading.default\">\n\t\t\t\t<div class=\"elementor-widget-container\">\n\t\t\t<h2 class=\"elementor-heading-title elementor-size-default\">Tarjetas SIM simHERO para IoT en rastreadores de mascotas<\/h2>\t\t<\/div>\n\t\t\t\t<\/div>\n\t\t\t\t<div class=\"elementor-element elementor-element-26d49270 elementor-widget elementor-widget-text-editor\" data-id=\"26d49270\" data-element_type=\"widget\" data-widget_type=\"text-editor.default\">\n\t\t\t\t<div class=\"elementor-widget-container\">\n\t\t\t\t\t\t\t<p><span lang=\"es-ES\">Las tarjetas SIM de simHERO para IoT protegen nuestras queridas mascotas. Los due\u00f1os no tienen por qu\u00e9 preocuparse si su perro sale en b\u00fasqueda de aventura o su gato se va de paseo por la calle. Gracias a la conectividad a IoT de simHERO, los due\u00f1os pueden localizar en cualquier momento a sus mascotas y recibir alertas si salen de casa. No importa hasta d\u00f3nde vayan, simHERO asegura el pleno control.<\/span><\/p>\t\t\t\t\t\t<\/div>\n\t\t\t\t<\/div>\n\t\t\t\t\t<\/div>\n\t\t<\/div>\n\t\t\t\t\t<\/div>\n\t\t<\/section>\n\t\t\t\t<section class=\"elementor-section elementor-top-section elementor-element elementor-element-a20e6fe elementor-section-content-middle elementor-section-boxed elementor-section-height-default elementor-section-height-default\" data-id=\"a20e6fe\" data-element_type=\"section\">\n\t\t\t\t\t\t<div class=\"elementor-container elementor-column-gap-wider\">\n\t\t\t\t\t<div class=\"elementor-column elementor-col-50 elementor-top-column elementor-element elementor-element-18ba9b22\" data-id=\"18ba9b22\" data-element_type=\"column\">\n\t\t\t<div class=\"elementor-widget-wrap elementor-element-populated\">\n\t\t\t\t\t\t<div class=\"elementor-element elementor-element-4e8b2989 elementor-widget elementor-widget-image\" data-id=\"4e8b2989\" data-element_type=\"widget\" data-widget_type=\"image.default\">\n\t\t\t\t<div class=\"elementor-widget-container\">\n\t\t\t\t\t\t\t\t\t\t\t\t\t<img fetchpriority=\"high\" decoding=\"async\" width=\"640\" height=\"426\" src=\"https:\/\/simhero.com\/wp-content\/uploads\/2020\/06\/dog-running.jpg\" class=\"attachment-large size-large wp-image-3753\" alt=\"\" srcset=\"https:\/\/simhero.com\/wp-content\/uploads\/2020\/06\/dog-running.jpg 640w, https:\/\/simhero.com\/wp-content\/uploads\/2020\/06\/dog-running-300x200.jpg 300w\" sizes=\"(max-width: 640px) 100vw, 640px\" \/>\t\t\t\t\t\t\t\t\t\t\t\t\t<\/div>\n\t\t\t\t<\/div>\n\t\t\t\t\t<\/div>\n\t\t<\/div>\n\t\t\t\t<div class=\"elementor-column elementor-col-50 elementor-top-column elementor-element elementor-element-1927f585\" data-id=\"1927f585\" data-element_type=\"column\">\n\t\t\t<div class=\"elementor-widget-wrap elementor-element-populated\">\n\t\t\t\t\t\t<div class=\"elementor-element elementor-element-1898699c elementor-widget elementor-widget-heading\" data-id=\"1898699c\" data-element_type=\"widget\" data-widget_type=\"heading.default\">\n\t\t\t\t<div class=\"elementor-widget-container\">\n\t\t\t<h3 class=\"elementor-heading-title elementor-size-default\">Tarjeta SIM mundial de IoT<\/h3>\t\t<\/div>\n\t\t\t\t<\/div>\n\t\t\t\t<div class=\"elementor-element elementor-element-48e883e2 elementor-widget elementor-widget-heading\" data-id=\"48e883e2\" data-element_type=\"widget\" data-widget_type=\"heading.default\">\n\t\t\t\t<div class=\"elementor-widget-container\">\n\t\t\t<h2 class=\"elementor-heading-title elementor-size-default\">\u00a1Ven aqu\u00ed!<\/h2>\t\t<\/div>\n\t\t\t\t<\/div>\n\t\t\t\t<div class=\"elementor-element elementor-element-78c50d56 elementor-widget elementor-widget-text-editor\" data-id=\"78c50d56\" data-element_type=\"widget\" data-widget_type=\"text-editor.default\">\n\t\t\t\t<div class=\"elementor-widget-container\">\n\t\t\t\t\t\t\t<p><span lang=\"es-ES\">Las mascotas siempre buscan aventuras nuevas. Para controlar cada paso, simHERO se asegura de que nunca pierdas de vista a tus fieles compa\u00f1eros. Ya sea mientras paseas por el bosque o en una zona con cobertura inestable, nuestra tarjeta SIM mundial de IoT siempre vigila tu mascota, tanto en zonas de monta\u00f1a como en llanuras bajas.<\/span><\/p>\t\t\t\t\t\t<\/div>\n\t\t\t\t<\/div>\n\t\t\t\t\t<\/div>\n\t\t<\/div>\n\t\t\t\t\t<\/div>\n\t\t<\/section>\n\t\t\t\t<section class=\"elementor-section elementor-top-section elementor-element elementor-element-31fb3fd7 elementor-section-content-middle elementor-reverse-mobile elementor-section-boxed elementor-section-height-default elementor-section-height-default\" data-id=\"31fb3fd7\" data-element_type=\"section\">\n\t\t\t\t\t\t<div class=\"elementor-container elementor-column-gap-wider\">\n\t\t\t\t\t<div class=\"elementor-column elementor-col-50 elementor-top-column elementor-element elementor-element-ee98e69\" data-id=\"ee98e69\" data-element_type=\"column\">\n\t\t\t<div class=\"elementor-widget-wrap elementor-element-populated\">\n\t\t\t\t\t\t<div class=\"elementor-element elementor-element-5b7d2de5 elementor-widget elementor-widget-heading\" data-id=\"5b7d2de5\" data-element_type=\"widget\" data-widget_type=\"heading.default\">\n\t\t\t\t<div class=\"elementor-widget-container\">\n\t\t\t<h3 class=\"elementor-heading-title elementor-size-default\">No son tarjetas SIM locales<\/h3>\t\t<\/div>\n\t\t\t\t<\/div>\n\t\t\t\t<div class=\"elementor-element elementor-element-6cd9ebd6 elementor-widget elementor-widget-heading\" data-id=\"6cd9ebd6\" data-element_type=\"widget\" data-widget_type=\"heading.default\">\n\t\t\t\t<div class=\"elementor-widget-container\">\n\t\t\t<h2 class=\"elementor-heading-title elementor-size-default\">Mascotas de vacaciones<\/h2>\t\t<\/div>\n\t\t\t\t<\/div>\n\t\t\t\t<div class=\"elementor-element elementor-element-423b1940 elementor-widget elementor-widget-text-editor\" data-id=\"423b1940\" data-element_type=\"widget\" data-widget_type=\"text-editor.default\">\n\t\t\t\t<div class=\"elementor-widget-container\">\n\t\t\t\t\t\t\t<p><span lang=\"es-ES\">Las mascotas son de la familia, por lo que quiz\u00e1 pensar\u00e1s en llevarte a tu gato o perro contigo de vacaciones. simHERO asegura que tu mascota y t\u00fa pod\u00e1is disfrutar plenamente de las vacaciones sin tener que preocuparte con tarjetas SIM locales. Nos aseguramos de que toda tu familia, incluida la no humana, est\u00e9 sana y salva.<\/span><\/p>\t\t\t\t\t\t<\/div>\n\t\t\t\t<\/div>\n\t\t\t\t\t<\/div>\n\t\t<\/div>\n\t\t\t\t<div class=\"elementor-column elementor-col-50 elementor-top-column elementor-element elementor-element-2d3437c\" data-id=\"2d3437c\" data-element_type=\"column\">\n\t\t\t<div class=\"elementor-widget-wrap elementor-element-populated\">\n\t\t\t\t\t\t<div class=\"elementor-element elementor-element-622bb43a elementor-widget elementor-widget-image\" data-id=\"622bb43a\" data-element_type=\"widget\" data-widget_type=\"image.default\">\n\t\t\t\t<div class=\"elementor-widget-container\">\n\t\t\t\t\t\t\t\t\t\t\t\t\t<img decoding=\"async\" width=\"640\" height=\"426\" src=\"https:\/\/simhero.com\/wp-content\/uploads\/2020\/06\/dog-holiday.jpg\" class=\"attachment-large size-large wp-image-3754\" alt=\"\" srcset=\"https:\/\/simhero.com\/wp-content\/uploads\/2020\/06\/dog-holiday.jpg 640w, https:\/\/simhero.com\/wp-content\/uploads\/2020\/06\/dog-holiday-300x200.jpg 300w\" sizes=\"(max-width: 640px) 100vw, 640px\" \/>\t\t\t\t\t\t\t\t\t\t\t\t\t<\/div>\n\t\t\t\t<\/div>\n\t\t\t\t\t<\/div>\n\t\t<\/div>\n\t\t\t\t\t<\/div>\n\t\t<\/section>\n\t\t\t\t<section class=\"elementor-section elementor-top-section elementor-element elementor-element-1aa9aae5 elementor-section-content-middle elementor-section-boxed elementor-section-height-default elementor-section-height-default\" data-id=\"1aa9aae5\" data-element_type=\"section\">\n\t\t\t\t\t\t<div class=\"elementor-container elementor-column-gap-wider\">\n\t\t\t\t\t<div class=\"elementor-column elementor-col-50 elementor-top-column elementor-element elementor-element-247ee83\" data-id=\"247ee83\" data-element_type=\"column\">\n\t\t\t<div class=\"elementor-widget-wrap elementor-element-populated\">\n\t\t\t\t\t\t<div class=\"elementor-element elementor-element-3b93053 elementor-widget elementor-widget-image\" data-id=\"3b93053\" data-element_type=\"widget\" data-widget_type=\"image.default\">\n\t\t\t\t<div class=\"elementor-widget-container\">\n\t\t\t\t\t\t\t\t\t\t\t\t\t<img decoding=\"async\" width=\"640\" height=\"426\" src=\"https:\/\/simhero.com\/wp-content\/uploads\/2020\/06\/trendy.jpg\" class=\"attachment-large size-large wp-image-3755\" alt=\"\" srcset=\"https:\/\/simhero.com\/wp-content\/uploads\/2020\/06\/trendy.jpg 640w, https:\/\/simhero.com\/wp-content\/uploads\/2020\/06\/trendy-300x200.jpg 300w\" sizes=\"(max-width: 640px) 100vw, 640px\" \/>\t\t\t\t\t\t\t\t\t\t\t\t\t<\/div>\n\t\t\t\t<\/div>\n\t\t\t\t\t<\/div>\n\t\t<\/div>\n\t\t\t\t<div class=\"elementor-column elementor-col-50 elementor-top-column elementor-element elementor-element-210b798d\" data-id=\"210b798d\" data-element_type=\"column\">\n\t\t\t<div class=\"elementor-widget-wrap elementor-element-populated\">\n\t\t\t\t\t\t<div class=\"elementor-element elementor-element-3906091b elementor-widget elementor-widget-heading\" data-id=\"3906091b\" data-element_type=\"widget\" data-widget_type=\"heading.default\">\n\t\t\t\t<div class=\"elementor-widget-container\">\n\t\t\t<h3 class=\"elementor-heading-title elementor-size-default\">Sigue la tendencia<\/h3>\t\t<\/div>\n\t\t\t\t<\/div>\n\t\t\t\t<div class=\"elementor-element elementor-element-657bb5a5 elementor-widget elementor-widget-heading\" data-id=\"657bb5a5\" data-element_type=\"widget\" data-widget_type=\"heading.default\">\n\t\t\t\t<div class=\"elementor-widget-container\">\n\t\t\t<h2 class=\"elementor-heading-title elementor-size-default\">Regreso al futuro<\/h2>\t\t<\/div>\n\t\t\t\t<\/div>\n\t\t\t\t<div class=\"elementor-element elementor-element-7772671a elementor-widget elementor-widget-text-editor\" data-id=\"7772671a\" data-element_type=\"widget\" data-widget_type=\"text-editor.default\">\n\t\t\t\t<div class=\"elementor-widget-container\">\n\t\t\t\t\t\t\t<p><span lang=\"es-ES\">Mientras la mayor\u00eda de rastreadores usan principalmente la tecnolog\u00eda 2G, simHERO ya se ha preparado para la pr\u00f3xima versi\u00f3n de dispositivos de rastreo de mascotas, ofreciendo LTE Cat M1 y alternativamente NB-IoT de serie. simHERO asegura que sigas las tendencias con un acceso y soporte que impresionar\u00e1 a tus clientes.<\/span><\/p>\t\t\t\t\t\t<\/div>\n\t\t\t\t<\/div>\n\t\t\t\t\t<\/div>\n\t\t<\/div>\n\t\t\t\t\t<\/div>\n\t\t<\/section>\n\t\t\t\t<section class=\"elementor-section elementor-top-section elementor-element elementor-element-74cda1d elementor-section-content-middle elementor-reverse-mobile elementor-section-boxed elementor-section-height-default elementor-section-height-default\" data-id=\"74cda1d\" data-element_type=\"section\">\n\t\t\t\t\t\t<div class=\"elementor-container elementor-column-gap-wider\">\n\t\t\t\t\t<div class=\"elementor-column elementor-col-50 elementor-top-column elementor-element elementor-element-540dc565\" data-id=\"540dc565\" data-element_type=\"column\">\n\t\t\t<div class=\"elementor-widget-wrap elementor-element-populated\">\n\t\t\t\t\t\t<div class=\"elementor-element elementor-element-781f1662 elementor-widget elementor-widget-heading\" data-id=\"781f1662\" data-element_type=\"widget\" data-widget_type=\"heading.default\">\n\t\t\t\t<div class=\"elementor-widget-container\">\n\t\t\t<h3 class=\"elementor-heading-title elementor-size-default\">Datos m\u00f3viles<\/h3>\t\t<\/div>\n\t\t\t\t<\/div>\n\t\t\t\t<div class=\"elementor-element elementor-element-2e1c0ba6 elementor-widget elementor-widget-heading\" data-id=\"2e1c0ba6\" data-element_type=\"widget\" data-widget_type=\"heading.default\">\n\t\t\t\t<div class=\"elementor-widget-container\">\n\t\t\t<h2 class=\"elementor-heading-title elementor-size-default\">\u00bfD\u00f3nde te has metido? \u00bfD\u00f3nde est\u00e1s ahora?<\/h2>\t\t<\/div>\n\t\t\t\t<\/div>\n\t\t\t\t<div class=\"elementor-element elementor-element-4ac2d3b0 elementor-widget elementor-widget-text-editor\" data-id=\"4ac2d3b0\" data-element_type=\"widget\" data-widget_type=\"text-editor.default\">\n\t\t\t\t<div class=\"elementor-widget-container\">\n\t\t\t\t\t\t\t<p><span lang=\"es-ES\">No importa si quieres saber d\u00f3nde est\u00e1 ahora tu mascota o por d\u00f3nde ha andado todo el d\u00eda: simHERO ofrece los servicios adecuados para ambos casos. Usa SMS o datos para una localizaci\u00f3n selectiva o un seguimiento en directo durante horas de tu mascota usando datos m\u00f3viles. Todo es posible con tus Planes de Dinero o servicios ULTIMATE de simHERO.<\/span><\/p><p><span lang=\"en-US\">\u00a0<\/span><\/p>\t\t\t\t\t\t<\/div>\n\t\t\t\t<\/div>\n\t\t\t\t\t<\/div>\n\t\t<\/div>\n\t\t\t\t<div class=\"elementor-column elementor-col-50 elementor-top-column elementor-element elementor-element-74c6412c\" data-id=\"74c6412c\" data-element_type=\"column\">\n\t\t\t<div class=\"elementor-widget-wrap elementor-element-populated\">\n\t\t\t\t\t\t<div class=\"elementor-element elementor-element-1d834ec8 elementor-widget elementor-widget-image\" data-id=\"1d834ec8\" data-element_type=\"widget\" data-widget_type=\"image.default\">\n\t\t\t\t<div class=\"elementor-widget-container\">\n\t\t\t\t\t\t\t\t\t\t\t\t\t<img loading=\"lazy\" decoding=\"async\" width=\"640\" height=\"426\" src=\"https:\/\/simhero.com\/wp-content\/uploads\/2020\/06\/pettrackers.jpg\" class=\"attachment-large size-large wp-image-3361\" alt=\"\" srcset=\"https:\/\/simhero.com\/wp-content\/uploads\/2020\/06\/pettrackers.jpg 640w, https:\/\/simhero.com\/wp-content\/uploads\/2020\/06\/pettrackers-300x200.jpg 300w\" sizes=\"(max-width: 640px) 100vw, 640px\" \/>\t\t\t\t\t\t\t\t\t\t\t\t\t<\/div>\n\t\t\t\t<\/div>\n\t\t\t\t\t<\/div>\n\t\t<\/div>\n\t\t\t\t\t<\/div>\n\t\t<\/section>\n\t\t\t\t<\/div>\n\t\t","protected":false},"excerpt":{"rendered":"<p>RASTREADORES DE MASCOTAS simHERO Tarjetas SIM simHERO para IoT en rastreadores de mascotas Las tarjetas SIM de simHERO para IoT protegen nuestras queridas mascotas. Los due\u00f1os no tienen por qu\u00e9 preocuparse si su perro sale en b\u00fasqueda de aventura o su gato se va de paseo por la calle. Gracias a la conectividad a IoT [&hellip;]<\/p>\n","protected":false},"author":2,"featured_media":3756,"parent":3724,"menu_order":0,"comment_status":"closed","ping_status":"closed","template":"elementor_header_footer","meta":{"footnotes":""},"yoast_head":"<!-- This site is optimized with the Yoast SEO plugin v23.4 - https:\/\/yoast.com\/wordpress\/plugins\/seo\/ -->\n<title>rastreadores de mascotas - simHERO<\/title>\n<meta name=\"robots\" content=\"index, follow, max-snippet:-1, max-image-preview:large, max-video-preview:-1\" \/>\n<link rel=\"canonical\" href=\"https:\/\/simhero.com\/es\/empresa\/casos-practicos\/rastreadores-de-mascotas\/\" \/>\n<meta property=\"og:locale\" content=\"es_ES\" \/>\n<meta property=\"og:type\" content=\"article\" \/>\n<meta property=\"og:title\" content=\"rastreadores de mascotas - simHERO\" \/>\n<meta property=\"og:description\" content=\"RASTREADORES DE MASCOTAS simHERO Tarjetas SIM simHERO para IoT en rastreadores de mascotas Las tarjetas SIM de simHERO para IoT protegen nuestras queridas mascotas. Los due\u00f1os no tienen por qu\u00e9 preocuparse si su perro sale en b\u00fasqueda de aventura o su gato se va de paseo por la calle. Gracias a la conectividad a IoT [&hellip;]\" \/>\n<meta property=\"og:url\" content=\"https:\/\/simhero.com\/es\/empresa\/casos-practicos\/rastreadores-de-mascotas\/\" \/>\n<meta property=\"og:site_name\" content=\"simHERO\" \/>\n<meta property=\"article:publisher\" content=\"https:\/\/www.facebook.com\/freeewaysimhero\/\" \/>\n<meta property=\"article:modified_time\" content=\"2020-11-26T12:57:54+00:00\" \/>\n<meta property=\"og:image\" content=\"https:\/\/simhero.com\/wp-content\/uploads\/2020\/07\/pet-tracker-cat-1-scaled.jpg\" \/>\n\t<meta property=\"og:image:width\" content=\"2560\" \/>\n\t<meta property=\"og:image:height\" content=\"1067\" \/>\n\t<meta property=\"og:image:type\" content=\"image\/jpeg\" \/>\n<meta name=\"twitter:card\" content=\"summary_large_image\" \/>\n<meta name=\"twitter:label1\" content=\"Tiempo de lectura\" \/>\n\t<meta name=\"twitter:data1\" content=\"2 minutos\" \/>\n<script type=\"application\/ld+json\" class=\"yoast-schema-graph\">{\"@context\":\"https:\/\/schema.org\",\"@graph\":[{\"@type\":\"WebPage\",\"@id\":\"https:\/\/simhero.com\/es\/empresa\/casos-practicos\/rastreadores-de-mascotas\/\",\"url\":\"https:\/\/simhero.com\/es\/empresa\/casos-practicos\/rastreadores-de-mascotas\/\",\"name\":\"rastreadores de mascotas - simHERO\",\"isPartOf\":{\"@id\":\"https:\/\/simhero.com\/es\/#website\"},\"primaryImageOfPage\":{\"@id\":\"https:\/\/simhero.com\/es\/empresa\/casos-practicos\/rastreadores-de-mascotas\/#primaryimage\"},\"image\":{\"@id\":\"https:\/\/simhero.com\/es\/empresa\/casos-practicos\/rastreadores-de-mascotas\/#primaryimage\"},\"thumbnailUrl\":\"https:\/\/simhero.com\/wp-content\/uploads\/2020\/07\/pet-tracker-cat-1-scaled.jpg\",\"datePublished\":\"2020-11-26T12:56:55+00:00\",\"dateModified\":\"2020-11-26T12:57:54+00:00\",\"breadcrumb\":{\"@id\":\"https:\/\/simhero.com\/es\/empresa\/casos-practicos\/rastreadores-de-mascotas\/#breadcrumb\"},\"inLanguage\":\"es\",\"potentialAction\":[{\"@type\":\"ReadAction\",\"target\":[\"https:\/\/simhero.com\/es\/empresa\/casos-practicos\/rastreadores-de-mascotas\/\"]}]},{\"@type\":\"ImageObject\",\"inLanguage\":\"es\",\"@id\":\"https:\/\/simhero.com\/es\/empresa\/casos-practicos\/rastreadores-de-mascotas\/#primaryimage\",\"url\":\"https:\/\/simhero.com\/wp-content\/uploads\/2020\/07\/pet-tracker-cat-1-scaled.jpg\",\"contentUrl\":\"https:\/\/simhero.com\/wp-content\/uploads\/2020\/07\/pet-tracker-cat-1-scaled.jpg\",\"width\":2560,\"height\":1067},{\"@type\":\"BreadcrumbList\",\"@id\":\"https:\/\/simhero.com\/es\/empresa\/casos-practicos\/rastreadores-de-mascotas\/#breadcrumb\",\"itemListElement\":[{\"@type\":\"ListItem\",\"position\":1,\"name\":\"Portada\",\"item\":\"http:\/\/simhero.com\/es\/\"},{\"@type\":\"ListItem\",\"position\":2,\"name\":\"Empresa\",\"item\":\"http:\/\/simhero.com\/es\/empresa\/\"},{\"@type\":\"ListItem\",\"position\":3,\"name\":\"Casos pr\u00e1cticos\",\"item\":\"https:\/\/simhero.com\/es\/empresa\/casos-practicos\/\"},{\"@type\":\"ListItem\",\"position\":4,\"name\":\"rastreadores de mascotas\"}]},{\"@type\":\"WebSite\",\"@id\":\"https:\/\/simhero.com\/es\/#website\",\"url\":\"https:\/\/simhero.com\/es\/\",\"name\":\"simHERO\",\"description\":\"\",\"potentialAction\":[{\"@type\":\"SearchAction\",\"target\":{\"@type\":\"EntryPoint\",\"urlTemplate\":\"https:\/\/simhero.com\/es\/?s={search_term_string}\"},\"query-input\":{\"@type\":\"PropertyValueSpecification\",\"valueRequired\":true,\"valueName\":\"search_term_string\"}}],\"inLanguage\":\"es\"}]}<\/script>\n<!-- \/ Yoast SEO plugin. -->","yoast_head_json":{"title":"rastreadores de mascotas - simHERO","robots":{"index":"index","follow":"follow","max-snippet":"max-snippet:-1","max-image-preview":"max-image-preview:large","max-video-preview":"max-video-preview:-1"},"canonical":"https:\/\/simhero.com\/es\/empresa\/casos-practicos\/rastreadores-de-mascotas\/","og_locale":"es_ES","og_type":"article","og_title":"rastreadores de mascotas - simHERO","og_description":"RASTREADORES DE MASCOTAS simHERO Tarjetas SIM simHERO para IoT en rastreadores de mascotas Las tarjetas SIM de simHERO para IoT protegen nuestras queridas mascotas. Los due\u00f1os no tienen por qu\u00e9 preocuparse si su perro sale en b\u00fasqueda de aventura o su gato se va de paseo por la calle. Gracias a la conectividad a IoT [&hellip;]","og_url":"https:\/\/simhero.com\/es\/empresa\/casos-practicos\/rastreadores-de-mascotas\/","og_site_name":"simHERO","article_publisher":"https:\/\/www.facebook.com\/freeewaysimhero\/","article_modified_time":"2020-11-26T12:57:54+00:00","og_image":[{"width":2560,"height":1067,"url":"https:\/\/simhero.com\/wp-content\/uploads\/2020\/07\/pet-tracker-cat-1-scaled.jpg","type":"image\/jpeg"}],"twitter_card":"summary_large_image","twitter_misc":{"Tiempo de lectura":"2 minutos"},"schema":{"@context":"https:\/\/schema.org","@graph":[{"@type":"WebPage","@id":"https:\/\/simhero.com\/es\/empresa\/casos-practicos\/rastreadores-de-mascotas\/","url":"https:\/\/simhero.com\/es\/empresa\/casos-practicos\/rastreadores-de-mascotas\/","name":"rastreadores de mascotas - simHERO","isPartOf":{"@id":"https:\/\/simhero.com\/es\/#website"},"primaryImageOfPage":{"@id":"https:\/\/simhero.com\/es\/empresa\/casos-practicos\/rastreadores-de-mascotas\/#primaryimage"},"image":{"@id":"https:\/\/simhero.com\/es\/empresa\/casos-practicos\/rastreadores-de-mascotas\/#primaryimage"},"thumbnailUrl":"https:\/\/simhero.com\/wp-content\/uploads\/2020\/07\/pet-tracker-cat-1-scaled.jpg","datePublished":"2020-11-26T12:56:55+00:00","dateModified":"2020-11-26T12:57:54+00:00","breadcrumb":{"@id":"https:\/\/simhero.com\/es\/empresa\/casos-practicos\/rastreadores-de-mascotas\/#breadcrumb"},"inLanguage":"es","potentialAction":[{"@type":"ReadAction","target":["https:\/\/simhero.com\/es\/empresa\/casos-practicos\/rastreadores-de-mascotas\/"]}]},{"@type":"ImageObject","inLanguage":"es","@id":"https:\/\/simhero.com\/es\/empresa\/casos-practicos\/rastreadores-de-mascotas\/#primaryimage","url":"https:\/\/simhero.com\/wp-content\/uploads\/2020\/07\/pet-tracker-cat-1-scaled.jpg","contentUrl":"https:\/\/simhero.com\/wp-content\/uploads\/2020\/07\/pet-tracker-cat-1-scaled.jpg","width":2560,"height":1067},{"@type":"BreadcrumbList","@id":"https:\/\/simhero.com\/es\/empresa\/casos-practicos\/rastreadores-de-mascotas\/#breadcrumb","itemListElement":[{"@type":"ListItem","position":1,"name":"Portada","item":"http:\/\/simhero.com\/es\/"},{"@type":"ListItem","position":2,"name":"Empresa","item":"http:\/\/simhero.com\/es\/empresa\/"},{"@type":"ListItem","position":3,"name":"Casos pr\u00e1cticos","item":"https:\/\/simhero.com\/es\/empresa\/casos-practicos\/"},{"@type":"ListItem","position":4,"name":"rastreadores de mascotas"}]},{"@type":"WebSite","@id":"https:\/\/simhero.com\/es\/#website","url":"https:\/\/simhero.com\/es\/","name":"simHERO","description":"","potentialAction":[{"@type":"SearchAction","target":{"@type":"EntryPoint","urlTemplate":"https:\/\/simhero.com\/es\/?s={search_term_string}"},"query-input":{"@type":"PropertyValueSpecification","valueRequired":true,"valueName":"search_term_string"}}],"inLanguage":"es"}]}},"_links":{"self":[{"href":"https:\/\/simhero.com\/es\/wp-json\/wp\/v2\/pages\/3751"}],"collection":[{"href":"https:\/\/simhero.com\/es\/wp-json\/wp\/v2\/pages"}],"about":[{"href":"https:\/\/simhero.com\/es\/wp-json\/wp\/v2\/types\/page"}],"author":[{"embeddable":true,"href":"https:\/\/simhero.com\/es\/wp-json\/wp\/v2\/users\/2"}],"replies":[{"embeddable":true,"href":"https:\/\/simhero.com\/es\/wp-json\/wp\/v2\/comments?post=3751"}],"version-history":[{"count":4,"href":"https:\/\/simhero.com\/es\/wp-json\/wp\/v2\/pages\/3751\/revisions"}],"predecessor-version":[{"id":3759,"href":"https:\/\/simhero.com\/es\/wp-json\/wp\/v2\/pages\/3751\/revisions\/3759"}],"up":[{"embeddable":true,"href":"https:\/\/simhero.com\/es\/wp-json\/wp\/v2\/pages\/3724"}],"wp:featuredmedia":[{"embeddable":true,"href":"https:\/\/simhero.com\/es\/wp-json\/wp\/v2\/media\/3756"}],"wp:attachment":[{"href":"https:\/\/simhero.com\/es\/wp-json\/wp\/v2\/media?parent=3751"}],"curies":[{"name":"wp","href":"https:\/\/api.w.org\/{rel}","templated":true}]}}