{"id":3739,"date":"2020-11-26T13:55:31","date_gmt":"2020-11-26T12:55:31","guid":{"rendered":"http:\/\/3.65.206.27\/?page_id=3739"},"modified":"2020-11-26T13:56:18","modified_gmt":"2020-11-26T12:56:18","slug":"relojes-infantiles","status":"publish","type":"page","link":"https:\/\/simhero.com\/es\/empresa\/casos-practicos\/relojes-infantiles\/","title":{"rendered":"relojes infantiles"},"content":{"rendered":"\t\t<div data-elementor-type=\"wp-page\" data-elementor-id=\"3739\" class=\"elementor elementor-3739 elementor-459\" data-elementor-post-type=\"page\">\n\t\t\t\t\t\t<section class=\"elementor-section elementor-top-section elementor-element elementor-element-63859254 elementor-section-height-min-height elementor-section-boxed elementor-section-height-default elementor-section-items-middle\" data-id=\"63859254\" data-element_type=\"section\" data-settings=\"{&quot;background_background&quot;:&quot;classic&quot;}\">\n\t\t\t\t\t\t\t<div class=\"elementor-background-overlay\"><\/div>\n\t\t\t\t\t\t\t<div class=\"elementor-container elementor-column-gap-default\">\n\t\t\t\t\t<div class=\"elementor-column elementor-col-100 elementor-top-column elementor-element elementor-element-98508b8\" data-id=\"98508b8\" data-element_type=\"column\">\n\t\t\t<div class=\"elementor-widget-wrap elementor-element-populated\">\n\t\t\t\t\t\t<div class=\"elementor-element elementor-element-6c753bc elementor-widget elementor-widget-heading\" data-id=\"6c753bc\" data-element_type=\"widget\" data-widget_type=\"heading.default\">\n\t\t\t\t<div class=\"elementor-widget-container\">\n\t\t\t<h1 class=\"elementor-heading-title elementor-size-default\">RELOJES INFANTILES simHERO<\/h1>\t\t<\/div>\n\t\t\t\t<\/div>\n\t\t\t\t\t<\/div>\n\t\t<\/div>\n\t\t\t\t\t<\/div>\n\t\t<\/section>\n\t\t\t\t<section class=\"elementor-section elementor-top-section elementor-element elementor-element-18f3d8b1 elementor-section-boxed elementor-section-height-default elementor-section-height-default\" data-id=\"18f3d8b1\" data-element_type=\"section\">\n\t\t\t\t\t\t<div class=\"elementor-container elementor-column-gap-default\">\n\t\t\t\t\t<div class=\"elementor-column elementor-col-100 elementor-top-column elementor-element elementor-element-2d3b109\" data-id=\"2d3b109\" data-element_type=\"column\">\n\t\t\t<div class=\"elementor-widget-wrap elementor-element-populated\">\n\t\t\t\t\t\t<div class=\"elementor-element elementor-element-33a16656 elementor-widget elementor-widget-heading\" data-id=\"33a16656\" data-element_type=\"widget\" data-widget_type=\"heading.default\">\n\t\t\t\t<div class=\"elementor-widget-container\">\n\t\t\t<h2 class=\"elementor-heading-title elementor-size-default\">Tarjetas SIM simHERO para IoT en relojes infantiles<\/h2>\t\t<\/div>\n\t\t\t\t<\/div>\n\t\t\t\t<div class=\"elementor-element elementor-element-5dc1ae8e elementor-widget elementor-widget-text-editor\" data-id=\"5dc1ae8e\" data-element_type=\"widget\" data-widget_type=\"text-editor.default\">\n\t\t\t\t<div class=\"elementor-widget-container\">\n\t\t\t\t\t\t\t<p><span lang=\"es-ES\">\u00bfExiste algo m\u00e1s importante que nuestros hijos? Para simHERO, no. Como padres, entendemos plenamente el equilibrio entre dar libertad a nuestros hijos, al mismo tiempo que los mantenemos alejados de cualquier amenaza o peligro. Por amor a nuestros hijos, en simHERO empleamos grandes esfuerzos en protegerlos, tambi\u00e9n con dispositivos electr\u00f3nicos conectados, como relojes infantiles y rastreadores de ni\u00f1os.<\/span><\/p>\t\t\t\t\t\t<\/div>\n\t\t\t\t<\/div>\n\t\t\t\t\t<\/div>\n\t\t<\/div>\n\t\t\t\t\t<\/div>\n\t\t<\/section>\n\t\t\t\t<section class=\"elementor-section elementor-top-section elementor-element elementor-element-10bb21b2 elementor-section-content-middle elementor-section-boxed elementor-section-height-default elementor-section-height-default\" data-id=\"10bb21b2\" data-element_type=\"section\">\n\t\t\t\t\t\t<div class=\"elementor-container elementor-column-gap-wider\">\n\t\t\t\t\t<div class=\"elementor-column elementor-col-50 elementor-top-column elementor-element elementor-element-4232e85a\" data-id=\"4232e85a\" data-element_type=\"column\">\n\t\t\t<div class=\"elementor-widget-wrap elementor-element-populated\">\n\t\t\t\t\t\t<div class=\"elementor-element elementor-element-72f52b27 elementor-widget elementor-widget-image\" data-id=\"72f52b27\" data-element_type=\"widget\" data-widget_type=\"image.default\">\n\t\t\t\t<div class=\"elementor-widget-container\">\n\t\t\t\t\t\t\t\t\t\t\t\t\t<img fetchpriority=\"high\" decoding=\"async\" width=\"800\" height=\"534\" src=\"https:\/\/simhero.com\/wp-content\/uploads\/2020\/07\/superman.png\" class=\"attachment-large size-large wp-image-3745\" alt=\"\" srcset=\"https:\/\/simhero.com\/wp-content\/uploads\/2020\/07\/superman.png 1000w, https:\/\/simhero.com\/wp-content\/uploads\/2020\/07\/superman-300x200.png 300w, https:\/\/simhero.com\/wp-content\/uploads\/2020\/07\/superman-768x512.png 768w\" sizes=\"(max-width: 800px) 100vw, 800px\" \/>\t\t\t\t\t\t\t\t\t\t\t\t\t<\/div>\n\t\t\t\t<\/div>\n\t\t\t\t\t<\/div>\n\t\t<\/div>\n\t\t\t\t<div class=\"elementor-column elementor-col-50 elementor-top-column elementor-element elementor-element-146b3a4\" data-id=\"146b3a4\" data-element_type=\"column\">\n\t\t\t<div class=\"elementor-widget-wrap elementor-element-populated\">\n\t\t\t\t\t\t<div class=\"elementor-element elementor-element-1c35fbd1 elementor-widget elementor-widget-heading\" data-id=\"1c35fbd1\" data-element_type=\"widget\" data-widget_type=\"heading.default\">\n\t\t\t\t<div class=\"elementor-widget-container\">\n\t\t\t<h3 class=\"elementor-heading-title elementor-size-default\">Red m\u00f3vil<\/h3>\t\t<\/div>\n\t\t\t\t<\/div>\n\t\t\t\t<div class=\"elementor-element elementor-element-5d3b2d3e elementor-widget elementor-widget-heading\" data-id=\"5d3b2d3e\" data-element_type=\"widget\" data-widget_type=\"heading.default\">\n\t\t\t\t<div class=\"elementor-widget-container\">\n\t\t\t<h2 class=\"elementor-heading-title elementor-size-default\">Est\u00e1s de vuelta a casa<\/h2>\t\t<\/div>\n\t\t\t\t<\/div>\n\t\t\t\t<div class=\"elementor-element elementor-element-36652703 elementor-widget elementor-widget-text-editor\" data-id=\"36652703\" data-element_type=\"widget\" data-widget_type=\"text-editor.default\">\n\t\t\t\t<div class=\"elementor-widget-container\">\n\t\t\t\t\t\t\t<p><span lang=\"es-ES\">\u00bfCansado de estar cansado por no saber d\u00f3nde est\u00e1 tu hijo? \u00bfO sencillamente quieres asegurarte de que haya llegado a casa sano y salvo? Los dispositivos como los relojes infantiles son herramientas \u00fatiles que permiten una comunicaci\u00f3n en tiempo real con tu hijo en todo momento y comprobar su ubicaci\u00f3n actual de la mano de la tecnolog\u00eda de redes m\u00f3viles. Para aumentar la seguridad en este tema tan sensible, simHERO asegura esta l\u00ednea entre padres e hijos conectando con la red m\u00e1s potente y pasando a la siguiente cuando la primera se pierda.<\/span><\/p><p style=\"margin-bottom: .0001pt;\"><span lang=\"EN-US\">\u00a0<\/span><\/p>\t\t\t\t\t\t<\/div>\n\t\t\t\t<\/div>\n\t\t\t\t\t<\/div>\n\t\t<\/div>\n\t\t\t\t\t<\/div>\n\t\t<\/section>\n\t\t\t\t<section class=\"elementor-section elementor-top-section elementor-element elementor-element-15546565 elementor-section-content-middle elementor-reverse-mobile elementor-section-boxed elementor-section-height-default elementor-section-height-default\" data-id=\"15546565\" data-element_type=\"section\">\n\t\t\t\t\t\t<div class=\"elementor-container elementor-column-gap-wider\">\n\t\t\t\t\t<div class=\"elementor-column elementor-col-50 elementor-top-column elementor-element elementor-element-10476f28\" data-id=\"10476f28\" data-element_type=\"column\">\n\t\t\t<div class=\"elementor-widget-wrap elementor-element-populated\">\n\t\t\t\t\t\t<div class=\"elementor-element elementor-element-7cd4c3a4 elementor-widget elementor-widget-heading\" data-id=\"7cd4c3a4\" data-element_type=\"widget\" data-widget_type=\"heading.default\">\n\t\t\t\t<div class=\"elementor-widget-container\">\n\t\t\t<h3 class=\"elementor-heading-title elementor-size-default\">Voz sobre IP<\/h3>\t\t<\/div>\n\t\t\t\t<\/div>\n\t\t\t\t<div class=\"elementor-element elementor-element-6ef9f1f8 elementor-widget elementor-widget-heading\" data-id=\"6ef9f1f8\" data-element_type=\"widget\" data-widget_type=\"heading.default\">\n\t\t\t\t<div class=\"elementor-widget-container\">\n\t\t\t<h2 class=\"elementor-heading-title elementor-size-default\">Puedo hablarte un momento<\/h2>\t\t<\/div>\n\t\t\t\t<\/div>\n\t\t\t\t<div class=\"elementor-element elementor-element-4ea6f2be elementor-widget elementor-widget-text-editor\" data-id=\"4ea6f2be\" data-element_type=\"widget\" data-widget_type=\"text-editor.default\">\n\t\t\t\t<div class=\"elementor-widget-container\">\n\t\t\t\t\t\t\t<p><span lang=\"es-ES\">Muchos relojes infantiles ofrecen canales de comunicaci\u00f3n segura que impiden que personas externas entren en contacto con nuestros seres queridos. Estos canales incluyen mensajes m\u00f3viles, videochat y llamadas con personas predeterminadas. En este sentido, muchos fabricantes est\u00e1n pasando su tecnolog\u00eda a VoIP (voz sobre IP), que utiliza datos m\u00f3viles para establecer dichas llamadas. simHERO soporta esta nueva tecnolog\u00eda para mantener a padres e hijos en contacto.<\/span><\/p>\t\t\t\t\t\t<\/div>\n\t\t\t\t<\/div>\n\t\t\t\t\t<\/div>\n\t\t<\/div>\n\t\t\t\t<div class=\"elementor-column elementor-col-50 elementor-top-column elementor-element elementor-element-34e4edb\" data-id=\"34e4edb\" data-element_type=\"column\">\n\t\t\t<div class=\"elementor-widget-wrap elementor-element-populated\">\n\t\t\t\t\t\t<div class=\"elementor-element elementor-element-1923721 elementor-widget elementor-widget-image\" data-id=\"1923721\" data-element_type=\"widget\" data-widget_type=\"image.default\">\n\t\t\t\t<div class=\"elementor-widget-container\">\n\t\t\t\t\t\t\t\t\t\t\t\t\t<img decoding=\"async\" width=\"800\" height=\"534\" src=\"https:\/\/simhero.com\/wp-content\/uploads\/2020\/07\/girl-with-tablet.png\" class=\"attachment-large size-large wp-image-3743\" alt=\"\" srcset=\"https:\/\/simhero.com\/wp-content\/uploads\/2020\/07\/girl-with-tablet.png 1000w, https:\/\/simhero.com\/wp-content\/uploads\/2020\/07\/girl-with-tablet-300x200.png 300w, https:\/\/simhero.com\/wp-content\/uploads\/2020\/07\/girl-with-tablet-768x512.png 768w\" sizes=\"(max-width: 800px) 100vw, 800px\" \/>\t\t\t\t\t\t\t\t\t\t\t\t\t<\/div>\n\t\t\t\t<\/div>\n\t\t\t\t\t<\/div>\n\t\t<\/div>\n\t\t\t\t\t<\/div>\n\t\t<\/section>\n\t\t\t\t<section class=\"elementor-section elementor-top-section elementor-element elementor-element-544c18a1 elementor-section-content-middle elementor-section-boxed elementor-section-height-default elementor-section-height-default\" data-id=\"544c18a1\" data-element_type=\"section\">\n\t\t\t\t\t\t<div class=\"elementor-container elementor-column-gap-wider\">\n\t\t\t\t\t<div class=\"elementor-column elementor-col-50 elementor-top-column elementor-element elementor-element-4106f8df\" data-id=\"4106f8df\" data-element_type=\"column\">\n\t\t\t<div class=\"elementor-widget-wrap elementor-element-populated\">\n\t\t\t\t\t\t<div class=\"elementor-element elementor-element-38ea3d00 elementor-widget elementor-widget-image\" data-id=\"38ea3d00\" data-element_type=\"widget\" data-widget_type=\"image.default\">\n\t\t\t\t<div class=\"elementor-widget-container\">\n\t\t\t\t\t\t\t\t\t\t\t\t\t<img decoding=\"async\" width=\"800\" height=\"534\" src=\"https:\/\/simhero.com\/wp-content\/uploads\/2020\/07\/grandpa.png\" class=\"attachment-large size-large wp-image-3744\" alt=\"\" srcset=\"https:\/\/simhero.com\/wp-content\/uploads\/2020\/07\/grandpa.png 1000w, https:\/\/simhero.com\/wp-content\/uploads\/2020\/07\/grandpa-300x200.png 300w, https:\/\/simhero.com\/wp-content\/uploads\/2020\/07\/grandpa-768x512.png 768w\" sizes=\"(max-width: 800px) 100vw, 800px\" \/>\t\t\t\t\t\t\t\t\t\t\t\t\t<\/div>\n\t\t\t\t<\/div>\n\t\t\t\t\t<\/div>\n\t\t<\/div>\n\t\t\t\t<div class=\"elementor-column elementor-col-50 elementor-top-column elementor-element elementor-element-6abf4912\" data-id=\"6abf4912\" data-element_type=\"column\">\n\t\t\t<div class=\"elementor-widget-wrap elementor-element-populated\">\n\t\t\t\t\t\t<div class=\"elementor-element elementor-element-1b36a25a elementor-widget elementor-widget-heading\" data-id=\"1b36a25a\" data-element_type=\"widget\" data-widget_type=\"heading.default\">\n\t\t\t\t<div class=\"elementor-widget-container\">\n\t\t\t<h3 class=\"elementor-heading-title elementor-size-default\">Conectividad mundial a IoT<\/h3>\t\t<\/div>\n\t\t\t\t<\/div>\n\t\t\t\t<div class=\"elementor-element elementor-element-d046f3f elementor-widget elementor-widget-heading\" data-id=\"d046f3f\" data-element_type=\"widget\" data-widget_type=\"heading.default\">\n\t\t\t\t<div class=\"elementor-widget-container\">\n\t\t\t<h2 class=\"elementor-heading-title elementor-size-default\">He salido<\/h2>\t\t<\/div>\n\t\t\t\t<\/div>\n\t\t\t\t<div class=\"elementor-element elementor-element-3d354e59 elementor-widget elementor-widget-text-editor\" data-id=\"3d354e59\" data-element_type=\"widget\" data-widget_type=\"text-editor.default\">\n\t\t\t\t<div class=\"elementor-widget-container\">\n\t\t\t\t\t\t\t<p><span lang=\"es-ES\">Los ni\u00f1os crecen r\u00e1pidamente, y tarde o temprano acaban viviendo sus propias aventuras. En simHERO, creemos que estar en contacto con tu hijo no tiene por qu\u00e9 terminar solo porque no est\u00e9s en sus grupos sociales. Nuestra conectividad mundial a IoT est\u00e1 disponible en todo el mundo y nos aseguramos de que tu hijo est\u00e9 sano y salvo durante su aventura en el bosque, su primera excursi\u00f3n escolar o de modo general en su aventura por la vida.<\/span><\/p>\t\t\t\t\t\t<\/div>\n\t\t\t\t<\/div>\n\t\t\t\t\t<\/div>\n\t\t<\/div>\n\t\t\t\t\t<\/div>\n\t\t<\/section>\n\t\t\t\t<\/div>\n\t\t","protected":false},"excerpt":{"rendered":"<p>RELOJES INFANTILES simHERO Tarjetas SIM simHERO para IoT en relojes infantiles \u00bfExiste algo m\u00e1s importante que nuestros hijos? Para simHERO, no. Como padres, entendemos plenamente el equilibrio entre dar libertad a nuestros hijos, al mismo tiempo que los mantenemos alejados de cualquier amenaza o peligro. Por amor a nuestros hijos, en simHERO empleamos grandes esfuerzos [&hellip;]<\/p>\n","protected":false},"author":2,"featured_media":3366,"parent":3724,"menu_order":0,"comment_status":"closed","ping_status":"closed","template":"elementor_header_footer","meta":{"footnotes":""},"yoast_head":"<!-- This site is optimized with the Yoast SEO plugin v23.4 - https:\/\/yoast.com\/wordpress\/plugins\/seo\/ -->\n<title>relojes infantiles - simHERO<\/title>\n<meta name=\"robots\" content=\"index, follow, max-snippet:-1, max-image-preview:large, max-video-preview:-1\" \/>\n<link rel=\"canonical\" href=\"https:\/\/simhero.com\/es\/empresa\/casos-practicos\/relojes-infantiles\/\" \/>\n<meta property=\"og:locale\" content=\"es_ES\" \/>\n<meta property=\"og:type\" content=\"article\" \/>\n<meta property=\"og:title\" content=\"relojes infantiles - simHERO\" \/>\n<meta property=\"og:description\" content=\"RELOJES INFANTILES simHERO Tarjetas SIM simHERO para IoT en relojes infantiles \u00bfExiste algo m\u00e1s importante que nuestros hijos? Para simHERO, no. Como padres, entendemos plenamente el equilibrio entre dar libertad a nuestros hijos, al mismo tiempo que los mantenemos alejados de cualquier amenaza o peligro. Por amor a nuestros hijos, en simHERO empleamos grandes esfuerzos [&hellip;]\" \/>\n<meta property=\"og:url\" content=\"https:\/\/simhero.com\/es\/empresa\/casos-practicos\/relojes-infantiles\/\" \/>\n<meta property=\"og:site_name\" content=\"simHERO\" \/>\n<meta property=\"article:publisher\" content=\"https:\/\/www.facebook.com\/freeewaysimhero\/\" \/>\n<meta property=\"article:modified_time\" content=\"2020-11-26T12:56:18+00:00\" \/>\n<meta property=\"og:image\" content=\"https:\/\/simhero.com\/wp-content\/uploads\/2020\/06\/kidwatches.jpg\" \/>\n\t<meta property=\"og:image:width\" content=\"640\" \/>\n\t<meta property=\"og:image:height\" content=\"426\" \/>\n\t<meta property=\"og:image:type\" content=\"image\/jpeg\" \/>\n<meta name=\"twitter:card\" content=\"summary_large_image\" \/>\n<meta name=\"twitter:label1\" content=\"Tiempo de lectura\" \/>\n\t<meta name=\"twitter:data1\" content=\"2 minutos\" \/>\n<script type=\"application\/ld+json\" class=\"yoast-schema-graph\">{\"@context\":\"https:\/\/schema.org\",\"@graph\":[{\"@type\":\"WebPage\",\"@id\":\"https:\/\/simhero.com\/es\/empresa\/casos-practicos\/relojes-infantiles\/\",\"url\":\"https:\/\/simhero.com\/es\/empresa\/casos-practicos\/relojes-infantiles\/\",\"name\":\"relojes infantiles - simHERO\",\"isPartOf\":{\"@id\":\"https:\/\/simhero.com\/es\/#website\"},\"primaryImageOfPage\":{\"@id\":\"https:\/\/simhero.com\/es\/empresa\/casos-practicos\/relojes-infantiles\/#primaryimage\"},\"image\":{\"@id\":\"https:\/\/simhero.com\/es\/empresa\/casos-practicos\/relojes-infantiles\/#primaryimage\"},\"thumbnailUrl\":\"https:\/\/simhero.com\/wp-content\/uploads\/2020\/06\/kidwatches.jpg\",\"datePublished\":\"2020-11-26T12:55:31+00:00\",\"dateModified\":\"2020-11-26T12:56:18+00:00\",\"breadcrumb\":{\"@id\":\"https:\/\/simhero.com\/es\/empresa\/casos-practicos\/relojes-infantiles\/#breadcrumb\"},\"inLanguage\":\"es\",\"potentialAction\":[{\"@type\":\"ReadAction\",\"target\":[\"https:\/\/simhero.com\/es\/empresa\/casos-practicos\/relojes-infantiles\/\"]}]},{\"@type\":\"ImageObject\",\"inLanguage\":\"es\",\"@id\":\"https:\/\/simhero.com\/es\/empresa\/casos-practicos\/relojes-infantiles\/#primaryimage\",\"url\":\"https:\/\/simhero.com\/wp-content\/uploads\/2020\/06\/kidwatches.jpg\",\"contentUrl\":\"https:\/\/simhero.com\/wp-content\/uploads\/2020\/06\/kidwatches.jpg\",\"width\":640,\"height\":426},{\"@type\":\"BreadcrumbList\",\"@id\":\"https:\/\/simhero.com\/es\/empresa\/casos-practicos\/relojes-infantiles\/#breadcrumb\",\"itemListElement\":[{\"@type\":\"ListItem\",\"position\":1,\"name\":\"Portada\",\"item\":\"http:\/\/simhero.com\/es\/\"},{\"@type\":\"ListItem\",\"position\":2,\"name\":\"Empresa\",\"item\":\"http:\/\/simhero.com\/es\/empresa\/\"},{\"@type\":\"ListItem\",\"position\":3,\"name\":\"Casos pr\u00e1cticos\",\"item\":\"https:\/\/simhero.com\/es\/empresa\/casos-practicos\/\"},{\"@type\":\"ListItem\",\"position\":4,\"name\":\"relojes infantiles\"}]},{\"@type\":\"WebSite\",\"@id\":\"https:\/\/simhero.com\/es\/#website\",\"url\":\"https:\/\/simhero.com\/es\/\",\"name\":\"simHERO\",\"description\":\"\",\"potentialAction\":[{\"@type\":\"SearchAction\",\"target\":{\"@type\":\"EntryPoint\",\"urlTemplate\":\"https:\/\/simhero.com\/es\/?s={search_term_string}\"},\"query-input\":{\"@type\":\"PropertyValueSpecification\",\"valueRequired\":true,\"valueName\":\"search_term_string\"}}],\"inLanguage\":\"es\"}]}<\/script>\n<!-- \/ Yoast SEO plugin. -->","yoast_head_json":{"title":"relojes infantiles - simHERO","robots":{"index":"index","follow":"follow","max-snippet":"max-snippet:-1","max-image-preview":"max-image-preview:large","max-video-preview":"max-video-preview:-1"},"canonical":"https:\/\/simhero.com\/es\/empresa\/casos-practicos\/relojes-infantiles\/","og_locale":"es_ES","og_type":"article","og_title":"relojes infantiles - simHERO","og_description":"RELOJES INFANTILES simHERO Tarjetas SIM simHERO para IoT en relojes infantiles \u00bfExiste algo m\u00e1s importante que nuestros hijos? Para simHERO, no. Como padres, entendemos plenamente el equilibrio entre dar libertad a nuestros hijos, al mismo tiempo que los mantenemos alejados de cualquier amenaza o peligro. Por amor a nuestros hijos, en simHERO empleamos grandes esfuerzos [&hellip;]","og_url":"https:\/\/simhero.com\/es\/empresa\/casos-practicos\/relojes-infantiles\/","og_site_name":"simHERO","article_publisher":"https:\/\/www.facebook.com\/freeewaysimhero\/","article_modified_time":"2020-11-26T12:56:18+00:00","og_image":[{"width":640,"height":426,"url":"https:\/\/simhero.com\/wp-content\/uploads\/2020\/06\/kidwatches.jpg","type":"image\/jpeg"}],"twitter_card":"summary_large_image","twitter_misc":{"Tiempo de lectura":"2 minutos"},"schema":{"@context":"https:\/\/schema.org","@graph":[{"@type":"WebPage","@id":"https:\/\/simhero.com\/es\/empresa\/casos-practicos\/relojes-infantiles\/","url":"https:\/\/simhero.com\/es\/empresa\/casos-practicos\/relojes-infantiles\/","name":"relojes infantiles - simHERO","isPartOf":{"@id":"https:\/\/simhero.com\/es\/#website"},"primaryImageOfPage":{"@id":"https:\/\/simhero.com\/es\/empresa\/casos-practicos\/relojes-infantiles\/#primaryimage"},"image":{"@id":"https:\/\/simhero.com\/es\/empresa\/casos-practicos\/relojes-infantiles\/#primaryimage"},"thumbnailUrl":"https:\/\/simhero.com\/wp-content\/uploads\/2020\/06\/kidwatches.jpg","datePublished":"2020-11-26T12:55:31+00:00","dateModified":"2020-11-26T12:56:18+00:00","breadcrumb":{"@id":"https:\/\/simhero.com\/es\/empresa\/casos-practicos\/relojes-infantiles\/#breadcrumb"},"inLanguage":"es","potentialAction":[{"@type":"ReadAction","target":["https:\/\/simhero.com\/es\/empresa\/casos-practicos\/relojes-infantiles\/"]}]},{"@type":"ImageObject","inLanguage":"es","@id":"https:\/\/simhero.com\/es\/empresa\/casos-practicos\/relojes-infantiles\/#primaryimage","url":"https:\/\/simhero.com\/wp-content\/uploads\/2020\/06\/kidwatches.jpg","contentUrl":"https:\/\/simhero.com\/wp-content\/uploads\/2020\/06\/kidwatches.jpg","width":640,"height":426},{"@type":"BreadcrumbList","@id":"https:\/\/simhero.com\/es\/empresa\/casos-practicos\/relojes-infantiles\/#breadcrumb","itemListElement":[{"@type":"ListItem","position":1,"name":"Portada","item":"http:\/\/simhero.com\/es\/"},{"@type":"ListItem","position":2,"name":"Empresa","item":"http:\/\/simhero.com\/es\/empresa\/"},{"@type":"ListItem","position":3,"name":"Casos pr\u00e1cticos","item":"https:\/\/simhero.com\/es\/empresa\/casos-practicos\/"},{"@type":"ListItem","position":4,"name":"relojes infantiles"}]},{"@type":"WebSite","@id":"https:\/\/simhero.com\/es\/#website","url":"https:\/\/simhero.com\/es\/","name":"simHERO","description":"","potentialAction":[{"@type":"SearchAction","target":{"@type":"EntryPoint","urlTemplate":"https:\/\/simhero.com\/es\/?s={search_term_string}"},"query-input":{"@type":"PropertyValueSpecification","valueRequired":true,"valueName":"search_term_string"}}],"inLanguage":"es"}]}},"_links":{"self":[{"href":"https:\/\/simhero.com\/es\/wp-json\/wp\/v2\/pages\/3739"}],"collection":[{"href":"https:\/\/simhero.com\/es\/wp-json\/wp\/v2\/pages"}],"about":[{"href":"https:\/\/simhero.com\/es\/wp-json\/wp\/v2\/types\/page"}],"author":[{"embeddable":true,"href":"https:\/\/simhero.com\/es\/wp-json\/wp\/v2\/users\/2"}],"replies":[{"embeddable":true,"href":"https:\/\/simhero.com\/es\/wp-json\/wp\/v2\/comments?post=3739"}],"version-history":[{"count":4,"href":"https:\/\/simhero.com\/es\/wp-json\/wp\/v2\/pages\/3739\/revisions"}],"predecessor-version":[{"id":3750,"href":"https:\/\/simhero.com\/es\/wp-json\/wp\/v2\/pages\/3739\/revisions\/3750"}],"up":[{"embeddable":true,"href":"https:\/\/simhero.com\/es\/wp-json\/wp\/v2\/pages\/3724"}],"wp:featuredmedia":[{"embeddable":true,"href":"https:\/\/simhero.com\/es\/wp-json\/wp\/v2\/media\/3366"}],"wp:attachment":[{"href":"https:\/\/simhero.com\/es\/wp-json\/wp\/v2\/media?parent=3739"}],"curies":[{"name":"wp","href":"https:\/\/api.w.org\/{rel}","templated":true}]}}