{"id":3649,"date":"2020-11-25T14:31:23","date_gmt":"2020-11-25T13:31:23","guid":{"rendered":"http:\/\/3.65.206.27\/?page_id=3649"},"modified":"2020-12-04T11:09:04","modified_gmt":"2020-12-04T10:09:04","slug":"conectividad-a-iot","status":"publish","type":"page","link":"https:\/\/simhero.com\/es\/empresa\/nuestra-tecnologia\/conectividad-a-iot\/","title":{"rendered":"Conectividad a IoT"},"content":{"rendered":"\t\t<div data-elementor-type=\"wp-page\" data-elementor-id=\"3649\" class=\"elementor elementor-3649 elementor-323\" data-elementor-post-type=\"page\">\n\t\t\t\t\t\t<section class=\"elementor-section elementor-top-section elementor-element elementor-element-5a807ab2 elementor-section-height-min-height elementor-section-boxed elementor-section-height-default elementor-section-items-middle\" data-id=\"5a807ab2\" data-element_type=\"section\" data-settings=\"{&quot;background_background&quot;:&quot;classic&quot;}\">\n\t\t\t\t\t\t\t<div class=\"elementor-background-overlay\"><\/div>\n\t\t\t\t\t\t\t<div class=\"elementor-container elementor-column-gap-default\">\n\t\t\t\t\t<div class=\"elementor-column elementor-col-100 elementor-top-column elementor-element elementor-element-7e7491a9\" data-id=\"7e7491a9\" data-element_type=\"column\">\n\t\t\t<div class=\"elementor-widget-wrap elementor-element-populated\">\n\t\t\t\t\t\t<div class=\"elementor-element elementor-element-2f72e513 elementor-widget elementor-widget-heading\" data-id=\"2f72e513\" data-element_type=\"widget\" data-widget_type=\"heading.default\">\n\t\t\t\t<div class=\"elementor-widget-container\">\n\t\t\t<h1 class=\"elementor-heading-title elementor-size-default\">Conectividad mundial a IoT\n\n<\/h1>\t\t<\/div>\n\t\t\t\t<\/div>\n\t\t\t\t\t<\/div>\n\t\t<\/div>\n\t\t\t\t\t<\/div>\n\t\t<\/section>\n\t\t\t\t<section class=\"elementor-section elementor-top-section elementor-element elementor-element-7237eaac elementor-section-boxed elementor-section-height-default elementor-section-height-default\" data-id=\"7237eaac\" data-element_type=\"section\">\n\t\t\t\t\t\t<div class=\"elementor-container elementor-column-gap-default\">\n\t\t\t\t\t<div class=\"elementor-column elementor-col-100 elementor-top-column elementor-element elementor-element-b274cae\" data-id=\"b274cae\" data-element_type=\"column\">\n\t\t\t<div class=\"elementor-widget-wrap elementor-element-populated\">\n\t\t\t\t\t\t<div class=\"elementor-element elementor-element-6ccf2c9b elementor-widget elementor-widget-heading\" data-id=\"6ccf2c9b\" data-element_type=\"widget\" data-widget_type=\"heading.default\">\n\t\t\t\t<div class=\"elementor-widget-container\">\n\t\t\t<h2 class=\"elementor-heading-title elementor-size-default\">La conectividad primero\n\n\n<\/h2>\t\t<\/div>\n\t\t\t\t<\/div>\n\t\t\t\t<div class=\"elementor-element elementor-element-628520bb elementor-widget elementor-widget-text-editor\" data-id=\"628520bb\" data-element_type=\"widget\" data-widget_type=\"text-editor.default\">\n\t\t\t\t<div class=\"elementor-widget-container\">\n\t\t\t\t\t\t\t<p>simHERO conecta a consumidores y sus dispositivos de IoT a m\u00e1s de 500 redes locales en 180 pa\u00edses de todo el mundo. Nuestra tarjeta SIM no est\u00e1 direccionada, lo cual asegura que nuestra tarjeta SIM de IoT siempre se conecte a la red m\u00e1s r\u00e1pida y potente disponible en tu zona. Gracias a ello, simHERO ofrece a sus usuarios una mejor cobertura en una red m\u00e1s estable para cualquier dispositivo de IoT.<\/p><p>Como proveedor M2M (m\u00e1quina a m\u00e1quina), la SIM simHERO est\u00e1 dise\u00f1ada para usar datos y SMS. Por norma general, los servicios de voz y MMS no est\u00e1n soportados. En casos muy excepcionales, pueden ofrecerse servicios de voz. Sin embargo, debe consultarse individualmente con nuestros agentes de ventas.<\/p><p>Nuestras tarjetas SIM simHERO utilizan tecnolog\u00edas de comunicaciones m\u00f3viles inal\u00e1mbricas con capacidad multioperador, para que tus dispositivos puedan transmitir sin problemas datos en tiempo real a diferentes velocidades (2G, 3G, 4G, LTE-M y pronto 5G seg\u00fan disponibilidad) y con cobertura mundial. Tanto si necesitas un tama\u00f1o concreto de SIM, un chip SIM o incluso una eSIM, simHERO ofrece el factor y tama\u00f1o SIM adecuado que se ajusta a tu dispositivo de IoT de consumo.<\/p>\t\t\t\t\t\t<\/div>\n\t\t\t\t<\/div>\n\t\t\t\t<div class=\"elementor-element elementor-element-b8039f6 elementor-widget elementor-widget-text-editor\" data-id=\"b8039f6\" data-element_type=\"widget\" data-widget_type=\"text-editor.default\">\n\t\t\t\t<div class=\"elementor-widget-container\">\n\t\t\t\t\t\t\t<div><strong><span style=\"font-size: 18px;\">La combinaci\u00f3n entre independencia de redes, redes m\u00faltiples y tarjeta SIM no direccionada convierte a simHERO en uno de los socios m\u00e1s fiables en conectividad a IoT para tu dispositivo de consumo a nivel mundial.<\/span><\/strong><\/div>\t\t\t\t\t\t<\/div>\n\t\t\t\t<\/div>\n\t\t\t\t\t<\/div>\n\t\t<\/div>\n\t\t\t\t\t<\/div>\n\t\t<\/section>\n\t\t\t\t<section class=\"elementor-section elementor-top-section elementor-element elementor-element-0ece7bf elementor-section-content-middle elementor-section-boxed elementor-section-height-default elementor-section-height-default\" data-id=\"0ece7bf\" data-element_type=\"section\">\n\t\t\t\t\t\t<div class=\"elementor-container elementor-column-gap-wider\">\n\t\t\t\t\t<div class=\"elementor-column elementor-col-50 elementor-top-column elementor-element elementor-element-dc6fcb4\" data-id=\"dc6fcb4\" data-element_type=\"column\">\n\t\t\t<div class=\"elementor-widget-wrap elementor-element-populated\">\n\t\t\t\t\t\t<div class=\"elementor-element elementor-element-9cdf678 elementor-widget elementor-widget-image\" data-id=\"9cdf678\" data-element_type=\"widget\" data-widget_type=\"image.default\">\n\t\t\t\t<div class=\"elementor-widget-container\">\n\t\t\t\t\t\t\t\t\t\t\t\t\t<img fetchpriority=\"high\" decoding=\"async\" width=\"800\" height=\"534\" src=\"https:\/\/simhero.com\/wp-content\/uploads\/2020\/07\/iot-worldwide.jpg\" class=\"attachment-large size-large wp-image-3662\" alt=\"\" srcset=\"https:\/\/simhero.com\/wp-content\/uploads\/2020\/07\/iot-worldwide.jpg 1000w, https:\/\/simhero.com\/wp-content\/uploads\/2020\/07\/iot-worldwide-300x200.jpg 300w, https:\/\/simhero.com\/wp-content\/uploads\/2020\/07\/iot-worldwide-768x512.jpg 768w\" sizes=\"(max-width: 800px) 100vw, 800px\" \/>\t\t\t\t\t\t\t\t\t\t\t\t\t<\/div>\n\t\t\t\t<\/div>\n\t\t\t\t\t<\/div>\n\t\t<\/div>\n\t\t\t\t<div class=\"elementor-column elementor-col-50 elementor-top-column elementor-element elementor-element-ce21508\" data-id=\"ce21508\" data-element_type=\"column\">\n\t\t\t<div class=\"elementor-widget-wrap elementor-element-populated\">\n\t\t\t\t\t\t<div class=\"elementor-element elementor-element-33cb6e1 elementor-widget elementor-widget-heading\" data-id=\"33cb6e1\" data-element_type=\"widget\" data-widget_type=\"heading.default\">\n\t\t\t\t<div class=\"elementor-widget-container\">\n\t\t\t<h3 class=\"elementor-heading-title elementor-size-default\">Socios globales\n\n\n<\/h3>\t\t<\/div>\n\t\t\t\t<\/div>\n\t\t\t\t<div class=\"elementor-element elementor-element-0d9cc0f elementor-widget elementor-widget-heading\" data-id=\"0d9cc0f\" data-element_type=\"widget\" data-widget_type=\"heading.default\">\n\t\t\t\t<div class=\"elementor-widget-container\">\n\t\t\t<h2 class=\"elementor-heading-title elementor-size-default\">\nsimHERO: cobertura de red mundial\n<\/h2>\t\t<\/div>\n\t\t\t\t<\/div>\n\t\t\t\t<div class=\"elementor-element elementor-element-ad70101 elementor-widget elementor-widget-text-editor\" data-id=\"ad70101\" data-element_type=\"widget\" data-widget_type=\"text-editor.default\">\n\t\t\t\t<div class=\"elementor-widget-container\">\n\t\t\t\t\t\t\t<div class=\"pre-block\"><div id=\"text-content-block\"><p align=\"JUSTIFY\"><span style=\"font-family: Times New Roman, serif;\"><span style=\"color: #595959;\"><span style=\"font-family: Montserrat, serif;\"><span lang=\"es-ES\">Nos asociamos con operadores l\u00edderes. Nuestros acuerdos de itinerancia nos permiten ofrecerte cobertura M2M\/IoT mundial en m\u00e1s de 500 redes y m\u00e1s de 180 pa\u00edses.<\/span><\/span><\/span><\/span><\/p><\/div><\/div>\t\t\t\t\t\t<\/div>\n\t\t\t\t<\/div>\n\t\t\t\t\t<\/div>\n\t\t<\/div>\n\t\t\t\t\t<\/div>\n\t\t<\/section>\n\t\t\t\t<section class=\"elementor-section elementor-top-section elementor-element elementor-element-bf8ee9c elementor-section-content-middle elementor-reverse-mobile elementor-section-boxed elementor-section-height-default elementor-section-height-default\" data-id=\"bf8ee9c\" data-element_type=\"section\">\n\t\t\t\t\t\t<div class=\"elementor-container elementor-column-gap-wider\">\n\t\t\t\t\t<div class=\"elementor-column elementor-col-50 elementor-top-column elementor-element elementor-element-1977a2f\" data-id=\"1977a2f\" data-element_type=\"column\">\n\t\t\t<div class=\"elementor-widget-wrap elementor-element-populated\">\n\t\t\t\t\t\t<div class=\"elementor-element elementor-element-c5387dc elementor-widget elementor-widget-heading\" data-id=\"c5387dc\" data-element_type=\"widget\" data-widget_type=\"heading.default\">\n\t\t\t\t<div class=\"elementor-widget-container\">\n\t\t\t<h3 class=\"elementor-heading-title elementor-size-default\">Disponibilidad m\u00e1xima\n\n\n\n<\/h3>\t\t<\/div>\n\t\t\t\t<\/div>\n\t\t\t\t<div class=\"elementor-element elementor-element-4745452 elementor-widget elementor-widget-heading\" data-id=\"4745452\" data-element_type=\"widget\" data-widget_type=\"heading.default\">\n\t\t\t\t<div class=\"elementor-widget-container\">\n\t\t\t<h2 class=\"elementor-heading-title elementor-size-default\">simHERO: conectividad a la red m\u00e1s potente\n\n<\/h2>\t\t<\/div>\n\t\t\t\t<\/div>\n\t\t\t\t<div class=\"elementor-element elementor-element-aa4748b elementor-widget elementor-widget-text-editor\" data-id=\"aa4748b\" data-element_type=\"widget\" data-widget_type=\"text-editor.default\">\n\t\t\t\t<div class=\"elementor-widget-container\">\n\t\t\t\t\t\t\t<div class=\"pre-block\"><div id=\"text-content-block\"><div class=\"pre-block\"><div id=\"text-content-block\"><div class=\"pre-block\"><div id=\"text-content-block\">Nuestras tarjetas SIM de IoT no est\u00e1n direccionadas, sino que seleccionan una red m\u00f3vil en funci\u00f3n de la potencia de la se\u00f1al y no de un listado de redes m\u00e1s baratas o preferidas.<\/div><\/div><\/div><\/div><\/div><\/div>\t\t\t\t\t\t<\/div>\n\t\t\t\t<\/div>\n\t\t\t\t\t<\/div>\n\t\t<\/div>\n\t\t\t\t<div class=\"elementor-column elementor-col-50 elementor-top-column elementor-element elementor-element-1781de1\" data-id=\"1781de1\" data-element_type=\"column\">\n\t\t\t<div class=\"elementor-widget-wrap elementor-element-populated\">\n\t\t\t\t\t\t<div class=\"elementor-element elementor-element-432c8be elementor-widget elementor-widget-image\" data-id=\"432c8be\" data-element_type=\"widget\" data-widget_type=\"image.default\">\n\t\t\t\t<div class=\"elementor-widget-container\">\n\t\t\t\t\t\t\t\t\t\t\t\t\t<img decoding=\"async\" width=\"800\" height=\"534\" src=\"https:\/\/simhero.com\/wp-content\/uploads\/2020\/07\/iot-strongest-network.jpg\" class=\"attachment-large size-large wp-image-3659\" alt=\"\" srcset=\"https:\/\/simhero.com\/wp-content\/uploads\/2020\/07\/iot-strongest-network.jpg 1000w, https:\/\/simhero.com\/wp-content\/uploads\/2020\/07\/iot-strongest-network-300x200.jpg 300w, https:\/\/simhero.com\/wp-content\/uploads\/2020\/07\/iot-strongest-network-768x512.jpg 768w\" sizes=\"(max-width: 800px) 100vw, 800px\" \/>\t\t\t\t\t\t\t\t\t\t\t\t\t<\/div>\n\t\t\t\t<\/div>\n\t\t\t\t\t<\/div>\n\t\t<\/div>\n\t\t\t\t\t<\/div>\n\t\t<\/section>\n\t\t\t\t<section class=\"elementor-section elementor-top-section elementor-element elementor-element-f05f824 elementor-section-content-middle elementor-section-boxed elementor-section-height-default elementor-section-height-default\" data-id=\"f05f824\" data-element_type=\"section\">\n\t\t\t\t\t\t<div class=\"elementor-container elementor-column-gap-wider\">\n\t\t\t\t\t<div class=\"elementor-column elementor-col-50 elementor-top-column elementor-element elementor-element-186e2d1\" data-id=\"186e2d1\" data-element_type=\"column\">\n\t\t\t<div class=\"elementor-widget-wrap elementor-element-populated\">\n\t\t\t\t\t\t<div class=\"elementor-element elementor-element-5259dec elementor-widget elementor-widget-image\" data-id=\"5259dec\" data-element_type=\"widget\" data-widget_type=\"image.default\">\n\t\t\t\t<div class=\"elementor-widget-container\">\n\t\t\t\t\t\t\t\t\t\t\t\t\t<img decoding=\"async\" width=\"800\" height=\"534\" src=\"https:\/\/simhero.com\/wp-content\/uploads\/2020\/07\/iot-multi-network-worldwide.jpg\" class=\"attachment-large size-large wp-image-3660\" alt=\"\" srcset=\"https:\/\/simhero.com\/wp-content\/uploads\/2020\/07\/iot-multi-network-worldwide.jpg 1000w, https:\/\/simhero.com\/wp-content\/uploads\/2020\/07\/iot-multi-network-worldwide-300x200.jpg 300w, https:\/\/simhero.com\/wp-content\/uploads\/2020\/07\/iot-multi-network-worldwide-768x512.jpg 768w\" sizes=\"(max-width: 800px) 100vw, 800px\" \/>\t\t\t\t\t\t\t\t\t\t\t\t\t<\/div>\n\t\t\t\t<\/div>\n\t\t\t\t\t<\/div>\n\t\t<\/div>\n\t\t\t\t<div class=\"elementor-column elementor-col-50 elementor-top-column elementor-element elementor-element-b1f938c\" data-id=\"b1f938c\" data-element_type=\"column\">\n\t\t\t<div class=\"elementor-widget-wrap elementor-element-populated\">\n\t\t\t\t\t\t<div class=\"elementor-element elementor-element-041fc7d elementor-widget elementor-widget-heading\" data-id=\"041fc7d\" data-element_type=\"widget\" data-widget_type=\"heading.default\">\n\t\t\t\t<div class=\"elementor-widget-container\">\n\t\t\t<h3 class=\"elementor-heading-title elementor-size-default\">Multirred disponible\n\n\n<\/h3>\t\t<\/div>\n\t\t\t\t<\/div>\n\t\t\t\t<div class=\"elementor-element elementor-element-f55e9fa elementor-widget elementor-widget-heading\" data-id=\"f55e9fa\" data-element_type=\"widget\" data-widget_type=\"heading.default\">\n\t\t\t\t<div class=\"elementor-widget-container\">\n\t\t\t<h2 class=\"elementor-heading-title elementor-size-default\">simHERO: siempre conectado a dispositivos de IoT\n\n<\/h2>\t\t<\/div>\n\t\t\t\t<\/div>\n\t\t\t\t<div class=\"elementor-element elementor-element-cca0f2c elementor-widget elementor-widget-text-editor\" data-id=\"cca0f2c\" data-element_type=\"widget\" data-widget_type=\"text-editor.default\">\n\t\t\t\t<div class=\"elementor-widget-container\">\n\t\t\t\t\t\t\t<div class=\"pre-block\"><div id=\"text-content-block\"><div class=\"pre-block\"><div id=\"text-content-block\"><p><span style=\"color: #595959;\"><span style=\"font-family: Montserrat, serif;\"><span lang=\"es-ES\">Nuestras tarjetas SIM de IoT simHERO son tarjetas multirred, de modo que tus dispositivos tendr\u00e1n acceso a un m\u00ednimo de dos grandes redes en cada pa\u00eds de Europa y todo el mundo.<\/span><\/span><\/span><\/p><\/div><\/div><\/div><\/div>\t\t\t\t\t\t<\/div>\n\t\t\t\t<\/div>\n\t\t\t\t\t<\/div>\n\t\t<\/div>\n\t\t\t\t\t<\/div>\n\t\t<\/section>\n\t\t\t\t<section class=\"elementor-section elementor-top-section elementor-element elementor-element-2dad0ce elementor-section-content-middle elementor-reverse-mobile elementor-section-boxed elementor-section-height-default elementor-section-height-default\" data-id=\"2dad0ce\" data-element_type=\"section\">\n\t\t\t\t\t\t<div class=\"elementor-container elementor-column-gap-wider\">\n\t\t\t\t\t<div class=\"elementor-column elementor-col-50 elementor-top-column elementor-element elementor-element-e6c72ce\" data-id=\"e6c72ce\" data-element_type=\"column\">\n\t\t\t<div class=\"elementor-widget-wrap elementor-element-populated\">\n\t\t\t\t\t\t<div class=\"elementor-element elementor-element-2f04da6 elementor-widget elementor-widget-heading\" data-id=\"2f04da6\" data-element_type=\"widget\" data-widget_type=\"heading.default\">\n\t\t\t\t<div class=\"elementor-widget-container\">\n\t\t\t<h3 class=\"elementor-heading-title elementor-size-default\">Tecnolog\u00eda l\u00edder\n\n\n\n\n<\/h3>\t\t<\/div>\n\t\t\t\t<\/div>\n\t\t\t\t<div class=\"elementor-element elementor-element-b1cb9ba elementor-widget elementor-widget-heading\" data-id=\"b1cb9ba\" data-element_type=\"widget\" data-widget_type=\"heading.default\">\n\t\t\t\t<div class=\"elementor-widget-container\">\n\t\t\t<h2 class=\"elementor-heading-title elementor-size-default\">simHERO: con las \u00faltimas tecnolog\u00edas\n\n\n<\/h2>\t\t<\/div>\n\t\t\t\t<\/div>\n\t\t\t\t<div class=\"elementor-element elementor-element-adfd0aa elementor-widget elementor-widget-text-editor\" data-id=\"adfd0aa\" data-element_type=\"widget\" data-widget_type=\"text-editor.default\">\n\t\t\t\t<div class=\"elementor-widget-container\">\n\t\t\t\t\t\t\t<div><div><div><div><div><div><div><div><p align=\"JUSTIFY\"><span style=\"color: #595959;\"><span style=\"font-family: Montserrat, serif;\"><span lang=\"es-ES\">Hacemos posible que puedas utilizar m\u00faltiples tecnolog\u00edas de acceso a redes: 2G, 3G, 4G, LTE, LTE Cat M1 y NB-IoT.<\/span><\/span><\/span><\/p><span style=\"font-family: Arial, sans-serif;\"><span style=\"font-size: 15.3333px;\"><br \/><\/span><\/span><\/div><\/div><\/div><\/div><\/div><\/div><\/div><\/div>\t\t\t\t\t\t<\/div>\n\t\t\t\t<\/div>\n\t\t\t\t\t<\/div>\n\t\t<\/div>\n\t\t\t\t<div class=\"elementor-column elementor-col-50 elementor-top-column elementor-element elementor-element-d5ef98b\" data-id=\"d5ef98b\" data-element_type=\"column\">\n\t\t\t<div class=\"elementor-widget-wrap elementor-element-populated\">\n\t\t\t\t\t\t<div class=\"elementor-element elementor-element-76f8841 elementor-widget elementor-widget-image\" data-id=\"76f8841\" data-element_type=\"widget\" data-widget_type=\"image.default\">\n\t\t\t\t<div class=\"elementor-widget-container\">\n\t\t\t\t\t\t\t\t\t\t\t\t\t<img loading=\"lazy\" decoding=\"async\" width=\"800\" height=\"534\" src=\"https:\/\/simhero.com\/wp-content\/uploads\/2020\/07\/iot-latest-technology.jpg\" class=\"attachment-large size-large wp-image-3661\" alt=\"\" srcset=\"https:\/\/simhero.com\/wp-content\/uploads\/2020\/07\/iot-latest-technology.jpg 1000w, https:\/\/simhero.com\/wp-content\/uploads\/2020\/07\/iot-latest-technology-300x200.jpg 300w, https:\/\/simhero.com\/wp-content\/uploads\/2020\/07\/iot-latest-technology-768x512.jpg 768w\" sizes=\"(max-width: 800px) 100vw, 800px\" \/>\t\t\t\t\t\t\t\t\t\t\t\t\t<\/div>\n\t\t\t\t<\/div>\n\t\t\t\t\t<\/div>\n\t\t<\/div>\n\t\t\t\t\t<\/div>\n\t\t<\/section>\n\t\t\t\t<\/div>\n\t\t","protected":false},"excerpt":{"rendered":"<p>Conectividad mundial a IoT La conectividad primero simHERO conecta a consumidores y sus dispositivos de IoT a m\u00e1s de 500 redes locales en 180 pa\u00edses de todo el mundo. Nuestra tarjeta SIM no est\u00e1 direccionada, lo cual asegura que nuestra tarjeta SIM de IoT siempre se conecte a la red m\u00e1s r\u00e1pida y potente disponible [&hellip;]<\/p>\n","protected":false},"author":2,"featured_media":0,"parent":3523,"menu_order":0,"comment_status":"closed","ping_status":"closed","template":"elementor_header_footer","meta":{"footnotes":""},"yoast_head":"<!-- This site is optimized with the Yoast SEO plugin v23.4 - https:\/\/yoast.com\/wordpress\/plugins\/seo\/ -->\n<title>Conectividad a IoT - simHERO<\/title>\n<meta name=\"robots\" content=\"index, follow, max-snippet:-1, max-image-preview:large, max-video-preview:-1\" \/>\n<link rel=\"canonical\" href=\"https:\/\/simhero.com\/es\/empresa\/nuestra-tecnologia\/conectividad-a-iot\/\" \/>\n<meta property=\"og:locale\" content=\"es_ES\" \/>\n<meta property=\"og:type\" content=\"article\" \/>\n<meta property=\"og:title\" content=\"Conectividad a IoT - simHERO\" \/>\n<meta property=\"og:description\" content=\"Conectividad mundial a IoT La conectividad primero simHERO conecta a consumidores y sus dispositivos de IoT a m\u00e1s de 500 redes locales en 180 pa\u00edses de todo el mundo. Nuestra tarjeta SIM no est\u00e1 direccionada, lo cual asegura que nuestra tarjeta SIM de IoT siempre se conecte a la red m\u00e1s r\u00e1pida y potente disponible [&hellip;]\" \/>\n<meta property=\"og:url\" content=\"https:\/\/simhero.com\/es\/empresa\/nuestra-tecnologia\/conectividad-a-iot\/\" \/>\n<meta property=\"og:site_name\" content=\"simHERO\" \/>\n<meta property=\"article:publisher\" content=\"https:\/\/www.facebook.com\/freeewaysimhero\/\" \/>\n<meta property=\"article:modified_time\" content=\"2020-12-04T10:09:04+00:00\" \/>\n<meta property=\"og:image\" content=\"http:\/\/3.65.206.27\/wp-content\/uploads\/2020\/07\/iot-worldwide.jpg\" \/>\n<meta name=\"twitter:card\" content=\"summary_large_image\" \/>\n<meta name=\"twitter:label1\" content=\"Tiempo de lectura\" \/>\n\t<meta name=\"twitter:data1\" content=\"2 minutos\" \/>\n<script type=\"application\/ld+json\" class=\"yoast-schema-graph\">{\"@context\":\"https:\/\/schema.org\",\"@graph\":[{\"@type\":\"WebPage\",\"@id\":\"https:\/\/simhero.com\/es\/empresa\/nuestra-tecnologia\/conectividad-a-iot\/\",\"url\":\"https:\/\/simhero.com\/es\/empresa\/nuestra-tecnologia\/conectividad-a-iot\/\",\"name\":\"Conectividad a IoT - simHERO\",\"isPartOf\":{\"@id\":\"https:\/\/simhero.com\/es\/#website\"},\"primaryImageOfPage\":{\"@id\":\"https:\/\/simhero.com\/es\/empresa\/nuestra-tecnologia\/conectividad-a-iot\/#primaryimage\"},\"image\":{\"@id\":\"https:\/\/simhero.com\/es\/empresa\/nuestra-tecnologia\/conectividad-a-iot\/#primaryimage\"},\"thumbnailUrl\":\"http:\/\/3.65.206.27\/wp-content\/uploads\/2020\/07\/iot-worldwide.jpg\",\"datePublished\":\"2020-11-25T13:31:23+00:00\",\"dateModified\":\"2020-12-04T10:09:04+00:00\",\"breadcrumb\":{\"@id\":\"https:\/\/simhero.com\/es\/empresa\/nuestra-tecnologia\/conectividad-a-iot\/#breadcrumb\"},\"inLanguage\":\"es\",\"potentialAction\":[{\"@type\":\"ReadAction\",\"target\":[\"https:\/\/simhero.com\/es\/empresa\/nuestra-tecnologia\/conectividad-a-iot\/\"]}]},{\"@type\":\"ImageObject\",\"inLanguage\":\"es\",\"@id\":\"https:\/\/simhero.com\/es\/empresa\/nuestra-tecnologia\/conectividad-a-iot\/#primaryimage\",\"url\":\"http:\/\/3.65.206.27\/wp-content\/uploads\/2020\/07\/iot-worldwide.jpg\",\"contentUrl\":\"http:\/\/3.65.206.27\/wp-content\/uploads\/2020\/07\/iot-worldwide.jpg\"},{\"@type\":\"BreadcrumbList\",\"@id\":\"https:\/\/simhero.com\/es\/empresa\/nuestra-tecnologia\/conectividad-a-iot\/#breadcrumb\",\"itemListElement\":[{\"@type\":\"ListItem\",\"position\":1,\"name\":\"Portada\",\"item\":\"http:\/\/simhero.com\/es\/\"},{\"@type\":\"ListItem\",\"position\":2,\"name\":\"Empresa\",\"item\":\"http:\/\/simhero.com\/es\/empresa\/\"},{\"@type\":\"ListItem\",\"position\":3,\"name\":\"Nuestra tecnolog\u00eda\",\"item\":\"https:\/\/simhero.com\/es\/empresa\/nuestra-tecnologia\/\"},{\"@type\":\"ListItem\",\"position\":4,\"name\":\"Conectividad a IoT\"}]},{\"@type\":\"WebSite\",\"@id\":\"https:\/\/simhero.com\/es\/#website\",\"url\":\"https:\/\/simhero.com\/es\/\",\"name\":\"simHERO\",\"description\":\"\",\"potentialAction\":[{\"@type\":\"SearchAction\",\"target\":{\"@type\":\"EntryPoint\",\"urlTemplate\":\"https:\/\/simhero.com\/es\/?s={search_term_string}\"},\"query-input\":{\"@type\":\"PropertyValueSpecification\",\"valueRequired\":true,\"valueName\":\"search_term_string\"}}],\"inLanguage\":\"es\"}]}<\/script>\n<!-- \/ Yoast SEO plugin. -->","yoast_head_json":{"title":"Conectividad a IoT - simHERO","robots":{"index":"index","follow":"follow","max-snippet":"max-snippet:-1","max-image-preview":"max-image-preview:large","max-video-preview":"max-video-preview:-1"},"canonical":"https:\/\/simhero.com\/es\/empresa\/nuestra-tecnologia\/conectividad-a-iot\/","og_locale":"es_ES","og_type":"article","og_title":"Conectividad a IoT - simHERO","og_description":"Conectividad mundial a IoT La conectividad primero simHERO conecta a consumidores y sus dispositivos de IoT a m\u00e1s de 500 redes locales en 180 pa\u00edses de todo el mundo. Nuestra tarjeta SIM no est\u00e1 direccionada, lo cual asegura que nuestra tarjeta SIM de IoT siempre se conecte a la red m\u00e1s r\u00e1pida y potente disponible [&hellip;]","og_url":"https:\/\/simhero.com\/es\/empresa\/nuestra-tecnologia\/conectividad-a-iot\/","og_site_name":"simHERO","article_publisher":"https:\/\/www.facebook.com\/freeewaysimhero\/","article_modified_time":"2020-12-04T10:09:04+00:00","og_image":[{"url":"http:\/\/3.65.206.27\/wp-content\/uploads\/2020\/07\/iot-worldwide.jpg"}],"twitter_card":"summary_large_image","twitter_misc":{"Tiempo de lectura":"2 minutos"},"schema":{"@context":"https:\/\/schema.org","@graph":[{"@type":"WebPage","@id":"https:\/\/simhero.com\/es\/empresa\/nuestra-tecnologia\/conectividad-a-iot\/","url":"https:\/\/simhero.com\/es\/empresa\/nuestra-tecnologia\/conectividad-a-iot\/","name":"Conectividad a IoT - simHERO","isPartOf":{"@id":"https:\/\/simhero.com\/es\/#website"},"primaryImageOfPage":{"@id":"https:\/\/simhero.com\/es\/empresa\/nuestra-tecnologia\/conectividad-a-iot\/#primaryimage"},"image":{"@id":"https:\/\/simhero.com\/es\/empresa\/nuestra-tecnologia\/conectividad-a-iot\/#primaryimage"},"thumbnailUrl":"http:\/\/3.65.206.27\/wp-content\/uploads\/2020\/07\/iot-worldwide.jpg","datePublished":"2020-11-25T13:31:23+00:00","dateModified":"2020-12-04T10:09:04+00:00","breadcrumb":{"@id":"https:\/\/simhero.com\/es\/empresa\/nuestra-tecnologia\/conectividad-a-iot\/#breadcrumb"},"inLanguage":"es","potentialAction":[{"@type":"ReadAction","target":["https:\/\/simhero.com\/es\/empresa\/nuestra-tecnologia\/conectividad-a-iot\/"]}]},{"@type":"ImageObject","inLanguage":"es","@id":"https:\/\/simhero.com\/es\/empresa\/nuestra-tecnologia\/conectividad-a-iot\/#primaryimage","url":"http:\/\/3.65.206.27\/wp-content\/uploads\/2020\/07\/iot-worldwide.jpg","contentUrl":"http:\/\/3.65.206.27\/wp-content\/uploads\/2020\/07\/iot-worldwide.jpg"},{"@type":"BreadcrumbList","@id":"https:\/\/simhero.com\/es\/empresa\/nuestra-tecnologia\/conectividad-a-iot\/#breadcrumb","itemListElement":[{"@type":"ListItem","position":1,"name":"Portada","item":"http:\/\/simhero.com\/es\/"},{"@type":"ListItem","position":2,"name":"Empresa","item":"http:\/\/simhero.com\/es\/empresa\/"},{"@type":"ListItem","position":3,"name":"Nuestra tecnolog\u00eda","item":"https:\/\/simhero.com\/es\/empresa\/nuestra-tecnologia\/"},{"@type":"ListItem","position":4,"name":"Conectividad a IoT"}]},{"@type":"WebSite","@id":"https:\/\/simhero.com\/es\/#website","url":"https:\/\/simhero.com\/es\/","name":"simHERO","description":"","potentialAction":[{"@type":"SearchAction","target":{"@type":"EntryPoint","urlTemplate":"https:\/\/simhero.com\/es\/?s={search_term_string}"},"query-input":{"@type":"PropertyValueSpecification","valueRequired":true,"valueName":"search_term_string"}}],"inLanguage":"es"}]}},"_links":{"self":[{"href":"https:\/\/simhero.com\/es\/wp-json\/wp\/v2\/pages\/3649"}],"collection":[{"href":"https:\/\/simhero.com\/es\/wp-json\/wp\/v2\/pages"}],"about":[{"href":"https:\/\/simhero.com\/es\/wp-json\/wp\/v2\/types\/page"}],"author":[{"embeddable":true,"href":"https:\/\/simhero.com\/es\/wp-json\/wp\/v2\/users\/2"}],"replies":[{"embeddable":true,"href":"https:\/\/simhero.com\/es\/wp-json\/wp\/v2\/comments?post=3649"}],"version-history":[{"count":4,"href":"https:\/\/simhero.com\/es\/wp-json\/wp\/v2\/pages\/3649\/revisions"}],"predecessor-version":[{"id":4350,"href":"https:\/\/simhero.com\/es\/wp-json\/wp\/v2\/pages\/3649\/revisions\/4350"}],"up":[{"embeddable":true,"href":"https:\/\/simhero.com\/es\/wp-json\/wp\/v2\/pages\/3523"}],"wp:attachment":[{"href":"https:\/\/simhero.com\/es\/wp-json\/wp\/v2\/media?parent=3649"}],"curies":[{"name":"wp","href":"https:\/\/api.w.org\/{rel}","templated":true}]}}