{"id":3596,"date":"2020-11-25T14:04:46","date_gmt":"2020-11-25T13:04:46","guid":{"rendered":"http:\/\/3.65.206.27\/?page_id=3596"},"modified":"2021-01-19T09:57:37","modified_gmt":"2021-01-19T08:57:37","slug":"cobertura-mundial","status":"publish","type":"page","link":"https:\/\/simhero.com\/es\/empresa\/nuestra-tecnologia\/cobertura-mundial\/","title":{"rendered":"Cobertura mundial"},"content":{"rendered":"\t\t<div data-elementor-type=\"wp-page\" data-elementor-id=\"3596\" class=\"elementor elementor-3596 elementor-400\" data-elementor-post-type=\"page\">\n\t\t\t\t\t\t<section class=\"elementor-section elementor-top-section elementor-element elementor-element-5e776428 elementor-section-height-min-height elementor-section-boxed elementor-section-height-default elementor-section-items-middle\" data-id=\"5e776428\" data-element_type=\"section\" data-settings=\"{&quot;background_background&quot;:&quot;classic&quot;}\">\n\t\t\t\t\t\t\t<div class=\"elementor-background-overlay\"><\/div>\n\t\t\t\t\t\t\t<div class=\"elementor-container elementor-column-gap-default\">\n\t\t\t\t\t<div class=\"elementor-column elementor-col-100 elementor-top-column elementor-element elementor-element-4cf8ed47\" data-id=\"4cf8ed47\" data-element_type=\"column\">\n\t\t\t<div class=\"elementor-widget-wrap elementor-element-populated\">\n\t\t\t\t\t\t<div class=\"elementor-element elementor-element-180f5f4f elementor-widget elementor-widget-heading\" data-id=\"180f5f4f\" data-element_type=\"widget\" data-widget_type=\"heading.default\">\n\t\t\t\t<div class=\"elementor-widget-container\">\n\t\t\t<h1 class=\"elementor-heading-title elementor-size-default\">Cobertura mundial\n<\/h1>\t\t<\/div>\n\t\t\t\t<\/div>\n\t\t\t\t\t<\/div>\n\t\t<\/div>\n\t\t\t\t\t<\/div>\n\t\t<\/section>\n\t\t\t\t<section class=\"elementor-section elementor-top-section elementor-element elementor-element-3f664284 elementor-section-boxed elementor-section-height-default elementor-section-height-default\" data-id=\"3f664284\" data-element_type=\"section\">\n\t\t\t\t\t\t<div class=\"elementor-container elementor-column-gap-default\">\n\t\t\t\t\t<div class=\"elementor-column elementor-col-100 elementor-top-column elementor-element elementor-element-4f9fcad1\" data-id=\"4f9fcad1\" data-element_type=\"column\">\n\t\t\t<div class=\"elementor-widget-wrap elementor-element-populated\">\n\t\t\t\t\t\t<div class=\"elementor-element elementor-element-26a390a7 elementor-widget elementor-widget-heading\" data-id=\"26a390a7\" data-element_type=\"widget\" data-widget_type=\"heading.default\">\n\t\t\t\t<div class=\"elementor-widget-container\">\n\t\t\t<h2 class=\"elementor-heading-title elementor-size-default\">La empresa adecuada para tu aventura<\/h2>\t\t<\/div>\n\t\t\t\t<\/div>\n\t\t\t\t<div class=\"elementor-element elementor-element-2c361763 elementor-widget elementor-widget-text-editor\" data-id=\"2c361763\" data-element_type=\"widget\" data-widget_type=\"text-editor.default\">\n\t\t\t\t<div class=\"elementor-widget-container\">\n\t\t\t\t\t\t\t<p><span lang=\"es-ES\">\u00a1Nunca estar\u00e1s solo! simHERO ha creado alianzas con los operadores m\u00e1s prestigiosos del mundo para que nuestros clientes tengan acceso a m\u00e1s de 400 redes y la mejor conectividad a IoT posible. Incorporamos continuamente nuevos socios comerciales a nuestros servicios, porque creemos que estas alianzas son cruciales para mejorar nuestros servicios de alta calidad. simHERO colabora con los siguientes operadores: <br \/><\/span><\/p>\t\t\t\t\t\t<\/div>\n\t\t\t\t<\/div>\n\t\t\t\t\t<\/div>\n\t\t<\/div>\n\t\t\t\t\t<\/div>\n\t\t<\/section>\n\t\t\t\t<section class=\"elementor-section elementor-top-section elementor-element elementor-element-a83f6ae elementor-section-boxed elementor-section-height-default elementor-section-height-default\" data-id=\"a83f6ae\" data-element_type=\"section\">\n\t\t\t\t\t\t<div class=\"elementor-container elementor-column-gap-wider\">\n\t\t\t\t\t<div class=\"elementor-column elementor-col-50 elementor-top-column elementor-element elementor-element-9bbb668\" data-id=\"9bbb668\" data-element_type=\"column\">\n\t\t\t<div class=\"elementor-widget-wrap elementor-element-populated\">\n\t\t\t\t\t\t<div class=\"elementor-element elementor-element-a7a7975 elementor-widget elementor-widget-image\" data-id=\"a7a7975\" data-element_type=\"widget\" data-widget_type=\"image.default\">\n\t\t\t\t<div class=\"elementor-widget-container\">\n\t\t\t\t\t\t\t\t\t\t\t\t\t\t<a href=\"https:\/\/www.a1.digital\/at\/\" target=\"_blank\">\n\t\t\t\t\t\t\t<img decoding=\"async\" width=\"141\" height=\"100\" src=\"https:\/\/simhero.com\/wp-content\/uploads\/2020\/07\/A1_Digital.png\" class=\"attachment-full size-full wp-image-3598\" alt=\"\" \/>\t\t\t\t\t\t\t\t<\/a>\n\t\t\t\t\t\t\t\t\t\t\t\t\t<\/div>\n\t\t\t\t<\/div>\n\t\t\t\t<div class=\"elementor-element elementor-element-16f2ba3 elementor-widget elementor-widget-text-editor\" data-id=\"16f2ba3\" data-element_type=\"widget\" data-widget_type=\"text-editor.default\">\n\t\t\t\t<div class=\"elementor-widget-container\">\n\t\t\t\t\t\t\tA1 Telekom Austria es el proveedor de comunicaciones l\u00edder en Austria, con sede en Viena. A trav\u00e9s de la red del operador, simHERO conecta con 406 redes de 2G, 3G, 4G, LTE y NB-IoT.\t\t\t\t\t\t<\/div>\n\t\t\t\t<\/div>\n\t\t\t\t\t<\/div>\n\t\t<\/div>\n\t\t\t\t<div class=\"elementor-column elementor-col-50 elementor-top-column elementor-element elementor-element-439acf9\" data-id=\"439acf9\" data-element_type=\"column\">\n\t\t\t<div class=\"elementor-widget-wrap elementor-element-populated\">\n\t\t\t\t\t\t<div class=\"elementor-element elementor-element-5223e4d elementor-widget elementor-widget-image\" data-id=\"5223e4d\" data-element_type=\"widget\" data-widget_type=\"image.default\">\n\t\t\t\t<div class=\"elementor-widget-container\">\n\t\t\t\t\t\t\t\t\t\t\t\t\t\t<a href=\"https:\/\/arqia.com.br\/\" target=\"_blank\">\n\t\t\t\t\t\t\t<img decoding=\"async\" width=\"200\" height=\"100\" src=\"https:\/\/simhero.com\/wp-content\/uploads\/2020\/07\/logo-arqia-dados.png\" class=\"attachment-full size-full wp-image-3599\" alt=\"\" \/>\t\t\t\t\t\t\t\t<\/a>\n\t\t\t\t\t\t\t\t\t\t\t\t\t<\/div>\n\t\t\t\t<\/div>\n\t\t\t\t<div class=\"elementor-element elementor-element-c883508 elementor-widget elementor-widget-text-editor\" data-id=\"c883508\" data-element_type=\"widget\" data-widget_type=\"text-editor.default\">\n\t\t\t\t<div class=\"elementor-widget-container\">\n\t\t\t\t\t\t\tArquia Datora es nuestro primer socio de red de Am\u00e9rica del Sur, con sede en Sao Paulo (Brasil). Gracias a esta alianza, simHERO ofrece 2G, 3G, 4G y LTE en Brasil a trav\u00e9s de las redes de TIM y VIVO.\t\t\t\t\t\t<\/div>\n\t\t\t\t<\/div>\n\t\t\t\t<section class=\"elementor-section elementor-inner-section elementor-element elementor-element-535a7d8 elementor-section-content-middle elementor-section-boxed elementor-section-height-default elementor-section-height-default\" data-id=\"535a7d8\" data-element_type=\"section\">\n\t\t\t\t\t\t<div class=\"elementor-container elementor-column-gap-default\">\n\t\t\t\t\t<div class=\"elementor-column elementor-col-50 elementor-inner-column elementor-element elementor-element-61bf881\" data-id=\"61bf881\" data-element_type=\"column\">\n\t\t\t<div class=\"elementor-widget-wrap\">\n\t\t\t\t\t\t\t<\/div>\n\t\t<\/div>\n\t\t\t\t<div class=\"elementor-column elementor-col-50 elementor-inner-column elementor-element elementor-element-d624153\" data-id=\"d624153\" data-element_type=\"column\">\n\t\t\t<div class=\"elementor-widget-wrap\">\n\t\t\t\t\t\t\t<\/div>\n\t\t<\/div>\n\t\t\t\t\t<\/div>\n\t\t<\/section>\n\t\t\t\t\t<\/div>\n\t\t<\/div>\n\t\t\t\t\t<\/div>\n\t\t<\/section>\n\t\t\t\t<section class=\"elementor-section elementor-top-section elementor-element elementor-element-b6a46cf elementor-section-boxed elementor-section-height-default elementor-section-height-default\" data-id=\"b6a46cf\" data-element_type=\"section\">\n\t\t\t\t\t\t<div class=\"elementor-container elementor-column-gap-wider\">\n\t\t\t\t\t<div class=\"elementor-column elementor-col-50 elementor-top-column elementor-element elementor-element-e1190bb\" data-id=\"e1190bb\" data-element_type=\"column\">\n\t\t\t<div class=\"elementor-widget-wrap elementor-element-populated\">\n\t\t\t\t\t\t<div class=\"elementor-element elementor-element-d7ba01a elementor-widget elementor-widget-image\" data-id=\"d7ba01a\" data-element_type=\"widget\" data-widget_type=\"image.default\">\n\t\t\t\t<div class=\"elementor-widget-container\">\n\t\t\t\t\t\t\t\t\t\t\t\t\t\t<a href=\"https:\/\/www.kpn.com\/\" target=\"_blank\">\n\t\t\t\t\t\t\t<img decoding=\"async\" width=\"132\" height=\"100\" src=\"https:\/\/simhero.com\/wp-content\/uploads\/2020\/07\/kpn.png\" class=\"attachment-large size-large wp-image-3601\" alt=\"\" \/>\t\t\t\t\t\t\t\t<\/a>\n\t\t\t\t\t\t\t\t\t\t\t\t\t<\/div>\n\t\t\t\t<\/div>\n\t\t\t\t<div class=\"elementor-element elementor-element-33c15f9 elementor-widget elementor-widget-text-editor\" data-id=\"33c15f9\" data-element_type=\"widget\" data-widget_type=\"text-editor.default\">\n\t\t\t\t<div class=\"elementor-widget-container\">\n\t\t\t\t\t\t\tKPN es un operador neerland\u00e9s de telecomunicaciones fijas y m\u00f3viles con sede en Rotterdam. simHERO da acceso a 461 redes y ofrece servicios de 2G, 3G, 4G, LTE y LTE CatM1.\t\t\t\t\t\t<\/div>\n\t\t\t\t<\/div>\n\t\t\t\t\t<\/div>\n\t\t<\/div>\n\t\t\t\t<div class=\"elementor-column elementor-col-50 elementor-top-column elementor-element elementor-element-f5a81dc\" data-id=\"f5a81dc\" data-element_type=\"column\">\n\t\t\t<div class=\"elementor-widget-wrap elementor-element-populated\">\n\t\t\t\t\t\t<div class=\"elementor-element elementor-element-aa99e8f elementor-widget elementor-widget-image\" data-id=\"aa99e8f\" data-element_type=\"widget\" data-widget_type=\"image.default\">\n\t\t\t\t<div class=\"elementor-widget-container\">\n\t\t\t\t\t\t\t\t\t\t\t\t\t\t<a href=\"https:\/\/www.magenta.at\/\" target=\"_blank\">\n\t\t\t\t\t\t\t<img loading=\"lazy\" decoding=\"async\" width=\"159\" height=\"100\" src=\"https:\/\/simhero.com\/wp-content\/uploads\/2020\/07\/Logo_Magenta_Business-svg.png\" class=\"attachment-large size-large wp-image-3602\" alt=\"\" \/>\t\t\t\t\t\t\t\t<\/a>\n\t\t\t\t\t\t\t\t\t\t\t\t\t<\/div>\n\t\t\t\t<\/div>\n\t\t\t\t<div class=\"elementor-element elementor-element-402090a elementor-widget elementor-widget-text-editor\" data-id=\"402090a\" data-element_type=\"widget\" data-widget_type=\"text-editor.default\">\n\t\t\t\t<div class=\"elementor-widget-container\">\n\t\t\t\t\t\t\tMagenta es un operador austr\u00edaco de telecomunicaciones, filial al 100% de Deutsche Telekom AG (Alemania). Esta alianza permite a simHERO ofrecer acceso a 524 redes de 2G, 3G, 4G y NB IoT.\t\t\t\t\t\t<\/div>\n\t\t\t\t<\/div>\n\t\t\t\t\t<\/div>\n\t\t<\/div>\n\t\t\t\t\t<\/div>\n\t\t<\/section>\n\t\t\t\t<section class=\"elementor-section elementor-top-section elementor-element elementor-element-880da91 elementor-section-boxed elementor-section-height-default elementor-section-height-default\" data-id=\"880da91\" data-element_type=\"section\">\n\t\t\t\t\t\t<div class=\"elementor-container elementor-column-gap-wider\">\n\t\t\t\t\t<div class=\"elementor-column elementor-col-50 elementor-top-column elementor-element elementor-element-090f2e9\" data-id=\"090f2e9\" data-element_type=\"column\">\n\t\t\t<div class=\"elementor-widget-wrap elementor-element-populated\">\n\t\t\t\t\t\t<div class=\"elementor-element elementor-element-9e538fc elementor-widget elementor-widget-image\" data-id=\"9e538fc\" data-element_type=\"widget\" data-widget_type=\"image.default\">\n\t\t\t\t<div class=\"elementor-widget-container\">\n\t\t\t\t\t\t\t\t\t\t\t\t\t\t<a href=\"https:\/\/www.vodafone.com\/\" target=\"_blank\">\n\t\t\t\t\t\t\t<img loading=\"lazy\" decoding=\"async\" width=\"80\" height=\"80\" src=\"https:\/\/simhero.com\/wp-content\/uploads\/2020\/05\/surface-e1588843842261.png\" class=\"attachment-large size-large wp-image-3513\" alt=\"\" \/>\t\t\t\t\t\t\t\t<\/a>\n\t\t\t\t\t\t\t\t\t\t\t\t\t<\/div>\n\t\t\t\t<\/div>\n\t\t\t\t<div class=\"elementor-element elementor-element-c4663db elementor-widget elementor-widget-text-editor\" data-id=\"c4663db\" data-element_type=\"widget\" data-widget_type=\"text-editor.default\">\n\t\t\t\t<div class=\"elementor-widget-container\">\n\t\t\t\t\t\t\tVodafone es un l\u00edder mundial en comunicaciones tecnol\u00f3gicas con sede en Newbury (Reino Unido). Como socio oficial de Vodafone, simHERO ofrece acceso a 680 redes de 2G, 3G, 4G, LTE, LTE CatM1 y NB-IoT.\t\t\t\t\t\t<\/div>\n\t\t\t\t<\/div>\n\t\t\t\t\t<\/div>\n\t\t<\/div>\n\t\t\t\t<div class=\"elementor-column elementor-col-50 elementor-top-column elementor-element elementor-element-191cdc8\" data-id=\"191cdc8\" data-element_type=\"column\">\n\t\t\t<div class=\"elementor-widget-wrap\">\n\t\t\t\t\t\t\t<\/div>\n\t\t<\/div>\n\t\t\t\t\t<\/div>\n\t\t<\/section>\n\t\t\t\t<\/div>\n\t\t","protected":false},"excerpt":{"rendered":"<p>Cobertura mundial La empresa adecuada para tu aventura \u00a1Nunca estar\u00e1s solo! simHERO ha creado alianzas con los operadores m\u00e1s prestigiosos del mundo para que nuestros clientes tengan acceso a m\u00e1s de 400 redes y la mejor conectividad a IoT posible. Incorporamos continuamente nuevos socios comerciales a nuestros servicios, porque creemos que estas alianzas son cruciales [&hellip;]<\/p>\n","protected":false},"author":2,"featured_media":0,"parent":3523,"menu_order":0,"comment_status":"closed","ping_status":"closed","template":"elementor_header_footer","meta":{"footnotes":""},"yoast_head":"<!-- This site is optimized with the Yoast SEO plugin v23.4 - https:\/\/yoast.com\/wordpress\/plugins\/seo\/ -->\n<title>Cobertura mundial - simHERO<\/title>\n<meta name=\"robots\" content=\"index, follow, max-snippet:-1, max-image-preview:large, max-video-preview:-1\" \/>\n<link rel=\"canonical\" href=\"https:\/\/simhero.com\/es\/empresa\/nuestra-tecnologia\/cobertura-mundial\/\" \/>\n<meta property=\"og:locale\" content=\"es_ES\" \/>\n<meta property=\"og:type\" content=\"article\" \/>\n<meta property=\"og:title\" content=\"Cobertura mundial - simHERO\" \/>\n<meta property=\"og:description\" content=\"Cobertura mundial La empresa adecuada para tu aventura \u00a1Nunca estar\u00e1s solo! simHERO ha creado alianzas con los operadores m\u00e1s prestigiosos del mundo para que nuestros clientes tengan acceso a m\u00e1s de 400 redes y la mejor conectividad a IoT posible. Incorporamos continuamente nuevos socios comerciales a nuestros servicios, porque creemos que estas alianzas son cruciales [&hellip;]\" \/>\n<meta property=\"og:url\" content=\"https:\/\/simhero.com\/es\/empresa\/nuestra-tecnologia\/cobertura-mundial\/\" \/>\n<meta property=\"og:site_name\" content=\"simHERO\" \/>\n<meta property=\"article:publisher\" content=\"https:\/\/www.facebook.com\/freeewaysimhero\/\" \/>\n<meta property=\"article:modified_time\" content=\"2021-01-19T08:57:37+00:00\" \/>\n<meta property=\"og:image\" content=\"http:\/\/3.65.206.27\/wp-content\/uploads\/2020\/07\/A1_Digital.png\" \/>\n<meta name=\"twitter:card\" content=\"summary_large_image\" \/>\n<meta name=\"twitter:label1\" content=\"Tiempo de lectura\" \/>\n\t<meta name=\"twitter:data1\" content=\"1 minuto\" \/>\n<script type=\"application\/ld+json\" class=\"yoast-schema-graph\">{\"@context\":\"https:\/\/schema.org\",\"@graph\":[{\"@type\":\"WebPage\",\"@id\":\"https:\/\/simhero.com\/es\/empresa\/nuestra-tecnologia\/cobertura-mundial\/\",\"url\":\"https:\/\/simhero.com\/es\/empresa\/nuestra-tecnologia\/cobertura-mundial\/\",\"name\":\"Cobertura mundial - simHERO\",\"isPartOf\":{\"@id\":\"https:\/\/simhero.com\/es\/#website\"},\"primaryImageOfPage\":{\"@id\":\"https:\/\/simhero.com\/es\/empresa\/nuestra-tecnologia\/cobertura-mundial\/#primaryimage\"},\"image\":{\"@id\":\"https:\/\/simhero.com\/es\/empresa\/nuestra-tecnologia\/cobertura-mundial\/#primaryimage\"},\"thumbnailUrl\":\"http:\/\/3.65.206.27\/wp-content\/uploads\/2020\/07\/A1_Digital.png\",\"datePublished\":\"2020-11-25T13:04:46+00:00\",\"dateModified\":\"2021-01-19T08:57:37+00:00\",\"breadcrumb\":{\"@id\":\"https:\/\/simhero.com\/es\/empresa\/nuestra-tecnologia\/cobertura-mundial\/#breadcrumb\"},\"inLanguage\":\"es\",\"potentialAction\":[{\"@type\":\"ReadAction\",\"target\":[\"https:\/\/simhero.com\/es\/empresa\/nuestra-tecnologia\/cobertura-mundial\/\"]}]},{\"@type\":\"ImageObject\",\"inLanguage\":\"es\",\"@id\":\"https:\/\/simhero.com\/es\/empresa\/nuestra-tecnologia\/cobertura-mundial\/#primaryimage\",\"url\":\"http:\/\/3.65.206.27\/wp-content\/uploads\/2020\/07\/A1_Digital.png\",\"contentUrl\":\"http:\/\/3.65.206.27\/wp-content\/uploads\/2020\/07\/A1_Digital.png\"},{\"@type\":\"BreadcrumbList\",\"@id\":\"https:\/\/simhero.com\/es\/empresa\/nuestra-tecnologia\/cobertura-mundial\/#breadcrumb\",\"itemListElement\":[{\"@type\":\"ListItem\",\"position\":1,\"name\":\"Portada\",\"item\":\"http:\/\/simhero.com\/es\/\"},{\"@type\":\"ListItem\",\"position\":2,\"name\":\"Empresa\",\"item\":\"http:\/\/simhero.com\/es\/empresa\/\"},{\"@type\":\"ListItem\",\"position\":3,\"name\":\"Nuestra tecnolog\u00eda\",\"item\":\"https:\/\/simhero.com\/es\/empresa\/nuestra-tecnologia\/\"},{\"@type\":\"ListItem\",\"position\":4,\"name\":\"Cobertura mundial\"}]},{\"@type\":\"WebSite\",\"@id\":\"https:\/\/simhero.com\/es\/#website\",\"url\":\"https:\/\/simhero.com\/es\/\",\"name\":\"simHERO\",\"description\":\"\",\"potentialAction\":[{\"@type\":\"SearchAction\",\"target\":{\"@type\":\"EntryPoint\",\"urlTemplate\":\"https:\/\/simhero.com\/es\/?s={search_term_string}\"},\"query-input\":{\"@type\":\"PropertyValueSpecification\",\"valueRequired\":true,\"valueName\":\"search_term_string\"}}],\"inLanguage\":\"es\"}]}<\/script>\n<!-- \/ Yoast SEO plugin. -->","yoast_head_json":{"title":"Cobertura mundial - simHERO","robots":{"index":"index","follow":"follow","max-snippet":"max-snippet:-1","max-image-preview":"max-image-preview:large","max-video-preview":"max-video-preview:-1"},"canonical":"https:\/\/simhero.com\/es\/empresa\/nuestra-tecnologia\/cobertura-mundial\/","og_locale":"es_ES","og_type":"article","og_title":"Cobertura mundial - simHERO","og_description":"Cobertura mundial La empresa adecuada para tu aventura \u00a1Nunca estar\u00e1s solo! simHERO ha creado alianzas con los operadores m\u00e1s prestigiosos del mundo para que nuestros clientes tengan acceso a m\u00e1s de 400 redes y la mejor conectividad a IoT posible. Incorporamos continuamente nuevos socios comerciales a nuestros servicios, porque creemos que estas alianzas son cruciales [&hellip;]","og_url":"https:\/\/simhero.com\/es\/empresa\/nuestra-tecnologia\/cobertura-mundial\/","og_site_name":"simHERO","article_publisher":"https:\/\/www.facebook.com\/freeewaysimhero\/","article_modified_time":"2021-01-19T08:57:37+00:00","og_image":[{"url":"http:\/\/3.65.206.27\/wp-content\/uploads\/2020\/07\/A1_Digital.png"}],"twitter_card":"summary_large_image","twitter_misc":{"Tiempo de lectura":"1 minuto"},"schema":{"@context":"https:\/\/schema.org","@graph":[{"@type":"WebPage","@id":"https:\/\/simhero.com\/es\/empresa\/nuestra-tecnologia\/cobertura-mundial\/","url":"https:\/\/simhero.com\/es\/empresa\/nuestra-tecnologia\/cobertura-mundial\/","name":"Cobertura mundial - simHERO","isPartOf":{"@id":"https:\/\/simhero.com\/es\/#website"},"primaryImageOfPage":{"@id":"https:\/\/simhero.com\/es\/empresa\/nuestra-tecnologia\/cobertura-mundial\/#primaryimage"},"image":{"@id":"https:\/\/simhero.com\/es\/empresa\/nuestra-tecnologia\/cobertura-mundial\/#primaryimage"},"thumbnailUrl":"http:\/\/3.65.206.27\/wp-content\/uploads\/2020\/07\/A1_Digital.png","datePublished":"2020-11-25T13:04:46+00:00","dateModified":"2021-01-19T08:57:37+00:00","breadcrumb":{"@id":"https:\/\/simhero.com\/es\/empresa\/nuestra-tecnologia\/cobertura-mundial\/#breadcrumb"},"inLanguage":"es","potentialAction":[{"@type":"ReadAction","target":["https:\/\/simhero.com\/es\/empresa\/nuestra-tecnologia\/cobertura-mundial\/"]}]},{"@type":"ImageObject","inLanguage":"es","@id":"https:\/\/simhero.com\/es\/empresa\/nuestra-tecnologia\/cobertura-mundial\/#primaryimage","url":"http:\/\/3.65.206.27\/wp-content\/uploads\/2020\/07\/A1_Digital.png","contentUrl":"http:\/\/3.65.206.27\/wp-content\/uploads\/2020\/07\/A1_Digital.png"},{"@type":"BreadcrumbList","@id":"https:\/\/simhero.com\/es\/empresa\/nuestra-tecnologia\/cobertura-mundial\/#breadcrumb","itemListElement":[{"@type":"ListItem","position":1,"name":"Portada","item":"http:\/\/simhero.com\/es\/"},{"@type":"ListItem","position":2,"name":"Empresa","item":"http:\/\/simhero.com\/es\/empresa\/"},{"@type":"ListItem","position":3,"name":"Nuestra tecnolog\u00eda","item":"https:\/\/simhero.com\/es\/empresa\/nuestra-tecnologia\/"},{"@type":"ListItem","position":4,"name":"Cobertura mundial"}]},{"@type":"WebSite","@id":"https:\/\/simhero.com\/es\/#website","url":"https:\/\/simhero.com\/es\/","name":"simHERO","description":"","potentialAction":[{"@type":"SearchAction","target":{"@type":"EntryPoint","urlTemplate":"https:\/\/simhero.com\/es\/?s={search_term_string}"},"query-input":{"@type":"PropertyValueSpecification","valueRequired":true,"valueName":"search_term_string"}}],"inLanguage":"es"}]}},"_links":{"self":[{"href":"https:\/\/simhero.com\/es\/wp-json\/wp\/v2\/pages\/3596"}],"collection":[{"href":"https:\/\/simhero.com\/es\/wp-json\/wp\/v2\/pages"}],"about":[{"href":"https:\/\/simhero.com\/es\/wp-json\/wp\/v2\/types\/page"}],"author":[{"embeddable":true,"href":"https:\/\/simhero.com\/es\/wp-json\/wp\/v2\/users\/2"}],"replies":[{"embeddable":true,"href":"https:\/\/simhero.com\/es\/wp-json\/wp\/v2\/comments?post=3596"}],"version-history":[{"count":7,"href":"https:\/\/simhero.com\/es\/wp-json\/wp\/v2\/pages\/3596\/revisions"}],"predecessor-version":[{"id":4943,"href":"https:\/\/simhero.com\/es\/wp-json\/wp\/v2\/pages\/3596\/revisions\/4943"}],"up":[{"embeddable":true,"href":"https:\/\/simhero.com\/es\/wp-json\/wp\/v2\/pages\/3523"}],"wp:attachment":[{"href":"https:\/\/simhero.com\/es\/wp-json\/wp\/v2\/media?parent=3596"}],"curies":[{"name":"wp","href":"https:\/\/api.w.org\/{rel}","templated":true}]}}