{"id":3353,"date":"2020-11-24T20:03:19","date_gmt":"2020-11-24T19:03:19","guid":{"rendered":"http:\/\/3.65.206.27\/?page_id=3353"},"modified":"2020-11-25T15:44:41","modified_gmt":"2020-11-25T14:44:41","slug":"camaras-de-rastreo","status":"publish","type":"page","link":"https:\/\/simhero.com\/es\/casos-practicos\/camaras-de-rastreo\/","title":{"rendered":"c\u00e1maras de rastreo"},"content":{"rendered":"\t\t<div data-elementor-type=\"wp-page\" data-elementor-id=\"3353\" class=\"elementor elementor-3353 elementor-1554\" data-elementor-post-type=\"page\">\n\t\t\t\t\t\t<section class=\"elementor-section elementor-top-section elementor-element elementor-element-74b192ea elementor-section-height-min-height elementor-section-boxed elementor-section-height-default elementor-section-items-middle\" data-id=\"74b192ea\" data-element_type=\"section\" data-settings=\"{&quot;background_background&quot;:&quot;classic&quot;}\">\n\t\t\t\t\t\t\t<div class=\"elementor-background-overlay\"><\/div>\n\t\t\t\t\t\t\t<div class=\"elementor-container elementor-column-gap-default\">\n\t\t\t\t\t<div class=\"elementor-column elementor-col-100 elementor-top-column elementor-element elementor-element-35013899\" data-id=\"35013899\" data-element_type=\"column\">\n\t\t\t<div class=\"elementor-widget-wrap elementor-element-populated\">\n\t\t\t\t\t\t<div class=\"elementor-element elementor-element-55420add elementor-widget elementor-widget-heading\" data-id=\"55420add\" data-element_type=\"widget\" data-widget_type=\"heading.default\">\n\t\t\t\t<div class=\"elementor-widget-container\">\n\t\t\t<h1 class=\"elementor-heading-title elementor-size-default\">C\u00c1MARAS DE RASTREO simHERO<\/h1>\t\t<\/div>\n\t\t\t\t<\/div>\n\t\t\t\t\t<\/div>\n\t\t<\/div>\n\t\t\t\t\t<\/div>\n\t\t<\/section>\n\t\t\t\t<section class=\"elementor-section elementor-top-section elementor-element elementor-element-47dda70c elementor-section-boxed elementor-section-height-default elementor-section-height-default\" data-id=\"47dda70c\" data-element_type=\"section\">\n\t\t\t\t\t\t<div class=\"elementor-container elementor-column-gap-default\">\n\t\t\t\t\t<div class=\"elementor-column elementor-col-100 elementor-top-column elementor-element elementor-element-3fa512a3\" data-id=\"3fa512a3\" data-element_type=\"column\">\n\t\t\t<div class=\"elementor-widget-wrap elementor-element-populated\">\n\t\t\t\t\t\t<div class=\"elementor-element elementor-element-35fcda57 elementor-widget elementor-widget-heading\" data-id=\"35fcda57\" data-element_type=\"widget\" data-widget_type=\"heading.default\">\n\t\t\t\t<div class=\"elementor-widget-container\">\n\t\t\t<h2 class=\"elementor-heading-title elementor-size-default\">Tarjetas SIM simHERO para IoT en c\u00e1maras de rastreo<\/h2>\t\t<\/div>\n\t\t\t\t<\/div>\n\t\t\t\t<div class=\"elementor-element elementor-element-5d6572de elementor-widget elementor-widget-text-editor\" data-id=\"5d6572de\" data-element_type=\"widget\" data-widget_type=\"text-editor.default\">\n\t\t\t\t<div class=\"elementor-widget-container\">\n\t\t\t\t\t\t\t<p><span lang=\"es-ES\">La tarjeta SIM de simHERO para IoT ha tenido un impacto notable en el sector de las c\u00e1maras de rastreo y es una de las tarjetas SIM preferidas para c\u00e1maras de rastreo a nivel mundial. He aqu\u00ed algunos de los motivos por los que los cazadores conf\u00edan en simHERO:<\/span><\/p>\t\t\t\t\t\t<\/div>\n\t\t\t\t<\/div>\n\t\t\t\t\t<\/div>\n\t\t<\/div>\n\t\t\t\t\t<\/div>\n\t\t<\/section>\n\t\t\t\t<section class=\"elementor-section elementor-top-section elementor-element elementor-element-11a50b7a elementor-section-content-middle elementor-section-boxed elementor-section-height-default elementor-section-height-default\" data-id=\"11a50b7a\" data-element_type=\"section\">\n\t\t\t\t\t\t<div class=\"elementor-container elementor-column-gap-wider\">\n\t\t\t\t\t<div class=\"elementor-column elementor-col-50 elementor-top-column elementor-element elementor-element-12f7176b\" data-id=\"12f7176b\" data-element_type=\"column\">\n\t\t\t<div class=\"elementor-widget-wrap elementor-element-populated\">\n\t\t\t\t\t\t<div class=\"elementor-element elementor-element-642bb9a4 elementor-widget elementor-widget-image\" data-id=\"642bb9a4\" data-element_type=\"widget\" data-widget_type=\"image.default\">\n\t\t\t\t<div class=\"elementor-widget-container\">\n\t\t\t\t\t\t\t\t\t\t\t\t\t<img fetchpriority=\"high\" decoding=\"async\" width=\"800\" height=\"534\" src=\"https:\/\/simhero.com\/wp-content\/uploads\/2020\/07\/trail-camera-stay-on-track.jpg\" class=\"attachment-large size-large wp-image-3775\" alt=\"\" srcset=\"https:\/\/simhero.com\/wp-content\/uploads\/2020\/07\/trail-camera-stay-on-track.jpg 1000w, https:\/\/simhero.com\/wp-content\/uploads\/2020\/07\/trail-camera-stay-on-track-300x200.jpg 300w, https:\/\/simhero.com\/wp-content\/uploads\/2020\/07\/trail-camera-stay-on-track-768x512.jpg 768w\" sizes=\"(max-width: 800px) 100vw, 800px\" \/>\t\t\t\t\t\t\t\t\t\t\t\t\t<\/div>\n\t\t\t\t<\/div>\n\t\t\t\t\t<\/div>\n\t\t<\/div>\n\t\t\t\t<div class=\"elementor-column elementor-col-50 elementor-top-column elementor-element elementor-element-4f2c9d30\" data-id=\"4f2c9d30\" data-element_type=\"column\">\n\t\t\t<div class=\"elementor-widget-wrap elementor-element-populated\">\n\t\t\t\t\t\t<div class=\"elementor-element elementor-element-6340d426 elementor-widget elementor-widget-heading\" data-id=\"6340d426\" data-element_type=\"widget\" data-widget_type=\"heading.default\">\n\t\t\t\t<div class=\"elementor-widget-container\">\n\t\t\t<h3 class=\"elementor-heading-title elementor-size-default\">Sigue la pista<\/h3>\t\t<\/div>\n\t\t\t\t<\/div>\n\t\t\t\t<div class=\"elementor-element elementor-element-38a37a03 elementor-widget elementor-widget-heading\" data-id=\"38a37a03\" data-element_type=\"widget\" data-widget_type=\"heading.default\">\n\t\t\t\t<div class=\"elementor-widget-container\">\n\t\t\t<h2 class=\"elementor-heading-title elementor-size-default\">Aqu\u00ed tengo una barra de se\u00f1al<\/h2>\t\t<\/div>\n\t\t\t\t<\/div>\n\t\t\t\t<div class=\"elementor-element elementor-element-8f0ba70 elementor-widget elementor-widget-text-editor\" data-id=\"8f0ba70\" data-element_type=\"widget\" data-widget_type=\"text-editor.default\">\n\t\t\t\t<div class=\"elementor-widget-container\">\n\t\t\t\t\t\t\t<p><span lang=\"es-ES\">La tarjeta SIM de simHERO para IoT se caracteriza generalmente por conectarse a la red m\u00e1s potente disponible, cambiando a la siguiente red disponible as\u00ed que pierde la se\u00f1al de la red anterior. Sobre todo en zonas boscosas, donde la cobertura es inestable, simHERO es capaz de mantener la c\u00e1mara de rastreo conectada para no perder de vista ning\u00fan movimiento en la zona.<\/span><\/p>\t\t\t\t\t\t<\/div>\n\t\t\t\t<\/div>\n\t\t\t\t\t<\/div>\n\t\t<\/div>\n\t\t\t\t\t<\/div>\n\t\t<\/section>\n\t\t\t\t<section class=\"elementor-section elementor-top-section elementor-element elementor-element-407ddedc elementor-section-content-middle elementor-reverse-mobile elementor-section-boxed elementor-section-height-default elementor-section-height-default\" data-id=\"407ddedc\" data-element_type=\"section\">\n\t\t\t\t\t\t<div class=\"elementor-container elementor-column-gap-wider\">\n\t\t\t\t\t<div class=\"elementor-column elementor-col-50 elementor-top-column elementor-element elementor-element-4977cc4e\" data-id=\"4977cc4e\" data-element_type=\"column\">\n\t\t\t<div class=\"elementor-widget-wrap elementor-element-populated\">\n\t\t\t\t\t\t<div class=\"elementor-element elementor-element-2f279e49 elementor-widget elementor-widget-heading\" data-id=\"2f279e49\" data-element_type=\"widget\" data-widget_type=\"heading.default\">\n\t\t\t\t<div class=\"elementor-widget-container\">\n\t\t\t<h3 class=\"elementor-heading-title elementor-size-default\">Sin l\u00edmites<\/h3>\t\t<\/div>\n\t\t\t\t<\/div>\n\t\t\t\t<div class=\"elementor-element elementor-element-4bf944c3 elementor-widget elementor-widget-heading\" data-id=\"4bf944c3\" data-element_type=\"widget\" data-widget_type=\"heading.default\">\n\t\t\t\t<div class=\"elementor-widget-container\">\n\t\t\t<h2 class=\"elementor-heading-title elementor-size-default\">El l\u00edmite es el cielo, no una frontera<\/h2>\t\t<\/div>\n\t\t\t\t<\/div>\n\t\t\t\t<div class=\"elementor-element elementor-element-1eca0ac6 elementor-widget elementor-widget-text-editor\" data-id=\"1eca0ac6\" data-element_type=\"widget\" data-widget_type=\"text-editor.default\">\n\t\t\t\t<div class=\"elementor-widget-container\">\n\t\t\t\t\t\t\t<p><span lang=\"es-ES\">De modo parecido, nuestra tarjeta SIM mundial de IoT est\u00e1 dise\u00f1ada para funcionar en zonas fronterizas. La conectividad a IoT de simHERO no solo incluye una red nacional en un pa\u00eds concreto, sino que cubre regiones y zonas geogr\u00e1ficas enteras.<\/span><\/p><p><span lang=\"es-ES\">Para la tarjeta SIM de simHERO es irrelevante d\u00f3nde se encuentra la c\u00e1mara: sencillamente se conecta a la se\u00f1al m\u00e1s potente.<\/span><\/p>\t\t\t\t\t\t<\/div>\n\t\t\t\t<\/div>\n\t\t\t\t\t<\/div>\n\t\t<\/div>\n\t\t\t\t<div class=\"elementor-column elementor-col-50 elementor-top-column elementor-element elementor-element-507dee16\" data-id=\"507dee16\" data-element_type=\"column\">\n\t\t\t<div class=\"elementor-widget-wrap elementor-element-populated\">\n\t\t\t\t\t\t<div class=\"elementor-element elementor-element-12a27ef5 elementor-widget elementor-widget-image\" data-id=\"12a27ef5\" data-element_type=\"widget\" data-widget_type=\"image.default\">\n\t\t\t\t<div class=\"elementor-widget-container\">\n\t\t\t\t\t\t\t\t\t\t\t\t\t<img decoding=\"async\" width=\"800\" height=\"534\" src=\"https:\/\/simhero.com\/wp-content\/uploads\/2020\/07\/trail-camera-sky-is-the-limit.jpg\" class=\"attachment-large size-large wp-image-3776\" alt=\"\" srcset=\"https:\/\/simhero.com\/wp-content\/uploads\/2020\/07\/trail-camera-sky-is-the-limit.jpg 1000w, https:\/\/simhero.com\/wp-content\/uploads\/2020\/07\/trail-camera-sky-is-the-limit-300x200.jpg 300w, https:\/\/simhero.com\/wp-content\/uploads\/2020\/07\/trail-camera-sky-is-the-limit-768x512.jpg 768w\" sizes=\"(max-width: 800px) 100vw, 800px\" \/>\t\t\t\t\t\t\t\t\t\t\t\t\t<\/div>\n\t\t\t\t<\/div>\n\t\t\t\t\t<\/div>\n\t\t<\/div>\n\t\t\t\t\t<\/div>\n\t\t<\/section>\n\t\t\t\t<section class=\"elementor-section elementor-top-section elementor-element elementor-element-48e74c5d elementor-section-content-middle elementor-section-boxed elementor-section-height-default elementor-section-height-default\" data-id=\"48e74c5d\" data-element_type=\"section\">\n\t\t\t\t\t\t<div class=\"elementor-container elementor-column-gap-wider\">\n\t\t\t\t\t<div class=\"elementor-column elementor-col-50 elementor-top-column elementor-element elementor-element-700aa1b4\" data-id=\"700aa1b4\" data-element_type=\"column\">\n\t\t\t<div class=\"elementor-widget-wrap elementor-element-populated\">\n\t\t\t\t\t\t<div class=\"elementor-element elementor-element-544cebcd elementor-widget elementor-widget-image\" data-id=\"544cebcd\" data-element_type=\"widget\" data-widget_type=\"image.default\">\n\t\t\t\t<div class=\"elementor-widget-container\">\n\t\t\t\t\t\t\t\t\t\t\t\t\t<img decoding=\"async\" width=\"800\" height=\"534\" src=\"https:\/\/simhero.com\/wp-content\/uploads\/2020\/07\/trail-camera-seasonal-usage.jpg\" class=\"attachment-large size-large wp-image-3778\" alt=\"\" srcset=\"https:\/\/simhero.com\/wp-content\/uploads\/2020\/07\/trail-camera-seasonal-usage.jpg 1000w, https:\/\/simhero.com\/wp-content\/uploads\/2020\/07\/trail-camera-seasonal-usage-300x200.jpg 300w, https:\/\/simhero.com\/wp-content\/uploads\/2020\/07\/trail-camera-seasonal-usage-768x512.jpg 768w\" sizes=\"(max-width: 800px) 100vw, 800px\" \/>\t\t\t\t\t\t\t\t\t\t\t\t\t<\/div>\n\t\t\t\t<\/div>\n\t\t\t\t\t<\/div>\n\t\t<\/div>\n\t\t\t\t<div class=\"elementor-column elementor-col-50 elementor-top-column elementor-element elementor-element-559cc2a4\" data-id=\"559cc2a4\" data-element_type=\"column\">\n\t\t\t<div class=\"elementor-widget-wrap elementor-element-populated\">\n\t\t\t\t\t\t<div class=\"elementor-element elementor-element-7bf4ad27 elementor-widget elementor-widget-heading\" data-id=\"7bf4ad27\" data-element_type=\"widget\" data-widget_type=\"heading.default\">\n\t\t\t\t<div class=\"elementor-widget-container\">\n\t\t\t<h3 class=\"elementor-heading-title elementor-size-default\">Uso estacional<\/h3>\t\t<\/div>\n\t\t\t\t<\/div>\n\t\t\t\t<div class=\"elementor-element elementor-element-78fed300 elementor-widget elementor-widget-heading\" data-id=\"78fed300\" data-element_type=\"widget\" data-widget_type=\"heading.default\">\n\t\t\t\t<div class=\"elementor-widget-container\">\n\t\t\t<h2 class=\"elementor-heading-title elementor-size-default\">Trae las im\u00e1genes<\/h2>\t\t<\/div>\n\t\t\t\t<\/div>\n\t\t\t\t<div class=\"elementor-element elementor-element-18cda5bd elementor-widget elementor-widget-text-editor\" data-id=\"18cda5bd\" data-element_type=\"widget\" data-widget_type=\"text-editor.default\">\n\t\t\t\t<div class=\"elementor-widget-container\">\n\t\t\t\t\t\t\t<p><span lang=\"es-ES\">En nuestro modelo PREPAID, simHERO ofrece planes de datos espec\u00edficos para c\u00e1maras de rastreo. Para poder ofrecer el mejor servicio a nuestros usuarios, hemos llevado discusiones en profundidad con los socios comerciales de c\u00e1maras de rastreo, que han resultado en nuestros Planes de C\u00e1maras simHERO. Estos planes personalizados permiten a nuestros usuarios optimizar sus planes seg\u00fan su uso estacional (planes mensuales, semestrales y anuales). Tambi\u00e9n hemos a\u00f1adido una descripci\u00f3n que da una idea de cu\u00e1ntas im\u00e1genes se pueden esperar al adquirir un determinado plan con una determinada configuraci\u00f3n de c\u00e1mara.<\/span><\/p>\t\t\t\t\t\t<\/div>\n\t\t\t\t<\/div>\n\t\t\t\t\t<\/div>\n\t\t<\/div>\n\t\t\t\t\t<\/div>\n\t\t<\/section>\n\t\t\t\t<section class=\"elementor-section elementor-top-section elementor-element elementor-element-d833fb7 elementor-section-content-middle elementor-reverse-mobile elementor-section-boxed elementor-section-height-default elementor-section-height-default\" data-id=\"d833fb7\" data-element_type=\"section\">\n\t\t\t\t\t\t<div class=\"elementor-container elementor-column-gap-wider\">\n\t\t\t\t\t<div class=\"elementor-column elementor-col-50 elementor-top-column elementor-element elementor-element-40fd55e\" data-id=\"40fd55e\" data-element_type=\"column\">\n\t\t\t<div class=\"elementor-widget-wrap elementor-element-populated\">\n\t\t\t\t\t\t<div class=\"elementor-element elementor-element-2c88012 elementor-widget elementor-widget-heading\" data-id=\"2c88012\" data-element_type=\"widget\" data-widget_type=\"heading.default\">\n\t\t\t\t<div class=\"elementor-widget-container\">\n\t\t\t<h3 class=\"elementor-heading-title elementor-size-default\">Hagamos camino juntos<\/h3>\t\t<\/div>\n\t\t\t\t<\/div>\n\t\t\t\t<div class=\"elementor-element elementor-element-9994898 elementor-widget elementor-widget-heading\" data-id=\"9994898\" data-element_type=\"widget\" data-widget_type=\"heading.default\">\n\t\t\t\t<div class=\"elementor-widget-container\">\n\t\t\t<h2 class=\"elementor-heading-title elementor-size-default\">Deja que pregunte a mi compa\u00f1ero<\/h2>\t\t<\/div>\n\t\t\t\t<\/div>\n\t\t\t\t<div class=\"elementor-element elementor-element-e2e56d6 elementor-widget elementor-widget-text-editor\" data-id=\"e2e56d6\" data-element_type=\"widget\" data-widget_type=\"text-editor.default\">\n\t\t\t\t<div class=\"elementor-widget-container\">\n\t\t\t\t\t\t\t<p><span lang=\"es-ES\">simHERO colabora con muchas marcas de c\u00e1maras de todo el mundo y mantenemos contacto con muchos fabricantes de c\u00e1maras. Estas relaciones y las conversaciones muy detalladas con los socios comerciales han conducido a una mejora continua de las c\u00e1maras de rastreo en s\u00ed, a nuestros servicios de conectividad global de IoT para c\u00e1maras de rastreo, pero sobre todo a usuarios satisfechos, con los que podemos hacer camino juntos.<\/span><\/p>\t\t\t\t\t\t<\/div>\n\t\t\t\t<\/div>\n\t\t\t\t\t<\/div>\n\t\t<\/div>\n\t\t\t\t<div class=\"elementor-column elementor-col-50 elementor-top-column elementor-element elementor-element-817f309\" data-id=\"817f309\" data-element_type=\"column\">\n\t\t\t<div class=\"elementor-widget-wrap elementor-element-populated\">\n\t\t\t\t\t\t<div class=\"elementor-element elementor-element-ea62c74 elementor-widget elementor-widget-image\" data-id=\"ea62c74\" data-element_type=\"widget\" data-widget_type=\"image.default\">\n\t\t\t\t<div class=\"elementor-widget-container\">\n\t\t\t\t\t\t\t\t\t\t\t\t\t<img loading=\"lazy\" decoding=\"async\" width=\"800\" height=\"534\" src=\"https:\/\/simhero.com\/wp-content\/uploads\/2020\/07\/trail-camera-join-the-path.jpg\" class=\"attachment-large size-large wp-image-3731\" alt=\"\" srcset=\"https:\/\/simhero.com\/wp-content\/uploads\/2020\/07\/trail-camera-join-the-path.jpg 1000w, https:\/\/simhero.com\/wp-content\/uploads\/2020\/07\/trail-camera-join-the-path-300x200.jpg 300w, https:\/\/simhero.com\/wp-content\/uploads\/2020\/07\/trail-camera-join-the-path-768x512.jpg 768w\" sizes=\"(max-width: 800px) 100vw, 800px\" \/>\t\t\t\t\t\t\t\t\t\t\t\t\t<\/div>\n\t\t\t\t<\/div>\n\t\t\t\t\t<\/div>\n\t\t<\/div>\n\t\t\t\t\t<\/div>\n\t\t<\/section>\n\t\t\t\t<\/div>\n\t\t","protected":false},"excerpt":{"rendered":"<p>C\u00c1MARAS DE RASTREO simHERO Tarjetas SIM simHERO para IoT en c\u00e1maras de rastreo La tarjeta SIM de simHERO para IoT ha tenido un impacto notable en el sector de las c\u00e1maras de rastreo y es una de las tarjetas SIM preferidas para c\u00e1maras de rastreo a nivel mundial. He aqu\u00ed algunos de los motivos por [&hellip;]<\/p>\n","protected":false},"author":2,"featured_media":3779,"parent":3330,"menu_order":0,"comment_status":"closed","ping_status":"closed","template":"elementor_header_footer","meta":{"footnotes":""},"yoast_head":"<!-- This site is optimized with the Yoast SEO plugin v23.4 - https:\/\/yoast.com\/wordpress\/plugins\/seo\/ -->\n<title>c\u00e1maras de rastreo - simHERO<\/title>\n<meta name=\"robots\" content=\"index, follow, max-snippet:-1, max-image-preview:large, max-video-preview:-1\" \/>\n<link rel=\"canonical\" href=\"https:\/\/simhero.com\/es\/casos-practicos\/camaras-de-rastreo\/\" \/>\n<meta property=\"og:locale\" content=\"es_ES\" \/>\n<meta property=\"og:type\" content=\"article\" \/>\n<meta property=\"og:title\" content=\"c\u00e1maras de rastreo - simHERO\" \/>\n<meta property=\"og:description\" content=\"C\u00c1MARAS DE RASTREO simHERO Tarjetas SIM simHERO para IoT en c\u00e1maras de rastreo La tarjeta SIM de simHERO para IoT ha tenido un impacto notable en el sector de las c\u00e1maras de rastreo y es una de las tarjetas SIM preferidas para c\u00e1maras de rastreo a nivel mundial. He aqu\u00ed algunos de los motivos por [&hellip;]\" \/>\n<meta property=\"og:url\" content=\"https:\/\/simhero.com\/es\/casos-practicos\/camaras-de-rastreo\/\" \/>\n<meta property=\"og:site_name\" content=\"simHERO\" \/>\n<meta property=\"article:publisher\" content=\"https:\/\/www.facebook.com\/freeewaysimhero\/\" \/>\n<meta property=\"article:modified_time\" content=\"2020-11-25T14:44:41+00:00\" \/>\n<meta property=\"og:image\" content=\"http:\/\/www.simhero.com\/wp-content\/uploads\/2020\/07\/trail-camera-join-the-path-1-1-scaled.jpg\" \/>\n\t<meta property=\"og:image:width\" content=\"1600\" \/>\n\t<meta property=\"og:image:height\" content=\"667\" \/>\n\t<meta property=\"og:image:type\" content=\"image\/jpeg\" \/>\n<meta name=\"twitter:card\" content=\"summary_large_image\" \/>\n<meta name=\"twitter:label1\" content=\"Tiempo de lectura\" \/>\n\t<meta name=\"twitter:data1\" content=\"2 minutos\" \/>\n<script type=\"application\/ld+json\" class=\"yoast-schema-graph\">{\"@context\":\"https:\/\/schema.org\",\"@graph\":[{\"@type\":\"WebPage\",\"@id\":\"https:\/\/simhero.com\/es\/casos-practicos\/camaras-de-rastreo\/\",\"url\":\"https:\/\/simhero.com\/es\/casos-practicos\/camaras-de-rastreo\/\",\"name\":\"c\u00e1maras de rastreo - simHERO\",\"isPartOf\":{\"@id\":\"https:\/\/simhero.com\/es\/#website\"},\"primaryImageOfPage\":{\"@id\":\"https:\/\/simhero.com\/es\/casos-practicos\/camaras-de-rastreo\/#primaryimage\"},\"image\":{\"@id\":\"https:\/\/simhero.com\/es\/casos-practicos\/camaras-de-rastreo\/#primaryimage\"},\"thumbnailUrl\":\"https:\/\/simhero.com\/wp-content\/uploads\/2020\/07\/trail-camera-join-the-path-1-1-scaled.jpg\",\"datePublished\":\"2020-11-24T19:03:19+00:00\",\"dateModified\":\"2020-11-25T14:44:41+00:00\",\"breadcrumb\":{\"@id\":\"https:\/\/simhero.com\/es\/casos-practicos\/camaras-de-rastreo\/#breadcrumb\"},\"inLanguage\":\"es\",\"potentialAction\":[{\"@type\":\"ReadAction\",\"target\":[\"https:\/\/simhero.com\/es\/casos-practicos\/camaras-de-rastreo\/\"]}]},{\"@type\":\"ImageObject\",\"inLanguage\":\"es\",\"@id\":\"https:\/\/simhero.com\/es\/casos-practicos\/camaras-de-rastreo\/#primaryimage\",\"url\":\"https:\/\/simhero.com\/wp-content\/uploads\/2020\/07\/trail-camera-join-the-path-1-1-scaled.jpg\",\"contentUrl\":\"https:\/\/simhero.com\/wp-content\/uploads\/2020\/07\/trail-camera-join-the-path-1-1-scaled.jpg\",\"width\":1600,\"height\":667},{\"@type\":\"BreadcrumbList\",\"@id\":\"https:\/\/simhero.com\/es\/casos-practicos\/camaras-de-rastreo\/#breadcrumb\",\"itemListElement\":[{\"@type\":\"ListItem\",\"position\":1,\"name\":\"Portada\",\"item\":\"http:\/\/simhero.com\/es\/\"},{\"@type\":\"ListItem\",\"position\":2,\"name\":\"Casos pr\u00e1cticos\",\"item\":\"https:\/\/simhero.com\/es\/casos-practicos\/\"},{\"@type\":\"ListItem\",\"position\":3,\"name\":\"c\u00e1maras de rastreo\"}]},{\"@type\":\"WebSite\",\"@id\":\"https:\/\/simhero.com\/es\/#website\",\"url\":\"https:\/\/simhero.com\/es\/\",\"name\":\"simHERO\",\"description\":\"\",\"potentialAction\":[{\"@type\":\"SearchAction\",\"target\":{\"@type\":\"EntryPoint\",\"urlTemplate\":\"https:\/\/simhero.com\/es\/?s={search_term_string}\"},\"query-input\":{\"@type\":\"PropertyValueSpecification\",\"valueRequired\":true,\"valueName\":\"search_term_string\"}}],\"inLanguage\":\"es\"}]}<\/script>\n<!-- \/ Yoast SEO plugin. -->","yoast_head_json":{"title":"c\u00e1maras de rastreo - simHERO","robots":{"index":"index","follow":"follow","max-snippet":"max-snippet:-1","max-image-preview":"max-image-preview:large","max-video-preview":"max-video-preview:-1"},"canonical":"https:\/\/simhero.com\/es\/casos-practicos\/camaras-de-rastreo\/","og_locale":"es_ES","og_type":"article","og_title":"c\u00e1maras de rastreo - simHERO","og_description":"C\u00c1MARAS DE RASTREO simHERO Tarjetas SIM simHERO para IoT en c\u00e1maras de rastreo La tarjeta SIM de simHERO para IoT ha tenido un impacto notable en el sector de las c\u00e1maras de rastreo y es una de las tarjetas SIM preferidas para c\u00e1maras de rastreo a nivel mundial. He aqu\u00ed algunos de los motivos por [&hellip;]","og_url":"https:\/\/simhero.com\/es\/casos-practicos\/camaras-de-rastreo\/","og_site_name":"simHERO","article_publisher":"https:\/\/www.facebook.com\/freeewaysimhero\/","article_modified_time":"2020-11-25T14:44:41+00:00","og_image":[{"width":1600,"height":667,"url":"http:\/\/www.simhero.com\/wp-content\/uploads\/2020\/07\/trail-camera-join-the-path-1-1-scaled.jpg","type":"image\/jpeg"}],"twitter_card":"summary_large_image","twitter_misc":{"Tiempo de lectura":"2 minutos"},"schema":{"@context":"https:\/\/schema.org","@graph":[{"@type":"WebPage","@id":"https:\/\/simhero.com\/es\/casos-practicos\/camaras-de-rastreo\/","url":"https:\/\/simhero.com\/es\/casos-practicos\/camaras-de-rastreo\/","name":"c\u00e1maras de rastreo - simHERO","isPartOf":{"@id":"https:\/\/simhero.com\/es\/#website"},"primaryImageOfPage":{"@id":"https:\/\/simhero.com\/es\/casos-practicos\/camaras-de-rastreo\/#primaryimage"},"image":{"@id":"https:\/\/simhero.com\/es\/casos-practicos\/camaras-de-rastreo\/#primaryimage"},"thumbnailUrl":"https:\/\/simhero.com\/wp-content\/uploads\/2020\/07\/trail-camera-join-the-path-1-1-scaled.jpg","datePublished":"2020-11-24T19:03:19+00:00","dateModified":"2020-11-25T14:44:41+00:00","breadcrumb":{"@id":"https:\/\/simhero.com\/es\/casos-practicos\/camaras-de-rastreo\/#breadcrumb"},"inLanguage":"es","potentialAction":[{"@type":"ReadAction","target":["https:\/\/simhero.com\/es\/casos-practicos\/camaras-de-rastreo\/"]}]},{"@type":"ImageObject","inLanguage":"es","@id":"https:\/\/simhero.com\/es\/casos-practicos\/camaras-de-rastreo\/#primaryimage","url":"https:\/\/simhero.com\/wp-content\/uploads\/2020\/07\/trail-camera-join-the-path-1-1-scaled.jpg","contentUrl":"https:\/\/simhero.com\/wp-content\/uploads\/2020\/07\/trail-camera-join-the-path-1-1-scaled.jpg","width":1600,"height":667},{"@type":"BreadcrumbList","@id":"https:\/\/simhero.com\/es\/casos-practicos\/camaras-de-rastreo\/#breadcrumb","itemListElement":[{"@type":"ListItem","position":1,"name":"Portada","item":"http:\/\/simhero.com\/es\/"},{"@type":"ListItem","position":2,"name":"Casos pr\u00e1cticos","item":"https:\/\/simhero.com\/es\/casos-practicos\/"},{"@type":"ListItem","position":3,"name":"c\u00e1maras de rastreo"}]},{"@type":"WebSite","@id":"https:\/\/simhero.com\/es\/#website","url":"https:\/\/simhero.com\/es\/","name":"simHERO","description":"","potentialAction":[{"@type":"SearchAction","target":{"@type":"EntryPoint","urlTemplate":"https:\/\/simhero.com\/es\/?s={search_term_string}"},"query-input":{"@type":"PropertyValueSpecification","valueRequired":true,"valueName":"search_term_string"}}],"inLanguage":"es"}]}},"_links":{"self":[{"href":"https:\/\/simhero.com\/es\/wp-json\/wp\/v2\/pages\/3353"}],"collection":[{"href":"https:\/\/simhero.com\/es\/wp-json\/wp\/v2\/pages"}],"about":[{"href":"https:\/\/simhero.com\/es\/wp-json\/wp\/v2\/types\/page"}],"author":[{"embeddable":true,"href":"https:\/\/simhero.com\/es\/wp-json\/wp\/v2\/users\/2"}],"replies":[{"embeddable":true,"href":"https:\/\/simhero.com\/es\/wp-json\/wp\/v2\/comments?post=3353"}],"version-history":[{"count":4,"href":"https:\/\/simhero.com\/es\/wp-json\/wp\/v2\/pages\/3353\/revisions"}],"predecessor-version":[{"id":3679,"href":"https:\/\/simhero.com\/es\/wp-json\/wp\/v2\/pages\/3353\/revisions\/3679"}],"up":[{"embeddable":true,"href":"https:\/\/simhero.com\/es\/wp-json\/wp\/v2\/pages\/3330"}],"wp:featuredmedia":[{"embeddable":true,"href":"https:\/\/simhero.com\/es\/wp-json\/wp\/v2\/media\/3779"}],"wp:attachment":[{"href":"https:\/\/simhero.com\/es\/wp-json\/wp\/v2\/media?parent=3353"}],"curies":[{"name":"wp","href":"https:\/\/api.w.org\/{rel}","templated":true}]}}