{"id":3349,"date":"2020-11-24T20:00:48","date_gmt":"2020-11-24T19:00:48","guid":{"rendered":"http:\/\/3.65.206.27\/?page_id=3349"},"modified":"2020-11-25T15:40:00","modified_gmt":"2020-11-25T14:40:00","slug":"aviso-legal","status":"publish","type":"page","link":"https:\/\/simhero.com\/es\/aviso-legal\/","title":{"rendered":"Aviso legal"},"content":{"rendered":"\t\t<div data-elementor-type=\"wp-page\" data-elementor-id=\"3349\" class=\"elementor elementor-3349 elementor-1920\" data-elementor-post-type=\"page\">\n\t\t\t\t\t\t<section class=\"elementor-section elementor-top-section elementor-element elementor-element-5c77446a elementor-section-height-min-height elementor-section-boxed elementor-section-height-default elementor-section-items-middle\" data-id=\"5c77446a\" data-element_type=\"section\" data-settings=\"{&quot;background_background&quot;:&quot;classic&quot;}\">\n\t\t\t\t\t\t\t<div class=\"elementor-background-overlay\"><\/div>\n\t\t\t\t\t\t\t<div class=\"elementor-container elementor-column-gap-default\">\n\t\t\t\t\t<div class=\"elementor-column elementor-col-100 elementor-top-column elementor-element elementor-element-5cd90bd4\" data-id=\"5cd90bd4\" data-element_type=\"column\">\n\t\t\t<div class=\"elementor-widget-wrap elementor-element-populated\">\n\t\t\t\t\t\t<div class=\"elementor-element elementor-element-4737f756 elementor-widget elementor-widget-heading\" data-id=\"4737f756\" data-element_type=\"widget\" data-widget_type=\"heading.default\">\n\t\t\t\t<div class=\"elementor-widget-container\">\n\t\t\t<h1 class=\"elementor-heading-title elementor-size-default\">Aviso legal de simHERO<\/h1>\t\t<\/div>\n\t\t\t\t<\/div>\n\t\t\t\t\t<\/div>\n\t\t<\/div>\n\t\t\t\t\t<\/div>\n\t\t<\/section>\n\t\t\t\t<section class=\"elementor-section elementor-top-section elementor-element elementor-element-993902c elementor-section-boxed elementor-section-height-default elementor-section-height-default\" data-id=\"993902c\" data-element_type=\"section\">\n\t\t\t\t\t\t<div class=\"elementor-container elementor-column-gap-default\">\n\t\t\t\t\t<div class=\"elementor-column elementor-col-100 elementor-top-column elementor-element elementor-element-f7ae327\" data-id=\"f7ae327\" data-element_type=\"column\">\n\t\t\t<div class=\"elementor-widget-wrap elementor-element-populated\">\n\t\t\t\t\t\t<div class=\"elementor-element elementor-element-0079617 elementor-widget elementor-widget-text-editor\" data-id=\"0079617\" data-element_type=\"widget\" data-widget_type=\"text-editor.default\">\n\t\t\t\t<div class=\"elementor-widget-container\">\n\t\t\t\t\t\t\t<p><span lang=\"es-ES\"><b>Deber de informaci\u00f3n general seg\u00fan Art. 5 de la Ley austr\u00edaca de Comercio Electr\u00f3nico (ECG)<\/b><\/span><\/p><p><span lang=\"es-ES\">Freeeway GmbH<\/span><\/p><p><span lang=\"es-ES\">Technologiezentrum \u2013 Techlab<\/span><\/p><p><span lang=\"es-ES\">Thomas A. Edison Strasse 2<\/span><\/p><p><span lang=\"es-ES\">7000 Eisenstadt, Austria<\/span><\/p><p><span lang=\"es-ES\">Tel.: +43 (0) 2682 21707<\/span><\/p><p><span lang=\"es-ES\">FN 425395G, Tribunal Regional de Eisenstadt<\/span><\/p><p><span lang=\"es-ES\">E-mail: <a href=\"mailto:impressum@freeeway.com\">impressum@freeeway.com<\/a><\/span><\/p><p><span lang=\"es-ES\">N\u00ba fiscal: ATU 69153079<\/span><\/p><p><span lang=\"es-ES\"><b>Sector:<\/b><\/span><span lang=\"es-ES\"> Venta por correo, internet, comercio y consultor\u00eda general, contabilidad e inform\u00e1tica<\/span><\/p><p><span lang=\"es-ES\"><b>Objeto de la empresa:<\/b><\/span><span lang=\"es-ES\"> Comercio por correo, servicios inform\u00e1ticos<\/span><\/p><p><span lang=\"es-ES\"><b>Precios:<\/b><\/span><span lang=\"es-ES\"> Todos los precios indicados en esta p\u00e1gina web, incluidas las subp\u00e1ginas, se entienden como precios NETOS sujetos a la fiscalidad austr\u00edaca.<\/span><\/p><p><span lang=\"es-ES\"><b>Director Ejecutivo:<\/b><\/span><\/p><p><span lang=\"es-ES\">Harald Fuchs<\/span><\/p><p><span lang=\"es-ES\">Thomas A. Edison Strasse 2<\/span><\/p><p><span lang=\"es-ES\">7000 Eisenstadt, Austria<\/span><\/p><p><span lang=\"es-ES\">Organismo regulador: Autoridad Austr\u00edaca Reguladora de Radiotelevisi\u00f3n y Telecomunicaciones (RTR), Mariahilfer Strasse 77-79, A-1060 Vienna, Austria<\/span><\/p>\t\t\t\t\t\t<\/div>\n\t\t\t\t<\/div>\n\t\t\t\t<div class=\"elementor-element elementor-element-eb29e2f elementor-widget elementor-widget-accordion\" data-id=\"eb29e2f\" data-element_type=\"widget\" data-widget_type=\"accordion.default\">\n\t\t\t\t<div class=\"elementor-widget-container\">\n\t\t\t\t\t<div class=\"elementor-accordion\">\n\t\t\t\t\t\t\t<div class=\"elementor-accordion-item\">\n\t\t\t\t\t<div id=\"elementor-tab-title-2461\" class=\"elementor-tab-title\" data-tab=\"1\" role=\"button\" aria-controls=\"elementor-tab-content-2461\" aria-expanded=\"false\">\n\t\t\t\t\t\t\t\t\t\t\t\t\t<span class=\"elementor-accordion-icon elementor-accordion-icon-left\" aria-hidden=\"true\">\n\t\t\t\t\t\t\t\t\t\t\t\t\t\t\t<span class=\"elementor-accordion-icon-closed\"><i class=\"fas fa-plus\"><\/i><\/span>\n\t\t\t\t\t\t\t\t<span class=\"elementor-accordion-icon-opened\"><i class=\"fas fa-minus\"><\/i><\/span>\n\t\t\t\t\t\t\t\t\t\t\t\t\t\t<\/span>\n\t\t\t\t\t\t\t\t\t\t\t\t<a class=\"elementor-accordion-title\" tabindex=\"0\">1. Contenido de la p\u00e1gina web<\/a>\n\t\t\t\t\t<\/div>\n\t\t\t\t\t<div id=\"elementor-tab-content-2461\" class=\"elementor-tab-content elementor-clearfix\" data-tab=\"1\" role=\"region\" aria-labelledby=\"elementor-tab-title-2461\"><p><span lang=\"es-ES\">El autor no asume responsabilidad alguna por la actualizaci\u00f3n, exactitud, integridad o calidad de la informaci\u00f3n proporcionada. Se excluye toda reclamaci\u00f3n por responsabilidad contra el autor por da\u00f1os pecuniarios o no pecuniarios derivados del uso o no uso de la informaci\u00f3n facilitada o del uso de informaci\u00f3n incorrecta o incompleta, siempre y cuando no se pueda demostrar que el autor haya actuado con dolo o negligencia grave. Todas las ofertas son sin compromiso y est\u00e1n sujetas a cambios sin previo aviso. El autor se reserva expresamente el derecho de modificar, ampliar o suprimir la p\u00e1gina web total o parcialmente sin aviso separado o de cesar la publicaci\u00f3n temporal o permanentemente.<\/span><\/p><\/div>\n\t\t\t\t<\/div>\n\t\t\t\t\t\t\t<div class=\"elementor-accordion-item\">\n\t\t\t\t\t<div id=\"elementor-tab-title-2462\" class=\"elementor-tab-title\" data-tab=\"2\" role=\"button\" aria-controls=\"elementor-tab-content-2462\" aria-expanded=\"false\">\n\t\t\t\t\t\t\t\t\t\t\t\t\t<span class=\"elementor-accordion-icon elementor-accordion-icon-left\" aria-hidden=\"true\">\n\t\t\t\t\t\t\t\t\t\t\t\t\t\t\t<span class=\"elementor-accordion-icon-closed\"><i class=\"fas fa-plus\"><\/i><\/span>\n\t\t\t\t\t\t\t\t<span class=\"elementor-accordion-icon-opened\"><i class=\"fas fa-minus\"><\/i><\/span>\n\t\t\t\t\t\t\t\t\t\t\t\t\t\t<\/span>\n\t\t\t\t\t\t\t\t\t\t\t\t<a class=\"elementor-accordion-title\" tabindex=\"0\">2. Referencias y enlaces<\/a>\n\t\t\t\t\t<\/div>\n\t\t\t\t\t<div id=\"elementor-tab-content-2462\" class=\"elementor-tab-content elementor-clearfix\" data-tab=\"2\" role=\"region\" aria-labelledby=\"elementor-tab-title-2462\"><p><span lang=\"es-ES\">El autor ser\u00e1 responsable por las referencias directas o indirectas a p\u00e1ginas web de terceros (\u201cenlaces\u201d) fuera de su responsabilidad solo si el autor es conocedor de dicho contenido y, en el caso de contenido ilegal, le hubiera sido al autor t\u00e9cnicamente posible evitar el uso y hubiera cabido esperar razonablemente dicha prevenci\u00f3n. El autor declara expresamente que no se ha manifestado ning\u00fan contenido ilegal en las p\u00e1ginas enlazadas en el momento de crearse los enlaces. El autor no tiene influencia alguna en el dise\u00f1o, contenido y autor\u00eda presentes y futuros de las p\u00e1ginas enlazadas\/conectadas. Por consiguiente, el autor se desvincula del contenido de todas las p\u00e1ginas enlazadas\/conectadas que hayan sido modificadas desde la creaci\u00f3n del enlace. Esta declaraci\u00f3n es de aplicaci\u00f3n a todos los enlaces y referencias que aparecen en el contenido de la p\u00e1gina web del autor, as\u00ed como a la informaci\u00f3n introducida por terceros en libros de visitas, foros de discusi\u00f3n y listas de correo creados por el autor. La responsabilidad por cualquier contenido ilegal, incorrecto o incompleto, particularmente por los da\u00f1os causados por el uso o no uso de dicha informaci\u00f3n, recae exclusivamente en el proveedor de la p\u00e1gina enlazada y no en la parte que se limita a hacer referencia a dicha publicaci\u00f3n mediante enlaces.<\/span><\/p><\/div>\n\t\t\t\t<\/div>\n\t\t\t\t\t\t\t<div class=\"elementor-accordion-item\">\n\t\t\t\t\t<div id=\"elementor-tab-title-2463\" class=\"elementor-tab-title\" data-tab=\"3\" role=\"button\" aria-controls=\"elementor-tab-content-2463\" aria-expanded=\"false\">\n\t\t\t\t\t\t\t\t\t\t\t\t\t<span class=\"elementor-accordion-icon elementor-accordion-icon-left\" aria-hidden=\"true\">\n\t\t\t\t\t\t\t\t\t\t\t\t\t\t\t<span class=\"elementor-accordion-icon-closed\"><i class=\"fas fa-plus\"><\/i><\/span>\n\t\t\t\t\t\t\t\t<span class=\"elementor-accordion-icon-opened\"><i class=\"fas fa-minus\"><\/i><\/span>\n\t\t\t\t\t\t\t\t\t\t\t\t\t\t<\/span>\n\t\t\t\t\t\t\t\t\t\t\t\t<a class=\"elementor-accordion-title\" tabindex=\"0\">3. Derechos de autor y marcas registradas<\/a>\n\t\t\t\t\t<\/div>\n\t\t\t\t\t<div id=\"elementor-tab-content-2463\" class=\"elementor-tab-content elementor-clearfix\" data-tab=\"3\" role=\"region\" aria-labelledby=\"elementor-tab-title-2463\"><p><span lang=\"es-ES\">El autor se compromete en todas las publicaciones a respetar los derechos de autor de los gr\u00e1ficos, archivos de sonido, secuencias de video y textos usados, a usar gr\u00e1ficos, archivos de sonido, secuencias de video y textos creados por \u00e9l mismo o bien gr\u00e1ficos, archivos de sonido, secuencias de video y textos exentos de derechos. Todas las marcas y marcas registradas indicadas en esta p\u00e1gina web y protegidas por terceros seg\u00fan corresponda est\u00e1n sujetas sin limitaci\u00f3n a lo dispuesto por la legislaci\u00f3n aplicable en materia de marcas registradas y derechos de propiedad del propietario registrado. Ninguna referencia a marcas registradas podr\u00e1 interpretarse en el sentido de que las marcas registradas no est\u00e1n protegidas por derechos de terceros. Los derechos de autor del material publicado creado por el autor pertenecen \u00fanicamente al autor de las p\u00e1ginas. No est\u00e1n permitidos la reproducci\u00f3n o el uso en otras publicaciones electr\u00f3nicas o impresas de dichos gr\u00e1ficos, archivos de sonido, secuencias de video y textos sin la autorizaci\u00f3n expresa del autor.<\/span><\/p><\/div>\n\t\t\t\t<\/div>\n\t\t\t\t\t\t\t<div class=\"elementor-accordion-item\">\n\t\t\t\t\t<div id=\"elementor-tab-title-2464\" class=\"elementor-tab-title\" data-tab=\"4\" role=\"button\" aria-controls=\"elementor-tab-content-2464\" aria-expanded=\"false\">\n\t\t\t\t\t\t\t\t\t\t\t\t\t<span class=\"elementor-accordion-icon elementor-accordion-icon-left\" aria-hidden=\"true\">\n\t\t\t\t\t\t\t\t\t\t\t\t\t\t\t<span class=\"elementor-accordion-icon-closed\"><i class=\"fas fa-plus\"><\/i><\/span>\n\t\t\t\t\t\t\t\t<span class=\"elementor-accordion-icon-opened\"><i class=\"fas fa-minus\"><\/i><\/span>\n\t\t\t\t\t\t\t\t\t\t\t\t\t\t<\/span>\n\t\t\t\t\t\t\t\t\t\t\t\t<a class=\"elementor-accordion-title\" tabindex=\"0\">4. Efecto legal de esta exclusi\u00f3n de responsabilidad<\/a>\n\t\t\t\t\t<\/div>\n\t\t\t\t\t<div id=\"elementor-tab-content-2464\" class=\"elementor-tab-content elementor-clearfix\" data-tab=\"4\" role=\"region\" aria-labelledby=\"elementor-tab-title-2464\"><p><span lang=\"es-ES\">Esta exclusi\u00f3n de responsabilidad se considera parte de la p\u00e1gina web que contiene un enlace a esta p\u00e1gina. Si una parte o formulaci\u00f3n concreta de este texto incumple la legislaci\u00f3n en vigor o deja de hacerlo o no lo hace plenamente, ello no afectar\u00e1 al contenido y la validez de los dem\u00e1s apartados del documento.<\/span><\/p><\/div>\n\t\t\t\t<\/div>\n\t\t\t\t\t\t\t<div class=\"elementor-accordion-item\">\n\t\t\t\t\t<div id=\"elementor-tab-title-2465\" class=\"elementor-tab-title\" data-tab=\"5\" role=\"button\" aria-controls=\"elementor-tab-content-2465\" aria-expanded=\"false\">\n\t\t\t\t\t\t\t\t\t\t\t\t\t<span class=\"elementor-accordion-icon elementor-accordion-icon-left\" aria-hidden=\"true\">\n\t\t\t\t\t\t\t\t\t\t\t\t\t\t\t<span class=\"elementor-accordion-icon-closed\"><i class=\"fas fa-plus\"><\/i><\/span>\n\t\t\t\t\t\t\t\t<span class=\"elementor-accordion-icon-opened\"><i class=\"fas fa-minus\"><\/i><\/span>\n\t\t\t\t\t\t\t\t\t\t\t\t\t\t<\/span>\n\t\t\t\t\t\t\t\t\t\t\t\t<a class=\"elementor-accordion-title\" tabindex=\"0\">5. Aviso de protecci\u00f3n de datos<\/a>\n\t\t\t\t\t<\/div>\n\t\t\t\t\t<div id=\"elementor-tab-content-2465\" class=\"elementor-tab-content elementor-clearfix\" data-tab=\"5\" role=\"region\" aria-labelledby=\"elementor-tab-title-2465\"><p><span lang=\"es-ES\">Esta p\u00e1gina web usa Google Analytics, una herramienta de an\u00e1lisis web de Google Inc. (Google). Google Analytics utiliza llamadas cookies, unos archivos de texto almacenados en su ordenador que permiten analizar el uso que usted hace de la p\u00e1gina web. La informaci\u00f3n generada por la cookie sobre su uso de esta p\u00e1gina web (incluida su propia p\u00e1gina web) se transmite y se almacena en un servidor de Google situado en Estados Unidos. Google utilizar\u00e1 dicha informaci\u00f3n con el objeto de evaluar su uso de la p\u00e1gina web, elaborar informes sobre la actividad de la p\u00e1gina web y permitir al operador de la p\u00e1gina web la prestaci\u00f3n de otros servicios relacionados con el uso de la p\u00e1gina web e internet. Google tambi\u00e9n puede transmitir esta informaci\u00f3n a terceros si as\u00ed se lo exige la ley o si dichos terceros procesan la informaci\u00f3n en nombre de Google. Google no combinar\u00e1 bajo ning\u00fan concepto su direcci\u00f3n IP con otros datos almacenados por Google Inc. Usted podr\u00e1 rechazar el almacenaje de cookies seleccionando la configuraci\u00f3n adecuada en su navegador; no obstante, recuerde que si lo hace, es posible que no pueda usar todas las funciones de esta p\u00e1gina web. Al usar esta p\u00e1gina web, usted consiente el tratamiento de datos sobre usted por Google en la manera y para los fines descritos anteriormente.<\/span><\/p><\/div>\n\t\t\t\t<\/div>\n\t\t\t\t\t\t\t\t<\/div>\n\t\t\t\t<\/div>\n\t\t\t\t<\/div>\n\t\t\t\t\t<\/div>\n\t\t<\/div>\n\t\t\t\t\t<\/div>\n\t\t<\/section>\n\t\t\t\t<\/div>\n\t\t","protected":false},"excerpt":{"rendered":"<p>Aviso legal de simHERO Deber de informaci\u00f3n general seg\u00fan Art. 5 de la Ley austr\u00edaca de Comercio Electr\u00f3nico (ECG) Freeeway GmbH Technologiezentrum \u2013 Techlab Thomas A. Edison Strasse 2 7000 Eisenstadt, Austria Tel.: +43 (0) 2682 21707 FN 425395G, Tribunal Regional de Eisenstadt E-mail: impressum@freeeway.com N\u00ba fiscal: ATU 69153079 Sector: Venta por correo, internet, comercio [&hellip;]<\/p>\n","protected":false},"author":2,"featured_media":3566,"parent":0,"menu_order":0,"comment_status":"closed","ping_status":"closed","template":"elementor_header_footer","meta":{"footnotes":""},"yoast_head":"<!-- This site is optimized with the Yoast SEO plugin v23.4 - https:\/\/yoast.com\/wordpress\/plugins\/seo\/ -->\n<title>Aviso legal - simHERO<\/title>\n<meta name=\"robots\" content=\"index, follow, max-snippet:-1, max-image-preview:large, max-video-preview:-1\" \/>\n<link rel=\"canonical\" href=\"https:\/\/simhero.com\/es\/aviso-legal\/\" \/>\n<meta property=\"og:locale\" content=\"es_ES\" \/>\n<meta property=\"og:type\" content=\"article\" \/>\n<meta property=\"og:title\" content=\"Aviso legal - simHERO\" \/>\n<meta property=\"og:description\" content=\"Aviso legal de simHERO Deber de informaci\u00f3n general seg\u00fan Art. 5 de la Ley austr\u00edaca de Comercio Electr\u00f3nico (ECG) Freeeway GmbH Technologiezentrum \u2013 Techlab Thomas A. Edison Strasse 2 7000 Eisenstadt, Austria Tel.: +43 (0) 2682 21707 FN 425395G, Tribunal Regional de Eisenstadt E-mail: impressum@freeeway.com N\u00ba fiscal: ATU 69153079 Sector: Venta por correo, internet, comercio [&hellip;]\" \/>\n<meta property=\"og:url\" content=\"https:\/\/simhero.com\/es\/aviso-legal\/\" \/>\n<meta property=\"og:site_name\" content=\"simHERO\" \/>\n<meta property=\"article:publisher\" content=\"https:\/\/www.facebook.com\/freeewaysimhero\/\" \/>\n<meta property=\"article:modified_time\" content=\"2020-11-25T14:40:00+00:00\" \/>\n<meta property=\"og:image\" content=\"http:\/\/ec2-3-124-25-54.eu-central-1.compute.amazonaws.com\/wp-content\/uploads\/2020\/05\/what-we-do.png\" \/>\n\t<meta property=\"og:image:width\" content=\"2880\" \/>\n\t<meta property=\"og:image:height\" content=\"1200\" \/>\n\t<meta property=\"og:image:type\" content=\"image\/png\" \/>\n<meta name=\"twitter:card\" content=\"summary_large_image\" \/>\n<meta name=\"twitter:label1\" content=\"Tiempo de lectura\" \/>\n\t<meta name=\"twitter:data1\" content=\"5 minutos\" \/>\n<script type=\"application\/ld+json\" class=\"yoast-schema-graph\">{\"@context\":\"https:\/\/schema.org\",\"@graph\":[{\"@type\":\"WebPage\",\"@id\":\"https:\/\/simhero.com\/es\/aviso-legal\/\",\"url\":\"https:\/\/simhero.com\/es\/aviso-legal\/\",\"name\":\"Aviso legal - simHERO\",\"isPartOf\":{\"@id\":\"https:\/\/www.simhero.com\/es\/#website\"},\"primaryImageOfPage\":{\"@id\":\"https:\/\/simhero.com\/es\/aviso-legal\/#primaryimage\"},\"image\":{\"@id\":\"https:\/\/simhero.com\/es\/aviso-legal\/#primaryimage\"},\"thumbnailUrl\":\"https:\/\/simhero.com\/wp-content\/uploads\/2020\/05\/what-we-do.png\",\"datePublished\":\"2020-11-24T19:00:48+00:00\",\"dateModified\":\"2020-11-25T14:40:00+00:00\",\"breadcrumb\":{\"@id\":\"https:\/\/simhero.com\/es\/aviso-legal\/#breadcrumb\"},\"inLanguage\":\"es\",\"potentialAction\":[{\"@type\":\"ReadAction\",\"target\":[\"https:\/\/simhero.com\/es\/aviso-legal\/\"]}]},{\"@type\":\"ImageObject\",\"inLanguage\":\"es\",\"@id\":\"https:\/\/simhero.com\/es\/aviso-legal\/#primaryimage\",\"url\":\"https:\/\/simhero.com\/wp-content\/uploads\/2020\/05\/what-we-do.png\",\"contentUrl\":\"https:\/\/simhero.com\/wp-content\/uploads\/2020\/05\/what-we-do.png\",\"width\":2880,\"height\":1200},{\"@type\":\"BreadcrumbList\",\"@id\":\"https:\/\/simhero.com\/es\/aviso-legal\/#breadcrumb\",\"itemListElement\":[{\"@type\":\"ListItem\",\"position\":1,\"name\":\"Portada\",\"item\":\"http:\/\/ec2-3-124-25-54.eu-central-1.compute.amazonaws.com\/es\/\"},{\"@type\":\"ListItem\",\"position\":2,\"name\":\"Aviso legal\"}]},{\"@type\":\"WebSite\",\"@id\":\"https:\/\/www.simhero.com\/es\/#website\",\"url\":\"https:\/\/www.simhero.com\/es\/\",\"name\":\"simHERO\",\"description\":\"\",\"potentialAction\":[{\"@type\":\"SearchAction\",\"target\":{\"@type\":\"EntryPoint\",\"urlTemplate\":\"https:\/\/www.simhero.com\/es\/?s={search_term_string}\"},\"query-input\":{\"@type\":\"PropertyValueSpecification\",\"valueRequired\":true,\"valueName\":\"search_term_string\"}}],\"inLanguage\":\"es\"}]}<\/script>\n<!-- \/ Yoast SEO plugin. -->","yoast_head_json":{"title":"Aviso legal - simHERO","robots":{"index":"index","follow":"follow","max-snippet":"max-snippet:-1","max-image-preview":"max-image-preview:large","max-video-preview":"max-video-preview:-1"},"canonical":"https:\/\/simhero.com\/es\/aviso-legal\/","og_locale":"es_ES","og_type":"article","og_title":"Aviso legal - simHERO","og_description":"Aviso legal de simHERO Deber de informaci\u00f3n general seg\u00fan Art. 5 de la Ley austr\u00edaca de Comercio Electr\u00f3nico (ECG) Freeeway GmbH Technologiezentrum \u2013 Techlab Thomas A. Edison Strasse 2 7000 Eisenstadt, Austria Tel.: +43 (0) 2682 21707 FN 425395G, Tribunal Regional de Eisenstadt E-mail: impressum@freeeway.com N\u00ba fiscal: ATU 69153079 Sector: Venta por correo, internet, comercio [&hellip;]","og_url":"https:\/\/simhero.com\/es\/aviso-legal\/","og_site_name":"simHERO","article_publisher":"https:\/\/www.facebook.com\/freeewaysimhero\/","article_modified_time":"2020-11-25T14:40:00+00:00","og_image":[{"width":2880,"height":1200,"url":"http:\/\/ec2-3-124-25-54.eu-central-1.compute.amazonaws.com\/wp-content\/uploads\/2020\/05\/what-we-do.png","type":"image\/png"}],"twitter_card":"summary_large_image","twitter_misc":{"Tiempo de lectura":"5 minutos"},"schema":{"@context":"https:\/\/schema.org","@graph":[{"@type":"WebPage","@id":"https:\/\/simhero.com\/es\/aviso-legal\/","url":"https:\/\/simhero.com\/es\/aviso-legal\/","name":"Aviso legal - simHERO","isPartOf":{"@id":"https:\/\/www.simhero.com\/es\/#website"},"primaryImageOfPage":{"@id":"https:\/\/simhero.com\/es\/aviso-legal\/#primaryimage"},"image":{"@id":"https:\/\/simhero.com\/es\/aviso-legal\/#primaryimage"},"thumbnailUrl":"https:\/\/simhero.com\/wp-content\/uploads\/2020\/05\/what-we-do.png","datePublished":"2020-11-24T19:00:48+00:00","dateModified":"2020-11-25T14:40:00+00:00","breadcrumb":{"@id":"https:\/\/simhero.com\/es\/aviso-legal\/#breadcrumb"},"inLanguage":"es","potentialAction":[{"@type":"ReadAction","target":["https:\/\/simhero.com\/es\/aviso-legal\/"]}]},{"@type":"ImageObject","inLanguage":"es","@id":"https:\/\/simhero.com\/es\/aviso-legal\/#primaryimage","url":"https:\/\/simhero.com\/wp-content\/uploads\/2020\/05\/what-we-do.png","contentUrl":"https:\/\/simhero.com\/wp-content\/uploads\/2020\/05\/what-we-do.png","width":2880,"height":1200},{"@type":"BreadcrumbList","@id":"https:\/\/simhero.com\/es\/aviso-legal\/#breadcrumb","itemListElement":[{"@type":"ListItem","position":1,"name":"Portada","item":"http:\/\/ec2-3-124-25-54.eu-central-1.compute.amazonaws.com\/es\/"},{"@type":"ListItem","position":2,"name":"Aviso legal"}]},{"@type":"WebSite","@id":"https:\/\/www.simhero.com\/es\/#website","url":"https:\/\/www.simhero.com\/es\/","name":"simHERO","description":"","potentialAction":[{"@type":"SearchAction","target":{"@type":"EntryPoint","urlTemplate":"https:\/\/www.simhero.com\/es\/?s={search_term_string}"},"query-input":{"@type":"PropertyValueSpecification","valueRequired":true,"valueName":"search_term_string"}}],"inLanguage":"es"}]}},"_links":{"self":[{"href":"https:\/\/simhero.com\/es\/wp-json\/wp\/v2\/pages\/3349"}],"collection":[{"href":"https:\/\/simhero.com\/es\/wp-json\/wp\/v2\/pages"}],"about":[{"href":"https:\/\/simhero.com\/es\/wp-json\/wp\/v2\/types\/page"}],"author":[{"embeddable":true,"href":"https:\/\/simhero.com\/es\/wp-json\/wp\/v2\/users\/2"}],"replies":[{"embeddable":true,"href":"https:\/\/simhero.com\/es\/wp-json\/wp\/v2\/comments?post=3349"}],"version-history":[{"count":4,"href":"https:\/\/simhero.com\/es\/wp-json\/wp\/v2\/pages\/3349\/revisions"}],"predecessor-version":[{"id":3676,"href":"https:\/\/simhero.com\/es\/wp-json\/wp\/v2\/pages\/3349\/revisions\/3676"}],"wp:featuredmedia":[{"embeddable":true,"href":"https:\/\/simhero.com\/es\/wp-json\/wp\/v2\/media\/3566"}],"wp:attachment":[{"href":"https:\/\/simhero.com\/es\/wp-json\/wp\/v2\/media?parent=3349"}],"curies":[{"name":"wp","href":"https:\/\/api.w.org\/{rel}","templated":true}]}}