{"id":3330,"date":"2020-11-24T19:56:43","date_gmt":"2020-11-24T18:56:43","guid":{"rendered":"http:\/\/3.65.206.27\/?page_id=3330"},"modified":"2020-11-26T13:43:33","modified_gmt":"2020-11-26T12:43:33","slug":"casos-practicos","status":"publish","type":"page","link":"https:\/\/simhero.com\/es\/casos-practicos\/","title":{"rendered":"Casos pr\u00e1cticos"},"content":{"rendered":"\t\t<div data-elementor-type=\"wp-page\" data-elementor-id=\"3330\" class=\"elementor elementor-3330 elementor-1538\" data-elementor-post-type=\"page\">\n\t\t\t\t\t\t<section class=\"elementor-section elementor-top-section elementor-element elementor-element-5fe29147 elementor-section-height-min-height elementor-section-boxed elementor-section-height-default elementor-section-items-middle\" data-id=\"5fe29147\" data-element_type=\"section\" data-settings=\"{&quot;background_background&quot;:&quot;classic&quot;}\">\n\t\t\t\t\t\t\t<div class=\"elementor-background-overlay\"><\/div>\n\t\t\t\t\t\t\t<div class=\"elementor-container elementor-column-gap-default\">\n\t\t\t\t\t<div class=\"elementor-column elementor-col-100 elementor-top-column elementor-element elementor-element-60fb6a66\" data-id=\"60fb6a66\" data-element_type=\"column\">\n\t\t\t<div class=\"elementor-widget-wrap elementor-element-populated\">\n\t\t\t\t\t\t<div class=\"elementor-element elementor-element-75190c0 elementor-widget elementor-widget-heading\" data-id=\"75190c0\" data-element_type=\"widget\" data-widget_type=\"heading.default\">\n\t\t\t\t<div class=\"elementor-widget-container\">\n\t\t\t<h1 class=\"elementor-heading-title elementor-size-default\">Casos pr\u00e1cticos simHERO<\/h1>\t\t<\/div>\n\t\t\t\t<\/div>\n\t\t\t\t\t<\/div>\n\t\t<\/div>\n\t\t\t\t\t<\/div>\n\t\t<\/section>\n\t\t\t\t<section class=\"elementor-section elementor-top-section elementor-element elementor-element-44a63dd elementor-section-boxed elementor-section-height-default elementor-section-height-default\" data-id=\"44a63dd\" data-element_type=\"section\">\n\t\t\t\t\t\t<div class=\"elementor-container elementor-column-gap-default\">\n\t\t\t\t\t<div class=\"elementor-column elementor-col-100 elementor-top-column elementor-element elementor-element-5768b0ce\" data-id=\"5768b0ce\" data-element_type=\"column\">\n\t\t\t<div class=\"elementor-widget-wrap elementor-element-populated\">\n\t\t\t\t\t\t<div class=\"elementor-element elementor-element-4ab25c54 elementor-widget elementor-widget-heading\" data-id=\"4ab25c54\" data-element_type=\"widget\" data-widget_type=\"heading.default\">\n\t\t\t\t<div class=\"elementor-widget-container\">\n\t\t\t<h2 class=\"elementor-heading-title elementor-size-default\">Para qu\u00e9 sirve<\/h2>\t\t<\/div>\n\t\t\t\t<\/div>\n\t\t\t\t<div class=\"elementor-element elementor-element-1eee4614 elementor-widget elementor-widget-text-editor\" data-id=\"1eee4614\" data-element_type=\"widget\" data-widget_type=\"text-editor.default\">\n\t\t\t\t<div class=\"elementor-widget-container\">\n\t\t\t\t\t\t\t<p><span lang=\"es-ES\">Internet de las cosas (IoT) ha impactado significativamente en el sector de la electr\u00f3nica de consumo, tal y como la conocemos hoy. Cada vez m\u00e1s dispositivos conectados a IoT est\u00e1n accediendo al mercado, y los consumidores de todo el mundo tienen las mismas preguntas: \u00bfQu\u00e9 tarjeta SIM debo escoger? \u00bfQu\u00e9 plan de datos es el m\u00e1s adecuado para mi dispositivo sin gastar demasiado dinero? \u00bfPuede simHERO utilizarse para todo tipo de dispositivos? \u00bfQu\u00e9 significa tener 100 megabytes?<\/span><\/p><p><span lang=\"es-ES\">simHERO da respuesta a todas tus preguntas. Empleamos grandes esfuerzos en crear los planes de datos y tarifas adecuados para ti y todos tus dispositivos. Queremos asegurarnos de que traslademos los bytes y bits al rendimiento real de tu dispositivo, ahorr\u00e1ndote tiempo y dinero. Asimismo, estamos explorando constantemente los mercados en b\u00fasqueda de nuevos dispositivos de IoT, comprobando que simHERO se ajuste a la perfecci\u00f3n. Donde hay voluntad, hay un camino. Y donde hay una ranura SIM, hay simHERO. Nuestra tarjeta SIM mundial para IoT puede usarse en cada dispositivo de IoT mediante datos y\/o SMS.<\/span><\/p><p><span lang=\"es-ES\">Invertir dinero, tiempo y energ\u00eda para entender mejor el dispositivo de IoT y el comportamiento del usuario relacionado con el mismo ha sido hasta ahora un elemento clave de nuestro \u00e9xito. Nos hemos percatado de que, al entender los casos pr\u00e1cticos de nuestros clientes, tambi\u00e9n seremos capaces de asesorarles de forma fiable a lo largo de este viaje por el IoT.<\/span><\/p><p><span lang=\"es-ES\">Algunos ejemplos:<\/span><\/p>\t\t\t\t\t\t<\/div>\n\t\t\t\t<\/div>\n\t\t\t\t<section class=\"elementor-section elementor-inner-section elementor-element elementor-element-128b55f4 elementor-section-boxed elementor-section-height-default elementor-section-height-default\" data-id=\"128b55f4\" data-element_type=\"section\">\n\t\t\t\t\t\t<div class=\"elementor-container elementor-column-gap-default\">\n\t\t\t\t\t<div class=\"elementor-column elementor-col-33 elementor-inner-column elementor-element elementor-element-c0a5295\" data-id=\"c0a5295\" data-element_type=\"column\">\n\t\t\t<div class=\"elementor-widget-wrap elementor-element-populated\">\n\t\t\t\t\t\t<div class=\"elementor-element elementor-element-4a7ba2a3 elementor-position-top elementor-widget elementor-widget-image-box\" data-id=\"4a7ba2a3\" data-element_type=\"widget\" data-widget_type=\"image-box.default\">\n\t\t\t\t<div class=\"elementor-widget-container\">\n\t\t\t<div class=\"elementor-image-box-wrapper\"><figure class=\"elementor-image-box-img\"><a href=\"https:\/\/simhero.com\/es\/casos-practicos\/camaras-de-rastreo\/\" tabindex=\"-1\"><img fetchpriority=\"high\" decoding=\"async\" width=\"1000\" height=\"667\" src=\"https:\/\/simhero.com\/wp-content\/uploads\/2020\/07\/trail-camera-join-the-path.jpg\" class=\"attachment-full size-full wp-image-883\" alt=\"\" srcset=\"https:\/\/simhero.com\/wp-content\/uploads\/2020\/07\/trail-camera-join-the-path.jpg 1000w, https:\/\/simhero.com\/wp-content\/uploads\/2020\/07\/trail-camera-join-the-path-300x200.jpg 300w, https:\/\/simhero.com\/wp-content\/uploads\/2020\/07\/trail-camera-join-the-path-768x512.jpg 768w\" sizes=\"(max-width: 1000px) 100vw, 1000px\" \/><\/a><\/figure><div class=\"elementor-image-box-content\"><span class=\"elementor-image-box-title\"><a href=\"https:\/\/simhero.com\/es\/casos-practicos\/camaras-de-rastreo\/\">simHERO en C\u00c1MARAS DE RASTREO<\/a><\/span><\/div><\/div>\t\t<\/div>\n\t\t\t\t<\/div>\n\t\t\t\t\t<\/div>\n\t\t<\/div>\n\t\t\t\t<div class=\"elementor-column elementor-col-33 elementor-inner-column elementor-element elementor-element-17832f74\" data-id=\"17832f74\" data-element_type=\"column\">\n\t\t\t<div class=\"elementor-widget-wrap elementor-element-populated\">\n\t\t\t\t\t\t<div class=\"elementor-element elementor-element-1cf9e2e1 elementor-position-top elementor-widget elementor-widget-image-box\" data-id=\"1cf9e2e1\" data-element_type=\"widget\" data-widget_type=\"image-box.default\">\n\t\t\t\t<div class=\"elementor-widget-container\">\n\t\t\t<div class=\"elementor-image-box-wrapper\"><figure class=\"elementor-image-box-img\"><a href=\"https:\/\/simhero.com\/es\/casos-practicos\/sistemas-de-seguridad\/\" tabindex=\"-1\"><img decoding=\"async\" width=\"1000\" height=\"667\" src=\"https:\/\/simhero.com\/wp-content\/uploads\/2020\/07\/security-systems.jpg\" class=\"attachment-full size-full wp-image-884\" alt=\"\" srcset=\"https:\/\/simhero.com\/wp-content\/uploads\/2020\/07\/security-systems.jpg 1000w, https:\/\/simhero.com\/wp-content\/uploads\/2020\/07\/security-systems-300x200.jpg 300w, https:\/\/simhero.com\/wp-content\/uploads\/2020\/07\/security-systems-768x512.jpg 768w\" sizes=\"(max-width: 1000px) 100vw, 1000px\" \/><\/a><\/figure><div class=\"elementor-image-box-content\"><span class=\"elementor-image-box-title\"><a href=\"https:\/\/simhero.com\/es\/casos-practicos\/sistemas-de-seguridad\/\">simHERO en SISTEMAS DE SEGURIDAD<\/a><\/span><\/div><\/div>\t\t<\/div>\n\t\t\t\t<\/div>\n\t\t\t\t\t<\/div>\n\t\t<\/div>\n\t\t\t\t<div class=\"elementor-column elementor-col-33 elementor-inner-column elementor-element elementor-element-5f9378e4\" data-id=\"5f9378e4\" data-element_type=\"column\">\n\t\t\t<div class=\"elementor-widget-wrap elementor-element-populated\">\n\t\t\t\t\t\t<div class=\"elementor-element elementor-element-4920c673 elementor-position-top elementor-widget elementor-widget-image-box\" data-id=\"4920c673\" data-element_type=\"widget\" data-widget_type=\"image-box.default\">\n\t\t\t\t<div class=\"elementor-widget-container\">\n\t\t\t<div class=\"elementor-image-box-wrapper\"><figure class=\"elementor-image-box-img\"><a href=\"https:\/\/simhero.com\/es\/casos-practicos\/rastreadores-de-mascotas\/\" tabindex=\"-1\"><img decoding=\"async\" width=\"1000\" height=\"667\" src=\"https:\/\/simhero.com\/wp-content\/uploads\/2020\/07\/pet-tracker-cat.jpg\" class=\"attachment-full size-full wp-image-885\" alt=\"\" srcset=\"https:\/\/simhero.com\/wp-content\/uploads\/2020\/07\/pet-tracker-cat.jpg 1000w, https:\/\/simhero.com\/wp-content\/uploads\/2020\/07\/pet-tracker-cat-300x200.jpg 300w, https:\/\/simhero.com\/wp-content\/uploads\/2020\/07\/pet-tracker-cat-768x512.jpg 768w\" sizes=\"(max-width: 1000px) 100vw, 1000px\" \/><\/a><\/figure><div class=\"elementor-image-box-content\"><span class=\"elementor-image-box-title\"><a href=\"https:\/\/simhero.com\/es\/casos-practicos\/rastreadores-de-mascotas\/\">simHERO en RASTREADORES DE MASCOTAS<\/a><\/span><\/div><\/div>\t\t<\/div>\n\t\t\t\t<\/div>\n\t\t\t\t\t<\/div>\n\t\t<\/div>\n\t\t\t\t\t<\/div>\n\t\t<\/section>\n\t\t\t\t<section class=\"elementor-section elementor-inner-section elementor-element elementor-element-62acb2df elementor-section-boxed elementor-section-height-default elementor-section-height-default\" data-id=\"62acb2df\" data-element_type=\"section\">\n\t\t\t\t\t\t<div class=\"elementor-container elementor-column-gap-default\">\n\t\t\t\t\t<div class=\"elementor-column elementor-col-33 elementor-inner-column elementor-element elementor-element-59f33149\" data-id=\"59f33149\" data-element_type=\"column\">\n\t\t\t<div class=\"elementor-widget-wrap elementor-element-populated\">\n\t\t\t\t\t\t<div class=\"elementor-element elementor-element-5a410f6a elementor-position-top elementor-widget elementor-widget-image-box\" data-id=\"5a410f6a\" data-element_type=\"widget\" data-widget_type=\"image-box.default\">\n\t\t\t\t<div class=\"elementor-widget-container\">\n\t\t\t<div class=\"elementor-image-box-wrapper\"><figure class=\"elementor-image-box-img\"><a href=\"https:\/\/simhero.com\/es\/casos-practicos\/rastreadores-de-vehiculos\/\" tabindex=\"-1\"><img loading=\"lazy\" decoding=\"async\" width=\"640\" height=\"426\" src=\"https:\/\/simhero.com\/wp-content\/uploads\/2020\/06\/vehicle.jpg\" class=\"attachment-full size-full wp-image-495\" alt=\"\" srcset=\"https:\/\/simhero.com\/wp-content\/uploads\/2020\/06\/vehicle.jpg 640w, https:\/\/simhero.com\/wp-content\/uploads\/2020\/06\/vehicle-300x200.jpg 300w\" sizes=\"(max-width: 640px) 100vw, 640px\" \/><\/a><\/figure><div class=\"elementor-image-box-content\"><span class=\"elementor-image-box-title\"><a href=\"https:\/\/simhero.com\/es\/casos-practicos\/rastreadores-de-vehiculos\/\">simHERO en RASTREADORES DE VEH\u00cdCULOS<\/a><\/span><\/div><\/div>\t\t<\/div>\n\t\t\t\t<\/div>\n\t\t\t\t\t<\/div>\n\t\t<\/div>\n\t\t\t\t<div class=\"elementor-column elementor-col-33 elementor-inner-column elementor-element elementor-element-68550e5c\" data-id=\"68550e5c\" data-element_type=\"column\">\n\t\t\t<div class=\"elementor-widget-wrap elementor-element-populated\">\n\t\t\t\t\t\t<div class=\"elementor-element elementor-element-26bf3a6a elementor-position-top elementor-widget elementor-widget-image-box\" data-id=\"26bf3a6a\" data-element_type=\"widget\" data-widget_type=\"image-box.default\">\n\t\t\t\t<div class=\"elementor-widget-container\">\n\t\t\t<div class=\"elementor-image-box-wrapper\"><figure class=\"elementor-image-box-img\"><a href=\"https:\/\/simhero.com\/es\/casos-practicos\/simhero-en-relojes-infantiles\/\" tabindex=\"-1\"><img loading=\"lazy\" decoding=\"async\" width=\"640\" height=\"426\" src=\"https:\/\/simhero.com\/wp-content\/uploads\/2020\/06\/kidwatches.jpg\" class=\"attachment-full size-full wp-image-3366\" alt=\"\" srcset=\"https:\/\/simhero.com\/wp-content\/uploads\/2020\/06\/kidwatches.jpg 640w, https:\/\/simhero.com\/wp-content\/uploads\/2020\/06\/kidwatches-300x200.jpg 300w\" sizes=\"(max-width: 640px) 100vw, 640px\" \/><\/a><\/figure><div class=\"elementor-image-box-content\"><span class=\"elementor-image-box-title\"><a href=\"https:\/\/simhero.com\/es\/casos-practicos\/simhero-en-relojes-infantiles\/\">simHERO en RELOJES INFANTILES<\/a><\/span><\/div><\/div>\t\t<\/div>\n\t\t\t\t<\/div>\n\t\t\t\t\t<\/div>\n\t\t<\/div>\n\t\t\t\t<div class=\"elementor-column elementor-col-33 elementor-inner-column elementor-element elementor-element-315033cc\" data-id=\"315033cc\" data-element_type=\"column\">\n\t\t\t<div class=\"elementor-widget-wrap\">\n\t\t\t\t\t\t\t<\/div>\n\t\t<\/div>\n\t\t\t\t\t<\/div>\n\t\t<\/section>\n\t\t\t\t\t<\/div>\n\t\t<\/div>\n\t\t\t\t\t<\/div>\n\t\t<\/section>\n\t\t\t\t<\/div>\n\t\t","protected":false},"excerpt":{"rendered":"<p>Casos pr\u00e1cticos simHERO Para qu\u00e9 sirve Internet de las cosas (IoT) ha impactado significativamente en el sector de la electr\u00f3nica de consumo, tal y como la conocemos hoy. Cada vez m\u00e1s dispositivos conectados a IoT est\u00e1n accediendo al mercado, y los consumidores de todo el mundo tienen las mismas preguntas: \u00bfQu\u00e9 tarjeta SIM debo escoger? [&hellip;]<\/p>\n","protected":false},"author":2,"featured_media":3726,"parent":0,"menu_order":0,"comment_status":"closed","ping_status":"closed","template":"elementor_header_footer","meta":{"footnotes":""},"yoast_head":"<!-- This site is optimized with the Yoast SEO plugin v23.4 - https:\/\/yoast.com\/wordpress\/plugins\/seo\/ -->\n<title>Casos pr\u00e1cticos - simHERO<\/title>\n<meta name=\"robots\" content=\"index, follow, max-snippet:-1, max-image-preview:large, max-video-preview:-1\" \/>\n<link rel=\"canonical\" href=\"https:\/\/simhero.com\/es\/casos-practicos\/\" \/>\n<meta property=\"og:locale\" content=\"es_ES\" \/>\n<meta property=\"og:type\" content=\"article\" \/>\n<meta property=\"og:title\" content=\"Casos pr\u00e1cticos - simHERO\" \/>\n<meta property=\"og:description\" content=\"Casos pr\u00e1cticos simHERO Para qu\u00e9 sirve Internet de las cosas (IoT) ha impactado significativamente en el sector de la electr\u00f3nica de consumo, tal y como la conocemos hoy. Cada vez m\u00e1s dispositivos conectados a IoT est\u00e1n accediendo al mercado, y los consumidores de todo el mundo tienen las mismas preguntas: \u00bfQu\u00e9 tarjeta SIM debo escoger? [&hellip;]\" \/>\n<meta property=\"og:url\" content=\"https:\/\/simhero.com\/es\/casos-practicos\/\" \/>\n<meta property=\"og:site_name\" content=\"simHERO\" \/>\n<meta property=\"article:publisher\" content=\"https:\/\/www.facebook.com\/freeewaysimhero\/\" \/>\n<meta property=\"article:modified_time\" content=\"2020-11-26T12:43:33+00:00\" \/>\n<meta property=\"og:image\" content=\"https:\/\/simhero.com\/wp-content\/uploads\/2020\/06\/arc-scaled.jpg\" \/>\n\t<meta property=\"og:image:width\" content=\"2560\" \/>\n\t<meta property=\"og:image:height\" content=\"1067\" \/>\n\t<meta property=\"og:image:type\" content=\"image\/jpeg\" \/>\n<meta name=\"twitter:card\" content=\"summary_large_image\" \/>\n<meta name=\"twitter:label1\" content=\"Tiempo de lectura\" \/>\n\t<meta name=\"twitter:data1\" content=\"1 minuto\" \/>\n<script type=\"application\/ld+json\" class=\"yoast-schema-graph\">{\"@context\":\"https:\/\/schema.org\",\"@graph\":[{\"@type\":\"WebPage\",\"@id\":\"https:\/\/simhero.com\/es\/casos-practicos\/\",\"url\":\"https:\/\/simhero.com\/es\/casos-practicos\/\",\"name\":\"Casos pr\u00e1cticos - simHERO\",\"isPartOf\":{\"@id\":\"https:\/\/simhero.com\/es\/#website\"},\"primaryImageOfPage\":{\"@id\":\"https:\/\/simhero.com\/es\/casos-practicos\/#primaryimage\"},\"image\":{\"@id\":\"https:\/\/simhero.com\/es\/casos-practicos\/#primaryimage\"},\"thumbnailUrl\":\"https:\/\/simhero.com\/wp-content\/uploads\/2020\/06\/arc-scaled.jpg\",\"datePublished\":\"2020-11-24T18:56:43+00:00\",\"dateModified\":\"2020-11-26T12:43:33+00:00\",\"breadcrumb\":{\"@id\":\"https:\/\/simhero.com\/es\/casos-practicos\/#breadcrumb\"},\"inLanguage\":\"es\",\"potentialAction\":[{\"@type\":\"ReadAction\",\"target\":[\"https:\/\/simhero.com\/es\/casos-practicos\/\"]}]},{\"@type\":\"ImageObject\",\"inLanguage\":\"es\",\"@id\":\"https:\/\/simhero.com\/es\/casos-practicos\/#primaryimage\",\"url\":\"https:\/\/simhero.com\/wp-content\/uploads\/2020\/06\/arc-scaled.jpg\",\"contentUrl\":\"https:\/\/simhero.com\/wp-content\/uploads\/2020\/06\/arc-scaled.jpg\",\"width\":2560,\"height\":1067},{\"@type\":\"BreadcrumbList\",\"@id\":\"https:\/\/simhero.com\/es\/casos-practicos\/#breadcrumb\",\"itemListElement\":[{\"@type\":\"ListItem\",\"position\":1,\"name\":\"Portada\",\"item\":\"http:\/\/simhero.com\/es\/\"},{\"@type\":\"ListItem\",\"position\":2,\"name\":\"Casos pr\u00e1cticos\"}]},{\"@type\":\"WebSite\",\"@id\":\"https:\/\/simhero.com\/es\/#website\",\"url\":\"https:\/\/simhero.com\/es\/\",\"name\":\"simHERO\",\"description\":\"\",\"potentialAction\":[{\"@type\":\"SearchAction\",\"target\":{\"@type\":\"EntryPoint\",\"urlTemplate\":\"https:\/\/simhero.com\/es\/?s={search_term_string}\"},\"query-input\":{\"@type\":\"PropertyValueSpecification\",\"valueRequired\":true,\"valueName\":\"search_term_string\"}}],\"inLanguage\":\"es\"}]}<\/script>\n<!-- \/ Yoast SEO plugin. -->","yoast_head_json":{"title":"Casos pr\u00e1cticos - simHERO","robots":{"index":"index","follow":"follow","max-snippet":"max-snippet:-1","max-image-preview":"max-image-preview:large","max-video-preview":"max-video-preview:-1"},"canonical":"https:\/\/simhero.com\/es\/casos-practicos\/","og_locale":"es_ES","og_type":"article","og_title":"Casos pr\u00e1cticos - simHERO","og_description":"Casos pr\u00e1cticos simHERO Para qu\u00e9 sirve Internet de las cosas (IoT) ha impactado significativamente en el sector de la electr\u00f3nica de consumo, tal y como la conocemos hoy. Cada vez m\u00e1s dispositivos conectados a IoT est\u00e1n accediendo al mercado, y los consumidores de todo el mundo tienen las mismas preguntas: \u00bfQu\u00e9 tarjeta SIM debo escoger? [&hellip;]","og_url":"https:\/\/simhero.com\/es\/casos-practicos\/","og_site_name":"simHERO","article_publisher":"https:\/\/www.facebook.com\/freeewaysimhero\/","article_modified_time":"2020-11-26T12:43:33+00:00","og_image":[{"width":2560,"height":1067,"url":"https:\/\/simhero.com\/wp-content\/uploads\/2020\/06\/arc-scaled.jpg","type":"image\/jpeg"}],"twitter_card":"summary_large_image","twitter_misc":{"Tiempo de lectura":"1 minuto"},"schema":{"@context":"https:\/\/schema.org","@graph":[{"@type":"WebPage","@id":"https:\/\/simhero.com\/es\/casos-practicos\/","url":"https:\/\/simhero.com\/es\/casos-practicos\/","name":"Casos pr\u00e1cticos - simHERO","isPartOf":{"@id":"https:\/\/simhero.com\/es\/#website"},"primaryImageOfPage":{"@id":"https:\/\/simhero.com\/es\/casos-practicos\/#primaryimage"},"image":{"@id":"https:\/\/simhero.com\/es\/casos-practicos\/#primaryimage"},"thumbnailUrl":"https:\/\/simhero.com\/wp-content\/uploads\/2020\/06\/arc-scaled.jpg","datePublished":"2020-11-24T18:56:43+00:00","dateModified":"2020-11-26T12:43:33+00:00","breadcrumb":{"@id":"https:\/\/simhero.com\/es\/casos-practicos\/#breadcrumb"},"inLanguage":"es","potentialAction":[{"@type":"ReadAction","target":["https:\/\/simhero.com\/es\/casos-practicos\/"]}]},{"@type":"ImageObject","inLanguage":"es","@id":"https:\/\/simhero.com\/es\/casos-practicos\/#primaryimage","url":"https:\/\/simhero.com\/wp-content\/uploads\/2020\/06\/arc-scaled.jpg","contentUrl":"https:\/\/simhero.com\/wp-content\/uploads\/2020\/06\/arc-scaled.jpg","width":2560,"height":1067},{"@type":"BreadcrumbList","@id":"https:\/\/simhero.com\/es\/casos-practicos\/#breadcrumb","itemListElement":[{"@type":"ListItem","position":1,"name":"Portada","item":"http:\/\/simhero.com\/es\/"},{"@type":"ListItem","position":2,"name":"Casos pr\u00e1cticos"}]},{"@type":"WebSite","@id":"https:\/\/simhero.com\/es\/#website","url":"https:\/\/simhero.com\/es\/","name":"simHERO","description":"","potentialAction":[{"@type":"SearchAction","target":{"@type":"EntryPoint","urlTemplate":"https:\/\/simhero.com\/es\/?s={search_term_string}"},"query-input":{"@type":"PropertyValueSpecification","valueRequired":true,"valueName":"search_term_string"}}],"inLanguage":"es"}]}},"_links":{"self":[{"href":"https:\/\/simhero.com\/es\/wp-json\/wp\/v2\/pages\/3330"}],"collection":[{"href":"https:\/\/simhero.com\/es\/wp-json\/wp\/v2\/pages"}],"about":[{"href":"https:\/\/simhero.com\/es\/wp-json\/wp\/v2\/types\/page"}],"author":[{"embeddable":true,"href":"https:\/\/simhero.com\/es\/wp-json\/wp\/v2\/users\/2"}],"replies":[{"embeddable":true,"href":"https:\/\/simhero.com\/es\/wp-json\/wp\/v2\/comments?post=3330"}],"version-history":[{"count":7,"href":"https:\/\/simhero.com\/es\/wp-json\/wp\/v2\/pages\/3330\/revisions"}],"predecessor-version":[{"id":3697,"href":"https:\/\/simhero.com\/es\/wp-json\/wp\/v2\/pages\/3330\/revisions\/3697"}],"wp:featuredmedia":[{"embeddable":true,"href":"https:\/\/simhero.com\/es\/wp-json\/wp\/v2\/media\/3726"}],"wp:attachment":[{"href":"https:\/\/simhero.com\/es\/wp-json\/wp\/v2\/media?parent=3330"}],"curies":[{"name":"wp","href":"https:\/\/api.w.org\/{rel}","templated":true}]}}