{"id":2368,"date":"2020-06-24T09:51:15","date_gmt":"2020-06-24T07:51:15","guid":{"rendered":"http:\/\/3.65.206.27\/business\/use-cases\/pet-trackers\/"},"modified":"2020-11-19T11:23:19","modified_gmt":"2020-11-19T10:23:19","slug":"haustier-tracker","status":"publish","type":"page","link":"https:\/\/simhero.com\/de\/business\/anwendungsfaelle\/haustier-tracker\/","title":{"rendered":"Haustier Tracker"},"content":{"rendered":"\t\t<div data-elementor-type=\"wp-page\" data-elementor-id=\"2368\" class=\"elementor elementor-2368 elementor-455\" data-elementor-post-type=\"page\">\n\t\t\t\t\t\t<section class=\"elementor-section elementor-top-section elementor-element elementor-element-e906b13 elementor-section-height-min-height elementor-section-boxed elementor-section-height-default elementor-section-items-middle\" data-id=\"e906b13\" data-element_type=\"section\" data-settings=\"{&quot;background_background&quot;:&quot;classic&quot;}\">\n\t\t\t\t\t\t\t<div class=\"elementor-background-overlay\"><\/div>\n\t\t\t\t\t\t\t<div class=\"elementor-container elementor-column-gap-default\">\n\t\t\t\t\t<div class=\"elementor-column elementor-col-100 elementor-top-column elementor-element elementor-element-7ab1e683\" data-id=\"7ab1e683\" data-element_type=\"column\">\n\t\t\t<div class=\"elementor-widget-wrap elementor-element-populated\">\n\t\t\t\t\t\t<div class=\"elementor-element elementor-element-777c425b elementor-widget elementor-widget-heading\" data-id=\"777c425b\" data-element_type=\"widget\" data-widget_type=\"heading.default\">\n\t\t\t\t<div class=\"elementor-widget-container\">\n\t\t\t<h1 class=\"elementor-heading-title elementor-size-default\">simHERO HAUSTIER-TRACKER<\/h1>\t\t<\/div>\n\t\t\t\t<\/div>\n\t\t\t\t\t<\/div>\n\t\t<\/div>\n\t\t\t\t\t<\/div>\n\t\t<\/section>\n\t\t\t\t<section class=\"elementor-section elementor-top-section elementor-element elementor-element-50c3dec7 elementor-section-boxed elementor-section-height-default elementor-section-height-default\" data-id=\"50c3dec7\" data-element_type=\"section\">\n\t\t\t\t\t\t<div class=\"elementor-container elementor-column-gap-default\">\n\t\t\t\t\t<div class=\"elementor-column elementor-col-100 elementor-top-column elementor-element elementor-element-b0c7dfc\" data-id=\"b0c7dfc\" data-element_type=\"column\">\n\t\t\t<div class=\"elementor-widget-wrap elementor-element-populated\">\n\t\t\t\t\t\t<div class=\"elementor-element elementor-element-6a17e94b elementor-widget elementor-widget-heading\" data-id=\"6a17e94b\" data-element_type=\"widget\" data-widget_type=\"heading.default\">\n\t\t\t\t<div class=\"elementor-widget-container\">\n\t\t\t<h2 class=\"elementor-heading-title elementor-size-default\">simHERO IoT-SIM-Karten in Haustier-Trackern<\/h2>\t\t<\/div>\n\t\t\t\t<\/div>\n\t\t\t\t<div class=\"elementor-element elementor-element-2ace4c05 elementor-widget elementor-widget-text-editor\" data-id=\"2ace4c05\" data-element_type=\"widget\" data-widget_type=\"text-editor.default\">\n\t\t\t\t<div class=\"elementor-widget-container\">\n\t\t\t\t\t\t\t<p>simHERO IoT-SIM-Karten sorgen f\u00fcr die Sicherheit Ihrer geliebten Haustiere. Haustierbesitzer brauchen sich nicht zu sorgen, wenn ihre Hunde ausb\u00fcchsen und allein auf Abenteuerreise gehen oder ihre Katzen drau\u00dfen herumstreunen. Dank der simHERO IoT-Konnektivit\u00e4t k\u00f6nnen die Haustierbesitzer den Aufenthaltsort ihres Lieblings zu jeder Zeit bestimmen und werden alarmiert, sobald ihr Vierbeiner das Zuhause verl\u00e4sst. Es spielt keine Rolle, wie weit sich der Vierbeiner von Ihrem Zuhause entfernt, mit simHERO haben Sie alles unter Kontrolle.<\/p>\t\t\t\t\t\t<\/div>\n\t\t\t\t<\/div>\n\t\t\t\t\t<\/div>\n\t\t<\/div>\n\t\t\t\t\t<\/div>\n\t\t<\/section>\n\t\t\t\t<section class=\"elementor-section elementor-top-section elementor-element elementor-element-546d8574 elementor-section-content-middle elementor-section-boxed elementor-section-height-default elementor-section-height-default\" data-id=\"546d8574\" data-element_type=\"section\">\n\t\t\t\t\t\t<div class=\"elementor-container elementor-column-gap-wider\">\n\t\t\t\t\t<div class=\"elementor-column elementor-col-50 elementor-top-column elementor-element elementor-element-4ab3eafc\" data-id=\"4ab3eafc\" data-element_type=\"column\">\n\t\t\t<div class=\"elementor-widget-wrap elementor-element-populated\">\n\t\t\t\t\t\t<div class=\"elementor-element elementor-element-390c6e39 elementor-widget elementor-widget-image\" data-id=\"390c6e39\" data-element_type=\"widget\" data-widget_type=\"image.default\">\n\t\t\t\t<div class=\"elementor-widget-container\">\n\t\t\t\t\t\t\t\t\t\t\t\t\t<img fetchpriority=\"high\" decoding=\"async\" width=\"640\" height=\"426\" src=\"https:\/\/simhero.com\/wp-content\/uploads\/2020\/06\/dog-running.jpg\" class=\"attachment-large size-large wp-image-1318\" alt=\"\" srcset=\"https:\/\/simhero.com\/wp-content\/uploads\/2020\/06\/dog-running.jpg 640w, https:\/\/simhero.com\/wp-content\/uploads\/2020\/06\/dog-running-300x200.jpg 300w\" sizes=\"(max-width: 640px) 100vw, 640px\" \/>\t\t\t\t\t\t\t\t\t\t\t\t\t<\/div>\n\t\t\t\t<\/div>\n\t\t\t\t\t<\/div>\n\t\t<\/div>\n\t\t\t\t<div class=\"elementor-column elementor-col-50 elementor-top-column elementor-element elementor-element-2a347bf2\" data-id=\"2a347bf2\" data-element_type=\"column\">\n\t\t\t<div class=\"elementor-widget-wrap elementor-element-populated\">\n\t\t\t\t\t\t<div class=\"elementor-element elementor-element-3a451f09 elementor-widget elementor-widget-heading\" data-id=\"3a451f09\" data-element_type=\"widget\" data-widget_type=\"heading.default\">\n\t\t\t\t<div class=\"elementor-widget-container\">\n\t\t\t<h3 class=\"elementor-heading-title elementor-size-default\">Weltweite IoT-SIM-Karte<\/h3>\t\t<\/div>\n\t\t\t\t<\/div>\n\t\t\t\t<div class=\"elementor-element elementor-element-7e792830 elementor-widget elementor-widget-heading\" data-id=\"7e792830\" data-element_type=\"widget\" data-widget_type=\"heading.default\">\n\t\t\t\t<div class=\"elementor-widget-container\">\n\t\t\t<h2 class=\"elementor-heading-title elementor-size-default\">Komm her!<\/h2>\t\t<\/div>\n\t\t\t\t<\/div>\n\t\t\t\t<div class=\"elementor-element elementor-element-364f8258 elementor-widget elementor-widget-text-editor\" data-id=\"364f8258\" data-element_type=\"widget\" data-widget_type=\"text-editor.default\">\n\t\t\t\t<div class=\"elementor-widget-container\">\n\t\t\t\t\t\t\t<p>Vierbeiner sind st\u00e4ndig auf der Suche nach neuen Abenteuern. Um jeden ihrer Schritte zu \u00fcberwachen, stellt simHERO sicher, dass Ihre Lieblinge immer in Sichtweite bleiben. Egal ob bei einem Waldspaziergang oder in einem Gebiet, wo das Netzsignal nicht so stabil ist, unsere weltweite IoT SIM-Karte beh\u00e4lt Ihre Haustiere im Auge \u2013 auf hohen Bergen oder in tiefen T\u00e4lern.<\/p>\t\t\t\t\t\t<\/div>\n\t\t\t\t<\/div>\n\t\t\t\t\t<\/div>\n\t\t<\/div>\n\t\t\t\t\t<\/div>\n\t\t<\/section>\n\t\t\t\t<section class=\"elementor-section elementor-top-section elementor-element elementor-element-3cfcc014 elementor-section-content-middle elementor-reverse-mobile elementor-section-boxed elementor-section-height-default elementor-section-height-default\" data-id=\"3cfcc014\" data-element_type=\"section\">\n\t\t\t\t\t\t<div class=\"elementor-container elementor-column-gap-wider\">\n\t\t\t\t\t<div class=\"elementor-column elementor-col-50 elementor-top-column elementor-element elementor-element-3b73f5e6\" data-id=\"3b73f5e6\" data-element_type=\"column\">\n\t\t\t<div class=\"elementor-widget-wrap elementor-element-populated\">\n\t\t\t\t\t\t<div class=\"elementor-element elementor-element-6d902316 elementor-widget elementor-widget-heading\" data-id=\"6d902316\" data-element_type=\"widget\" data-widget_type=\"heading.default\">\n\t\t\t\t<div class=\"elementor-widget-container\">\n\t\t\t<h3 class=\"elementor-heading-title elementor-size-default\">Keine SIM von lokalen Netzanbietern<\/h3>\t\t<\/div>\n\t\t\t\t<\/div>\n\t\t\t\t<div class=\"elementor-element elementor-element-c8929ab elementor-widget elementor-widget-heading\" data-id=\"c8929ab\" data-element_type=\"widget\" data-widget_type=\"heading.default\">\n\t\t\t\t<div class=\"elementor-widget-container\">\n\t\t\t<h2 class=\"elementor-heading-title elementor-size-default\">Haustiere auf Urlaub<\/h2>\t\t<\/div>\n\t\t\t\t<\/div>\n\t\t\t\t<div class=\"elementor-element elementor-element-4a6cb045 elementor-widget elementor-widget-text-editor\" data-id=\"4a6cb045\" data-element_type=\"widget\" data-widget_type=\"text-editor.default\">\n\t\t\t\t<div class=\"elementor-widget-container\">\n\t\t\t\t\t\t\t<p>Haustiere sind wie Familienmitglieder \u2013 und vielleicht wollen Sie Ihren Vierbeiner auch in den Urlaub mitnehmen. simHERO stellt sicher, dass Sie mit Ihrem Liebling den gemeinsamen Urlaub in vollen Z\u00fcgen genie\u00dfen, ohne sich mit den SIM-Karten \u00f6rtlicher Netzanbieter auseinandersetzen zu m\u00fcssen. Wir stellen sicher, dass alle Ihre Familienmitglieder, auch die Vierbeiner, gesund und munter bleiben.<\/p>\t\t\t\t\t\t<\/div>\n\t\t\t\t<\/div>\n\t\t\t\t\t<\/div>\n\t\t<\/div>\n\t\t\t\t<div class=\"elementor-column elementor-col-50 elementor-top-column elementor-element elementor-element-2053056d\" data-id=\"2053056d\" data-element_type=\"column\">\n\t\t\t<div class=\"elementor-widget-wrap elementor-element-populated\">\n\t\t\t\t\t\t<div class=\"elementor-element elementor-element-7fc59b3b elementor-widget elementor-widget-image\" data-id=\"7fc59b3b\" data-element_type=\"widget\" data-widget_type=\"image.default\">\n\t\t\t\t<div class=\"elementor-widget-container\">\n\t\t\t\t\t\t\t\t\t\t\t\t\t<img decoding=\"async\" width=\"640\" height=\"426\" src=\"https:\/\/simhero.com\/wp-content\/uploads\/2020\/06\/dog-holiday.jpg\" class=\"attachment-large size-large wp-image-1319\" alt=\"\" srcset=\"https:\/\/simhero.com\/wp-content\/uploads\/2020\/06\/dog-holiday.jpg 640w, https:\/\/simhero.com\/wp-content\/uploads\/2020\/06\/dog-holiday-300x200.jpg 300w\" sizes=\"(max-width: 640px) 100vw, 640px\" \/>\t\t\t\t\t\t\t\t\t\t\t\t\t<\/div>\n\t\t\t\t<\/div>\n\t\t\t\t\t<\/div>\n\t\t<\/div>\n\t\t\t\t\t<\/div>\n\t\t<\/section>\n\t\t\t\t<section class=\"elementor-section elementor-top-section elementor-element elementor-element-1f2873b8 elementor-section-content-middle elementor-section-boxed elementor-section-height-default elementor-section-height-default\" data-id=\"1f2873b8\" data-element_type=\"section\">\n\t\t\t\t\t\t<div class=\"elementor-container elementor-column-gap-wider\">\n\t\t\t\t\t<div class=\"elementor-column elementor-col-50 elementor-top-column elementor-element elementor-element-5899f35c\" data-id=\"5899f35c\" data-element_type=\"column\">\n\t\t\t<div class=\"elementor-widget-wrap elementor-element-populated\">\n\t\t\t\t\t\t<div class=\"elementor-element elementor-element-73389423 elementor-widget elementor-widget-image\" data-id=\"73389423\" data-element_type=\"widget\" data-widget_type=\"image.default\">\n\t\t\t\t<div class=\"elementor-widget-container\">\n\t\t\t\t\t\t\t\t\t\t\t\t\t<img decoding=\"async\" width=\"640\" height=\"426\" src=\"https:\/\/simhero.com\/wp-content\/uploads\/2020\/06\/trendy.jpg\" class=\"attachment-large size-large wp-image-1320\" alt=\"\" srcset=\"https:\/\/simhero.com\/wp-content\/uploads\/2020\/06\/trendy.jpg 640w, https:\/\/simhero.com\/wp-content\/uploads\/2020\/06\/trendy-300x200.jpg 300w\" sizes=\"(max-width: 640px) 100vw, 640px\" \/>\t\t\t\t\t\t\t\t\t\t\t\t\t<\/div>\n\t\t\t\t<\/div>\n\t\t\t\t\t<\/div>\n\t\t<\/div>\n\t\t\t\t<div class=\"elementor-column elementor-col-50 elementor-top-column elementor-element elementor-element-1401e5e6\" data-id=\"1401e5e6\" data-element_type=\"column\">\n\t\t\t<div class=\"elementor-widget-wrap elementor-element-populated\">\n\t\t\t\t\t\t<div class=\"elementor-element elementor-element-73b7ce57 elementor-widget elementor-widget-heading\" data-id=\"73b7ce57\" data-element_type=\"widget\" data-widget_type=\"heading.default\">\n\t\t\t\t<div class=\"elementor-widget-container\">\n\t\t\t<h3 class=\"elementor-heading-title elementor-size-default\">Mit den Trends mithalten<\/h3>\t\t<\/div>\n\t\t\t\t<\/div>\n\t\t\t\t<div class=\"elementor-element elementor-element-32af2618 elementor-widget elementor-widget-heading\" data-id=\"32af2618\" data-element_type=\"widget\" data-widget_type=\"heading.default\">\n\t\t\t\t<div class=\"elementor-widget-container\">\n\t\t\t<h2 class=\"elementor-heading-title elementor-size-default\">Zur\u00fcck in die Zukunft<\/h2>\t\t<\/div>\n\t\t\t\t<\/div>\n\t\t\t\t<div class=\"elementor-element elementor-element-51ef7a8b elementor-widget elementor-widget-text-editor\" data-id=\"51ef7a8b\" data-element_type=\"widget\" data-widget_type=\"text-editor.default\">\n\t\t\t\t<div class=\"elementor-widget-container\">\n\t\t\t\t\t\t\t<p>W\u00e4hrend die meisten Tracker 2G als Haupttechnologie verwenden, hat sich simHERO bereits darauf vorbereitet, die n\u00e4chste Version der Haustier-Tracker einzusetzen, indem LTE Cat M1 und alternativ NB-IoT bestellt werden k\u00f6nnen. simHERO stellt sicher, dass Sie mit den Trends mithalten und Ihre Kunden durch die Zugangsm\u00f6glichkeiten und Support beeindrucken k\u00f6nnen.<\/p>\t\t\t\t\t\t<\/div>\n\t\t\t\t<\/div>\n\t\t\t\t\t<\/div>\n\t\t<\/div>\n\t\t\t\t\t<\/div>\n\t\t<\/section>\n\t\t\t\t<section class=\"elementor-section elementor-top-section elementor-element elementor-element-1a3cb03 elementor-section-content-middle elementor-reverse-mobile elementor-section-boxed elementor-section-height-default elementor-section-height-default\" data-id=\"1a3cb03\" data-element_type=\"section\">\n\t\t\t\t\t\t<div class=\"elementor-container elementor-column-gap-wider\">\n\t\t\t\t\t<div class=\"elementor-column elementor-col-50 elementor-top-column elementor-element elementor-element-efa1b84\" data-id=\"efa1b84\" data-element_type=\"column\">\n\t\t\t<div class=\"elementor-widget-wrap elementor-element-populated\">\n\t\t\t\t\t\t<div class=\"elementor-element elementor-element-f758841 elementor-widget elementor-widget-heading\" data-id=\"f758841\" data-element_type=\"widget\" data-widget_type=\"heading.default\">\n\t\t\t\t<div class=\"elementor-widget-container\">\n\t\t\t<h3 class=\"elementor-heading-title elementor-size-default\">Mobile Daten<\/h3>\t\t<\/div>\n\t\t\t\t<\/div>\n\t\t\t\t<div class=\"elementor-element elementor-element-ee4a43a elementor-widget elementor-widget-heading\" data-id=\"ee4a43a\" data-element_type=\"widget\" data-widget_type=\"heading.default\">\n\t\t\t\t<div class=\"elementor-widget-container\">\n\t\t\t<h2 class=\"elementor-heading-title elementor-size-default\">Wo seid ihr gewesen? Wo seid ihr jetzt?<\/h2>\t\t<\/div>\n\t\t\t\t<\/div>\n\t\t\t\t<div class=\"elementor-element elementor-element-06b3530 elementor-widget elementor-widget-text-editor\" data-id=\"06b3530\" data-element_type=\"widget\" data-widget_type=\"text-editor.default\">\n\t\t\t\t<div class=\"elementor-widget-container\">\n\t\t\t\t\t\t\t<p>Manchmal m\u00f6chten Sie wissen, wo sich Ihr Haustier gerade befindet, und manchmal, wo es sich den ganzen Tag lang aufgehalten hat. Die richtigen simHERO Services liefern Ihnen die Antworten auf beide Fragen. Nutzen Sie SMS- oder Datendienste, um den momentanen Aufenthaltsort genau zu bestimmen oder verfolgen Sie Ihr geliebtes Haustier durch mobile Daten \u00fcber Stunden im Live-Tracking. Mit Ihrem simHERO \u201epay as you go\u201c-Tarif oder den ULTIMATE-Services ist alles m\u00f6glich.<\/p><p><span lang=\"en-US\">\u00a0<\/span><\/p>\t\t\t\t\t\t<\/div>\n\t\t\t\t<\/div>\n\t\t\t\t\t<\/div>\n\t\t<\/div>\n\t\t\t\t<div class=\"elementor-column elementor-col-50 elementor-top-column elementor-element elementor-element-4df0b5c\" data-id=\"4df0b5c\" data-element_type=\"column\">\n\t\t\t<div class=\"elementor-widget-wrap elementor-element-populated\">\n\t\t\t\t\t\t<div class=\"elementor-element elementor-element-c8a4489 elementor-widget elementor-widget-image\" data-id=\"c8a4489\" data-element_type=\"widget\" data-widget_type=\"image.default\">\n\t\t\t\t<div class=\"elementor-widget-container\">\n\t\t\t\t\t\t\t\t\t\t\t\t\t<img loading=\"lazy\" decoding=\"async\" width=\"640\" height=\"426\" src=\"https:\/\/simhero.com\/wp-content\/uploads\/2020\/06\/pettrackers.jpg\" class=\"attachment-large size-large wp-image-1312\" alt=\"\" srcset=\"https:\/\/simhero.com\/wp-content\/uploads\/2020\/06\/pettrackers.jpg 640w, https:\/\/simhero.com\/wp-content\/uploads\/2020\/06\/pettrackers-300x200.jpg 300w\" sizes=\"(max-width: 640px) 100vw, 640px\" \/>\t\t\t\t\t\t\t\t\t\t\t\t\t<\/div>\n\t\t\t\t<\/div>\n\t\t\t\t\t<\/div>\n\t\t<\/div>\n\t\t\t\t\t<\/div>\n\t\t<\/section>\n\t\t\t\t<\/div>\n\t\t","protected":false},"excerpt":{"rendered":"<p>simHERO HAUSTIER-TRACKER simHERO IoT-SIM-Karten in Haustier-Trackern simHERO IoT-SIM-Karten sorgen f\u00fcr die Sicherheit Ihrer geliebten Haustiere. Haustierbesitzer brauchen sich nicht zu sorgen, wenn ihre Hunde ausb\u00fcchsen und allein auf Abenteuerreise gehen oder ihre Katzen drau\u00dfen herumstreunen. Dank der simHERO IoT-Konnektivit\u00e4t k\u00f6nnen die Haustierbesitzer den Aufenthaltsort ihres Lieblings zu jeder Zeit bestimmen und werden alarmiert, sobald ihr [&hellip;]<\/p>\n","protected":false},"author":2,"featured_media":1392,"parent":2366,"menu_order":0,"comment_status":"closed","ping_status":"closed","template":"elementor_header_footer","meta":{"footnotes":""},"yoast_head":"<!-- This site is optimized with the Yoast SEO plugin v23.4 - https:\/\/yoast.com\/wordpress\/plugins\/seo\/ -->\n<title>Haustier Tracker - simHERO<\/title>\n<meta name=\"description\" content=\"simHERO IoT SIM cards secure beloved pets with pet trackers. No matter how far pets wander, simHERO assures full control.\" \/>\n<meta name=\"robots\" content=\"index, follow, max-snippet:-1, max-image-preview:large, max-video-preview:-1\" \/>\n<link rel=\"canonical\" href=\"https:\/\/simhero.com\/de\/business\/anwendungsfaelle\/haustier-tracker\/\" \/>\n<meta property=\"og:locale\" content=\"de_DE\" \/>\n<meta property=\"og:type\" content=\"article\" \/>\n<meta property=\"og:title\" content=\"Haustier Tracker - simHERO\" \/>\n<meta property=\"og:description\" content=\"simHERO IoT SIM cards secure beloved pets with pet trackers. No matter how far pets wander, simHERO assures full control.\" \/>\n<meta property=\"og:url\" content=\"https:\/\/simhero.com\/de\/business\/anwendungsfaelle\/haustier-tracker\/\" \/>\n<meta property=\"og:site_name\" content=\"simHERO\" \/>\n<meta property=\"article:publisher\" content=\"https:\/\/www.facebook.com\/freeewaysimhero\/\" \/>\n<meta property=\"article:modified_time\" content=\"2020-11-19T10:23:19+00:00\" \/>\n<meta property=\"og:image\" content=\"https:\/\/simhero.com\/wp-content\/uploads\/2020\/07\/pet-tracker-cat-1-scaled.jpg\" \/>\n\t<meta property=\"og:image:width\" content=\"2560\" \/>\n\t<meta property=\"og:image:height\" content=\"1067\" \/>\n\t<meta property=\"og:image:type\" content=\"image\/jpeg\" \/>\n<meta name=\"twitter:card\" content=\"summary_large_image\" \/>\n<meta name=\"twitter:label1\" content=\"Gesch\u00e4tzte Lesezeit\" \/>\n\t<meta name=\"twitter:data1\" content=\"2\u00a0Minuten\" \/>\n<script type=\"application\/ld+json\" class=\"yoast-schema-graph\">{\"@context\":\"https:\/\/schema.org\",\"@graph\":[{\"@type\":\"WebPage\",\"@id\":\"https:\/\/simhero.com\/de\/business\/anwendungsfaelle\/haustier-tracker\/\",\"url\":\"https:\/\/simhero.com\/de\/business\/anwendungsfaelle\/haustier-tracker\/\",\"name\":\"Haustier Tracker - simHERO\",\"isPartOf\":{\"@id\":\"https:\/\/simhero.com\/de\/#website\"},\"primaryImageOfPage\":{\"@id\":\"https:\/\/simhero.com\/de\/business\/anwendungsfaelle\/haustier-tracker\/#primaryimage\"},\"image\":{\"@id\":\"https:\/\/simhero.com\/de\/business\/anwendungsfaelle\/haustier-tracker\/#primaryimage\"},\"thumbnailUrl\":\"https:\/\/simhero.com\/wp-content\/uploads\/2020\/07\/pet-tracker-cat-1-scaled.jpg\",\"datePublished\":\"2020-06-24T07:51:15+00:00\",\"dateModified\":\"2020-11-19T10:23:19+00:00\",\"description\":\"simHERO IoT SIM cards secure beloved pets with pet trackers. No matter how far pets wander, simHERO assures full control.\",\"breadcrumb\":{\"@id\":\"https:\/\/simhero.com\/de\/business\/anwendungsfaelle\/haustier-tracker\/#breadcrumb\"},\"inLanguage\":\"de\",\"potentialAction\":[{\"@type\":\"ReadAction\",\"target\":[\"https:\/\/simhero.com\/de\/business\/anwendungsfaelle\/haustier-tracker\/\"]}]},{\"@type\":\"ImageObject\",\"inLanguage\":\"de\",\"@id\":\"https:\/\/simhero.com\/de\/business\/anwendungsfaelle\/haustier-tracker\/#primaryimage\",\"url\":\"https:\/\/simhero.com\/wp-content\/uploads\/2020\/07\/pet-tracker-cat-1-scaled.jpg\",\"contentUrl\":\"https:\/\/simhero.com\/wp-content\/uploads\/2020\/07\/pet-tracker-cat-1-scaled.jpg\",\"width\":2560,\"height\":1067},{\"@type\":\"BreadcrumbList\",\"@id\":\"https:\/\/simhero.com\/de\/business\/anwendungsfaelle\/haustier-tracker\/#breadcrumb\",\"itemListElement\":[{\"@type\":\"ListItem\",\"position\":1,\"name\":\"Startseite\",\"item\":\"https:\/\/simhero.com\/de\/\"},{\"@type\":\"ListItem\",\"position\":2,\"name\":\"Business\",\"item\":\"https:\/\/simhero.com\/de\/business\/\"},{\"@type\":\"ListItem\",\"position\":3,\"name\":\"Anwendungsf\u00e4lle\",\"item\":\"https:\/\/simhero.com\/de\/business\/anwendungsfaelle\/\"},{\"@type\":\"ListItem\",\"position\":4,\"name\":\"Haustier Tracker\"}]},{\"@type\":\"WebSite\",\"@id\":\"https:\/\/simhero.com\/de\/#website\",\"url\":\"https:\/\/simhero.com\/de\/\",\"name\":\"simHERO\",\"description\":\"\",\"potentialAction\":[{\"@type\":\"SearchAction\",\"target\":{\"@type\":\"EntryPoint\",\"urlTemplate\":\"https:\/\/simhero.com\/de\/?s={search_term_string}\"},\"query-input\":{\"@type\":\"PropertyValueSpecification\",\"valueRequired\":true,\"valueName\":\"search_term_string\"}}],\"inLanguage\":\"de\"}]}<\/script>\n<!-- \/ Yoast SEO plugin. -->","yoast_head_json":{"title":"Haustier Tracker - simHERO","description":"simHERO IoT SIM cards secure beloved pets with pet trackers. No matter how far pets wander, simHERO assures full control.","robots":{"index":"index","follow":"follow","max-snippet":"max-snippet:-1","max-image-preview":"max-image-preview:large","max-video-preview":"max-video-preview:-1"},"canonical":"https:\/\/simhero.com\/de\/business\/anwendungsfaelle\/haustier-tracker\/","og_locale":"de_DE","og_type":"article","og_title":"Haustier Tracker - simHERO","og_description":"simHERO IoT SIM cards secure beloved pets with pet trackers. No matter how far pets wander, simHERO assures full control.","og_url":"https:\/\/simhero.com\/de\/business\/anwendungsfaelle\/haustier-tracker\/","og_site_name":"simHERO","article_publisher":"https:\/\/www.facebook.com\/freeewaysimhero\/","article_modified_time":"2020-11-19T10:23:19+00:00","og_image":[{"width":2560,"height":1067,"url":"https:\/\/simhero.com\/wp-content\/uploads\/2020\/07\/pet-tracker-cat-1-scaled.jpg","type":"image\/jpeg"}],"twitter_card":"summary_large_image","twitter_misc":{"Gesch\u00e4tzte Lesezeit":"2\u00a0Minuten"},"schema":{"@context":"https:\/\/schema.org","@graph":[{"@type":"WebPage","@id":"https:\/\/simhero.com\/de\/business\/anwendungsfaelle\/haustier-tracker\/","url":"https:\/\/simhero.com\/de\/business\/anwendungsfaelle\/haustier-tracker\/","name":"Haustier Tracker - simHERO","isPartOf":{"@id":"https:\/\/simhero.com\/de\/#website"},"primaryImageOfPage":{"@id":"https:\/\/simhero.com\/de\/business\/anwendungsfaelle\/haustier-tracker\/#primaryimage"},"image":{"@id":"https:\/\/simhero.com\/de\/business\/anwendungsfaelle\/haustier-tracker\/#primaryimage"},"thumbnailUrl":"https:\/\/simhero.com\/wp-content\/uploads\/2020\/07\/pet-tracker-cat-1-scaled.jpg","datePublished":"2020-06-24T07:51:15+00:00","dateModified":"2020-11-19T10:23:19+00:00","description":"simHERO IoT SIM cards secure beloved pets with pet trackers. No matter how far pets wander, simHERO assures full control.","breadcrumb":{"@id":"https:\/\/simhero.com\/de\/business\/anwendungsfaelle\/haustier-tracker\/#breadcrumb"},"inLanguage":"de","potentialAction":[{"@type":"ReadAction","target":["https:\/\/simhero.com\/de\/business\/anwendungsfaelle\/haustier-tracker\/"]}]},{"@type":"ImageObject","inLanguage":"de","@id":"https:\/\/simhero.com\/de\/business\/anwendungsfaelle\/haustier-tracker\/#primaryimage","url":"https:\/\/simhero.com\/wp-content\/uploads\/2020\/07\/pet-tracker-cat-1-scaled.jpg","contentUrl":"https:\/\/simhero.com\/wp-content\/uploads\/2020\/07\/pet-tracker-cat-1-scaled.jpg","width":2560,"height":1067},{"@type":"BreadcrumbList","@id":"https:\/\/simhero.com\/de\/business\/anwendungsfaelle\/haustier-tracker\/#breadcrumb","itemListElement":[{"@type":"ListItem","position":1,"name":"Startseite","item":"https:\/\/simhero.com\/de\/"},{"@type":"ListItem","position":2,"name":"Business","item":"https:\/\/simhero.com\/de\/business\/"},{"@type":"ListItem","position":3,"name":"Anwendungsf\u00e4lle","item":"https:\/\/simhero.com\/de\/business\/anwendungsfaelle\/"},{"@type":"ListItem","position":4,"name":"Haustier Tracker"}]},{"@type":"WebSite","@id":"https:\/\/simhero.com\/de\/#website","url":"https:\/\/simhero.com\/de\/","name":"simHERO","description":"","potentialAction":[{"@type":"SearchAction","target":{"@type":"EntryPoint","urlTemplate":"https:\/\/simhero.com\/de\/?s={search_term_string}"},"query-input":{"@type":"PropertyValueSpecification","valueRequired":true,"valueName":"search_term_string"}}],"inLanguage":"de"}]}},"_links":{"self":[{"href":"https:\/\/simhero.com\/de\/wp-json\/wp\/v2\/pages\/2368"}],"collection":[{"href":"https:\/\/simhero.com\/de\/wp-json\/wp\/v2\/pages"}],"about":[{"href":"https:\/\/simhero.com\/de\/wp-json\/wp\/v2\/types\/page"}],"author":[{"embeddable":true,"href":"https:\/\/simhero.com\/de\/wp-json\/wp\/v2\/users\/2"}],"replies":[{"embeddable":true,"href":"https:\/\/simhero.com\/de\/wp-json\/wp\/v2\/comments?post=2368"}],"version-history":[{"count":4,"href":"https:\/\/simhero.com\/de\/wp-json\/wp\/v2\/pages\/2368\/revisions"}],"predecessor-version":[{"id":2614,"href":"https:\/\/simhero.com\/de\/wp-json\/wp\/v2\/pages\/2368\/revisions\/2614"}],"up":[{"embeddable":true,"href":"https:\/\/simhero.com\/de\/wp-json\/wp\/v2\/pages\/2366"}],"wp:featuredmedia":[{"embeddable":true,"href":"https:\/\/simhero.com\/de\/wp-json\/wp\/v2\/media\/1392"}],"wp:attachment":[{"href":"https:\/\/simhero.com\/de\/wp-json\/wp\/v2\/media?parent=2368"}],"curies":[{"name":"wp","href":"https:\/\/api.w.org\/{rel}","templated":true}]}}