{"id":2367,"date":"2020-06-24T09:52:31","date_gmt":"2020-06-24T07:52:31","guid":{"rendered":"http:\/\/3.65.206.27\/business\/use-cases\/kid-watches\/"},"modified":"2020-11-19T11:34:38","modified_gmt":"2020-11-19T10:34:38","slug":"kinderuhren","status":"publish","type":"page","link":"https:\/\/simhero.com\/de\/business\/anwendungsfaelle\/kinderuhren\/","title":{"rendered":"Kinderuhren"},"content":{"rendered":"\t\t<div data-elementor-type=\"wp-page\" data-elementor-id=\"2367\" class=\"elementor elementor-2367 elementor-459\" data-elementor-post-type=\"page\">\n\t\t\t\t\t\t<section class=\"elementor-section elementor-top-section elementor-element elementor-element-7366b4fe elementor-section-height-min-height elementor-section-boxed elementor-section-height-default elementor-section-items-middle\" data-id=\"7366b4fe\" data-element_type=\"section\" data-settings=\"{&quot;background_background&quot;:&quot;classic&quot;}\">\n\t\t\t\t\t\t\t<div class=\"elementor-background-overlay\"><\/div>\n\t\t\t\t\t\t\t<div class=\"elementor-container elementor-column-gap-default\">\n\t\t\t\t\t<div class=\"elementor-column elementor-col-100 elementor-top-column elementor-element elementor-element-12640dd8\" data-id=\"12640dd8\" data-element_type=\"column\">\n\t\t\t<div class=\"elementor-widget-wrap elementor-element-populated\">\n\t\t\t\t\t\t<div class=\"elementor-element elementor-element-684578bd elementor-widget elementor-widget-heading\" data-id=\"684578bd\" data-element_type=\"widget\" data-widget_type=\"heading.default\">\n\t\t\t\t<div class=\"elementor-widget-container\">\n\t\t\t<h1 class=\"elementor-heading-title elementor-size-default\">simHERO KINDERUHREN<\/h1>\t\t<\/div>\n\t\t\t\t<\/div>\n\t\t\t\t\t<\/div>\n\t\t<\/div>\n\t\t\t\t\t<\/div>\n\t\t<\/section>\n\t\t\t\t<section class=\"elementor-section elementor-top-section elementor-element elementor-element-11961ac6 elementor-section-boxed elementor-section-height-default elementor-section-height-default\" data-id=\"11961ac6\" data-element_type=\"section\">\n\t\t\t\t\t\t<div class=\"elementor-container elementor-column-gap-default\">\n\t\t\t\t\t<div class=\"elementor-column elementor-col-100 elementor-top-column elementor-element elementor-element-4df4d4b\" data-id=\"4df4d4b\" data-element_type=\"column\">\n\t\t\t<div class=\"elementor-widget-wrap elementor-element-populated\">\n\t\t\t\t\t\t<div class=\"elementor-element elementor-element-6fcf1178 elementor-widget elementor-widget-heading\" data-id=\"6fcf1178\" data-element_type=\"widget\" data-widget_type=\"heading.default\">\n\t\t\t\t<div class=\"elementor-widget-container\">\n\t\t\t<h2 class=\"elementor-heading-title elementor-size-default\">simHERO IoT-SIM-Karten in Kinderuhren<\/h2>\t\t<\/div>\n\t\t\t\t<\/div>\n\t\t\t\t<div class=\"elementor-element elementor-element-107069a8 elementor-widget elementor-widget-text-editor\" data-id=\"107069a8\" data-element_type=\"widget\" data-widget_type=\"text-editor.default\">\n\t\t\t\t<div class=\"elementor-widget-container\">\n\t\t\t\t\t\t\t<p>Es gibt nichts Wichtigeres als unsere Kinder. Auch f\u00fcr simHERO. Als Eltern verstehen wir voll und ganz den Balanceakt, unseren Kindern einerseits Freiheit zu g\u00f6nnen und sie zugleich von Bedrohungen und Gefahren fernzuhalten. Aus Liebe zu unseren Kindern tun wir bei simHERO alles Erdenkliche, wenn es darum geht, sie zu besch\u00fctzen \u2013 auch mit Hilfe verbundener elektronischer Ger\u00e4te wie Kinderuhren oder Kinder-Tracker.<\/p>\t\t\t\t\t\t<\/div>\n\t\t\t\t<\/div>\n\t\t\t\t\t<\/div>\n\t\t<\/div>\n\t\t\t\t\t<\/div>\n\t\t<\/section>\n\t\t\t\t<section class=\"elementor-section elementor-top-section elementor-element elementor-element-1f386f75 elementor-section-content-middle elementor-section-boxed elementor-section-height-default elementor-section-height-default\" data-id=\"1f386f75\" data-element_type=\"section\">\n\t\t\t\t\t\t<div class=\"elementor-container elementor-column-gap-wider\">\n\t\t\t\t\t<div class=\"elementor-column elementor-col-50 elementor-top-column elementor-element elementor-element-2218acee\" data-id=\"2218acee\" data-element_type=\"column\">\n\t\t\t<div class=\"elementor-widget-wrap elementor-element-populated\">\n\t\t\t\t\t\t<div class=\"elementor-element elementor-element-456d00fb elementor-widget elementor-widget-image\" data-id=\"456d00fb\" data-element_type=\"widget\" data-widget_type=\"image.default\">\n\t\t\t\t<div class=\"elementor-widget-container\">\n\t\t\t\t\t\t\t\t\t\t\t\t\t<img fetchpriority=\"high\" decoding=\"async\" width=\"800\" height=\"534\" src=\"https:\/\/simhero.com\/wp-content\/uploads\/2020\/07\/superman.png\" class=\"attachment-large size-large wp-image-1336\" alt=\"\" srcset=\"https:\/\/simhero.com\/wp-content\/uploads\/2020\/07\/superman.png 1000w, https:\/\/simhero.com\/wp-content\/uploads\/2020\/07\/superman-300x200.png 300w, https:\/\/simhero.com\/wp-content\/uploads\/2020\/07\/superman-768x512.png 768w\" sizes=\"(max-width: 800px) 100vw, 800px\" \/>\t\t\t\t\t\t\t\t\t\t\t\t\t<\/div>\n\t\t\t\t<\/div>\n\t\t\t\t\t<\/div>\n\t\t<\/div>\n\t\t\t\t<div class=\"elementor-column elementor-col-50 elementor-top-column elementor-element elementor-element-2a768952\" data-id=\"2a768952\" data-element_type=\"column\">\n\t\t\t<div class=\"elementor-widget-wrap elementor-element-populated\">\n\t\t\t\t\t\t<div class=\"elementor-element elementor-element-a697eca elementor-widget elementor-widget-heading\" data-id=\"a697eca\" data-element_type=\"widget\" data-widget_type=\"heading.default\">\n\t\t\t\t<div class=\"elementor-widget-container\">\n\t\t\t<h3 class=\"elementor-heading-title elementor-size-default\">Mobilnetz<\/h3>\t\t<\/div>\n\t\t\t\t<\/div>\n\t\t\t\t<div class=\"elementor-element elementor-element-36475034 elementor-widget elementor-widget-heading\" data-id=\"36475034\" data-element_type=\"widget\" data-widget_type=\"heading.default\">\n\t\t\t\t<div class=\"elementor-widget-container\">\n\t\t\t<h2 class=\"elementor-heading-title elementor-size-default\">Du kommst sofort nach Hause<\/h2>\t\t<\/div>\n\t\t\t\t<\/div>\n\t\t\t\t<div class=\"elementor-element elementor-element-5580fdd8 elementor-widget elementor-widget-text-editor\" data-id=\"5580fdd8\" data-element_type=\"widget\" data-widget_type=\"text-editor.default\">\n\t\t\t\t<div class=\"elementor-widget-container\">\n\t\t\t\t\t\t\t<p>Reicht es Ihnen, nicht zu wissen, wo sich Ihre Kinder gerade aufhalten? Oder m\u00f6chten Sie einfach sicher sein, dass Ihre Kinder nach Hause gekommen sind? Ger\u00e4te wie Kinderuhren stellen hilfreiche Tools dar, um in Echt-Zeit jederzeit mit Ihren Kindern zu kommunizieren und deren aktuellen Standort mit Hilfe der Mobilnetztechnik zu \u00fcberpr\u00fcfen. Der Bedeutung dieser extrem wichtigen Frage wird bei simHERO Rechnung getragen, indem wir sicherstellen, dass die Verbindung zwischen Eltern und Kindern aufrecht bleibt, und zwar, indem wir uns mit dem st\u00e4rksten Mobilnetz verbinden und das Netz wechseln, sollte das erste Netz die Verbindung verlieren.<\/p><p style=\"margin-bottom: .0001pt;\"><span lang=\"EN-US\">\u00a0<\/span><\/p>\t\t\t\t\t\t<\/div>\n\t\t\t\t<\/div>\n\t\t\t\t\t<\/div>\n\t\t<\/div>\n\t\t\t\t\t<\/div>\n\t\t<\/section>\n\t\t\t\t<section class=\"elementor-section elementor-top-section elementor-element elementor-element-20bec639 elementor-section-content-middle elementor-reverse-mobile elementor-section-boxed elementor-section-height-default elementor-section-height-default\" data-id=\"20bec639\" data-element_type=\"section\">\n\t\t\t\t\t\t<div class=\"elementor-container elementor-column-gap-wider\">\n\t\t\t\t\t<div class=\"elementor-column elementor-col-50 elementor-top-column elementor-element elementor-element-639d0d9e\" data-id=\"639d0d9e\" data-element_type=\"column\">\n\t\t\t<div class=\"elementor-widget-wrap elementor-element-populated\">\n\t\t\t\t\t\t<div class=\"elementor-element elementor-element-6ae32dee elementor-widget elementor-widget-heading\" data-id=\"6ae32dee\" data-element_type=\"widget\" data-widget_type=\"heading.default\">\n\t\t\t\t<div class=\"elementor-widget-container\">\n\t\t\t<h3 class=\"elementor-heading-title elementor-size-default\">Voice over IP<\/h3>\t\t<\/div>\n\t\t\t\t<\/div>\n\t\t\t\t<div class=\"elementor-element elementor-element-23625399 elementor-widget elementor-widget-heading\" data-id=\"23625399\" data-element_type=\"widget\" data-widget_type=\"heading.default\">\n\t\t\t\t<div class=\"elementor-widget-container\">\n\t\t\t<h2 class=\"elementor-heading-title elementor-size-default\">Kann ich kurz mit dir sprechen<\/h2>\t\t<\/div>\n\t\t\t\t<\/div>\n\t\t\t\t<div class=\"elementor-element elementor-element-4cfb382f elementor-widget elementor-widget-text-editor\" data-id=\"4cfb382f\" data-element_type=\"widget\" data-widget_type=\"text-editor.default\">\n\t\t\t\t<div class=\"elementor-widget-container\">\n\t\t\t\t\t\t\t<p>Viele Kinderuhren unterst\u00fctzen sichere Kommunikationsverbindungen, die keinen Dritten erlauben, Ihre geliebten Kinder zu kontaktieren. Dazu z\u00e4hlen Mobilnachrichten, Video-Chats oder Telefonate mit einer zugewiesenen Person. In dieser Hinsicht steigen viele Hersteller bei ihrer Technologie auf VoIP (Voice over IP) um, bei der Mobildaten f\u00fcr das Aufbauen dieser Anrufe verwendet werden. simHERO ist in der Lage, diese neue Technologie zu unterst\u00fctzen, damit Eltern und Kinder in Verbindung bleiben.<\/p>\t\t\t\t\t\t<\/div>\n\t\t\t\t<\/div>\n\t\t\t\t\t<\/div>\n\t\t<\/div>\n\t\t\t\t<div class=\"elementor-column elementor-col-50 elementor-top-column elementor-element elementor-element-3fbc0140\" data-id=\"3fbc0140\" data-element_type=\"column\">\n\t\t\t<div class=\"elementor-widget-wrap elementor-element-populated\">\n\t\t\t\t\t\t<div class=\"elementor-element elementor-element-5e9e3ca5 elementor-widget elementor-widget-image\" data-id=\"5e9e3ca5\" data-element_type=\"widget\" data-widget_type=\"image.default\">\n\t\t\t\t<div class=\"elementor-widget-container\">\n\t\t\t\t\t\t\t\t\t\t\t\t\t<img decoding=\"async\" width=\"800\" height=\"534\" src=\"https:\/\/simhero.com\/wp-content\/uploads\/2020\/07\/girl-with-tablet.png\" class=\"attachment-large size-large wp-image-1334\" alt=\"\" srcset=\"https:\/\/simhero.com\/wp-content\/uploads\/2020\/07\/girl-with-tablet.png 1000w, https:\/\/simhero.com\/wp-content\/uploads\/2020\/07\/girl-with-tablet-300x200.png 300w, https:\/\/simhero.com\/wp-content\/uploads\/2020\/07\/girl-with-tablet-768x512.png 768w\" sizes=\"(max-width: 800px) 100vw, 800px\" \/>\t\t\t\t\t\t\t\t\t\t\t\t\t<\/div>\n\t\t\t\t<\/div>\n\t\t\t\t\t<\/div>\n\t\t<\/div>\n\t\t\t\t\t<\/div>\n\t\t<\/section>\n\t\t\t\t<section class=\"elementor-section elementor-top-section elementor-element elementor-element-a82885f elementor-section-content-middle elementor-section-boxed elementor-section-height-default elementor-section-height-default\" data-id=\"a82885f\" data-element_type=\"section\">\n\t\t\t\t\t\t<div class=\"elementor-container elementor-column-gap-wider\">\n\t\t\t\t\t<div class=\"elementor-column elementor-col-50 elementor-top-column elementor-element elementor-element-476a378\" data-id=\"476a378\" data-element_type=\"column\">\n\t\t\t<div class=\"elementor-widget-wrap elementor-element-populated\">\n\t\t\t\t\t\t<div class=\"elementor-element elementor-element-32112c4 elementor-widget elementor-widget-image\" data-id=\"32112c4\" data-element_type=\"widget\" data-widget_type=\"image.default\">\n\t\t\t\t<div class=\"elementor-widget-container\">\n\t\t\t\t\t\t\t\t\t\t\t\t\t<img decoding=\"async\" width=\"800\" height=\"534\" src=\"https:\/\/simhero.com\/wp-content\/uploads\/2020\/07\/grandpa.png\" class=\"attachment-large size-large wp-image-1335\" alt=\"\" srcset=\"https:\/\/simhero.com\/wp-content\/uploads\/2020\/07\/grandpa.png 1000w, https:\/\/simhero.com\/wp-content\/uploads\/2020\/07\/grandpa-300x200.png 300w, https:\/\/simhero.com\/wp-content\/uploads\/2020\/07\/grandpa-768x512.png 768w\" sizes=\"(max-width: 800px) 100vw, 800px\" \/>\t\t\t\t\t\t\t\t\t\t\t\t\t<\/div>\n\t\t\t\t<\/div>\n\t\t\t\t\t<\/div>\n\t\t<\/div>\n\t\t\t\t<div class=\"elementor-column elementor-col-50 elementor-top-column elementor-element elementor-element-b080235\" data-id=\"b080235\" data-element_type=\"column\">\n\t\t\t<div class=\"elementor-widget-wrap elementor-element-populated\">\n\t\t\t\t\t\t<div class=\"elementor-element elementor-element-dedb5f0 elementor-widget elementor-widget-heading\" data-id=\"dedb5f0\" data-element_type=\"widget\" data-widget_type=\"heading.default\">\n\t\t\t\t<div class=\"elementor-widget-container\">\n\t\t\t<h3 class=\"elementor-heading-title elementor-size-default\">Weltweite IoT-Konnektivit\u00e4t<\/h3>\t\t<\/div>\n\t\t\t\t<\/div>\n\t\t\t\t<div class=\"elementor-element elementor-element-bb14eb7 elementor-widget elementor-widget-heading\" data-id=\"bb14eb7\" data-element_type=\"widget\" data-widget_type=\"heading.default\">\n\t\t\t\t<div class=\"elementor-widget-container\">\n\t\t\t<h2 class=\"elementor-heading-title elementor-size-default\">Ich bin weg<\/h2>\t\t<\/div>\n\t\t\t\t<\/div>\n\t\t\t\t<div class=\"elementor-element elementor-element-44dad77 elementor-widget elementor-widget-text-editor\" data-id=\"44dad77\" data-element_type=\"widget\" data-widget_type=\"text-editor.default\">\n\t\t\t\t<div class=\"elementor-widget-container\">\n\t\t\t\t\t\t\t<p>Kinder wachsen schnell und fr\u00fcher oder sp\u00e4ter werden sie ihre eigene Abenteuerreise antreten. Wir bei simHERO glauben, dass mit den Kindern in Kontakt zu bleiben, nicht einfach enden muss, nur weil Sie nicht mehr Teil ihrer Gemeinschaft sind. Unsere IoT-Konnektivit\u00e4t steht rund um den Globus zur Verf\u00fcgung und wir stellen sicher, dass Ihr Kind bei seinen Abenteuern in den W\u00e4ldern, dem ersten Schulausflug oder ganz allgemein bei seiner Abenteuerreise durch das Leben sicher und wohlbehalten bleibt.<\/p>\t\t\t\t\t\t<\/div>\n\t\t\t\t<\/div>\n\t\t\t\t\t<\/div>\n\t\t<\/div>\n\t\t\t\t\t<\/div>\n\t\t<\/section>\n\t\t\t\t<\/div>\n\t\t","protected":false},"excerpt":{"rendered":"<p>simHERO KINDERUHREN simHERO IoT-SIM-Karten in Kinderuhren Es gibt nichts Wichtigeres als unsere Kinder. Auch f\u00fcr simHERO. Als Eltern verstehen wir voll und ganz den Balanceakt, unseren Kindern einerseits Freiheit zu g\u00f6nnen und sie zugleich von Bedrohungen und Gefahren fernzuhalten. Aus Liebe zu unseren Kindern tun wir bei simHERO alles Erdenkliche, wenn es darum geht, sie [&hellip;]<\/p>\n","protected":false},"author":2,"featured_media":1311,"parent":2366,"menu_order":0,"comment_status":"closed","ping_status":"closed","template":"elementor_header_footer","meta":{"footnotes":""},"yoast_head":"<!-- This site is optimized with the Yoast SEO plugin v23.4 - https:\/\/yoast.com\/wordpress\/plugins\/seo\/ -->\n<title>Kinderuhren - simHERO<\/title>\n<meta name=\"description\" content=\"Use our simHERO sim cards in kids watches to keep your children protected - wherever they are. Always connected to the strongest network available.\" \/>\n<meta name=\"robots\" content=\"index, follow, max-snippet:-1, max-image-preview:large, max-video-preview:-1\" \/>\n<link rel=\"canonical\" href=\"https:\/\/simhero.com\/de\/business\/anwendungsfaelle\/kinderuhren\/\" \/>\n<meta property=\"og:locale\" content=\"de_DE\" \/>\n<meta property=\"og:type\" content=\"article\" \/>\n<meta property=\"og:title\" content=\"Kinderuhren - simHERO\" \/>\n<meta property=\"og:description\" content=\"Use our simHERO sim cards in kids watches to keep your children protected - wherever they are. Always connected to the strongest network available.\" \/>\n<meta property=\"og:url\" content=\"https:\/\/simhero.com\/de\/business\/anwendungsfaelle\/kinderuhren\/\" \/>\n<meta property=\"og:site_name\" content=\"simHERO\" \/>\n<meta property=\"article:publisher\" content=\"https:\/\/www.facebook.com\/freeewaysimhero\/\" \/>\n<meta property=\"article:modified_time\" content=\"2020-11-19T10:34:38+00:00\" \/>\n<meta property=\"og:image\" content=\"https:\/\/simhero.com\/wp-content\/uploads\/2020\/06\/kidwatches.jpg\" \/>\n\t<meta property=\"og:image:width\" content=\"640\" \/>\n\t<meta property=\"og:image:height\" content=\"426\" \/>\n\t<meta property=\"og:image:type\" content=\"image\/jpeg\" \/>\n<meta name=\"twitter:card\" content=\"summary_large_image\" \/>\n<meta name=\"twitter:label1\" content=\"Gesch\u00e4tzte Lesezeit\" \/>\n\t<meta name=\"twitter:data1\" content=\"2\u00a0Minuten\" \/>\n<script type=\"application\/ld+json\" class=\"yoast-schema-graph\">{\"@context\":\"https:\/\/schema.org\",\"@graph\":[{\"@type\":\"WebPage\",\"@id\":\"https:\/\/simhero.com\/de\/business\/anwendungsfaelle\/kinderuhren\/\",\"url\":\"https:\/\/simhero.com\/de\/business\/anwendungsfaelle\/kinderuhren\/\",\"name\":\"Kinderuhren - simHERO\",\"isPartOf\":{\"@id\":\"https:\/\/simhero.com\/de\/#website\"},\"primaryImageOfPage\":{\"@id\":\"https:\/\/simhero.com\/de\/business\/anwendungsfaelle\/kinderuhren\/#primaryimage\"},\"image\":{\"@id\":\"https:\/\/simhero.com\/de\/business\/anwendungsfaelle\/kinderuhren\/#primaryimage\"},\"thumbnailUrl\":\"https:\/\/simhero.com\/wp-content\/uploads\/2020\/06\/kidwatches.jpg\",\"datePublished\":\"2020-06-24T07:52:31+00:00\",\"dateModified\":\"2020-11-19T10:34:38+00:00\",\"description\":\"Use our simHERO sim cards in kids watches to keep your children protected - wherever they are. Always connected to the strongest network available.\",\"breadcrumb\":{\"@id\":\"https:\/\/simhero.com\/de\/business\/anwendungsfaelle\/kinderuhren\/#breadcrumb\"},\"inLanguage\":\"de\",\"potentialAction\":[{\"@type\":\"ReadAction\",\"target\":[\"https:\/\/simhero.com\/de\/business\/anwendungsfaelle\/kinderuhren\/\"]}]},{\"@type\":\"ImageObject\",\"inLanguage\":\"de\",\"@id\":\"https:\/\/simhero.com\/de\/business\/anwendungsfaelle\/kinderuhren\/#primaryimage\",\"url\":\"https:\/\/simhero.com\/wp-content\/uploads\/2020\/06\/kidwatches.jpg\",\"contentUrl\":\"https:\/\/simhero.com\/wp-content\/uploads\/2020\/06\/kidwatches.jpg\",\"width\":640,\"height\":426},{\"@type\":\"BreadcrumbList\",\"@id\":\"https:\/\/simhero.com\/de\/business\/anwendungsfaelle\/kinderuhren\/#breadcrumb\",\"itemListElement\":[{\"@type\":\"ListItem\",\"position\":1,\"name\":\"Startseite\",\"item\":\"https:\/\/simhero.com\/de\/\"},{\"@type\":\"ListItem\",\"position\":2,\"name\":\"Business\",\"item\":\"https:\/\/simhero.com\/de\/business\/\"},{\"@type\":\"ListItem\",\"position\":3,\"name\":\"Anwendungsf\u00e4lle\",\"item\":\"https:\/\/simhero.com\/de\/business\/anwendungsfaelle\/\"},{\"@type\":\"ListItem\",\"position\":4,\"name\":\"Kinderuhren\"}]},{\"@type\":\"WebSite\",\"@id\":\"https:\/\/simhero.com\/de\/#website\",\"url\":\"https:\/\/simhero.com\/de\/\",\"name\":\"simHERO\",\"description\":\"\",\"potentialAction\":[{\"@type\":\"SearchAction\",\"target\":{\"@type\":\"EntryPoint\",\"urlTemplate\":\"https:\/\/simhero.com\/de\/?s={search_term_string}\"},\"query-input\":{\"@type\":\"PropertyValueSpecification\",\"valueRequired\":true,\"valueName\":\"search_term_string\"}}],\"inLanguage\":\"de\"}]}<\/script>\n<!-- \/ Yoast SEO plugin. -->","yoast_head_json":{"title":"Kinderuhren - simHERO","description":"Use our simHERO sim cards in kids watches to keep your children protected - wherever they are. Always connected to the strongest network available.","robots":{"index":"index","follow":"follow","max-snippet":"max-snippet:-1","max-image-preview":"max-image-preview:large","max-video-preview":"max-video-preview:-1"},"canonical":"https:\/\/simhero.com\/de\/business\/anwendungsfaelle\/kinderuhren\/","og_locale":"de_DE","og_type":"article","og_title":"Kinderuhren - simHERO","og_description":"Use our simHERO sim cards in kids watches to keep your children protected - wherever they are. Always connected to the strongest network available.","og_url":"https:\/\/simhero.com\/de\/business\/anwendungsfaelle\/kinderuhren\/","og_site_name":"simHERO","article_publisher":"https:\/\/www.facebook.com\/freeewaysimhero\/","article_modified_time":"2020-11-19T10:34:38+00:00","og_image":[{"width":640,"height":426,"url":"https:\/\/simhero.com\/wp-content\/uploads\/2020\/06\/kidwatches.jpg","type":"image\/jpeg"}],"twitter_card":"summary_large_image","twitter_misc":{"Gesch\u00e4tzte Lesezeit":"2\u00a0Minuten"},"schema":{"@context":"https:\/\/schema.org","@graph":[{"@type":"WebPage","@id":"https:\/\/simhero.com\/de\/business\/anwendungsfaelle\/kinderuhren\/","url":"https:\/\/simhero.com\/de\/business\/anwendungsfaelle\/kinderuhren\/","name":"Kinderuhren - simHERO","isPartOf":{"@id":"https:\/\/simhero.com\/de\/#website"},"primaryImageOfPage":{"@id":"https:\/\/simhero.com\/de\/business\/anwendungsfaelle\/kinderuhren\/#primaryimage"},"image":{"@id":"https:\/\/simhero.com\/de\/business\/anwendungsfaelle\/kinderuhren\/#primaryimage"},"thumbnailUrl":"https:\/\/simhero.com\/wp-content\/uploads\/2020\/06\/kidwatches.jpg","datePublished":"2020-06-24T07:52:31+00:00","dateModified":"2020-11-19T10:34:38+00:00","description":"Use our simHERO sim cards in kids watches to keep your children protected - wherever they are. Always connected to the strongest network available.","breadcrumb":{"@id":"https:\/\/simhero.com\/de\/business\/anwendungsfaelle\/kinderuhren\/#breadcrumb"},"inLanguage":"de","potentialAction":[{"@type":"ReadAction","target":["https:\/\/simhero.com\/de\/business\/anwendungsfaelle\/kinderuhren\/"]}]},{"@type":"ImageObject","inLanguage":"de","@id":"https:\/\/simhero.com\/de\/business\/anwendungsfaelle\/kinderuhren\/#primaryimage","url":"https:\/\/simhero.com\/wp-content\/uploads\/2020\/06\/kidwatches.jpg","contentUrl":"https:\/\/simhero.com\/wp-content\/uploads\/2020\/06\/kidwatches.jpg","width":640,"height":426},{"@type":"BreadcrumbList","@id":"https:\/\/simhero.com\/de\/business\/anwendungsfaelle\/kinderuhren\/#breadcrumb","itemListElement":[{"@type":"ListItem","position":1,"name":"Startseite","item":"https:\/\/simhero.com\/de\/"},{"@type":"ListItem","position":2,"name":"Business","item":"https:\/\/simhero.com\/de\/business\/"},{"@type":"ListItem","position":3,"name":"Anwendungsf\u00e4lle","item":"https:\/\/simhero.com\/de\/business\/anwendungsfaelle\/"},{"@type":"ListItem","position":4,"name":"Kinderuhren"}]},{"@type":"WebSite","@id":"https:\/\/simhero.com\/de\/#website","url":"https:\/\/simhero.com\/de\/","name":"simHERO","description":"","potentialAction":[{"@type":"SearchAction","target":{"@type":"EntryPoint","urlTemplate":"https:\/\/simhero.com\/de\/?s={search_term_string}"},"query-input":{"@type":"PropertyValueSpecification","valueRequired":true,"valueName":"search_term_string"}}],"inLanguage":"de"}]}},"_links":{"self":[{"href":"https:\/\/simhero.com\/de\/wp-json\/wp\/v2\/pages\/2367"}],"collection":[{"href":"https:\/\/simhero.com\/de\/wp-json\/wp\/v2\/pages"}],"about":[{"href":"https:\/\/simhero.com\/de\/wp-json\/wp\/v2\/types\/page"}],"author":[{"embeddable":true,"href":"https:\/\/simhero.com\/de\/wp-json\/wp\/v2\/users\/2"}],"replies":[{"embeddable":true,"href":"https:\/\/simhero.com\/de\/wp-json\/wp\/v2\/comments?post=2367"}],"version-history":[{"count":4,"href":"https:\/\/simhero.com\/de\/wp-json\/wp\/v2\/pages\/2367\/revisions"}],"predecessor-version":[{"id":2632,"href":"https:\/\/simhero.com\/de\/wp-json\/wp\/v2\/pages\/2367\/revisions\/2632"}],"up":[{"embeddable":true,"href":"https:\/\/simhero.com\/de\/wp-json\/wp\/v2\/pages\/2366"}],"wp:featuredmedia":[{"embeddable":true,"href":"https:\/\/simhero.com\/de\/wp-json\/wp\/v2\/media\/1311"}],"wp:attachment":[{"href":"https:\/\/simhero.com\/de\/wp-json\/wp\/v2\/media?parent=2367"}],"curies":[{"name":"wp","href":"https:\/\/api.w.org\/{rel}","templated":true}]}}