{"id":2355,"date":"2020-06-18T10:38:30","date_gmt":"2020-06-18T08:38:30","guid":{"rendered":"http:\/\/3.65.206.27\/business\/our-technology\/iot-connectivity\/"},"modified":"2021-02-03T14:26:06","modified_gmt":"2021-02-03T13:26:06","slug":"iot-konnektivitaet","status":"publish","type":"page","link":"https:\/\/simhero.com\/de\/business\/unsere-technologie\/iot-konnektivitaet\/","title":{"rendered":"IoT-Konnektivit\u00e4t"},"content":{"rendered":"\t\t<div data-elementor-type=\"wp-page\" data-elementor-id=\"2355\" class=\"elementor elementor-2355 elementor-323\" data-elementor-post-type=\"page\">\n\t\t\t\t\t\t<section class=\"elementor-section elementor-top-section elementor-element elementor-element-5a807ab2 elementor-section-height-min-height elementor-section-boxed elementor-section-height-default elementor-section-items-middle\" data-id=\"5a807ab2\" data-element_type=\"section\" data-settings=\"{&quot;background_background&quot;:&quot;classic&quot;}\">\n\t\t\t\t\t\t\t<div class=\"elementor-background-overlay\"><\/div>\n\t\t\t\t\t\t\t<div class=\"elementor-container elementor-column-gap-default\">\n\t\t\t\t\t<div class=\"elementor-column elementor-col-100 elementor-top-column elementor-element elementor-element-7e7491a9\" data-id=\"7e7491a9\" data-element_type=\"column\">\n\t\t\t<div class=\"elementor-widget-wrap elementor-element-populated\">\n\t\t\t\t\t\t<div class=\"elementor-element elementor-element-2f72e513 elementor-widget elementor-widget-heading\" data-id=\"2f72e513\" data-element_type=\"widget\" data-widget_type=\"heading.default\">\n\t\t\t\t<div class=\"elementor-widget-container\">\n\t\t\t<h1 class=\"elementor-heading-title elementor-size-default\">Weltweite IoT-Konnektivit\u00e4t\n\n\n<\/h1>\t\t<\/div>\n\t\t\t\t<\/div>\n\t\t\t\t\t<\/div>\n\t\t<\/div>\n\t\t\t\t\t<\/div>\n\t\t<\/section>\n\t\t\t\t<section class=\"elementor-section elementor-top-section elementor-element elementor-element-7237eaac elementor-section-boxed elementor-section-height-default elementor-section-height-default\" data-id=\"7237eaac\" data-element_type=\"section\">\n\t\t\t\t\t\t<div class=\"elementor-container elementor-column-gap-default\">\n\t\t\t\t\t<div class=\"elementor-column elementor-col-100 elementor-top-column elementor-element elementor-element-b274cae\" data-id=\"b274cae\" data-element_type=\"column\">\n\t\t\t<div class=\"elementor-widget-wrap elementor-element-populated\">\n\t\t\t\t\t\t<div class=\"elementor-element elementor-element-6ccf2c9b elementor-widget elementor-widget-heading\" data-id=\"6ccf2c9b\" data-element_type=\"widget\" data-widget_type=\"heading.default\">\n\t\t\t\t<div class=\"elementor-widget-container\">\n\t\t\t<h2 class=\"elementor-heading-title elementor-size-default\">Konnektivit\u00e4t an erster Stelle\n\n\n<\/h2>\t\t<\/div>\n\t\t\t\t<\/div>\n\t\t\t\t<div class=\"elementor-element elementor-element-628520bb elementor-widget elementor-widget-text-editor\" data-id=\"628520bb\" data-element_type=\"widget\" data-widget_type=\"text-editor.default\">\n\t\t\t\t<div class=\"elementor-widget-container\">\n\t\t\t\t\t\t\t<p class=\"pre-block\">simHERO verbindet Verbraucher und ihre IoT-Ger\u00e4te auf der ganzen Welt in \u00fcber 500 lokalen Netzwerken in 180 L\u00e4ndern. Unsere SIM-Karte ist eine nicht netzwerkunabh\u00e4ngige Karte, wodurch sichergestellt wird, dass unsere IoT-SIM-Karten sich immer mit dem schnellsten Netzwerk mit dem st\u00e4rksten Signal in Ihrer Umgebung verbinden. Daher bietet simHERO den Benutzern eine gr\u00f6\u00dfere Netzwerkabdeckung in einem stabilerem Netz f\u00fcr jedes IoT-Ger\u00e4t an.<\/p><p>Als ein M2M [Maschine-zu-Maschine]-Anbieter hat simHERO die SIM-Karte f\u00fcr Daten- und SMS-Nutzung konzipiert. Sprach- und MMS-Dienste werden nicht unterst\u00fctzt. In \u00e4u\u00dferst seltenen F\u00e4llen k\u00f6nnen Sprachdienste angeboten werden. Dies muss allerdings je nach Fall mit unserem Verkaufsteam abgekl\u00e4rt werden.<\/p><p>Unsere simHERO-SIM-Karten nutzen Mobilfunktechnologien gepaart mit Unterst\u00fctzung mehrerer Netzbetreiber, damit Ihre Ger\u00e4te nahtlos und in Echtzeit Daten mit unterschiedlichen Geschwindigkeiten (2G, 3G, 4G, LTE-M und bald 5G bei Verf\u00fcgbarkeit) bei einer weltweiten Abdeckung \u00fcbertragen k\u00f6nnen. Es spielt keine Rolle, ob die SIM-Karte eine bestimmte Gr\u00f6\u00dfe haben soll, oder Sie einen SIM-Chip oder sogar eine eSIM ben\u00f6tigen, simHERO bietet den richtigen SIM-Faktor und das richtige SIM-Format, das perfekt f\u00fcr das IoT-Ger\u00e4t Ihres Kunden passt.<\/p>\t\t\t\t\t\t<\/div>\n\t\t\t\t<\/div>\n\t\t\t\t<div class=\"elementor-element elementor-element-b8039f6 elementor-widget elementor-widget-text-editor\" data-id=\"b8039f6\" data-element_type=\"widget\" data-widget_type=\"text-editor.default\">\n\t\t\t\t<div class=\"elementor-widget-container\">\n\t\t\t\t\t\t\t<div><strong><span style=\"font-size: 18px;\">Die Kombination von Netzwerkunabh\u00e4ngigkeit, mehreren Netzen und nicht netzgesteuerten SIM-Karten macht simHERO zu einem der zuverl\u00e4ssigsten Partner, wenn es um die IoT-Konnektivit\u00e4t f\u00fcr Ihre Verbraucherger\u00e4te auf globaler Ebene geht.<\/span><\/strong><\/div>\t\t\t\t\t\t<\/div>\n\t\t\t\t<\/div>\n\t\t\t\t\t<\/div>\n\t\t<\/div>\n\t\t\t\t\t<\/div>\n\t\t<\/section>\n\t\t\t\t<section class=\"elementor-section elementor-top-section elementor-element elementor-element-0ece7bf elementor-section-content-middle elementor-section-boxed elementor-section-height-default elementor-section-height-default\" data-id=\"0ece7bf\" data-element_type=\"section\">\n\t\t\t\t\t\t<div class=\"elementor-container elementor-column-gap-wider\">\n\t\t\t\t\t<div class=\"elementor-column elementor-col-50 elementor-top-column elementor-element elementor-element-dc6fcb4\" data-id=\"dc6fcb4\" data-element_type=\"column\">\n\t\t\t<div class=\"elementor-widget-wrap elementor-element-populated\">\n\t\t\t\t\t\t<div class=\"elementor-element elementor-element-9cdf678 elementor-widget elementor-widget-image\" data-id=\"9cdf678\" data-element_type=\"widget\" data-widget_type=\"image.default\">\n\t\t\t\t<div class=\"elementor-widget-container\">\n\t\t\t\t\t\t\t\t\t\t\t\t\t<img fetchpriority=\"high\" decoding=\"async\" width=\"800\" height=\"534\" src=\"https:\/\/simhero.com\/wp-content\/uploads\/2020\/07\/iot-worldwide.jpg\" class=\"attachment-large size-large wp-image-1384\" alt=\"\" srcset=\"https:\/\/simhero.com\/wp-content\/uploads\/2020\/07\/iot-worldwide.jpg 1000w, https:\/\/simhero.com\/wp-content\/uploads\/2020\/07\/iot-worldwide-300x200.jpg 300w, https:\/\/simhero.com\/wp-content\/uploads\/2020\/07\/iot-worldwide-768x512.jpg 768w\" sizes=\"(max-width: 800px) 100vw, 800px\" \/>\t\t\t\t\t\t\t\t\t\t\t\t\t<\/div>\n\t\t\t\t<\/div>\n\t\t\t\t\t<\/div>\n\t\t<\/div>\n\t\t\t\t<div class=\"elementor-column elementor-col-50 elementor-top-column elementor-element elementor-element-ce21508\" data-id=\"ce21508\" data-element_type=\"column\">\n\t\t\t<div class=\"elementor-widget-wrap elementor-element-populated\">\n\t\t\t\t\t\t<div class=\"elementor-element elementor-element-33cb6e1 elementor-widget elementor-widget-heading\" data-id=\"33cb6e1\" data-element_type=\"widget\" data-widget_type=\"heading.default\">\n\t\t\t\t<div class=\"elementor-widget-container\">\n\t\t\t<h3 class=\"elementor-heading-title elementor-size-default\">\nWeltweite Partner\n\n<\/h3>\t\t<\/div>\n\t\t\t\t<\/div>\n\t\t\t\t<div class=\"elementor-element elementor-element-0d9cc0f elementor-widget elementor-widget-heading\" data-id=\"0d9cc0f\" data-element_type=\"widget\" data-widget_type=\"heading.default\">\n\t\t\t\t<div class=\"elementor-widget-container\">\n\t\t\t<h2 class=\"elementor-heading-title elementor-size-default\">simHERO \u2013 weltweite Netzabdeckung\n\n<\/h2>\t\t<\/div>\n\t\t\t\t<\/div>\n\t\t\t\t<div class=\"elementor-element elementor-element-ad70101 elementor-widget elementor-widget-text-editor\" data-id=\"ad70101\" data-element_type=\"widget\" data-widget_type=\"text-editor.default\">\n\t\t\t\t<div class=\"elementor-widget-container\">\n\t\t\t\t\t\t\t<div class=\"pre-block\"><div id=\"text-content-block\">Zu unseren Partnern z\u00e4hlen f\u00fchrende Netzbetreiber. Dank unserer Roaming-Vereinbarungen k\u00f6nnen wir Ihnen weltweite M2M-\/IoT-Abdeckung in mehr als 500 Netzen in \u00fcber 180 L\u00e4ndern anbieten.<\/div><\/div>\t\t\t\t\t\t<\/div>\n\t\t\t\t<\/div>\n\t\t\t\t\t<\/div>\n\t\t<\/div>\n\t\t\t\t\t<\/div>\n\t\t<\/section>\n\t\t\t\t<section class=\"elementor-section elementor-top-section elementor-element elementor-element-bf8ee9c elementor-section-content-middle elementor-reverse-mobile elementor-section-boxed elementor-section-height-default elementor-section-height-default\" data-id=\"bf8ee9c\" data-element_type=\"section\">\n\t\t\t\t\t\t<div class=\"elementor-container elementor-column-gap-wider\">\n\t\t\t\t\t<div class=\"elementor-column elementor-col-50 elementor-top-column elementor-element elementor-element-1977a2f\" data-id=\"1977a2f\" data-element_type=\"column\">\n\t\t\t<div class=\"elementor-widget-wrap elementor-element-populated\">\n\t\t\t\t\t\t<div class=\"elementor-element elementor-element-c5387dc elementor-widget elementor-widget-heading\" data-id=\"c5387dc\" data-element_type=\"widget\" data-widget_type=\"heading.default\">\n\t\t\t\t<div class=\"elementor-widget-container\">\n\t\t\t<h3 class=\"elementor-heading-title elementor-size-default\">Maximale Verf\u00fcgbarkeit\n\n\n\n<\/h3>\t\t<\/div>\n\t\t\t\t<\/div>\n\t\t\t\t<div class=\"elementor-element elementor-element-4745452 elementor-widget elementor-widget-heading\" data-id=\"4745452\" data-element_type=\"widget\" data-widget_type=\"heading.default\">\n\t\t\t\t<div class=\"elementor-widget-container\">\n\t\t\t<h2 class=\"elementor-heading-title elementor-size-default\">simHERO \u2013 verbunden mit dem st\u00e4rksten Netz\n\n<\/h2>\t\t<\/div>\n\t\t\t\t<\/div>\n\t\t\t\t<div class=\"elementor-element elementor-element-aa4748b elementor-widget elementor-widget-text-editor\" data-id=\"aa4748b\" data-element_type=\"widget\" data-widget_type=\"text-editor.default\">\n\t\t\t\t<div class=\"elementor-widget-container\">\n\t\t\t\t\t\t\tUnsere IoT-SIM-Karten sind nicht netzgesteuert und melden sich in einem Mobilnetz mit der h\u00f6chsten Signalst\u00e4rke an und nicht, weil ein Netz das g\u00fcnstigste ist oder auf der Liste der bevorzugten Netzbetreiber steht.\t\t\t\t\t\t<\/div>\n\t\t\t\t<\/div>\n\t\t\t\t\t<\/div>\n\t\t<\/div>\n\t\t\t\t<div class=\"elementor-column elementor-col-50 elementor-top-column elementor-element elementor-element-1781de1\" data-id=\"1781de1\" data-element_type=\"column\">\n\t\t\t<div class=\"elementor-widget-wrap elementor-element-populated\">\n\t\t\t\t\t\t<div class=\"elementor-element elementor-element-432c8be elementor-widget elementor-widget-image\" data-id=\"432c8be\" data-element_type=\"widget\" data-widget_type=\"image.default\">\n\t\t\t\t<div class=\"elementor-widget-container\">\n\t\t\t\t\t\t\t\t\t\t\t\t\t<img decoding=\"async\" width=\"800\" height=\"534\" src=\"https:\/\/simhero.com\/wp-content\/uploads\/2020\/07\/iot-strongest-network.jpg\" class=\"attachment-large size-large wp-image-1381\" alt=\"\" srcset=\"https:\/\/simhero.com\/wp-content\/uploads\/2020\/07\/iot-strongest-network.jpg 1000w, https:\/\/simhero.com\/wp-content\/uploads\/2020\/07\/iot-strongest-network-300x200.jpg 300w, https:\/\/simhero.com\/wp-content\/uploads\/2020\/07\/iot-strongest-network-768x512.jpg 768w\" sizes=\"(max-width: 800px) 100vw, 800px\" \/>\t\t\t\t\t\t\t\t\t\t\t\t\t<\/div>\n\t\t\t\t<\/div>\n\t\t\t\t\t<\/div>\n\t\t<\/div>\n\t\t\t\t\t<\/div>\n\t\t<\/section>\n\t\t\t\t<section class=\"elementor-section elementor-top-section elementor-element elementor-element-f05f824 elementor-section-content-middle elementor-section-boxed elementor-section-height-default elementor-section-height-default\" data-id=\"f05f824\" data-element_type=\"section\">\n\t\t\t\t\t\t<div class=\"elementor-container elementor-column-gap-wider\">\n\t\t\t\t\t<div class=\"elementor-column elementor-col-50 elementor-top-column elementor-element elementor-element-186e2d1\" data-id=\"186e2d1\" data-element_type=\"column\">\n\t\t\t<div class=\"elementor-widget-wrap elementor-element-populated\">\n\t\t\t\t\t\t<div class=\"elementor-element elementor-element-5259dec elementor-widget elementor-widget-image\" data-id=\"5259dec\" data-element_type=\"widget\" data-widget_type=\"image.default\">\n\t\t\t\t<div class=\"elementor-widget-container\">\n\t\t\t\t\t\t\t\t\t\t\t\t\t<img decoding=\"async\" width=\"800\" height=\"534\" src=\"https:\/\/simhero.com\/wp-content\/uploads\/2020\/07\/iot-multi-network-worldwide.jpg\" class=\"attachment-large size-large wp-image-1382\" alt=\"\" srcset=\"https:\/\/simhero.com\/wp-content\/uploads\/2020\/07\/iot-multi-network-worldwide.jpg 1000w, https:\/\/simhero.com\/wp-content\/uploads\/2020\/07\/iot-multi-network-worldwide-300x200.jpg 300w, https:\/\/simhero.com\/wp-content\/uploads\/2020\/07\/iot-multi-network-worldwide-768x512.jpg 768w\" sizes=\"(max-width: 800px) 100vw, 800px\" \/>\t\t\t\t\t\t\t\t\t\t\t\t\t<\/div>\n\t\t\t\t<\/div>\n\t\t\t\t\t<\/div>\n\t\t<\/div>\n\t\t\t\t<div class=\"elementor-column elementor-col-50 elementor-top-column elementor-element elementor-element-b1f938c\" data-id=\"b1f938c\" data-element_type=\"column\">\n\t\t\t<div class=\"elementor-widget-wrap elementor-element-populated\">\n\t\t\t\t\t\t<div class=\"elementor-element elementor-element-041fc7d elementor-widget elementor-widget-heading\" data-id=\"041fc7d\" data-element_type=\"widget\" data-widget_type=\"heading.default\">\n\t\t\t\t<div class=\"elementor-widget-container\">\n\t\t\t<h3 class=\"elementor-heading-title elementor-size-default\">Weltweite Multinetzf\u00e4higkeit\n\n\n\n<\/h3>\t\t<\/div>\n\t\t\t\t<\/div>\n\t\t\t\t<div class=\"elementor-element elementor-element-f55e9fa elementor-widget elementor-widget-heading\" data-id=\"f55e9fa\" data-element_type=\"widget\" data-widget_type=\"heading.default\">\n\t\t\t\t<div class=\"elementor-widget-container\">\n\t\t\t<h2 class=\"elementor-heading-title elementor-size-default\">simHERO \u2013 IoT-Ger\u00e4te immer verbunden\n<\/h2>\t\t<\/div>\n\t\t\t\t<\/div>\n\t\t\t\t<div class=\"elementor-element elementor-element-cca0f2c elementor-widget elementor-widget-text-editor\" data-id=\"cca0f2c\" data-element_type=\"widget\" data-widget_type=\"text-editor.default\">\n\t\t\t\t<div class=\"elementor-widget-container\">\n\t\t\t\t\t\t\tUnsere simHERO IoT-SIM-Karten sind multinetzf\u00e4hig, daher k\u00f6nnen sich Ihre Ger\u00e4te mindestens in zwei der Hauptnetze jedes Landes in Europa und auf der ganzen Welt anmelden.\t\t\t\t\t\t<\/div>\n\t\t\t\t<\/div>\n\t\t\t\t\t<\/div>\n\t\t<\/div>\n\t\t\t\t\t<\/div>\n\t\t<\/section>\n\t\t\t\t<section class=\"elementor-section elementor-top-section elementor-element elementor-element-2dad0ce elementor-section-content-middle elementor-reverse-mobile elementor-section-boxed elementor-section-height-default elementor-section-height-default\" data-id=\"2dad0ce\" data-element_type=\"section\">\n\t\t\t\t\t\t<div class=\"elementor-container elementor-column-gap-wider\">\n\t\t\t\t\t<div class=\"elementor-column elementor-col-50 elementor-top-column elementor-element elementor-element-e6c72ce\" data-id=\"e6c72ce\" data-element_type=\"column\">\n\t\t\t<div class=\"elementor-widget-wrap elementor-element-populated\">\n\t\t\t\t\t\t<div class=\"elementor-element elementor-element-2f04da6 elementor-widget elementor-widget-heading\" data-id=\"2f04da6\" data-element_type=\"widget\" data-widget_type=\"heading.default\">\n\t\t\t\t<div class=\"elementor-widget-container\">\n\t\t\t<h3 class=\"elementor-heading-title elementor-size-default\">F\u00fchrende Technologie\n\n\n\n\n<\/h3>\t\t<\/div>\n\t\t\t\t<\/div>\n\t\t\t\t<div class=\"elementor-element elementor-element-b1cb9ba elementor-widget elementor-widget-heading\" data-id=\"b1cb9ba\" data-element_type=\"widget\" data-widget_type=\"heading.default\">\n\t\t\t\t<div class=\"elementor-widget-container\">\n\t\t\t<h2 class=\"elementor-heading-title elementor-size-default\">\nsimHERO \u2013 auf dem neuesten Stand der Technik\n\n\n<\/h2>\t\t<\/div>\n\t\t\t\t<\/div>\n\t\t\t\t<div class=\"elementor-element elementor-element-adfd0aa elementor-widget elementor-widget-text-editor\" data-id=\"adfd0aa\" data-element_type=\"widget\" data-widget_type=\"text-editor.default\">\n\t\t\t\t<div class=\"elementor-widget-container\">\n\t\t\t\t\t\t\t<p>Mit uns stehen Ihnen mehrere Mobilfunktechnologien zeitgleich zur Verf\u00fcgung: 2G, 3G, 4G, LTE, LTE Cat M1 (auf Anfrage auch NB-IoT)<\/p>\t\t\t\t\t\t<\/div>\n\t\t\t\t<\/div>\n\t\t\t\t\t<\/div>\n\t\t<\/div>\n\t\t\t\t<div class=\"elementor-column elementor-col-50 elementor-top-column elementor-element elementor-element-d5ef98b\" data-id=\"d5ef98b\" data-element_type=\"column\">\n\t\t\t<div class=\"elementor-widget-wrap elementor-element-populated\">\n\t\t\t\t\t\t<div class=\"elementor-element elementor-element-76f8841 elementor-widget elementor-widget-image\" data-id=\"76f8841\" data-element_type=\"widget\" data-widget_type=\"image.default\">\n\t\t\t\t<div class=\"elementor-widget-container\">\n\t\t\t\t\t\t\t\t\t\t\t\t\t<img loading=\"lazy\" decoding=\"async\" width=\"800\" height=\"534\" src=\"https:\/\/simhero.com\/wp-content\/uploads\/2020\/07\/iot-latest-technology.jpg\" class=\"attachment-large size-large wp-image-1383\" alt=\"\" srcset=\"https:\/\/simhero.com\/wp-content\/uploads\/2020\/07\/iot-latest-technology.jpg 1000w, https:\/\/simhero.com\/wp-content\/uploads\/2020\/07\/iot-latest-technology-300x200.jpg 300w, https:\/\/simhero.com\/wp-content\/uploads\/2020\/07\/iot-latest-technology-768x512.jpg 768w\" sizes=\"(max-width: 800px) 100vw, 800px\" \/>\t\t\t\t\t\t\t\t\t\t\t\t\t<\/div>\n\t\t\t\t<\/div>\n\t\t\t\t\t<\/div>\n\t\t<\/div>\n\t\t\t\t\t<\/div>\n\t\t<\/section>\n\t\t\t\t<\/div>\n\t\t","protected":false},"excerpt":{"rendered":"<p>Weltweite IoT-Konnektivit\u00e4t Konnektivit\u00e4t an erster Stelle simHERO verbindet Verbraucher und ihre IoT-Ger\u00e4te auf der ganzen Welt in \u00fcber 500 lokalen Netzwerken in 180 L\u00e4ndern. Unsere SIM-Karte ist eine nicht netzwerkunabh\u00e4ngige Karte, wodurch sichergestellt wird, dass unsere IoT-SIM-Karten sich immer mit dem schnellsten Netzwerk mit dem st\u00e4rksten Signal in Ihrer Umgebung verbinden. Daher bietet simHERO den [&hellip;]<\/p>\n","protected":false},"author":2,"featured_media":0,"parent":2353,"menu_order":0,"comment_status":"closed","ping_status":"closed","template":"elementor_header_footer","meta":{"footnotes":""},"yoast_head":"<!-- This site is optimized with the Yoast SEO plugin v23.4 - https:\/\/yoast.com\/wordpress\/plugins\/seo\/ -->\n<title>Global IoT connectivity - simHERO<\/title>\n<meta name=\"description\" content=\"simHERO provides the best global IoT connectivity available and connects consumers and their IoT devices all over the world to over 500 local networks in 180 countries.\" \/>\n<meta name=\"robots\" content=\"index, follow, max-snippet:-1, max-image-preview:large, max-video-preview:-1\" \/>\n<link rel=\"canonical\" href=\"https:\/\/simhero.com\/de\/business\/unsere-technologie\/iot-konnektivitaet\/\" \/>\n<meta property=\"og:locale\" content=\"de_DE\" \/>\n<meta property=\"og:type\" content=\"article\" \/>\n<meta property=\"og:title\" content=\"Global IoT connectivity - simHERO\" \/>\n<meta property=\"og:description\" content=\"simHERO provides the best global IoT connectivity available and connects consumers and their IoT devices all over the world to over 500 local networks in 180 countries.\" \/>\n<meta property=\"og:url\" content=\"https:\/\/simhero.com\/de\/business\/unsere-technologie\/iot-konnektivitaet\/\" \/>\n<meta property=\"og:site_name\" content=\"simHERO\" \/>\n<meta property=\"article:publisher\" content=\"https:\/\/www.facebook.com\/freeewaysimhero\/\" \/>\n<meta property=\"article:modified_time\" content=\"2021-02-03T13:26:06+00:00\" \/>\n<meta property=\"og:image\" content=\"http:\/\/3.65.206.27\/wp-content\/uploads\/2020\/07\/iot-worldwide.jpg\" \/>\n<meta name=\"twitter:card\" content=\"summary_large_image\" \/>\n<meta name=\"twitter:label1\" content=\"Gesch\u00e4tzte Lesezeit\" \/>\n\t<meta name=\"twitter:data1\" content=\"2\u00a0Minuten\" \/>\n<script type=\"application\/ld+json\" class=\"yoast-schema-graph\">{\"@context\":\"https:\/\/schema.org\",\"@graph\":[{\"@type\":\"WebPage\",\"@id\":\"https:\/\/simhero.com\/de\/business\/unsere-technologie\/iot-konnektivitaet\/\",\"url\":\"https:\/\/simhero.com\/de\/business\/unsere-technologie\/iot-konnektivitaet\/\",\"name\":\"Global IoT connectivity - simHERO\",\"isPartOf\":{\"@id\":\"https:\/\/simhero.com\/de\/#website\"},\"primaryImageOfPage\":{\"@id\":\"https:\/\/simhero.com\/de\/business\/unsere-technologie\/iot-konnektivitaet\/#primaryimage\"},\"image\":{\"@id\":\"https:\/\/simhero.com\/de\/business\/unsere-technologie\/iot-konnektivitaet\/#primaryimage\"},\"thumbnailUrl\":\"http:\/\/3.65.206.27\/wp-content\/uploads\/2020\/07\/iot-worldwide.jpg\",\"datePublished\":\"2020-06-18T08:38:30+00:00\",\"dateModified\":\"2021-02-03T13:26:06+00:00\",\"description\":\"simHERO provides the best global IoT connectivity available and connects consumers and their IoT devices all over the world to over 500 local networks in 180 countries.\",\"breadcrumb\":{\"@id\":\"https:\/\/simhero.com\/de\/business\/unsere-technologie\/iot-konnektivitaet\/#breadcrumb\"},\"inLanguage\":\"de\",\"potentialAction\":[{\"@type\":\"ReadAction\",\"target\":[\"https:\/\/simhero.com\/de\/business\/unsere-technologie\/iot-konnektivitaet\/\"]}]},{\"@type\":\"ImageObject\",\"inLanguage\":\"de\",\"@id\":\"https:\/\/simhero.com\/de\/business\/unsere-technologie\/iot-konnektivitaet\/#primaryimage\",\"url\":\"http:\/\/3.65.206.27\/wp-content\/uploads\/2020\/07\/iot-worldwide.jpg\",\"contentUrl\":\"http:\/\/3.65.206.27\/wp-content\/uploads\/2020\/07\/iot-worldwide.jpg\"},{\"@type\":\"BreadcrumbList\",\"@id\":\"https:\/\/simhero.com\/de\/business\/unsere-technologie\/iot-konnektivitaet\/#breadcrumb\",\"itemListElement\":[{\"@type\":\"ListItem\",\"position\":1,\"name\":\"Startseite\",\"item\":\"https:\/\/simhero.com\/de\/\"},{\"@type\":\"ListItem\",\"position\":2,\"name\":\"Business\",\"item\":\"https:\/\/simhero.com\/de\/business\/\"},{\"@type\":\"ListItem\",\"position\":3,\"name\":\"Unsere Technologie\",\"item\":\"https:\/\/simhero.com\/de\/business\/unsere-technologie\/\"},{\"@type\":\"ListItem\",\"position\":4,\"name\":\"IoT-Konnektivit\u00e4t\"}]},{\"@type\":\"WebSite\",\"@id\":\"https:\/\/simhero.com\/de\/#website\",\"url\":\"https:\/\/simhero.com\/de\/\",\"name\":\"simHERO\",\"description\":\"\",\"potentialAction\":[{\"@type\":\"SearchAction\",\"target\":{\"@type\":\"EntryPoint\",\"urlTemplate\":\"https:\/\/simhero.com\/de\/?s={search_term_string}\"},\"query-input\":{\"@type\":\"PropertyValueSpecification\",\"valueRequired\":true,\"valueName\":\"search_term_string\"}}],\"inLanguage\":\"de\"}]}<\/script>\n<!-- \/ Yoast SEO plugin. -->","yoast_head_json":{"title":"Global IoT connectivity - simHERO","description":"simHERO provides the best global IoT connectivity available and connects consumers and their IoT devices all over the world to over 500 local networks in 180 countries.","robots":{"index":"index","follow":"follow","max-snippet":"max-snippet:-1","max-image-preview":"max-image-preview:large","max-video-preview":"max-video-preview:-1"},"canonical":"https:\/\/simhero.com\/de\/business\/unsere-technologie\/iot-konnektivitaet\/","og_locale":"de_DE","og_type":"article","og_title":"Global IoT connectivity - simHERO","og_description":"simHERO provides the best global IoT connectivity available and connects consumers and their IoT devices all over the world to over 500 local networks in 180 countries.","og_url":"https:\/\/simhero.com\/de\/business\/unsere-technologie\/iot-konnektivitaet\/","og_site_name":"simHERO","article_publisher":"https:\/\/www.facebook.com\/freeewaysimhero\/","article_modified_time":"2021-02-03T13:26:06+00:00","og_image":[{"url":"http:\/\/3.65.206.27\/wp-content\/uploads\/2020\/07\/iot-worldwide.jpg"}],"twitter_card":"summary_large_image","twitter_misc":{"Gesch\u00e4tzte Lesezeit":"2\u00a0Minuten"},"schema":{"@context":"https:\/\/schema.org","@graph":[{"@type":"WebPage","@id":"https:\/\/simhero.com\/de\/business\/unsere-technologie\/iot-konnektivitaet\/","url":"https:\/\/simhero.com\/de\/business\/unsere-technologie\/iot-konnektivitaet\/","name":"Global IoT connectivity - simHERO","isPartOf":{"@id":"https:\/\/simhero.com\/de\/#website"},"primaryImageOfPage":{"@id":"https:\/\/simhero.com\/de\/business\/unsere-technologie\/iot-konnektivitaet\/#primaryimage"},"image":{"@id":"https:\/\/simhero.com\/de\/business\/unsere-technologie\/iot-konnektivitaet\/#primaryimage"},"thumbnailUrl":"http:\/\/3.65.206.27\/wp-content\/uploads\/2020\/07\/iot-worldwide.jpg","datePublished":"2020-06-18T08:38:30+00:00","dateModified":"2021-02-03T13:26:06+00:00","description":"simHERO provides the best global IoT connectivity available and connects consumers and their IoT devices all over the world to over 500 local networks in 180 countries.","breadcrumb":{"@id":"https:\/\/simhero.com\/de\/business\/unsere-technologie\/iot-konnektivitaet\/#breadcrumb"},"inLanguage":"de","potentialAction":[{"@type":"ReadAction","target":["https:\/\/simhero.com\/de\/business\/unsere-technologie\/iot-konnektivitaet\/"]}]},{"@type":"ImageObject","inLanguage":"de","@id":"https:\/\/simhero.com\/de\/business\/unsere-technologie\/iot-konnektivitaet\/#primaryimage","url":"http:\/\/3.65.206.27\/wp-content\/uploads\/2020\/07\/iot-worldwide.jpg","contentUrl":"http:\/\/3.65.206.27\/wp-content\/uploads\/2020\/07\/iot-worldwide.jpg"},{"@type":"BreadcrumbList","@id":"https:\/\/simhero.com\/de\/business\/unsere-technologie\/iot-konnektivitaet\/#breadcrumb","itemListElement":[{"@type":"ListItem","position":1,"name":"Startseite","item":"https:\/\/simhero.com\/de\/"},{"@type":"ListItem","position":2,"name":"Business","item":"https:\/\/simhero.com\/de\/business\/"},{"@type":"ListItem","position":3,"name":"Unsere Technologie","item":"https:\/\/simhero.com\/de\/business\/unsere-technologie\/"},{"@type":"ListItem","position":4,"name":"IoT-Konnektivit\u00e4t"}]},{"@type":"WebSite","@id":"https:\/\/simhero.com\/de\/#website","url":"https:\/\/simhero.com\/de\/","name":"simHERO","description":"","potentialAction":[{"@type":"SearchAction","target":{"@type":"EntryPoint","urlTemplate":"https:\/\/simhero.com\/de\/?s={search_term_string}"},"query-input":{"@type":"PropertyValueSpecification","valueRequired":true,"valueName":"search_term_string"}}],"inLanguage":"de"}]}},"_links":{"self":[{"href":"https:\/\/simhero.com\/de\/wp-json\/wp\/v2\/pages\/2355"}],"collection":[{"href":"https:\/\/simhero.com\/de\/wp-json\/wp\/v2\/pages"}],"about":[{"href":"https:\/\/simhero.com\/de\/wp-json\/wp\/v2\/types\/page"}],"author":[{"embeddable":true,"href":"https:\/\/simhero.com\/de\/wp-json\/wp\/v2\/users\/2"}],"replies":[{"embeddable":true,"href":"https:\/\/simhero.com\/de\/wp-json\/wp\/v2\/comments?post=2355"}],"version-history":[{"count":7,"href":"https:\/\/simhero.com\/de\/wp-json\/wp\/v2\/pages\/2355\/revisions"}],"predecessor-version":[{"id":5032,"href":"https:\/\/simhero.com\/de\/wp-json\/wp\/v2\/pages\/2355\/revisions\/5032"}],"up":[{"embeddable":true,"href":"https:\/\/simhero.com\/de\/wp-json\/wp\/v2\/pages\/2353"}],"wp:attachment":[{"href":"https:\/\/simhero.com\/de\/wp-json\/wp\/v2\/media?parent=2355"}],"curies":[{"name":"wp","href":"https:\/\/api.w.org\/{rel}","templated":true}]}}