{"id":2354,"date":"2020-06-19T11:00:10","date_gmt":"2020-06-19T09:00:10","guid":{"rendered":"http:\/\/3.65.206.27\/business\/our-technology\/global-coverage\/"},"modified":"2021-02-03T14:23:22","modified_gmt":"2021-02-03T13:23:22","slug":"globale-abdeckung","status":"publish","type":"page","link":"https:\/\/simhero.com\/de\/business\/unsere-technologie\/globale-abdeckung\/","title":{"rendered":"Globale Abdeckung"},"content":{"rendered":"\t\t<div data-elementor-type=\"wp-page\" data-elementor-id=\"2354\" class=\"elementor elementor-2354 elementor-400\" data-elementor-post-type=\"page\">\n\t\t\t\t\t\t<section class=\"elementor-section elementor-top-section elementor-element elementor-element-5e776428 elementor-section-height-min-height elementor-section-boxed elementor-section-height-default elementor-section-items-middle\" data-id=\"5e776428\" data-element_type=\"section\" data-settings=\"{&quot;background_background&quot;:&quot;classic&quot;}\">\n\t\t\t\t\t\t\t<div class=\"elementor-background-overlay\"><\/div>\n\t\t\t\t\t\t\t<div class=\"elementor-container elementor-column-gap-default\">\n\t\t\t\t\t<div class=\"elementor-column elementor-col-100 elementor-top-column elementor-element elementor-element-4cf8ed47\" data-id=\"4cf8ed47\" data-element_type=\"column\">\n\t\t\t<div class=\"elementor-widget-wrap elementor-element-populated\">\n\t\t\t\t\t\t<div class=\"elementor-element elementor-element-180f5f4f elementor-widget elementor-widget-heading\" data-id=\"180f5f4f\" data-element_type=\"widget\" data-widget_type=\"heading.default\">\n\t\t\t\t<div class=\"elementor-widget-container\">\n\t\t\t<h1 class=\"elementor-heading-title elementor-size-default\">Weltweite Abdeckung\n<\/h1>\t\t<\/div>\n\t\t\t\t<\/div>\n\t\t\t\t\t<\/div>\n\t\t<\/div>\n\t\t\t\t\t<\/div>\n\t\t<\/section>\n\t\t\t\t<section class=\"elementor-section elementor-top-section elementor-element elementor-element-3f664284 elementor-section-boxed elementor-section-height-default elementor-section-height-default\" data-id=\"3f664284\" data-element_type=\"section\">\n\t\t\t\t\t\t<div class=\"elementor-container elementor-column-gap-default\">\n\t\t\t\t\t<div class=\"elementor-column elementor-col-100 elementor-top-column elementor-element elementor-element-4f9fcad1\" data-id=\"4f9fcad1\" data-element_type=\"column\">\n\t\t\t<div class=\"elementor-widget-wrap elementor-element-populated\">\n\t\t\t\t\t\t<div class=\"elementor-element elementor-element-26a390a7 elementor-widget elementor-widget-heading\" data-id=\"26a390a7\" data-element_type=\"widget\" data-widget_type=\"heading.default\">\n\t\t\t\t<div class=\"elementor-widget-container\">\n\t\t\t<h2 class=\"elementor-heading-title elementor-size-default\">Das geeignete Unternehmen f\u00fcr Ihre Vorhaben\n\n\n<\/h2>\t\t<\/div>\n\t\t\t\t<\/div>\n\t\t\t\t<div class=\"elementor-element elementor-element-2c361763 elementor-widget elementor-widget-text-editor\" data-id=\"2c361763\" data-element_type=\"widget\" data-widget_type=\"text-editor.default\">\n\t\t\t\t<div class=\"elementor-widget-container\">\n\t\t\t\t\t\t\t<p>Sie werden nie wieder allein sein! simHERO hat Partnerschaften mit den renommiertesten Mobilnetzbetreibern rund um den Globus gekn\u00fcpft, damit alle unsere Kunden Zugang zu \u00fcber 400 Netzen erhalten und wir die bestm\u00f6gliche IoT-Konnektivit\u00e4t bieten k\u00f6nnen. Wir sind davon \u00fcberzeugt, dass diese Partnerschaften f\u00fcr die Verbesserung unserer hochqualitativen Services entscheidend sind. simHERO kooperiert mit den folgenden Netzbetreibern:<\/p>\t\t\t\t\t\t<\/div>\n\t\t\t\t<\/div>\n\t\t\t\t\t<\/div>\n\t\t<\/div>\n\t\t\t\t\t<\/div>\n\t\t<\/section>\n\t\t\t\t<section class=\"elementor-section elementor-top-section elementor-element elementor-element-a83f6ae elementor-section-boxed elementor-section-height-default elementor-section-height-default\" data-id=\"a83f6ae\" data-element_type=\"section\">\n\t\t\t\t\t\t<div class=\"elementor-container elementor-column-gap-wider\">\n\t\t\t\t\t<div class=\"elementor-column elementor-col-50 elementor-top-column elementor-element elementor-element-9bbb668\" data-id=\"9bbb668\" data-element_type=\"column\">\n\t\t\t<div class=\"elementor-widget-wrap elementor-element-populated\">\n\t\t\t\t\t\t<div class=\"elementor-element elementor-element-a7a7975 elementor-widget elementor-widget-image\" data-id=\"a7a7975\" data-element_type=\"widget\" data-widget_type=\"image.default\">\n\t\t\t\t<div class=\"elementor-widget-container\">\n\t\t\t\t\t\t\t\t\t\t\t\t\t\t<a href=\"https:\/\/www.a1.digital\/at\/\" target=\"_blank\">\n\t\t\t\t\t\t\t<img decoding=\"async\" width=\"141\" height=\"100\" src=\"https:\/\/simhero.com\/wp-content\/uploads\/2020\/07\/A1_Digital.png\" class=\"attachment-full size-full wp-image-1328\" alt=\"\" \/>\t\t\t\t\t\t\t\t<\/a>\n\t\t\t\t\t\t\t\t\t\t\t\t\t<\/div>\n\t\t\t\t<\/div>\n\t\t\t\t<div class=\"elementor-element elementor-element-16f2ba3 elementor-widget elementor-widget-text-editor\" data-id=\"16f2ba3\" data-element_type=\"widget\" data-widget_type=\"text-editor.default\">\n\t\t\t\t<div class=\"elementor-widget-container\">\n\t\t\t\t\t\t\t<p>A1 Telekom Austria ist der f\u00fchrende Kommunikationsanbieter in \u00d6sterreich, mit Sitz in Wien, \u00d6sterreich. \u00dcber dieses Anbieternetz verbindet sich simHERO mit 406 Netzen, um 2G-, 3G-, 4G-, LTE- und NB-IoT-Konnektivit\u00e4t zu bieten.<\/p>\t\t\t\t\t\t<\/div>\n\t\t\t\t<\/div>\n\t\t\t\t\t<\/div>\n\t\t<\/div>\n\t\t\t\t<div class=\"elementor-column elementor-col-50 elementor-top-column elementor-element elementor-element-439acf9\" data-id=\"439acf9\" data-element_type=\"column\">\n\t\t\t<div class=\"elementor-widget-wrap elementor-element-populated\">\n\t\t\t\t\t\t<div class=\"elementor-element elementor-element-5223e4d elementor-widget elementor-widget-image\" data-id=\"5223e4d\" data-element_type=\"widget\" data-widget_type=\"image.default\">\n\t\t\t\t<div class=\"elementor-widget-container\">\n\t\t\t\t\t\t\t\t\t\t\t\t\t\t<a href=\"https:\/\/arqia.com.br\/\" target=\"_blank\">\n\t\t\t\t\t\t\t<img decoding=\"async\" width=\"200\" height=\"100\" src=\"https:\/\/simhero.com\/wp-content\/uploads\/2020\/07\/logo-arqia-dados.png\" class=\"attachment-full size-full wp-image-1329\" alt=\"\" \/>\t\t\t\t\t\t\t\t<\/a>\n\t\t\t\t\t\t\t\t\t\t\t\t\t<\/div>\n\t\t\t\t<\/div>\n\t\t\t\t<div class=\"elementor-element elementor-element-c883508 elementor-widget elementor-widget-text-editor\" data-id=\"c883508\" data-element_type=\"widget\" data-widget_type=\"text-editor.default\">\n\t\t\t\t<div class=\"elementor-widget-container\">\n\t\t\t\t\t\t\t<p>Arqia Datora ist unser erster Partner-Mobilanbieter in S\u00fcdamerika, mit Sitz in Sao Paolo, Brasilien. Dank dieser Partnerschaft kann simHERO in Brasilien 2G, 3G, 4G und LTE \u00fcber TIM- und VIVO-Netze anbieten.<\/p>\t\t\t\t\t\t<\/div>\n\t\t\t\t<\/div>\n\t\t\t\t<section class=\"elementor-section elementor-inner-section elementor-element elementor-element-535a7d8 elementor-section-content-middle elementor-section-boxed elementor-section-height-default elementor-section-height-default\" data-id=\"535a7d8\" data-element_type=\"section\">\n\t\t\t\t\t\t<div class=\"elementor-container elementor-column-gap-default\">\n\t\t\t\t\t<div class=\"elementor-column elementor-col-50 elementor-inner-column elementor-element elementor-element-61bf881\" data-id=\"61bf881\" data-element_type=\"column\">\n\t\t\t<div class=\"elementor-widget-wrap\">\n\t\t\t\t\t\t\t<\/div>\n\t\t<\/div>\n\t\t\t\t<div class=\"elementor-column elementor-col-50 elementor-inner-column elementor-element elementor-element-d624153\" data-id=\"d624153\" data-element_type=\"column\">\n\t\t\t<div class=\"elementor-widget-wrap\">\n\t\t\t\t\t\t\t<\/div>\n\t\t<\/div>\n\t\t\t\t\t<\/div>\n\t\t<\/section>\n\t\t\t\t\t<\/div>\n\t\t<\/div>\n\t\t\t\t\t<\/div>\n\t\t<\/section>\n\t\t\t\t<section class=\"elementor-section elementor-top-section elementor-element elementor-element-b6a46cf elementor-section-boxed elementor-section-height-default elementor-section-height-default\" data-id=\"b6a46cf\" data-element_type=\"section\">\n\t\t\t\t\t\t<div class=\"elementor-container elementor-column-gap-wider\">\n\t\t\t\t\t<div class=\"elementor-column elementor-col-50 elementor-top-column elementor-element elementor-element-e1190bb\" data-id=\"e1190bb\" data-element_type=\"column\">\n\t\t\t<div class=\"elementor-widget-wrap elementor-element-populated\">\n\t\t\t\t\t\t<div class=\"elementor-element elementor-element-d7ba01a elementor-widget elementor-widget-image\" data-id=\"d7ba01a\" data-element_type=\"widget\" data-widget_type=\"image.default\">\n\t\t\t\t<div class=\"elementor-widget-container\">\n\t\t\t\t\t\t\t\t\t\t\t\t\t\t<a href=\"https:\/\/www.kpn.com\/\" target=\"_blank\">\n\t\t\t\t\t\t\t<img decoding=\"async\" width=\"132\" height=\"100\" src=\"https:\/\/simhero.com\/wp-content\/uploads\/2020\/07\/kpn.png\" class=\"attachment-large size-large wp-image-1331\" alt=\"\" \/>\t\t\t\t\t\t\t\t<\/a>\n\t\t\t\t\t\t\t\t\t\t\t\t\t<\/div>\n\t\t\t\t<\/div>\n\t\t\t\t<div class=\"elementor-element elementor-element-33c15f9 elementor-widget elementor-widget-text-editor\" data-id=\"33c15f9\" data-element_type=\"widget\" data-widget_type=\"text-editor.default\">\n\t\t\t\t<div class=\"elementor-widget-container\">\n\t\t\t\t\t\t\t<p>KPN ist ein holl\u00e4ndisches Festnetz- und Mobiltelekommunikationsunternehmen mit Sitz in Rotterdam, Niederlande. KPN bietet Zugang zu 461 Netzen und erbringt Services f\u00fcr 2G, 3G, 4G, LTE und LTE CatM1.<\/p>\t\t\t\t\t\t<\/div>\n\t\t\t\t<\/div>\n\t\t\t\t\t<\/div>\n\t\t<\/div>\n\t\t\t\t<div class=\"elementor-column elementor-col-50 elementor-top-column elementor-element elementor-element-f5a81dc\" data-id=\"f5a81dc\" data-element_type=\"column\">\n\t\t\t<div class=\"elementor-widget-wrap elementor-element-populated\">\n\t\t\t\t\t\t<div class=\"elementor-element elementor-element-aa99e8f elementor-widget elementor-widget-image\" data-id=\"aa99e8f\" data-element_type=\"widget\" data-widget_type=\"image.default\">\n\t\t\t\t<div class=\"elementor-widget-container\">\n\t\t\t\t\t\t\t\t\t\t\t\t\t\t<a href=\"https:\/\/www.magenta.at\/\" target=\"_blank\">\n\t\t\t\t\t\t\t<img loading=\"lazy\" decoding=\"async\" width=\"159\" height=\"100\" src=\"https:\/\/simhero.com\/wp-content\/uploads\/2020\/07\/Logo_Magenta_Business-svg.png\" class=\"attachment-large size-large wp-image-1332\" alt=\"\" \/>\t\t\t\t\t\t\t\t<\/a>\n\t\t\t\t\t\t\t\t\t\t\t\t\t<\/div>\n\t\t\t\t<\/div>\n\t\t\t\t<div class=\"elementor-element elementor-element-402090a elementor-widget elementor-widget-text-editor\" data-id=\"402090a\" data-element_type=\"widget\" data-widget_type=\"text-editor.default\">\n\t\t\t\t<div class=\"elementor-widget-container\">\n\t\t\t\t\t\t\t<p><span style=\"color: #222222;\"><span style=\"font-family: Montserrat, serif;\">Magenta ist ein \u00f6sterreichischer Telekommunikationsanbieter und ist eine hundertprozentige Tochter der Deutschen Telekom AG (Deutschland). Dank dieser Partnerschaft kann simHERO 524 Netze f\u00fcr 2G, 3G, 4G, LTE und NB-IoT anbieten.<\/span><\/span><\/p>\t\t\t\t\t\t<\/div>\n\t\t\t\t<\/div>\n\t\t\t\t\t<\/div>\n\t\t<\/div>\n\t\t\t\t\t<\/div>\n\t\t<\/section>\n\t\t\t\t<section class=\"elementor-section elementor-top-section elementor-element elementor-element-880da91 elementor-section-boxed elementor-section-height-default elementor-section-height-default\" data-id=\"880da91\" data-element_type=\"section\">\n\t\t\t\t\t\t<div class=\"elementor-container elementor-column-gap-wider\">\n\t\t\t\t\t<div class=\"elementor-column elementor-col-50 elementor-top-column elementor-element elementor-element-090f2e9\" data-id=\"090f2e9\" data-element_type=\"column\">\n\t\t\t<div class=\"elementor-widget-wrap elementor-element-populated\">\n\t\t\t\t\t\t<div class=\"elementor-element elementor-element-9e538fc elementor-widget elementor-widget-image\" data-id=\"9e538fc\" data-element_type=\"widget\" data-widget_type=\"image.default\">\n\t\t\t\t<div class=\"elementor-widget-container\">\n\t\t\t\t\t\t\t\t\t\t\t\t\t\t<a href=\"https:\/\/www.vodafone.com\/\" target=\"_blank\">\n\t\t\t\t\t\t\t<img loading=\"lazy\" decoding=\"async\" width=\"80\" height=\"80\" src=\"https:\/\/simhero.com\/wp-content\/uploads\/2020\/05\/surface-e1588843842261.png\" class=\"attachment-large size-large wp-image-1261\" alt=\"\" \/>\t\t\t\t\t\t\t\t<\/a>\n\t\t\t\t\t\t\t\t\t\t\t\t\t<\/div>\n\t\t\t\t<\/div>\n\t\t\t\t<div class=\"elementor-element elementor-element-c4663db elementor-widget elementor-widget-text-editor\" data-id=\"c4663db\" data-element_type=\"widget\" data-widget_type=\"text-editor.default\">\n\t\t\t\t<div class=\"elementor-widget-container\">\n\t\t\t\t\t\t\t<p>Vodafone ist ein weltweiter Anf\u00fchrer in Kommunikationstechnik mit Sitz in Newbury, Gro\u00dfbritannien. Als offizieller Vodafone-Partner bietet simHERO Zugang zu 680 Netzen f\u00fcr 2G, 3G, 4G, LTE, LTE CatM1 und NB-IoT.<\/p>\t\t\t\t\t\t<\/div>\n\t\t\t\t<\/div>\n\t\t\t\t\t<\/div>\n\t\t<\/div>\n\t\t\t\t<div class=\"elementor-column elementor-col-50 elementor-top-column elementor-element elementor-element-191cdc8\" data-id=\"191cdc8\" data-element_type=\"column\">\n\t\t\t<div class=\"elementor-widget-wrap\">\n\t\t\t\t\t\t\t<\/div>\n\t\t<\/div>\n\t\t\t\t\t<\/div>\n\t\t<\/section>\n\t\t\t\t<\/div>\n\t\t","protected":false},"excerpt":{"rendered":"<p>Weltweite Abdeckung Das geeignete Unternehmen f\u00fcr Ihre Vorhaben Sie werden nie wieder allein sein! simHERO hat Partnerschaften mit den renommiertesten Mobilnetzbetreibern rund um den Globus gekn\u00fcpft, damit alle unsere Kunden Zugang zu \u00fcber 400 Netzen erhalten und wir die bestm\u00f6gliche IoT-Konnektivit\u00e4t bieten k\u00f6nnen. Wir sind davon \u00fcberzeugt, dass diese Partnerschaften f\u00fcr die Verbesserung unserer hochqualitativen [&hellip;]<\/p>\n","protected":false},"author":2,"featured_media":0,"parent":2353,"menu_order":0,"comment_status":"closed","ping_status":"closed","template":"elementor_header_footer","meta":{"footnotes":""},"yoast_head":"<!-- This site is optimized with the Yoast SEO plugin v23.4 - https:\/\/yoast.com\/wordpress\/plugins\/seo\/ -->\n<title>Globale Abdeckung - simHERO<\/title>\n<meta name=\"description\" content=\"simHERO has established partnerships with the most renowned networks on the globe in order to provide the best global coverage for your IoT connectivity.\" \/>\n<meta name=\"robots\" content=\"index, follow, max-snippet:-1, max-image-preview:large, max-video-preview:-1\" \/>\n<link rel=\"canonical\" href=\"https:\/\/simhero.com\/de\/business\/unsere-technologie\/globale-abdeckung\/\" \/>\n<meta property=\"og:locale\" content=\"de_DE\" \/>\n<meta property=\"og:type\" content=\"article\" \/>\n<meta property=\"og:title\" content=\"Globale Abdeckung - simHERO\" \/>\n<meta property=\"og:description\" content=\"simHERO has established partnerships with the most renowned networks on the globe in order to provide the best global coverage for your IoT connectivity.\" \/>\n<meta property=\"og:url\" content=\"https:\/\/simhero.com\/de\/business\/unsere-technologie\/globale-abdeckung\/\" \/>\n<meta property=\"og:site_name\" content=\"simHERO\" \/>\n<meta property=\"article:publisher\" content=\"https:\/\/www.facebook.com\/freeewaysimhero\/\" \/>\n<meta property=\"article:modified_time\" content=\"2021-02-03T13:23:22+00:00\" \/>\n<meta property=\"og:image\" content=\"http:\/\/3.65.206.27\/wp-content\/uploads\/2020\/07\/A1_Digital.png\" \/>\n<meta name=\"twitter:card\" content=\"summary_large_image\" \/>\n<meta name=\"twitter:label1\" content=\"Gesch\u00e4tzte Lesezeit\" \/>\n\t<meta name=\"twitter:data1\" content=\"1\u00a0Minute\" \/>\n<script type=\"application\/ld+json\" class=\"yoast-schema-graph\">{\"@context\":\"https:\/\/schema.org\",\"@graph\":[{\"@type\":\"WebPage\",\"@id\":\"https:\/\/simhero.com\/de\/business\/unsere-technologie\/globale-abdeckung\/\",\"url\":\"https:\/\/simhero.com\/de\/business\/unsere-technologie\/globale-abdeckung\/\",\"name\":\"Globale Abdeckung - simHERO\",\"isPartOf\":{\"@id\":\"https:\/\/simhero.com\/de\/#website\"},\"primaryImageOfPage\":{\"@id\":\"https:\/\/simhero.com\/de\/business\/unsere-technologie\/globale-abdeckung\/#primaryimage\"},\"image\":{\"@id\":\"https:\/\/simhero.com\/de\/business\/unsere-technologie\/globale-abdeckung\/#primaryimage\"},\"thumbnailUrl\":\"http:\/\/3.65.206.27\/wp-content\/uploads\/2020\/07\/A1_Digital.png\",\"datePublished\":\"2020-06-19T09:00:10+00:00\",\"dateModified\":\"2021-02-03T13:23:22+00:00\",\"description\":\"simHERO has established partnerships with the most renowned networks on the globe in order to provide the best global coverage for your IoT connectivity.\",\"breadcrumb\":{\"@id\":\"https:\/\/simhero.com\/de\/business\/unsere-technologie\/globale-abdeckung\/#breadcrumb\"},\"inLanguage\":\"de\",\"potentialAction\":[{\"@type\":\"ReadAction\",\"target\":[\"https:\/\/simhero.com\/de\/business\/unsere-technologie\/globale-abdeckung\/\"]}]},{\"@type\":\"ImageObject\",\"inLanguage\":\"de\",\"@id\":\"https:\/\/simhero.com\/de\/business\/unsere-technologie\/globale-abdeckung\/#primaryimage\",\"url\":\"http:\/\/3.65.206.27\/wp-content\/uploads\/2020\/07\/A1_Digital.png\",\"contentUrl\":\"http:\/\/3.65.206.27\/wp-content\/uploads\/2020\/07\/A1_Digital.png\"},{\"@type\":\"BreadcrumbList\",\"@id\":\"https:\/\/simhero.com\/de\/business\/unsere-technologie\/globale-abdeckung\/#breadcrumb\",\"itemListElement\":[{\"@type\":\"ListItem\",\"position\":1,\"name\":\"Startseite\",\"item\":\"https:\/\/simhero.com\/de\/\"},{\"@type\":\"ListItem\",\"position\":2,\"name\":\"Business\",\"item\":\"https:\/\/simhero.com\/de\/business\/\"},{\"@type\":\"ListItem\",\"position\":3,\"name\":\"Unsere Technologie\",\"item\":\"https:\/\/simhero.com\/de\/business\/unsere-technologie\/\"},{\"@type\":\"ListItem\",\"position\":4,\"name\":\"Globale Abdeckung\"}]},{\"@type\":\"WebSite\",\"@id\":\"https:\/\/simhero.com\/de\/#website\",\"url\":\"https:\/\/simhero.com\/de\/\",\"name\":\"simHERO\",\"description\":\"\",\"potentialAction\":[{\"@type\":\"SearchAction\",\"target\":{\"@type\":\"EntryPoint\",\"urlTemplate\":\"https:\/\/simhero.com\/de\/?s={search_term_string}\"},\"query-input\":{\"@type\":\"PropertyValueSpecification\",\"valueRequired\":true,\"valueName\":\"search_term_string\"}}],\"inLanguage\":\"de\"}]}<\/script>\n<!-- \/ Yoast SEO plugin. -->","yoast_head_json":{"title":"Globale Abdeckung - simHERO","description":"simHERO has established partnerships with the most renowned networks on the globe in order to provide the best global coverage for your IoT connectivity.","robots":{"index":"index","follow":"follow","max-snippet":"max-snippet:-1","max-image-preview":"max-image-preview:large","max-video-preview":"max-video-preview:-1"},"canonical":"https:\/\/simhero.com\/de\/business\/unsere-technologie\/globale-abdeckung\/","og_locale":"de_DE","og_type":"article","og_title":"Globale Abdeckung - simHERO","og_description":"simHERO has established partnerships with the most renowned networks on the globe in order to provide the best global coverage for your IoT connectivity.","og_url":"https:\/\/simhero.com\/de\/business\/unsere-technologie\/globale-abdeckung\/","og_site_name":"simHERO","article_publisher":"https:\/\/www.facebook.com\/freeewaysimhero\/","article_modified_time":"2021-02-03T13:23:22+00:00","og_image":[{"url":"http:\/\/3.65.206.27\/wp-content\/uploads\/2020\/07\/A1_Digital.png"}],"twitter_card":"summary_large_image","twitter_misc":{"Gesch\u00e4tzte Lesezeit":"1\u00a0Minute"},"schema":{"@context":"https:\/\/schema.org","@graph":[{"@type":"WebPage","@id":"https:\/\/simhero.com\/de\/business\/unsere-technologie\/globale-abdeckung\/","url":"https:\/\/simhero.com\/de\/business\/unsere-technologie\/globale-abdeckung\/","name":"Globale Abdeckung - simHERO","isPartOf":{"@id":"https:\/\/simhero.com\/de\/#website"},"primaryImageOfPage":{"@id":"https:\/\/simhero.com\/de\/business\/unsere-technologie\/globale-abdeckung\/#primaryimage"},"image":{"@id":"https:\/\/simhero.com\/de\/business\/unsere-technologie\/globale-abdeckung\/#primaryimage"},"thumbnailUrl":"http:\/\/3.65.206.27\/wp-content\/uploads\/2020\/07\/A1_Digital.png","datePublished":"2020-06-19T09:00:10+00:00","dateModified":"2021-02-03T13:23:22+00:00","description":"simHERO has established partnerships with the most renowned networks on the globe in order to provide the best global coverage for your IoT connectivity.","breadcrumb":{"@id":"https:\/\/simhero.com\/de\/business\/unsere-technologie\/globale-abdeckung\/#breadcrumb"},"inLanguage":"de","potentialAction":[{"@type":"ReadAction","target":["https:\/\/simhero.com\/de\/business\/unsere-technologie\/globale-abdeckung\/"]}]},{"@type":"ImageObject","inLanguage":"de","@id":"https:\/\/simhero.com\/de\/business\/unsere-technologie\/globale-abdeckung\/#primaryimage","url":"http:\/\/3.65.206.27\/wp-content\/uploads\/2020\/07\/A1_Digital.png","contentUrl":"http:\/\/3.65.206.27\/wp-content\/uploads\/2020\/07\/A1_Digital.png"},{"@type":"BreadcrumbList","@id":"https:\/\/simhero.com\/de\/business\/unsere-technologie\/globale-abdeckung\/#breadcrumb","itemListElement":[{"@type":"ListItem","position":1,"name":"Startseite","item":"https:\/\/simhero.com\/de\/"},{"@type":"ListItem","position":2,"name":"Business","item":"https:\/\/simhero.com\/de\/business\/"},{"@type":"ListItem","position":3,"name":"Unsere Technologie","item":"https:\/\/simhero.com\/de\/business\/unsere-technologie\/"},{"@type":"ListItem","position":4,"name":"Globale Abdeckung"}]},{"@type":"WebSite","@id":"https:\/\/simhero.com\/de\/#website","url":"https:\/\/simhero.com\/de\/","name":"simHERO","description":"","potentialAction":[{"@type":"SearchAction","target":{"@type":"EntryPoint","urlTemplate":"https:\/\/simhero.com\/de\/?s={search_term_string}"},"query-input":{"@type":"PropertyValueSpecification","valueRequired":true,"valueName":"search_term_string"}}],"inLanguage":"de"}]}},"_links":{"self":[{"href":"https:\/\/simhero.com\/de\/wp-json\/wp\/v2\/pages\/2354"}],"collection":[{"href":"https:\/\/simhero.com\/de\/wp-json\/wp\/v2\/pages"}],"about":[{"href":"https:\/\/simhero.com\/de\/wp-json\/wp\/v2\/types\/page"}],"author":[{"embeddable":true,"href":"https:\/\/simhero.com\/de\/wp-json\/wp\/v2\/users\/2"}],"replies":[{"embeddable":true,"href":"https:\/\/simhero.com\/de\/wp-json\/wp\/v2\/comments?post=2354"}],"version-history":[{"count":7,"href":"https:\/\/simhero.com\/de\/wp-json\/wp\/v2\/pages\/2354\/revisions"}],"predecessor-version":[{"id":5029,"href":"https:\/\/simhero.com\/de\/wp-json\/wp\/v2\/pages\/2354\/revisions\/5029"}],"up":[{"embeddable":true,"href":"https:\/\/simhero.com\/de\/wp-json\/wp\/v2\/pages\/2353"}],"wp:attachment":[{"href":"https:\/\/simhero.com\/de\/wp-json\/wp\/v2\/media?parent=2354"}],"curies":[{"name":"wp","href":"https:\/\/api.w.org\/{rel}","templated":true}]}}