{"id":2323,"date":"2020-08-14T09:33:02","date_gmt":"2020-08-14T07:33:02","guid":{"rendered":"http:\/\/3.65.206.27\/imprint\/"},"modified":"2020-11-18T09:42:00","modified_gmt":"2020-11-18T08:42:00","slug":"impressum","status":"publish","type":"page","link":"https:\/\/simhero.com\/de\/impressum\/","title":{"rendered":"Impressum"},"content":{"rendered":"\t\t<div data-elementor-type=\"wp-page\" data-elementor-id=\"2323\" class=\"elementor elementor-2323 elementor-1920\" data-elementor-post-type=\"page\">\n\t\t\t\t\t\t<section class=\"elementor-section elementor-top-section elementor-element elementor-element-5c77446a elementor-section-height-min-height elementor-section-boxed elementor-section-height-default elementor-section-items-middle\" data-id=\"5c77446a\" data-element_type=\"section\" data-settings=\"{&quot;background_background&quot;:&quot;classic&quot;}\">\n\t\t\t\t\t\t\t<div class=\"elementor-background-overlay\"><\/div>\n\t\t\t\t\t\t\t<div class=\"elementor-container elementor-column-gap-default\">\n\t\t\t\t\t<div class=\"elementor-column elementor-col-100 elementor-top-column elementor-element elementor-element-5cd90bd4\" data-id=\"5cd90bd4\" data-element_type=\"column\">\n\t\t\t<div class=\"elementor-widget-wrap elementor-element-populated\">\n\t\t\t\t\t\t<div class=\"elementor-element elementor-element-4737f756 elementor-widget elementor-widget-heading\" data-id=\"4737f756\" data-element_type=\"widget\" data-widget_type=\"heading.default\">\n\t\t\t\t<div class=\"elementor-widget-container\">\n\t\t\t<h1 class=\"elementor-heading-title elementor-size-default\">simHERO Impressum\n<\/h1>\t\t<\/div>\n\t\t\t\t<\/div>\n\t\t\t\t\t<\/div>\n\t\t<\/div>\n\t\t\t\t\t<\/div>\n\t\t<\/section>\n\t\t\t\t<section class=\"elementor-section elementor-top-section elementor-element elementor-element-993902c elementor-section-boxed elementor-section-height-default elementor-section-height-default\" data-id=\"993902c\" data-element_type=\"section\">\n\t\t\t\t\t\t<div class=\"elementor-container elementor-column-gap-default\">\n\t\t\t\t\t<div class=\"elementor-column elementor-col-100 elementor-top-column elementor-element elementor-element-f7ae327\" data-id=\"f7ae327\" data-element_type=\"column\">\n\t\t\t<div class=\"elementor-widget-wrap elementor-element-populated\">\n\t\t\t\t\t\t<div class=\"elementor-element elementor-element-0079617 elementor-widget elementor-widget-text-editor\" data-id=\"0079617\" data-element_type=\"widget\" data-widget_type=\"text-editor.default\">\n\t\t\t\t<div class=\"elementor-widget-container\">\n\t\t\t\t\t\t\t<p><b>Allgemeine Informationspflicht gem. \u00a7 5 E-Commerce-Gesetz (ECG)<\/b><\/p><p><strong>Freeeway GmbH<\/strong><\/p><p>Technologiezentrum \u2013 Techlab<br \/>Thomas A. Edison Strasse 2<br \/>7000 Eisenstadt, \u00d6sterreich<\/p><p>Tel: +43 (0) 2682 21707<br \/><span lang=\"\">FN 425395G, Landesgericht Eisenstadt<\/span><\/p><p><br \/>Email: <a title=\"impressum@freeeway.com\" href=\"mailto:impressum@freeeway.com\">impressum@freeeway.com<\/a><\/p><p><span lang=\"\">UID-Nr.:<\/span> <span lang=\"\">ATU 69153079<\/span><\/p><p><b>Branche:<\/b> Versandhandel, Internet und allgemeiner Handel und Beratung, Buchhaltung und IT<\/p><p><b>Firmenzweck:<\/b> Versandhandel, IT-Services<\/p><p><b>Preise:<\/b> Alle auf dieser Website einschlie\u00dflich der Unterseiten angegebenen Preise verstehen sich als Nettopreise und unterliegen der \u00f6sterreichischen Steuer.<\/p><p><b>Gesch\u00e4ftsf\u00fchrer:<br \/><\/b><span lang=\"\">Harald Fuchs<br \/><\/span><span lang=\"\">Thomas A. Edison Stra\u00dfe 2<br \/><\/span><span lang=\"\">7000 Eisenstadt, Austria<\/span><\/p><p>Aufsichtsbeh\u00f6rde: Rundfunk und Telekom Regulierungs-GmbH (RTR-GmbH)<span lang=\"\">, Mariahilfer Stra\u00dfe 77-79, A-1060 Vienna, Austria<\/span><\/p><p>\u00a0<\/p>\t\t\t\t\t\t<\/div>\n\t\t\t\t<\/div>\n\t\t\t\t<div class=\"elementor-element elementor-element-eb29e2f elementor-widget elementor-widget-accordion\" data-id=\"eb29e2f\" data-element_type=\"widget\" data-widget_type=\"accordion.default\">\n\t\t\t\t<div class=\"elementor-widget-container\">\n\t\t\t\t\t<div class=\"elementor-accordion\">\n\t\t\t\t\t\t\t<div class=\"elementor-accordion-item\">\n\t\t\t\t\t<div id=\"elementor-tab-title-2461\" class=\"elementor-tab-title\" data-tab=\"1\" role=\"button\" aria-controls=\"elementor-tab-content-2461\" aria-expanded=\"false\">\n\t\t\t\t\t\t\t\t\t\t\t\t\t<span class=\"elementor-accordion-icon elementor-accordion-icon-left\" aria-hidden=\"true\">\n\t\t\t\t\t\t\t\t\t\t\t\t\t\t\t<span class=\"elementor-accordion-icon-closed\"><i class=\"fas fa-plus\"><\/i><\/span>\n\t\t\t\t\t\t\t\t<span class=\"elementor-accordion-icon-opened\"><i class=\"fas fa-minus\"><\/i><\/span>\n\t\t\t\t\t\t\t\t\t\t\t\t\t\t<\/span>\n\t\t\t\t\t\t\t\t\t\t\t\t<a class=\"elementor-accordion-title\" tabindex=\"0\">1. Inhalt dieser Website<\/a>\n\t\t\t\t\t<\/div>\n\t\t\t\t\t<div id=\"elementor-tab-content-2461\" class=\"elementor-tab-content elementor-clearfix\" data-tab=\"1\" role=\"region\" aria-labelledby=\"elementor-tab-title-2461\"><p>Der Autor \u00fcbernimmt keine Verantwortung f\u00fcr die Aktualit\u00e4t, Genauigkeit, Vollst\u00e4ndigkeit oder Qualit\u00e4t der bereitgestellten Informationen. Haftungsanspr\u00fcche gegen den Autor f\u00fcr Verm\u00f6gens- und Sachsch\u00e4den aufgrund der Nutzung oder Nichtnutzung der bereitgestellten Informationen oder aufgrund der Nutzung von inkorrekten oder unvollst\u00e4ndigen Informationen sind ausgeschlossen, au\u00dfer wenn nachweislich der Autor willentlich und absichtlich oder grob fahrl\u00e4ssig gehandelt hat. Alle Angebote sind freibleibend und k\u00f6nnen ohne vorherige Ank\u00fcndigung abge\u00e4ndert werden. Der Autor beh\u00e4lt sich ausdr\u00fccklich vor, die Website teilweise oder g\u00e4nzlich zu modifizieren, zu erweitern oder zu l\u00f6schen, ohne dass es einer separaten Benachrichtigung bedarf, bzw. die Ver\u00f6ffentlichung vor\u00fcbergehend oder dauerhaft einzustellen.<\/p><\/div>\n\t\t\t\t<\/div>\n\t\t\t\t\t\t\t<div class=\"elementor-accordion-item\">\n\t\t\t\t\t<div id=\"elementor-tab-title-2462\" class=\"elementor-tab-title\" data-tab=\"2\" role=\"button\" aria-controls=\"elementor-tab-content-2462\" aria-expanded=\"false\">\n\t\t\t\t\t\t\t\t\t\t\t\t\t<span class=\"elementor-accordion-icon elementor-accordion-icon-left\" aria-hidden=\"true\">\n\t\t\t\t\t\t\t\t\t\t\t\t\t\t\t<span class=\"elementor-accordion-icon-closed\"><i class=\"fas fa-plus\"><\/i><\/span>\n\t\t\t\t\t\t\t\t<span class=\"elementor-accordion-icon-opened\"><i class=\"fas fa-minus\"><\/i><\/span>\n\t\t\t\t\t\t\t\t\t\t\t\t\t\t<\/span>\n\t\t\t\t\t\t\t\t\t\t\t\t<a class=\"elementor-accordion-title\" tabindex=\"0\">2. Verweise und Links <\/a>\n\t\t\t\t\t<\/div>\n\t\t\t\t\t<div id=\"elementor-tab-content-2462\" class=\"elementor-tab-content elementor-clearfix\" data-tab=\"2\" role=\"region\" aria-labelledby=\"elementor-tab-title-2462\"><p>Der Autor haftet nur f\u00fcr direkte oder indirekte Verweise auf Websites von Dritten (\u201eLinks\u201c) au\u00dferhalb seiner Verantwortung, wenn der Autor sich solcher Inhalte bewusst ist, sowie, wenn solche Inhalte illegal sind, und es dem Autor technisch m\u00f6glich w\u00e4re, die Nutzung solcher zu verhindern und eine solche Verhinderung in angemessener Weise von ihm erwartet werden k\u00f6nnte. Der Autor erkl\u00e4rt ausdr\u00fccklich, dass ihm zum Zeitpunkt der Erstellung der Links keine illegalen Inhalte auf den verlinkten Seiten ersichtlich waren. Der Autor hat keinen Einfluss auf das aktuelle und k\u00fcnftige Design, den aktuellen und k\u00fcnftigen Inhalt oder die aktuelle und k\u00fcnftige Urheberschaft der verlinkten\/verbundenen Seiten. Daher distanziert sich der Autor hiermit von den Inhalten aller verlinkten\/verbunden Seiten, die seit der Erstellung der Links ver\u00e4ndert wurden. Diese Erkl\u00e4rung gilt f\u00fcr alle Links und Verweise, die in den Inhalten auf der eigenen Website des Autors erscheinen, als auch hinsichtlich Informationen, die von Dritten in den vom Autor eingerichteten G\u00e4steb\u00fcchern, Diskussionsforen und Mailinglisten eingegeben wurden. Die Haftung f\u00fcr illegale, inkorrekte oder unvollst\u00e4ndige Inhalte und insbesondere f\u00fcr Sch\u00e4den aufgrund der Nutzung oder Nichtnutzung solcher Informationen verbleibt ausschlie\u00dflich beim Anbieter der verlinkten Seite und nicht bei der Partei, die lediglich auf solche Ver\u00f6ffentlichungen mittels Links verweist.<\/p><\/div>\n\t\t\t\t<\/div>\n\t\t\t\t\t\t\t<div class=\"elementor-accordion-item\">\n\t\t\t\t\t<div id=\"elementor-tab-title-2463\" class=\"elementor-tab-title\" data-tab=\"3\" role=\"button\" aria-controls=\"elementor-tab-content-2463\" aria-expanded=\"false\">\n\t\t\t\t\t\t\t\t\t\t\t\t\t<span class=\"elementor-accordion-icon elementor-accordion-icon-left\" aria-hidden=\"true\">\n\t\t\t\t\t\t\t\t\t\t\t\t\t\t\t<span class=\"elementor-accordion-icon-closed\"><i class=\"fas fa-plus\"><\/i><\/span>\n\t\t\t\t\t\t\t\t<span class=\"elementor-accordion-icon-opened\"><i class=\"fas fa-minus\"><\/i><\/span>\n\t\t\t\t\t\t\t\t\t\t\t\t\t\t<\/span>\n\t\t\t\t\t\t\t\t\t\t\t\t<a class=\"elementor-accordion-title\" tabindex=\"0\">3. Urheberrecht und Markenzeichen<\/a>\n\t\t\t\t\t<\/div>\n\t\t\t\t\t<div id=\"elementor-tab-content-2463\" class=\"elementor-tab-content elementor-clearfix\" data-tab=\"3\" role=\"region\" aria-labelledby=\"elementor-tab-title-2463\"><p>Der Autor ist bestrebt, in allen Publikationen die Urheberrechte an verwendeten Grafiken, Audiodateien, Videosequenzen und Texten zu beachten, sowie von ihm erstellte bzw. lizenzfreie Grafiken, Audiodateien, Videosequenzen und Texte zu verwenden. Alle Marken und Warenzeichen, auf die auf dieser Website verwiesen wird und welche ggf. durch Dritte gesch\u00fctzt werden, unterliegen ohne Einschr\u00e4nkungen den Bestimmungen anwendbarer Gesetze \u00fcber Warenzeichen und Markenschutz des registrierten Eigent\u00fcmers. Verweise auf Warenzeichen d\u00fcrfen nicht so ausgelegt werden, dass die Warenzeichen nicht durch Rechte Dritter gesch\u00fctzt werden. Das Urheberrecht an vom Autor erstellten, ver\u00f6ffentlichten Material verbleibt allein beim Autor der Seiten. Die Vervielf\u00e4ltigung oder Nutzung in anderen elektronischen oder gedruckten Publikationen von solchen Grafiken, Audiodateien, Videosequenzen und Texten ist ohne ausdr\u00fcckliche Zustimmung des Autors untersagt.<\/p><\/div>\n\t\t\t\t<\/div>\n\t\t\t\t\t\t\t<div class=\"elementor-accordion-item\">\n\t\t\t\t\t<div id=\"elementor-tab-title-2464\" class=\"elementor-tab-title\" data-tab=\"4\" role=\"button\" aria-controls=\"elementor-tab-content-2464\" aria-expanded=\"false\">\n\t\t\t\t\t\t\t\t\t\t\t\t\t<span class=\"elementor-accordion-icon elementor-accordion-icon-left\" aria-hidden=\"true\">\n\t\t\t\t\t\t\t\t\t\t\t\t\t\t\t<span class=\"elementor-accordion-icon-closed\"><i class=\"fas fa-plus\"><\/i><\/span>\n\t\t\t\t\t\t\t\t<span class=\"elementor-accordion-icon-opened\"><i class=\"fas fa-minus\"><\/i><\/span>\n\t\t\t\t\t\t\t\t\t\t\t\t\t\t<\/span>\n\t\t\t\t\t\t\t\t\t\t\t\t<a class=\"elementor-accordion-title\" tabindex=\"0\">4. Rechtswirksamkeit dieses Haftungsausschlusses<\/a>\n\t\t\t\t\t<\/div>\n\t\t\t\t\t<div id=\"elementor-tab-content-2464\" class=\"elementor-tab-content elementor-clearfix\" data-tab=\"4\" role=\"region\" aria-labelledby=\"elementor-tab-title-2464\"><p>Dieser Haftungsausschluss gilt als ein Bestandteil der Website, welche einen Link auf diese Seite enth\u00e4lt. Sollten Teile oder einzelne Formulierungen dieses Textes mit der geltenden Gesetzgebung nicht bzw. nicht mehr bzw. nicht g\u00e4nzlich \u00fcbereinstimmen, bleiben der Inhalt und die G\u00fcltigkeit der \u00fcbrigen Abschnitte dieses Dokuments davon unber\u00fchrt.<\/p><\/div>\n\t\t\t\t<\/div>\n\t\t\t\t\t\t\t<div class=\"elementor-accordion-item\">\n\t\t\t\t\t<div id=\"elementor-tab-title-2465\" class=\"elementor-tab-title\" data-tab=\"5\" role=\"button\" aria-controls=\"elementor-tab-content-2465\" aria-expanded=\"false\">\n\t\t\t\t\t\t\t\t\t\t\t\t\t<span class=\"elementor-accordion-icon elementor-accordion-icon-left\" aria-hidden=\"true\">\n\t\t\t\t\t\t\t\t\t\t\t\t\t\t\t<span class=\"elementor-accordion-icon-closed\"><i class=\"fas fa-plus\"><\/i><\/span>\n\t\t\t\t\t\t\t\t<span class=\"elementor-accordion-icon-opened\"><i class=\"fas fa-minus\"><\/i><\/span>\n\t\t\t\t\t\t\t\t\t\t\t\t\t\t<\/span>\n\t\t\t\t\t\t\t\t\t\t\t\t<a class=\"elementor-accordion-title\" tabindex=\"0\">5. Datenschutzerkl\u00e4rung<\/a>\n\t\t\t\t\t<\/div>\n\t\t\t\t\t<div id=\"elementor-tab-content-2465\" class=\"elementor-tab-content elementor-clearfix\" data-tab=\"5\" role=\"region\" aria-labelledby=\"elementor-tab-title-2465\"><p>Diese Website benutzt Google Analytics, ein Web-Analyse-Tool von Google Inc. (Google). Google Analytics verwendet sogenannte Cookies. Das sind Textdateien, die auf Ihrem Computer abgespeichert werden und es erm\u00f6glichen, Ihre Nutzung der Website zu analysieren. Die Informationen, welche die Cookies hinsichtlich Ihrer Nutzung dieser Website (einschlie\u00dflich Ihrer Website) generieren, werden \u00fcbermittelt und auf einem Google-Server in den Vereinigten Staaten gespeichert. Google nutzt diese Informationen f\u00fcr die Bewertung Ihrer Nutzung der Website, f\u00fcr die Erstellung von Berichten \u00fcber die Websiteaktivit\u00e4t und damit der Website-Betreiber andere mit der Website und Internetnutzung zusammenh\u00e4ngende Services anbieten kann. Google darf diese Informationen ebenfalls an Dritte \u00fcbermitteln, wenn dies so gesetzlich vorgesehen ist, oder wenn ein solcher Dritter im Namen von Google die Informationen verarbeitet. Unter keinen Umst\u00e4nden wird Google Ihre IP-Adresse mit anderen von Google Inc. gespeicherten Daten verkn\u00fcpfen. Sie k\u00f6nnen das Abspeichern von Cookies ablehnen, indem Sie eine entsprechende Einstellung in Ihrem Browser vornehmen. Bitte beachten Sie jedoch, dass Sie dadurch m\u00f6glicherweise nicht den vollst\u00e4ndigen Umfang der Funktionalit\u00e4ten dieser Website nutzen k\u00f6nnen. Mit dem Nutzen dieser Website stimmen Sie der Verarbeitung Ihrer personenbezogenen Daten durch Google auf die oben beschriebene Art und Weise sowie zu dem oben festgehaltenen Zweck zu.<\/p><\/div>\n\t\t\t\t<\/div>\n\t\t\t\t\t\t\t\t<\/div>\n\t\t\t\t<\/div>\n\t\t\t\t<\/div>\n\t\t\t\t\t<\/div>\n\t\t<\/div>\n\t\t\t\t\t<\/div>\n\t\t<\/section>\n\t\t\t\t<\/div>\n\t\t","protected":false},"excerpt":{"rendered":"<p>simHERO Impressum Allgemeine Informationspflicht gem. \u00a7 5 E-Commerce-Gesetz (ECG) Freeeway GmbH Technologiezentrum \u2013 TechlabThomas A. Edison Strasse 27000 Eisenstadt, \u00d6sterreich Tel: +43 (0) 2682 21707FN 425395G, Landesgericht Eisenstadt Email: impressum@freeeway.com UID-Nr.: ATU 69153079 Branche: Versandhandel, Internet und allgemeiner Handel und Beratung, Buchhaltung und IT Firmenzweck: Versandhandel, IT-Services Preise: Alle auf dieser Website einschlie\u00dflich der Unterseiten [&hellip;]<\/p>\n","protected":false},"author":2,"featured_media":1280,"parent":0,"menu_order":0,"comment_status":"closed","ping_status":"closed","template":"elementor_header_footer","meta":{"footnotes":""},"yoast_head":"<!-- This site is optimized with the Yoast SEO plugin v23.4 - https:\/\/yoast.com\/wordpress\/plugins\/seo\/ -->\n<title>Impressum - simHERO<\/title>\n<meta name=\"robots\" content=\"index, follow, max-snippet:-1, max-image-preview:large, max-video-preview:-1\" \/>\n<link rel=\"canonical\" href=\"https:\/\/simhero.com\/de\/impressum\/\" \/>\n<meta property=\"og:locale\" content=\"de_DE\" \/>\n<meta property=\"og:type\" content=\"article\" \/>\n<meta property=\"og:title\" content=\"Impressum - simHERO\" \/>\n<meta property=\"og:description\" content=\"simHERO Impressum Allgemeine Informationspflicht gem. \u00a7 5 E-Commerce-Gesetz (ECG) Freeeway GmbH Technologiezentrum \u2013 TechlabThomas A. Edison Strasse 27000 Eisenstadt, \u00d6sterreich Tel: +43 (0) 2682 21707FN 425395G, Landesgericht Eisenstadt Email: impressum@freeeway.com UID-Nr.: ATU 69153079 Branche: Versandhandel, Internet und allgemeiner Handel und Beratung, Buchhaltung und IT Firmenzweck: Versandhandel, IT-Services Preise: Alle auf dieser Website einschlie\u00dflich der Unterseiten [&hellip;]\" \/>\n<meta property=\"og:url\" content=\"https:\/\/simhero.com\/de\/impressum\/\" \/>\n<meta property=\"og:site_name\" content=\"simHERO\" \/>\n<meta property=\"article:publisher\" content=\"https:\/\/www.facebook.com\/freeewaysimhero\/\" \/>\n<meta property=\"article:modified_time\" content=\"2020-11-18T08:42:00+00:00\" \/>\n<meta property=\"og:image\" content=\"https:\/\/simhero.com\/wp-content\/uploads\/2020\/05\/what-we-do.png\" \/>\n\t<meta property=\"og:image:width\" content=\"2880\" \/>\n\t<meta property=\"og:image:height\" content=\"1200\" \/>\n\t<meta property=\"og:image:type\" content=\"image\/png\" \/>\n<meta name=\"twitter:card\" content=\"summary_large_image\" \/>\n<meta name=\"twitter:label1\" content=\"Gesch\u00e4tzte Lesezeit\" \/>\n\t<meta name=\"twitter:data1\" content=\"4\u00a0Minuten\" \/>\n<script type=\"application\/ld+json\" class=\"yoast-schema-graph\">{\"@context\":\"https:\/\/schema.org\",\"@graph\":[{\"@type\":\"WebPage\",\"@id\":\"https:\/\/simhero.com\/de\/impressum\/\",\"url\":\"https:\/\/simhero.com\/de\/impressum\/\",\"name\":\"Impressum - simHERO\",\"isPartOf\":{\"@id\":\"https:\/\/simhero.com\/de\/#website\"},\"primaryImageOfPage\":{\"@id\":\"https:\/\/simhero.com\/de\/impressum\/#primaryimage\"},\"image\":{\"@id\":\"https:\/\/simhero.com\/de\/impressum\/#primaryimage\"},\"thumbnailUrl\":\"https:\/\/simhero.com\/wp-content\/uploads\/2020\/05\/what-we-do.png\",\"datePublished\":\"2020-08-14T07:33:02+00:00\",\"dateModified\":\"2020-11-18T08:42:00+00:00\",\"breadcrumb\":{\"@id\":\"https:\/\/simhero.com\/de\/impressum\/#breadcrumb\"},\"inLanguage\":\"de\",\"potentialAction\":[{\"@type\":\"ReadAction\",\"target\":[\"https:\/\/simhero.com\/de\/impressum\/\"]}]},{\"@type\":\"ImageObject\",\"inLanguage\":\"de\",\"@id\":\"https:\/\/simhero.com\/de\/impressum\/#primaryimage\",\"url\":\"https:\/\/simhero.com\/wp-content\/uploads\/2020\/05\/what-we-do.png\",\"contentUrl\":\"https:\/\/simhero.com\/wp-content\/uploads\/2020\/05\/what-we-do.png\",\"width\":2880,\"height\":1200},{\"@type\":\"BreadcrumbList\",\"@id\":\"https:\/\/simhero.com\/de\/impressum\/#breadcrumb\",\"itemListElement\":[{\"@type\":\"ListItem\",\"position\":1,\"name\":\"Startseite\",\"item\":\"https:\/\/simhero.com\/de\/\"},{\"@type\":\"ListItem\",\"position\":2,\"name\":\"Impressum\"}]},{\"@type\":\"WebSite\",\"@id\":\"https:\/\/simhero.com\/de\/#website\",\"url\":\"https:\/\/simhero.com\/de\/\",\"name\":\"simHERO\",\"description\":\"\",\"potentialAction\":[{\"@type\":\"SearchAction\",\"target\":{\"@type\":\"EntryPoint\",\"urlTemplate\":\"https:\/\/simhero.com\/de\/?s={search_term_string}\"},\"query-input\":{\"@type\":\"PropertyValueSpecification\",\"valueRequired\":true,\"valueName\":\"search_term_string\"}}],\"inLanguage\":\"de\"}]}<\/script>\n<!-- \/ Yoast SEO plugin. -->","yoast_head_json":{"title":"Impressum - simHERO","robots":{"index":"index","follow":"follow","max-snippet":"max-snippet:-1","max-image-preview":"max-image-preview:large","max-video-preview":"max-video-preview:-1"},"canonical":"https:\/\/simhero.com\/de\/impressum\/","og_locale":"de_DE","og_type":"article","og_title":"Impressum - simHERO","og_description":"simHERO Impressum Allgemeine Informationspflicht gem. \u00a7 5 E-Commerce-Gesetz (ECG) Freeeway GmbH Technologiezentrum \u2013 TechlabThomas A. Edison Strasse 27000 Eisenstadt, \u00d6sterreich Tel: +43 (0) 2682 21707FN 425395G, Landesgericht Eisenstadt Email: impressum@freeeway.com UID-Nr.: ATU 69153079 Branche: Versandhandel, Internet und allgemeiner Handel und Beratung, Buchhaltung und IT Firmenzweck: Versandhandel, IT-Services Preise: Alle auf dieser Website einschlie\u00dflich der Unterseiten [&hellip;]","og_url":"https:\/\/simhero.com\/de\/impressum\/","og_site_name":"simHERO","article_publisher":"https:\/\/www.facebook.com\/freeewaysimhero\/","article_modified_time":"2020-11-18T08:42:00+00:00","og_image":[{"width":2880,"height":1200,"url":"https:\/\/simhero.com\/wp-content\/uploads\/2020\/05\/what-we-do.png","type":"image\/png"}],"twitter_card":"summary_large_image","twitter_misc":{"Gesch\u00e4tzte Lesezeit":"4\u00a0Minuten"},"schema":{"@context":"https:\/\/schema.org","@graph":[{"@type":"WebPage","@id":"https:\/\/simhero.com\/de\/impressum\/","url":"https:\/\/simhero.com\/de\/impressum\/","name":"Impressum - simHERO","isPartOf":{"@id":"https:\/\/simhero.com\/de\/#website"},"primaryImageOfPage":{"@id":"https:\/\/simhero.com\/de\/impressum\/#primaryimage"},"image":{"@id":"https:\/\/simhero.com\/de\/impressum\/#primaryimage"},"thumbnailUrl":"https:\/\/simhero.com\/wp-content\/uploads\/2020\/05\/what-we-do.png","datePublished":"2020-08-14T07:33:02+00:00","dateModified":"2020-11-18T08:42:00+00:00","breadcrumb":{"@id":"https:\/\/simhero.com\/de\/impressum\/#breadcrumb"},"inLanguage":"de","potentialAction":[{"@type":"ReadAction","target":["https:\/\/simhero.com\/de\/impressum\/"]}]},{"@type":"ImageObject","inLanguage":"de","@id":"https:\/\/simhero.com\/de\/impressum\/#primaryimage","url":"https:\/\/simhero.com\/wp-content\/uploads\/2020\/05\/what-we-do.png","contentUrl":"https:\/\/simhero.com\/wp-content\/uploads\/2020\/05\/what-we-do.png","width":2880,"height":1200},{"@type":"BreadcrumbList","@id":"https:\/\/simhero.com\/de\/impressum\/#breadcrumb","itemListElement":[{"@type":"ListItem","position":1,"name":"Startseite","item":"https:\/\/simhero.com\/de\/"},{"@type":"ListItem","position":2,"name":"Impressum"}]},{"@type":"WebSite","@id":"https:\/\/simhero.com\/de\/#website","url":"https:\/\/simhero.com\/de\/","name":"simHERO","description":"","potentialAction":[{"@type":"SearchAction","target":{"@type":"EntryPoint","urlTemplate":"https:\/\/simhero.com\/de\/?s={search_term_string}"},"query-input":{"@type":"PropertyValueSpecification","valueRequired":true,"valueName":"search_term_string"}}],"inLanguage":"de"}]}},"_links":{"self":[{"href":"https:\/\/simhero.com\/de\/wp-json\/wp\/v2\/pages\/2323"}],"collection":[{"href":"https:\/\/simhero.com\/de\/wp-json\/wp\/v2\/pages"}],"about":[{"href":"https:\/\/simhero.com\/de\/wp-json\/wp\/v2\/types\/page"}],"author":[{"embeddable":true,"href":"https:\/\/simhero.com\/de\/wp-json\/wp\/v2\/users\/2"}],"replies":[{"embeddable":true,"href":"https:\/\/simhero.com\/de\/wp-json\/wp\/v2\/comments?post=2323"}],"version-history":[{"count":3,"href":"https:\/\/simhero.com\/de\/wp-json\/wp\/v2\/pages\/2323\/revisions"}],"predecessor-version":[{"id":2327,"href":"https:\/\/simhero.com\/de\/wp-json\/wp\/v2\/pages\/2323\/revisions\/2327"}],"wp:featuredmedia":[{"embeddable":true,"href":"https:\/\/simhero.com\/de\/wp-json\/wp\/v2\/media\/1280"}],"wp:attachment":[{"href":"https:\/\/simhero.com\/de\/wp-json\/wp\/v2\/media?parent=2323"}],"curies":[{"name":"wp","href":"https:\/\/api.w.org\/{rel}","templated":true}]}}