{"id":2243,"date":"2020-07-16T12:41:31","date_gmt":"2020-07-16T10:41:31","guid":{"rendered":"http:\/\/3.65.206.27\/?page_id=2243"},"modified":"2021-02-03T13:18:55","modified_gmt":"2021-02-03T12:18:55","slug":"fahrzeug-tracker","status":"publish","type":"page","link":"https:\/\/simhero.com\/de\/anwendungsfaelle\/fahrzeug-tracker\/","title":{"rendered":"Fahrzeug Tracker"},"content":{"rendered":"\t\t<div data-elementor-type=\"wp-page\" data-elementor-id=\"2243\" class=\"elementor elementor-2243 elementor-1556\" data-elementor-post-type=\"page\">\n\t\t\t\t\t\t<section class=\"elementor-section elementor-top-section elementor-element elementor-element-564ee753 elementor-section-height-min-height elementor-section-boxed elementor-section-height-default elementor-section-items-middle\" data-id=\"564ee753\" data-element_type=\"section\" data-settings=\"{&quot;background_background&quot;:&quot;classic&quot;}\">\n\t\t\t\t\t\t\t<div class=\"elementor-background-overlay\"><\/div>\n\t\t\t\t\t\t\t<div class=\"elementor-container elementor-column-gap-default\">\n\t\t\t\t\t<div class=\"elementor-column elementor-col-100 elementor-top-column elementor-element elementor-element-665df3b2\" data-id=\"665df3b2\" data-element_type=\"column\">\n\t\t\t<div class=\"elementor-widget-wrap elementor-element-populated\">\n\t\t\t\t\t\t<div class=\"elementor-element elementor-element-38024402 elementor-widget elementor-widget-heading\" data-id=\"38024402\" data-element_type=\"widget\" data-widget_type=\"heading.default\">\n\t\t\t\t<div class=\"elementor-widget-container\">\n\t\t\t<h1 class=\"elementor-heading-title elementor-size-default\">simHERO FAHRZEUG-TRACKER<\/h1>\t\t<\/div>\n\t\t\t\t<\/div>\n\t\t\t\t\t<\/div>\n\t\t<\/div>\n\t\t\t\t\t<\/div>\n\t\t<\/section>\n\t\t\t\t<section class=\"elementor-section elementor-top-section elementor-element elementor-element-69f0883a elementor-section-boxed elementor-section-height-default elementor-section-height-default\" data-id=\"69f0883a\" data-element_type=\"section\">\n\t\t\t\t\t\t<div class=\"elementor-container elementor-column-gap-default\">\n\t\t\t\t\t<div class=\"elementor-column elementor-col-100 elementor-top-column elementor-element elementor-element-28e2e5cc\" data-id=\"28e2e5cc\" data-element_type=\"column\">\n\t\t\t<div class=\"elementor-widget-wrap elementor-element-populated\">\n\t\t\t\t\t\t<div class=\"elementor-element elementor-element-6c937527 elementor-widget elementor-widget-heading\" data-id=\"6c937527\" data-element_type=\"widget\" data-widget_type=\"heading.default\">\n\t\t\t\t<div class=\"elementor-widget-container\">\n\t\t\t<h2 class=\"elementor-heading-title elementor-size-default\">simHERO IoT-SIM-Karten in Fahrzeug-Trackern<\/h2>\t\t<\/div>\n\t\t\t\t<\/div>\n\t\t\t\t<div class=\"elementor-element elementor-element-2758e7a6 elementor-widget elementor-widget-text-editor\" data-id=\"2758e7a6\" data-element_type=\"widget\" data-widget_type=\"text-editor.default\">\n\t\t\t\t<div class=\"elementor-widget-container\">\n\t\t\t\t\t\t\t<p>Heutzutage entwickeln Menschen eine starke emotionale Bindung zu ihren Fahrzeugen. Sei es die Liebe zu einem k\u00fcrzlich gekauften Auto, einem neuen E-Bike oder Roller oder einer anderen Anschaffung, welche die ganzen Ersparnisse verschlungen hat. Daher stellt simHERO sicher, dass diese Bindung Bestand hat und Ihr Fahrzeug immer gesch\u00fctzt bleibt.<\/p>\t\t\t\t\t\t<\/div>\n\t\t\t\t<\/div>\n\t\t\t\t\t<\/div>\n\t\t<\/div>\n\t\t\t\t\t<\/div>\n\t\t<\/section>\n\t\t\t\t<section class=\"elementor-section elementor-top-section elementor-element elementor-element-6e037d86 elementor-section-content-middle elementor-section-boxed elementor-section-height-default elementor-section-height-default\" data-id=\"6e037d86\" data-element_type=\"section\">\n\t\t\t\t\t\t<div class=\"elementor-container elementor-column-gap-wider\">\n\t\t\t\t\t<div class=\"elementor-column elementor-col-50 elementor-top-column elementor-element elementor-element-32294770\" data-id=\"32294770\" data-element_type=\"column\">\n\t\t\t<div class=\"elementor-widget-wrap elementor-element-populated\">\n\t\t\t\t\t\t<div class=\"elementor-element elementor-element-5a63b304 elementor-widget elementor-widget-image\" data-id=\"5a63b304\" data-element_type=\"widget\" data-widget_type=\"image.default\">\n\t\t\t\t<div class=\"elementor-widget-container\">\n\t\t\t\t\t\t\t\t\t\t\t\t\t<img fetchpriority=\"high\" decoding=\"async\" width=\"800\" height=\"534\" src=\"https:\/\/simhero.com\/wp-content\/uploads\/2020\/07\/no-limits.jpg\" class=\"attachment-large size-large wp-image-1393\" alt=\"\" srcset=\"https:\/\/simhero.com\/wp-content\/uploads\/2020\/07\/no-limits.jpg 1000w, https:\/\/simhero.com\/wp-content\/uploads\/2020\/07\/no-limits-300x200.jpg 300w, https:\/\/simhero.com\/wp-content\/uploads\/2020\/07\/no-limits-768x512.jpg 768w\" sizes=\"(max-width: 800px) 100vw, 800px\" \/>\t\t\t\t\t\t\t\t\t\t\t\t\t<\/div>\n\t\t\t\t<\/div>\n\t\t\t\t\t<\/div>\n\t\t<\/div>\n\t\t\t\t<div class=\"elementor-column elementor-col-50 elementor-top-column elementor-element elementor-element-f875897\" data-id=\"f875897\" data-element_type=\"column\">\n\t\t\t<div class=\"elementor-widget-wrap elementor-element-populated\">\n\t\t\t\t\t\t<div class=\"elementor-element elementor-element-3a23f955 elementor-widget elementor-widget-heading\" data-id=\"3a23f955\" data-element_type=\"widget\" data-widget_type=\"heading.default\">\n\t\t\t\t<div class=\"elementor-widget-container\">\n\t\t\t<h3 class=\"elementor-heading-title elementor-size-default\">Weltweit verf\u00fcgbare Konnektivit\u00e4t<\/h3>\t\t<\/div>\n\t\t\t\t<\/div>\n\t\t\t\t<div class=\"elementor-element elementor-element-d6111f7 elementor-widget elementor-widget-heading\" data-id=\"d6111f7\" data-element_type=\"widget\" data-widget_type=\"heading.default\">\n\t\t\t\t<div class=\"elementor-widget-container\">\n\t\t\t<h2 class=\"elementor-heading-title elementor-size-default\">Keine Landesgrenzen<\/h2>\t\t<\/div>\n\t\t\t\t<\/div>\n\t\t\t\t<div class=\"elementor-element elementor-element-6bbf958 elementor-widget elementor-widget-text-editor\" data-id=\"6bbf958\" data-element_type=\"widget\" data-widget_type=\"text-editor.default\">\n\t\t\t\t<div class=\"elementor-widget-container\">\n\t\t\t\t\t\t\t<p>Wenn aber doch der schlimmste Fall eintrifft \u2013 der Gedanke, dass Ihr Fahrzeug gestohlen wurde, w\u00fcrde Sie in Angst und Schrecken versetzen. Ein wesentlicher Teil einer Nachforschung ist, den aktuellen Standort des Fahrzeugs zu bestimmen. Wie entt\u00e4uschend w\u00e4re es, wenn eine Nachverfolgung nicht mehr m\u00f6glich w\u00e4re, weil sich Ihr Fahrzeug au\u00dferhalb der Landesgrenzen befindet. Mit der weltweit verf\u00fcgbaren simHERO-Konnektivit\u00e4t behalten wir das, was Ihnen am Herzen liegt, im Auge \u2013 ungeachtet nationaler Landesgrenzen.<\/p>\t\t\t\t\t\t<\/div>\n\t\t\t\t<\/div>\n\t\t\t\t\t<\/div>\n\t\t<\/div>\n\t\t\t\t\t<\/div>\n\t\t<\/section>\n\t\t\t\t<section class=\"elementor-section elementor-top-section elementor-element elementor-element-3c930c28 elementor-section-content-middle elementor-reverse-mobile elementor-section-boxed elementor-section-height-default elementor-section-height-default\" data-id=\"3c930c28\" data-element_type=\"section\">\n\t\t\t\t\t\t<div class=\"elementor-container elementor-column-gap-wider\">\n\t\t\t\t\t<div class=\"elementor-column elementor-col-50 elementor-top-column elementor-element elementor-element-25c6dc43\" data-id=\"25c6dc43\" data-element_type=\"column\">\n\t\t\t<div class=\"elementor-widget-wrap elementor-element-populated\">\n\t\t\t\t\t\t<div class=\"elementor-element elementor-element-531eb48d elementor-widget elementor-widget-heading\" data-id=\"531eb48d\" data-element_type=\"widget\" data-widget_type=\"heading.default\">\n\t\t\t\t<div class=\"elementor-widget-container\">\n\t\t\t<h3 class=\"elementor-heading-title elementor-size-default\">Multinetzf\u00e4higkeit<\/h3>\t\t<\/div>\n\t\t\t\t<\/div>\n\t\t\t\t<div class=\"elementor-element elementor-element-2c8da77e elementor-widget elementor-widget-heading\" data-id=\"2c8da77e\" data-element_type=\"widget\" data-widget_type=\"heading.default\">\n\t\t\t\t<div class=\"elementor-widget-container\">\n\t\t\t<h2 class=\"elementor-heading-title elementor-size-default\">Man kann sich nirgendwo verstecken<\/h2>\t\t<\/div>\n\t\t\t\t<\/div>\n\t\t\t\t<div class=\"elementor-element elementor-element-4b5e3e0b elementor-widget elementor-widget-text-editor\" data-id=\"4b5e3e0b\" data-element_type=\"widget\" data-widget_type=\"text-editor.default\">\n\t\t\t\t<div class=\"elementor-widget-container\">\n\t\t\t\t\t\t\t<p>Die Notwendigkeit, den Standort und die Bewegungen Ihres Fahrzeugs nachzuverfolgen, ist uns bewusst. Eine Echtzeit-Nachverfolgung braucht unbedingt ununterbrochene Konnektivit\u00e4t. Mit simHERO steigen die Chancen, da wir Ihnen Zugang zu unserem multinetzf\u00e4higen System gew\u00e4hren. Es spielt keine Rolle, ob sich Ihr Fahrzeug in einem Gebiet mit einem schwachen Signal eines Netzanbieters befindet, da wir uns nicht nur auf einen einzelnen, sondern auf mehrere Netzanbieter verlassen. So bleibt die Verbindung zu Ihrem Fahrzeug-Tracker aufrecht.<\/p>\t\t\t\t\t\t<\/div>\n\t\t\t\t<\/div>\n\t\t\t\t\t<\/div>\n\t\t<\/div>\n\t\t\t\t<div class=\"elementor-column elementor-col-50 elementor-top-column elementor-element elementor-element-ba4a355\" data-id=\"ba4a355\" data-element_type=\"column\">\n\t\t\t<div class=\"elementor-widget-wrap elementor-element-populated\">\n\t\t\t\t\t\t<div class=\"elementor-element elementor-element-2c901794 elementor-widget elementor-widget-image\" data-id=\"2c901794\" data-element_type=\"widget\" data-widget_type=\"image.default\">\n\t\t\t\t<div class=\"elementor-widget-container\">\n\t\t\t\t\t\t\t\t\t\t\t\t\t<img decoding=\"async\" width=\"640\" height=\"425\" src=\"https:\/\/simhero.com\/wp-content\/uploads\/2020\/06\/hide.jpg\" class=\"attachment-large size-large wp-image-1327\" alt=\"\" srcset=\"https:\/\/simhero.com\/wp-content\/uploads\/2020\/06\/hide.jpg 640w, https:\/\/simhero.com\/wp-content\/uploads\/2020\/06\/hide-300x199.jpg 300w\" sizes=\"(max-width: 640px) 100vw, 640px\" \/>\t\t\t\t\t\t\t\t\t\t\t\t\t<\/div>\n\t\t\t\t<\/div>\n\t\t\t\t\t<\/div>\n\t\t<\/div>\n\t\t\t\t\t<\/div>\n\t\t<\/section>\n\t\t\t\t<section class=\"elementor-section elementor-top-section elementor-element elementor-element-21015d62 elementor-section-content-middle elementor-section-boxed elementor-section-height-default elementor-section-height-default\" data-id=\"21015d62\" data-element_type=\"section\">\n\t\t\t\t\t\t<div class=\"elementor-container elementor-column-gap-wider\">\n\t\t\t\t\t<div class=\"elementor-column elementor-col-50 elementor-top-column elementor-element elementor-element-56445ff1\" data-id=\"56445ff1\" data-element_type=\"column\">\n\t\t\t<div class=\"elementor-widget-wrap elementor-element-populated\">\n\t\t\t\t\t\t<div class=\"elementor-element elementor-element-57120a30 elementor-widget elementor-widget-image\" data-id=\"57120a30\" data-element_type=\"widget\" data-widget_type=\"image.default\">\n\t\t\t\t<div class=\"elementor-widget-container\">\n\t\t\t\t\t\t\t\t\t\t\t\t\t<img decoding=\"async\" width=\"800\" height=\"534\" src=\"https:\/\/simhero.com\/wp-content\/uploads\/2020\/07\/vehicle-new-technologies-iStock-174746783.jpg\" class=\"attachment-large size-large wp-image-1388\" alt=\"\" srcset=\"https:\/\/simhero.com\/wp-content\/uploads\/2020\/07\/vehicle-new-technologies-iStock-174746783.jpg 1000w, https:\/\/simhero.com\/wp-content\/uploads\/2020\/07\/vehicle-new-technologies-iStock-174746783-300x200.jpg 300w, https:\/\/simhero.com\/wp-content\/uploads\/2020\/07\/vehicle-new-technologies-iStock-174746783-768x512.jpg 768w\" sizes=\"(max-width: 800px) 100vw, 800px\" \/>\t\t\t\t\t\t\t\t\t\t\t\t\t<\/div>\n\t\t\t\t<\/div>\n\t\t\t\t\t<\/div>\n\t\t<\/div>\n\t\t\t\t<div class=\"elementor-column elementor-col-50 elementor-top-column elementor-element elementor-element-307c8120\" data-id=\"307c8120\" data-element_type=\"column\">\n\t\t\t<div class=\"elementor-widget-wrap elementor-element-populated\">\n\t\t\t\t\t\t<div class=\"elementor-element elementor-element-4527a280 elementor-widget elementor-widget-heading\" data-id=\"4527a280\" data-element_type=\"widget\" data-widget_type=\"heading.default\">\n\t\t\t\t<div class=\"elementor-widget-container\">\n\t\t\t<h3 class=\"elementor-heading-title elementor-size-default\">Neue mobile Technologie<\/h3>\t\t<\/div>\n\t\t\t\t<\/div>\n\t\t\t\t<div class=\"elementor-element elementor-element-30233b36 elementor-widget elementor-widget-heading\" data-id=\"30233b36\" data-element_type=\"widget\" data-widget_type=\"heading.default\">\n\t\t\t\t<div class=\"elementor-widget-container\">\n\t\t\t<h2 class=\"elementor-heading-title elementor-size-default\">Kontinuierliches Tracking <\/h2>\t\t<\/div>\n\t\t\t\t<\/div>\n\t\t\t\t<div class=\"elementor-element elementor-element-3e3e6b6d elementor-widget elementor-widget-text-editor\" data-id=\"3e3e6b6d\" data-element_type=\"widget\" data-widget_type=\"text-editor.default\">\n\t\t\t\t<div class=\"elementor-widget-container\">\n\t\t\t\t\t\t\t<p>Die Lebensdauer des Akkus war schon immer eine wichtige Frage bei Tracking-Ger\u00e4ten. Daher verwenden jetzt viele Tracker-Hersteller neue mobile Technologien wie LTE CAT M1, mit der nicht nur die Verbindung zu Ihrem Tracker aufrechterhalten bleibt, sondern auch die gesamte Nutzungs-\/Akkulebensdauer erh\u00f6ht wird.&nbsp; Kein Strom bedeutet keine Nachverfolgung. Daher scheut simHERO keine M\u00fchen, diese Technologie in so vielen Netzen wie nur m\u00f6glich anzubieten.<\/p>\t\t\t\t\t\t<\/div>\n\t\t\t\t<\/div>\n\t\t\t\t\t<\/div>\n\t\t<\/div>\n\t\t\t\t\t<\/div>\n\t\t<\/section>\n\t\t\t\t<\/div>\n\t\t","protected":false},"excerpt":{"rendered":"<p>simHERO FAHRZEUG-TRACKER simHERO IoT-SIM-Karten in Fahrzeug-Trackern Heutzutage entwickeln Menschen eine starke emotionale Bindung zu ihren Fahrzeugen. Sei es die Liebe zu einem k\u00fcrzlich gekauften Auto, einem neuen E-Bike oder Roller oder einer anderen Anschaffung, welche die ganzen Ersparnisse verschlungen hat. Daher stellt simHERO sicher, dass diese Bindung Bestand hat und Ihr Fahrzeug immer gesch\u00fctzt bleibt. [&hellip;]<\/p>\n","protected":false},"author":2,"featured_media":1394,"parent":2219,"menu_order":0,"comment_status":"closed","ping_status":"closed","template":"elementor_header_footer","meta":{"footnotes":""},"yoast_head":"<!-- This site is optimized with the Yoast SEO plugin v23.4 - https:\/\/yoast.com\/wordpress\/plugins\/seo\/ -->\n<title>Fahrzeug Tracker - simHERO<\/title>\n<meta name=\"description\" content=\"simHERO provides sim cards for vehicle trackers to assure global available connectivity. With LTE CAT M1 we even push battery lifetime to a new limit.\" \/>\n<meta name=\"robots\" content=\"index, follow, max-snippet:-1, max-image-preview:large, max-video-preview:-1\" \/>\n<link rel=\"canonical\" href=\"https:\/\/simhero.com\/de\/anwendungsfaelle\/fahrzeug-tracker\/\" \/>\n<meta property=\"og:locale\" content=\"de_DE\" \/>\n<meta property=\"og:type\" content=\"article\" \/>\n<meta property=\"og:title\" content=\"Fahrzeug Tracker - simHERO\" \/>\n<meta property=\"og:description\" content=\"simHERO provides sim cards for vehicle trackers to assure global available connectivity. With LTE CAT M1 we even push battery lifetime to a new limit.\" \/>\n<meta property=\"og:url\" content=\"https:\/\/simhero.com\/de\/anwendungsfaelle\/fahrzeug-tracker\/\" \/>\n<meta property=\"og:site_name\" content=\"simHERO\" \/>\n<meta property=\"article:publisher\" content=\"https:\/\/www.facebook.com\/freeewaysimhero\/\" \/>\n<meta property=\"article:modified_time\" content=\"2021-02-03T12:18:55+00:00\" \/>\n<meta property=\"og:image\" content=\"https:\/\/simhero.com\/wp-content\/uploads\/2020\/07\/fiat-header-scaled.jpg\" \/>\n\t<meta property=\"og:image:width\" content=\"2560\" \/>\n\t<meta property=\"og:image:height\" content=\"1067\" \/>\n\t<meta property=\"og:image:type\" content=\"image\/jpeg\" \/>\n<meta name=\"twitter:card\" content=\"summary_large_image\" \/>\n<meta name=\"twitter:label1\" content=\"Gesch\u00e4tzte Lesezeit\" \/>\n\t<meta name=\"twitter:data1\" content=\"1\u00a0Minute\" \/>\n<script type=\"application\/ld+json\" class=\"yoast-schema-graph\">{\"@context\":\"https:\/\/schema.org\",\"@graph\":[{\"@type\":\"WebPage\",\"@id\":\"https:\/\/simhero.com\/de\/anwendungsfaelle\/fahrzeug-tracker\/\",\"url\":\"https:\/\/simhero.com\/de\/anwendungsfaelle\/fahrzeug-tracker\/\",\"name\":\"Fahrzeug Tracker - simHERO\",\"isPartOf\":{\"@id\":\"https:\/\/simhero.com\/de\/#website\"},\"primaryImageOfPage\":{\"@id\":\"https:\/\/simhero.com\/de\/anwendungsfaelle\/fahrzeug-tracker\/#primaryimage\"},\"image\":{\"@id\":\"https:\/\/simhero.com\/de\/anwendungsfaelle\/fahrzeug-tracker\/#primaryimage\"},\"thumbnailUrl\":\"https:\/\/simhero.com\/wp-content\/uploads\/2020\/07\/fiat-header-scaled.jpg\",\"datePublished\":\"2020-07-16T10:41:31+00:00\",\"dateModified\":\"2021-02-03T12:18:55+00:00\",\"description\":\"simHERO provides sim cards for vehicle trackers to assure global available connectivity. With LTE CAT M1 we even push battery lifetime to a new limit.\",\"breadcrumb\":{\"@id\":\"https:\/\/simhero.com\/de\/anwendungsfaelle\/fahrzeug-tracker\/#breadcrumb\"},\"inLanguage\":\"de\",\"potentialAction\":[{\"@type\":\"ReadAction\",\"target\":[\"https:\/\/simhero.com\/de\/anwendungsfaelle\/fahrzeug-tracker\/\"]}]},{\"@type\":\"ImageObject\",\"inLanguage\":\"de\",\"@id\":\"https:\/\/simhero.com\/de\/anwendungsfaelle\/fahrzeug-tracker\/#primaryimage\",\"url\":\"https:\/\/simhero.com\/wp-content\/uploads\/2020\/07\/fiat-header-scaled.jpg\",\"contentUrl\":\"https:\/\/simhero.com\/wp-content\/uploads\/2020\/07\/fiat-header-scaled.jpg\",\"width\":2560,\"height\":1067},{\"@type\":\"BreadcrumbList\",\"@id\":\"https:\/\/simhero.com\/de\/anwendungsfaelle\/fahrzeug-tracker\/#breadcrumb\",\"itemListElement\":[{\"@type\":\"ListItem\",\"position\":1,\"name\":\"Startseite\",\"item\":\"https:\/\/simhero.com\/de\/\"},{\"@type\":\"ListItem\",\"position\":2,\"name\":\"Anwendungsf\u00e4lle\",\"item\":\"https:\/\/www.simhero.com\/de\/anwendungsfaelle\/\"},{\"@type\":\"ListItem\",\"position\":3,\"name\":\"Fahrzeug Tracker\"}]},{\"@type\":\"WebSite\",\"@id\":\"https:\/\/simhero.com\/de\/#website\",\"url\":\"https:\/\/simhero.com\/de\/\",\"name\":\"simHERO\",\"description\":\"\",\"potentialAction\":[{\"@type\":\"SearchAction\",\"target\":{\"@type\":\"EntryPoint\",\"urlTemplate\":\"https:\/\/simhero.com\/de\/?s={search_term_string}\"},\"query-input\":{\"@type\":\"PropertyValueSpecification\",\"valueRequired\":true,\"valueName\":\"search_term_string\"}}],\"inLanguage\":\"de\"}]}<\/script>\n<!-- \/ Yoast SEO plugin. -->","yoast_head_json":{"title":"Fahrzeug Tracker - simHERO","description":"simHERO provides sim cards for vehicle trackers to assure global available connectivity. With LTE CAT M1 we even push battery lifetime to a new limit.","robots":{"index":"index","follow":"follow","max-snippet":"max-snippet:-1","max-image-preview":"max-image-preview:large","max-video-preview":"max-video-preview:-1"},"canonical":"https:\/\/simhero.com\/de\/anwendungsfaelle\/fahrzeug-tracker\/","og_locale":"de_DE","og_type":"article","og_title":"Fahrzeug Tracker - simHERO","og_description":"simHERO provides sim cards for vehicle trackers to assure global available connectivity. With LTE CAT M1 we even push battery lifetime to a new limit.","og_url":"https:\/\/simhero.com\/de\/anwendungsfaelle\/fahrzeug-tracker\/","og_site_name":"simHERO","article_publisher":"https:\/\/www.facebook.com\/freeewaysimhero\/","article_modified_time":"2021-02-03T12:18:55+00:00","og_image":[{"width":2560,"height":1067,"url":"https:\/\/simhero.com\/wp-content\/uploads\/2020\/07\/fiat-header-scaled.jpg","type":"image\/jpeg"}],"twitter_card":"summary_large_image","twitter_misc":{"Gesch\u00e4tzte Lesezeit":"1\u00a0Minute"},"schema":{"@context":"https:\/\/schema.org","@graph":[{"@type":"WebPage","@id":"https:\/\/simhero.com\/de\/anwendungsfaelle\/fahrzeug-tracker\/","url":"https:\/\/simhero.com\/de\/anwendungsfaelle\/fahrzeug-tracker\/","name":"Fahrzeug Tracker - simHERO","isPartOf":{"@id":"https:\/\/simhero.com\/de\/#website"},"primaryImageOfPage":{"@id":"https:\/\/simhero.com\/de\/anwendungsfaelle\/fahrzeug-tracker\/#primaryimage"},"image":{"@id":"https:\/\/simhero.com\/de\/anwendungsfaelle\/fahrzeug-tracker\/#primaryimage"},"thumbnailUrl":"https:\/\/simhero.com\/wp-content\/uploads\/2020\/07\/fiat-header-scaled.jpg","datePublished":"2020-07-16T10:41:31+00:00","dateModified":"2021-02-03T12:18:55+00:00","description":"simHERO provides sim cards for vehicle trackers to assure global available connectivity. With LTE CAT M1 we even push battery lifetime to a new limit.","breadcrumb":{"@id":"https:\/\/simhero.com\/de\/anwendungsfaelle\/fahrzeug-tracker\/#breadcrumb"},"inLanguage":"de","potentialAction":[{"@type":"ReadAction","target":["https:\/\/simhero.com\/de\/anwendungsfaelle\/fahrzeug-tracker\/"]}]},{"@type":"ImageObject","inLanguage":"de","@id":"https:\/\/simhero.com\/de\/anwendungsfaelle\/fahrzeug-tracker\/#primaryimage","url":"https:\/\/simhero.com\/wp-content\/uploads\/2020\/07\/fiat-header-scaled.jpg","contentUrl":"https:\/\/simhero.com\/wp-content\/uploads\/2020\/07\/fiat-header-scaled.jpg","width":2560,"height":1067},{"@type":"BreadcrumbList","@id":"https:\/\/simhero.com\/de\/anwendungsfaelle\/fahrzeug-tracker\/#breadcrumb","itemListElement":[{"@type":"ListItem","position":1,"name":"Startseite","item":"https:\/\/simhero.com\/de\/"},{"@type":"ListItem","position":2,"name":"Anwendungsf\u00e4lle","item":"https:\/\/www.simhero.com\/de\/anwendungsfaelle\/"},{"@type":"ListItem","position":3,"name":"Fahrzeug Tracker"}]},{"@type":"WebSite","@id":"https:\/\/simhero.com\/de\/#website","url":"https:\/\/simhero.com\/de\/","name":"simHERO","description":"","potentialAction":[{"@type":"SearchAction","target":{"@type":"EntryPoint","urlTemplate":"https:\/\/simhero.com\/de\/?s={search_term_string}"},"query-input":{"@type":"PropertyValueSpecification","valueRequired":true,"valueName":"search_term_string"}}],"inLanguage":"de"}]}},"_links":{"self":[{"href":"https:\/\/simhero.com\/de\/wp-json\/wp\/v2\/pages\/2243"}],"collection":[{"href":"https:\/\/simhero.com\/de\/wp-json\/wp\/v2\/pages"}],"about":[{"href":"https:\/\/simhero.com\/de\/wp-json\/wp\/v2\/types\/page"}],"author":[{"embeddable":true,"href":"https:\/\/simhero.com\/de\/wp-json\/wp\/v2\/users\/2"}],"replies":[{"embeddable":true,"href":"https:\/\/simhero.com\/de\/wp-json\/wp\/v2\/comments?post=2243"}],"version-history":[{"count":17,"href":"https:\/\/simhero.com\/de\/wp-json\/wp\/v2\/pages\/2243\/revisions"}],"predecessor-version":[{"id":4971,"href":"https:\/\/simhero.com\/de\/wp-json\/wp\/v2\/pages\/2243\/revisions\/4971"}],"up":[{"embeddable":true,"href":"https:\/\/simhero.com\/de\/wp-json\/wp\/v2\/pages\/2219"}],"wp:featuredmedia":[{"embeddable":true,"href":"https:\/\/simhero.com\/de\/wp-json\/wp\/v2\/media\/1394"}],"wp:attachment":[{"href":"https:\/\/simhero.com\/de\/wp-json\/wp\/v2\/media?parent=2243"}],"curies":[{"name":"wp","href":"https:\/\/api.w.org\/{rel}","templated":true}]}}