{"id":2231,"date":"2020-07-16T12:39:15","date_gmt":"2020-07-16T10:39:15","guid":{"rendered":"http:\/\/3.65.206.27\/anwendungsfaelle\/security-systems\/"},"modified":"2021-02-03T13:41:11","modified_gmt":"2021-02-03T12:41:11","slug":"sicherheitssysteme","status":"publish","type":"page","link":"https:\/\/simhero.com\/de\/anwendungsfaelle\/sicherheitssysteme\/","title":{"rendered":"Sicherheitssysteme"},"content":{"rendered":"\t\t<div data-elementor-type=\"wp-page\" data-elementor-id=\"2231\" class=\"elementor elementor-2231 elementor-1552\" data-elementor-post-type=\"page\">\n\t\t\t\t\t\t<section class=\"elementor-section elementor-top-section elementor-element elementor-element-23e4c03b elementor-section-height-min-height elementor-section-boxed elementor-section-height-default elementor-section-items-middle\" data-id=\"23e4c03b\" data-element_type=\"section\" data-settings=\"{&quot;background_background&quot;:&quot;classic&quot;}\">\n\t\t\t\t\t\t\t<div class=\"elementor-background-overlay\"><\/div>\n\t\t\t\t\t\t\t<div class=\"elementor-container elementor-column-gap-default\">\n\t\t\t\t\t<div class=\"elementor-column elementor-col-100 elementor-top-column elementor-element elementor-element-6fd3be34\" data-id=\"6fd3be34\" data-element_type=\"column\">\n\t\t\t<div class=\"elementor-widget-wrap elementor-element-populated\">\n\t\t\t\t\t\t<div class=\"elementor-element elementor-element-382413c5 elementor-widget elementor-widget-heading\" data-id=\"382413c5\" data-element_type=\"widget\" data-widget_type=\"heading.default\">\n\t\t\t\t<div class=\"elementor-widget-container\">\n\t\t\t<h1 class=\"elementor-heading-title elementor-size-default\">simHERO Sicherheitssysteme<\/h1>\t\t<\/div>\n\t\t\t\t<\/div>\n\t\t\t\t\t<\/div>\n\t\t<\/div>\n\t\t\t\t\t<\/div>\n\t\t<\/section>\n\t\t\t\t<section class=\"elementor-section elementor-top-section elementor-element elementor-element-594edd39 elementor-section-boxed elementor-section-height-default elementor-section-height-default\" data-id=\"594edd39\" data-element_type=\"section\">\n\t\t\t\t\t\t<div class=\"elementor-container elementor-column-gap-default\">\n\t\t\t\t\t<div class=\"elementor-column elementor-col-100 elementor-top-column elementor-element elementor-element-5b54e08e\" data-id=\"5b54e08e\" data-element_type=\"column\">\n\t\t\t<div class=\"elementor-widget-wrap elementor-element-populated\">\n\t\t\t\t\t\t<div class=\"elementor-element elementor-element-50c5683a elementor-widget elementor-widget-heading\" data-id=\"50c5683a\" data-element_type=\"widget\" data-widget_type=\"heading.default\">\n\t\t\t\t<div class=\"elementor-widget-container\">\n\t\t\t<h2 class=\"elementor-heading-title elementor-size-default\">simHERO IoT-SIM-Karten in Sicherheitssystemen<\/h2>\t\t<\/div>\n\t\t\t\t<\/div>\n\t\t\t\t<div class=\"elementor-element elementor-element-142e507e elementor-widget elementor-widget-text-editor\" data-id=\"142e507e\" data-element_type=\"widget\" data-widget_type=\"text-editor.default\">\n\t\t\t\t<div class=\"elementor-widget-container\">\n\t\t\t\t\t\t\t<p>simHERO IoT-Konnektivit\u00e4t erwies sich im Bereich der Sicherheit als Hauptgewinn f\u00fcr die Verbraucher. Ungeachtet dessen, ob die SIM-Karte als prim\u00e4re oder Backup-Quelle f\u00fcr das Funk-Sicherheitssystem genutzt wird, unsere multinetzf\u00e4hige IoT-Konnektivit\u00e4t stellt sicher, dass alle wesentlichen Komponenten wie die Kontrolleinheit, Kamera oder Smart Lock bei einem Notfall verbunden bleiben.<\/p>\t\t\t\t\t\t<\/div>\n\t\t\t\t<\/div>\n\t\t\t\t\t<\/div>\n\t\t<\/div>\n\t\t\t\t\t<\/div>\n\t\t<\/section>\n\t\t\t\t<section class=\"elementor-section elementor-top-section elementor-element elementor-element-1e41682e elementor-section-content-middle elementor-section-boxed elementor-section-height-default elementor-section-height-default\" data-id=\"1e41682e\" data-element_type=\"section\">\n\t\t\t\t\t\t<div class=\"elementor-container elementor-column-gap-wider\">\n\t\t\t\t\t<div class=\"elementor-column elementor-col-50 elementor-top-column elementor-element elementor-element-31dadc52\" data-id=\"31dadc52\" data-element_type=\"column\">\n\t\t\t<div class=\"elementor-widget-wrap elementor-element-populated\">\n\t\t\t\t\t\t<div class=\"elementor-element elementor-element-5c35c5b5 elementor-widget elementor-widget-image\" data-id=\"5c35c5b5\" data-element_type=\"widget\" data-widget_type=\"image.default\">\n\t\t\t\t<div class=\"elementor-widget-container\">\n\t\t\t\t\t\t\t\t\t\t\t\t\t<img fetchpriority=\"high\" decoding=\"async\" width=\"800\" height=\"534\" src=\"https:\/\/simhero.com\/wp-content\/uploads\/2020\/07\/securitysystem.jpg\" class=\"attachment-large size-large wp-image-1348\" alt=\"\" srcset=\"https:\/\/simhero.com\/wp-content\/uploads\/2020\/07\/securitysystem.jpg 1000w, https:\/\/simhero.com\/wp-content\/uploads\/2020\/07\/securitysystem-300x200.jpg 300w, https:\/\/simhero.com\/wp-content\/uploads\/2020\/07\/securitysystem-768x512.jpg 768w\" sizes=\"(max-width: 800px) 100vw, 800px\" \/>\t\t\t\t\t\t\t\t\t\t\t\t\t<\/div>\n\t\t\t\t<\/div>\n\t\t\t\t\t<\/div>\n\t\t<\/div>\n\t\t\t\t<div class=\"elementor-column elementor-col-50 elementor-top-column elementor-element elementor-element-60a8ca56\" data-id=\"60a8ca56\" data-element_type=\"column\">\n\t\t\t<div class=\"elementor-widget-wrap elementor-element-populated\">\n\t\t\t\t\t\t<div class=\"elementor-element elementor-element-45570307 elementor-widget elementor-widget-heading\" data-id=\"45570307\" data-element_type=\"widget\" data-widget_type=\"heading.default\">\n\t\t\t\t<div class=\"elementor-widget-container\">\n\t\t\t<h3 class=\"elementor-heading-title elementor-size-default\">Immer verbunden<\/h3>\t\t<\/div>\n\t\t\t\t<\/div>\n\t\t\t\t<div class=\"elementor-element elementor-element-9a3be2 elementor-widget elementor-widget-heading\" data-id=\"9a3be2\" data-element_type=\"widget\" data-widget_type=\"heading.default\">\n\t\t\t\t<div class=\"elementor-widget-container\">\n\t\t\t<h2 class=\"elementor-heading-title elementor-size-default\">Hier ist kein Empfang<\/h2>\t\t<\/div>\n\t\t\t\t<\/div>\n\t\t\t\t<div class=\"elementor-element elementor-element-7a6025ac elementor-widget elementor-widget-text-editor\" data-id=\"7a6025ac\" data-element_type=\"widget\" data-widget_type=\"text-editor.default\">\n\t\t\t\t<div class=\"elementor-widget-container\">\n\t\t\t\t\t\t\t<p>Ein Funk-Sicherheitssystem bleibt nur so lange wertvoll, solange es verbunden ist. Die simHERO IoT-SIM-Karte mit einem Zugang zu mehreren Netzwerken stellt sicher, dass Ihr Sicherheitssystem immer verbunden bleibt \u2013 auch wenn ein Netz ausf\u00e4llt. Bei einem solchen Ausfall verbindet sich die simHERO SIM-Karte automatisch mit dem n\u00e4chsten verf\u00fcgbaren Netz.<\/p>\t\t\t\t\t\t<\/div>\n\t\t\t\t<\/div>\n\t\t\t\t\t<\/div>\n\t\t<\/div>\n\t\t\t\t\t<\/div>\n\t\t<\/section>\n\t\t\t\t<section class=\"elementor-section elementor-top-section elementor-element elementor-element-36538ae elementor-section-content-middle elementor-reverse-mobile elementor-section-boxed elementor-section-height-default elementor-section-height-default\" data-id=\"36538ae\" data-element_type=\"section\">\n\t\t\t\t\t\t<div class=\"elementor-container elementor-column-gap-wider\">\n\t\t\t\t\t<div class=\"elementor-column elementor-col-50 elementor-top-column elementor-element elementor-element-503aa191\" data-id=\"503aa191\" data-element_type=\"column\">\n\t\t\t<div class=\"elementor-widget-wrap elementor-element-populated\">\n\t\t\t\t\t\t<div class=\"elementor-element elementor-element-4cb85d05 elementor-widget elementor-widget-heading\" data-id=\"4cb85d05\" data-element_type=\"widget\" data-widget_type=\"heading.default\">\n\t\t\t\t<div class=\"elementor-widget-container\">\n\t\t\t<h3 class=\"elementor-heading-title elementor-size-default\">Kein WIFI erforderlich<\/h3>\t\t<\/div>\n\t\t\t\t<\/div>\n\t\t\t\t<div class=\"elementor-element elementor-element-34fc15a7 elementor-widget elementor-widget-heading\" data-id=\"34fc15a7\" data-element_type=\"widget\" data-widget_type=\"heading.default\">\n\t\t\t\t<div class=\"elementor-widget-container\">\n\t\t\t<h2 class=\"elementor-heading-title elementor-size-default\">Im Moment keine Stromversorgung <\/h2>\t\t<\/div>\n\t\t\t\t<\/div>\n\t\t\t\t<div class=\"elementor-element elementor-element-5d34c7ac elementor-widget elementor-widget-text-editor\" data-id=\"5d34c7ac\" data-element_type=\"widget\" data-widget_type=\"text-editor.default\">\n\t\t\t\t<div class=\"elementor-widget-container\">\n\t\t\t\t\t\t\t<p>Drahtlose Sicherheitssysteme verbinden sich \u00fcber WIFI oder eine SIM-Karte. Bei vorhandener Multinetzf\u00e4higkeit bietet simHERO nicht nur eine verbesserte Abdeckung, sondern reduziert auch das Risiko eines Verbindungsverlustes aufgrund eines Stromausfalls. Verm\u00f6genswerte wie H\u00e4user oder Boote k\u00f6nnen professionell gesch\u00fctzt werden, ohne dass eine Verkabelung oder WIFI-Verbindung erforderlich sind.<\/p>\t\t\t\t\t\t<\/div>\n\t\t\t\t<\/div>\n\t\t\t\t\t<\/div>\n\t\t<\/div>\n\t\t\t\t<div class=\"elementor-column elementor-col-50 elementor-top-column elementor-element elementor-element-5407f04f\" data-id=\"5407f04f\" data-element_type=\"column\">\n\t\t\t<div class=\"elementor-widget-wrap elementor-element-populated\">\n\t\t\t\t\t\t<div class=\"elementor-element elementor-element-312d9840 elementor-widget elementor-widget-image\" data-id=\"312d9840\" data-element_type=\"widget\" data-widget_type=\"image.default\">\n\t\t\t\t<div class=\"elementor-widget-container\">\n\t\t\t\t\t\t\t\t\t\t\t\t\t<img decoding=\"async\" width=\"800\" height=\"534\" src=\"https:\/\/simhero.com\/wp-content\/uploads\/2020\/07\/no-power.jpg\" class=\"attachment-large size-large wp-image-1349\" alt=\"\" srcset=\"https:\/\/simhero.com\/wp-content\/uploads\/2020\/07\/no-power.jpg 1000w, https:\/\/simhero.com\/wp-content\/uploads\/2020\/07\/no-power-300x200.jpg 300w, https:\/\/simhero.com\/wp-content\/uploads\/2020\/07\/no-power-768x512.jpg 768w\" sizes=\"(max-width: 800px) 100vw, 800px\" \/>\t\t\t\t\t\t\t\t\t\t\t\t\t<\/div>\n\t\t\t\t<\/div>\n\t\t\t\t\t<\/div>\n\t\t<\/div>\n\t\t\t\t\t<\/div>\n\t\t<\/section>\n\t\t\t\t<section class=\"elementor-section elementor-top-section elementor-element elementor-element-770d27e4 elementor-section-content-middle elementor-section-boxed elementor-section-height-default elementor-section-height-default\" data-id=\"770d27e4\" data-element_type=\"section\">\n\t\t\t\t\t\t<div class=\"elementor-container elementor-column-gap-wider\">\n\t\t\t\t\t<div class=\"elementor-column elementor-col-50 elementor-top-column elementor-element elementor-element-68d72971\" data-id=\"68d72971\" data-element_type=\"column\">\n\t\t\t<div class=\"elementor-widget-wrap elementor-element-populated\">\n\t\t\t\t\t\t<div class=\"elementor-element elementor-element-8a4c074 elementor-widget elementor-widget-image\" data-id=\"8a4c074\" data-element_type=\"widget\" data-widget_type=\"image.default\">\n\t\t\t\t<div class=\"elementor-widget-container\">\n\t\t\t\t\t\t\t\t\t\t\t\t\t<img decoding=\"async\" width=\"640\" height=\"426\" src=\"https:\/\/simhero.com\/wp-content\/uploads\/2020\/06\/infinity.jpg\" class=\"attachment-large size-large wp-image-1321\" alt=\"\" srcset=\"https:\/\/simhero.com\/wp-content\/uploads\/2020\/06\/infinity.jpg 640w, https:\/\/simhero.com\/wp-content\/uploads\/2020\/06\/infinity-300x200.jpg 300w\" sizes=\"(max-width: 640px) 100vw, 640px\" \/>\t\t\t\t\t\t\t\t\t\t\t\t\t<\/div>\n\t\t\t\t<\/div>\n\t\t\t\t\t<\/div>\n\t\t<\/div>\n\t\t\t\t<div class=\"elementor-column elementor-col-50 elementor-top-column elementor-element elementor-element-33005ad5\" data-id=\"33005ad5\" data-element_type=\"column\">\n\t\t\t<div class=\"elementor-widget-wrap elementor-element-populated\">\n\t\t\t\t\t\t<div class=\"elementor-element elementor-element-39894c11 elementor-widget elementor-widget-heading\" data-id=\"39894c11\" data-element_type=\"widget\" data-widget_type=\"heading.default\">\n\t\t\t\t<div class=\"elementor-widget-container\">\n\t\t\t<h3 class=\"elementor-heading-title elementor-size-default\">PREPAID-Modell<\/h3>\t\t<\/div>\n\t\t\t\t<\/div>\n\t\t\t\t<div class=\"elementor-element elementor-element-1c753587 elementor-widget elementor-widget-heading\" data-id=\"1c753587\" data-element_type=\"widget\" data-widget_type=\"heading.default\">\n\t\t\t\t<div class=\"elementor-widget-container\">\n\t\t\t<h2 class=\"elementor-heading-title elementor-size-default\">Unendlich und dar\u00fcber hinaus<\/h2>\t\t<\/div>\n\t\t\t\t<\/div>\n\t\t\t\t<div class=\"elementor-element elementor-element-37a3224c elementor-widget elementor-widget-text-editor\" data-id=\"37a3224c\" data-element_type=\"widget\" data-widget_type=\"text-editor.default\">\n\t\t\t\t<div class=\"elementor-widget-container\">\n\t\t\t\t\t\t\t<p>Damit die Sicherheitssysteme so lange wie m\u00f6glich aktiv bleiben, hat simHERO ein PREPAID-Modell entwickelt, bei dem unsere Endkunden ein bestimmtes Geldguthaben kaufen k\u00f6nnen. Dieses Guthaben l\u00e4uft nicht ab und stellt sicher, dass das System nicht aufgrund eines fehlenden Guthabens vom Netz genommen wird. So werden beispielsweise E-Mail-Benachrichtigungen abgeschickt, sobald ein bestimmter Schwellenwert erreicht wird. Sorgen Sie sich nicht um diese Kleinigkeiten \u2013 wir stellen sicher, dass Sie sich zum richtigen Zeitpunkt darum k\u00fcmmern k\u00f6nnen.<\/p>\t\t\t\t\t\t<\/div>\n\t\t\t\t<\/div>\n\t\t\t\t\t<\/div>\n\t\t<\/div>\n\t\t\t\t\t<\/div>\n\t\t<\/section>\n\t\t\t\t<\/div>\n\t\t","protected":false},"excerpt":{"rendered":"<p>simHERO Sicherheitssysteme simHERO IoT-SIM-Karten in Sicherheitssystemen simHERO IoT-Konnektivit\u00e4t erwies sich im Bereich der Sicherheit als Hauptgewinn f\u00fcr die Verbraucher. Ungeachtet dessen, ob die SIM-Karte als prim\u00e4re oder Backup-Quelle f\u00fcr das Funk-Sicherheitssystem genutzt wird, unsere multinetzf\u00e4hige IoT-Konnektivit\u00e4t stellt sicher, dass alle wesentlichen Komponenten wie die Kontrolleinheit, Kamera oder Smart Lock bei einem Notfall verbunden bleiben. Immer [&hellip;]<\/p>\n","protected":false},"author":2,"featured_media":1386,"parent":2219,"menu_order":0,"comment_status":"closed","ping_status":"closed","template":"elementor_header_footer","meta":{"footnotes":""},"yoast_head":"<!-- This site is optimized with the Yoast SEO plugin v23.4 - https:\/\/yoast.com\/wordpress\/plugins\/seo\/ -->\n<title>Sicherheitssysteme - simHERO<\/title>\n<meta name=\"description\" content=\"simHERO provides IoT connectivity via sim card for security systems. Regardless if the sim card is uses as a primary source or as backup.\" \/>\n<meta name=\"robots\" content=\"index, follow, max-snippet:-1, max-image-preview:large, max-video-preview:-1\" \/>\n<link rel=\"canonical\" href=\"https:\/\/simhero.com\/de\/anwendungsfaelle\/sicherheitssysteme\/\" \/>\n<meta property=\"og:locale\" content=\"de_DE\" \/>\n<meta property=\"og:type\" content=\"article\" \/>\n<meta property=\"og:title\" content=\"Sicherheitssysteme - simHERO\" \/>\n<meta property=\"og:description\" content=\"simHERO provides IoT connectivity via sim card for security systems. Regardless if the sim card is uses as a primary source or as backup.\" \/>\n<meta property=\"og:url\" content=\"https:\/\/simhero.com\/de\/anwendungsfaelle\/sicherheitssysteme\/\" \/>\n<meta property=\"og:site_name\" content=\"simHERO\" \/>\n<meta property=\"article:publisher\" content=\"https:\/\/www.facebook.com\/freeewaysimhero\/\" \/>\n<meta property=\"article:modified_time\" content=\"2021-02-03T12:41:11+00:00\" \/>\n<meta property=\"og:image\" content=\"https:\/\/simhero.com\/wp-content\/uploads\/2020\/07\/security-systems.jpg\" \/>\n\t<meta property=\"og:image:width\" content=\"1000\" \/>\n\t<meta property=\"og:image:height\" content=\"667\" \/>\n\t<meta property=\"og:image:type\" content=\"image\/jpeg\" \/>\n<meta name=\"twitter:card\" content=\"summary_large_image\" \/>\n<meta name=\"twitter:label1\" content=\"Gesch\u00e4tzte Lesezeit\" \/>\n\t<meta name=\"twitter:data1\" content=\"1\u00a0Minute\" \/>\n<script type=\"application\/ld+json\" class=\"yoast-schema-graph\">{\"@context\":\"https:\/\/schema.org\",\"@graph\":[{\"@type\":\"WebPage\",\"@id\":\"https:\/\/simhero.com\/de\/anwendungsfaelle\/sicherheitssysteme\/\",\"url\":\"https:\/\/simhero.com\/de\/anwendungsfaelle\/sicherheitssysteme\/\",\"name\":\"Sicherheitssysteme - simHERO\",\"isPartOf\":{\"@id\":\"https:\/\/simhero.com\/de\/#website\"},\"primaryImageOfPage\":{\"@id\":\"https:\/\/simhero.com\/de\/anwendungsfaelle\/sicherheitssysteme\/#primaryimage\"},\"image\":{\"@id\":\"https:\/\/simhero.com\/de\/anwendungsfaelle\/sicherheitssysteme\/#primaryimage\"},\"thumbnailUrl\":\"https:\/\/simhero.com\/wp-content\/uploads\/2020\/07\/security-systems.jpg\",\"datePublished\":\"2020-07-16T10:39:15+00:00\",\"dateModified\":\"2021-02-03T12:41:11+00:00\",\"description\":\"simHERO provides IoT connectivity via sim card for security systems. Regardless if the sim card is uses as a primary source or as backup.\",\"breadcrumb\":{\"@id\":\"https:\/\/simhero.com\/de\/anwendungsfaelle\/sicherheitssysteme\/#breadcrumb\"},\"inLanguage\":\"de\",\"potentialAction\":[{\"@type\":\"ReadAction\",\"target\":[\"https:\/\/simhero.com\/de\/anwendungsfaelle\/sicherheitssysteme\/\"]}]},{\"@type\":\"ImageObject\",\"inLanguage\":\"de\",\"@id\":\"https:\/\/simhero.com\/de\/anwendungsfaelle\/sicherheitssysteme\/#primaryimage\",\"url\":\"https:\/\/simhero.com\/wp-content\/uploads\/2020\/07\/security-systems.jpg\",\"contentUrl\":\"https:\/\/simhero.com\/wp-content\/uploads\/2020\/07\/security-systems.jpg\",\"width\":1000,\"height\":667},{\"@type\":\"BreadcrumbList\",\"@id\":\"https:\/\/simhero.com\/de\/anwendungsfaelle\/sicherheitssysteme\/#breadcrumb\",\"itemListElement\":[{\"@type\":\"ListItem\",\"position\":1,\"name\":\"Startseite\",\"item\":\"https:\/\/simhero.com\/de\/\"},{\"@type\":\"ListItem\",\"position\":2,\"name\":\"Anwendungsf\u00e4lle\",\"item\":\"https:\/\/www.simhero.com\/de\/anwendungsfaelle\/\"},{\"@type\":\"ListItem\",\"position\":3,\"name\":\"Sicherheitssysteme\"}]},{\"@type\":\"WebSite\",\"@id\":\"https:\/\/simhero.com\/de\/#website\",\"url\":\"https:\/\/simhero.com\/de\/\",\"name\":\"simHERO\",\"description\":\"\",\"potentialAction\":[{\"@type\":\"SearchAction\",\"target\":{\"@type\":\"EntryPoint\",\"urlTemplate\":\"https:\/\/simhero.com\/de\/?s={search_term_string}\"},\"query-input\":{\"@type\":\"PropertyValueSpecification\",\"valueRequired\":true,\"valueName\":\"search_term_string\"}}],\"inLanguage\":\"de\"}]}<\/script>\n<!-- \/ Yoast SEO plugin. -->","yoast_head_json":{"title":"Sicherheitssysteme - simHERO","description":"simHERO provides IoT connectivity via sim card for security systems. Regardless if the sim card is uses as a primary source or as backup.","robots":{"index":"index","follow":"follow","max-snippet":"max-snippet:-1","max-image-preview":"max-image-preview:large","max-video-preview":"max-video-preview:-1"},"canonical":"https:\/\/simhero.com\/de\/anwendungsfaelle\/sicherheitssysteme\/","og_locale":"de_DE","og_type":"article","og_title":"Sicherheitssysteme - simHERO","og_description":"simHERO provides IoT connectivity via sim card for security systems. Regardless if the sim card is uses as a primary source or as backup.","og_url":"https:\/\/simhero.com\/de\/anwendungsfaelle\/sicherheitssysteme\/","og_site_name":"simHERO","article_publisher":"https:\/\/www.facebook.com\/freeewaysimhero\/","article_modified_time":"2021-02-03T12:41:11+00:00","og_image":[{"width":1000,"height":667,"url":"https:\/\/simhero.com\/wp-content\/uploads\/2020\/07\/security-systems.jpg","type":"image\/jpeg"}],"twitter_card":"summary_large_image","twitter_misc":{"Gesch\u00e4tzte Lesezeit":"1\u00a0Minute"},"schema":{"@context":"https:\/\/schema.org","@graph":[{"@type":"WebPage","@id":"https:\/\/simhero.com\/de\/anwendungsfaelle\/sicherheitssysteme\/","url":"https:\/\/simhero.com\/de\/anwendungsfaelle\/sicherheitssysteme\/","name":"Sicherheitssysteme - simHERO","isPartOf":{"@id":"https:\/\/simhero.com\/de\/#website"},"primaryImageOfPage":{"@id":"https:\/\/simhero.com\/de\/anwendungsfaelle\/sicherheitssysteme\/#primaryimage"},"image":{"@id":"https:\/\/simhero.com\/de\/anwendungsfaelle\/sicherheitssysteme\/#primaryimage"},"thumbnailUrl":"https:\/\/simhero.com\/wp-content\/uploads\/2020\/07\/security-systems.jpg","datePublished":"2020-07-16T10:39:15+00:00","dateModified":"2021-02-03T12:41:11+00:00","description":"simHERO provides IoT connectivity via sim card for security systems. Regardless if the sim card is uses as a primary source or as backup.","breadcrumb":{"@id":"https:\/\/simhero.com\/de\/anwendungsfaelle\/sicherheitssysteme\/#breadcrumb"},"inLanguage":"de","potentialAction":[{"@type":"ReadAction","target":["https:\/\/simhero.com\/de\/anwendungsfaelle\/sicherheitssysteme\/"]}]},{"@type":"ImageObject","inLanguage":"de","@id":"https:\/\/simhero.com\/de\/anwendungsfaelle\/sicherheitssysteme\/#primaryimage","url":"https:\/\/simhero.com\/wp-content\/uploads\/2020\/07\/security-systems.jpg","contentUrl":"https:\/\/simhero.com\/wp-content\/uploads\/2020\/07\/security-systems.jpg","width":1000,"height":667},{"@type":"BreadcrumbList","@id":"https:\/\/simhero.com\/de\/anwendungsfaelle\/sicherheitssysteme\/#breadcrumb","itemListElement":[{"@type":"ListItem","position":1,"name":"Startseite","item":"https:\/\/simhero.com\/de\/"},{"@type":"ListItem","position":2,"name":"Anwendungsf\u00e4lle","item":"https:\/\/www.simhero.com\/de\/anwendungsfaelle\/"},{"@type":"ListItem","position":3,"name":"Sicherheitssysteme"}]},{"@type":"WebSite","@id":"https:\/\/simhero.com\/de\/#website","url":"https:\/\/simhero.com\/de\/","name":"simHERO","description":"","potentialAction":[{"@type":"SearchAction","target":{"@type":"EntryPoint","urlTemplate":"https:\/\/simhero.com\/de\/?s={search_term_string}"},"query-input":{"@type":"PropertyValueSpecification","valueRequired":true,"valueName":"search_term_string"}}],"inLanguage":"de"}]}},"_links":{"self":[{"href":"https:\/\/simhero.com\/de\/wp-json\/wp\/v2\/pages\/2231"}],"collection":[{"href":"https:\/\/simhero.com\/de\/wp-json\/wp\/v2\/pages"}],"about":[{"href":"https:\/\/simhero.com\/de\/wp-json\/wp\/v2\/types\/page"}],"author":[{"embeddable":true,"href":"https:\/\/simhero.com\/de\/wp-json\/wp\/v2\/users\/2"}],"replies":[{"embeddable":true,"href":"https:\/\/simhero.com\/de\/wp-json\/wp\/v2\/comments?post=2231"}],"version-history":[{"count":11,"href":"https:\/\/simhero.com\/de\/wp-json\/wp\/v2\/pages\/2231\/revisions"}],"predecessor-version":[{"id":5001,"href":"https:\/\/simhero.com\/de\/wp-json\/wp\/v2\/pages\/2231\/revisions\/5001"}],"up":[{"embeddable":true,"href":"https:\/\/simhero.com\/de\/wp-json\/wp\/v2\/pages\/2219"}],"wp:featuredmedia":[{"embeddable":true,"href":"https:\/\/simhero.com\/de\/wp-json\/wp\/v2\/media\/1386"}],"wp:attachment":[{"href":"https:\/\/simhero.com\/de\/wp-json\/wp\/v2\/media?parent=2231"}],"curies":[{"name":"wp","href":"https:\/\/api.w.org\/{rel}","templated":true}]}}