{"id":2228,"date":"2020-07-16T12:40:33","date_gmt":"2020-07-16T10:40:33","guid":{"rendered":"http:\/\/3.65.206.27\/anwendungsfaelle\/trail-cameras\/"},"modified":"2021-02-03T13:28:50","modified_gmt":"2021-02-03T12:28:50","slug":"kamerafallen","status":"publish","type":"page","link":"https:\/\/simhero.com\/de\/anwendungsfaelle\/kamerafallen\/","title":{"rendered":"Kamerafallen"},"content":{"rendered":"\t\t<div data-elementor-type=\"wp-page\" data-elementor-id=\"2228\" class=\"elementor elementor-2228 elementor-1554\" data-elementor-post-type=\"page\">\n\t\t\t\t\t\t<section class=\"elementor-section elementor-top-section elementor-element elementor-element-74b192ea elementor-section-height-min-height elementor-section-boxed elementor-section-height-default elementor-section-items-middle\" data-id=\"74b192ea\" data-element_type=\"section\" data-settings=\"{&quot;background_background&quot;:&quot;classic&quot;}\">\n\t\t\t\t\t\t\t<div class=\"elementor-background-overlay\"><\/div>\n\t\t\t\t\t\t\t<div class=\"elementor-container elementor-column-gap-default\">\n\t\t\t\t\t<div class=\"elementor-column elementor-col-100 elementor-top-column elementor-element elementor-element-35013899\" data-id=\"35013899\" data-element_type=\"column\">\n\t\t\t<div class=\"elementor-widget-wrap elementor-element-populated\">\n\t\t\t\t\t\t<div class=\"elementor-element elementor-element-55420add elementor-widget elementor-widget-heading\" data-id=\"55420add\" data-element_type=\"widget\" data-widget_type=\"heading.default\">\n\t\t\t\t<div class=\"elementor-widget-container\">\n\t\t\t<h1 class=\"elementor-heading-title elementor-size-default\">simHERO in KAMERAFALLEN<\/h1>\t\t<\/div>\n\t\t\t\t<\/div>\n\t\t\t\t\t<\/div>\n\t\t<\/div>\n\t\t\t\t\t<\/div>\n\t\t<\/section>\n\t\t\t\t<section class=\"elementor-section elementor-top-section elementor-element elementor-element-47dda70c elementor-section-boxed elementor-section-height-default elementor-section-height-default\" data-id=\"47dda70c\" data-element_type=\"section\">\n\t\t\t\t\t\t<div class=\"elementor-container elementor-column-gap-default\">\n\t\t\t\t\t<div class=\"elementor-column elementor-col-100 elementor-top-column elementor-element elementor-element-3fa512a3\" data-id=\"3fa512a3\" data-element_type=\"column\">\n\t\t\t<div class=\"elementor-widget-wrap elementor-element-populated\">\n\t\t\t\t\t\t<div class=\"elementor-element elementor-element-35fcda57 elementor-widget elementor-widget-heading\" data-id=\"35fcda57\" data-element_type=\"widget\" data-widget_type=\"heading.default\">\n\t\t\t\t<div class=\"elementor-widget-container\">\n\t\t\t<h2 class=\"elementor-heading-title elementor-size-default\">simHERO IoT-SIM-Karten in Kamerafallen<\/h2>\t\t<\/div>\n\t\t\t\t<\/div>\n\t\t\t\t<div class=\"elementor-element elementor-element-5d6572de elementor-widget elementor-widget-text-editor\" data-id=\"5d6572de\" data-element_type=\"widget\" data-widget_type=\"text-editor.default\">\n\t\t\t\t<div class=\"elementor-widget-container\">\n\t\t\t\t\t\t\t<p>Die simHERO IoT-SIM-Karte genie\u00dft in der Kamerafallen-Branche einen erstklassigen Ruf und geh\u00f6rt zu den bevorzugten SIM-Karten f\u00fcr Kamerafallen weltweit. Hier kommen einige der Gr\u00fcnde, warum sich J\u00e4ger auf simHERO verlassen:<\/p>\t\t\t\t\t\t<\/div>\n\t\t\t\t<\/div>\n\t\t\t\t\t<\/div>\n\t\t<\/div>\n\t\t\t\t\t<\/div>\n\t\t<\/section>\n\t\t\t\t<section class=\"elementor-section elementor-top-section elementor-element elementor-element-11a50b7a elementor-section-content-middle elementor-section-boxed elementor-section-height-default elementor-section-height-default\" data-id=\"11a50b7a\" data-element_type=\"section\">\n\t\t\t\t\t\t<div class=\"elementor-container elementor-column-gap-wider\">\n\t\t\t\t\t<div class=\"elementor-column elementor-col-50 elementor-top-column elementor-element elementor-element-12f7176b\" data-id=\"12f7176b\" data-element_type=\"column\">\n\t\t\t<div class=\"elementor-widget-wrap elementor-element-populated\">\n\t\t\t\t\t\t<div class=\"elementor-element elementor-element-642bb9a4 elementor-widget elementor-widget-image\" data-id=\"642bb9a4\" data-element_type=\"widget\" data-widget_type=\"image.default\">\n\t\t\t\t<div class=\"elementor-widget-container\">\n\t\t\t\t\t\t\t\t\t\t\t\t\t<img fetchpriority=\"high\" decoding=\"async\" width=\"800\" height=\"534\" src=\"https:\/\/simhero.com\/wp-content\/uploads\/2020\/07\/trail-camera-stay-on-track.jpg\" class=\"attachment-large size-large wp-image-1389\" alt=\"\" srcset=\"https:\/\/simhero.com\/wp-content\/uploads\/2020\/07\/trail-camera-stay-on-track.jpg 1000w, https:\/\/simhero.com\/wp-content\/uploads\/2020\/07\/trail-camera-stay-on-track-300x200.jpg 300w, https:\/\/simhero.com\/wp-content\/uploads\/2020\/07\/trail-camera-stay-on-track-768x512.jpg 768w\" sizes=\"(max-width: 800px) 100vw, 800px\" \/>\t\t\t\t\t\t\t\t\t\t\t\t\t<\/div>\n\t\t\t\t<\/div>\n\t\t\t\t\t<\/div>\n\t\t<\/div>\n\t\t\t\t<div class=\"elementor-column elementor-col-50 elementor-top-column elementor-element elementor-element-4f2c9d30\" data-id=\"4f2c9d30\" data-element_type=\"column\">\n\t\t\t<div class=\"elementor-widget-wrap elementor-element-populated\">\n\t\t\t\t\t\t<div class=\"elementor-element elementor-element-6340d426 elementor-widget elementor-widget-heading\" data-id=\"6340d426\" data-element_type=\"widget\" data-widget_type=\"heading.default\">\n\t\t\t\t<div class=\"elementor-widget-container\">\n\t\t\t<h3 class=\"elementor-heading-title elementor-size-default\">Immer auf der richtigen Spur<\/h3>\t\t<\/div>\n\t\t\t\t<\/div>\n\t\t\t\t<div class=\"elementor-element elementor-element-38a37a03 elementor-widget elementor-widget-heading\" data-id=\"38a37a03\" data-element_type=\"widget\" data-widget_type=\"heading.default\">\n\t\t\t\t<div class=\"elementor-widget-container\">\n\t\t\t<h2 class=\"elementor-heading-title elementor-size-default\">Und ich habe hier auch Empfang<\/h2>\t\t<\/div>\n\t\t\t\t<\/div>\n\t\t\t\t<div class=\"elementor-element elementor-element-8f0ba70 elementor-widget elementor-widget-text-editor\" data-id=\"8f0ba70\" data-element_type=\"widget\" data-widget_type=\"text-editor.default\">\n\t\t\t\t<div class=\"elementor-widget-container\">\n\t\t\t\t\t\t\t<p>Die simHERO IoT-SIM-Karte zeichnet sich dadurch aus, dass sie sich mit dem st\u00e4rksten verf\u00fcgbaren Netz verbindet und erst dann auf das n\u00e4chste verf\u00fcgbare Netz umschaltet, sobald das Signal des vorherigen Netzes verloren geht. Besonders in Waldgebieten sind die Netzsignale nicht stabil, aber simHERO schafft es, die Kamerafalle verbunden zu halten, um in diesem Gebiet jeden Moment im Auge zu behalten.<\/p>\t\t\t\t\t\t<\/div>\n\t\t\t\t<\/div>\n\t\t\t\t\t<\/div>\n\t\t<\/div>\n\t\t\t\t\t<\/div>\n\t\t<\/section>\n\t\t\t\t<section class=\"elementor-section elementor-top-section elementor-element elementor-element-407ddedc elementor-section-content-middle elementor-reverse-mobile elementor-section-boxed elementor-section-height-default elementor-section-height-default\" data-id=\"407ddedc\" data-element_type=\"section\">\n\t\t\t\t\t\t<div class=\"elementor-container elementor-column-gap-wider\">\n\t\t\t\t\t<div class=\"elementor-column elementor-col-50 elementor-top-column elementor-element elementor-element-4977cc4e\" data-id=\"4977cc4e\" data-element_type=\"column\">\n\t\t\t<div class=\"elementor-widget-wrap elementor-element-populated\">\n\t\t\t\t\t\t<div class=\"elementor-element elementor-element-2f279e49 elementor-widget elementor-widget-heading\" data-id=\"2f279e49\" data-element_type=\"widget\" data-widget_type=\"heading.default\">\n\t\t\t\t<div class=\"elementor-widget-container\">\n\t\t\t<h3 class=\"elementor-heading-title elementor-size-default\">Keine Limits<\/h3>\t\t<\/div>\n\t\t\t\t<\/div>\n\t\t\t\t<div class=\"elementor-element elementor-element-4bf944c3 elementor-widget elementor-widget-heading\" data-id=\"4bf944c3\" data-element_type=\"widget\" data-widget_type=\"heading.default\">\n\t\t\t\t<div class=\"elementor-widget-container\">\n\t\t\t<h2 class=\"elementor-heading-title elementor-size-default\">Grenzenlos \u2013 vergessen Sie Landesgrenzen<\/h2>\t\t<\/div>\n\t\t\t\t<\/div>\n\t\t\t\t<div class=\"elementor-element elementor-element-1eca0ac6 elementor-widget elementor-widget-text-editor\" data-id=\"1eca0ac6\" data-element_type=\"widget\" data-widget_type=\"text-editor.default\">\n\t\t\t\t<div class=\"elementor-widget-container\">\n\t\t\t\t\t\t\t<p>In \u00e4hnlicher Weise wurde unsere weltweit einsetzbare IoT-SIM-Karte daf\u00fcr konzipiert, auch in grenznahen Gebieten zu funktionieren. Die simHERO IoT-Konnektivit\u00e4t begrenzt sich nicht nur auf ein nationales Netz in einem bestimmten Land, sondern bietet stattdessen Abdeckung f\u00fcr ganze geographische Regionen und Zonen.<\/p><p>F\u00fcr die simHERO SIM-Karte spielt es keine Rolle, wo sich die Kamera befindet \u2013 die SIM verbindet sich immer mit dem Netz mit dem st\u00e4rksten Signal.<\/p>\t\t\t\t\t\t<\/div>\n\t\t\t\t<\/div>\n\t\t\t\t\t<\/div>\n\t\t<\/div>\n\t\t\t\t<div class=\"elementor-column elementor-col-50 elementor-top-column elementor-element elementor-element-507dee16\" data-id=\"507dee16\" data-element_type=\"column\">\n\t\t\t<div class=\"elementor-widget-wrap elementor-element-populated\">\n\t\t\t\t\t\t<div class=\"elementor-element elementor-element-12a27ef5 elementor-widget elementor-widget-image\" data-id=\"12a27ef5\" data-element_type=\"widget\" data-widget_type=\"image.default\">\n\t\t\t\t<div class=\"elementor-widget-container\">\n\t\t\t\t\t\t\t\t\t\t\t\t\t<img decoding=\"async\" width=\"800\" height=\"534\" src=\"https:\/\/simhero.com\/wp-content\/uploads\/2020\/07\/trail-camera-sky-is-the-limit.jpg\" class=\"attachment-large size-large wp-image-1390\" alt=\"\" srcset=\"https:\/\/simhero.com\/wp-content\/uploads\/2020\/07\/trail-camera-sky-is-the-limit.jpg 1000w, https:\/\/simhero.com\/wp-content\/uploads\/2020\/07\/trail-camera-sky-is-the-limit-300x200.jpg 300w, https:\/\/simhero.com\/wp-content\/uploads\/2020\/07\/trail-camera-sky-is-the-limit-768x512.jpg 768w\" sizes=\"(max-width: 800px) 100vw, 800px\" \/>\t\t\t\t\t\t\t\t\t\t\t\t\t<\/div>\n\t\t\t\t<\/div>\n\t\t\t\t\t<\/div>\n\t\t<\/div>\n\t\t\t\t\t<\/div>\n\t\t<\/section>\n\t\t\t\t<section class=\"elementor-section elementor-top-section elementor-element elementor-element-48e74c5d elementor-section-content-middle elementor-section-boxed elementor-section-height-default elementor-section-height-default\" data-id=\"48e74c5d\" data-element_type=\"section\">\n\t\t\t\t\t\t<div class=\"elementor-container elementor-column-gap-wider\">\n\t\t\t\t\t<div class=\"elementor-column elementor-col-50 elementor-top-column elementor-element elementor-element-700aa1b4\" data-id=\"700aa1b4\" data-element_type=\"column\">\n\t\t\t<div class=\"elementor-widget-wrap elementor-element-populated\">\n\t\t\t\t\t\t<div class=\"elementor-element elementor-element-544cebcd elementor-widget elementor-widget-image\" data-id=\"544cebcd\" data-element_type=\"widget\" data-widget_type=\"image.default\">\n\t\t\t\t<div class=\"elementor-widget-container\">\n\t\t\t\t\t\t\t\t\t\t\t\t\t<img decoding=\"async\" width=\"800\" height=\"534\" src=\"https:\/\/simhero.com\/wp-content\/uploads\/2020\/07\/trail-camera-seasonal-usage.jpg\" class=\"attachment-large size-large wp-image-1395\" alt=\"\" srcset=\"https:\/\/simhero.com\/wp-content\/uploads\/2020\/07\/trail-camera-seasonal-usage.jpg 1000w, https:\/\/simhero.com\/wp-content\/uploads\/2020\/07\/trail-camera-seasonal-usage-300x200.jpg 300w, https:\/\/simhero.com\/wp-content\/uploads\/2020\/07\/trail-camera-seasonal-usage-768x512.jpg 768w\" sizes=\"(max-width: 800px) 100vw, 800px\" \/>\t\t\t\t\t\t\t\t\t\t\t\t\t<\/div>\n\t\t\t\t<\/div>\n\t\t\t\t\t<\/div>\n\t\t<\/div>\n\t\t\t\t<div class=\"elementor-column elementor-col-50 elementor-top-column elementor-element elementor-element-559cc2a4\" data-id=\"559cc2a4\" data-element_type=\"column\">\n\t\t\t<div class=\"elementor-widget-wrap elementor-element-populated\">\n\t\t\t\t\t\t<div class=\"elementor-element elementor-element-7bf4ad27 elementor-widget elementor-widget-heading\" data-id=\"7bf4ad27\" data-element_type=\"widget\" data-widget_type=\"heading.default\">\n\t\t\t\t<div class=\"elementor-widget-container\">\n\t\t\t<h3 class=\"elementor-heading-title elementor-size-default\">Saisonale Nutzung<\/h3>\t\t<\/div>\n\t\t\t\t<\/div>\n\t\t\t\t<div class=\"elementor-element elementor-element-78fed300 elementor-widget elementor-widget-heading\" data-id=\"78fed300\" data-element_type=\"widget\" data-widget_type=\"heading.default\">\n\t\t\t\t<div class=\"elementor-widget-container\">\n\t\t\t<h2 class=\"elementor-heading-title elementor-size-default\">Auf der Jagd nach Bildern<\/h2>\t\t<\/div>\n\t\t\t\t<\/div>\n\t\t\t\t<div class=\"elementor-element elementor-element-18cda5bd elementor-widget elementor-widget-text-editor\" data-id=\"18cda5bd\" data-element_type=\"widget\" data-widget_type=\"text-editor.default\">\n\t\t\t\t<div class=\"elementor-widget-container\">\n\t\t\t\t\t\t\t<p>In unserem PREPAID-Modell bietet simHERO spezielle Datentarife f\u00fcr Kamerafallen. Um unseren Benutzern den bestm\u00f6glichen Service liefern zu k\u00f6nnen, haben wir lange und tiefgehende Gespr\u00e4che mit unseren Kamerafallen-Partnern gef\u00fchrt. Das Ergebnis sind unsere simHERO Kameratarife: Diese ma\u00dfgeschneiderten Tarife versetzen unsere Benutzer in die Lage, ihre Tarife optimal f\u00fcr die saisonale Nutzung (monatliche, halbj\u00e4hrliche und j\u00e4hrliche Tarife) auszuw\u00e4hlen. Wir haben ebenfalls eine Beschreibung hinzugef\u00fcgt, damit man ungef\u00e4hr wei\u00df, wie viele Bilder beim Kauf eines bestimmten Tarifs und bei einer bestimmten Kameraeinstellung zu erwarten sind.<\/p>\t\t\t\t\t\t<\/div>\n\t\t\t\t<\/div>\n\t\t\t\t\t<\/div>\n\t\t<\/div>\n\t\t\t\t\t<\/div>\n\t\t<\/section>\n\t\t\t\t<section class=\"elementor-section elementor-top-section elementor-element elementor-element-d833fb7 elementor-section-content-middle elementor-reverse-mobile elementor-section-boxed elementor-section-height-default elementor-section-height-default\" data-id=\"d833fb7\" data-element_type=\"section\">\n\t\t\t\t\t\t<div class=\"elementor-container elementor-column-gap-wider\">\n\t\t\t\t\t<div class=\"elementor-column elementor-col-50 elementor-top-column elementor-element elementor-element-40fd55e\" data-id=\"40fd55e\" data-element_type=\"column\">\n\t\t\t<div class=\"elementor-widget-wrap elementor-element-populated\">\n\t\t\t\t\t\t<div class=\"elementor-element elementor-element-2c88012 elementor-widget elementor-widget-heading\" data-id=\"2c88012\" data-element_type=\"widget\" data-widget_type=\"heading.default\">\n\t\t\t\t<div class=\"elementor-widget-container\">\n\t\t\t<h3 class=\"elementor-heading-title elementor-size-default\">Gehen wir den Weg gemeinsam<\/h3>\t\t<\/div>\n\t\t\t\t<\/div>\n\t\t\t\t<div class=\"elementor-element elementor-element-9994898 elementor-widget elementor-widget-heading\" data-id=\"9994898\" data-element_type=\"widget\" data-widget_type=\"heading.default\">\n\t\t\t\t<div class=\"elementor-widget-container\">\n\t\t\t<h2 class=\"elementor-heading-title elementor-size-default\">Lassen Sie mich meinen Kollegen fragen<\/h2>\t\t<\/div>\n\t\t\t\t<\/div>\n\t\t\t\t<div class=\"elementor-element elementor-element-e2e56d6 elementor-widget elementor-widget-text-editor\" data-id=\"e2e56d6\" data-element_type=\"widget\" data-widget_type=\"text-editor.default\">\n\t\t\t\t<div class=\"elementor-widget-container\">\n\t\t\t\t\t\t\t<p>simHERO arbeitet mit vielen Kameramarken weltweit zusammen und wir bleiben im st\u00e4ndigen Austausch mit vielen Kameraherstellern. Diese Beziehungen und sehr tiefgehenden Diskussionen mit unseren Partnern resultieren in einer kontinuierlichen Verbesserung nicht nur der Kamerafallen, sondern auch unserer weltweiten IoT-Konnektivit\u00e4tsservices f\u00fcr Kamerafallen. Und was am wichtigsten ist \u2013 in zufriedenen Kameranutzern, mit denen wir den Weg gemeinsam gehen k\u00f6nnen.<\/p>\t\t\t\t\t\t<\/div>\n\t\t\t\t<\/div>\n\t\t\t\t\t<\/div>\n\t\t<\/div>\n\t\t\t\t<div class=\"elementor-column elementor-col-50 elementor-top-column elementor-element elementor-element-817f309\" data-id=\"817f309\" data-element_type=\"column\">\n\t\t\t<div class=\"elementor-widget-wrap elementor-element-populated\">\n\t\t\t\t\t\t<div class=\"elementor-element elementor-element-ea62c74 elementor-widget elementor-widget-image\" data-id=\"ea62c74\" data-element_type=\"widget\" data-widget_type=\"image.default\">\n\t\t\t\t<div class=\"elementor-widget-container\">\n\t\t\t\t\t\t\t\t\t\t\t\t\t<img loading=\"lazy\" decoding=\"async\" width=\"800\" height=\"534\" src=\"https:\/\/simhero.com\/wp-content\/uploads\/2020\/07\/trail-camera-join-the-path.jpg\" class=\"attachment-large size-large wp-image-1385\" alt=\"\" srcset=\"https:\/\/simhero.com\/wp-content\/uploads\/2020\/07\/trail-camera-join-the-path.jpg 1000w, https:\/\/simhero.com\/wp-content\/uploads\/2020\/07\/trail-camera-join-the-path-300x200.jpg 300w, https:\/\/simhero.com\/wp-content\/uploads\/2020\/07\/trail-camera-join-the-path-768x512.jpg 768w\" sizes=\"(max-width: 800px) 100vw, 800px\" \/>\t\t\t\t\t\t\t\t\t\t\t\t\t<\/div>\n\t\t\t\t<\/div>\n\t\t\t\t\t<\/div>\n\t\t<\/div>\n\t\t\t\t\t<\/div>\n\t\t<\/section>\n\t\t\t\t<\/div>\n\t\t","protected":false},"excerpt":{"rendered":"<p>simHERO in KAMERAFALLEN simHERO IoT-SIM-Karten in Kamerafallen Die simHERO IoT-SIM-Karte genie\u00dft in der Kamerafallen-Branche einen erstklassigen Ruf und geh\u00f6rt zu den bevorzugten SIM-Karten f\u00fcr Kamerafallen weltweit. Hier kommen einige der Gr\u00fcnde, warum sich J\u00e4ger auf simHERO verlassen: Immer auf der richtigen Spur Und ich habe hier auch Empfang Die simHERO IoT-SIM-Karte zeichnet sich dadurch aus, [&hellip;]<\/p>\n","protected":false},"author":2,"featured_media":1401,"parent":2219,"menu_order":0,"comment_status":"closed","ping_status":"closed","template":"elementor_header_footer","meta":{"footnotes":""},"yoast_head":"<!-- This site is optimized with the Yoast SEO plugin v23.4 - https:\/\/yoast.com\/wordpress\/plugins\/seo\/ -->\n<title>Kamerafallen - simHERO<\/title>\n<meta name=\"description\" content=\"simHERO has a remarkable impact in the trail camera market and is the most preferred sim card for trail cameras across the globe.\" \/>\n<meta name=\"robots\" content=\"index, follow, max-snippet:-1, max-image-preview:large, max-video-preview:-1\" \/>\n<link rel=\"canonical\" href=\"https:\/\/simhero.com\/de\/anwendungsfaelle\/kamerafallen\/\" \/>\n<meta property=\"og:locale\" content=\"de_DE\" \/>\n<meta property=\"og:type\" content=\"article\" \/>\n<meta property=\"og:title\" content=\"Kamerafallen - simHERO\" \/>\n<meta property=\"og:description\" content=\"simHERO has a remarkable impact in the trail camera market and is the most preferred sim card for trail cameras across the globe.\" \/>\n<meta property=\"og:url\" content=\"https:\/\/simhero.com\/de\/anwendungsfaelle\/kamerafallen\/\" \/>\n<meta property=\"og:site_name\" content=\"simHERO\" \/>\n<meta property=\"article:publisher\" content=\"https:\/\/www.facebook.com\/freeewaysimhero\/\" \/>\n<meta property=\"article:modified_time\" content=\"2021-02-03T12:28:50+00:00\" \/>\n<meta property=\"og:image\" content=\"http:\/\/www.simhero.com\/wp-content\/uploads\/2020\/07\/trail-camera-join-the-path-1-1-scaled.jpg\" \/>\n\t<meta property=\"og:image:width\" content=\"1600\" \/>\n\t<meta property=\"og:image:height\" content=\"667\" \/>\n\t<meta property=\"og:image:type\" content=\"image\/jpeg\" \/>\n<meta name=\"twitter:card\" content=\"summary_large_image\" \/>\n<meta name=\"twitter:label1\" content=\"Gesch\u00e4tzte Lesezeit\" \/>\n\t<meta name=\"twitter:data1\" content=\"2\u00a0Minuten\" \/>\n<script type=\"application\/ld+json\" class=\"yoast-schema-graph\">{\"@context\":\"https:\/\/schema.org\",\"@graph\":[{\"@type\":\"WebPage\",\"@id\":\"https:\/\/simhero.com\/de\/anwendungsfaelle\/kamerafallen\/\",\"url\":\"https:\/\/simhero.com\/de\/anwendungsfaelle\/kamerafallen\/\",\"name\":\"Kamerafallen - simHERO\",\"isPartOf\":{\"@id\":\"https:\/\/simhero.com\/de\/#website\"},\"primaryImageOfPage\":{\"@id\":\"https:\/\/simhero.com\/de\/anwendungsfaelle\/kamerafallen\/#primaryimage\"},\"image\":{\"@id\":\"https:\/\/simhero.com\/de\/anwendungsfaelle\/kamerafallen\/#primaryimage\"},\"thumbnailUrl\":\"https:\/\/simhero.com\/wp-content\/uploads\/2020\/07\/trail-camera-join-the-path-1-1-scaled.jpg\",\"datePublished\":\"2020-07-16T10:40:33+00:00\",\"dateModified\":\"2021-02-03T12:28:50+00:00\",\"description\":\"simHERO has a remarkable impact in the trail camera market and is the most preferred sim card for trail cameras across the globe.\",\"breadcrumb\":{\"@id\":\"https:\/\/simhero.com\/de\/anwendungsfaelle\/kamerafallen\/#breadcrumb\"},\"inLanguage\":\"de\",\"potentialAction\":[{\"@type\":\"ReadAction\",\"target\":[\"https:\/\/simhero.com\/de\/anwendungsfaelle\/kamerafallen\/\"]}]},{\"@type\":\"ImageObject\",\"inLanguage\":\"de\",\"@id\":\"https:\/\/simhero.com\/de\/anwendungsfaelle\/kamerafallen\/#primaryimage\",\"url\":\"https:\/\/simhero.com\/wp-content\/uploads\/2020\/07\/trail-camera-join-the-path-1-1-scaled.jpg\",\"contentUrl\":\"https:\/\/simhero.com\/wp-content\/uploads\/2020\/07\/trail-camera-join-the-path-1-1-scaled.jpg\",\"width\":1600,\"height\":667},{\"@type\":\"BreadcrumbList\",\"@id\":\"https:\/\/simhero.com\/de\/anwendungsfaelle\/kamerafallen\/#breadcrumb\",\"itemListElement\":[{\"@type\":\"ListItem\",\"position\":1,\"name\":\"Startseite\",\"item\":\"https:\/\/simhero.com\/de\/\"},{\"@type\":\"ListItem\",\"position\":2,\"name\":\"Anwendungsf\u00e4lle\",\"item\":\"https:\/\/www.simhero.com\/de\/anwendungsfaelle\/\"},{\"@type\":\"ListItem\",\"position\":3,\"name\":\"Kamerafallen\"}]},{\"@type\":\"WebSite\",\"@id\":\"https:\/\/simhero.com\/de\/#website\",\"url\":\"https:\/\/simhero.com\/de\/\",\"name\":\"simHERO\",\"description\":\"\",\"potentialAction\":[{\"@type\":\"SearchAction\",\"target\":{\"@type\":\"EntryPoint\",\"urlTemplate\":\"https:\/\/simhero.com\/de\/?s={search_term_string}\"},\"query-input\":{\"@type\":\"PropertyValueSpecification\",\"valueRequired\":true,\"valueName\":\"search_term_string\"}}],\"inLanguage\":\"de\"}]}<\/script>\n<!-- \/ Yoast SEO plugin. -->","yoast_head_json":{"title":"Kamerafallen - simHERO","description":"simHERO has a remarkable impact in the trail camera market and is the most preferred sim card for trail cameras across the globe.","robots":{"index":"index","follow":"follow","max-snippet":"max-snippet:-1","max-image-preview":"max-image-preview:large","max-video-preview":"max-video-preview:-1"},"canonical":"https:\/\/simhero.com\/de\/anwendungsfaelle\/kamerafallen\/","og_locale":"de_DE","og_type":"article","og_title":"Kamerafallen - simHERO","og_description":"simHERO has a remarkable impact in the trail camera market and is the most preferred sim card for trail cameras across the globe.","og_url":"https:\/\/simhero.com\/de\/anwendungsfaelle\/kamerafallen\/","og_site_name":"simHERO","article_publisher":"https:\/\/www.facebook.com\/freeewaysimhero\/","article_modified_time":"2021-02-03T12:28:50+00:00","og_image":[{"width":1600,"height":667,"url":"http:\/\/www.simhero.com\/wp-content\/uploads\/2020\/07\/trail-camera-join-the-path-1-1-scaled.jpg","type":"image\/jpeg"}],"twitter_card":"summary_large_image","twitter_misc":{"Gesch\u00e4tzte Lesezeit":"2\u00a0Minuten"},"schema":{"@context":"https:\/\/schema.org","@graph":[{"@type":"WebPage","@id":"https:\/\/simhero.com\/de\/anwendungsfaelle\/kamerafallen\/","url":"https:\/\/simhero.com\/de\/anwendungsfaelle\/kamerafallen\/","name":"Kamerafallen - simHERO","isPartOf":{"@id":"https:\/\/simhero.com\/de\/#website"},"primaryImageOfPage":{"@id":"https:\/\/simhero.com\/de\/anwendungsfaelle\/kamerafallen\/#primaryimage"},"image":{"@id":"https:\/\/simhero.com\/de\/anwendungsfaelle\/kamerafallen\/#primaryimage"},"thumbnailUrl":"https:\/\/simhero.com\/wp-content\/uploads\/2020\/07\/trail-camera-join-the-path-1-1-scaled.jpg","datePublished":"2020-07-16T10:40:33+00:00","dateModified":"2021-02-03T12:28:50+00:00","description":"simHERO has a remarkable impact in the trail camera market and is the most preferred sim card for trail cameras across the globe.","breadcrumb":{"@id":"https:\/\/simhero.com\/de\/anwendungsfaelle\/kamerafallen\/#breadcrumb"},"inLanguage":"de","potentialAction":[{"@type":"ReadAction","target":["https:\/\/simhero.com\/de\/anwendungsfaelle\/kamerafallen\/"]}]},{"@type":"ImageObject","inLanguage":"de","@id":"https:\/\/simhero.com\/de\/anwendungsfaelle\/kamerafallen\/#primaryimage","url":"https:\/\/simhero.com\/wp-content\/uploads\/2020\/07\/trail-camera-join-the-path-1-1-scaled.jpg","contentUrl":"https:\/\/simhero.com\/wp-content\/uploads\/2020\/07\/trail-camera-join-the-path-1-1-scaled.jpg","width":1600,"height":667},{"@type":"BreadcrumbList","@id":"https:\/\/simhero.com\/de\/anwendungsfaelle\/kamerafallen\/#breadcrumb","itemListElement":[{"@type":"ListItem","position":1,"name":"Startseite","item":"https:\/\/simhero.com\/de\/"},{"@type":"ListItem","position":2,"name":"Anwendungsf\u00e4lle","item":"https:\/\/www.simhero.com\/de\/anwendungsfaelle\/"},{"@type":"ListItem","position":3,"name":"Kamerafallen"}]},{"@type":"WebSite","@id":"https:\/\/simhero.com\/de\/#website","url":"https:\/\/simhero.com\/de\/","name":"simHERO","description":"","potentialAction":[{"@type":"SearchAction","target":{"@type":"EntryPoint","urlTemplate":"https:\/\/simhero.com\/de\/?s={search_term_string}"},"query-input":{"@type":"PropertyValueSpecification","valueRequired":true,"valueName":"search_term_string"}}],"inLanguage":"de"}]}},"_links":{"self":[{"href":"https:\/\/simhero.com\/de\/wp-json\/wp\/v2\/pages\/2228"}],"collection":[{"href":"https:\/\/simhero.com\/de\/wp-json\/wp\/v2\/pages"}],"about":[{"href":"https:\/\/simhero.com\/de\/wp-json\/wp\/v2\/types\/page"}],"author":[{"embeddable":true,"href":"https:\/\/simhero.com\/de\/wp-json\/wp\/v2\/users\/2"}],"replies":[{"embeddable":true,"href":"https:\/\/simhero.com\/de\/wp-json\/wp\/v2\/comments?post=2228"}],"version-history":[{"count":12,"href":"https:\/\/simhero.com\/de\/wp-json\/wp\/v2\/pages\/2228\/revisions"}],"predecessor-version":[{"id":4983,"href":"https:\/\/simhero.com\/de\/wp-json\/wp\/v2\/pages\/2228\/revisions\/4983"}],"up":[{"embeddable":true,"href":"https:\/\/simhero.com\/de\/wp-json\/wp\/v2\/pages\/2219"}],"wp:featuredmedia":[{"embeddable":true,"href":"https:\/\/simhero.com\/de\/wp-json\/wp\/v2\/media\/1401"}],"wp:attachment":[{"href":"https:\/\/simhero.com\/de\/wp-json\/wp\/v2\/media?parent=2228"}],"curies":[{"name":"wp","href":"https:\/\/api.w.org\/{rel}","templated":true}]}}