{"id":2219,"date":"2020-07-16T12:21:34","date_gmt":"2020-07-16T10:21:34","guid":{"rendered":"http:\/\/3.65.206.27\/use-cases\/"},"modified":"2021-02-03T13:14:27","modified_gmt":"2021-02-03T12:14:27","slug":"anwendungsfaelle","status":"publish","type":"page","link":"https:\/\/simhero.com\/de\/anwendungsfaelle\/","title":{"rendered":"Anwendungsf\u00e4lle"},"content":{"rendered":"\t\t<div data-elementor-type=\"wp-page\" data-elementor-id=\"2219\" class=\"elementor elementor-2219 elementor-1538\" data-elementor-post-type=\"page\">\n\t\t\t\t\t\t<section class=\"elementor-section elementor-top-section elementor-element elementor-element-5fe29147 elementor-section-height-min-height elementor-section-boxed elementor-section-height-default elementor-section-items-middle\" data-id=\"5fe29147\" data-element_type=\"section\" data-settings=\"{&quot;background_background&quot;:&quot;classic&quot;}\">\n\t\t\t\t\t\t\t<div class=\"elementor-background-overlay\"><\/div>\n\t\t\t\t\t\t\t<div class=\"elementor-container elementor-column-gap-default\">\n\t\t\t\t\t<div class=\"elementor-column elementor-col-100 elementor-top-column elementor-element elementor-element-60fb6a66\" data-id=\"60fb6a66\" data-element_type=\"column\">\n\t\t\t<div class=\"elementor-widget-wrap elementor-element-populated\">\n\t\t\t\t\t\t<div class=\"elementor-element elementor-element-75190c0 elementor-widget elementor-widget-heading\" data-id=\"75190c0\" data-element_type=\"widget\" data-widget_type=\"heading.default\">\n\t\t\t\t<div class=\"elementor-widget-container\">\n\t\t\t<h1 class=\"elementor-heading-title elementor-size-default\">simHERO Anwendungsf\u00e4lle\n<\/h1>\t\t<\/div>\n\t\t\t\t<\/div>\n\t\t\t\t\t<\/div>\n\t\t<\/div>\n\t\t\t\t\t<\/div>\n\t\t<\/section>\n\t\t\t\t<section class=\"elementor-section elementor-top-section elementor-element elementor-element-44a63dd elementor-section-boxed elementor-section-height-default elementor-section-height-default\" data-id=\"44a63dd\" data-element_type=\"section\">\n\t\t\t\t\t\t<div class=\"elementor-container elementor-column-gap-default\">\n\t\t\t\t\t<div class=\"elementor-column elementor-col-100 elementor-top-column elementor-element elementor-element-5768b0ce\" data-id=\"5768b0ce\" data-element_type=\"column\">\n\t\t\t<div class=\"elementor-widget-wrap elementor-element-populated\">\n\t\t\t\t\t\t<div class=\"elementor-element elementor-element-4ab25c54 elementor-widget elementor-widget-heading\" data-id=\"4ab25c54\" data-element_type=\"widget\" data-widget_type=\"heading.default\">\n\t\t\t\t<div class=\"elementor-widget-container\">\n\t\t\t<h2 class=\"elementor-heading-title elementor-size-default\">Wof\u00fcr eignet sich simHERO?\n\n<\/h2>\t\t<\/div>\n\t\t\t\t<\/div>\n\t\t\t\t<div class=\"elementor-element elementor-element-1eee4614 elementor-widget elementor-widget-text-editor\" data-id=\"1eee4614\" data-element_type=\"widget\" data-widget_type=\"text-editor.default\">\n\t\t\t\t<div class=\"elementor-widget-container\">\n\t\t\t\t\t\t\t<p>Internet of Things (IoT, Internet der Dinge) wirkt sich erheblich auf die Unterhaltungselektronikbranche aus, wie wir sie heute erleben. Immer mehr vernetzte IoT-Ger\u00e4te kommen auf den Markt und Verbraucher rund um den Globus stellen sich die gleichen Fragen: Welche SIM ist die richtige f\u00fcr mich? Welcher Tarif ist der beste f\u00fcr mein Ger\u00e4t, damit ich kein Geld verschwende? Kann man simHERO in jedem beliebigen Ger\u00e4t einsetzen? Was bedeutet es, wenn ich 100 Megabyte habe?<\/p>\n<p>simHERO kann jede Ihrer Fragen beantworten. Wir scheuen keine M\u00fchen bei der Auswahl der richtigen Tarife f\u00fcr Sie und Ihre Ger\u00e4te. Wir stellen sicher, dass wir die Bytes und Bits in die tats\u00e4chliche Leistung Ihres Ger\u00e4tes \u00fcbertragen, so dass Sie Geld und Zeit sparen. Gleicherma\u00dfen halten wir auf den globalen M\u00e4rkten Ausschau nach neuen IoT-Ger\u00e4ten und pr\u00fcfen vorab, ob simHERO auch f\u00fcr diese eine perfekte Erg\u00e4nzung darstellt. Wo ein Wille, da auch ein Weg. Und wo es einen SIM-Steckplatz gibt, passt auch simHERO. Unsere weltweite IoT-SIM-Karte kann in jedem IoT-Ger\u00e4t, das Daten und\/oder SMS nutzt, eingesetzt werden.<\/p>\n<p>Die bis dato ma\u00dfgebliche Grundlage unseres Erfolgs war, dass wir Geld, Zeit und Energie in ein besseres Verst\u00e4ndnis der IoT-Ger\u00e4te und des damit verbundenen Benutzer-Verhaltens investieren. Es ist uns bewusst, dass wir nur dann ein zuverl\u00e4ssiger Guide auf Ihrer IoT-Reise sein k\u00f6nnen,&nbsp;<span style=\"color: var( --e-global-color-text ); font-family: var( --e-global-typography-text-font-family ), Sans-serif; font-weight: var( --e-global-typography-text-font-weight );\">&nbsp;<\/span><span style=\"color: var( --e-global-color-text ); font-family: var( --e-global-typography-text-font-family ), Sans-serif; font-weight: var( --e-global-typography-text-font-weight );\">wenn wir die f\u00fcr unsere Kunden typischen Anwendungsf\u00e4lle auch kennen<\/span><span style=\"color: var( --e-global-color-text ); font-family: var( --e-global-typography-text-font-family ), Sans-serif; font-weight: var( --e-global-typography-text-font-weight );\">.<\/span><\/p>\n<p>Hier sehen Sie einige Beispiele:<\/p>\t\t\t\t\t\t<\/div>\n\t\t\t\t<\/div>\n\t\t\t\t<section class=\"elementor-section elementor-inner-section elementor-element elementor-element-128b55f4 elementor-section-boxed elementor-section-height-default elementor-section-height-default\" data-id=\"128b55f4\" data-element_type=\"section\">\n\t\t\t\t\t\t<div class=\"elementor-container elementor-column-gap-default\">\n\t\t\t\t\t<div class=\"elementor-column elementor-col-33 elementor-inner-column elementor-element elementor-element-c0a5295\" data-id=\"c0a5295\" data-element_type=\"column\">\n\t\t\t<div class=\"elementor-widget-wrap elementor-element-populated\">\n\t\t\t\t\t\t<div class=\"elementor-element elementor-element-4a7ba2a3 elementor-position-top elementor-widget elementor-widget-image-box\" data-id=\"4a7ba2a3\" data-element_type=\"widget\" data-widget_type=\"image-box.default\">\n\t\t\t\t<div class=\"elementor-widget-container\">\n\t\t\t<div class=\"elementor-image-box-wrapper\"><figure class=\"elementor-image-box-img\"><a href=\"https:\/\/simhero.com\/de\/anwendungsfaelle\/kamerafallen\/\" tabindex=\"-1\"><img fetchpriority=\"high\" decoding=\"async\" width=\"1000\" height=\"667\" src=\"https:\/\/simhero.com\/wp-content\/uploads\/2020\/07\/trail-camera-join-the-path.jpg\" class=\"attachment-full size-full wp-image-1385\" alt=\"\" srcset=\"https:\/\/simhero.com\/wp-content\/uploads\/2020\/07\/trail-camera-join-the-path.jpg 1000w, https:\/\/simhero.com\/wp-content\/uploads\/2020\/07\/trail-camera-join-the-path-300x200.jpg 300w, https:\/\/simhero.com\/wp-content\/uploads\/2020\/07\/trail-camera-join-the-path-768x512.jpg 768w\" sizes=\"(max-width: 1000px) 100vw, 1000px\" \/><\/a><\/figure><div class=\"elementor-image-box-content\"><span class=\"elementor-image-box-title\"><a href=\"https:\/\/simhero.com\/de\/anwendungsfaelle\/kamerafallen\/\">simHERO in KAMERAFALLEN<\/a><\/span><\/div><\/div>\t\t<\/div>\n\t\t\t\t<\/div>\n\t\t\t\t\t<\/div>\n\t\t<\/div>\n\t\t\t\t<div class=\"elementor-column elementor-col-33 elementor-inner-column elementor-element elementor-element-17832f74\" data-id=\"17832f74\" data-element_type=\"column\">\n\t\t\t<div class=\"elementor-widget-wrap elementor-element-populated\">\n\t\t\t\t\t\t<div class=\"elementor-element elementor-element-1cf9e2e1 elementor-position-top elementor-widget elementor-widget-image-box\" data-id=\"1cf9e2e1\" data-element_type=\"widget\" data-widget_type=\"image-box.default\">\n\t\t\t\t<div class=\"elementor-widget-container\">\n\t\t\t<div class=\"elementor-image-box-wrapper\"><figure class=\"elementor-image-box-img\"><a href=\"https:\/\/simhero.com\/de\/anwendungsfaelle\/sicherheitssysteme\/\" tabindex=\"-1\"><img decoding=\"async\" width=\"1000\" height=\"667\" src=\"https:\/\/simhero.com\/wp-content\/uploads\/2020\/07\/security-systems.jpg\" class=\"attachment-full size-full wp-image-1386\" alt=\"\" srcset=\"https:\/\/simhero.com\/wp-content\/uploads\/2020\/07\/security-systems.jpg 1000w, https:\/\/simhero.com\/wp-content\/uploads\/2020\/07\/security-systems-300x200.jpg 300w, https:\/\/simhero.com\/wp-content\/uploads\/2020\/07\/security-systems-768x512.jpg 768w\" sizes=\"(max-width: 1000px) 100vw, 1000px\" \/><\/a><\/figure><div class=\"elementor-image-box-content\"><span class=\"elementor-image-box-title\"><a href=\"https:\/\/simhero.com\/de\/anwendungsfaelle\/sicherheitssysteme\/\">simHERO in SICHERHEITSSYSTEMEN<\/a><\/span><\/div><\/div>\t\t<\/div>\n\t\t\t\t<\/div>\n\t\t\t\t\t<\/div>\n\t\t<\/div>\n\t\t\t\t<div class=\"elementor-column elementor-col-33 elementor-inner-column elementor-element elementor-element-5f9378e4\" data-id=\"5f9378e4\" data-element_type=\"column\">\n\t\t\t<div class=\"elementor-widget-wrap elementor-element-populated\">\n\t\t\t\t\t\t<div class=\"elementor-element elementor-element-4920c673 elementor-position-top elementor-widget elementor-widget-image-box\" data-id=\"4920c673\" data-element_type=\"widget\" data-widget_type=\"image-box.default\">\n\t\t\t\t<div class=\"elementor-widget-container\">\n\t\t\t<div class=\"elementor-image-box-wrapper\"><figure class=\"elementor-image-box-img\"><a href=\"https:\/\/simhero.com\/de\/anwendungsfaelle\/haustier-tracker\/\" tabindex=\"-1\"><img decoding=\"async\" width=\"1000\" height=\"667\" src=\"https:\/\/simhero.com\/wp-content\/uploads\/2020\/07\/pet-tracker-cat.jpg\" class=\"attachment-full size-full wp-image-1387\" alt=\"\" srcset=\"https:\/\/simhero.com\/wp-content\/uploads\/2020\/07\/pet-tracker-cat.jpg 1000w, https:\/\/simhero.com\/wp-content\/uploads\/2020\/07\/pet-tracker-cat-300x200.jpg 300w, https:\/\/simhero.com\/wp-content\/uploads\/2020\/07\/pet-tracker-cat-768x512.jpg 768w\" sizes=\"(max-width: 1000px) 100vw, 1000px\" \/><\/a><\/figure><div class=\"elementor-image-box-content\"><span class=\"elementor-image-box-title\"><a href=\"https:\/\/simhero.com\/de\/anwendungsfaelle\/haustier-tracker\/\">simHERO in HAUSTIER-TRACKERN<\/a><\/span><\/div><\/div>\t\t<\/div>\n\t\t\t\t<\/div>\n\t\t\t\t\t<\/div>\n\t\t<\/div>\n\t\t\t\t\t<\/div>\n\t\t<\/section>\n\t\t\t\t<section class=\"elementor-section elementor-inner-section elementor-element elementor-element-62acb2df elementor-section-boxed elementor-section-height-default elementor-section-height-default\" data-id=\"62acb2df\" data-element_type=\"section\">\n\t\t\t\t\t\t<div class=\"elementor-container elementor-column-gap-default\">\n\t\t\t\t\t<div class=\"elementor-column elementor-col-33 elementor-inner-column elementor-element elementor-element-59f33149\" data-id=\"59f33149\" data-element_type=\"column\">\n\t\t\t<div class=\"elementor-widget-wrap elementor-element-populated\">\n\t\t\t\t\t\t<div class=\"elementor-element elementor-element-5a410f6a elementor-position-top elementor-widget elementor-widget-image-box\" data-id=\"5a410f6a\" data-element_type=\"widget\" data-widget_type=\"image-box.default\">\n\t\t\t\t<div class=\"elementor-widget-container\">\n\t\t\t<div class=\"elementor-image-box-wrapper\"><figure class=\"elementor-image-box-img\"><a href=\"https:\/\/simhero.com\/de\/anwendungsfaelle\/fahrzeug-tracker\/\" tabindex=\"-1\"><img loading=\"lazy\" decoding=\"async\" width=\"640\" height=\"426\" src=\"https:\/\/simhero.com\/wp-content\/uploads\/2020\/06\/vehicle.jpg\" class=\"attachment-full size-full wp-image-1326\" alt=\"\" srcset=\"https:\/\/simhero.com\/wp-content\/uploads\/2020\/06\/vehicle.jpg 640w, https:\/\/simhero.com\/wp-content\/uploads\/2020\/06\/vehicle-300x200.jpg 300w\" sizes=\"(max-width: 640px) 100vw, 640px\" \/><\/a><\/figure><div class=\"elementor-image-box-content\"><span class=\"elementor-image-box-title\"><a href=\"https:\/\/simhero.com\/de\/anwendungsfaelle\/fahrzeug-tracker\/\">simHERO in FAHRZEUG-TRACKERN<\/a><\/span><\/div><\/div>\t\t<\/div>\n\t\t\t\t<\/div>\n\t\t\t\t\t<\/div>\n\t\t<\/div>\n\t\t\t\t<div class=\"elementor-column elementor-col-33 elementor-inner-column elementor-element elementor-element-68550e5c\" data-id=\"68550e5c\" data-element_type=\"column\">\n\t\t\t<div class=\"elementor-widget-wrap elementor-element-populated\">\n\t\t\t\t\t\t<div class=\"elementor-element elementor-element-26bf3a6a elementor-position-top elementor-widget elementor-widget-image-box\" data-id=\"26bf3a6a\" data-element_type=\"widget\" data-widget_type=\"image-box.default\">\n\t\t\t\t<div class=\"elementor-widget-container\">\n\t\t\t<div class=\"elementor-image-box-wrapper\"><figure class=\"elementor-image-box-img\"><a href=\"https:\/\/simhero.com\/de\/anwendungsfaelle\/kinderuhren\/\" tabindex=\"-1\"><img loading=\"lazy\" decoding=\"async\" width=\"640\" height=\"426\" src=\"https:\/\/simhero.com\/wp-content\/uploads\/2020\/06\/kidwatches.jpg\" class=\"attachment-full size-full wp-image-1311\" alt=\"\" srcset=\"https:\/\/simhero.com\/wp-content\/uploads\/2020\/06\/kidwatches.jpg 640w, https:\/\/simhero.com\/wp-content\/uploads\/2020\/06\/kidwatches-300x200.jpg 300w\" sizes=\"(max-width: 640px) 100vw, 640px\" \/><\/a><\/figure><div class=\"elementor-image-box-content\"><span class=\"elementor-image-box-title\"><a href=\"https:\/\/simhero.com\/de\/anwendungsfaelle\/kinderuhren\/\">simHERO in KINDERUHREN<\/a><\/span><\/div><\/div>\t\t<\/div>\n\t\t\t\t<\/div>\n\t\t\t\t\t<\/div>\n\t\t<\/div>\n\t\t\t\t<div class=\"elementor-column elementor-col-33 elementor-inner-column elementor-element elementor-element-315033cc\" data-id=\"315033cc\" data-element_type=\"column\">\n\t\t\t<div class=\"elementor-widget-wrap\">\n\t\t\t\t\t\t\t<\/div>\n\t\t<\/div>\n\t\t\t\t\t<\/div>\n\t\t<\/section>\n\t\t\t\t\t<\/div>\n\t\t<\/div>\n\t\t\t\t\t<\/div>\n\t\t<\/section>\n\t\t\t\t<\/div>\n\t\t","protected":false},"excerpt":{"rendered":"<p>simHERO Anwendungsf\u00e4lle Wof\u00fcr eignet sich simHERO? Internet of Things (IoT, Internet der Dinge) wirkt sich erheblich auf die Unterhaltungselektronikbranche aus, wie wir sie heute erleben. Immer mehr vernetzte IoT-Ger\u00e4te kommen auf den Markt und Verbraucher rund um den Globus stellen sich die gleichen Fragen: Welche SIM ist die richtige f\u00fcr mich? Welcher Tarif ist der [&hellip;]<\/p>\n","protected":false},"author":2,"featured_media":1307,"parent":0,"menu_order":0,"comment_status":"closed","ping_status":"closed","template":"elementor_header_footer","meta":{"footnotes":""},"yoast_head":"<!-- This site is optimized with the Yoast SEO plugin v23.4 - https:\/\/yoast.com\/wordpress\/plugins\/seo\/ -->\n<title>Anwendungsf\u00e4lle - simHERO<\/title>\n<meta name=\"robots\" content=\"index, follow, max-snippet:-1, max-image-preview:large, max-video-preview:-1\" \/>\n<link rel=\"canonical\" href=\"https:\/\/simhero.com\/de\/anwendungsfaelle\/\" \/>\n<meta property=\"og:locale\" content=\"de_DE\" \/>\n<meta property=\"og:type\" content=\"article\" \/>\n<meta property=\"og:title\" content=\"Anwendungsf\u00e4lle - simHERO\" \/>\n<meta property=\"og:description\" content=\"simHERO Anwendungsf\u00e4lle Wof\u00fcr eignet sich simHERO? Internet of Things (IoT, Internet der Dinge) wirkt sich erheblich auf die Unterhaltungselektronikbranche aus, wie wir sie heute erleben. Immer mehr vernetzte IoT-Ger\u00e4te kommen auf den Markt und Verbraucher rund um den Globus stellen sich die gleichen Fragen: Welche SIM ist die richtige f\u00fcr mich? Welcher Tarif ist der [&hellip;]\" \/>\n<meta property=\"og:url\" content=\"https:\/\/simhero.com\/de\/anwendungsfaelle\/\" \/>\n<meta property=\"og:site_name\" content=\"simHERO\" \/>\n<meta property=\"article:publisher\" content=\"https:\/\/www.facebook.com\/freeewaysimhero\/\" \/>\n<meta property=\"article:modified_time\" content=\"2021-02-03T12:14:27+00:00\" \/>\n<meta property=\"og:image\" content=\"https:\/\/www.simhero.com\/wp-content\/uploads\/2020\/06\/arc-scaled.jpg\" \/>\n\t<meta property=\"og:image:width\" content=\"2560\" \/>\n\t<meta property=\"og:image:height\" content=\"1067\" \/>\n\t<meta property=\"og:image:type\" content=\"image\/jpeg\" \/>\n<meta name=\"twitter:card\" content=\"summary_large_image\" \/>\n<meta name=\"twitter:label1\" content=\"Gesch\u00e4tzte Lesezeit\" \/>\n\t<meta name=\"twitter:data1\" content=\"1\u00a0Minute\" \/>\n<script type=\"application\/ld+json\" class=\"yoast-schema-graph\">{\"@context\":\"https:\/\/schema.org\",\"@graph\":[{\"@type\":\"WebPage\",\"@id\":\"https:\/\/simhero.com\/de\/anwendungsfaelle\/\",\"url\":\"https:\/\/simhero.com\/de\/anwendungsfaelle\/\",\"name\":\"Anwendungsf\u00e4lle - simHERO\",\"isPartOf\":{\"@id\":\"https:\/\/simhero.com\/de\/#website\"},\"primaryImageOfPage\":{\"@id\":\"https:\/\/simhero.com\/de\/anwendungsfaelle\/#primaryimage\"},\"image\":{\"@id\":\"https:\/\/simhero.com\/de\/anwendungsfaelle\/#primaryimage\"},\"thumbnailUrl\":\"https:\/\/simhero.com\/wp-content\/uploads\/2020\/06\/arc-scaled.jpg\",\"datePublished\":\"2020-07-16T10:21:34+00:00\",\"dateModified\":\"2021-02-03T12:14:27+00:00\",\"breadcrumb\":{\"@id\":\"https:\/\/simhero.com\/de\/anwendungsfaelle\/#breadcrumb\"},\"inLanguage\":\"de\",\"potentialAction\":[{\"@type\":\"ReadAction\",\"target\":[\"https:\/\/simhero.com\/de\/anwendungsfaelle\/\"]}]},{\"@type\":\"ImageObject\",\"inLanguage\":\"de\",\"@id\":\"https:\/\/simhero.com\/de\/anwendungsfaelle\/#primaryimage\",\"url\":\"https:\/\/simhero.com\/wp-content\/uploads\/2020\/06\/arc-scaled.jpg\",\"contentUrl\":\"https:\/\/simhero.com\/wp-content\/uploads\/2020\/06\/arc-scaled.jpg\",\"width\":2560,\"height\":1067},{\"@type\":\"BreadcrumbList\",\"@id\":\"https:\/\/simhero.com\/de\/anwendungsfaelle\/#breadcrumb\",\"itemListElement\":[{\"@type\":\"ListItem\",\"position\":1,\"name\":\"Startseite\",\"item\":\"https:\/\/simhero.com\/de\/\"},{\"@type\":\"ListItem\",\"position\":2,\"name\":\"Anwendungsf\u00e4lle\"}]},{\"@type\":\"WebSite\",\"@id\":\"https:\/\/simhero.com\/de\/#website\",\"url\":\"https:\/\/simhero.com\/de\/\",\"name\":\"simHERO\",\"description\":\"\",\"potentialAction\":[{\"@type\":\"SearchAction\",\"target\":{\"@type\":\"EntryPoint\",\"urlTemplate\":\"https:\/\/simhero.com\/de\/?s={search_term_string}\"},\"query-input\":{\"@type\":\"PropertyValueSpecification\",\"valueRequired\":true,\"valueName\":\"search_term_string\"}}],\"inLanguage\":\"de\"}]}<\/script>\n<!-- \/ Yoast SEO plugin. -->","yoast_head_json":{"title":"Anwendungsf\u00e4lle - simHERO","robots":{"index":"index","follow":"follow","max-snippet":"max-snippet:-1","max-image-preview":"max-image-preview:large","max-video-preview":"max-video-preview:-1"},"canonical":"https:\/\/simhero.com\/de\/anwendungsfaelle\/","og_locale":"de_DE","og_type":"article","og_title":"Anwendungsf\u00e4lle - simHERO","og_description":"simHERO Anwendungsf\u00e4lle Wof\u00fcr eignet sich simHERO? Internet of Things (IoT, Internet der Dinge) wirkt sich erheblich auf die Unterhaltungselektronikbranche aus, wie wir sie heute erleben. Immer mehr vernetzte IoT-Ger\u00e4te kommen auf den Markt und Verbraucher rund um den Globus stellen sich die gleichen Fragen: Welche SIM ist die richtige f\u00fcr mich? Welcher Tarif ist der [&hellip;]","og_url":"https:\/\/simhero.com\/de\/anwendungsfaelle\/","og_site_name":"simHERO","article_publisher":"https:\/\/www.facebook.com\/freeewaysimhero\/","article_modified_time":"2021-02-03T12:14:27+00:00","og_image":[{"width":2560,"height":1067,"url":"https:\/\/www.simhero.com\/wp-content\/uploads\/2020\/06\/arc-scaled.jpg","type":"image\/jpeg"}],"twitter_card":"summary_large_image","twitter_misc":{"Gesch\u00e4tzte Lesezeit":"1\u00a0Minute"},"schema":{"@context":"https:\/\/schema.org","@graph":[{"@type":"WebPage","@id":"https:\/\/simhero.com\/de\/anwendungsfaelle\/","url":"https:\/\/simhero.com\/de\/anwendungsfaelle\/","name":"Anwendungsf\u00e4lle - simHERO","isPartOf":{"@id":"https:\/\/simhero.com\/de\/#website"},"primaryImageOfPage":{"@id":"https:\/\/simhero.com\/de\/anwendungsfaelle\/#primaryimage"},"image":{"@id":"https:\/\/simhero.com\/de\/anwendungsfaelle\/#primaryimage"},"thumbnailUrl":"https:\/\/simhero.com\/wp-content\/uploads\/2020\/06\/arc-scaled.jpg","datePublished":"2020-07-16T10:21:34+00:00","dateModified":"2021-02-03T12:14:27+00:00","breadcrumb":{"@id":"https:\/\/simhero.com\/de\/anwendungsfaelle\/#breadcrumb"},"inLanguage":"de","potentialAction":[{"@type":"ReadAction","target":["https:\/\/simhero.com\/de\/anwendungsfaelle\/"]}]},{"@type":"ImageObject","inLanguage":"de","@id":"https:\/\/simhero.com\/de\/anwendungsfaelle\/#primaryimage","url":"https:\/\/simhero.com\/wp-content\/uploads\/2020\/06\/arc-scaled.jpg","contentUrl":"https:\/\/simhero.com\/wp-content\/uploads\/2020\/06\/arc-scaled.jpg","width":2560,"height":1067},{"@type":"BreadcrumbList","@id":"https:\/\/simhero.com\/de\/anwendungsfaelle\/#breadcrumb","itemListElement":[{"@type":"ListItem","position":1,"name":"Startseite","item":"https:\/\/simhero.com\/de\/"},{"@type":"ListItem","position":2,"name":"Anwendungsf\u00e4lle"}]},{"@type":"WebSite","@id":"https:\/\/simhero.com\/de\/#website","url":"https:\/\/simhero.com\/de\/","name":"simHERO","description":"","potentialAction":[{"@type":"SearchAction","target":{"@type":"EntryPoint","urlTemplate":"https:\/\/simhero.com\/de\/?s={search_term_string}"},"query-input":{"@type":"PropertyValueSpecification","valueRequired":true,"valueName":"search_term_string"}}],"inLanguage":"de"}]}},"_links":{"self":[{"href":"https:\/\/simhero.com\/de\/wp-json\/wp\/v2\/pages\/2219"}],"collection":[{"href":"https:\/\/simhero.com\/de\/wp-json\/wp\/v2\/pages"}],"about":[{"href":"https:\/\/simhero.com\/de\/wp-json\/wp\/v2\/types\/page"}],"author":[{"embeddable":true,"href":"https:\/\/simhero.com\/de\/wp-json\/wp\/v2\/users\/2"}],"replies":[{"embeddable":true,"href":"https:\/\/simhero.com\/de\/wp-json\/wp\/v2\/comments?post=2219"}],"version-history":[{"count":6,"href":"https:\/\/simhero.com\/de\/wp-json\/wp\/v2\/pages\/2219\/revisions"}],"predecessor-version":[{"id":4964,"href":"https:\/\/simhero.com\/de\/wp-json\/wp\/v2\/pages\/2219\/revisions\/4964"}],"wp:featuredmedia":[{"embeddable":true,"href":"https:\/\/simhero.com\/de\/wp-json\/wp\/v2\/media\/1307"}],"wp:attachment":[{"href":"https:\/\/simhero.com\/de\/wp-json\/wp\/v2\/media?parent=2219"}],"curies":[{"name":"wp","href":"https:\/\/api.w.org\/{rel}","templated":true}]}}