{"id":3387,"date":"2020-11-25T10:16:23","date_gmt":"2020-11-25T09:16:23","guid":{"rendered":"http:\/\/3.65.206.27\/?page_id=3387"},"modified":"2021-01-13T10:39:11","modified_gmt":"2021-01-13T09:39:11","slug":"casi-di-utilizzo","status":"publish","type":"page","link":"http:\/\/simhero.com\/it\/business\/casi-di-utilizzo\/","title":{"rendered":"Casi di utilizzo"},"content":{"rendered":"\t\t<div data-elementor-type=\"wp-page\" data-elementor-id=\"3387\" class=\"elementor elementor-3387 elementor-21\" data-elementor-post-type=\"page\">\n\t\t\t\t\t\t<section class=\"elementor-section elementor-top-section elementor-element elementor-element-1b48e75f elementor-section-height-min-height elementor-section-boxed elementor-section-height-default elementor-section-items-middle\" data-id=\"1b48e75f\" data-element_type=\"section\" data-settings=\"{&quot;background_background&quot;:&quot;classic&quot;}\">\n\t\t\t\t\t\t\t<div class=\"elementor-background-overlay\"><\/div>\n\t\t\t\t\t\t\t<div class=\"elementor-container elementor-column-gap-default\">\n\t\t\t\t\t<div class=\"elementor-column elementor-col-100 elementor-top-column elementor-element elementor-element-7af01a70\" data-id=\"7af01a70\" data-element_type=\"column\">\n\t\t\t<div class=\"elementor-widget-wrap elementor-element-populated\">\n\t\t\t\t\t\t<div class=\"elementor-element elementor-element-3f44ed80 elementor-widget elementor-widget-heading\" data-id=\"3f44ed80\" data-element_type=\"widget\" data-widget_type=\"heading.default\">\n\t\t\t\t<div class=\"elementor-widget-container\">\n\t\t\t<h1 class=\"elementor-heading-title elementor-size-default\">Esempi di utilizzo di simHERO<\/h1>\t\t<\/div>\n\t\t\t\t<\/div>\n\t\t\t\t\t<\/div>\n\t\t<\/div>\n\t\t\t\t\t<\/div>\n\t\t<\/section>\n\t\t\t\t<section class=\"elementor-section elementor-top-section elementor-element elementor-element-50ce7b19 elementor-section-boxed elementor-section-height-default elementor-section-height-default\" data-id=\"50ce7b19\" data-element_type=\"section\">\n\t\t\t\t\t\t<div class=\"elementor-container elementor-column-gap-default\">\n\t\t\t\t\t<div class=\"elementor-column elementor-col-100 elementor-top-column elementor-element elementor-element-224880c3\" data-id=\"224880c3\" data-element_type=\"column\">\n\t\t\t<div class=\"elementor-widget-wrap elementor-element-populated\">\n\t\t\t\t\t\t<div class=\"elementor-element elementor-element-3aef7fca elementor-widget elementor-widget-heading\" data-id=\"3aef7fca\" data-element_type=\"widget\" data-widget_type=\"heading.default\">\n\t\t\t\t<div class=\"elementor-widget-container\">\n\t\t\t<h2 class=\"elementor-heading-title elementor-size-default\">A cosa serve\n<\/h2>\t\t<\/div>\n\t\t\t\t<\/div>\n\t\t\t\t<div class=\"elementor-element elementor-element-4d299409 elementor-widget elementor-widget-text-editor\" data-id=\"4d299409\" data-element_type=\"widget\" data-widget_type=\"text-editor.default\">\n\t\t\t\t<div class=\"elementor-widget-container\">\n\t\t\t\t\t\t\t<p>L&#8217;Internet of Things (IoT) ha avuto un impatto significativo sul settore dell&#8217;elettronica di consumo come lo percepiamo oggi. I consumatori di tutto il Globo si trovano di fronte a un\u2019enorme quantit\u00e0 di dispositivi IoT connessi che richiedono connettivit\u00e0 SIM fornita da un numero elevatissimo di operatori. Ma qual \u00e8 la SIM \u00e8 giusta per l&#8217;utente finale? Quale piano dati \u00e8 pi\u00f9 appropriato per il mio dispositivo e non mi fa sprecare soldi? E simHERO pu\u00f2 essere utilizzata per qualsiasi tipo di dispositivo?<\/p><p>Noi di simHERO ci impegniamo a fondo per creare piani dati e tariffari che siano giusti sia per i clienti business sia per gli utenti finali. Allo stesso modo, scandagliamo costantemente i mercati alla ricerca di nuovi dispositivi IoT e verifichiamo se simHERO \u00e8 il partner perfetto. Dove c&#8217;\u00e8 una volont\u00e0 c&#8217;\u00e8 un modo. E dove c&#8217;\u00e8 uno slot SIM c&#8217;\u00e8 simHERO. La nostra SIM globale IoT pu\u00f2 essere utilizzata in ogni dispositivo IoT che usa Dati e\/o SMS.<\/p><p>Investire denaro, tempo ed energia per creare una migliore comprensione del dispositivo IoT e del relativo comportamento dell&#8217;utente \u00e8 stato uno dei fattori essenziali del nostro successo fino ad oggi. Ci siamo resi conto che se comprendiamo i casi di utilizzo dei nostri clienti, saremo anche in grado di fornire una guida affidabile lungo questo viaggio nell\u2019IoT.<\/p><p>Ecco alcuni esempi:<\/p>\t\t\t\t\t\t<\/div>\n\t\t\t\t<\/div>\n\t\t\t\t<section class=\"elementor-section elementor-inner-section elementor-element elementor-element-76052501 elementor-section-boxed elementor-section-height-default elementor-section-height-default\" data-id=\"76052501\" data-element_type=\"section\">\n\t\t\t\t\t\t<div class=\"elementor-container elementor-column-gap-default\">\n\t\t\t\t\t<div class=\"elementor-column elementor-col-33 elementor-inner-column elementor-element elementor-element-2ec04ec9\" data-id=\"2ec04ec9\" data-element_type=\"column\">\n\t\t\t<div class=\"elementor-widget-wrap elementor-element-populated\">\n\t\t\t\t\t\t<div class=\"elementor-element elementor-element-268f78fb elementor-position-top elementor-widget elementor-widget-image-box\" data-id=\"268f78fb\" data-element_type=\"widget\" data-widget_type=\"image-box.default\">\n\t\t\t\t<div class=\"elementor-widget-container\">\n\t\t\t<div class=\"elementor-image-box-wrapper\"><figure class=\"elementor-image-box-img\"><a href=\"https:\/\/simhero.com\/it\/business\/casi-di-utilizzo\/trail-camera\/\" tabindex=\"-1\"><img fetchpriority=\"high\" decoding=\"async\" width=\"1000\" height=\"667\" src=\"http:\/\/simhero.com\/wp-content\/uploads\/2020\/07\/trail-camera-join-the-path.jpg\" class=\"attachment-full size-full wp-image-3394\" alt=\"\" srcset=\"http:\/\/simhero.com\/wp-content\/uploads\/2020\/07\/trail-camera-join-the-path.jpg 1000w, http:\/\/simhero.com\/wp-content\/uploads\/2020\/07\/trail-camera-join-the-path-300x200.jpg 300w, http:\/\/simhero.com\/wp-content\/uploads\/2020\/07\/trail-camera-join-the-path-768x512.jpg 768w\" sizes=\"(max-width: 1000px) 100vw, 1000px\" \/><\/a><\/figure><div class=\"elementor-image-box-content\"><span class=\"elementor-image-box-title\"><a href=\"https:\/\/simhero.com\/it\/business\/casi-di-utilizzo\/trail-camera\/\">simHERO per TRAIL CAMERA<\/a><\/span><\/div><\/div>\t\t<\/div>\n\t\t\t\t<\/div>\n\t\t\t\t\t<\/div>\n\t\t<\/div>\n\t\t\t\t<div class=\"elementor-column elementor-col-33 elementor-inner-column elementor-element elementor-element-498913bd\" data-id=\"498913bd\" data-element_type=\"column\">\n\t\t\t<div class=\"elementor-widget-wrap elementor-element-populated\">\n\t\t\t\t\t\t<div class=\"elementor-element elementor-element-69c6d586 elementor-position-top elementor-widget elementor-widget-image-box\" data-id=\"69c6d586\" data-element_type=\"widget\" data-widget_type=\"image-box.default\">\n\t\t\t\t<div class=\"elementor-widget-container\">\n\t\t\t<div class=\"elementor-image-box-wrapper\"><figure class=\"elementor-image-box-img\"><a href=\"https:\/\/simhero.com\/it\/business\/casi-di-utilizzo\/sistemi-di-sicurezza\/\" tabindex=\"-1\"><img decoding=\"async\" width=\"1000\" height=\"667\" src=\"http:\/\/simhero.com\/wp-content\/uploads\/2020\/07\/security-systems.jpg\" class=\"attachment-full size-full wp-image-3395\" alt=\"\" srcset=\"http:\/\/simhero.com\/wp-content\/uploads\/2020\/07\/security-systems.jpg 1000w, http:\/\/simhero.com\/wp-content\/uploads\/2020\/07\/security-systems-300x200.jpg 300w, http:\/\/simhero.com\/wp-content\/uploads\/2020\/07\/security-systems-768x512.jpg 768w\" sizes=\"(max-width: 1000px) 100vw, 1000px\" \/><\/a><\/figure><div class=\"elementor-image-box-content\"><span class=\"elementor-image-box-title\"><a href=\"https:\/\/simhero.com\/it\/business\/casi-di-utilizzo\/sistemi-di-sicurezza\/\">simHERO per SISTEMI DI SICUREZZA<\/a><\/span><\/div><\/div>\t\t<\/div>\n\t\t\t\t<\/div>\n\t\t\t\t\t<\/div>\n\t\t<\/div>\n\t\t\t\t<div class=\"elementor-column elementor-col-33 elementor-inner-column elementor-element elementor-element-1b827d02\" data-id=\"1b827d02\" data-element_type=\"column\">\n\t\t\t<div class=\"elementor-widget-wrap elementor-element-populated\">\n\t\t\t\t\t\t<div class=\"elementor-element elementor-element-2a2df163 elementor-position-top elementor-widget elementor-widget-image-box\" data-id=\"2a2df163\" data-element_type=\"widget\" data-widget_type=\"image-box.default\">\n\t\t\t\t<div class=\"elementor-widget-container\">\n\t\t\t<div class=\"elementor-image-box-wrapper\"><figure class=\"elementor-image-box-img\"><a href=\"https:\/\/simhero.com\/it\/business\/casi-di-utilizzo\/pet-tracker\/\" tabindex=\"-1\"><img decoding=\"async\" width=\"1000\" height=\"667\" src=\"http:\/\/simhero.com\/wp-content\/uploads\/2020\/07\/pet-tracker-cat.jpg\" class=\"attachment-full size-full wp-image-3396\" alt=\"\" srcset=\"http:\/\/simhero.com\/wp-content\/uploads\/2020\/07\/pet-tracker-cat.jpg 1000w, http:\/\/simhero.com\/wp-content\/uploads\/2020\/07\/pet-tracker-cat-300x200.jpg 300w, http:\/\/simhero.com\/wp-content\/uploads\/2020\/07\/pet-tracker-cat-768x512.jpg 768w\" sizes=\"(max-width: 1000px) 100vw, 1000px\" \/><\/a><\/figure><div class=\"elementor-image-box-content\"><span class=\"elementor-image-box-title\"><a href=\"https:\/\/simhero.com\/it\/business\/casi-di-utilizzo\/pet-tracker\/\">simHERO per PET TRACKER<\/a><\/span><\/div><\/div>\t\t<\/div>\n\t\t\t\t<\/div>\n\t\t\t\t\t<\/div>\n\t\t<\/div>\n\t\t\t\t\t<\/div>\n\t\t<\/section>\n\t\t\t\t<section class=\"elementor-section elementor-inner-section elementor-element elementor-element-14bbe5fb elementor-section-boxed elementor-section-height-default elementor-section-height-default\" data-id=\"14bbe5fb\" data-element_type=\"section\">\n\t\t\t\t\t\t<div class=\"elementor-container elementor-column-gap-default\">\n\t\t\t\t\t<div class=\"elementor-column elementor-col-33 elementor-inner-column elementor-element elementor-element-15cd3105\" data-id=\"15cd3105\" data-element_type=\"column\">\n\t\t\t<div class=\"elementor-widget-wrap elementor-element-populated\">\n\t\t\t\t\t\t<div class=\"elementor-element elementor-element-d0ed684 elementor-position-top elementor-widget elementor-widget-image-box\" data-id=\"d0ed684\" data-element_type=\"widget\" data-widget_type=\"image-box.default\">\n\t\t\t\t<div class=\"elementor-widget-container\">\n\t\t\t<div class=\"elementor-image-box-wrapper\"><figure class=\"elementor-image-box-img\"><a href=\"https:\/\/simhero.com\/it\/business\/casi-di-utilizzo\/tracker-di-veicoli\/\" tabindex=\"-1\"><img loading=\"lazy\" decoding=\"async\" width=\"640\" height=\"426\" src=\"http:\/\/simhero.com\/wp-content\/uploads\/2020\/06\/vehicle.jpg\" class=\"attachment-full size-full wp-image-3393\" alt=\"\" srcset=\"http:\/\/simhero.com\/wp-content\/uploads\/2020\/06\/vehicle.jpg 640w, http:\/\/simhero.com\/wp-content\/uploads\/2020\/06\/vehicle-300x200.jpg 300w\" sizes=\"(max-width: 640px) 100vw, 640px\" \/><\/a><\/figure><div class=\"elementor-image-box-content\"><span class=\"elementor-image-box-title\"><a href=\"https:\/\/simhero.com\/it\/business\/casi-di-utilizzo\/tracker-di-veicoli\/\">simHERO per TRACKER DI VEICOLI<\/a><\/span><\/div><\/div>\t\t<\/div>\n\t\t\t\t<\/div>\n\t\t\t\t\t<\/div>\n\t\t<\/div>\n\t\t\t\t<div class=\"elementor-column elementor-col-33 elementor-inner-column elementor-element elementor-element-64ba34be\" data-id=\"64ba34be\" data-element_type=\"column\">\n\t\t\t<div class=\"elementor-widget-wrap elementor-element-populated\">\n\t\t\t\t\t\t<div class=\"elementor-element elementor-element-6b3f674b elementor-position-top elementor-widget elementor-widget-image-box\" data-id=\"6b3f674b\" data-element_type=\"widget\" data-widget_type=\"image-box.default\">\n\t\t\t\t<div class=\"elementor-widget-container\">\n\t\t\t<div class=\"elementor-image-box-wrapper\"><figure class=\"elementor-image-box-img\"><a href=\"https:\/\/simhero.com\/it\/business\/casi-di-utilizzo\/orologi-per-bambini\/\" tabindex=\"-1\"><img loading=\"lazy\" decoding=\"async\" width=\"640\" height=\"426\" src=\"http:\/\/simhero.com\/wp-content\/uploads\/2020\/06\/kidwatches.jpg\" class=\"attachment-full size-full wp-image-3061\" alt=\"\" srcset=\"http:\/\/simhero.com\/wp-content\/uploads\/2020\/06\/kidwatches.jpg 640w, http:\/\/simhero.com\/wp-content\/uploads\/2020\/06\/kidwatches-300x200.jpg 300w\" sizes=\"(max-width: 640px) 100vw, 640px\" \/><\/a><\/figure><div class=\"elementor-image-box-content\"><span class=\"elementor-image-box-title\"><a href=\"https:\/\/simhero.com\/it\/business\/casi-di-utilizzo\/orologi-per-bambini\/\">simHERO per OROLOGI PER BAMBINI<\/a><\/span><\/div><\/div>\t\t<\/div>\n\t\t\t\t<\/div>\n\t\t\t\t\t<\/div>\n\t\t<\/div>\n\t\t\t\t<div class=\"elementor-column elementor-col-33 elementor-inner-column elementor-element elementor-element-641d1800\" data-id=\"641d1800\" data-element_type=\"column\">\n\t\t\t<div class=\"elementor-widget-wrap\">\n\t\t\t\t\t\t\t<\/div>\n\t\t<\/div>\n\t\t\t\t\t<\/div>\n\t\t<\/section>\n\t\t\t\t\t<\/div>\n\t\t<\/div>\n\t\t\t\t\t<\/div>\n\t\t<\/section>\n\t\t\t\t<\/div>\n\t\t","protected":false},"excerpt":{"rendered":"<p>Esempi di utilizzo di simHERO A cosa serve L&#8217;Internet of Things (IoT) ha avuto un impatto significativo sul settore dell&#8217;elettronica di consumo come lo percepiamo oggi. I consumatori di tutto il Globo si trovano di fronte a un\u2019enorme quantit\u00e0 di dispositivi IoT connessi che richiedono connettivit\u00e0 SIM fornita da un numero elevatissimo di operatori. Ma [&hellip;]<\/p>\n","protected":false},"author":2,"featured_media":0,"parent":3104,"menu_order":0,"comment_status":"closed","ping_status":"closed","template":"elementor_header_footer","meta":{"footnotes":""},"yoast_head":"<!-- This site is optimized with the Yoast SEO plugin v23.4 - https:\/\/yoast.com\/wordpress\/plugins\/seo\/ -->\n<title>Casi di utilizzo - simHERO<\/title>\n<meta name=\"robots\" content=\"index, follow, max-snippet:-1, max-image-preview:large, max-video-preview:-1\" \/>\n<link rel=\"canonical\" href=\"http:\/\/simhero.com\/it\/business\/casi-di-utilizzo\/\" \/>\n<meta property=\"og:locale\" content=\"it_IT\" \/>\n<meta property=\"og:type\" content=\"article\" \/>\n<meta property=\"og:title\" content=\"Casi di utilizzo - simHERO\" \/>\n<meta property=\"og:description\" content=\"Esempi di utilizzo di simHERO A cosa serve L&#8217;Internet of Things (IoT) ha avuto un impatto significativo sul settore dell&#8217;elettronica di consumo come lo percepiamo oggi. I consumatori di tutto il Globo si trovano di fronte a un\u2019enorme quantit\u00e0 di dispositivi IoT connessi che richiedono connettivit\u00e0 SIM fornita da un numero elevatissimo di operatori. Ma [&hellip;]\" \/>\n<meta property=\"og:url\" content=\"http:\/\/simhero.com\/it\/business\/casi-di-utilizzo\/\" \/>\n<meta property=\"og:site_name\" content=\"simHERO\" \/>\n<meta property=\"article:publisher\" content=\"https:\/\/www.facebook.com\/freeewaysimhero\/\" \/>\n<meta property=\"article:modified_time\" content=\"2021-01-13T09:39:11+00:00\" \/>\n<meta property=\"og:image\" content=\"http:\/\/3.65.206.27\/wp-content\/uploads\/2020\/07\/trail-camera-join-the-path.jpg\" \/>\n<meta name=\"twitter:card\" content=\"summary_large_image\" \/>\n<meta name=\"twitter:label1\" content=\"Tempo di lettura stimato\" \/>\n\t<meta name=\"twitter:data1\" content=\"1 minuto\" \/>\n<script type=\"application\/ld+json\" class=\"yoast-schema-graph\">{\"@context\":\"https:\/\/schema.org\",\"@graph\":[{\"@type\":\"WebPage\",\"@id\":\"http:\/\/simhero.com\/it\/business\/casi-di-utilizzo\/\",\"url\":\"http:\/\/simhero.com\/it\/business\/casi-di-utilizzo\/\",\"name\":\"Casi di utilizzo - simHERO\",\"isPartOf\":{\"@id\":\"https:\/\/simhero.com\/it\/#website\"},\"primaryImageOfPage\":{\"@id\":\"http:\/\/simhero.com\/it\/business\/casi-di-utilizzo\/#primaryimage\"},\"image\":{\"@id\":\"http:\/\/simhero.com\/it\/business\/casi-di-utilizzo\/#primaryimage\"},\"thumbnailUrl\":\"http:\/\/3.65.206.27\/wp-content\/uploads\/2020\/07\/trail-camera-join-the-path.jpg\",\"datePublished\":\"2020-11-25T09:16:23+00:00\",\"dateModified\":\"2021-01-13T09:39:11+00:00\",\"breadcrumb\":{\"@id\":\"http:\/\/simhero.com\/it\/business\/casi-di-utilizzo\/#breadcrumb\"},\"inLanguage\":\"it-IT\",\"potentialAction\":[{\"@type\":\"ReadAction\",\"target\":[\"http:\/\/simhero.com\/it\/business\/casi-di-utilizzo\/\"]}]},{\"@type\":\"ImageObject\",\"inLanguage\":\"it-IT\",\"@id\":\"http:\/\/simhero.com\/it\/business\/casi-di-utilizzo\/#primaryimage\",\"url\":\"http:\/\/3.65.206.27\/wp-content\/uploads\/2020\/07\/trail-camera-join-the-path.jpg\",\"contentUrl\":\"http:\/\/3.65.206.27\/wp-content\/uploads\/2020\/07\/trail-camera-join-the-path.jpg\"},{\"@type\":\"BreadcrumbList\",\"@id\":\"http:\/\/simhero.com\/it\/business\/casi-di-utilizzo\/#breadcrumb\",\"itemListElement\":[{\"@type\":\"ListItem\",\"position\":1,\"name\":\"Home\",\"item\":\"http:\/\/simhero.com\/it\/\"},{\"@type\":\"ListItem\",\"position\":2,\"name\":\"Business\",\"item\":\"http:\/\/simhero.com\/it\/business\/\"},{\"@type\":\"ListItem\",\"position\":3,\"name\":\"Casi di utilizzo\"}]},{\"@type\":\"WebSite\",\"@id\":\"https:\/\/simhero.com\/it\/#website\",\"url\":\"https:\/\/simhero.com\/it\/\",\"name\":\"simHERO\",\"description\":\"\",\"potentialAction\":[{\"@type\":\"SearchAction\",\"target\":{\"@type\":\"EntryPoint\",\"urlTemplate\":\"https:\/\/simhero.com\/it\/?s={search_term_string}\"},\"query-input\":{\"@type\":\"PropertyValueSpecification\",\"valueRequired\":true,\"valueName\":\"search_term_string\"}}],\"inLanguage\":\"it-IT\"}]}<\/script>\n<!-- \/ Yoast SEO plugin. -->","yoast_head_json":{"title":"Casi di utilizzo - simHERO","robots":{"index":"index","follow":"follow","max-snippet":"max-snippet:-1","max-image-preview":"max-image-preview:large","max-video-preview":"max-video-preview:-1"},"canonical":"http:\/\/simhero.com\/it\/business\/casi-di-utilizzo\/","og_locale":"it_IT","og_type":"article","og_title":"Casi di utilizzo - simHERO","og_description":"Esempi di utilizzo di simHERO A cosa serve L&#8217;Internet of Things (IoT) ha avuto un impatto significativo sul settore dell&#8217;elettronica di consumo come lo percepiamo oggi. I consumatori di tutto il Globo si trovano di fronte a un\u2019enorme quantit\u00e0 di dispositivi IoT connessi che richiedono connettivit\u00e0 SIM fornita da un numero elevatissimo di operatori. Ma [&hellip;]","og_url":"http:\/\/simhero.com\/it\/business\/casi-di-utilizzo\/","og_site_name":"simHERO","article_publisher":"https:\/\/www.facebook.com\/freeewaysimhero\/","article_modified_time":"2021-01-13T09:39:11+00:00","og_image":[{"url":"http:\/\/3.65.206.27\/wp-content\/uploads\/2020\/07\/trail-camera-join-the-path.jpg"}],"twitter_card":"summary_large_image","twitter_misc":{"Tempo di lettura stimato":"1 minuto"},"schema":{"@context":"https:\/\/schema.org","@graph":[{"@type":"WebPage","@id":"http:\/\/simhero.com\/it\/business\/casi-di-utilizzo\/","url":"http:\/\/simhero.com\/it\/business\/casi-di-utilizzo\/","name":"Casi di utilizzo - simHERO","isPartOf":{"@id":"https:\/\/simhero.com\/it\/#website"},"primaryImageOfPage":{"@id":"http:\/\/simhero.com\/it\/business\/casi-di-utilizzo\/#primaryimage"},"image":{"@id":"http:\/\/simhero.com\/it\/business\/casi-di-utilizzo\/#primaryimage"},"thumbnailUrl":"http:\/\/3.65.206.27\/wp-content\/uploads\/2020\/07\/trail-camera-join-the-path.jpg","datePublished":"2020-11-25T09:16:23+00:00","dateModified":"2021-01-13T09:39:11+00:00","breadcrumb":{"@id":"http:\/\/simhero.com\/it\/business\/casi-di-utilizzo\/#breadcrumb"},"inLanguage":"it-IT","potentialAction":[{"@type":"ReadAction","target":["http:\/\/simhero.com\/it\/business\/casi-di-utilizzo\/"]}]},{"@type":"ImageObject","inLanguage":"it-IT","@id":"http:\/\/simhero.com\/it\/business\/casi-di-utilizzo\/#primaryimage","url":"http:\/\/3.65.206.27\/wp-content\/uploads\/2020\/07\/trail-camera-join-the-path.jpg","contentUrl":"http:\/\/3.65.206.27\/wp-content\/uploads\/2020\/07\/trail-camera-join-the-path.jpg"},{"@type":"BreadcrumbList","@id":"http:\/\/simhero.com\/it\/business\/casi-di-utilizzo\/#breadcrumb","itemListElement":[{"@type":"ListItem","position":1,"name":"Home","item":"http:\/\/simhero.com\/it\/"},{"@type":"ListItem","position":2,"name":"Business","item":"http:\/\/simhero.com\/it\/business\/"},{"@type":"ListItem","position":3,"name":"Casi di utilizzo"}]},{"@type":"WebSite","@id":"https:\/\/simhero.com\/it\/#website","url":"https:\/\/simhero.com\/it\/","name":"simHERO","description":"","potentialAction":[{"@type":"SearchAction","target":{"@type":"EntryPoint","urlTemplate":"https:\/\/simhero.com\/it\/?s={search_term_string}"},"query-input":{"@type":"PropertyValueSpecification","valueRequired":true,"valueName":"search_term_string"}}],"inLanguage":"it-IT"}]}},"_links":{"self":[{"href":"http:\/\/simhero.com\/it\/wp-json\/wp\/v2\/pages\/3387"}],"collection":[{"href":"http:\/\/simhero.com\/it\/wp-json\/wp\/v2\/pages"}],"about":[{"href":"http:\/\/simhero.com\/it\/wp-json\/wp\/v2\/types\/page"}],"author":[{"embeddable":true,"href":"http:\/\/simhero.com\/it\/wp-json\/wp\/v2\/users\/2"}],"replies":[{"embeddable":true,"href":"http:\/\/simhero.com\/it\/wp-json\/wp\/v2\/comments?post=3387"}],"version-history":[{"count":10,"href":"http:\/\/simhero.com\/it\/wp-json\/wp\/v2\/pages\/3387\/revisions"}],"predecessor-version":[{"id":4910,"href":"http:\/\/simhero.com\/it\/wp-json\/wp\/v2\/pages\/3387\/revisions\/4910"}],"up":[{"embeddable":true,"href":"http:\/\/simhero.com\/it\/wp-json\/wp\/v2\/pages\/3104"}],"wp:attachment":[{"href":"http:\/\/simhero.com\/it\/wp-json\/wp\/v2\/media?parent=3387"}],"curies":[{"name":"wp","href":"https:\/\/api.w.org\/{rel}","templated":true}]}}