{"id":3051,"date":"2020-11-24T11:09:25","date_gmt":"2020-11-24T10:09:25","guid":{"rendered":"http:\/\/3.65.206.27\/?page_id=3051"},"modified":"2021-01-13T10:20:25","modified_gmt":"2021-01-13T09:20:25","slug":"tracker-di-veicoli","status":"publish","type":"page","link":"http:\/\/simhero.com\/it\/casi-di-utilizzo-di-simhero\/tracker-di-veicoli\/","title":{"rendered":"Tracker di veicoli"},"content":{"rendered":"\t\t<div data-elementor-type=\"wp-page\" data-elementor-id=\"3051\" class=\"elementor elementor-3051 elementor-1556\" data-elementor-post-type=\"page\">\n\t\t\t\t\t\t<section class=\"elementor-section elementor-top-section elementor-element elementor-element-564ee753 elementor-section-height-min-height elementor-section-boxed elementor-section-height-default elementor-section-items-middle\" data-id=\"564ee753\" data-element_type=\"section\" data-settings=\"{&quot;background_background&quot;:&quot;classic&quot;}\">\n\t\t\t\t\t\t\t<div class=\"elementor-background-overlay\"><\/div>\n\t\t\t\t\t\t\t<div class=\"elementor-container elementor-column-gap-default\">\n\t\t\t\t\t<div class=\"elementor-column elementor-col-100 elementor-top-column elementor-element elementor-element-665df3b2\" data-id=\"665df3b2\" data-element_type=\"column\">\n\t\t\t<div class=\"elementor-widget-wrap elementor-element-populated\">\n\t\t\t\t\t\t<div class=\"elementor-element elementor-element-38024402 elementor-widget elementor-widget-heading\" data-id=\"38024402\" data-element_type=\"widget\" data-widget_type=\"heading.default\">\n\t\t\t\t<div class=\"elementor-widget-container\">\n\t\t\t<h1 class=\"elementor-heading-title elementor-size-default\">TRACKER DI VEICOLI simHERO\n<\/h1>\t\t<\/div>\n\t\t\t\t<\/div>\n\t\t\t\t\t<\/div>\n\t\t<\/div>\n\t\t\t\t\t<\/div>\n\t\t<\/section>\n\t\t\t\t<section class=\"elementor-section elementor-top-section elementor-element elementor-element-69f0883a elementor-section-boxed elementor-section-height-default elementor-section-height-default\" data-id=\"69f0883a\" data-element_type=\"section\">\n\t\t\t\t\t\t<div class=\"elementor-container elementor-column-gap-default\">\n\t\t\t\t\t<div class=\"elementor-column elementor-col-100 elementor-top-column elementor-element elementor-element-28e2e5cc\" data-id=\"28e2e5cc\" data-element_type=\"column\">\n\t\t\t<div class=\"elementor-widget-wrap elementor-element-populated\">\n\t\t\t\t\t\t<div class=\"elementor-element elementor-element-6c937527 elementor-widget elementor-widget-heading\" data-id=\"6c937527\" data-element_type=\"widget\" data-widget_type=\"heading.default\">\n\t\t\t\t<div class=\"elementor-widget-container\">\n\t\t\t<h2 class=\"elementor-heading-title elementor-size-default\">SIM card IoT simHERO per tracker di veicoli<\/h2>\t\t<\/div>\n\t\t\t\t<\/div>\n\t\t\t\t<div class=\"elementor-element elementor-element-2758e7a6 elementor-widget elementor-widget-text-editor\" data-id=\"2758e7a6\" data-element_type=\"widget\" data-widget_type=\"text-editor.default\">\n\t\t\t\t<div class=\"elementor-widget-container\">\n\t\t\t\t\t\t\t<p><span lang=\"it-IT\">Oggigiorno le persone tendono a sviluppare un forte legame emotivo con i loro veicoli. Pu\u00f2 trattarsi dell&#8217;amore nei confronti di un&#8217;auto appena comprata, di una nuova e-bike, o di uno scooter per il quale si sono spesi i propri risparmi. Ecco perch\u00e9 simHERO assicura che questo legame sia duraturo e che il tuo veicolo sia sempre protetto.<\/span><\/p>\t\t\t\t\t\t<\/div>\n\t\t\t\t<\/div>\n\t\t\t\t\t<\/div>\n\t\t<\/div>\n\t\t\t\t\t<\/div>\n\t\t<\/section>\n\t\t\t\t<section class=\"elementor-section elementor-top-section elementor-element elementor-element-6e037d86 elementor-section-content-middle elementor-section-boxed elementor-section-height-default elementor-section-height-default\" data-id=\"6e037d86\" data-element_type=\"section\">\n\t\t\t\t\t\t<div class=\"elementor-container elementor-column-gap-wider\">\n\t\t\t\t\t<div class=\"elementor-column elementor-col-50 elementor-top-column elementor-element elementor-element-32294770\" data-id=\"32294770\" data-element_type=\"column\">\n\t\t\t<div class=\"elementor-widget-wrap elementor-element-populated\">\n\t\t\t\t\t\t<div class=\"elementor-element elementor-element-5a63b304 elementor-widget elementor-widget-image\" data-id=\"5a63b304\" data-element_type=\"widget\" data-widget_type=\"image.default\">\n\t\t\t\t<div class=\"elementor-widget-container\">\n\t\t\t\t\t\t\t\t\t\t\t\t\t<img fetchpriority=\"high\" decoding=\"async\" width=\"800\" height=\"534\" src=\"http:\/\/simhero.com\/wp-content\/uploads\/2020\/07\/no-limits.jpg\" class=\"attachment-large size-large wp-image-3426\" alt=\"\" srcset=\"http:\/\/simhero.com\/wp-content\/uploads\/2020\/07\/no-limits.jpg 1000w, http:\/\/simhero.com\/wp-content\/uploads\/2020\/07\/no-limits-300x200.jpg 300w, http:\/\/simhero.com\/wp-content\/uploads\/2020\/07\/no-limits-768x512.jpg 768w\" sizes=\"(max-width: 800px) 100vw, 800px\" \/>\t\t\t\t\t\t\t\t\t\t\t\t\t<\/div>\n\t\t\t\t<\/div>\n\t\t\t\t\t<\/div>\n\t\t<\/div>\n\t\t\t\t<div class=\"elementor-column elementor-col-50 elementor-top-column elementor-element elementor-element-f875897\" data-id=\"f875897\" data-element_type=\"column\">\n\t\t\t<div class=\"elementor-widget-wrap elementor-element-populated\">\n\t\t\t\t\t\t<div class=\"elementor-element elementor-element-3a23f955 elementor-widget elementor-widget-heading\" data-id=\"3a23f955\" data-element_type=\"widget\" data-widget_type=\"heading.default\">\n\t\t\t\t<div class=\"elementor-widget-container\">\n\t\t\t<h3 class=\"elementor-heading-title elementor-size-default\">Connettivit\u00e0 disponibile a livello globale\n\n\n\n<\/h3>\t\t<\/div>\n\t\t\t\t<\/div>\n\t\t\t\t<div class=\"elementor-element elementor-element-d6111f7 elementor-widget elementor-widget-heading\" data-id=\"d6111f7\" data-element_type=\"widget\" data-widget_type=\"heading.default\">\n\t\t\t\t<div class=\"elementor-widget-container\">\n\t\t\t<h2 class=\"elementor-heading-title elementor-size-default\">Senza limiti nazionali\n<\/h2>\t\t<\/div>\n\t\t\t\t<\/div>\n\t\t\t\t<div class=\"elementor-element elementor-element-6bbf958 elementor-widget elementor-widget-text-editor\" data-id=\"6bbf958\" data-element_type=\"widget\" data-widget_type=\"text-editor.default\">\n\t\t\t\t<div class=\"elementor-widget-container\">\n\t\t\t\t\t\t\t<p><span lang=\"it-IT\">Di male in peggio \u2013 scoprire che il proprio veicolo \u00e8 stato rubato \u00e8 sconcertante. Localizzare la posizione corrente del veicolo \u00e8 uno degli elementi essenziali per le indagini. Quanto sarebbe frustrante se il tracciamento non fosse possibile perch\u00e9 il veicolo \u00e8 uscito dai confini nazionali? Con la connettivit\u00e0 di simHERO disponibile a livello globale possiamo seguire le tracce del tuo oggetto del cuore a prescindere da qualsiasi frontiera.<\/span><\/p>\t\t\t\t\t\t<\/div>\n\t\t\t\t<\/div>\n\t\t\t\t\t<\/div>\n\t\t<\/div>\n\t\t\t\t\t<\/div>\n\t\t<\/section>\n\t\t\t\t<section class=\"elementor-section elementor-top-section elementor-element elementor-element-3c930c28 elementor-section-content-middle elementor-reverse-mobile elementor-section-boxed elementor-section-height-default elementor-section-height-default\" data-id=\"3c930c28\" data-element_type=\"section\">\n\t\t\t\t\t\t<div class=\"elementor-container elementor-column-gap-wider\">\n\t\t\t\t\t<div class=\"elementor-column elementor-col-50 elementor-top-column elementor-element elementor-element-25c6dc43\" data-id=\"25c6dc43\" data-element_type=\"column\">\n\t\t\t<div class=\"elementor-widget-wrap elementor-element-populated\">\n\t\t\t\t\t\t<div class=\"elementor-element elementor-element-531eb48d elementor-widget elementor-widget-heading\" data-id=\"531eb48d\" data-element_type=\"widget\" data-widget_type=\"heading.default\">\n\t\t\t\t<div class=\"elementor-widget-container\">\n\t\t\t<h3 class=\"elementor-heading-title elementor-size-default\">Reti multiple\n\n\n<\/h3>\t\t<\/div>\n\t\t\t\t<\/div>\n\t\t\t\t<div class=\"elementor-element elementor-element-2c8da77e elementor-widget elementor-widget-heading\" data-id=\"2c8da77e\" data-element_type=\"widget\" data-widget_type=\"heading.default\">\n\t\t\t\t<div class=\"elementor-widget-container\">\n\t\t\t<h2 class=\"elementor-heading-title elementor-size-default\">Impossibile nascondersi<\/h2>\t\t<\/div>\n\t\t\t\t<\/div>\n\t\t\t\t<div class=\"elementor-element elementor-element-4b5e3e0b elementor-widget elementor-widget-text-editor\" data-id=\"4b5e3e0b\" data-element_type=\"widget\" data-widget_type=\"text-editor.default\">\n\t\t\t\t<div class=\"elementor-widget-container\">\n\t\t\t\t\t\t\t<p><span lang=\"it-IT\">Comprendiamo la necessit\u00e0 di tracciare la posizione e i movimenti del tuo veicolo. Per il tracciamento in tempo reale, \u00e8 indispensabile un servizio di connettivit\u00e0 con soluzione di continuit\u00e0. Con simHERO, aumentiamo le possibilit\u00e0 fornendo l\u2019accesso alla nostra multirete. Poco importa se il tuo veicolo si trova in un\u2019area dove il segnale di una rete \u00e8 debole, perch\u00e9 noi non ci affidiamo a reti multiple per mantenere connesso il tuo tracker.<\/span><\/p>\t\t\t\t\t\t<\/div>\n\t\t\t\t<\/div>\n\t\t\t\t\t<\/div>\n\t\t<\/div>\n\t\t\t\t<div class=\"elementor-column elementor-col-50 elementor-top-column elementor-element elementor-element-ba4a355\" data-id=\"ba4a355\" data-element_type=\"column\">\n\t\t\t<div class=\"elementor-widget-wrap elementor-element-populated\">\n\t\t\t\t\t\t<div class=\"elementor-element elementor-element-2c901794 elementor-widget elementor-widget-image\" data-id=\"2c901794\" data-element_type=\"widget\" data-widget_type=\"image.default\">\n\t\t\t\t<div class=\"elementor-widget-container\">\n\t\t\t\t\t\t\t\t\t\t\t\t\t<img decoding=\"async\" width=\"640\" height=\"425\" src=\"http:\/\/simhero.com\/wp-content\/uploads\/2020\/06\/hide.jpg\" class=\"attachment-large size-large wp-image-3425\" alt=\"\" srcset=\"http:\/\/simhero.com\/wp-content\/uploads\/2020\/06\/hide.jpg 640w, http:\/\/simhero.com\/wp-content\/uploads\/2020\/06\/hide-300x199.jpg 300w\" sizes=\"(max-width: 640px) 100vw, 640px\" \/>\t\t\t\t\t\t\t\t\t\t\t\t\t<\/div>\n\t\t\t\t<\/div>\n\t\t\t\t\t<\/div>\n\t\t<\/div>\n\t\t\t\t\t<\/div>\n\t\t<\/section>\n\t\t\t\t<section class=\"elementor-section elementor-top-section elementor-element elementor-element-21015d62 elementor-section-content-middle elementor-section-boxed elementor-section-height-default elementor-section-height-default\" data-id=\"21015d62\" data-element_type=\"section\">\n\t\t\t\t\t\t<div class=\"elementor-container elementor-column-gap-wider\">\n\t\t\t\t\t<div class=\"elementor-column elementor-col-50 elementor-top-column elementor-element elementor-element-56445ff1\" data-id=\"56445ff1\" data-element_type=\"column\">\n\t\t\t<div class=\"elementor-widget-wrap elementor-element-populated\">\n\t\t\t\t\t\t<div class=\"elementor-element elementor-element-57120a30 elementor-widget elementor-widget-image\" data-id=\"57120a30\" data-element_type=\"widget\" data-widget_type=\"image.default\">\n\t\t\t\t<div class=\"elementor-widget-container\">\n\t\t\t\t\t\t\t\t\t\t\t\t\t<img decoding=\"async\" width=\"800\" height=\"534\" src=\"http:\/\/simhero.com\/wp-content\/uploads\/2020\/07\/vehicle-new-technologies-iStock-174746783.jpg\" class=\"attachment-large size-large wp-image-3397\" alt=\"\" srcset=\"http:\/\/simhero.com\/wp-content\/uploads\/2020\/07\/vehicle-new-technologies-iStock-174746783.jpg 1000w, http:\/\/simhero.com\/wp-content\/uploads\/2020\/07\/vehicle-new-technologies-iStock-174746783-300x200.jpg 300w, http:\/\/simhero.com\/wp-content\/uploads\/2020\/07\/vehicle-new-technologies-iStock-174746783-768x512.jpg 768w\" sizes=\"(max-width: 800px) 100vw, 800px\" \/>\t\t\t\t\t\t\t\t\t\t\t\t\t<\/div>\n\t\t\t\t<\/div>\n\t\t\t\t\t<\/div>\n\t\t<\/div>\n\t\t\t\t<div class=\"elementor-column elementor-col-50 elementor-top-column elementor-element elementor-element-307c8120\" data-id=\"307c8120\" data-element_type=\"column\">\n\t\t\t<div class=\"elementor-widget-wrap elementor-element-populated\">\n\t\t\t\t\t\t<div class=\"elementor-element elementor-element-4527a280 elementor-widget elementor-widget-heading\" data-id=\"4527a280\" data-element_type=\"widget\" data-widget_type=\"heading.default\">\n\t\t\t\t<div class=\"elementor-widget-container\">\n\t\t\t<h3 class=\"elementor-heading-title elementor-size-default\">Nuove tecnologie mobili<\/h3>\t\t<\/div>\n\t\t\t\t<\/div>\n\t\t\t\t<div class=\"elementor-element elementor-element-30233b36 elementor-widget elementor-widget-heading\" data-id=\"30233b36\" data-element_type=\"widget\" data-widget_type=\"heading.default\">\n\t\t\t\t<div class=\"elementor-widget-container\">\n\t\t\t<h2 class=\"elementor-heading-title elementor-size-default\">Tracciamento continuo\n\n<\/h2>\t\t<\/div>\n\t\t\t\t<\/div>\n\t\t\t\t<div class=\"elementor-element elementor-element-3e3e6b6d elementor-widget elementor-widget-text-editor\" data-id=\"3e3e6b6d\" data-element_type=\"widget\" data-widget_type=\"text-editor.default\">\n\t\t\t\t<div class=\"elementor-widget-container\">\n\t\t\t\t\t\t\t<p><span lang=\"it-IT\">La durata della batteria \u00e8 sempre stata uno dei problemi principali per i sistemi di tracciamento in generale. Di conseguenza, molti produttori di dispositivi di tracciamento utilizzano nuove tecnologie mobili come la LTE CAT M1 che non solo connette il tuo tracker, ma aumenta anche il tempo complessivo di utilizzo\/batteria. Ovviamente, se non c&#8217;\u00e8 energia, non c&#8217;\u00e8 tracciamento. E quindi, simHERO si sta impegnando molto per fornire questa nuova tecnologia in quante pi\u00f9 reti \u00e8 possibile.<\/span><\/p>\t\t\t\t\t\t<\/div>\n\t\t\t\t<\/div>\n\t\t\t\t\t<\/div>\n\t\t<\/div>\n\t\t\t\t\t<\/div>\n\t\t<\/section>\n\t\t\t\t<\/div>\n\t\t","protected":false},"excerpt":{"rendered":"<p>TRACKER DI VEICOLI simHERO SIM card IoT simHERO per tracker di veicoli Oggigiorno le persone tendono a sviluppare un forte legame emotivo con i loro veicoli. Pu\u00f2 trattarsi dell&#8217;amore nei confronti di un&#8217;auto appena comprata, di una nuova e-bike, o di uno scooter per il quale si sono spesi i propri risparmi. Ecco perch\u00e9 simHERO [&hellip;]<\/p>\n","protected":false},"author":2,"featured_media":3398,"parent":3019,"menu_order":0,"comment_status":"closed","ping_status":"closed","template":"elementor_header_footer","meta":{"footnotes":""},"yoast_head":"<!-- This site is optimized with the Yoast SEO plugin v23.4 - https:\/\/yoast.com\/wordpress\/plugins\/seo\/ -->\n<title>Tracker di veicoli - simHERO<\/title>\n<meta name=\"robots\" content=\"index, follow, max-snippet:-1, max-image-preview:large, max-video-preview:-1\" \/>\n<link rel=\"canonical\" href=\"http:\/\/simhero.com\/it\/casi-di-utilizzo-di-simhero\/tracker-di-veicoli\/\" \/>\n<meta property=\"og:locale\" content=\"it_IT\" \/>\n<meta property=\"og:type\" content=\"article\" \/>\n<meta property=\"og:title\" content=\"Tracker di veicoli - simHERO\" \/>\n<meta property=\"og:description\" content=\"TRACKER DI VEICOLI simHERO SIM card IoT simHERO per tracker di veicoli Oggigiorno le persone tendono a sviluppare un forte legame emotivo con i loro veicoli. Pu\u00f2 trattarsi dell&#8217;amore nei confronti di un&#8217;auto appena comprata, di una nuova e-bike, o di uno scooter per il quale si sono spesi i propri risparmi. Ecco perch\u00e9 simHERO [&hellip;]\" \/>\n<meta property=\"og:url\" content=\"http:\/\/simhero.com\/it\/casi-di-utilizzo-di-simhero\/tracker-di-veicoli\/\" \/>\n<meta property=\"og:site_name\" content=\"simHERO\" \/>\n<meta property=\"article:publisher\" content=\"https:\/\/www.facebook.com\/freeewaysimhero\/\" \/>\n<meta property=\"article:modified_time\" content=\"2021-01-13T09:20:25+00:00\" \/>\n<meta property=\"og:image\" content=\"http:\/\/simhero.com\/wp-content\/uploads\/2020\/07\/fiat-header-scaled.jpg\" \/>\n\t<meta property=\"og:image:width\" content=\"2560\" \/>\n\t<meta property=\"og:image:height\" content=\"1067\" \/>\n\t<meta property=\"og:image:type\" content=\"image\/jpeg\" \/>\n<meta name=\"twitter:card\" content=\"summary_large_image\" \/>\n<meta name=\"twitter:label1\" content=\"Tempo di lettura stimato\" \/>\n\t<meta name=\"twitter:data1\" content=\"1 minuto\" \/>\n<script type=\"application\/ld+json\" class=\"yoast-schema-graph\">{\"@context\":\"https:\/\/schema.org\",\"@graph\":[{\"@type\":\"WebPage\",\"@id\":\"http:\/\/simhero.com\/it\/casi-di-utilizzo-di-simhero\/tracker-di-veicoli\/\",\"url\":\"http:\/\/simhero.com\/it\/casi-di-utilizzo-di-simhero\/tracker-di-veicoli\/\",\"name\":\"Tracker di veicoli - simHERO\",\"isPartOf\":{\"@id\":\"https:\/\/simhero.com\/it\/#website\"},\"primaryImageOfPage\":{\"@id\":\"http:\/\/simhero.com\/it\/casi-di-utilizzo-di-simhero\/tracker-di-veicoli\/#primaryimage\"},\"image\":{\"@id\":\"http:\/\/simhero.com\/it\/casi-di-utilizzo-di-simhero\/tracker-di-veicoli\/#primaryimage\"},\"thumbnailUrl\":\"http:\/\/simhero.com\/wp-content\/uploads\/2020\/07\/fiat-header-scaled.jpg\",\"datePublished\":\"2020-11-24T10:09:25+00:00\",\"dateModified\":\"2021-01-13T09:20:25+00:00\",\"breadcrumb\":{\"@id\":\"http:\/\/simhero.com\/it\/casi-di-utilizzo-di-simhero\/tracker-di-veicoli\/#breadcrumb\"},\"inLanguage\":\"it-IT\",\"potentialAction\":[{\"@type\":\"ReadAction\",\"target\":[\"http:\/\/simhero.com\/it\/casi-di-utilizzo-di-simhero\/tracker-di-veicoli\/\"]}]},{\"@type\":\"ImageObject\",\"inLanguage\":\"it-IT\",\"@id\":\"http:\/\/simhero.com\/it\/casi-di-utilizzo-di-simhero\/tracker-di-veicoli\/#primaryimage\",\"url\":\"http:\/\/simhero.com\/wp-content\/uploads\/2020\/07\/fiat-header-scaled.jpg\",\"contentUrl\":\"http:\/\/simhero.com\/wp-content\/uploads\/2020\/07\/fiat-header-scaled.jpg\",\"width\":2560,\"height\":1067},{\"@type\":\"BreadcrumbList\",\"@id\":\"http:\/\/simhero.com\/it\/casi-di-utilizzo-di-simhero\/tracker-di-veicoli\/#breadcrumb\",\"itemListElement\":[{\"@type\":\"ListItem\",\"position\":1,\"name\":\"Home\",\"item\":\"http:\/\/simhero.com\/it\/\"},{\"@type\":\"ListItem\",\"position\":2,\"name\":\"Casi di utilizzo\",\"item\":\"http:\/\/simhero.com\/it\/casi-di-utilizzo-di-simhero\/\"},{\"@type\":\"ListItem\",\"position\":3,\"name\":\"Tracker di veicoli\"}]},{\"@type\":\"WebSite\",\"@id\":\"https:\/\/simhero.com\/it\/#website\",\"url\":\"https:\/\/simhero.com\/it\/\",\"name\":\"simHERO\",\"description\":\"\",\"potentialAction\":[{\"@type\":\"SearchAction\",\"target\":{\"@type\":\"EntryPoint\",\"urlTemplate\":\"https:\/\/simhero.com\/it\/?s={search_term_string}\"},\"query-input\":{\"@type\":\"PropertyValueSpecification\",\"valueRequired\":true,\"valueName\":\"search_term_string\"}}],\"inLanguage\":\"it-IT\"}]}<\/script>\n<!-- \/ Yoast SEO plugin. -->","yoast_head_json":{"title":"Tracker di veicoli - simHERO","robots":{"index":"index","follow":"follow","max-snippet":"max-snippet:-1","max-image-preview":"max-image-preview:large","max-video-preview":"max-video-preview:-1"},"canonical":"http:\/\/simhero.com\/it\/casi-di-utilizzo-di-simhero\/tracker-di-veicoli\/","og_locale":"it_IT","og_type":"article","og_title":"Tracker di veicoli - simHERO","og_description":"TRACKER DI VEICOLI simHERO SIM card IoT simHERO per tracker di veicoli Oggigiorno le persone tendono a sviluppare un forte legame emotivo con i loro veicoli. Pu\u00f2 trattarsi dell&#8217;amore nei confronti di un&#8217;auto appena comprata, di una nuova e-bike, o di uno scooter per il quale si sono spesi i propri risparmi. Ecco perch\u00e9 simHERO [&hellip;]","og_url":"http:\/\/simhero.com\/it\/casi-di-utilizzo-di-simhero\/tracker-di-veicoli\/","og_site_name":"simHERO","article_publisher":"https:\/\/www.facebook.com\/freeewaysimhero\/","article_modified_time":"2021-01-13T09:20:25+00:00","og_image":[{"width":2560,"height":1067,"url":"http:\/\/simhero.com\/wp-content\/uploads\/2020\/07\/fiat-header-scaled.jpg","type":"image\/jpeg"}],"twitter_card":"summary_large_image","twitter_misc":{"Tempo di lettura stimato":"1 minuto"},"schema":{"@context":"https:\/\/schema.org","@graph":[{"@type":"WebPage","@id":"http:\/\/simhero.com\/it\/casi-di-utilizzo-di-simhero\/tracker-di-veicoli\/","url":"http:\/\/simhero.com\/it\/casi-di-utilizzo-di-simhero\/tracker-di-veicoli\/","name":"Tracker di veicoli - simHERO","isPartOf":{"@id":"https:\/\/simhero.com\/it\/#website"},"primaryImageOfPage":{"@id":"http:\/\/simhero.com\/it\/casi-di-utilizzo-di-simhero\/tracker-di-veicoli\/#primaryimage"},"image":{"@id":"http:\/\/simhero.com\/it\/casi-di-utilizzo-di-simhero\/tracker-di-veicoli\/#primaryimage"},"thumbnailUrl":"http:\/\/simhero.com\/wp-content\/uploads\/2020\/07\/fiat-header-scaled.jpg","datePublished":"2020-11-24T10:09:25+00:00","dateModified":"2021-01-13T09:20:25+00:00","breadcrumb":{"@id":"http:\/\/simhero.com\/it\/casi-di-utilizzo-di-simhero\/tracker-di-veicoli\/#breadcrumb"},"inLanguage":"it-IT","potentialAction":[{"@type":"ReadAction","target":["http:\/\/simhero.com\/it\/casi-di-utilizzo-di-simhero\/tracker-di-veicoli\/"]}]},{"@type":"ImageObject","inLanguage":"it-IT","@id":"http:\/\/simhero.com\/it\/casi-di-utilizzo-di-simhero\/tracker-di-veicoli\/#primaryimage","url":"http:\/\/simhero.com\/wp-content\/uploads\/2020\/07\/fiat-header-scaled.jpg","contentUrl":"http:\/\/simhero.com\/wp-content\/uploads\/2020\/07\/fiat-header-scaled.jpg","width":2560,"height":1067},{"@type":"BreadcrumbList","@id":"http:\/\/simhero.com\/it\/casi-di-utilizzo-di-simhero\/tracker-di-veicoli\/#breadcrumb","itemListElement":[{"@type":"ListItem","position":1,"name":"Home","item":"http:\/\/simhero.com\/it\/"},{"@type":"ListItem","position":2,"name":"Casi di utilizzo","item":"http:\/\/simhero.com\/it\/casi-di-utilizzo-di-simhero\/"},{"@type":"ListItem","position":3,"name":"Tracker di veicoli"}]},{"@type":"WebSite","@id":"https:\/\/simhero.com\/it\/#website","url":"https:\/\/simhero.com\/it\/","name":"simHERO","description":"","potentialAction":[{"@type":"SearchAction","target":{"@type":"EntryPoint","urlTemplate":"https:\/\/simhero.com\/it\/?s={search_term_string}"},"query-input":{"@type":"PropertyValueSpecification","valueRequired":true,"valueName":"search_term_string"}}],"inLanguage":"it-IT"}]}},"_links":{"self":[{"href":"http:\/\/simhero.com\/it\/wp-json\/wp\/v2\/pages\/3051"}],"collection":[{"href":"http:\/\/simhero.com\/it\/wp-json\/wp\/v2\/pages"}],"about":[{"href":"http:\/\/simhero.com\/it\/wp-json\/wp\/v2\/types\/page"}],"author":[{"embeddable":true,"href":"http:\/\/simhero.com\/it\/wp-json\/wp\/v2\/users\/2"}],"replies":[{"embeddable":true,"href":"http:\/\/simhero.com\/it\/wp-json\/wp\/v2\/comments?post=3051"}],"version-history":[{"count":7,"href":"http:\/\/simhero.com\/it\/wp-json\/wp\/v2\/pages\/3051\/revisions"}],"predecessor-version":[{"id":4897,"href":"http:\/\/simhero.com\/it\/wp-json\/wp\/v2\/pages\/3051\/revisions\/4897"}],"up":[{"embeddable":true,"href":"http:\/\/simhero.com\/it\/wp-json\/wp\/v2\/pages\/3019"}],"wp:featuredmedia":[{"embeddable":true,"href":"http:\/\/simhero.com\/it\/wp-json\/wp\/v2\/media\/3398"}],"wp:attachment":[{"href":"http:\/\/simhero.com\/it\/wp-json\/wp\/v2\/media?parent=3051"}],"curies":[{"name":"wp","href":"https:\/\/api.w.org\/{rel}","templated":true}]}}