{"id":3033,"date":"2020-11-24T10:54:52","date_gmt":"2020-11-24T09:54:52","guid":{"rendered":"http:\/\/3.65.206.27\/?page_id=3033"},"modified":"2021-01-13T10:16:16","modified_gmt":"2021-01-13T09:16:16","slug":"sistemi-di-sicurezza","status":"publish","type":"page","link":"http:\/\/simhero.com\/it\/casi-di-utilizzo-di-simhero\/sistemi-di-sicurezza\/","title":{"rendered":"Sistemi di sicurezza"},"content":{"rendered":"\t\t<div data-elementor-type=\"wp-page\" data-elementor-id=\"3033\" class=\"elementor elementor-3033 elementor-1552\" data-elementor-post-type=\"page\">\n\t\t\t\t\t\t<section class=\"elementor-section elementor-top-section elementor-element elementor-element-23e4c03b elementor-section-height-min-height elementor-section-boxed elementor-section-height-default elementor-section-items-middle\" data-id=\"23e4c03b\" data-element_type=\"section\" data-settings=\"{&quot;background_background&quot;:&quot;classic&quot;}\">\n\t\t\t\t\t\t\t<div class=\"elementor-background-overlay\"><\/div>\n\t\t\t\t\t\t\t<div class=\"elementor-container elementor-column-gap-default\">\n\t\t\t\t\t<div class=\"elementor-column elementor-col-100 elementor-top-column elementor-element elementor-element-6fd3be34\" data-id=\"6fd3be34\" data-element_type=\"column\">\n\t\t\t<div class=\"elementor-widget-wrap elementor-element-populated\">\n\t\t\t\t\t\t<div class=\"elementor-element elementor-element-382413c5 elementor-widget elementor-widget-heading\" data-id=\"382413c5\" data-element_type=\"widget\" data-widget_type=\"heading.default\">\n\t\t\t\t<div class=\"elementor-widget-container\">\n\t\t\t<h1 class=\"elementor-heading-title elementor-size-default\">SISTEMI DI SICUREZZA simHERO\n<\/h1>\t\t<\/div>\n\t\t\t\t<\/div>\n\t\t\t\t\t<\/div>\n\t\t<\/div>\n\t\t\t\t\t<\/div>\n\t\t<\/section>\n\t\t\t\t<section class=\"elementor-section elementor-top-section elementor-element elementor-element-594edd39 elementor-section-boxed elementor-section-height-default elementor-section-height-default\" data-id=\"594edd39\" data-element_type=\"section\">\n\t\t\t\t\t\t<div class=\"elementor-container elementor-column-gap-default\">\n\t\t\t\t\t<div class=\"elementor-column elementor-col-100 elementor-top-column elementor-element elementor-element-5b54e08e\" data-id=\"5b54e08e\" data-element_type=\"column\">\n\t\t\t<div class=\"elementor-widget-wrap elementor-element-populated\">\n\t\t\t\t\t\t<div class=\"elementor-element elementor-element-50c5683a elementor-widget elementor-widget-heading\" data-id=\"50c5683a\" data-element_type=\"widget\" data-widget_type=\"heading.default\">\n\t\t\t\t<div class=\"elementor-widget-container\">\n\t\t\t<h2 class=\"elementor-heading-title elementor-size-default\">SIM card IoT simHERO per sistemi di sicurezza<\/h2>\t\t<\/div>\n\t\t\t\t<\/div>\n\t\t\t\t<div class=\"elementor-element elementor-element-142e507e elementor-widget elementor-widget-text-editor\" data-id=\"142e507e\" data-element_type=\"widget\" data-widget_type=\"text-editor.default\">\n\t\t\t\t<div class=\"elementor-widget-container\">\n\t\t\t\t\t\t\t<p><span lang=\"it-IT\">In termini di sicurezza, la connettivit\u00e0 di simHERO IoT pu\u00f2 essere una risorsa preziosa per i consumatori. Poco importa se la SIM viene utilizzata come fonte primaria o come backup per il sistema di sicurezza cellulare, la nostra connettivit\u00e0 IoT multirete assicura che tutti gli elementi essenziali come unit\u00e0 di controllo, videocamera o smart lock rimangano connessi in caso di emergenza.<\/span><\/p>\t\t\t\t\t\t<\/div>\n\t\t\t\t<\/div>\n\t\t\t\t\t<\/div>\n\t\t<\/div>\n\t\t\t\t\t<\/div>\n\t\t<\/section>\n\t\t\t\t<section class=\"elementor-section elementor-top-section elementor-element elementor-element-1e41682e elementor-section-content-middle elementor-section-boxed elementor-section-height-default elementor-section-height-default\" data-id=\"1e41682e\" data-element_type=\"section\">\n\t\t\t\t\t\t<div class=\"elementor-container elementor-column-gap-wider\">\n\t\t\t\t\t<div class=\"elementor-column elementor-col-50 elementor-top-column elementor-element elementor-element-31dadc52\" data-id=\"31dadc52\" data-element_type=\"column\">\n\t\t\t<div class=\"elementor-widget-wrap elementor-element-populated\">\n\t\t\t\t\t\t<div class=\"elementor-element elementor-element-5c35c5b5 elementor-widget elementor-widget-image\" data-id=\"5c35c5b5\" data-element_type=\"widget\" data-widget_type=\"image.default\">\n\t\t\t\t<div class=\"elementor-widget-container\">\n\t\t\t\t\t\t\t\t\t\t\t\t\t<img fetchpriority=\"high\" decoding=\"async\" width=\"800\" height=\"534\" src=\"http:\/\/simhero.com\/wp-content\/uploads\/2020\/07\/securitysystem.jpg\" class=\"attachment-large size-large wp-image-3413\" alt=\"\" srcset=\"http:\/\/simhero.com\/wp-content\/uploads\/2020\/07\/securitysystem.jpg 1000w, http:\/\/simhero.com\/wp-content\/uploads\/2020\/07\/securitysystem-300x200.jpg 300w, http:\/\/simhero.com\/wp-content\/uploads\/2020\/07\/securitysystem-768x512.jpg 768w\" sizes=\"(max-width: 800px) 100vw, 800px\" \/>\t\t\t\t\t\t\t\t\t\t\t\t\t<\/div>\n\t\t\t\t<\/div>\n\t\t\t\t\t<\/div>\n\t\t<\/div>\n\t\t\t\t<div class=\"elementor-column elementor-col-50 elementor-top-column elementor-element elementor-element-60a8ca56\" data-id=\"60a8ca56\" data-element_type=\"column\">\n\t\t\t<div class=\"elementor-widget-wrap elementor-element-populated\">\n\t\t\t\t\t\t<div class=\"elementor-element elementor-element-45570307 elementor-widget elementor-widget-heading\" data-id=\"45570307\" data-element_type=\"widget\" data-widget_type=\"heading.default\">\n\t\t\t\t<div class=\"elementor-widget-container\">\n\t\t\t<h3 class=\"elementor-heading-title elementor-size-default\">Rimani connesso<\/h3>\t\t<\/div>\n\t\t\t\t<\/div>\n\t\t\t\t<div class=\"elementor-element elementor-element-9a3be2 elementor-widget elementor-widget-heading\" data-id=\"9a3be2\" data-element_type=\"widget\" data-widget_type=\"heading.default\">\n\t\t\t\t<div class=\"elementor-widget-container\">\n\t\t\t<h2 class=\"elementor-heading-title elementor-size-default\">Quando manca il segnale<\/h2>\t\t<\/div>\n\t\t\t\t<\/div>\n\t\t\t\t<div class=\"elementor-element elementor-element-7a6025ac elementor-widget elementor-widget-text-editor\" data-id=\"7a6025ac\" data-element_type=\"widget\" data-widget_type=\"text-editor.default\">\n\t\t\t\t<div class=\"elementor-widget-container\">\n\t\t\t\t\t\t\t<p><span lang=\"it-IT\">Un sistema di sicurezza cellulare \u00e8 valido solo finch\u00e9 il sistema \u00e8 collegato. Fornendo l\u2019accesso a pi\u00f9 reti, la SIM card IoT di simHERO garantisce che il tuo sistema di sicurezza rimanga sempre connesso \u2013 anche se una rete si interrompe. Se si verifica questo tipo di guasto, la SIM card di simHERO si connette automaticamente alla prossima rete disponibile.<\/span><\/p>\t\t\t\t\t\t<\/div>\n\t\t\t\t<\/div>\n\t\t\t\t\t<\/div>\n\t\t<\/div>\n\t\t\t\t\t<\/div>\n\t\t<\/section>\n\t\t\t\t<section class=\"elementor-section elementor-top-section elementor-element elementor-element-36538ae elementor-section-content-middle elementor-reverse-mobile elementor-section-boxed elementor-section-height-default elementor-section-height-default\" data-id=\"36538ae\" data-element_type=\"section\">\n\t\t\t\t\t\t<div class=\"elementor-container elementor-column-gap-wider\">\n\t\t\t\t\t<div class=\"elementor-column elementor-col-50 elementor-top-column elementor-element elementor-element-503aa191\" data-id=\"503aa191\" data-element_type=\"column\">\n\t\t\t<div class=\"elementor-widget-wrap elementor-element-populated\">\n\t\t\t\t\t\t<div class=\"elementor-element elementor-element-4cb85d05 elementor-widget elementor-widget-heading\" data-id=\"4cb85d05\" data-element_type=\"widget\" data-widget_type=\"heading.default\">\n\t\t\t\t<div class=\"elementor-widget-container\">\n\t\t\t<h3 class=\"elementor-heading-title elementor-size-default\">Non serve WIFI<\/h3>\t\t<\/div>\n\t\t\t\t<\/div>\n\t\t\t\t<div class=\"elementor-element elementor-element-34fc15a7 elementor-widget elementor-widget-heading\" data-id=\"34fc15a7\" data-element_type=\"widget\" data-widget_type=\"heading.default\">\n\t\t\t\t<div class=\"elementor-widget-container\">\n\t\t\t<h2 class=\"elementor-heading-title elementor-size-default\">Quando manca la corrente<\/h2>\t\t<\/div>\n\t\t\t\t<\/div>\n\t\t\t\t<div class=\"elementor-element elementor-element-5d34c7ac elementor-widget elementor-widget-text-editor\" data-id=\"5d34c7ac\" data-element_type=\"widget\" data-widget_type=\"text-editor.default\">\n\t\t\t\t<div class=\"elementor-widget-container\">\n\t\t\t\t\t\t\t<p><span lang=\"it-IT\">I sistemi di sicurezza wireless si collegano tramite WIFI o SIM card. In combinazione con la multirete disponibile, simHERO non offre solo una maggiore copertura, ma riduce anche il rischio di perdita della connettivit\u00e0 a causa di interruzioni di corrente. In modo analogo, ci\u00f2 che vogliamo proteggere, come case o imbarcazioni pu\u00f2 essere messo in sicurezza in modo professionale senza necessit\u00e0 di cablaggio o di connessione WIFI.<\/span><\/p>\t\t\t\t\t\t<\/div>\n\t\t\t\t<\/div>\n\t\t\t\t\t<\/div>\n\t\t<\/div>\n\t\t\t\t<div class=\"elementor-column elementor-col-50 elementor-top-column elementor-element elementor-element-5407f04f\" data-id=\"5407f04f\" data-element_type=\"column\">\n\t\t\t<div class=\"elementor-widget-wrap elementor-element-populated\">\n\t\t\t\t\t\t<div class=\"elementor-element elementor-element-312d9840 elementor-widget elementor-widget-image\" data-id=\"312d9840\" data-element_type=\"widget\" data-widget_type=\"image.default\">\n\t\t\t\t<div class=\"elementor-widget-container\">\n\t\t\t\t\t\t\t\t\t\t\t\t\t<img decoding=\"async\" width=\"800\" height=\"534\" src=\"http:\/\/simhero.com\/wp-content\/uploads\/2020\/07\/no-power.jpg\" class=\"attachment-large size-large wp-image-3414\" alt=\"\" srcset=\"http:\/\/simhero.com\/wp-content\/uploads\/2020\/07\/no-power.jpg 1000w, http:\/\/simhero.com\/wp-content\/uploads\/2020\/07\/no-power-300x200.jpg 300w, http:\/\/simhero.com\/wp-content\/uploads\/2020\/07\/no-power-768x512.jpg 768w\" sizes=\"(max-width: 800px) 100vw, 800px\" \/>\t\t\t\t\t\t\t\t\t\t\t\t\t<\/div>\n\t\t\t\t<\/div>\n\t\t\t\t\t<\/div>\n\t\t<\/div>\n\t\t\t\t\t<\/div>\n\t\t<\/section>\n\t\t\t\t<section class=\"elementor-section elementor-top-section elementor-element elementor-element-770d27e4 elementor-section-content-middle elementor-section-boxed elementor-section-height-default elementor-section-height-default\" data-id=\"770d27e4\" data-element_type=\"section\">\n\t\t\t\t\t\t<div class=\"elementor-container elementor-column-gap-wider\">\n\t\t\t\t\t<div class=\"elementor-column elementor-col-50 elementor-top-column elementor-element elementor-element-68d72971\" data-id=\"68d72971\" data-element_type=\"column\">\n\t\t\t<div class=\"elementor-widget-wrap elementor-element-populated\">\n\t\t\t\t\t\t<div class=\"elementor-element elementor-element-8a4c074 elementor-widget elementor-widget-image\" data-id=\"8a4c074\" data-element_type=\"widget\" data-widget_type=\"image.default\">\n\t\t\t\t<div class=\"elementor-widget-container\">\n\t\t\t\t\t\t\t\t\t\t\t\t\t<img decoding=\"async\" width=\"640\" height=\"426\" src=\"http:\/\/simhero.com\/wp-content\/uploads\/2020\/06\/infinity.jpg\" class=\"attachment-large size-large wp-image-3411\" alt=\"\" srcset=\"http:\/\/simhero.com\/wp-content\/uploads\/2020\/06\/infinity.jpg 640w, http:\/\/simhero.com\/wp-content\/uploads\/2020\/06\/infinity-300x200.jpg 300w\" sizes=\"(max-width: 640px) 100vw, 640px\" \/>\t\t\t\t\t\t\t\t\t\t\t\t\t<\/div>\n\t\t\t\t<\/div>\n\t\t\t\t\t<\/div>\n\t\t<\/div>\n\t\t\t\t<div class=\"elementor-column elementor-col-50 elementor-top-column elementor-element elementor-element-33005ad5\" data-id=\"33005ad5\" data-element_type=\"column\">\n\t\t\t<div class=\"elementor-widget-wrap elementor-element-populated\">\n\t\t\t\t\t\t<div class=\"elementor-element elementor-element-39894c11 elementor-widget elementor-widget-heading\" data-id=\"39894c11\" data-element_type=\"widget\" data-widget_type=\"heading.default\">\n\t\t\t\t<div class=\"elementor-widget-container\">\n\t\t\t<h3 class=\"elementor-heading-title elementor-size-default\">Modello PREPAGATO<\/h3>\t\t<\/div>\n\t\t\t\t<\/div>\n\t\t\t\t<div class=\"elementor-element elementor-element-1c753587 elementor-widget elementor-widget-heading\" data-id=\"1c753587\" data-element_type=\"widget\" data-widget_type=\"heading.default\">\n\t\t\t\t<div class=\"elementor-widget-container\">\n\t\t\t<h2 class=\"elementor-heading-title elementor-size-default\">Verso l\u2019infinito e oltre\n<\/h2>\t\t<\/div>\n\t\t\t\t<\/div>\n\t\t\t\t<div class=\"elementor-element elementor-element-37a3224c elementor-widget elementor-widget-text-editor\" data-id=\"37a3224c\" data-element_type=\"widget\" data-widget_type=\"text-editor.default\">\n\t\t\t\t<div class=\"elementor-widget-container\">\n\t\t\t\t\t\t\t<p><span lang=\"it-IT\">Per far s\u00ec che il sistema di sicurezza funzioni il pi\u00f9 a lungo possibile, simHERO ha sviluppato un modello PREPAGATO con il quale gli utenti finali possono acquistare un certo credito. Questo credito non ha scadenza e garantisce che il sistema non rimanga senza collegamento per mancanza di credito. Per questa eventualit\u00e0 vengono attivate notifiche via email non appena si raggiunge una certa soglia di utilizzo. Non badare a queste piccole cose \u2013 ci assicuriamo noi che tu possa gestirle al momento giusto.<br \/><\/span><\/p>\t\t\t\t\t\t<\/div>\n\t\t\t\t<\/div>\n\t\t\t\t\t<\/div>\n\t\t<\/div>\n\t\t\t\t\t<\/div>\n\t\t<\/section>\n\t\t\t\t<\/div>\n\t\t","protected":false},"excerpt":{"rendered":"<p>SISTEMI DI SICUREZZA simHERO SIM card IoT simHERO per sistemi di sicurezza In termini di sicurezza, la connettivit\u00e0 di simHERO IoT pu\u00f2 essere una risorsa preziosa per i consumatori. Poco importa se la SIM viene utilizzata come fonte primaria o come backup per il sistema di sicurezza cellulare, la nostra connettivit\u00e0 IoT multirete assicura che [&hellip;]<\/p>\n","protected":false},"author":2,"featured_media":3395,"parent":3019,"menu_order":0,"comment_status":"closed","ping_status":"closed","template":"elementor_header_footer","meta":{"footnotes":""},"yoast_head":"<!-- This site is optimized with the Yoast SEO plugin v23.4 - https:\/\/yoast.com\/wordpress\/plugins\/seo\/ -->\n<title>Sistemi di sicurezza - simHERO<\/title>\n<meta name=\"robots\" content=\"index, follow, max-snippet:-1, max-image-preview:large, max-video-preview:-1\" \/>\n<link rel=\"canonical\" href=\"http:\/\/simhero.com\/it\/casi-di-utilizzo-di-simhero\/sistemi-di-sicurezza\/\" \/>\n<meta property=\"og:locale\" content=\"it_IT\" \/>\n<meta property=\"og:type\" content=\"article\" \/>\n<meta property=\"og:title\" content=\"Sistemi di sicurezza - simHERO\" \/>\n<meta property=\"og:description\" content=\"SISTEMI DI SICUREZZA simHERO SIM card IoT simHERO per sistemi di sicurezza In termini di sicurezza, la connettivit\u00e0 di simHERO IoT pu\u00f2 essere una risorsa preziosa per i consumatori. Poco importa se la SIM viene utilizzata come fonte primaria o come backup per il sistema di sicurezza cellulare, la nostra connettivit\u00e0 IoT multirete assicura che [&hellip;]\" \/>\n<meta property=\"og:url\" content=\"http:\/\/simhero.com\/it\/casi-di-utilizzo-di-simhero\/sistemi-di-sicurezza\/\" \/>\n<meta property=\"og:site_name\" content=\"simHERO\" \/>\n<meta property=\"article:publisher\" content=\"https:\/\/www.facebook.com\/freeewaysimhero\/\" \/>\n<meta property=\"article:modified_time\" content=\"2021-01-13T09:16:16+00:00\" \/>\n<meta property=\"og:image\" content=\"http:\/\/simhero.com\/wp-content\/uploads\/2020\/07\/security-systems.jpg\" \/>\n\t<meta property=\"og:image:width\" content=\"1000\" \/>\n\t<meta property=\"og:image:height\" content=\"667\" \/>\n\t<meta property=\"og:image:type\" content=\"image\/jpeg\" \/>\n<meta name=\"twitter:card\" content=\"summary_large_image\" \/>\n<meta name=\"twitter:label1\" content=\"Tempo di lettura stimato\" \/>\n\t<meta name=\"twitter:data1\" content=\"2 minuti\" \/>\n<script type=\"application\/ld+json\" class=\"yoast-schema-graph\">{\"@context\":\"https:\/\/schema.org\",\"@graph\":[{\"@type\":\"WebPage\",\"@id\":\"http:\/\/simhero.com\/it\/casi-di-utilizzo-di-simhero\/sistemi-di-sicurezza\/\",\"url\":\"http:\/\/simhero.com\/it\/casi-di-utilizzo-di-simhero\/sistemi-di-sicurezza\/\",\"name\":\"Sistemi di sicurezza - simHERO\",\"isPartOf\":{\"@id\":\"https:\/\/simhero.com\/it\/#website\"},\"primaryImageOfPage\":{\"@id\":\"http:\/\/simhero.com\/it\/casi-di-utilizzo-di-simhero\/sistemi-di-sicurezza\/#primaryimage\"},\"image\":{\"@id\":\"http:\/\/simhero.com\/it\/casi-di-utilizzo-di-simhero\/sistemi-di-sicurezza\/#primaryimage\"},\"thumbnailUrl\":\"http:\/\/simhero.com\/wp-content\/uploads\/2020\/07\/security-systems.jpg\",\"datePublished\":\"2020-11-24T09:54:52+00:00\",\"dateModified\":\"2021-01-13T09:16:16+00:00\",\"breadcrumb\":{\"@id\":\"http:\/\/simhero.com\/it\/casi-di-utilizzo-di-simhero\/sistemi-di-sicurezza\/#breadcrumb\"},\"inLanguage\":\"it-IT\",\"potentialAction\":[{\"@type\":\"ReadAction\",\"target\":[\"http:\/\/simhero.com\/it\/casi-di-utilizzo-di-simhero\/sistemi-di-sicurezza\/\"]}]},{\"@type\":\"ImageObject\",\"inLanguage\":\"it-IT\",\"@id\":\"http:\/\/simhero.com\/it\/casi-di-utilizzo-di-simhero\/sistemi-di-sicurezza\/#primaryimage\",\"url\":\"http:\/\/simhero.com\/wp-content\/uploads\/2020\/07\/security-systems.jpg\",\"contentUrl\":\"http:\/\/simhero.com\/wp-content\/uploads\/2020\/07\/security-systems.jpg\",\"width\":1000,\"height\":667},{\"@type\":\"BreadcrumbList\",\"@id\":\"http:\/\/simhero.com\/it\/casi-di-utilizzo-di-simhero\/sistemi-di-sicurezza\/#breadcrumb\",\"itemListElement\":[{\"@type\":\"ListItem\",\"position\":1,\"name\":\"Home\",\"item\":\"http:\/\/simhero.com\/it\/\"},{\"@type\":\"ListItem\",\"position\":2,\"name\":\"Casi di utilizzo\",\"item\":\"http:\/\/simhero.com\/it\/casi-di-utilizzo-di-simhero\/\"},{\"@type\":\"ListItem\",\"position\":3,\"name\":\"Sistemi di sicurezza\"}]},{\"@type\":\"WebSite\",\"@id\":\"https:\/\/simhero.com\/it\/#website\",\"url\":\"https:\/\/simhero.com\/it\/\",\"name\":\"simHERO\",\"description\":\"\",\"potentialAction\":[{\"@type\":\"SearchAction\",\"target\":{\"@type\":\"EntryPoint\",\"urlTemplate\":\"https:\/\/simhero.com\/it\/?s={search_term_string}\"},\"query-input\":{\"@type\":\"PropertyValueSpecification\",\"valueRequired\":true,\"valueName\":\"search_term_string\"}}],\"inLanguage\":\"it-IT\"}]}<\/script>\n<!-- \/ Yoast SEO plugin. -->","yoast_head_json":{"title":"Sistemi di sicurezza - simHERO","robots":{"index":"index","follow":"follow","max-snippet":"max-snippet:-1","max-image-preview":"max-image-preview:large","max-video-preview":"max-video-preview:-1"},"canonical":"http:\/\/simhero.com\/it\/casi-di-utilizzo-di-simhero\/sistemi-di-sicurezza\/","og_locale":"it_IT","og_type":"article","og_title":"Sistemi di sicurezza - simHERO","og_description":"SISTEMI DI SICUREZZA simHERO SIM card IoT simHERO per sistemi di sicurezza In termini di sicurezza, la connettivit\u00e0 di simHERO IoT pu\u00f2 essere una risorsa preziosa per i consumatori. Poco importa se la SIM viene utilizzata come fonte primaria o come backup per il sistema di sicurezza cellulare, la nostra connettivit\u00e0 IoT multirete assicura che [&hellip;]","og_url":"http:\/\/simhero.com\/it\/casi-di-utilizzo-di-simhero\/sistemi-di-sicurezza\/","og_site_name":"simHERO","article_publisher":"https:\/\/www.facebook.com\/freeewaysimhero\/","article_modified_time":"2021-01-13T09:16:16+00:00","og_image":[{"width":1000,"height":667,"url":"http:\/\/simhero.com\/wp-content\/uploads\/2020\/07\/security-systems.jpg","type":"image\/jpeg"}],"twitter_card":"summary_large_image","twitter_misc":{"Tempo di lettura stimato":"2 minuti"},"schema":{"@context":"https:\/\/schema.org","@graph":[{"@type":"WebPage","@id":"http:\/\/simhero.com\/it\/casi-di-utilizzo-di-simhero\/sistemi-di-sicurezza\/","url":"http:\/\/simhero.com\/it\/casi-di-utilizzo-di-simhero\/sistemi-di-sicurezza\/","name":"Sistemi di sicurezza - simHERO","isPartOf":{"@id":"https:\/\/simhero.com\/it\/#website"},"primaryImageOfPage":{"@id":"http:\/\/simhero.com\/it\/casi-di-utilizzo-di-simhero\/sistemi-di-sicurezza\/#primaryimage"},"image":{"@id":"http:\/\/simhero.com\/it\/casi-di-utilizzo-di-simhero\/sistemi-di-sicurezza\/#primaryimage"},"thumbnailUrl":"http:\/\/simhero.com\/wp-content\/uploads\/2020\/07\/security-systems.jpg","datePublished":"2020-11-24T09:54:52+00:00","dateModified":"2021-01-13T09:16:16+00:00","breadcrumb":{"@id":"http:\/\/simhero.com\/it\/casi-di-utilizzo-di-simhero\/sistemi-di-sicurezza\/#breadcrumb"},"inLanguage":"it-IT","potentialAction":[{"@type":"ReadAction","target":["http:\/\/simhero.com\/it\/casi-di-utilizzo-di-simhero\/sistemi-di-sicurezza\/"]}]},{"@type":"ImageObject","inLanguage":"it-IT","@id":"http:\/\/simhero.com\/it\/casi-di-utilizzo-di-simhero\/sistemi-di-sicurezza\/#primaryimage","url":"http:\/\/simhero.com\/wp-content\/uploads\/2020\/07\/security-systems.jpg","contentUrl":"http:\/\/simhero.com\/wp-content\/uploads\/2020\/07\/security-systems.jpg","width":1000,"height":667},{"@type":"BreadcrumbList","@id":"http:\/\/simhero.com\/it\/casi-di-utilizzo-di-simhero\/sistemi-di-sicurezza\/#breadcrumb","itemListElement":[{"@type":"ListItem","position":1,"name":"Home","item":"http:\/\/simhero.com\/it\/"},{"@type":"ListItem","position":2,"name":"Casi di utilizzo","item":"http:\/\/simhero.com\/it\/casi-di-utilizzo-di-simhero\/"},{"@type":"ListItem","position":3,"name":"Sistemi di sicurezza"}]},{"@type":"WebSite","@id":"https:\/\/simhero.com\/it\/#website","url":"https:\/\/simhero.com\/it\/","name":"simHERO","description":"","potentialAction":[{"@type":"SearchAction","target":{"@type":"EntryPoint","urlTemplate":"https:\/\/simhero.com\/it\/?s={search_term_string}"},"query-input":{"@type":"PropertyValueSpecification","valueRequired":true,"valueName":"search_term_string"}}],"inLanguage":"it-IT"}]}},"_links":{"self":[{"href":"http:\/\/simhero.com\/it\/wp-json\/wp\/v2\/pages\/3033"}],"collection":[{"href":"http:\/\/simhero.com\/it\/wp-json\/wp\/v2\/pages"}],"about":[{"href":"http:\/\/simhero.com\/it\/wp-json\/wp\/v2\/types\/page"}],"author":[{"embeddable":true,"href":"http:\/\/simhero.com\/it\/wp-json\/wp\/v2\/users\/2"}],"replies":[{"embeddable":true,"href":"http:\/\/simhero.com\/it\/wp-json\/wp\/v2\/comments?post=3033"}],"version-history":[{"count":7,"href":"http:\/\/simhero.com\/it\/wp-json\/wp\/v2\/pages\/3033\/revisions"}],"predecessor-version":[{"id":4894,"href":"http:\/\/simhero.com\/it\/wp-json\/wp\/v2\/pages\/3033\/revisions\/4894"}],"up":[{"embeddable":true,"href":"http:\/\/simhero.com\/it\/wp-json\/wp\/v2\/pages\/3019"}],"wp:featuredmedia":[{"embeddable":true,"href":"http:\/\/simhero.com\/it\/wp-json\/wp\/v2\/media\/3395"}],"wp:attachment":[{"href":"http:\/\/simhero.com\/it\/wp-json\/wp\/v2\/media?parent=3033"}],"curies":[{"name":"wp","href":"https:\/\/api.w.org\/{rel}","templated":true}]}}