{"id":3024,"date":"2020-11-24T10:47:34","date_gmt":"2020-11-24T09:47:34","guid":{"rendered":"http:\/\/3.65.206.27\/?page_id=3024"},"modified":"2021-01-13T10:13:59","modified_gmt":"2021-01-13T09:13:59","slug":"trail-camera","status":"publish","type":"page","link":"http:\/\/simhero.com\/it\/casi-di-utilizzo-di-simhero\/trail-camera\/","title":{"rendered":"Trail camera"},"content":{"rendered":"\t\t<div data-elementor-type=\"wp-page\" data-elementor-id=\"3024\" class=\"elementor elementor-3024 elementor-1554\" data-elementor-post-type=\"page\">\n\t\t\t\t\t\t<section class=\"elementor-section elementor-top-section elementor-element elementor-element-74b192ea elementor-section-height-min-height elementor-section-boxed elementor-section-height-default elementor-section-items-middle\" data-id=\"74b192ea\" data-element_type=\"section\" data-settings=\"{&quot;background_background&quot;:&quot;classic&quot;}\">\n\t\t\t\t\t\t\t<div class=\"elementor-background-overlay\"><\/div>\n\t\t\t\t\t\t\t<div class=\"elementor-container elementor-column-gap-default\">\n\t\t\t\t\t<div class=\"elementor-column elementor-col-100 elementor-top-column elementor-element elementor-element-35013899\" data-id=\"35013899\" data-element_type=\"column\">\n\t\t\t<div class=\"elementor-widget-wrap elementor-element-populated\">\n\t\t\t\t\t\t<div class=\"elementor-element elementor-element-55420add elementor-widget elementor-widget-heading\" data-id=\"55420add\" data-element_type=\"widget\" data-widget_type=\"heading.default\">\n\t\t\t\t<div class=\"elementor-widget-container\">\n\t\t\t<h1 class=\"elementor-heading-title elementor-size-default\">TRAIL CAMERA simHERO<\/h1>\t\t<\/div>\n\t\t\t\t<\/div>\n\t\t\t\t\t<\/div>\n\t\t<\/div>\n\t\t\t\t\t<\/div>\n\t\t<\/section>\n\t\t\t\t<section class=\"elementor-section elementor-top-section elementor-element elementor-element-47dda70c elementor-section-boxed elementor-section-height-default elementor-section-height-default\" data-id=\"47dda70c\" data-element_type=\"section\">\n\t\t\t\t\t\t<div class=\"elementor-container elementor-column-gap-default\">\n\t\t\t\t\t<div class=\"elementor-column elementor-col-100 elementor-top-column elementor-element elementor-element-3fa512a3\" data-id=\"3fa512a3\" data-element_type=\"column\">\n\t\t\t<div class=\"elementor-widget-wrap elementor-element-populated\">\n\t\t\t\t\t\t<div class=\"elementor-element elementor-element-35fcda57 elementor-widget elementor-widget-heading\" data-id=\"35fcda57\" data-element_type=\"widget\" data-widget_type=\"heading.default\">\n\t\t\t\t<div class=\"elementor-widget-container\">\n\t\t\t<h2 class=\"elementor-heading-title elementor-size-default\">SIM card IoT simHERO per trail camera\n\n<\/h2>\t\t<\/div>\n\t\t\t\t<\/div>\n\t\t\t\t<div class=\"elementor-element elementor-element-5d6572de elementor-widget elementor-widget-text-editor\" data-id=\"5d6572de\" data-element_type=\"widget\" data-widget_type=\"text-editor.default\">\n\t\t\t\t<div class=\"elementor-widget-container\">\n\t\t\t\t\t\t\t<p><span lang=\"it-IT\">La SIM card IoT di simHERO ha avuto un notevole impatto nel settore delle trail camera ed \u00e8 una delle SIM card preferite per le trail camera in tutto il Mondo. Ecco alcuni dei motivi per cui i cacciatori si fidano di simHERO:<\/span><\/p>\t\t\t\t\t\t<\/div>\n\t\t\t\t<\/div>\n\t\t\t\t\t<\/div>\n\t\t<\/div>\n\t\t\t\t\t<\/div>\n\t\t<\/section>\n\t\t\t\t<section class=\"elementor-section elementor-top-section elementor-element elementor-element-11a50b7a elementor-section-content-middle elementor-section-boxed elementor-section-height-default elementor-section-height-default\" data-id=\"11a50b7a\" data-element_type=\"section\">\n\t\t\t\t\t\t<div class=\"elementor-container elementor-column-gap-wider\">\n\t\t\t\t\t<div class=\"elementor-column elementor-col-50 elementor-top-column elementor-element elementor-element-12f7176b\" data-id=\"12f7176b\" data-element_type=\"column\">\n\t\t\t<div class=\"elementor-widget-wrap elementor-element-populated\">\n\t\t\t\t\t\t<div class=\"elementor-element elementor-element-642bb9a4 elementor-widget elementor-widget-image\" data-id=\"642bb9a4\" data-element_type=\"widget\" data-widget_type=\"image.default\">\n\t\t\t\t<div class=\"elementor-widget-container\">\n\t\t\t\t\t\t\t\t\t\t\t\t\t<img fetchpriority=\"high\" decoding=\"async\" width=\"800\" height=\"534\" src=\"http:\/\/simhero.com\/wp-content\/uploads\/2020\/07\/trail-camera-stay-on-track.jpg\" class=\"attachment-large size-large wp-image-3404\" alt=\"\" srcset=\"http:\/\/simhero.com\/wp-content\/uploads\/2020\/07\/trail-camera-stay-on-track.jpg 1000w, http:\/\/simhero.com\/wp-content\/uploads\/2020\/07\/trail-camera-stay-on-track-300x200.jpg 300w, http:\/\/simhero.com\/wp-content\/uploads\/2020\/07\/trail-camera-stay-on-track-768x512.jpg 768w\" sizes=\"(max-width: 800px) 100vw, 800px\" \/>\t\t\t\t\t\t\t\t\t\t\t\t\t<\/div>\n\t\t\t\t<\/div>\n\t\t\t\t\t<\/div>\n\t\t<\/div>\n\t\t\t\t<div class=\"elementor-column elementor-col-50 elementor-top-column elementor-element elementor-element-4f2c9d30\" data-id=\"4f2c9d30\" data-element_type=\"column\">\n\t\t\t<div class=\"elementor-widget-wrap elementor-element-populated\">\n\t\t\t\t\t\t<div class=\"elementor-element elementor-element-6340d426 elementor-widget elementor-widget-heading\" data-id=\"6340d426\" data-element_type=\"widget\" data-widget_type=\"heading.default\">\n\t\t\t\t<div class=\"elementor-widget-container\">\n\t\t\t<h3 class=\"elementor-heading-title elementor-size-default\">Sempre allerta<\/h3>\t\t<\/div>\n\t\t\t\t<\/div>\n\t\t\t\t<div class=\"elementor-element elementor-element-38a37a03 elementor-widget elementor-widget-heading\" data-id=\"38a37a03\" data-element_type=\"widget\" data-widget_type=\"heading.default\">\n\t\t\t\t<div class=\"elementor-widget-container\">\n\t\t\t<h2 class=\"elementor-heading-title elementor-size-default\">Mai senza segnale\n<\/h2>\t\t<\/div>\n\t\t\t\t<\/div>\n\t\t\t\t<div class=\"elementor-element elementor-element-8f0ba70 elementor-widget elementor-widget-text-editor\" data-id=\"8f0ba70\" data-element_type=\"widget\" data-widget_type=\"text-editor.default\">\n\t\t\t\t<div class=\"elementor-widget-container\">\n\t\t\t\t\t\t\t<p><span lang=\"it-IT\">La SIM card IoT di simHERO \u00e8 generalmente caratterizzata dalla possibilit\u00e0 di collegarsi alla rete pi\u00f9 forte disponibile e passa alla rete disponibile successiva se il segnale di rete precedente viene perso. Soprattutto nelle aree forestali dove i segnali di rete non sono stabili, simHERO \u00e8 in grado di mantenere collegata la videocamera per tenere d\u2019occhio ogni movimento nella zona.<\/span><\/p>\t\t\t\t\t\t<\/div>\n\t\t\t\t<\/div>\n\t\t\t\t\t<\/div>\n\t\t<\/div>\n\t\t\t\t\t<\/div>\n\t\t<\/section>\n\t\t\t\t<section class=\"elementor-section elementor-top-section elementor-element elementor-element-407ddedc elementor-section-content-middle elementor-reverse-mobile elementor-section-boxed elementor-section-height-default elementor-section-height-default\" data-id=\"407ddedc\" data-element_type=\"section\">\n\t\t\t\t\t\t<div class=\"elementor-container elementor-column-gap-wider\">\n\t\t\t\t\t<div class=\"elementor-column elementor-col-50 elementor-top-column elementor-element elementor-element-4977cc4e\" data-id=\"4977cc4e\" data-element_type=\"column\">\n\t\t\t<div class=\"elementor-widget-wrap elementor-element-populated\">\n\t\t\t\t\t\t<div class=\"elementor-element elementor-element-2f279e49 elementor-widget elementor-widget-heading\" data-id=\"2f279e49\" data-element_type=\"widget\" data-widget_type=\"heading.default\">\n\t\t\t\t<div class=\"elementor-widget-container\">\n\t\t\t<h3 class=\"elementor-heading-title elementor-size-default\">Senza limiti\n\n\n\n<\/h3>\t\t<\/div>\n\t\t\t\t<\/div>\n\t\t\t\t<div class=\"elementor-element elementor-element-4bf944c3 elementor-widget elementor-widget-heading\" data-id=\"4bf944c3\" data-element_type=\"widget\" data-widget_type=\"heading.default\">\n\t\t\t\t<div class=\"elementor-widget-container\">\n\t\t\t<h2 class=\"elementor-heading-title elementor-size-default\">L\u2019unico limite \u00e8 il cielo \u2013 non un confine nazionale<\/h2>\t\t<\/div>\n\t\t\t\t<\/div>\n\t\t\t\t<div class=\"elementor-element elementor-element-1eca0ac6 elementor-widget elementor-widget-text-editor\" data-id=\"1eca0ac6\" data-element_type=\"widget\" data-widget_type=\"text-editor.default\">\n\t\t\t\t<div class=\"elementor-widget-container\">\n\t\t\t\t\t\t\t<p>Allo stesso modo, la nostra SIM card IoT globale \u00e8 stata progettata per funzionare anche in aree vicine ai confini nazionali. La connettivit\u00e0 IoT di simHERO non comprende solo una rete nazionale in un Paese specifico, ma copre intere regioni e aree geografiche.<br \/>Per la SIM card di simHERO la posizione della fotocamera non ha importanza \u2013 si connette semplicemente al segnale pi\u00f9 forte.<\/p>\t\t\t\t\t\t<\/div>\n\t\t\t\t<\/div>\n\t\t\t\t\t<\/div>\n\t\t<\/div>\n\t\t\t\t<div class=\"elementor-column elementor-col-50 elementor-top-column elementor-element elementor-element-507dee16\" data-id=\"507dee16\" data-element_type=\"column\">\n\t\t\t<div class=\"elementor-widget-wrap elementor-element-populated\">\n\t\t\t\t\t\t<div class=\"elementor-element elementor-element-12a27ef5 elementor-widget elementor-widget-image\" data-id=\"12a27ef5\" data-element_type=\"widget\" data-widget_type=\"image.default\">\n\t\t\t\t<div class=\"elementor-widget-container\">\n\t\t\t\t\t\t\t\t\t\t\t\t\t<img decoding=\"async\" width=\"800\" height=\"534\" src=\"http:\/\/simhero.com\/wp-content\/uploads\/2020\/07\/trail-camera-sky-is-the-limit.jpg\" class=\"attachment-large size-large wp-image-3405\" alt=\"\" srcset=\"http:\/\/simhero.com\/wp-content\/uploads\/2020\/07\/trail-camera-sky-is-the-limit.jpg 1000w, http:\/\/simhero.com\/wp-content\/uploads\/2020\/07\/trail-camera-sky-is-the-limit-300x200.jpg 300w, http:\/\/simhero.com\/wp-content\/uploads\/2020\/07\/trail-camera-sky-is-the-limit-768x512.jpg 768w\" sizes=\"(max-width: 800px) 100vw, 800px\" \/>\t\t\t\t\t\t\t\t\t\t\t\t\t<\/div>\n\t\t\t\t<\/div>\n\t\t\t\t\t<\/div>\n\t\t<\/div>\n\t\t\t\t\t<\/div>\n\t\t<\/section>\n\t\t\t\t<section class=\"elementor-section elementor-top-section elementor-element elementor-element-48e74c5d elementor-section-content-middle elementor-section-boxed elementor-section-height-default elementor-section-height-default\" data-id=\"48e74c5d\" data-element_type=\"section\">\n\t\t\t\t\t\t<div class=\"elementor-container elementor-column-gap-wider\">\n\t\t\t\t\t<div class=\"elementor-column elementor-col-50 elementor-top-column elementor-element elementor-element-700aa1b4\" data-id=\"700aa1b4\" data-element_type=\"column\">\n\t\t\t<div class=\"elementor-widget-wrap elementor-element-populated\">\n\t\t\t\t\t\t<div class=\"elementor-element elementor-element-544cebcd elementor-widget elementor-widget-image\" data-id=\"544cebcd\" data-element_type=\"widget\" data-widget_type=\"image.default\">\n\t\t\t\t<div class=\"elementor-widget-container\">\n\t\t\t\t\t\t\t\t\t\t\t\t\t<img decoding=\"async\" width=\"800\" height=\"534\" src=\"http:\/\/simhero.com\/wp-content\/uploads\/2020\/07\/trail-camera-seasonal-usage.jpg\" class=\"attachment-large size-large wp-image-3407\" alt=\"\" srcset=\"http:\/\/simhero.com\/wp-content\/uploads\/2020\/07\/trail-camera-seasonal-usage.jpg 1000w, http:\/\/simhero.com\/wp-content\/uploads\/2020\/07\/trail-camera-seasonal-usage-300x200.jpg 300w, http:\/\/simhero.com\/wp-content\/uploads\/2020\/07\/trail-camera-seasonal-usage-768x512.jpg 768w\" sizes=\"(max-width: 800px) 100vw, 800px\" \/>\t\t\t\t\t\t\t\t\t\t\t\t\t<\/div>\n\t\t\t\t<\/div>\n\t\t\t\t\t<\/div>\n\t\t<\/div>\n\t\t\t\t<div class=\"elementor-column elementor-col-50 elementor-top-column elementor-element elementor-element-559cc2a4\" data-id=\"559cc2a4\" data-element_type=\"column\">\n\t\t\t<div class=\"elementor-widget-wrap elementor-element-populated\">\n\t\t\t\t\t\t<div class=\"elementor-element elementor-element-7bf4ad27 elementor-widget elementor-widget-heading\" data-id=\"7bf4ad27\" data-element_type=\"widget\" data-widget_type=\"heading.default\">\n\t\t\t\t<div class=\"elementor-widget-container\">\n\t\t\t<h3 class=\"elementor-heading-title elementor-size-default\">Uso stagionale\n\n\n\n<\/h3>\t\t<\/div>\n\t\t\t\t<\/div>\n\t\t\t\t<div class=\"elementor-element elementor-element-78fed300 elementor-widget elementor-widget-heading\" data-id=\"78fed300\" data-element_type=\"widget\" data-widget_type=\"heading.default\">\n\t\t\t\t<div class=\"elementor-widget-container\">\n\t\t\t<h2 class=\"elementor-heading-title elementor-size-default\">Le tue foto contano\n\n<\/h2>\t\t<\/div>\n\t\t\t\t<\/div>\n\t\t\t\t<div class=\"elementor-element elementor-element-18cda5bd elementor-widget elementor-widget-text-editor\" data-id=\"18cda5bd\" data-element_type=\"widget\" data-widget_type=\"text-editor.default\">\n\t\t\t\t<div class=\"elementor-widget-container\">\n\t\t\t\t\t\t\t<p><span lang=\"it-IT\">Nel modello PREPAGATO, simHERO offre piani dati specifici per trail camera. Abbiamo condotto un&#8217;approfondita discussione con i nostri partner nel settore delle trail camera allo scopo di fornire il miglior servizio possibile ai nostri utenti. Da ci\u00f2 sono scaturiti i Camera Plans simHERO. Queste soluzioni personalizzate permettono ai nostri utenti di ottimizzare i loro piani in base all\u2019utilizzo stagionale (piani mensili, semestrali e annuali). Abbiamo anche aggiunto una descrizione che permette di prevedere orientativamente quante immagini possono essere scattate acquistando un determinato piano con una determinata impostazione della telecamera.<\/span><\/p>\t\t\t\t\t\t<\/div>\n\t\t\t\t<\/div>\n\t\t\t\t\t<\/div>\n\t\t<\/div>\n\t\t\t\t\t<\/div>\n\t\t<\/section>\n\t\t\t\t<section class=\"elementor-section elementor-top-section elementor-element elementor-element-d833fb7 elementor-section-content-middle elementor-reverse-mobile elementor-section-boxed elementor-section-height-default elementor-section-height-default\" data-id=\"d833fb7\" data-element_type=\"section\">\n\t\t\t\t\t\t<div class=\"elementor-container elementor-column-gap-wider\">\n\t\t\t\t\t<div class=\"elementor-column elementor-col-50 elementor-top-column elementor-element elementor-element-40fd55e\" data-id=\"40fd55e\" data-element_type=\"column\">\n\t\t\t<div class=\"elementor-widget-wrap elementor-element-populated\">\n\t\t\t\t\t\t<div class=\"elementor-element elementor-element-2c88012 elementor-widget elementor-widget-heading\" data-id=\"2c88012\" data-element_type=\"widget\" data-widget_type=\"heading.default\">\n\t\t\t\t<div class=\"elementor-widget-container\">\n\t\t\t<h3 class=\"elementor-heading-title elementor-size-default\">Condividi il percorso\n\n\n\n<\/h3>\t\t<\/div>\n\t\t\t\t<\/div>\n\t\t\t\t<div class=\"elementor-element elementor-element-9994898 elementor-widget elementor-widget-heading\" data-id=\"9994898\" data-element_type=\"widget\" data-widget_type=\"heading.default\">\n\t\t\t\t<div class=\"elementor-widget-container\">\n\t\t\t<h2 class=\"elementor-heading-title elementor-size-default\">Condividi il percorso\nCollaborazione continua<\/h2>\t\t<\/div>\n\t\t\t\t<\/div>\n\t\t\t\t<div class=\"elementor-element elementor-element-e2e56d6 elementor-widget elementor-widget-text-editor\" data-id=\"e2e56d6\" data-element_type=\"widget\" data-widget_type=\"text-editor.default\">\n\t\t\t\t<div class=\"elementor-widget-container\">\n\t\t\t\t\t\t\t<p><span lang=\"it-IT\">simHERO ha collaborato con molti marchi di fotocamere in tutto il Globo ed \u00e8 in contatto con molti produttori di fotocamere. Grazie a queste relazioni e alle conversazioni molto dettagliate con i nostri partner abbiamo ottenuto un continuo miglioramento sia delle trail camera in quanto tali sia dei nostri servizi globali di connettivit\u00e0 IoT. E soprattutto: possiamo contare su utenti soddisfatti con cui condividere lo stesso percorso.<\/span><\/p>\t\t\t\t\t\t<\/div>\n\t\t\t\t<\/div>\n\t\t\t\t\t<\/div>\n\t\t<\/div>\n\t\t\t\t<div class=\"elementor-column elementor-col-50 elementor-top-column elementor-element elementor-element-817f309\" data-id=\"817f309\" data-element_type=\"column\">\n\t\t\t<div class=\"elementor-widget-wrap elementor-element-populated\">\n\t\t\t\t\t\t<div class=\"elementor-element elementor-element-ea62c74 elementor-widget elementor-widget-image\" data-id=\"ea62c74\" data-element_type=\"widget\" data-widget_type=\"image.default\">\n\t\t\t\t<div class=\"elementor-widget-container\">\n\t\t\t\t\t\t\t\t\t\t\t\t\t<img loading=\"lazy\" decoding=\"async\" width=\"800\" height=\"534\" src=\"http:\/\/simhero.com\/wp-content\/uploads\/2020\/07\/trail-camera-join-the-path.jpg\" class=\"attachment-large size-large wp-image-3394\" alt=\"\" srcset=\"http:\/\/simhero.com\/wp-content\/uploads\/2020\/07\/trail-camera-join-the-path.jpg 1000w, http:\/\/simhero.com\/wp-content\/uploads\/2020\/07\/trail-camera-join-the-path-300x200.jpg 300w, http:\/\/simhero.com\/wp-content\/uploads\/2020\/07\/trail-camera-join-the-path-768x512.jpg 768w\" sizes=\"(max-width: 800px) 100vw, 800px\" \/>\t\t\t\t\t\t\t\t\t\t\t\t\t<\/div>\n\t\t\t\t<\/div>\n\t\t\t\t\t<\/div>\n\t\t<\/div>\n\t\t\t\t\t<\/div>\n\t\t<\/section>\n\t\t\t\t<\/div>\n\t\t","protected":false},"excerpt":{"rendered":"<p>TRAIL CAMERA simHERO SIM card IoT simHERO per trail camera La SIM card IoT di simHERO ha avuto un notevole impatto nel settore delle trail camera ed \u00e8 una delle SIM card preferite per le trail camera in tutto il Mondo. Ecco alcuni dei motivi per cui i cacciatori si fidano di simHERO: Sempre allerta [&hellip;]<\/p>\n","protected":false},"author":2,"featured_media":3408,"parent":3019,"menu_order":0,"comment_status":"closed","ping_status":"closed","template":"elementor_header_footer","meta":{"footnotes":""},"yoast_head":"<!-- This site is optimized with the Yoast SEO plugin v23.4 - https:\/\/yoast.com\/wordpress\/plugins\/seo\/ -->\n<title>Trail camera - simHERO<\/title>\n<meta name=\"robots\" content=\"index, follow, max-snippet:-1, max-image-preview:large, max-video-preview:-1\" \/>\n<link rel=\"canonical\" href=\"http:\/\/simhero.com\/it\/casi-di-utilizzo-di-simhero\/trail-camera\/\" \/>\n<meta property=\"og:locale\" content=\"it_IT\" \/>\n<meta property=\"og:type\" content=\"article\" \/>\n<meta property=\"og:title\" content=\"Trail camera - simHERO\" \/>\n<meta property=\"og:description\" content=\"TRAIL CAMERA simHERO SIM card IoT simHERO per trail camera La SIM card IoT di simHERO ha avuto un notevole impatto nel settore delle trail camera ed \u00e8 una delle SIM card preferite per le trail camera in tutto il Mondo. Ecco alcuni dei motivi per cui i cacciatori si fidano di simHERO: Sempre allerta [&hellip;]\" \/>\n<meta property=\"og:url\" content=\"http:\/\/simhero.com\/it\/casi-di-utilizzo-di-simhero\/trail-camera\/\" \/>\n<meta property=\"og:site_name\" content=\"simHERO\" \/>\n<meta property=\"article:publisher\" content=\"https:\/\/www.facebook.com\/freeewaysimhero\/\" \/>\n<meta property=\"article:modified_time\" content=\"2021-01-13T09:13:59+00:00\" \/>\n<meta property=\"og:image\" content=\"http:\/\/www.simhero.com\/wp-content\/uploads\/2020\/07\/trail-camera-join-the-path-1-1-scaled.jpg\" \/>\n\t<meta property=\"og:image:width\" content=\"1600\" \/>\n\t<meta property=\"og:image:height\" content=\"667\" \/>\n\t<meta property=\"og:image:type\" content=\"image\/jpeg\" \/>\n<meta name=\"twitter:card\" content=\"summary_large_image\" \/>\n<meta name=\"twitter:label1\" content=\"Tempo di lettura stimato\" \/>\n\t<meta name=\"twitter:data1\" content=\"2 minuti\" \/>\n<script type=\"application\/ld+json\" class=\"yoast-schema-graph\">{\"@context\":\"https:\/\/schema.org\",\"@graph\":[{\"@type\":\"WebPage\",\"@id\":\"http:\/\/simhero.com\/it\/casi-di-utilizzo-di-simhero\/trail-camera\/\",\"url\":\"http:\/\/simhero.com\/it\/casi-di-utilizzo-di-simhero\/trail-camera\/\",\"name\":\"Trail camera - simHERO\",\"isPartOf\":{\"@id\":\"https:\/\/simhero.com\/it\/#website\"},\"primaryImageOfPage\":{\"@id\":\"http:\/\/simhero.com\/it\/casi-di-utilizzo-di-simhero\/trail-camera\/#primaryimage\"},\"image\":{\"@id\":\"http:\/\/simhero.com\/it\/casi-di-utilizzo-di-simhero\/trail-camera\/#primaryimage\"},\"thumbnailUrl\":\"http:\/\/simhero.com\/wp-content\/uploads\/2020\/07\/trail-camera-join-the-path-1-1-scaled.jpg\",\"datePublished\":\"2020-11-24T09:47:34+00:00\",\"dateModified\":\"2021-01-13T09:13:59+00:00\",\"breadcrumb\":{\"@id\":\"http:\/\/simhero.com\/it\/casi-di-utilizzo-di-simhero\/trail-camera\/#breadcrumb\"},\"inLanguage\":\"it-IT\",\"potentialAction\":[{\"@type\":\"ReadAction\",\"target\":[\"http:\/\/simhero.com\/it\/casi-di-utilizzo-di-simhero\/trail-camera\/\"]}]},{\"@type\":\"ImageObject\",\"inLanguage\":\"it-IT\",\"@id\":\"http:\/\/simhero.com\/it\/casi-di-utilizzo-di-simhero\/trail-camera\/#primaryimage\",\"url\":\"http:\/\/simhero.com\/wp-content\/uploads\/2020\/07\/trail-camera-join-the-path-1-1-scaled.jpg\",\"contentUrl\":\"http:\/\/simhero.com\/wp-content\/uploads\/2020\/07\/trail-camera-join-the-path-1-1-scaled.jpg\",\"width\":1600,\"height\":667},{\"@type\":\"BreadcrumbList\",\"@id\":\"http:\/\/simhero.com\/it\/casi-di-utilizzo-di-simhero\/trail-camera\/#breadcrumb\",\"itemListElement\":[{\"@type\":\"ListItem\",\"position\":1,\"name\":\"Home\",\"item\":\"http:\/\/simhero.com\/it\/\"},{\"@type\":\"ListItem\",\"position\":2,\"name\":\"Casi di utilizzo\",\"item\":\"http:\/\/simhero.com\/it\/casi-di-utilizzo-di-simhero\/\"},{\"@type\":\"ListItem\",\"position\":3,\"name\":\"Trail camera\"}]},{\"@type\":\"WebSite\",\"@id\":\"https:\/\/simhero.com\/it\/#website\",\"url\":\"https:\/\/simhero.com\/it\/\",\"name\":\"simHERO\",\"description\":\"\",\"potentialAction\":[{\"@type\":\"SearchAction\",\"target\":{\"@type\":\"EntryPoint\",\"urlTemplate\":\"https:\/\/simhero.com\/it\/?s={search_term_string}\"},\"query-input\":{\"@type\":\"PropertyValueSpecification\",\"valueRequired\":true,\"valueName\":\"search_term_string\"}}],\"inLanguage\":\"it-IT\"}]}<\/script>\n<!-- \/ Yoast SEO plugin. -->","yoast_head_json":{"title":"Trail camera - simHERO","robots":{"index":"index","follow":"follow","max-snippet":"max-snippet:-1","max-image-preview":"max-image-preview:large","max-video-preview":"max-video-preview:-1"},"canonical":"http:\/\/simhero.com\/it\/casi-di-utilizzo-di-simhero\/trail-camera\/","og_locale":"it_IT","og_type":"article","og_title":"Trail camera - simHERO","og_description":"TRAIL CAMERA simHERO SIM card IoT simHERO per trail camera La SIM card IoT di simHERO ha avuto un notevole impatto nel settore delle trail camera ed \u00e8 una delle SIM card preferite per le trail camera in tutto il Mondo. Ecco alcuni dei motivi per cui i cacciatori si fidano di simHERO: Sempre allerta [&hellip;]","og_url":"http:\/\/simhero.com\/it\/casi-di-utilizzo-di-simhero\/trail-camera\/","og_site_name":"simHERO","article_publisher":"https:\/\/www.facebook.com\/freeewaysimhero\/","article_modified_time":"2021-01-13T09:13:59+00:00","og_image":[{"width":1600,"height":667,"url":"http:\/\/www.simhero.com\/wp-content\/uploads\/2020\/07\/trail-camera-join-the-path-1-1-scaled.jpg","type":"image\/jpeg"}],"twitter_card":"summary_large_image","twitter_misc":{"Tempo di lettura stimato":"2 minuti"},"schema":{"@context":"https:\/\/schema.org","@graph":[{"@type":"WebPage","@id":"http:\/\/simhero.com\/it\/casi-di-utilizzo-di-simhero\/trail-camera\/","url":"http:\/\/simhero.com\/it\/casi-di-utilizzo-di-simhero\/trail-camera\/","name":"Trail camera - simHERO","isPartOf":{"@id":"https:\/\/simhero.com\/it\/#website"},"primaryImageOfPage":{"@id":"http:\/\/simhero.com\/it\/casi-di-utilizzo-di-simhero\/trail-camera\/#primaryimage"},"image":{"@id":"http:\/\/simhero.com\/it\/casi-di-utilizzo-di-simhero\/trail-camera\/#primaryimage"},"thumbnailUrl":"http:\/\/simhero.com\/wp-content\/uploads\/2020\/07\/trail-camera-join-the-path-1-1-scaled.jpg","datePublished":"2020-11-24T09:47:34+00:00","dateModified":"2021-01-13T09:13:59+00:00","breadcrumb":{"@id":"http:\/\/simhero.com\/it\/casi-di-utilizzo-di-simhero\/trail-camera\/#breadcrumb"},"inLanguage":"it-IT","potentialAction":[{"@type":"ReadAction","target":["http:\/\/simhero.com\/it\/casi-di-utilizzo-di-simhero\/trail-camera\/"]}]},{"@type":"ImageObject","inLanguage":"it-IT","@id":"http:\/\/simhero.com\/it\/casi-di-utilizzo-di-simhero\/trail-camera\/#primaryimage","url":"http:\/\/simhero.com\/wp-content\/uploads\/2020\/07\/trail-camera-join-the-path-1-1-scaled.jpg","contentUrl":"http:\/\/simhero.com\/wp-content\/uploads\/2020\/07\/trail-camera-join-the-path-1-1-scaled.jpg","width":1600,"height":667},{"@type":"BreadcrumbList","@id":"http:\/\/simhero.com\/it\/casi-di-utilizzo-di-simhero\/trail-camera\/#breadcrumb","itemListElement":[{"@type":"ListItem","position":1,"name":"Home","item":"http:\/\/simhero.com\/it\/"},{"@type":"ListItem","position":2,"name":"Casi di utilizzo","item":"http:\/\/simhero.com\/it\/casi-di-utilizzo-di-simhero\/"},{"@type":"ListItem","position":3,"name":"Trail camera"}]},{"@type":"WebSite","@id":"https:\/\/simhero.com\/it\/#website","url":"https:\/\/simhero.com\/it\/","name":"simHERO","description":"","potentialAction":[{"@type":"SearchAction","target":{"@type":"EntryPoint","urlTemplate":"https:\/\/simhero.com\/it\/?s={search_term_string}"},"query-input":{"@type":"PropertyValueSpecification","valueRequired":true,"valueName":"search_term_string"}}],"inLanguage":"it-IT"}]}},"_links":{"self":[{"href":"http:\/\/simhero.com\/it\/wp-json\/wp\/v2\/pages\/3024"}],"collection":[{"href":"http:\/\/simhero.com\/it\/wp-json\/wp\/v2\/pages"}],"about":[{"href":"http:\/\/simhero.com\/it\/wp-json\/wp\/v2\/types\/page"}],"author":[{"embeddable":true,"href":"http:\/\/simhero.com\/it\/wp-json\/wp\/v2\/users\/2"}],"replies":[{"embeddable":true,"href":"http:\/\/simhero.com\/it\/wp-json\/wp\/v2\/comments?post=3024"}],"version-history":[{"count":7,"href":"http:\/\/simhero.com\/it\/wp-json\/wp\/v2\/pages\/3024\/revisions"}],"predecessor-version":[{"id":4891,"href":"http:\/\/simhero.com\/it\/wp-json\/wp\/v2\/pages\/3024\/revisions\/4891"}],"up":[{"embeddable":true,"href":"http:\/\/simhero.com\/it\/wp-json\/wp\/v2\/pages\/3019"}],"wp:featuredmedia":[{"embeddable":true,"href":"http:\/\/simhero.com\/it\/wp-json\/wp\/v2\/media\/3408"}],"wp:attachment":[{"href":"http:\/\/simhero.com\/it\/wp-json\/wp\/v2\/media?parent=3024"}],"curies":[{"name":"wp","href":"https:\/\/api.w.org\/{rel}","templated":true}]}}