{"id":3019,"date":"2020-11-24T10:42:47","date_gmt":"2020-11-24T09:42:47","guid":{"rendered":"http:\/\/3.65.206.27\/?page_id=3019"},"modified":"2021-01-13T10:10:07","modified_gmt":"2021-01-13T09:10:07","slug":"casi-di-utilizzo-di-simhero","status":"publish","type":"page","link":"http:\/\/simhero.com\/it\/casi-di-utilizzo-di-simhero\/","title":{"rendered":"Casi di utilizzo"},"content":{"rendered":"\t\t<div data-elementor-type=\"wp-page\" data-elementor-id=\"3019\" class=\"elementor elementor-3019 elementor-1538\" data-elementor-post-type=\"page\">\n\t\t\t\t\t\t<section class=\"elementor-section elementor-top-section elementor-element elementor-element-5fe29147 elementor-section-height-min-height elementor-section-boxed elementor-section-height-default elementor-section-items-middle\" data-id=\"5fe29147\" data-element_type=\"section\" data-settings=\"{&quot;background_background&quot;:&quot;classic&quot;}\">\n\t\t\t\t\t\t\t<div class=\"elementor-background-overlay\"><\/div>\n\t\t\t\t\t\t\t<div class=\"elementor-container elementor-column-gap-default\">\n\t\t\t\t\t<div class=\"elementor-column elementor-col-100 elementor-top-column elementor-element elementor-element-60fb6a66\" data-id=\"60fb6a66\" data-element_type=\"column\">\n\t\t\t<div class=\"elementor-widget-wrap elementor-element-populated\">\n\t\t\t\t\t\t<div class=\"elementor-element elementor-element-75190c0 elementor-widget elementor-widget-heading\" data-id=\"75190c0\" data-element_type=\"widget\" data-widget_type=\"heading.default\">\n\t\t\t\t<div class=\"elementor-widget-container\">\n\t\t\t<h1 class=\"elementor-heading-title elementor-size-default\">Esempi di utilizzo di simHERO<\/h1>\t\t<\/div>\n\t\t\t\t<\/div>\n\t\t\t\t\t<\/div>\n\t\t<\/div>\n\t\t\t\t\t<\/div>\n\t\t<\/section>\n\t\t\t\t<section class=\"elementor-section elementor-top-section elementor-element elementor-element-44a63dd elementor-section-boxed elementor-section-height-default elementor-section-height-default\" data-id=\"44a63dd\" data-element_type=\"section\">\n\t\t\t\t\t\t<div class=\"elementor-container elementor-column-gap-default\">\n\t\t\t\t\t<div class=\"elementor-column elementor-col-100 elementor-top-column elementor-element elementor-element-5768b0ce\" data-id=\"5768b0ce\" data-element_type=\"column\">\n\t\t\t<div class=\"elementor-widget-wrap elementor-element-populated\">\n\t\t\t\t\t\t<div class=\"elementor-element elementor-element-4ab25c54 elementor-widget elementor-widget-heading\" data-id=\"4ab25c54\" data-element_type=\"widget\" data-widget_type=\"heading.default\">\n\t\t\t\t<div class=\"elementor-widget-container\">\n\t\t\t<h2 class=\"elementor-heading-title elementor-size-default\">A cosa serve\n<\/h2>\t\t<\/div>\n\t\t\t\t<\/div>\n\t\t\t\t<div class=\"elementor-element elementor-element-1eee4614 elementor-widget elementor-widget-text-editor\" data-id=\"1eee4614\" data-element_type=\"widget\" data-widget_type=\"text-editor.default\">\n\t\t\t\t<div class=\"elementor-widget-container\">\n\t\t\t\t\t\t\t<p><a name=\"_Hlk55751471\"><\/a>Internet of Things (IoT) continua ad avere un impatto sempre pi\u00f9 significativo sul settore dell\u2019elettronica di consumo. I dispositivi connessi disponibili sul mercato continuano ad aumentare sia in numero che in tipologia e i consumatori di tutto il mondo si pongono le stesse domande: Qual \u00e8 la SIM giusta per me? Quale piano dati \u00e8 pi\u00f9 appropriato per il mio dispositivo e non mi fa sprecare soldi? E simHERO pu\u00f2 essere utilizzata per qualsiasi tipo di dispositivo? Cosa significa se ho 100 Megabyte?<\/p><p><span lang=\"it-IT\">simHERO \u00e8 la risposta a tutte le tue domande. Ci impegniamo a fondo per creare pacchetti dati e piani tariffari giusti per te e per tutti i tuoi dispositivi. Vogliamo essere sicuri di trasformare semplice traffico di dati in effettive prestazioni per il tuo dispositivo, facendoti risparmiare tempo e denaro. Allo stesso modo, scandagliamo costantemente i mercati alla ricerca di nuovi dispositivi IoT e verifichiamo se simHERO \u00e8 il partner perfetto. A buona volont\u00e0, non manca facolt\u00e0. E dove c\u2019\u00e8 uno slot SIM non deve mancare simHERO. La nostra SIM globale IoT pu\u00f2 essere utilizzata in ogni dispositivo IoT che utilizza Dati e\/o SMS.<\/span><\/p><p><span lang=\"it-IT\">Investire denaro, tempo ed energia per creare una migliore comprensione del dispositivo IoT e del relativo comportamento dell\u2019utente \u00e8 stato uno dei fattori essenziali del nostro successo fino ad oggi. Ci siamo resi conto che se comprendiamo i modi di utilizzo dei nostri clienti, saremo anche in grado di fornire una guida affidabile lungo questo viaggio nell\u2019IoT.<\/span><\/p><p><span lang=\"it-IT\">Ecco alcuni esempi:<\/span><\/p>\t\t\t\t\t\t<\/div>\n\t\t\t\t<\/div>\n\t\t\t\t<section class=\"elementor-section elementor-inner-section elementor-element elementor-element-128b55f4 elementor-section-boxed elementor-section-height-default elementor-section-height-default\" data-id=\"128b55f4\" data-element_type=\"section\">\n\t\t\t\t\t\t<div class=\"elementor-container elementor-column-gap-default\">\n\t\t\t\t\t<div class=\"elementor-column elementor-col-33 elementor-inner-column elementor-element elementor-element-c0a5295\" data-id=\"c0a5295\" data-element_type=\"column\">\n\t\t\t<div class=\"elementor-widget-wrap elementor-element-populated\">\n\t\t\t\t\t\t<div class=\"elementor-element elementor-element-4a7ba2a3 elementor-position-top elementor-widget elementor-widget-image-box\" data-id=\"4a7ba2a3\" data-element_type=\"widget\" data-widget_type=\"image-box.default\">\n\t\t\t\t<div class=\"elementor-widget-container\">\n\t\t\t<div class=\"elementor-image-box-wrapper\"><figure class=\"elementor-image-box-img\"><a href=\"https:\/\/simhero.com\/it\/casi-di-utilizzo-di-simhero\/trail-camera\/\" tabindex=\"-1\"><img fetchpriority=\"high\" decoding=\"async\" width=\"1000\" height=\"667\" src=\"http:\/\/simhero.com\/wp-content\/uploads\/2020\/07\/trail-camera-join-the-path.jpg\" class=\"attachment-full size-full wp-image-3394\" alt=\"\" srcset=\"http:\/\/simhero.com\/wp-content\/uploads\/2020\/07\/trail-camera-join-the-path.jpg 1000w, http:\/\/simhero.com\/wp-content\/uploads\/2020\/07\/trail-camera-join-the-path-300x200.jpg 300w, http:\/\/simhero.com\/wp-content\/uploads\/2020\/07\/trail-camera-join-the-path-768x512.jpg 768w\" sizes=\"(max-width: 1000px) 100vw, 1000px\" \/><\/a><\/figure><div class=\"elementor-image-box-content\"><span class=\"elementor-image-box-title\"><a href=\"https:\/\/simhero.com\/it\/casi-di-utilizzo-di-simhero\/trail-camera\/\">simHERO per TRAIL CAMERA<\/a><\/span><\/div><\/div>\t\t<\/div>\n\t\t\t\t<\/div>\n\t\t\t\t\t<\/div>\n\t\t<\/div>\n\t\t\t\t<div class=\"elementor-column elementor-col-33 elementor-inner-column elementor-element elementor-element-17832f74\" data-id=\"17832f74\" data-element_type=\"column\">\n\t\t\t<div class=\"elementor-widget-wrap elementor-element-populated\">\n\t\t\t\t\t\t<div class=\"elementor-element elementor-element-1cf9e2e1 elementor-position-top elementor-widget elementor-widget-image-box\" data-id=\"1cf9e2e1\" data-element_type=\"widget\" data-widget_type=\"image-box.default\">\n\t\t\t\t<div class=\"elementor-widget-container\">\n\t\t\t<div class=\"elementor-image-box-wrapper\"><figure class=\"elementor-image-box-img\"><a href=\"https:\/\/simhero.com\/it\/casi-di-utilizzo-di-simhero\/sistemi-di-sicurezza\/\" tabindex=\"-1\"><img decoding=\"async\" width=\"1000\" height=\"667\" src=\"http:\/\/simhero.com\/wp-content\/uploads\/2020\/07\/security-systems.jpg\" class=\"attachment-full size-full wp-image-3395\" alt=\"\" srcset=\"http:\/\/simhero.com\/wp-content\/uploads\/2020\/07\/security-systems.jpg 1000w, http:\/\/simhero.com\/wp-content\/uploads\/2020\/07\/security-systems-300x200.jpg 300w, http:\/\/simhero.com\/wp-content\/uploads\/2020\/07\/security-systems-768x512.jpg 768w\" sizes=\"(max-width: 1000px) 100vw, 1000px\" \/><\/a><\/figure><div class=\"elementor-image-box-content\"><span class=\"elementor-image-box-title\"><a href=\"https:\/\/simhero.com\/it\/casi-di-utilizzo-di-simhero\/sistemi-di-sicurezza\/\">simHERO per SISTEMI DI SICUREZZA<\/a><\/span><\/div><\/div>\t\t<\/div>\n\t\t\t\t<\/div>\n\t\t\t\t\t<\/div>\n\t\t<\/div>\n\t\t\t\t<div class=\"elementor-column elementor-col-33 elementor-inner-column elementor-element elementor-element-5f9378e4\" data-id=\"5f9378e4\" data-element_type=\"column\">\n\t\t\t<div class=\"elementor-widget-wrap elementor-element-populated\">\n\t\t\t\t\t\t<div class=\"elementor-element elementor-element-4920c673 elementor-position-top elementor-widget elementor-widget-image-box\" data-id=\"4920c673\" data-element_type=\"widget\" data-widget_type=\"image-box.default\">\n\t\t\t\t<div class=\"elementor-widget-container\">\n\t\t\t<div class=\"elementor-image-box-wrapper\"><figure class=\"elementor-image-box-img\"><a href=\"https:\/\/simhero.com\/it\/casi-di-utilizzo-di-simhero\/pet-trackers\/\" tabindex=\"-1\"><img decoding=\"async\" width=\"1000\" height=\"667\" src=\"http:\/\/simhero.com\/wp-content\/uploads\/2020\/07\/pet-tracker-cat.jpg\" class=\"attachment-full size-full wp-image-3396\" alt=\"\" srcset=\"http:\/\/simhero.com\/wp-content\/uploads\/2020\/07\/pet-tracker-cat.jpg 1000w, http:\/\/simhero.com\/wp-content\/uploads\/2020\/07\/pet-tracker-cat-300x200.jpg 300w, http:\/\/simhero.com\/wp-content\/uploads\/2020\/07\/pet-tracker-cat-768x512.jpg 768w\" sizes=\"(max-width: 1000px) 100vw, 1000px\" \/><\/a><\/figure><div class=\"elementor-image-box-content\"><span class=\"elementor-image-box-title\"><a href=\"https:\/\/simhero.com\/it\/casi-di-utilizzo-di-simhero\/pet-trackers\/\">simHERO per PET TRACKER<\/a><\/span><\/div><\/div>\t\t<\/div>\n\t\t\t\t<\/div>\n\t\t\t\t\t<\/div>\n\t\t<\/div>\n\t\t\t\t\t<\/div>\n\t\t<\/section>\n\t\t\t\t<section class=\"elementor-section elementor-inner-section elementor-element elementor-element-62acb2df elementor-section-boxed elementor-section-height-default elementor-section-height-default\" data-id=\"62acb2df\" data-element_type=\"section\">\n\t\t\t\t\t\t<div class=\"elementor-container elementor-column-gap-default\">\n\t\t\t\t\t<div class=\"elementor-column elementor-col-33 elementor-inner-column elementor-element elementor-element-59f33149\" data-id=\"59f33149\" data-element_type=\"column\">\n\t\t\t<div class=\"elementor-widget-wrap elementor-element-populated\">\n\t\t\t\t\t\t<div class=\"elementor-element elementor-element-5a410f6a elementor-position-top elementor-widget elementor-widget-image-box\" data-id=\"5a410f6a\" data-element_type=\"widget\" data-widget_type=\"image-box.default\">\n\t\t\t\t<div class=\"elementor-widget-container\">\n\t\t\t<div class=\"elementor-image-box-wrapper\"><figure class=\"elementor-image-box-img\"><a href=\"https:\/\/simhero.com\/it\/casi-di-utilizzo-di-simhero\/tracker-di-veicoli\/\" tabindex=\"-1\"><img loading=\"lazy\" decoding=\"async\" width=\"640\" height=\"426\" src=\"http:\/\/simhero.com\/wp-content\/uploads\/2020\/06\/vehicle.jpg\" class=\"attachment-full size-full wp-image-3393\" alt=\"\" srcset=\"http:\/\/simhero.com\/wp-content\/uploads\/2020\/06\/vehicle.jpg 640w, http:\/\/simhero.com\/wp-content\/uploads\/2020\/06\/vehicle-300x200.jpg 300w\" sizes=\"(max-width: 640px) 100vw, 640px\" \/><\/a><\/figure><div class=\"elementor-image-box-content\"><span class=\"elementor-image-box-title\"><a href=\"https:\/\/simhero.com\/it\/casi-di-utilizzo-di-simhero\/tracker-di-veicoli\/\">simHERO per TRACKER DI VEICOLI<\/a><\/span><\/div><\/div>\t\t<\/div>\n\t\t\t\t<\/div>\n\t\t\t\t\t<\/div>\n\t\t<\/div>\n\t\t\t\t<div class=\"elementor-column elementor-col-33 elementor-inner-column elementor-element elementor-element-68550e5c\" data-id=\"68550e5c\" data-element_type=\"column\">\n\t\t\t<div class=\"elementor-widget-wrap elementor-element-populated\">\n\t\t\t\t\t\t<div class=\"elementor-element elementor-element-26bf3a6a elementor-position-top elementor-widget elementor-widget-image-box\" data-id=\"26bf3a6a\" data-element_type=\"widget\" data-widget_type=\"image-box.default\">\n\t\t\t\t<div class=\"elementor-widget-container\">\n\t\t\t<div class=\"elementor-image-box-wrapper\"><figure class=\"elementor-image-box-img\"><a href=\"https:\/\/simhero.com\/it\/casi-di-utilizzo-di-simhero\/orologi-per-bambini\/\" tabindex=\"-1\"><img loading=\"lazy\" decoding=\"async\" width=\"640\" height=\"426\" src=\"http:\/\/simhero.com\/wp-content\/uploads\/2020\/06\/kidwatches.jpg\" class=\"attachment-full size-full wp-image-3061\" alt=\"\" srcset=\"http:\/\/simhero.com\/wp-content\/uploads\/2020\/06\/kidwatches.jpg 640w, http:\/\/simhero.com\/wp-content\/uploads\/2020\/06\/kidwatches-300x200.jpg 300w\" sizes=\"(max-width: 640px) 100vw, 640px\" \/><\/a><\/figure><div class=\"elementor-image-box-content\"><span class=\"elementor-image-box-title\"><a href=\"https:\/\/simhero.com\/it\/casi-di-utilizzo-di-simhero\/orologi-per-bambini\/\">simHERO per OROLOGI PER BAMBINI<\/a><\/span><\/div><\/div>\t\t<\/div>\n\t\t\t\t<\/div>\n\t\t\t\t\t<\/div>\n\t\t<\/div>\n\t\t\t\t<div class=\"elementor-column elementor-col-33 elementor-inner-column elementor-element elementor-element-315033cc\" data-id=\"315033cc\" data-element_type=\"column\">\n\t\t\t<div class=\"elementor-widget-wrap\">\n\t\t\t\t\t\t\t<\/div>\n\t\t<\/div>\n\t\t\t\t\t<\/div>\n\t\t<\/section>\n\t\t\t\t\t<\/div>\n\t\t<\/div>\n\t\t\t\t\t<\/div>\n\t\t<\/section>\n\t\t\t\t<\/div>\n\t\t","protected":false},"excerpt":{"rendered":"<p>Esempi di utilizzo di simHERO A cosa serve Internet of Things (IoT) continua ad avere un impatto sempre pi\u00f9 significativo sul settore dell\u2019elettronica di consumo. I dispositivi connessi disponibili sul mercato continuano ad aumentare sia in numero che in tipologia e i consumatori di tutto il mondo si pongono le stesse domande: Qual \u00e8 la [&hellip;]<\/p>\n","protected":false},"author":2,"featured_media":3389,"parent":0,"menu_order":0,"comment_status":"closed","ping_status":"closed","template":"elementor_header_footer","meta":{"footnotes":""},"yoast_head":"<!-- This site is optimized with the Yoast SEO plugin v23.4 - https:\/\/yoast.com\/wordpress\/plugins\/seo\/ -->\n<title>Casi di utilizzo - simHERO<\/title>\n<meta name=\"robots\" content=\"index, follow, max-snippet:-1, max-image-preview:large, max-video-preview:-1\" \/>\n<link rel=\"canonical\" href=\"http:\/\/simhero.com\/it\/casi-di-utilizzo-di-simhero\/\" \/>\n<meta property=\"og:locale\" content=\"it_IT\" \/>\n<meta property=\"og:type\" content=\"article\" \/>\n<meta property=\"og:title\" content=\"Casi di utilizzo - simHERO\" \/>\n<meta property=\"og:description\" content=\"Esempi di utilizzo di simHERO A cosa serve Internet of Things (IoT) continua ad avere un impatto sempre pi\u00f9 significativo sul settore dell\u2019elettronica di consumo. I dispositivi connessi disponibili sul mercato continuano ad aumentare sia in numero che in tipologia e i consumatori di tutto il mondo si pongono le stesse domande: Qual \u00e8 la [&hellip;]\" \/>\n<meta property=\"og:url\" content=\"http:\/\/simhero.com\/it\/casi-di-utilizzo-di-simhero\/\" \/>\n<meta property=\"og:site_name\" content=\"simHERO\" \/>\n<meta property=\"article:publisher\" content=\"https:\/\/www.facebook.com\/freeewaysimhero\/\" \/>\n<meta property=\"article:modified_time\" content=\"2021-01-13T09:10:07+00:00\" \/>\n<meta property=\"og:image\" content=\"http:\/\/simhero.com\/wp-content\/uploads\/2020\/06\/arc-scaled.jpg\" \/>\n\t<meta property=\"og:image:width\" content=\"2560\" \/>\n\t<meta property=\"og:image:height\" content=\"1067\" \/>\n\t<meta property=\"og:image:type\" content=\"image\/jpeg\" \/>\n<meta name=\"twitter:card\" content=\"summary_large_image\" \/>\n<meta name=\"twitter:label1\" content=\"Tempo di lettura stimato\" \/>\n\t<meta name=\"twitter:data1\" content=\"1 minuto\" \/>\n<script type=\"application\/ld+json\" class=\"yoast-schema-graph\">{\"@context\":\"https:\/\/schema.org\",\"@graph\":[{\"@type\":\"WebPage\",\"@id\":\"http:\/\/simhero.com\/it\/casi-di-utilizzo-di-simhero\/\",\"url\":\"http:\/\/simhero.com\/it\/casi-di-utilizzo-di-simhero\/\",\"name\":\"Casi di utilizzo - simHERO\",\"isPartOf\":{\"@id\":\"https:\/\/simhero.com\/it\/#website\"},\"primaryImageOfPage\":{\"@id\":\"http:\/\/simhero.com\/it\/casi-di-utilizzo-di-simhero\/#primaryimage\"},\"image\":{\"@id\":\"http:\/\/simhero.com\/it\/casi-di-utilizzo-di-simhero\/#primaryimage\"},\"thumbnailUrl\":\"http:\/\/simhero.com\/wp-content\/uploads\/2020\/06\/arc-scaled.jpg\",\"datePublished\":\"2020-11-24T09:42:47+00:00\",\"dateModified\":\"2021-01-13T09:10:07+00:00\",\"breadcrumb\":{\"@id\":\"http:\/\/simhero.com\/it\/casi-di-utilizzo-di-simhero\/#breadcrumb\"},\"inLanguage\":\"it-IT\",\"potentialAction\":[{\"@type\":\"ReadAction\",\"target\":[\"http:\/\/simhero.com\/it\/casi-di-utilizzo-di-simhero\/\"]}]},{\"@type\":\"ImageObject\",\"inLanguage\":\"it-IT\",\"@id\":\"http:\/\/simhero.com\/it\/casi-di-utilizzo-di-simhero\/#primaryimage\",\"url\":\"http:\/\/simhero.com\/wp-content\/uploads\/2020\/06\/arc-scaled.jpg\",\"contentUrl\":\"http:\/\/simhero.com\/wp-content\/uploads\/2020\/06\/arc-scaled.jpg\",\"width\":2560,\"height\":1067},{\"@type\":\"BreadcrumbList\",\"@id\":\"http:\/\/simhero.com\/it\/casi-di-utilizzo-di-simhero\/#breadcrumb\",\"itemListElement\":[{\"@type\":\"ListItem\",\"position\":1,\"name\":\"Home\",\"item\":\"http:\/\/simhero.com\/it\/\"},{\"@type\":\"ListItem\",\"position\":2,\"name\":\"Casi di utilizzo\"}]},{\"@type\":\"WebSite\",\"@id\":\"https:\/\/simhero.com\/it\/#website\",\"url\":\"https:\/\/simhero.com\/it\/\",\"name\":\"simHERO\",\"description\":\"\",\"potentialAction\":[{\"@type\":\"SearchAction\",\"target\":{\"@type\":\"EntryPoint\",\"urlTemplate\":\"https:\/\/simhero.com\/it\/?s={search_term_string}\"},\"query-input\":{\"@type\":\"PropertyValueSpecification\",\"valueRequired\":true,\"valueName\":\"search_term_string\"}}],\"inLanguage\":\"it-IT\"}]}<\/script>\n<!-- \/ Yoast SEO plugin. -->","yoast_head_json":{"title":"Casi di utilizzo - simHERO","robots":{"index":"index","follow":"follow","max-snippet":"max-snippet:-1","max-image-preview":"max-image-preview:large","max-video-preview":"max-video-preview:-1"},"canonical":"http:\/\/simhero.com\/it\/casi-di-utilizzo-di-simhero\/","og_locale":"it_IT","og_type":"article","og_title":"Casi di utilizzo - simHERO","og_description":"Esempi di utilizzo di simHERO A cosa serve Internet of Things (IoT) continua ad avere un impatto sempre pi\u00f9 significativo sul settore dell\u2019elettronica di consumo. I dispositivi connessi disponibili sul mercato continuano ad aumentare sia in numero che in tipologia e i consumatori di tutto il mondo si pongono le stesse domande: Qual \u00e8 la [&hellip;]","og_url":"http:\/\/simhero.com\/it\/casi-di-utilizzo-di-simhero\/","og_site_name":"simHERO","article_publisher":"https:\/\/www.facebook.com\/freeewaysimhero\/","article_modified_time":"2021-01-13T09:10:07+00:00","og_image":[{"width":2560,"height":1067,"url":"http:\/\/simhero.com\/wp-content\/uploads\/2020\/06\/arc-scaled.jpg","type":"image\/jpeg"}],"twitter_card":"summary_large_image","twitter_misc":{"Tempo di lettura stimato":"1 minuto"},"schema":{"@context":"https:\/\/schema.org","@graph":[{"@type":"WebPage","@id":"http:\/\/simhero.com\/it\/casi-di-utilizzo-di-simhero\/","url":"http:\/\/simhero.com\/it\/casi-di-utilizzo-di-simhero\/","name":"Casi di utilizzo - simHERO","isPartOf":{"@id":"https:\/\/simhero.com\/it\/#website"},"primaryImageOfPage":{"@id":"http:\/\/simhero.com\/it\/casi-di-utilizzo-di-simhero\/#primaryimage"},"image":{"@id":"http:\/\/simhero.com\/it\/casi-di-utilizzo-di-simhero\/#primaryimage"},"thumbnailUrl":"http:\/\/simhero.com\/wp-content\/uploads\/2020\/06\/arc-scaled.jpg","datePublished":"2020-11-24T09:42:47+00:00","dateModified":"2021-01-13T09:10:07+00:00","breadcrumb":{"@id":"http:\/\/simhero.com\/it\/casi-di-utilizzo-di-simhero\/#breadcrumb"},"inLanguage":"it-IT","potentialAction":[{"@type":"ReadAction","target":["http:\/\/simhero.com\/it\/casi-di-utilizzo-di-simhero\/"]}]},{"@type":"ImageObject","inLanguage":"it-IT","@id":"http:\/\/simhero.com\/it\/casi-di-utilizzo-di-simhero\/#primaryimage","url":"http:\/\/simhero.com\/wp-content\/uploads\/2020\/06\/arc-scaled.jpg","contentUrl":"http:\/\/simhero.com\/wp-content\/uploads\/2020\/06\/arc-scaled.jpg","width":2560,"height":1067},{"@type":"BreadcrumbList","@id":"http:\/\/simhero.com\/it\/casi-di-utilizzo-di-simhero\/#breadcrumb","itemListElement":[{"@type":"ListItem","position":1,"name":"Home","item":"http:\/\/simhero.com\/it\/"},{"@type":"ListItem","position":2,"name":"Casi di utilizzo"}]},{"@type":"WebSite","@id":"https:\/\/simhero.com\/it\/#website","url":"https:\/\/simhero.com\/it\/","name":"simHERO","description":"","potentialAction":[{"@type":"SearchAction","target":{"@type":"EntryPoint","urlTemplate":"https:\/\/simhero.com\/it\/?s={search_term_string}"},"query-input":{"@type":"PropertyValueSpecification","valueRequired":true,"valueName":"search_term_string"}}],"inLanguage":"it-IT"}]}},"_links":{"self":[{"href":"http:\/\/simhero.com\/it\/wp-json\/wp\/v2\/pages\/3019"}],"collection":[{"href":"http:\/\/simhero.com\/it\/wp-json\/wp\/v2\/pages"}],"about":[{"href":"http:\/\/simhero.com\/it\/wp-json\/wp\/v2\/types\/page"}],"author":[{"embeddable":true,"href":"http:\/\/simhero.com\/it\/wp-json\/wp\/v2\/users\/2"}],"replies":[{"embeddable":true,"href":"http:\/\/simhero.com\/it\/wp-json\/wp\/v2\/comments?post=3019"}],"version-history":[{"count":11,"href":"http:\/\/simhero.com\/it\/wp-json\/wp\/v2\/pages\/3019\/revisions"}],"predecessor-version":[{"id":4888,"href":"http:\/\/simhero.com\/it\/wp-json\/wp\/v2\/pages\/3019\/revisions\/4888"}],"wp:featuredmedia":[{"embeddable":true,"href":"http:\/\/simhero.com\/it\/wp-json\/wp\/v2\/media\/3389"}],"wp:attachment":[{"href":"http:\/\/simhero.com\/it\/wp-json\/wp\/v2\/media?parent=3019"}],"curies":[{"name":"wp","href":"https:\/\/api.w.org\/{rel}","templated":true}]}}