{"id":2682,"date":"2020-11-19T14:04:40","date_gmt":"2020-11-19T13:04:40","guid":{"rendered":"http:\/\/3.65.206.27\/?page_id=2682"},"modified":"2020-12-10T13:24:46","modified_gmt":"2020-12-10T12:24:46","slug":"cas-dutilisation","status":"publish","type":"page","link":"http:\/\/simhero.com\/fr\/professionnels\/cas-dutilisation\/","title":{"rendered":"Cas d&rsquo;utilisation"},"content":{"rendered":"\t\t<div data-elementor-type=\"wp-page\" data-elementor-id=\"2682\" class=\"elementor elementor-2682 elementor-21\" data-elementor-post-type=\"page\">\n\t\t\t\t\t\t<section class=\"elementor-section elementor-top-section elementor-element elementor-element-2ce6d8d3 elementor-section-height-min-height elementor-section-boxed elementor-section-height-default elementor-section-items-middle\" data-id=\"2ce6d8d3\" data-element_type=\"section\" data-settings=\"{&quot;background_background&quot;:&quot;classic&quot;}\">\n\t\t\t\t\t\t\t<div class=\"elementor-background-overlay\"><\/div>\n\t\t\t\t\t\t\t<div class=\"elementor-container elementor-column-gap-default\">\n\t\t\t\t\t<div class=\"elementor-column elementor-col-100 elementor-top-column elementor-element elementor-element-10361561\" data-id=\"10361561\" data-element_type=\"column\">\n\t\t\t<div class=\"elementor-widget-wrap elementor-element-populated\">\n\t\t\t\t\t\t<div class=\"elementor-element elementor-element-3c669e90 elementor-widget elementor-widget-heading\" data-id=\"3c669e90\" data-element_type=\"widget\" data-widget_type=\"heading.default\">\n\t\t\t\t<div class=\"elementor-widget-container\">\n\t\t\t<h1 class=\"elementor-heading-title elementor-size-default\">simHERO Cas d'utilisation\n<\/h1>\t\t<\/div>\n\t\t\t\t<\/div>\n\t\t\t\t\t<\/div>\n\t\t<\/div>\n\t\t\t\t\t<\/div>\n\t\t<\/section>\n\t\t\t\t<section class=\"elementor-section elementor-top-section elementor-element elementor-element-78975db3 elementor-section-boxed elementor-section-height-default elementor-section-height-default\" data-id=\"78975db3\" data-element_type=\"section\">\n\t\t\t\t\t\t<div class=\"elementor-container elementor-column-gap-default\">\n\t\t\t\t\t<div class=\"elementor-column elementor-col-100 elementor-top-column elementor-element elementor-element-6af8ff2c\" data-id=\"6af8ff2c\" data-element_type=\"column\">\n\t\t\t<div class=\"elementor-widget-wrap elementor-element-populated\">\n\t\t\t\t\t\t<div class=\"elementor-element elementor-element-22b946a1 elementor-widget elementor-widget-heading\" data-id=\"22b946a1\" data-element_type=\"widget\" data-widget_type=\"heading.default\">\n\t\t\t\t<div class=\"elementor-widget-container\">\n\t\t\t<h2 class=\"elementor-heading-title elementor-size-default\">\u00c0 quoi cela sert-il?\n\n<\/h2>\t\t<\/div>\n\t\t\t\t<\/div>\n\t\t\t\t<div class=\"elementor-element elementor-element-13edd01b elementor-widget elementor-widget-text-editor\" data-id=\"13edd01b\" data-element_type=\"widget\" data-widget_type=\"text-editor.default\">\n\t\t\t\t<div class=\"elementor-widget-container\">\n\t\t\t\t\t\t\t<p>L&rsquo;Internet of Things (Internet des objets \u2013 (IoT) a eu une influence certaine sur le secteur des appareils \u00e9lectroniques grand public, comme nous pouvons le voir aujourd&rsquo;hui. Les consommateurs du monde entier sont confront\u00e9s \u00e0 une quantit\u00e9 consid\u00e9rable d\u2018appareils IoT n\u00e9cessitant une connectivit\u00e9 SIM fournie par une multitude d\u2018op\u00e9rateurs. Mais quelle carte SIM est la bonne pour le consommateur final? Quel forfait de donn\u00e9es est le plus adapt\u00e9 \u00e0 mon appareil sans risque de gaspiller de l\u2018argent? simHERO peut-il \u00eatre utilis\u00e9 avec n\u2018importe quel type d\u2018appareil?<\/p><p>Chez simHERO, nous faisons beaucoup d\u2018efforts pour cr\u00e9er les donn\u00e9es et les forfaits appropri\u00e9s aussi bien pour nos clients professionnels que pour nos consommateurs finaux. De la m\u00eame mani\u00e8re, nous scrutons constamment les march\u00e9s \u00e0 l&rsquo;aff\u00fbt de nouveaux appareils IoT et v\u00e9rifions s&rsquo;ils sont parfaitement adapt\u00e9s \u00e0 simHERO. O\u00f9 il y a une volont\u00e9, il y a un moyen. Et l\u00e0 o\u00f9 il y a une fente pour carte SIM il y a un simHERO. Notre carte IoT SIM globale peut \u00eatre utilis\u00e9e dans tous les appareils IoT utilisant des donn\u00e9es et\/ou des SMS.<\/p><p>Le fait d&rsquo;avoir investi de l&rsquo;argent, du temps et de l&rsquo;\u00e9nergie pour avoir une meilleure compr\u00e9hension de l&rsquo;appareil IoT et du comportement d\u2018utilisateur associ\u00e9 est l&rsquo;une des raisons essentielles de notre succ\u00e8s. Nous nous sommes rendu compte que si nous comprenions les cas d&rsquo;utilisation de nos clients, nous serions aussi capables de leur fournir des orientations fiables tout au long du voyage IoT.<\/p><p>Voici quelques exemples :<\/p>\t\t\t\t\t\t<\/div>\n\t\t\t\t<\/div>\n\t\t\t\t<section class=\"elementor-section elementor-inner-section elementor-element elementor-element-a88ab23 elementor-section-boxed elementor-section-height-default elementor-section-height-default\" data-id=\"a88ab23\" data-element_type=\"section\">\n\t\t\t\t\t\t<div class=\"elementor-container elementor-column-gap-default\">\n\t\t\t\t\t<div class=\"elementor-column elementor-col-33 elementor-inner-column elementor-element elementor-element-12caf31\" data-id=\"12caf31\" data-element_type=\"column\">\n\t\t\t<div class=\"elementor-widget-wrap elementor-element-populated\">\n\t\t\t\t\t\t<div class=\"elementor-element elementor-element-fa49c55 elementor-position-top elementor-widget elementor-widget-image-box\" data-id=\"fa49c55\" data-element_type=\"widget\" data-widget_type=\"image-box.default\">\n\t\t\t\t<div class=\"elementor-widget-container\">\n\t\t\t<div class=\"elementor-image-box-wrapper\"><figure class=\"elementor-image-box-img\"><a href=\"https:\/\/simhero.com\/fr\/professionnels\/cas-dutilisation\/cameras-de-chasse\/\" tabindex=\"-1\"><img fetchpriority=\"high\" decoding=\"async\" width=\"1000\" height=\"667\" src=\"http:\/\/simhero.com\/wp-content\/uploads\/2020\/07\/trail-camera-join-the-path.jpg\" class=\"attachment-full size-full wp-image-2689\" alt=\"\" srcset=\"http:\/\/simhero.com\/wp-content\/uploads\/2020\/07\/trail-camera-join-the-path.jpg 1000w, http:\/\/simhero.com\/wp-content\/uploads\/2020\/07\/trail-camera-join-the-path-300x200.jpg 300w, http:\/\/simhero.com\/wp-content\/uploads\/2020\/07\/trail-camera-join-the-path-768x512.jpg 768w\" sizes=\"(max-width: 1000px) 100vw, 1000px\" \/><\/a><\/figure><div class=\"elementor-image-box-content\"><span class=\"elementor-image-box-title\"><a href=\"https:\/\/simhero.com\/fr\/professionnels\/cas-dutilisation\/cameras-de-chasse\/\">simHERO dans les CAM\u00c9RAS DE CHASSE<\/a><\/span><\/div><\/div>\t\t<\/div>\n\t\t\t\t<\/div>\n\t\t\t\t\t<\/div>\n\t\t<\/div>\n\t\t\t\t<div class=\"elementor-column elementor-col-33 elementor-inner-column elementor-element elementor-element-86f4005\" data-id=\"86f4005\" data-element_type=\"column\">\n\t\t\t<div class=\"elementor-widget-wrap elementor-element-populated\">\n\t\t\t\t\t\t<div class=\"elementor-element elementor-element-4c4c930 elementor-position-top elementor-widget elementor-widget-image-box\" data-id=\"4c4c930\" data-element_type=\"widget\" data-widget_type=\"image-box.default\">\n\t\t\t\t<div class=\"elementor-widget-container\">\n\t\t\t<div class=\"elementor-image-box-wrapper\"><figure class=\"elementor-image-box-img\"><a href=\"https:\/\/simhero.com\/fr\/professionnels\/cas-dutilisation\/systemes-de-securite\/\" tabindex=\"-1\"><img decoding=\"async\" width=\"1000\" height=\"667\" src=\"http:\/\/simhero.com\/wp-content\/uploads\/2020\/07\/security-systems.jpg\" class=\"attachment-full size-full wp-image-2690\" alt=\"\" srcset=\"http:\/\/simhero.com\/wp-content\/uploads\/2020\/07\/security-systems.jpg 1000w, http:\/\/simhero.com\/wp-content\/uploads\/2020\/07\/security-systems-300x200.jpg 300w, http:\/\/simhero.com\/wp-content\/uploads\/2020\/07\/security-systems-768x512.jpg 768w\" sizes=\"(max-width: 1000px) 100vw, 1000px\" \/><\/a><\/figure><div class=\"elementor-image-box-content\"><span class=\"elementor-image-box-title\"><a href=\"https:\/\/simhero.com\/fr\/professionnels\/cas-dutilisation\/systemes-de-securite\/\">simHERO dans les SYST\u00c8MES DE S\u00c9CURIT\u00c9<\/a><\/span><\/div><\/div>\t\t<\/div>\n\t\t\t\t<\/div>\n\t\t\t\t\t<\/div>\n\t\t<\/div>\n\t\t\t\t<div class=\"elementor-column elementor-col-33 elementor-inner-column elementor-element elementor-element-4e74153\" data-id=\"4e74153\" data-element_type=\"column\">\n\t\t\t<div class=\"elementor-widget-wrap elementor-element-populated\">\n\t\t\t\t\t\t<div class=\"elementor-element elementor-element-4215f08 elementor-position-top elementor-widget elementor-widget-image-box\" data-id=\"4215f08\" data-element_type=\"widget\" data-widget_type=\"image-box.default\">\n\t\t\t\t<div class=\"elementor-widget-container\">\n\t\t\t<div class=\"elementor-image-box-wrapper\"><figure class=\"elementor-image-box-img\"><a href=\"https:\/\/simhero.com\/fr\/professionnels\/cas-dutilisation\/traceurs-pour-animaux-de-compagnie\/\" tabindex=\"-1\"><img decoding=\"async\" width=\"1000\" height=\"667\" src=\"http:\/\/simhero.com\/wp-content\/uploads\/2020\/07\/pet-tracker-cat.jpg\" class=\"attachment-full size-full wp-image-2691\" alt=\"\" srcset=\"http:\/\/simhero.com\/wp-content\/uploads\/2020\/07\/pet-tracker-cat.jpg 1000w, http:\/\/simhero.com\/wp-content\/uploads\/2020\/07\/pet-tracker-cat-300x200.jpg 300w, http:\/\/simhero.com\/wp-content\/uploads\/2020\/07\/pet-tracker-cat-768x512.jpg 768w\" sizes=\"(max-width: 1000px) 100vw, 1000px\" \/><\/a><\/figure><div class=\"elementor-image-box-content\"><span class=\"elementor-image-box-title\"><a href=\"https:\/\/simhero.com\/fr\/professionnels\/cas-dutilisation\/traceurs-pour-animaux-de-compagnie\/\">simHERO dans les TRACEURS POUR ANIMAUX DE COMPAGNIE<\/a><\/span><\/div><\/div>\t\t<\/div>\n\t\t\t\t<\/div>\n\t\t\t\t\t<\/div>\n\t\t<\/div>\n\t\t\t\t\t<\/div>\n\t\t<\/section>\n\t\t\t\t<section class=\"elementor-section elementor-inner-section elementor-element elementor-element-26dfc06 elementor-section-boxed elementor-section-height-default elementor-section-height-default\" data-id=\"26dfc06\" data-element_type=\"section\">\n\t\t\t\t\t\t<div class=\"elementor-container elementor-column-gap-default\">\n\t\t\t\t\t<div class=\"elementor-column elementor-col-33 elementor-inner-column elementor-element elementor-element-4b3c614\" data-id=\"4b3c614\" data-element_type=\"column\">\n\t\t\t<div class=\"elementor-widget-wrap elementor-element-populated\">\n\t\t\t\t\t\t<div class=\"elementor-element elementor-element-0167228 elementor-position-top elementor-widget elementor-widget-image-box\" data-id=\"0167228\" data-element_type=\"widget\" data-widget_type=\"image-box.default\">\n\t\t\t\t<div class=\"elementor-widget-container\">\n\t\t\t<div class=\"elementor-image-box-wrapper\"><figure class=\"elementor-image-box-img\"><a href=\"https:\/\/simhero.com\/fr\/professionnels\/cas-dutilisation\/traceurs-de-vehicules\/\" tabindex=\"-1\"><img loading=\"lazy\" decoding=\"async\" width=\"640\" height=\"426\" src=\"http:\/\/simhero.com\/wp-content\/uploads\/2020\/06\/vehicle.jpg\" class=\"attachment-full size-full wp-image-2688\" alt=\"\" srcset=\"http:\/\/simhero.com\/wp-content\/uploads\/2020\/06\/vehicle.jpg 640w, http:\/\/simhero.com\/wp-content\/uploads\/2020\/06\/vehicle-300x200.jpg 300w\" sizes=\"(max-width: 640px) 100vw, 640px\" \/><\/a><\/figure><div class=\"elementor-image-box-content\"><span class=\"elementor-image-box-title\"><a href=\"https:\/\/simhero.com\/fr\/professionnels\/cas-dutilisation\/traceurs-de-vehicules\/\">simHERO dans les TRACEURS DE V\u00c9HICULES<\/a><\/span><\/div><\/div>\t\t<\/div>\n\t\t\t\t<\/div>\n\t\t\t\t\t<\/div>\n\t\t<\/div>\n\t\t\t\t<div class=\"elementor-column elementor-col-33 elementor-inner-column elementor-element elementor-element-168acb1\" data-id=\"168acb1\" data-element_type=\"column\">\n\t\t\t<div class=\"elementor-widget-wrap elementor-element-populated\">\n\t\t\t\t\t\t<div class=\"elementor-element elementor-element-d33f678 elementor-position-top elementor-widget elementor-widget-image-box\" data-id=\"d33f678\" data-element_type=\"widget\" data-widget_type=\"image-box.default\">\n\t\t\t\t<div class=\"elementor-widget-container\">\n\t\t\t<div class=\"elementor-image-box-wrapper\"><figure class=\"elementor-image-box-img\"><a href=\"https:\/\/simhero.com\/fr\/professionnels\/cas-dutilisation\/montres-pour-enfants\/\" tabindex=\"-1\"><img loading=\"lazy\" decoding=\"async\" width=\"640\" height=\"426\" src=\"http:\/\/simhero.com\/wp-content\/uploads\/2020\/06\/kidwatches.jpg\" class=\"attachment-full size-full wp-image-2589\" alt=\"\" srcset=\"http:\/\/simhero.com\/wp-content\/uploads\/2020\/06\/kidwatches.jpg 640w, http:\/\/simhero.com\/wp-content\/uploads\/2020\/06\/kidwatches-300x200.jpg 300w\" sizes=\"(max-width: 640px) 100vw, 640px\" \/><\/a><\/figure><div class=\"elementor-image-box-content\"><span class=\"elementor-image-box-title\"><a href=\"https:\/\/simhero.com\/fr\/professionnels\/cas-dutilisation\/montres-pour-enfants\/\">simHERO dans les MONTRES POUR ENFANTS<\/a><\/span><\/div><\/div>\t\t<\/div>\n\t\t\t\t<\/div>\n\t\t\t\t\t<\/div>\n\t\t<\/div>\n\t\t\t\t<div class=\"elementor-column elementor-col-33 elementor-inner-column elementor-element elementor-element-950b81c\" data-id=\"950b81c\" data-element_type=\"column\">\n\t\t\t<div class=\"elementor-widget-wrap\">\n\t\t\t\t\t\t\t<\/div>\n\t\t<\/div>\n\t\t\t\t\t<\/div>\n\t\t<\/section>\n\t\t\t\t\t<\/div>\n\t\t<\/div>\n\t\t\t\t\t<\/div>\n\t\t<\/section>\n\t\t\t\t<\/div>\n\t\t","protected":false},"excerpt":{"rendered":"<p>simHERO Cas d&rsquo;utilisation \u00c0 quoi cela sert-il? L&rsquo;Internet of Things (Internet des objets \u2013 (IoT) a eu une influence certaine sur le secteur des appareils \u00e9lectroniques grand public, comme nous pouvons le voir aujourd&rsquo;hui. Les consommateurs du monde entier sont confront\u00e9s \u00e0 une quantit\u00e9 consid\u00e9rable d\u2018appareils IoT n\u00e9cessitant une connectivit\u00e9 SIM fournie par une multitude [&hellip;]<\/p>\n","protected":false},"author":2,"featured_media":0,"parent":2542,"menu_order":0,"comment_status":"closed","ping_status":"closed","template":"elementor_header_footer","meta":{"footnotes":""},"yoast_head":"<!-- This site is optimized with the Yoast SEO plugin v23.4 - https:\/\/yoast.com\/wordpress\/plugins\/seo\/ -->\n<title>Cas d&#039;utilisation - simHERO<\/title>\n<meta name=\"robots\" content=\"index, follow, max-snippet:-1, max-image-preview:large, max-video-preview:-1\" \/>\n<link rel=\"canonical\" href=\"http:\/\/simhero.com\/fr\/professionnels\/cas-dutilisation\/\" \/>\n<meta property=\"og:locale\" content=\"fr_FR\" \/>\n<meta property=\"og:type\" content=\"article\" \/>\n<meta property=\"og:title\" content=\"Cas d&#039;utilisation - simHERO\" \/>\n<meta property=\"og:description\" content=\"simHERO Cas d&rsquo;utilisation \u00c0 quoi cela sert-il? L&rsquo;Internet of Things (Internet des objets \u2013 (IoT) a eu une influence certaine sur le secteur des appareils \u00e9lectroniques grand public, comme nous pouvons le voir aujourd&rsquo;hui. Les consommateurs du monde entier sont confront\u00e9s \u00e0 une quantit\u00e9 consid\u00e9rable d\u2018appareils IoT n\u00e9cessitant une connectivit\u00e9 SIM fournie par une multitude [&hellip;]\" \/>\n<meta property=\"og:url\" content=\"http:\/\/simhero.com\/fr\/professionnels\/cas-dutilisation\/\" \/>\n<meta property=\"og:site_name\" content=\"simHERO\" \/>\n<meta property=\"article:publisher\" content=\"https:\/\/www.facebook.com\/freeewaysimhero\/\" \/>\n<meta property=\"article:modified_time\" content=\"2020-12-10T12:24:46+00:00\" \/>\n<meta property=\"og:image\" content=\"http:\/\/3.65.206.27\/wp-content\/uploads\/2020\/07\/trail-camera-join-the-path.jpg\" \/>\n<meta name=\"twitter:card\" content=\"summary_large_image\" \/>\n<meta name=\"twitter:label1\" content=\"Dur\u00e9e de lecture estim\u00e9e\" \/>\n\t<meta name=\"twitter:data1\" content=\"2 minutes\" \/>\n<script type=\"application\/ld+json\" class=\"yoast-schema-graph\">{\"@context\":\"https:\/\/schema.org\",\"@graph\":[{\"@type\":\"WebPage\",\"@id\":\"http:\/\/simhero.com\/fr\/professionnels\/cas-dutilisation\/\",\"url\":\"http:\/\/simhero.com\/fr\/professionnels\/cas-dutilisation\/\",\"name\":\"Cas d'utilisation - simHERO\",\"isPartOf\":{\"@id\":\"https:\/\/simhero.com\/fr\/#website\"},\"primaryImageOfPage\":{\"@id\":\"http:\/\/simhero.com\/fr\/professionnels\/cas-dutilisation\/#primaryimage\"},\"image\":{\"@id\":\"http:\/\/simhero.com\/fr\/professionnels\/cas-dutilisation\/#primaryimage\"},\"thumbnailUrl\":\"http:\/\/3.65.206.27\/wp-content\/uploads\/2020\/07\/trail-camera-join-the-path.jpg\",\"datePublished\":\"2020-11-19T13:04:40+00:00\",\"dateModified\":\"2020-12-10T12:24:46+00:00\",\"breadcrumb\":{\"@id\":\"http:\/\/simhero.com\/fr\/professionnels\/cas-dutilisation\/#breadcrumb\"},\"inLanguage\":\"fr-FR\",\"potentialAction\":[{\"@type\":\"ReadAction\",\"target\":[\"http:\/\/simhero.com\/fr\/professionnels\/cas-dutilisation\/\"]}]},{\"@type\":\"ImageObject\",\"inLanguage\":\"fr-FR\",\"@id\":\"http:\/\/simhero.com\/fr\/professionnels\/cas-dutilisation\/#primaryimage\",\"url\":\"http:\/\/3.65.206.27\/wp-content\/uploads\/2020\/07\/trail-camera-join-the-path.jpg\",\"contentUrl\":\"http:\/\/3.65.206.27\/wp-content\/uploads\/2020\/07\/trail-camera-join-the-path.jpg\"},{\"@type\":\"BreadcrumbList\",\"@id\":\"http:\/\/simhero.com\/fr\/professionnels\/cas-dutilisation\/#breadcrumb\",\"itemListElement\":[{\"@type\":\"ListItem\",\"position\":1,\"name\":\"Accueil\",\"item\":\"http:\/\/simhero.com\/fr\/\"},{\"@type\":\"ListItem\",\"position\":2,\"name\":\"Professionnels\",\"item\":\"http:\/\/simhero.com\/fr\/professionnels\/\"},{\"@type\":\"ListItem\",\"position\":3,\"name\":\"Cas d&rsquo;utilisation\"}]},{\"@type\":\"WebSite\",\"@id\":\"https:\/\/simhero.com\/fr\/#website\",\"url\":\"https:\/\/simhero.com\/fr\/\",\"name\":\"simHERO\",\"description\":\"\",\"potentialAction\":[{\"@type\":\"SearchAction\",\"target\":{\"@type\":\"EntryPoint\",\"urlTemplate\":\"https:\/\/simhero.com\/fr\/?s={search_term_string}\"},\"query-input\":{\"@type\":\"PropertyValueSpecification\",\"valueRequired\":true,\"valueName\":\"search_term_string\"}}],\"inLanguage\":\"fr-FR\"}]}<\/script>\n<!-- \/ Yoast SEO plugin. -->","yoast_head_json":{"title":"Cas d'utilisation - simHERO","robots":{"index":"index","follow":"follow","max-snippet":"max-snippet:-1","max-image-preview":"max-image-preview:large","max-video-preview":"max-video-preview:-1"},"canonical":"http:\/\/simhero.com\/fr\/professionnels\/cas-dutilisation\/","og_locale":"fr_FR","og_type":"article","og_title":"Cas d'utilisation - simHERO","og_description":"simHERO Cas d&rsquo;utilisation \u00c0 quoi cela sert-il? L&rsquo;Internet of Things (Internet des objets \u2013 (IoT) a eu une influence certaine sur le secteur des appareils \u00e9lectroniques grand public, comme nous pouvons le voir aujourd&rsquo;hui. Les consommateurs du monde entier sont confront\u00e9s \u00e0 une quantit\u00e9 consid\u00e9rable d\u2018appareils IoT n\u00e9cessitant une connectivit\u00e9 SIM fournie par une multitude [&hellip;]","og_url":"http:\/\/simhero.com\/fr\/professionnels\/cas-dutilisation\/","og_site_name":"simHERO","article_publisher":"https:\/\/www.facebook.com\/freeewaysimhero\/","article_modified_time":"2020-12-10T12:24:46+00:00","og_image":[{"url":"http:\/\/3.65.206.27\/wp-content\/uploads\/2020\/07\/trail-camera-join-the-path.jpg"}],"twitter_card":"summary_large_image","twitter_misc":{"Dur\u00e9e de lecture estim\u00e9e":"2 minutes"},"schema":{"@context":"https:\/\/schema.org","@graph":[{"@type":"WebPage","@id":"http:\/\/simhero.com\/fr\/professionnels\/cas-dutilisation\/","url":"http:\/\/simhero.com\/fr\/professionnels\/cas-dutilisation\/","name":"Cas d'utilisation - simHERO","isPartOf":{"@id":"https:\/\/simhero.com\/fr\/#website"},"primaryImageOfPage":{"@id":"http:\/\/simhero.com\/fr\/professionnels\/cas-dutilisation\/#primaryimage"},"image":{"@id":"http:\/\/simhero.com\/fr\/professionnels\/cas-dutilisation\/#primaryimage"},"thumbnailUrl":"http:\/\/3.65.206.27\/wp-content\/uploads\/2020\/07\/trail-camera-join-the-path.jpg","datePublished":"2020-11-19T13:04:40+00:00","dateModified":"2020-12-10T12:24:46+00:00","breadcrumb":{"@id":"http:\/\/simhero.com\/fr\/professionnels\/cas-dutilisation\/#breadcrumb"},"inLanguage":"fr-FR","potentialAction":[{"@type":"ReadAction","target":["http:\/\/simhero.com\/fr\/professionnels\/cas-dutilisation\/"]}]},{"@type":"ImageObject","inLanguage":"fr-FR","@id":"http:\/\/simhero.com\/fr\/professionnels\/cas-dutilisation\/#primaryimage","url":"http:\/\/3.65.206.27\/wp-content\/uploads\/2020\/07\/trail-camera-join-the-path.jpg","contentUrl":"http:\/\/3.65.206.27\/wp-content\/uploads\/2020\/07\/trail-camera-join-the-path.jpg"},{"@type":"BreadcrumbList","@id":"http:\/\/simhero.com\/fr\/professionnels\/cas-dutilisation\/#breadcrumb","itemListElement":[{"@type":"ListItem","position":1,"name":"Accueil","item":"http:\/\/simhero.com\/fr\/"},{"@type":"ListItem","position":2,"name":"Professionnels","item":"http:\/\/simhero.com\/fr\/professionnels\/"},{"@type":"ListItem","position":3,"name":"Cas d&rsquo;utilisation"}]},{"@type":"WebSite","@id":"https:\/\/simhero.com\/fr\/#website","url":"https:\/\/simhero.com\/fr\/","name":"simHERO","description":"","potentialAction":[{"@type":"SearchAction","target":{"@type":"EntryPoint","urlTemplate":"https:\/\/simhero.com\/fr\/?s={search_term_string}"},"query-input":{"@type":"PropertyValueSpecification","valueRequired":true,"valueName":"search_term_string"}}],"inLanguage":"fr-FR"}]}},"_links":{"self":[{"href":"http:\/\/simhero.com\/fr\/wp-json\/wp\/v2\/pages\/2682"}],"collection":[{"href":"http:\/\/simhero.com\/fr\/wp-json\/wp\/v2\/pages"}],"about":[{"href":"http:\/\/simhero.com\/fr\/wp-json\/wp\/v2\/types\/page"}],"author":[{"embeddable":true,"href":"http:\/\/simhero.com\/fr\/wp-json\/wp\/v2\/users\/2"}],"replies":[{"embeddable":true,"href":"http:\/\/simhero.com\/fr\/wp-json\/wp\/v2\/comments?post=2682"}],"version-history":[{"count":16,"href":"http:\/\/simhero.com\/fr\/wp-json\/wp\/v2\/pages\/2682\/revisions"}],"predecessor-version":[{"id":4425,"href":"http:\/\/simhero.com\/fr\/wp-json\/wp\/v2\/pages\/2682\/revisions\/4425"}],"up":[{"embeddable":true,"href":"http:\/\/simhero.com\/fr\/wp-json\/wp\/v2\/pages\/2542"}],"wp:attachment":[{"href":"http:\/\/simhero.com\/fr\/wp-json\/wp\/v2\/media?parent=2682"}],"curies":[{"name":"wp","href":"https:\/\/api.w.org\/{rel}","templated":true}]}}