{"id":2587,"date":"2020-11-19T10:56:11","date_gmt":"2020-11-19T09:56:11","guid":{"rendered":"http:\/\/3.65.206.27\/?page_id=2587"},"modified":"2020-11-19T16:35:31","modified_gmt":"2020-11-19T15:35:31","slug":"montres-pour-enfants","status":"publish","type":"page","link":"http:\/\/simhero.com\/fr\/cas-d-utilisation\/montres-pour-enfants\/","title":{"rendered":"montres pour enfants"},"content":{"rendered":"\t\t<div data-elementor-type=\"wp-page\" data-elementor-id=\"2587\" class=\"elementor elementor-2587 elementor-1548\" data-elementor-post-type=\"page\">\n\t\t\t\t\t\t<section class=\"elementor-section elementor-top-section elementor-element elementor-element-7366b4fe elementor-section-height-min-height elementor-section-boxed elementor-section-height-default elementor-section-items-middle\" data-id=\"7366b4fe\" data-element_type=\"section\" data-settings=\"{&quot;background_background&quot;:&quot;classic&quot;}\">\n\t\t\t\t\t\t\t<div class=\"elementor-background-overlay\"><\/div>\n\t\t\t\t\t\t\t<div class=\"elementor-container elementor-column-gap-default\">\n\t\t\t\t\t<div class=\"elementor-column elementor-col-100 elementor-top-column elementor-element elementor-element-12640dd8\" data-id=\"12640dd8\" data-element_type=\"column\">\n\t\t\t<div class=\"elementor-widget-wrap elementor-element-populated\">\n\t\t\t\t\t\t<div class=\"elementor-element elementor-element-684578bd elementor-widget elementor-widget-heading\" data-id=\"684578bd\" data-element_type=\"widget\" data-widget_type=\"heading.default\">\n\t\t\t\t<div class=\"elementor-widget-container\">\n\t\t\t<h1 class=\"elementor-heading-title elementor-size-default\">MONTRES POUR ENFANTS simHERO<\/h1>\t\t<\/div>\n\t\t\t\t<\/div>\n\t\t\t\t\t<\/div>\n\t\t<\/div>\n\t\t\t\t\t<\/div>\n\t\t<\/section>\n\t\t\t\t<section class=\"elementor-section elementor-top-section elementor-element elementor-element-11961ac6 elementor-section-boxed elementor-section-height-default elementor-section-height-default\" data-id=\"11961ac6\" data-element_type=\"section\">\n\t\t\t\t\t\t<div class=\"elementor-container elementor-column-gap-default\">\n\t\t\t\t\t<div class=\"elementor-column elementor-col-100 elementor-top-column elementor-element elementor-element-4df4d4b\" data-id=\"4df4d4b\" data-element_type=\"column\">\n\t\t\t<div class=\"elementor-widget-wrap elementor-element-populated\">\n\t\t\t\t\t\t<div class=\"elementor-element elementor-element-6fcf1178 elementor-widget elementor-widget-heading\" data-id=\"6fcf1178\" data-element_type=\"widget\" data-widget_type=\"heading.default\">\n\t\t\t\t<div class=\"elementor-widget-container\">\n\t\t\t<h2 class=\"elementor-heading-title elementor-size-default\">Cartes SIM IoT simHERO dans les montres pour enfants<\/h2>\t\t<\/div>\n\t\t\t\t<\/div>\n\t\t\t\t<div class=\"elementor-element elementor-element-107069a8 elementor-widget elementor-widget-text-editor\" data-id=\"107069a8\" data-element_type=\"widget\" data-widget_type=\"text-editor.default\">\n\t\t\t\t<div class=\"elementor-widget-container\">\n\t\t\t\t\t\t\t<p><span lang=\"fr-FR\">Y-a-t-il quelque chose de plus important que nos enfants ? Pas pour simHERO. En tant que parents, nous comprenons parfaitement qu&rsquo;il faille trouver un \u00e9quilibre entre accorder de la libert\u00e9 \u00e0 nos enfants et les prot\u00e9ger de toutes les menaces et dangers. Or, par amour pour nos enfants, chez simHERO, nous faisons beaucoup d&rsquo;efforts lorsqu&rsquo;il s&rsquo;agit de leur protection \u2013 \u00e9galement \u00e0 l\u2019aide de dispositifs \u00e9lectroniques tels que les montres et les traceurs pour enfants.<\/span><\/p>\t\t\t\t\t\t<\/div>\n\t\t\t\t<\/div>\n\t\t\t\t\t<\/div>\n\t\t<\/div>\n\t\t\t\t\t<\/div>\n\t\t<\/section>\n\t\t\t\t<section class=\"elementor-section elementor-top-section elementor-element elementor-element-1f386f75 elementor-section-content-middle elementor-section-boxed elementor-section-height-default elementor-section-height-default\" data-id=\"1f386f75\" data-element_type=\"section\">\n\t\t\t\t\t\t<div class=\"elementor-container elementor-column-gap-wider\">\n\t\t\t\t\t<div class=\"elementor-column elementor-col-50 elementor-top-column elementor-element elementor-element-2218acee\" data-id=\"2218acee\" data-element_type=\"column\">\n\t\t\t<div class=\"elementor-widget-wrap elementor-element-populated\">\n\t\t\t\t\t\t<div class=\"elementor-element elementor-element-456d00fb elementor-widget elementor-widget-image\" data-id=\"456d00fb\" data-element_type=\"widget\" data-widget_type=\"image.default\">\n\t\t\t\t<div class=\"elementor-widget-container\">\n\t\t\t\t\t\t\t\t\t\t\t\t\t<img fetchpriority=\"high\" decoding=\"async\" width=\"800\" height=\"534\" src=\"http:\/\/simhero.com\/wp-content\/uploads\/2020\/07\/superman.png\" class=\"attachment-large size-large wp-image-2895\" alt=\"\" srcset=\"http:\/\/simhero.com\/wp-content\/uploads\/2020\/07\/superman.png 1000w, http:\/\/simhero.com\/wp-content\/uploads\/2020\/07\/superman-300x200.png 300w, http:\/\/simhero.com\/wp-content\/uploads\/2020\/07\/superman-768x512.png 768w\" sizes=\"(max-width: 800px) 100vw, 800px\" \/>\t\t\t\t\t\t\t\t\t\t\t\t\t<\/div>\n\t\t\t\t<\/div>\n\t\t\t\t\t<\/div>\n\t\t<\/div>\n\t\t\t\t<div class=\"elementor-column elementor-col-50 elementor-top-column elementor-element elementor-element-2a768952\" data-id=\"2a768952\" data-element_type=\"column\">\n\t\t\t<div class=\"elementor-widget-wrap elementor-element-populated\">\n\t\t\t\t\t\t<div class=\"elementor-element elementor-element-a697eca elementor-widget elementor-widget-heading\" data-id=\"a697eca\" data-element_type=\"widget\" data-widget_type=\"heading.default\">\n\t\t\t\t<div class=\"elementor-widget-container\">\n\t\t\t<h3 class=\"elementor-heading-title elementor-size-default\">R\u00e9seau mobile<\/h3>\t\t<\/div>\n\t\t\t\t<\/div>\n\t\t\t\t<div class=\"elementor-element elementor-element-36475034 elementor-widget elementor-widget-heading\" data-id=\"36475034\" data-element_type=\"widget\" data-widget_type=\"heading.default\">\n\t\t\t\t<div class=\"elementor-widget-container\">\n\t\t\t<h2 class=\"elementor-heading-title elementor-size-default\">Tu rentres \u00e0 la maison maintenant<\/h2>\t\t<\/div>\n\t\t\t\t<\/div>\n\t\t\t\t<div class=\"elementor-element elementor-element-5580fdd8 elementor-widget elementor-widget-text-editor\" data-id=\"5580fdd8\" data-element_type=\"widget\" data-widget_type=\"text-editor.default\">\n\t\t\t\t<div class=\"elementor-widget-container\">\n\t\t\t\t\t\t\t<p><span lang=\"fr-FR\">Vous en avez assez d\u2019\u00eatre malade d&rsquo;inqui\u00e9tude de ne pas savoir o\u00f9 est votre enfant ? Ou vous voulez seulement \u00eatre s\u00fbr que votre enfant est bien arriv\u00e9 \u00e0 la maison ? Les dispositifs tels que les montres pour enfants sont des outils utiles qui permettent la communication en temps r\u00e9el avec votre enfant \u00e0 tout moment et sa localisation gr\u00e2ce \u00e0 la technologie de r\u00e9seau mobile. Pour r\u00e9pondre au mieux \u00e0 cette question de s\u00e9curit\u00e9 hautement sensible, simHERO maintient la communication entre parents et enfants en se connectant au r\u00e9seau le plus puissant et en commutant sur le r\u00e9seau suivant si le pr\u00e9c\u00e9dent a \u00e9t\u00e9 perdu. <\/span><\/p><p style=\"margin-bottom: .0001pt;\"><span lang=\"EN-US\">\u00a0<\/span><\/p>\t\t\t\t\t\t<\/div>\n\t\t\t\t<\/div>\n\t\t\t\t\t<\/div>\n\t\t<\/div>\n\t\t\t\t\t<\/div>\n\t\t<\/section>\n\t\t\t\t<section class=\"elementor-section elementor-top-section elementor-element elementor-element-20bec639 elementor-section-content-middle elementor-reverse-mobile elementor-section-boxed elementor-section-height-default elementor-section-height-default\" data-id=\"20bec639\" data-element_type=\"section\">\n\t\t\t\t\t\t<div class=\"elementor-container elementor-column-gap-wider\">\n\t\t\t\t\t<div class=\"elementor-column elementor-col-50 elementor-top-column elementor-element elementor-element-639d0d9e\" data-id=\"639d0d9e\" data-element_type=\"column\">\n\t\t\t<div class=\"elementor-widget-wrap elementor-element-populated\">\n\t\t\t\t\t\t<div class=\"elementor-element elementor-element-6ae32dee elementor-widget elementor-widget-heading\" data-id=\"6ae32dee\" data-element_type=\"widget\" data-widget_type=\"heading.default\">\n\t\t\t\t<div class=\"elementor-widget-container\">\n\t\t\t<h3 class=\"elementor-heading-title elementor-size-default\">Voix via IP<\/h3>\t\t<\/div>\n\t\t\t\t<\/div>\n\t\t\t\t<div class=\"elementor-element elementor-element-23625399 elementor-widget elementor-widget-heading\" data-id=\"23625399\" data-element_type=\"widget\" data-widget_type=\"heading.default\">\n\t\t\t\t<div class=\"elementor-widget-container\">\n\t\t\t<h2 class=\"elementor-heading-title elementor-size-default\">Puis-je te parler une seconde<\/h2>\t\t<\/div>\n\t\t\t\t<\/div>\n\t\t\t\t<div class=\"elementor-element elementor-element-4cfb382f elementor-widget elementor-widget-text-editor\" data-id=\"4cfb382f\" data-element_type=\"widget\" data-widget_type=\"text-editor.default\">\n\t\t\t\t<div class=\"elementor-widget-container\">\n\t\t\t\t\t\t\t<p><span lang=\"fr-FR\">De nombreuses montres pour enfants fournissent des canaux de communication s\u00e9curis\u00e9s qui ne permettent pas \u00e0 des tiers d&rsquo;entrer en contact avec nos enfants bien-aim\u00e9s. Ces canaux incluent des messages mobiles, des tchats ou des appels en vid\u00e9o avec des personnes d\u00e9sign\u00e9es. \u00c0 cet \u00e9gard, de nombreux fabricants passent \u00e0 la technologie VoIP (Voix sur IP) qui utilise les donn\u00e9es mobiles pour g\u00e9n\u00e9rer ces appels. simHERO a la capacit\u00e9 de supporter cette nouvelle technologie pour maintenir le contact entre parents et enfants.<\/span><\/p>\t\t\t\t\t\t<\/div>\n\t\t\t\t<\/div>\n\t\t\t\t\t<\/div>\n\t\t<\/div>\n\t\t\t\t<div class=\"elementor-column elementor-col-50 elementor-top-column elementor-element elementor-element-3fbc0140\" data-id=\"3fbc0140\" data-element_type=\"column\">\n\t\t\t<div class=\"elementor-widget-wrap elementor-element-populated\">\n\t\t\t\t\t\t<div class=\"elementor-element elementor-element-5e9e3ca5 elementor-widget elementor-widget-image\" data-id=\"5e9e3ca5\" data-element_type=\"widget\" data-widget_type=\"image.default\">\n\t\t\t\t<div class=\"elementor-widget-container\">\n\t\t\t\t\t\t\t\t\t\t\t\t\t<img decoding=\"async\" width=\"800\" height=\"534\" src=\"http:\/\/simhero.com\/wp-content\/uploads\/2020\/07\/girl-with-tablet.png\" class=\"attachment-large size-large wp-image-2893\" alt=\"\" srcset=\"http:\/\/simhero.com\/wp-content\/uploads\/2020\/07\/girl-with-tablet.png 1000w, http:\/\/simhero.com\/wp-content\/uploads\/2020\/07\/girl-with-tablet-300x200.png 300w, http:\/\/simhero.com\/wp-content\/uploads\/2020\/07\/girl-with-tablet-768x512.png 768w\" sizes=\"(max-width: 800px) 100vw, 800px\" \/>\t\t\t\t\t\t\t\t\t\t\t\t\t<\/div>\n\t\t\t\t<\/div>\n\t\t\t\t\t<\/div>\n\t\t<\/div>\n\t\t\t\t\t<\/div>\n\t\t<\/section>\n\t\t\t\t<section class=\"elementor-section elementor-top-section elementor-element elementor-element-a82885f elementor-section-content-middle elementor-section-boxed elementor-section-height-default elementor-section-height-default\" data-id=\"a82885f\" data-element_type=\"section\">\n\t\t\t\t\t\t<div class=\"elementor-container elementor-column-gap-wider\">\n\t\t\t\t\t<div class=\"elementor-column elementor-col-50 elementor-top-column elementor-element elementor-element-476a378\" data-id=\"476a378\" data-element_type=\"column\">\n\t\t\t<div class=\"elementor-widget-wrap elementor-element-populated\">\n\t\t\t\t\t\t<div class=\"elementor-element elementor-element-32112c4 elementor-widget elementor-widget-image\" data-id=\"32112c4\" data-element_type=\"widget\" data-widget_type=\"image.default\">\n\t\t\t\t<div class=\"elementor-widget-container\">\n\t\t\t\t\t\t\t\t\t\t\t\t\t<img decoding=\"async\" width=\"800\" height=\"534\" src=\"http:\/\/simhero.com\/wp-content\/uploads\/2020\/07\/grandpa.png\" class=\"attachment-large size-large wp-image-2894\" alt=\"\" srcset=\"http:\/\/simhero.com\/wp-content\/uploads\/2020\/07\/grandpa.png 1000w, http:\/\/simhero.com\/wp-content\/uploads\/2020\/07\/grandpa-300x200.png 300w, http:\/\/simhero.com\/wp-content\/uploads\/2020\/07\/grandpa-768x512.png 768w\" sizes=\"(max-width: 800px) 100vw, 800px\" \/>\t\t\t\t\t\t\t\t\t\t\t\t\t<\/div>\n\t\t\t\t<\/div>\n\t\t\t\t\t<\/div>\n\t\t<\/div>\n\t\t\t\t<div class=\"elementor-column elementor-col-50 elementor-top-column elementor-element elementor-element-b080235\" data-id=\"b080235\" data-element_type=\"column\">\n\t\t\t<div class=\"elementor-widget-wrap elementor-element-populated\">\n\t\t\t\t\t\t<div class=\"elementor-element elementor-element-dedb5f0 elementor-widget elementor-widget-heading\" data-id=\"dedb5f0\" data-element_type=\"widget\" data-widget_type=\"heading.default\">\n\t\t\t\t<div class=\"elementor-widget-container\">\n\t\t\t<h3 class=\"elementor-heading-title elementor-size-default\">Connectivit\u00e9 IoT globale<\/h3>\t\t<\/div>\n\t\t\t\t<\/div>\n\t\t\t\t<div class=\"elementor-element elementor-element-bb14eb7 elementor-widget elementor-widget-heading\" data-id=\"bb14eb7\" data-element_type=\"widget\" data-widget_type=\"heading.default\">\n\t\t\t\t<div class=\"elementor-widget-container\">\n\t\t\t<h2 class=\"elementor-heading-title elementor-size-default\">Je suis sorti<\/h2>\t\t<\/div>\n\t\t\t\t<\/div>\n\t\t\t\t<div class=\"elementor-element elementor-element-44dad77 elementor-widget elementor-widget-text-editor\" data-id=\"44dad77\" data-element_type=\"widget\" data-widget_type=\"text-editor.default\">\n\t\t\t\t<div class=\"elementor-widget-container\">\n\t\t\t\t\t\t\t<p><span lang=\"fr-FR\">Les enfants grandissent vite et, t\u00f4t ou tard, ils ont envie de faire leurs propres exp\u00e9riences. Chez simHERO, nous pensons que garder le contact avec votre enfant ne doit pas s&rsquo;arr\u00eater uniquement parce que vous ne faites plus partie de son groupe de copains. Notre connectivit\u00e9 IoT globale est disponible dans le monde entier et nous nous assurons que votre enfant est en s\u00e9curit\u00e9 et en bonne sant\u00e9 lorsqu&rsquo;il part \u00e0 l&rsquo;aventure dans les bois, qu&rsquo;il effectue son premier voyage scolaire ou en g\u00e9n\u00e9ral, lorsqu\u2019il se lance dans l&rsquo;aventure de la vie.<\/span><\/p>\t\t\t\t\t\t<\/div>\n\t\t\t\t<\/div>\n\t\t\t\t\t<\/div>\n\t\t<\/div>\n\t\t\t\t\t<\/div>\n\t\t<\/section>\n\t\t\t\t<\/div>\n\t\t","protected":false},"excerpt":{"rendered":"<p>MONTRES POUR ENFANTS simHERO Cartes SIM IoT simHERO dans les montres pour enfants Y-a-t-il quelque chose de plus important que nos enfants ? Pas pour simHERO. En tant que parents, nous comprenons parfaitement qu&rsquo;il faille trouver un \u00e9quilibre entre accorder de la libert\u00e9 \u00e0 nos enfants et les prot\u00e9ger de toutes les menaces et dangers. [&hellip;]<\/p>\n","protected":false},"author":2,"featured_media":2589,"parent":2511,"menu_order":0,"comment_status":"closed","ping_status":"closed","template":"elementor_header_footer","meta":{"footnotes":""},"yoast_head":"<!-- This site is optimized with the Yoast SEO plugin v23.4 - https:\/\/yoast.com\/wordpress\/plugins\/seo\/ -->\n<title>montres pour enfants - simHERO<\/title>\n<meta name=\"robots\" content=\"index, follow, max-snippet:-1, max-image-preview:large, max-video-preview:-1\" \/>\n<link rel=\"canonical\" href=\"http:\/\/simhero.com\/fr\/cas-d-utilisation\/montres-pour-enfants\/\" \/>\n<meta property=\"og:locale\" content=\"fr_FR\" \/>\n<meta property=\"og:type\" content=\"article\" \/>\n<meta property=\"og:title\" content=\"montres pour enfants - simHERO\" \/>\n<meta property=\"og:description\" content=\"MONTRES POUR ENFANTS simHERO Cartes SIM IoT simHERO dans les montres pour enfants Y-a-t-il quelque chose de plus important que nos enfants ? Pas pour simHERO. En tant que parents, nous comprenons parfaitement qu&rsquo;il faille trouver un \u00e9quilibre entre accorder de la libert\u00e9 \u00e0 nos enfants et les prot\u00e9ger de toutes les menaces et dangers. [&hellip;]\" \/>\n<meta property=\"og:url\" content=\"http:\/\/simhero.com\/fr\/cas-d-utilisation\/montres-pour-enfants\/\" \/>\n<meta property=\"og:site_name\" content=\"simHERO\" \/>\n<meta property=\"article:publisher\" content=\"https:\/\/www.facebook.com\/freeewaysimhero\/\" \/>\n<meta property=\"article:modified_time\" content=\"2020-11-19T15:35:31+00:00\" \/>\n<meta property=\"og:image\" content=\"http:\/\/www.simhero.com\/wp-content\/uploads\/2020\/06\/kidwatches.jpg\" \/>\n\t<meta property=\"og:image:width\" content=\"640\" \/>\n\t<meta property=\"og:image:height\" content=\"426\" \/>\n\t<meta property=\"og:image:type\" content=\"image\/jpeg\" \/>\n<meta name=\"twitter:card\" content=\"summary_large_image\" \/>\n<meta name=\"twitter:label1\" content=\"Dur\u00e9e de lecture estim\u00e9e\" \/>\n\t<meta name=\"twitter:data1\" content=\"2 minutes\" \/>\n<script type=\"application\/ld+json\" class=\"yoast-schema-graph\">{\"@context\":\"https:\/\/schema.org\",\"@graph\":[{\"@type\":\"WebPage\",\"@id\":\"http:\/\/simhero.com\/fr\/cas-d-utilisation\/montres-pour-enfants\/\",\"url\":\"http:\/\/simhero.com\/fr\/cas-d-utilisation\/montres-pour-enfants\/\",\"name\":\"montres pour enfants - simHERO\",\"isPartOf\":{\"@id\":\"https:\/\/simhero.com\/fr\/#website\"},\"primaryImageOfPage\":{\"@id\":\"http:\/\/simhero.com\/fr\/cas-d-utilisation\/montres-pour-enfants\/#primaryimage\"},\"image\":{\"@id\":\"http:\/\/simhero.com\/fr\/cas-d-utilisation\/montres-pour-enfants\/#primaryimage\"},\"thumbnailUrl\":\"http:\/\/simhero.com\/wp-content\/uploads\/2020\/06\/kidwatches.jpg\",\"datePublished\":\"2020-11-19T09:56:11+00:00\",\"dateModified\":\"2020-11-19T15:35:31+00:00\",\"breadcrumb\":{\"@id\":\"http:\/\/simhero.com\/fr\/cas-d-utilisation\/montres-pour-enfants\/#breadcrumb\"},\"inLanguage\":\"fr-FR\",\"potentialAction\":[{\"@type\":\"ReadAction\",\"target\":[\"http:\/\/simhero.com\/fr\/cas-d-utilisation\/montres-pour-enfants\/\"]}]},{\"@type\":\"ImageObject\",\"inLanguage\":\"fr-FR\",\"@id\":\"http:\/\/simhero.com\/fr\/cas-d-utilisation\/montres-pour-enfants\/#primaryimage\",\"url\":\"http:\/\/simhero.com\/wp-content\/uploads\/2020\/06\/kidwatches.jpg\",\"contentUrl\":\"http:\/\/simhero.com\/wp-content\/uploads\/2020\/06\/kidwatches.jpg\",\"width\":640,\"height\":426},{\"@type\":\"BreadcrumbList\",\"@id\":\"http:\/\/simhero.com\/fr\/cas-d-utilisation\/montres-pour-enfants\/#breadcrumb\",\"itemListElement\":[{\"@type\":\"ListItem\",\"position\":1,\"name\":\"Accueil\",\"item\":\"https:\/\/simhero.com\/fr\/\"},{\"@type\":\"ListItem\",\"position\":2,\"name\":\"Cas d&rsquo;utilisation\",\"item\":\"https:\/\/simhero.com\/fr\/cas-d-utilisation\/\"},{\"@type\":\"ListItem\",\"position\":3,\"name\":\"montres pour enfants\"}]},{\"@type\":\"WebSite\",\"@id\":\"https:\/\/simhero.com\/fr\/#website\",\"url\":\"https:\/\/simhero.com\/fr\/\",\"name\":\"simHERO\",\"description\":\"\",\"potentialAction\":[{\"@type\":\"SearchAction\",\"target\":{\"@type\":\"EntryPoint\",\"urlTemplate\":\"https:\/\/simhero.com\/fr\/?s={search_term_string}\"},\"query-input\":{\"@type\":\"PropertyValueSpecification\",\"valueRequired\":true,\"valueName\":\"search_term_string\"}}],\"inLanguage\":\"fr-FR\"}]}<\/script>\n<!-- \/ Yoast SEO plugin. -->","yoast_head_json":{"title":"montres pour enfants - simHERO","robots":{"index":"index","follow":"follow","max-snippet":"max-snippet:-1","max-image-preview":"max-image-preview:large","max-video-preview":"max-video-preview:-1"},"canonical":"http:\/\/simhero.com\/fr\/cas-d-utilisation\/montres-pour-enfants\/","og_locale":"fr_FR","og_type":"article","og_title":"montres pour enfants - simHERO","og_description":"MONTRES POUR ENFANTS simHERO Cartes SIM IoT simHERO dans les montres pour enfants Y-a-t-il quelque chose de plus important que nos enfants ? Pas pour simHERO. En tant que parents, nous comprenons parfaitement qu&rsquo;il faille trouver un \u00e9quilibre entre accorder de la libert\u00e9 \u00e0 nos enfants et les prot\u00e9ger de toutes les menaces et dangers. [&hellip;]","og_url":"http:\/\/simhero.com\/fr\/cas-d-utilisation\/montres-pour-enfants\/","og_site_name":"simHERO","article_publisher":"https:\/\/www.facebook.com\/freeewaysimhero\/","article_modified_time":"2020-11-19T15:35:31+00:00","og_image":[{"width":640,"height":426,"url":"http:\/\/www.simhero.com\/wp-content\/uploads\/2020\/06\/kidwatches.jpg","type":"image\/jpeg"}],"twitter_card":"summary_large_image","twitter_misc":{"Dur\u00e9e de lecture estim\u00e9e":"2 minutes"},"schema":{"@context":"https:\/\/schema.org","@graph":[{"@type":"WebPage","@id":"http:\/\/simhero.com\/fr\/cas-d-utilisation\/montres-pour-enfants\/","url":"http:\/\/simhero.com\/fr\/cas-d-utilisation\/montres-pour-enfants\/","name":"montres pour enfants - simHERO","isPartOf":{"@id":"https:\/\/simhero.com\/fr\/#website"},"primaryImageOfPage":{"@id":"http:\/\/simhero.com\/fr\/cas-d-utilisation\/montres-pour-enfants\/#primaryimage"},"image":{"@id":"http:\/\/simhero.com\/fr\/cas-d-utilisation\/montres-pour-enfants\/#primaryimage"},"thumbnailUrl":"http:\/\/simhero.com\/wp-content\/uploads\/2020\/06\/kidwatches.jpg","datePublished":"2020-11-19T09:56:11+00:00","dateModified":"2020-11-19T15:35:31+00:00","breadcrumb":{"@id":"http:\/\/simhero.com\/fr\/cas-d-utilisation\/montres-pour-enfants\/#breadcrumb"},"inLanguage":"fr-FR","potentialAction":[{"@type":"ReadAction","target":["http:\/\/simhero.com\/fr\/cas-d-utilisation\/montres-pour-enfants\/"]}]},{"@type":"ImageObject","inLanguage":"fr-FR","@id":"http:\/\/simhero.com\/fr\/cas-d-utilisation\/montres-pour-enfants\/#primaryimage","url":"http:\/\/simhero.com\/wp-content\/uploads\/2020\/06\/kidwatches.jpg","contentUrl":"http:\/\/simhero.com\/wp-content\/uploads\/2020\/06\/kidwatches.jpg","width":640,"height":426},{"@type":"BreadcrumbList","@id":"http:\/\/simhero.com\/fr\/cas-d-utilisation\/montres-pour-enfants\/#breadcrumb","itemListElement":[{"@type":"ListItem","position":1,"name":"Accueil","item":"https:\/\/simhero.com\/fr\/"},{"@type":"ListItem","position":2,"name":"Cas d&rsquo;utilisation","item":"https:\/\/simhero.com\/fr\/cas-d-utilisation\/"},{"@type":"ListItem","position":3,"name":"montres pour enfants"}]},{"@type":"WebSite","@id":"https:\/\/simhero.com\/fr\/#website","url":"https:\/\/simhero.com\/fr\/","name":"simHERO","description":"","potentialAction":[{"@type":"SearchAction","target":{"@type":"EntryPoint","urlTemplate":"https:\/\/simhero.com\/fr\/?s={search_term_string}"},"query-input":{"@type":"PropertyValueSpecification","valueRequired":true,"valueName":"search_term_string"}}],"inLanguage":"fr-FR"}]}},"_links":{"self":[{"href":"http:\/\/simhero.com\/fr\/wp-json\/wp\/v2\/pages\/2587"}],"collection":[{"href":"http:\/\/simhero.com\/fr\/wp-json\/wp\/v2\/pages"}],"about":[{"href":"http:\/\/simhero.com\/fr\/wp-json\/wp\/v2\/types\/page"}],"author":[{"embeddable":true,"href":"http:\/\/simhero.com\/fr\/wp-json\/wp\/v2\/users\/2"}],"replies":[{"embeddable":true,"href":"http:\/\/simhero.com\/fr\/wp-json\/wp\/v2\/comments?post=2587"}],"version-history":[{"count":4,"href":"http:\/\/simhero.com\/fr\/wp-json\/wp\/v2\/pages\/2587\/revisions"}],"predecessor-version":[{"id":2772,"href":"http:\/\/simhero.com\/fr\/wp-json\/wp\/v2\/pages\/2587\/revisions\/2772"}],"up":[{"embeddable":true,"href":"http:\/\/simhero.com\/fr\/wp-json\/wp\/v2\/pages\/2511"}],"wp:featuredmedia":[{"embeddable":true,"href":"http:\/\/simhero.com\/fr\/wp-json\/wp\/v2\/media\/2589"}],"wp:attachment":[{"href":"http:\/\/simhero.com\/fr\/wp-json\/wp\/v2\/media?parent=2587"}],"curies":[{"name":"wp","href":"https:\/\/api.w.org\/{rel}","templated":true}]}}