{"id":2574,"date":"2020-11-19T10:50:40","date_gmt":"2020-11-19T09:50:40","guid":{"rendered":"http:\/\/3.65.206.27\/?page_id=2574"},"modified":"2020-11-19T16:20:36","modified_gmt":"2020-11-19T15:20:36","slug":"cameras-de-chasse","status":"publish","type":"page","link":"http:\/\/simhero.com\/fr\/cas-d-utilisation\/cameras-de-chasse\/","title":{"rendered":"cam\u00e9ras de chasse"},"content":{"rendered":"\t\t<div data-elementor-type=\"wp-page\" data-elementor-id=\"2574\" class=\"elementor elementor-2574 elementor-1554\" data-elementor-post-type=\"page\">\n\t\t\t\t\t\t<section class=\"elementor-section elementor-top-section elementor-element elementor-element-74b192ea elementor-section-height-min-height elementor-section-boxed elementor-section-height-default elementor-section-items-middle\" data-id=\"74b192ea\" data-element_type=\"section\" data-settings=\"{&quot;background_background&quot;:&quot;classic&quot;}\">\n\t\t\t\t\t\t\t<div class=\"elementor-background-overlay\"><\/div>\n\t\t\t\t\t\t\t<div class=\"elementor-container elementor-column-gap-default\">\n\t\t\t\t\t<div class=\"elementor-column elementor-col-100 elementor-top-column elementor-element elementor-element-35013899\" data-id=\"35013899\" data-element_type=\"column\">\n\t\t\t<div class=\"elementor-widget-wrap elementor-element-populated\">\n\t\t\t\t\t\t<div class=\"elementor-element elementor-element-55420add elementor-widget elementor-widget-heading\" data-id=\"55420add\" data-element_type=\"widget\" data-widget_type=\"heading.default\">\n\t\t\t\t<div class=\"elementor-widget-container\">\n\t\t\t<h1 class=\"elementor-heading-title elementor-size-default\">simHERO CAM\u00c9RAS DE CHASSE<\/h1>\t\t<\/div>\n\t\t\t\t<\/div>\n\t\t\t\t\t<\/div>\n\t\t<\/div>\n\t\t\t\t\t<\/div>\n\t\t<\/section>\n\t\t\t\t<section class=\"elementor-section elementor-top-section elementor-element elementor-element-47dda70c elementor-section-boxed elementor-section-height-default elementor-section-height-default\" data-id=\"47dda70c\" data-element_type=\"section\">\n\t\t\t\t\t\t<div class=\"elementor-container elementor-column-gap-default\">\n\t\t\t\t\t<div class=\"elementor-column elementor-col-100 elementor-top-column elementor-element elementor-element-3fa512a3\" data-id=\"3fa512a3\" data-element_type=\"column\">\n\t\t\t<div class=\"elementor-widget-wrap elementor-element-populated\">\n\t\t\t\t\t\t<div class=\"elementor-element elementor-element-35fcda57 elementor-widget elementor-widget-heading\" data-id=\"35fcda57\" data-element_type=\"widget\" data-widget_type=\"heading.default\">\n\t\t\t\t<div class=\"elementor-widget-container\">\n\t\t\t<h2 class=\"elementor-heading-title elementor-size-default\">simHERO Cartes SIM IoT dans les cam\u00e9ras de chasse<\/h2>\t\t<\/div>\n\t\t\t\t<\/div>\n\t\t\t\t<div class=\"elementor-element elementor-element-5d6572de elementor-widget elementor-widget-text-editor\" data-id=\"5d6572de\" data-element_type=\"widget\" data-widget_type=\"text-editor.default\">\n\t\t\t\t<div class=\"elementor-widget-container\">\n\t\t\t\t\t\t\t<p><span lang=\"fr-FR\">La carte SIM IoT simHERO a eu un impact consid\u00e9rable sur le secteur des cam\u00e9ras de chasse et est l&rsquo;une des cartes SIM pr\u00e9f\u00e9r\u00e9es pour les cam\u00e9ras de chasse dans le monde entier. Voici certaines des raisons pour lesquelles les chasseurs font confiance \u00e0 simHERO :<\/span><\/p>\t\t\t\t\t\t<\/div>\n\t\t\t\t<\/div>\n\t\t\t\t\t<\/div>\n\t\t<\/div>\n\t\t\t\t\t<\/div>\n\t\t<\/section>\n\t\t\t\t<section class=\"elementor-section elementor-top-section elementor-element elementor-element-11a50b7a elementor-section-content-middle elementor-section-boxed elementor-section-height-default elementor-section-height-default\" data-id=\"11a50b7a\" data-element_type=\"section\">\n\t\t\t\t\t\t<div class=\"elementor-container elementor-column-gap-wider\">\n\t\t\t\t\t<div class=\"elementor-column elementor-col-50 elementor-top-column elementor-element elementor-element-12f7176b\" data-id=\"12f7176b\" data-element_type=\"column\">\n\t\t\t<div class=\"elementor-widget-wrap elementor-element-populated\">\n\t\t\t\t\t\t<div class=\"elementor-element elementor-element-642bb9a4 elementor-widget elementor-widget-image\" data-id=\"642bb9a4\" data-element_type=\"widget\" data-widget_type=\"image.default\">\n\t\t\t\t<div class=\"elementor-widget-container\">\n\t\t\t\t\t\t\t\t\t\t\t\t\t<img fetchpriority=\"high\" decoding=\"async\" width=\"800\" height=\"534\" src=\"http:\/\/simhero.com\/wp-content\/uploads\/2020\/07\/trail-camera-stay-on-track.jpg\" class=\"attachment-large size-large wp-image-2904\" alt=\"\" srcset=\"http:\/\/simhero.com\/wp-content\/uploads\/2020\/07\/trail-camera-stay-on-track.jpg 1000w, http:\/\/simhero.com\/wp-content\/uploads\/2020\/07\/trail-camera-stay-on-track-300x200.jpg 300w, http:\/\/simhero.com\/wp-content\/uploads\/2020\/07\/trail-camera-stay-on-track-768x512.jpg 768w\" sizes=\"(max-width: 800px) 100vw, 800px\" \/>\t\t\t\t\t\t\t\t\t\t\t\t\t<\/div>\n\t\t\t\t<\/div>\n\t\t\t\t\t<\/div>\n\t\t<\/div>\n\t\t\t\t<div class=\"elementor-column elementor-col-50 elementor-top-column elementor-element elementor-element-4f2c9d30\" data-id=\"4f2c9d30\" data-element_type=\"column\">\n\t\t\t<div class=\"elementor-widget-wrap elementor-element-populated\">\n\t\t\t\t\t\t<div class=\"elementor-element elementor-element-6340d426 elementor-widget elementor-widget-heading\" data-id=\"6340d426\" data-element_type=\"widget\" data-widget_type=\"heading.default\">\n\t\t\t\t<div class=\"elementor-widget-container\">\n\t\t\t<h3 class=\"elementor-heading-title elementor-size-default\">Restez sur la bonne voie<\/h3>\t\t<\/div>\n\t\t\t\t<\/div>\n\t\t\t\t<div class=\"elementor-element elementor-element-38a37a03 elementor-widget elementor-widget-heading\" data-id=\"38a37a03\" data-element_type=\"widget\" data-widget_type=\"heading.default\">\n\t\t\t\t<div class=\"elementor-widget-container\">\n\t\t\t<h2 class=\"elementor-heading-title elementor-size-default\">Et ici j'ai un indicateur de signal<\/h2>\t\t<\/div>\n\t\t\t\t<\/div>\n\t\t\t\t<div class=\"elementor-element elementor-element-8f0ba70 elementor-widget elementor-widget-text-editor\" data-id=\"8f0ba70\" data-element_type=\"widget\" data-widget_type=\"text-editor.default\">\n\t\t\t\t<div class=\"elementor-widget-container\">\n\t\t\t\t\t\t\t<p><span lang=\"fr-FR\">La carte SIM IoT simHERO se caract\u00e9rise g\u00e9n\u00e9ralement par sa capacit\u00e9 \u00e0 se connecter au r\u00e9seau le plus puissant qui commute vers le prochain r\u00e9seau disponible une fois que le signal du r\u00e9seau pr\u00e9c\u00e9dent est perdu. Notamment dans les zones foresti\u00e8res o\u00f9 les signaux r\u00e9seau ne sont pas stables, simHERO est capable de maintenir la connexion de la cam\u00e9ra de chasse pour surveiller cette zone en continu.<\/span><\/p>\t\t\t\t\t\t<\/div>\n\t\t\t\t<\/div>\n\t\t\t\t\t<\/div>\n\t\t<\/div>\n\t\t\t\t\t<\/div>\n\t\t<\/section>\n\t\t\t\t<section class=\"elementor-section elementor-top-section elementor-element elementor-element-407ddedc elementor-section-content-middle elementor-reverse-mobile elementor-section-boxed elementor-section-height-default elementor-section-height-default\" data-id=\"407ddedc\" data-element_type=\"section\">\n\t\t\t\t\t\t<div class=\"elementor-container elementor-column-gap-wider\">\n\t\t\t\t\t<div class=\"elementor-column elementor-col-50 elementor-top-column elementor-element elementor-element-4977cc4e\" data-id=\"4977cc4e\" data-element_type=\"column\">\n\t\t\t<div class=\"elementor-widget-wrap elementor-element-populated\">\n\t\t\t\t\t\t<div class=\"elementor-element elementor-element-2f279e49 elementor-widget elementor-widget-heading\" data-id=\"2f279e49\" data-element_type=\"widget\" data-widget_type=\"heading.default\">\n\t\t\t\t<div class=\"elementor-widget-container\">\n\t\t\t<h3 class=\"elementor-heading-title elementor-size-default\">Pas de limites<\/h3>\t\t<\/div>\n\t\t\t\t<\/div>\n\t\t\t\t<div class=\"elementor-element elementor-element-4bf944c3 elementor-widget elementor-widget-heading\" data-id=\"4bf944c3\" data-element_type=\"widget\" data-widget_type=\"heading.default\">\n\t\t\t\t<div class=\"elementor-widget-container\">\n\t\t\t<h2 class=\"elementor-heading-title elementor-size-default\">Le ciel est la limite - pas une fronti\u00e8re nationale<\/h2>\t\t<\/div>\n\t\t\t\t<\/div>\n\t\t\t\t<div class=\"elementor-element elementor-element-1eca0ac6 elementor-widget elementor-widget-text-editor\" data-id=\"1eca0ac6\" data-element_type=\"widget\" data-widget_type=\"text-editor.default\">\n\t\t\t\t<div class=\"elementor-widget-container\">\n\t\t\t\t\t\t\t<p><span lang=\"fr-FR\">De la m\u00eame mani\u00e8re, notre carte SIM IoT globale est \u00e9galement con\u00e7ue pour fonctionner dans les zones frontali\u00e8res. La connectivit\u00e9 IoT simHERO n&rsquo;inclut pas seulement un r\u00e9seau national dans un pays particulier mais elle couvre int\u00e9gralement des r\u00e9gions et des zones g\u00e9ographiques.<\/span><\/p><p><span lang=\"fr-FR\">Pour la carte SIM simHERO, peu importe o\u00f9 est situ\u00e9e la cam\u00e9ra &#8211; elle se connecte au signal le plus puissant.<\/span><\/p>\t\t\t\t\t\t<\/div>\n\t\t\t\t<\/div>\n\t\t\t\t\t<\/div>\n\t\t<\/div>\n\t\t\t\t<div class=\"elementor-column elementor-col-50 elementor-top-column elementor-element elementor-element-507dee16\" data-id=\"507dee16\" data-element_type=\"column\">\n\t\t\t<div class=\"elementor-widget-wrap elementor-element-populated\">\n\t\t\t\t\t\t<div class=\"elementor-element elementor-element-12a27ef5 elementor-widget elementor-widget-image\" data-id=\"12a27ef5\" data-element_type=\"widget\" data-widget_type=\"image.default\">\n\t\t\t\t<div class=\"elementor-widget-container\">\n\t\t\t\t\t\t\t\t\t\t\t\t\t<img decoding=\"async\" width=\"800\" height=\"534\" src=\"http:\/\/simhero.com\/wp-content\/uploads\/2020\/07\/trail-camera-sky-is-the-limit.jpg\" class=\"attachment-large size-large wp-image-2905\" alt=\"\" srcset=\"http:\/\/simhero.com\/wp-content\/uploads\/2020\/07\/trail-camera-sky-is-the-limit.jpg 1000w, http:\/\/simhero.com\/wp-content\/uploads\/2020\/07\/trail-camera-sky-is-the-limit-300x200.jpg 300w, http:\/\/simhero.com\/wp-content\/uploads\/2020\/07\/trail-camera-sky-is-the-limit-768x512.jpg 768w\" sizes=\"(max-width: 800px) 100vw, 800px\" \/>\t\t\t\t\t\t\t\t\t\t\t\t\t<\/div>\n\t\t\t\t<\/div>\n\t\t\t\t\t<\/div>\n\t\t<\/div>\n\t\t\t\t\t<\/div>\n\t\t<\/section>\n\t\t\t\t<section class=\"elementor-section elementor-top-section elementor-element elementor-element-48e74c5d elementor-section-content-middle elementor-section-boxed elementor-section-height-default elementor-section-height-default\" data-id=\"48e74c5d\" data-element_type=\"section\">\n\t\t\t\t\t\t<div class=\"elementor-container elementor-column-gap-wider\">\n\t\t\t\t\t<div class=\"elementor-column elementor-col-50 elementor-top-column elementor-element elementor-element-700aa1b4\" data-id=\"700aa1b4\" data-element_type=\"column\">\n\t\t\t<div class=\"elementor-widget-wrap elementor-element-populated\">\n\t\t\t\t\t\t<div class=\"elementor-element elementor-element-544cebcd elementor-widget elementor-widget-image\" data-id=\"544cebcd\" data-element_type=\"widget\" data-widget_type=\"image.default\">\n\t\t\t\t<div class=\"elementor-widget-container\">\n\t\t\t\t\t\t\t\t\t\t\t\t\t<img decoding=\"async\" width=\"800\" height=\"534\" src=\"http:\/\/simhero.com\/wp-content\/uploads\/2020\/07\/trail-camera-seasonal-usage.jpg\" class=\"attachment-large size-large wp-image-2907\" alt=\"\" srcset=\"http:\/\/simhero.com\/wp-content\/uploads\/2020\/07\/trail-camera-seasonal-usage.jpg 1000w, http:\/\/simhero.com\/wp-content\/uploads\/2020\/07\/trail-camera-seasonal-usage-300x200.jpg 300w, http:\/\/simhero.com\/wp-content\/uploads\/2020\/07\/trail-camera-seasonal-usage-768x512.jpg 768w\" sizes=\"(max-width: 800px) 100vw, 800px\" \/>\t\t\t\t\t\t\t\t\t\t\t\t\t<\/div>\n\t\t\t\t<\/div>\n\t\t\t\t\t<\/div>\n\t\t<\/div>\n\t\t\t\t<div class=\"elementor-column elementor-col-50 elementor-top-column elementor-element elementor-element-559cc2a4\" data-id=\"559cc2a4\" data-element_type=\"column\">\n\t\t\t<div class=\"elementor-widget-wrap elementor-element-populated\">\n\t\t\t\t\t\t<div class=\"elementor-element elementor-element-7bf4ad27 elementor-widget elementor-widget-heading\" data-id=\"7bf4ad27\" data-element_type=\"widget\" data-widget_type=\"heading.default\">\n\t\t\t\t<div class=\"elementor-widget-container\">\n\t\t\t<h3 class=\"elementor-heading-title elementor-size-default\">Utilisation saisonni\u00e8re<\/h3>\t\t<\/div>\n\t\t\t\t<\/div>\n\t\t\t\t<div class=\"elementor-element elementor-element-78fed300 elementor-widget elementor-widget-heading\" data-id=\"78fed300\" data-element_type=\"widget\" data-widget_type=\"heading.default\">\n\t\t\t\t<div class=\"elementor-widget-container\">\n\t\t\t<h2 class=\"elementor-heading-title elementor-size-default\">Faites entrer les images<\/h2>\t\t<\/div>\n\t\t\t\t<\/div>\n\t\t\t\t<div class=\"elementor-element elementor-element-18cda5bd elementor-widget elementor-widget-text-editor\" data-id=\"18cda5bd\" data-element_type=\"widget\" data-widget_type=\"text-editor.default\">\n\t\t\t\t<div class=\"elementor-widget-container\">\n\t\t\t\t\t\t\t<p><span lang=\"fr-FR\">Dans notre mod\u00e8le PR\u00c9PAY\u00c9, simHERO propose des forfaits de donn\u00e9es sp\u00e9cifiques pour les cam\u00e9ras de chasse. Pour fournir les meilleurs services possibles aux utilisateurs, nous avons engag\u00e9 des discussions approfondies avec nos partenaires sp\u00e9cialis\u00e9s dans les cam\u00e9ras de chasse, et celles-ci ont d\u00e9bouch\u00e9 sur nos forfaits cam\u00e9ra simHERO. Ces forfaits personnalis\u00e9s permettent \u00e0 tous nos utilisateurs d&rsquo;optimiser leurs forfaits en fonction de leur utilisation saisonni\u00e8re (forfait mensuels, semestriels et annuels). Nous avons \u00e9galement ajout\u00e9 une description qui donne des indications sur le nombre d&rsquo;images auquel on peut s&rsquo;attendre en achetant un certain forfait avec un certain r\u00e9glage de cam\u00e9ra.<\/span><\/p>\t\t\t\t\t\t<\/div>\n\t\t\t\t<\/div>\n\t\t\t\t\t<\/div>\n\t\t<\/div>\n\t\t\t\t\t<\/div>\n\t\t<\/section>\n\t\t\t\t<section class=\"elementor-section elementor-top-section elementor-element elementor-element-d833fb7 elementor-section-content-middle elementor-reverse-mobile elementor-section-boxed elementor-section-height-default elementor-section-height-default\" data-id=\"d833fb7\" data-element_type=\"section\">\n\t\t\t\t\t\t<div class=\"elementor-container elementor-column-gap-wider\">\n\t\t\t\t\t<div class=\"elementor-column elementor-col-50 elementor-top-column elementor-element elementor-element-40fd55e\" data-id=\"40fd55e\" data-element_type=\"column\">\n\t\t\t<div class=\"elementor-widget-wrap elementor-element-populated\">\n\t\t\t\t\t\t<div class=\"elementor-element elementor-element-2c88012 elementor-widget elementor-widget-heading\" data-id=\"2c88012\" data-element_type=\"widget\" data-widget_type=\"heading.default\">\n\t\t\t\t<div class=\"elementor-widget-container\">\n\t\t\t<h3 class=\"elementor-heading-title elementor-size-default\">Rejoignez la piste <\/h3>\t\t<\/div>\n\t\t\t\t<\/div>\n\t\t\t\t<div class=\"elementor-element elementor-element-9994898 elementor-widget elementor-widget-heading\" data-id=\"9994898\" data-element_type=\"widget\" data-widget_type=\"heading.default\">\n\t\t\t\t<div class=\"elementor-widget-container\">\n\t\t\t<h2 class=\"elementor-heading-title elementor-size-default\">Permettez-moi de demander \u00e0 ma coll\u00e8gue<\/h2>\t\t<\/div>\n\t\t\t\t<\/div>\n\t\t\t\t<div class=\"elementor-element elementor-element-e2e56d6 elementor-widget elementor-widget-text-editor\" data-id=\"e2e56d6\" data-element_type=\"widget\" data-widget_type=\"text-editor.default\">\n\t\t\t\t<div class=\"elementor-widget-container\">\n\t\t\t\t\t\t\t<p><span lang=\"fr-FR\">simHERO travaille depuis des ann\u00e9es avec de nombreuses marques de cam\u00e9ras dans le monde entier et nous sommes en contact avec de nombreux fabricants de cam\u00e9ras. Ces relations et nos entretiens approfondis avec nos partenaires ont conduit \u00e0 une am\u00e9lioration continue de nos cam\u00e9ras de chasse, \u00e0 des services de connectivit\u00e9 IoT globale pour les cam\u00e9ras de chasse, et surtout \u00e0 des utilisateurs de cam\u00e9ras satisfaits avec lesquels nous sommes sur la m\u00eame voie.<\/span><\/p>\t\t\t\t\t\t<\/div>\n\t\t\t\t<\/div>\n\t\t\t\t\t<\/div>\n\t\t<\/div>\n\t\t\t\t<div class=\"elementor-column elementor-col-50 elementor-top-column elementor-element elementor-element-817f309\" data-id=\"817f309\" data-element_type=\"column\">\n\t\t\t<div class=\"elementor-widget-wrap elementor-element-populated\">\n\t\t\t\t\t\t<div class=\"elementor-element elementor-element-ea62c74 elementor-widget elementor-widget-image\" data-id=\"ea62c74\" data-element_type=\"widget\" data-widget_type=\"image.default\">\n\t\t\t\t<div class=\"elementor-widget-container\">\n\t\t\t\t\t\t\t\t\t\t\t\t\t<img loading=\"lazy\" decoding=\"async\" width=\"800\" height=\"534\" src=\"http:\/\/simhero.com\/wp-content\/uploads\/2020\/07\/trail-camera-join-the-path.jpg\" class=\"attachment-large size-large wp-image-2689\" alt=\"\" srcset=\"http:\/\/simhero.com\/wp-content\/uploads\/2020\/07\/trail-camera-join-the-path.jpg 1000w, http:\/\/simhero.com\/wp-content\/uploads\/2020\/07\/trail-camera-join-the-path-300x200.jpg 300w, http:\/\/simhero.com\/wp-content\/uploads\/2020\/07\/trail-camera-join-the-path-768x512.jpg 768w\" sizes=\"(max-width: 800px) 100vw, 800px\" \/>\t\t\t\t\t\t\t\t\t\t\t\t\t<\/div>\n\t\t\t\t<\/div>\n\t\t\t\t\t<\/div>\n\t\t<\/div>\n\t\t\t\t\t<\/div>\n\t\t<\/section>\n\t\t\t\t<\/div>\n\t\t","protected":false},"excerpt":{"rendered":"<p>simHERO CAM\u00c9RAS DE CHASSE simHERO Cartes SIM IoT dans les cam\u00e9ras de chasse La carte SIM IoT simHERO a eu un impact consid\u00e9rable sur le secteur des cam\u00e9ras de chasse et est l&rsquo;une des cartes SIM pr\u00e9f\u00e9r\u00e9es pour les cam\u00e9ras de chasse dans le monde entier. Voici certaines des raisons pour lesquelles les chasseurs font [&hellip;]<\/p>\n","protected":false},"author":2,"featured_media":2908,"parent":2511,"menu_order":0,"comment_status":"closed","ping_status":"closed","template":"elementor_header_footer","meta":{"footnotes":""},"yoast_head":"<!-- This site is optimized with the Yoast SEO plugin v23.4 - https:\/\/yoast.com\/wordpress\/plugins\/seo\/ -->\n<title>cam\u00e9ras de chasse - simHERO<\/title>\n<meta name=\"robots\" content=\"index, follow, max-snippet:-1, max-image-preview:large, max-video-preview:-1\" \/>\n<link rel=\"canonical\" href=\"http:\/\/simhero.com\/fr\/cas-d-utilisation\/cameras-de-chasse\/\" \/>\n<meta property=\"og:locale\" content=\"fr_FR\" \/>\n<meta property=\"og:type\" content=\"article\" \/>\n<meta property=\"og:title\" content=\"cam\u00e9ras de chasse - simHERO\" \/>\n<meta property=\"og:description\" content=\"simHERO CAM\u00c9RAS DE CHASSE simHERO Cartes SIM IoT dans les cam\u00e9ras de chasse La carte SIM IoT simHERO a eu un impact consid\u00e9rable sur le secteur des cam\u00e9ras de chasse et est l&rsquo;une des cartes SIM pr\u00e9f\u00e9r\u00e9es pour les cam\u00e9ras de chasse dans le monde entier. Voici certaines des raisons pour lesquelles les chasseurs font [&hellip;]\" \/>\n<meta property=\"og:url\" content=\"http:\/\/simhero.com\/fr\/cas-d-utilisation\/cameras-de-chasse\/\" \/>\n<meta property=\"og:site_name\" content=\"simHERO\" \/>\n<meta property=\"article:publisher\" content=\"https:\/\/www.facebook.com\/freeewaysimhero\/\" \/>\n<meta property=\"article:modified_time\" content=\"2020-11-19T15:20:36+00:00\" \/>\n<meta property=\"og:image\" content=\"https:\/\/simhero.com\/wp-content\/uploads\/2020\/07\/trail-camera-join-the-path-1-1-scaled.jpg\" \/>\n\t<meta property=\"og:image:width\" content=\"1600\" \/>\n\t<meta property=\"og:image:height\" content=\"667\" \/>\n\t<meta property=\"og:image:type\" content=\"image\/jpeg\" \/>\n<meta name=\"twitter:card\" content=\"summary_large_image\" \/>\n<meta name=\"twitter:label1\" content=\"Dur\u00e9e de lecture estim\u00e9e\" \/>\n\t<meta name=\"twitter:data1\" content=\"2 minutes\" \/>\n<script type=\"application\/ld+json\" class=\"yoast-schema-graph\">{\"@context\":\"https:\/\/schema.org\",\"@graph\":[{\"@type\":\"WebPage\",\"@id\":\"http:\/\/simhero.com\/fr\/cas-d-utilisation\/cameras-de-chasse\/\",\"url\":\"http:\/\/simhero.com\/fr\/cas-d-utilisation\/cameras-de-chasse\/\",\"name\":\"cam\u00e9ras de chasse - simHERO\",\"isPartOf\":{\"@id\":\"https:\/\/simhero.com\/fr\/#website\"},\"primaryImageOfPage\":{\"@id\":\"http:\/\/simhero.com\/fr\/cas-d-utilisation\/cameras-de-chasse\/#primaryimage\"},\"image\":{\"@id\":\"http:\/\/simhero.com\/fr\/cas-d-utilisation\/cameras-de-chasse\/#primaryimage\"},\"thumbnailUrl\":\"http:\/\/simhero.com\/wp-content\/uploads\/2020\/07\/trail-camera-join-the-path-1-1-scaled.jpg\",\"datePublished\":\"2020-11-19T09:50:40+00:00\",\"dateModified\":\"2020-11-19T15:20:36+00:00\",\"breadcrumb\":{\"@id\":\"http:\/\/simhero.com\/fr\/cas-d-utilisation\/cameras-de-chasse\/#breadcrumb\"},\"inLanguage\":\"fr-FR\",\"potentialAction\":[{\"@type\":\"ReadAction\",\"target\":[\"http:\/\/simhero.com\/fr\/cas-d-utilisation\/cameras-de-chasse\/\"]}]},{\"@type\":\"ImageObject\",\"inLanguage\":\"fr-FR\",\"@id\":\"http:\/\/simhero.com\/fr\/cas-d-utilisation\/cameras-de-chasse\/#primaryimage\",\"url\":\"http:\/\/simhero.com\/wp-content\/uploads\/2020\/07\/trail-camera-join-the-path-1-1-scaled.jpg\",\"contentUrl\":\"http:\/\/simhero.com\/wp-content\/uploads\/2020\/07\/trail-camera-join-the-path-1-1-scaled.jpg\",\"width\":1600,\"height\":667},{\"@type\":\"BreadcrumbList\",\"@id\":\"http:\/\/simhero.com\/fr\/cas-d-utilisation\/cameras-de-chasse\/#breadcrumb\",\"itemListElement\":[{\"@type\":\"ListItem\",\"position\":1,\"name\":\"Accueil\",\"item\":\"https:\/\/simhero.com\/fr\/\"},{\"@type\":\"ListItem\",\"position\":2,\"name\":\"Cas d&rsquo;utilisation\",\"item\":\"https:\/\/simhero.com\/fr\/cas-d-utilisation\/\"},{\"@type\":\"ListItem\",\"position\":3,\"name\":\"cam\u00e9ras de chasse\"}]},{\"@type\":\"WebSite\",\"@id\":\"https:\/\/simhero.com\/fr\/#website\",\"url\":\"https:\/\/simhero.com\/fr\/\",\"name\":\"simHERO\",\"description\":\"\",\"potentialAction\":[{\"@type\":\"SearchAction\",\"target\":{\"@type\":\"EntryPoint\",\"urlTemplate\":\"https:\/\/simhero.com\/fr\/?s={search_term_string}\"},\"query-input\":{\"@type\":\"PropertyValueSpecification\",\"valueRequired\":true,\"valueName\":\"search_term_string\"}}],\"inLanguage\":\"fr-FR\"}]}<\/script>\n<!-- \/ Yoast SEO plugin. -->","yoast_head_json":{"title":"cam\u00e9ras de chasse - simHERO","robots":{"index":"index","follow":"follow","max-snippet":"max-snippet:-1","max-image-preview":"max-image-preview:large","max-video-preview":"max-video-preview:-1"},"canonical":"http:\/\/simhero.com\/fr\/cas-d-utilisation\/cameras-de-chasse\/","og_locale":"fr_FR","og_type":"article","og_title":"cam\u00e9ras de chasse - simHERO","og_description":"simHERO CAM\u00c9RAS DE CHASSE simHERO Cartes SIM IoT dans les cam\u00e9ras de chasse La carte SIM IoT simHERO a eu un impact consid\u00e9rable sur le secteur des cam\u00e9ras de chasse et est l&rsquo;une des cartes SIM pr\u00e9f\u00e9r\u00e9es pour les cam\u00e9ras de chasse dans le monde entier. Voici certaines des raisons pour lesquelles les chasseurs font [&hellip;]","og_url":"http:\/\/simhero.com\/fr\/cas-d-utilisation\/cameras-de-chasse\/","og_site_name":"simHERO","article_publisher":"https:\/\/www.facebook.com\/freeewaysimhero\/","article_modified_time":"2020-11-19T15:20:36+00:00","og_image":[{"width":1600,"height":667,"url":"https:\/\/simhero.com\/wp-content\/uploads\/2020\/07\/trail-camera-join-the-path-1-1-scaled.jpg","type":"image\/jpeg"}],"twitter_card":"summary_large_image","twitter_misc":{"Dur\u00e9e de lecture estim\u00e9e":"2 minutes"},"schema":{"@context":"https:\/\/schema.org","@graph":[{"@type":"WebPage","@id":"http:\/\/simhero.com\/fr\/cas-d-utilisation\/cameras-de-chasse\/","url":"http:\/\/simhero.com\/fr\/cas-d-utilisation\/cameras-de-chasse\/","name":"cam\u00e9ras de chasse - simHERO","isPartOf":{"@id":"https:\/\/simhero.com\/fr\/#website"},"primaryImageOfPage":{"@id":"http:\/\/simhero.com\/fr\/cas-d-utilisation\/cameras-de-chasse\/#primaryimage"},"image":{"@id":"http:\/\/simhero.com\/fr\/cas-d-utilisation\/cameras-de-chasse\/#primaryimage"},"thumbnailUrl":"http:\/\/simhero.com\/wp-content\/uploads\/2020\/07\/trail-camera-join-the-path-1-1-scaled.jpg","datePublished":"2020-11-19T09:50:40+00:00","dateModified":"2020-11-19T15:20:36+00:00","breadcrumb":{"@id":"http:\/\/simhero.com\/fr\/cas-d-utilisation\/cameras-de-chasse\/#breadcrumb"},"inLanguage":"fr-FR","potentialAction":[{"@type":"ReadAction","target":["http:\/\/simhero.com\/fr\/cas-d-utilisation\/cameras-de-chasse\/"]}]},{"@type":"ImageObject","inLanguage":"fr-FR","@id":"http:\/\/simhero.com\/fr\/cas-d-utilisation\/cameras-de-chasse\/#primaryimage","url":"http:\/\/simhero.com\/wp-content\/uploads\/2020\/07\/trail-camera-join-the-path-1-1-scaled.jpg","contentUrl":"http:\/\/simhero.com\/wp-content\/uploads\/2020\/07\/trail-camera-join-the-path-1-1-scaled.jpg","width":1600,"height":667},{"@type":"BreadcrumbList","@id":"http:\/\/simhero.com\/fr\/cas-d-utilisation\/cameras-de-chasse\/#breadcrumb","itemListElement":[{"@type":"ListItem","position":1,"name":"Accueil","item":"https:\/\/simhero.com\/fr\/"},{"@type":"ListItem","position":2,"name":"Cas d&rsquo;utilisation","item":"https:\/\/simhero.com\/fr\/cas-d-utilisation\/"},{"@type":"ListItem","position":3,"name":"cam\u00e9ras de chasse"}]},{"@type":"WebSite","@id":"https:\/\/simhero.com\/fr\/#website","url":"https:\/\/simhero.com\/fr\/","name":"simHERO","description":"","potentialAction":[{"@type":"SearchAction","target":{"@type":"EntryPoint","urlTemplate":"https:\/\/simhero.com\/fr\/?s={search_term_string}"},"query-input":{"@type":"PropertyValueSpecification","valueRequired":true,"valueName":"search_term_string"}}],"inLanguage":"fr-FR"}]}},"_links":{"self":[{"href":"http:\/\/simhero.com\/fr\/wp-json\/wp\/v2\/pages\/2574"}],"collection":[{"href":"http:\/\/simhero.com\/fr\/wp-json\/wp\/v2\/pages"}],"about":[{"href":"http:\/\/simhero.com\/fr\/wp-json\/wp\/v2\/types\/page"}],"author":[{"embeddable":true,"href":"http:\/\/simhero.com\/fr\/wp-json\/wp\/v2\/users\/2"}],"replies":[{"embeddable":true,"href":"http:\/\/simhero.com\/fr\/wp-json\/wp\/v2\/comments?post=2574"}],"version-history":[{"count":5,"href":"http:\/\/simhero.com\/fr\/wp-json\/wp\/v2\/pages\/2574\/revisions"}],"predecessor-version":[{"id":2758,"href":"http:\/\/simhero.com\/fr\/wp-json\/wp\/v2\/pages\/2574\/revisions\/2758"}],"up":[{"embeddable":true,"href":"http:\/\/simhero.com\/fr\/wp-json\/wp\/v2\/pages\/2511"}],"wp:featuredmedia":[{"embeddable":true,"href":"http:\/\/simhero.com\/fr\/wp-json\/wp\/v2\/media\/2908"}],"wp:attachment":[{"href":"http:\/\/simhero.com\/fr\/wp-json\/wp\/v2\/media?parent=2574"}],"curies":[{"name":"wp","href":"https:\/\/api.w.org\/{rel}","templated":true}]}}