{"id":2511,"date":"2020-07-16T12:21:34","date_gmt":"2020-07-16T10:21:34","guid":{"rendered":"http:\/\/3.65.206.27\/use-cases\/"},"modified":"2020-11-19T11:52:26","modified_gmt":"2020-11-19T10:52:26","slug":"cas-d-utilisation","status":"publish","type":"page","link":"http:\/\/simhero.com\/fr\/cas-d-utilisation\/","title":{"rendered":"Cas d&rsquo;utilisation"},"content":{"rendered":"\t\t<div data-elementor-type=\"wp-page\" data-elementor-id=\"2511\" class=\"elementor elementor-2511 elementor-1538\" data-elementor-post-type=\"page\">\n\t\t\t\t\t\t<section class=\"elementor-section elementor-top-section elementor-element elementor-element-5fe29147 elementor-section-height-min-height elementor-section-boxed elementor-section-height-default elementor-section-items-middle\" data-id=\"5fe29147\" data-element_type=\"section\" data-settings=\"{&quot;background_background&quot;:&quot;classic&quot;}\">\n\t\t\t\t\t\t\t<div class=\"elementor-background-overlay\"><\/div>\n\t\t\t\t\t\t\t<div class=\"elementor-container elementor-column-gap-default\">\n\t\t\t\t\t<div class=\"elementor-column elementor-col-100 elementor-top-column elementor-element elementor-element-60fb6a66\" data-id=\"60fb6a66\" data-element_type=\"column\">\n\t\t\t<div class=\"elementor-widget-wrap elementor-element-populated\">\n\t\t\t\t\t\t<div class=\"elementor-element elementor-element-75190c0 elementor-widget elementor-widget-heading\" data-id=\"75190c0\" data-element_type=\"widget\" data-widget_type=\"heading.default\">\n\t\t\t\t<div class=\"elementor-widget-container\">\n\t\t\t<h1 class=\"elementor-heading-title elementor-size-default\">simHERO Cas d'utilisation\n<\/h1>\t\t<\/div>\n\t\t\t\t<\/div>\n\t\t\t\t\t<\/div>\n\t\t<\/div>\n\t\t\t\t\t<\/div>\n\t\t<\/section>\n\t\t\t\t<section class=\"elementor-section elementor-top-section elementor-element elementor-element-44a63dd elementor-section-boxed elementor-section-height-default elementor-section-height-default\" data-id=\"44a63dd\" data-element_type=\"section\">\n\t\t\t\t\t\t<div class=\"elementor-container elementor-column-gap-default\">\n\t\t\t\t\t<div class=\"elementor-column elementor-col-100 elementor-top-column elementor-element elementor-element-5768b0ce\" data-id=\"5768b0ce\" data-element_type=\"column\">\n\t\t\t<div class=\"elementor-widget-wrap elementor-element-populated\">\n\t\t\t\t\t\t<div class=\"elementor-element elementor-element-4ab25c54 elementor-widget elementor-widget-heading\" data-id=\"4ab25c54\" data-element_type=\"widget\" data-widget_type=\"heading.default\">\n\t\t\t\t<div class=\"elementor-widget-container\">\n\t\t\t<h2 class=\"elementor-heading-title elementor-size-default\">\u00c0 quoi cela sert-il?\n<\/h2>\t\t<\/div>\n\t\t\t\t<\/div>\n\t\t\t\t<div class=\"elementor-element elementor-element-1eee4614 elementor-widget elementor-widget-text-editor\" data-id=\"1eee4614\" data-element_type=\"widget\" data-widget_type=\"text-editor.default\">\n\t\t\t\t<div class=\"elementor-widget-container\">\n\t\t\t\t\t\t\t<p>L&rsquo;Internet of Things (Internet des objets &#8211; IoT) a une influence certaine sur le secteur des appareils \u00e9lectroniques grand public, comme nous pouvons le voir aujourd&rsquo;hui. De plus en plus d&rsquo;appareils IoT connect\u00e9s sont mis sur le march\u00e9, et les consommateurs du monde entier se posent les m\u00eames questions : quelle est la bonne carte SIM pour mon utilisation ? Quel forfait de donn\u00e9es est le plus appropri\u00e9 \u00e0 mon appareil et le plus \u00e9conomique ? simHERO peut-il \u00eatre utilis\u00e9 pour n&rsquo;importe quel type d&rsquo;appareil ? Que signifie disposer de 100 m\u00e9gaoctets ?<\/p><p>simHERO fournit des r\u00e9ponses \u00e0 toutes vos questions. Nous employons beaucoup d&rsquo;efforts pour cr\u00e9er les bons forfaits de donn\u00e9es et tarifaires pour vous et tous vos appareils. Nous voulons nous assurer que nous traduisons les octets et les bits en performances de votre appareil, et que nous vous faisons gagner du temps et de l&rsquo;argent. De la m\u00eame mani\u00e8re, nous scrutons constamment les march\u00e9s \u00e0 l&rsquo;aff\u00fbt de nouveaux appareils et v\u00e9rifions qu&rsquo;ils sont parfaitement adapt\u00e9s \u00e0 simHERO. O\u00f9 il y a une volont\u00e9, il y a un moyen. Or, quand il y a une fente pour carte SIM, il y a un simHERO. Notre carte SIM IoT globale peut \u00eatre utilis\u00e9e dans tous les appareils utilisant des donn\u00e9es et\/ou des SMS.<\/p><p>Le fait d&rsquo;avoir investi de l&rsquo;argent, du temps et de l&rsquo;\u00e9nergie pour avoir une meilleure compr\u00e9hension de l&rsquo;appareil IoT et du comportement d&rsquo;utilisateur associ\u00e9 est l&rsquo;une des raisons essentielles de notre succ\u00e8s. Nous nous sommes rendu compte que si nous comprenions les cas d&rsquo;utilisation de nos clients, nous serions aussi capables de leur fournir des orientations fiables tout au long du voyage IoT.<\/p><p>Voici quelques exemples :<\/p>\t\t\t\t\t\t<\/div>\n\t\t\t\t<\/div>\n\t\t\t\t<section class=\"elementor-section elementor-inner-section elementor-element elementor-element-128b55f4 elementor-section-boxed elementor-section-height-default elementor-section-height-default\" data-id=\"128b55f4\" data-element_type=\"section\">\n\t\t\t\t\t\t<div class=\"elementor-container elementor-column-gap-default\">\n\t\t\t\t\t<div class=\"elementor-column elementor-col-33 elementor-inner-column elementor-element elementor-element-c0a5295\" data-id=\"c0a5295\" data-element_type=\"column\">\n\t\t\t<div class=\"elementor-widget-wrap elementor-element-populated\">\n\t\t\t\t\t\t<div class=\"elementor-element elementor-element-4a7ba2a3 elementor-position-top elementor-widget elementor-widget-image-box\" data-id=\"4a7ba2a3\" data-element_type=\"widget\" data-widget_type=\"image-box.default\">\n\t\t\t\t<div class=\"elementor-widget-container\">\n\t\t\t<div class=\"elementor-image-box-wrapper\"><figure class=\"elementor-image-box-img\"><a href=\"https:\/\/simhero.com\/fr\/cas-d-utilisation\/cameras-de-chasse\/\" tabindex=\"-1\"><img fetchpriority=\"high\" decoding=\"async\" width=\"1000\" height=\"667\" src=\"http:\/\/simhero.com\/wp-content\/uploads\/2020\/07\/trail-camera-join-the-path.jpg\" class=\"attachment-full size-full wp-image-883\" alt=\"\" srcset=\"http:\/\/simhero.com\/wp-content\/uploads\/2020\/07\/trail-camera-join-the-path.jpg 1000w, http:\/\/simhero.com\/wp-content\/uploads\/2020\/07\/trail-camera-join-the-path-300x200.jpg 300w, http:\/\/simhero.com\/wp-content\/uploads\/2020\/07\/trail-camera-join-the-path-768x512.jpg 768w\" sizes=\"(max-width: 1000px) 100vw, 1000px\" \/><\/a><\/figure><div class=\"elementor-image-box-content\"><span class=\"elementor-image-box-title\"><a href=\"https:\/\/simhero.com\/fr\/cas-d-utilisation\/cameras-de-chasse\/\">simHERO dans les CAM\u00c9RAS DE CHASSE<\/a><\/span><\/div><\/div>\t\t<\/div>\n\t\t\t\t<\/div>\n\t\t\t\t\t<\/div>\n\t\t<\/div>\n\t\t\t\t<div class=\"elementor-column elementor-col-33 elementor-inner-column elementor-element elementor-element-17832f74\" data-id=\"17832f74\" data-element_type=\"column\">\n\t\t\t<div class=\"elementor-widget-wrap elementor-element-populated\">\n\t\t\t\t\t\t<div class=\"elementor-element elementor-element-1cf9e2e1 elementor-position-top elementor-widget elementor-widget-image-box\" data-id=\"1cf9e2e1\" data-element_type=\"widget\" data-widget_type=\"image-box.default\">\n\t\t\t\t<div class=\"elementor-widget-container\">\n\t\t\t<div class=\"elementor-image-box-wrapper\"><figure class=\"elementor-image-box-img\"><a href=\"https:\/\/simhero.com\/fr\/cas-d-utilisation\/systemes-de-securite\/\" tabindex=\"-1\"><img decoding=\"async\" width=\"1000\" height=\"667\" src=\"http:\/\/simhero.com\/wp-content\/uploads\/2020\/07\/security-systems.jpg\" class=\"attachment-full size-full wp-image-884\" alt=\"\" srcset=\"http:\/\/simhero.com\/wp-content\/uploads\/2020\/07\/security-systems.jpg 1000w, http:\/\/simhero.com\/wp-content\/uploads\/2020\/07\/security-systems-300x200.jpg 300w, http:\/\/simhero.com\/wp-content\/uploads\/2020\/07\/security-systems-768x512.jpg 768w\" sizes=\"(max-width: 1000px) 100vw, 1000px\" \/><\/a><\/figure><div class=\"elementor-image-box-content\"><span class=\"elementor-image-box-title\"><a href=\"https:\/\/simhero.com\/fr\/cas-d-utilisation\/systemes-de-securite\/\">simHERO dans les SYST\u00c8MES DE S\u00c9CURIT\u00c9<\/a><\/span><\/div><\/div>\t\t<\/div>\n\t\t\t\t<\/div>\n\t\t\t\t\t<\/div>\n\t\t<\/div>\n\t\t\t\t<div class=\"elementor-column elementor-col-33 elementor-inner-column elementor-element elementor-element-5f9378e4\" data-id=\"5f9378e4\" data-element_type=\"column\">\n\t\t\t<div class=\"elementor-widget-wrap elementor-element-populated\">\n\t\t\t\t\t\t<div class=\"elementor-element elementor-element-4920c673 elementor-position-top elementor-widget elementor-widget-image-box\" data-id=\"4920c673\" data-element_type=\"widget\" data-widget_type=\"image-box.default\">\n\t\t\t\t<div class=\"elementor-widget-container\">\n\t\t\t<div class=\"elementor-image-box-wrapper\"><figure class=\"elementor-image-box-img\"><a href=\"https:\/\/simhero.com\/fr\/cas-d-utilisation\/traceurs-pour-animaux-de-compagnie\/\" tabindex=\"-1\"><img decoding=\"async\" width=\"1000\" height=\"667\" src=\"http:\/\/simhero.com\/wp-content\/uploads\/2020\/07\/pet-tracker-cat.jpg\" class=\"attachment-full size-full wp-image-885\" alt=\"\" srcset=\"http:\/\/simhero.com\/wp-content\/uploads\/2020\/07\/pet-tracker-cat.jpg 1000w, http:\/\/simhero.com\/wp-content\/uploads\/2020\/07\/pet-tracker-cat-300x200.jpg 300w, http:\/\/simhero.com\/wp-content\/uploads\/2020\/07\/pet-tracker-cat-768x512.jpg 768w\" sizes=\"(max-width: 1000px) 100vw, 1000px\" \/><\/a><\/figure><div class=\"elementor-image-box-content\"><span class=\"elementor-image-box-title\"><a href=\"https:\/\/simhero.com\/fr\/cas-d-utilisation\/traceurs-pour-animaux-de-compagnie\/\">simHERO dans les TRACEURS POUR ANIMAUX DE COMPAGNIE<\/a><\/span><\/div><\/div>\t\t<\/div>\n\t\t\t\t<\/div>\n\t\t\t\t\t<\/div>\n\t\t<\/div>\n\t\t\t\t\t<\/div>\n\t\t<\/section>\n\t\t\t\t<section class=\"elementor-section elementor-inner-section elementor-element elementor-element-62acb2df elementor-section-boxed elementor-section-height-default elementor-section-height-default\" data-id=\"62acb2df\" data-element_type=\"section\">\n\t\t\t\t\t\t<div class=\"elementor-container elementor-column-gap-default\">\n\t\t\t\t\t<div class=\"elementor-column elementor-col-33 elementor-inner-column elementor-element elementor-element-59f33149\" data-id=\"59f33149\" data-element_type=\"column\">\n\t\t\t<div class=\"elementor-widget-wrap elementor-element-populated\">\n\t\t\t\t\t\t<div class=\"elementor-element elementor-element-5a410f6a elementor-position-top elementor-widget elementor-widget-image-box\" data-id=\"5a410f6a\" data-element_type=\"widget\" data-widget_type=\"image-box.default\">\n\t\t\t\t<div class=\"elementor-widget-container\">\n\t\t\t<div class=\"elementor-image-box-wrapper\"><figure class=\"elementor-image-box-img\"><a href=\"https:\/\/simhero.com\/fr\/cas-d-utilisation\/traceurs-de-vehicules\/\" tabindex=\"-1\"><img loading=\"lazy\" decoding=\"async\" width=\"640\" height=\"426\" src=\"http:\/\/simhero.com\/wp-content\/uploads\/2020\/06\/vehicle.jpg\" class=\"attachment-full size-full wp-image-495\" alt=\"\" srcset=\"http:\/\/simhero.com\/wp-content\/uploads\/2020\/06\/vehicle.jpg 640w, http:\/\/simhero.com\/wp-content\/uploads\/2020\/06\/vehicle-300x200.jpg 300w\" sizes=\"(max-width: 640px) 100vw, 640px\" \/><\/a><\/figure><div class=\"elementor-image-box-content\"><span class=\"elementor-image-box-title\"><a href=\"https:\/\/simhero.com\/fr\/cas-d-utilisation\/traceurs-de-vehicules\/\">simHERO dans les TRACEURS DE V\u00c9HICULES<\/a><\/span><\/div><\/div>\t\t<\/div>\n\t\t\t\t<\/div>\n\t\t\t\t\t<\/div>\n\t\t<\/div>\n\t\t\t\t<div class=\"elementor-column elementor-col-33 elementor-inner-column elementor-element elementor-element-68550e5c\" data-id=\"68550e5c\" data-element_type=\"column\">\n\t\t\t<div class=\"elementor-widget-wrap elementor-element-populated\">\n\t\t\t\t\t\t<div class=\"elementor-element elementor-element-26bf3a6a elementor-position-top elementor-widget elementor-widget-image-box\" data-id=\"26bf3a6a\" data-element_type=\"widget\" data-widget_type=\"image-box.default\">\n\t\t\t\t<div class=\"elementor-widget-container\">\n\t\t\t<div class=\"elementor-image-box-wrapper\"><figure class=\"elementor-image-box-img\"><a href=\"https:\/\/simhero.com\/fr\/cas-d-utilisation\/montres-pour-enfants\/\" tabindex=\"-1\"><img loading=\"lazy\" decoding=\"async\" width=\"640\" height=\"426\" src=\"http:\/\/simhero.com\/wp-content\/uploads\/2020\/06\/kidwatches.jpg\" class=\"attachment-full size-full wp-image-2589\" alt=\"\" srcset=\"http:\/\/simhero.com\/wp-content\/uploads\/2020\/06\/kidwatches.jpg 640w, http:\/\/simhero.com\/wp-content\/uploads\/2020\/06\/kidwatches-300x200.jpg 300w\" sizes=\"(max-width: 640px) 100vw, 640px\" \/><\/a><\/figure><div class=\"elementor-image-box-content\"><span class=\"elementor-image-box-title\"><a href=\"https:\/\/simhero.com\/fr\/cas-d-utilisation\/montres-pour-enfants\/\">simHERO dans les MONTRES POUR ENFANTS<\/a><\/span><\/div><\/div>\t\t<\/div>\n\t\t\t\t<\/div>\n\t\t\t\t\t<\/div>\n\t\t<\/div>\n\t\t\t\t<div class=\"elementor-column elementor-col-33 elementor-inner-column elementor-element elementor-element-315033cc\" data-id=\"315033cc\" data-element_type=\"column\">\n\t\t\t<div class=\"elementor-widget-wrap\">\n\t\t\t\t\t\t\t<\/div>\n\t\t<\/div>\n\t\t\t\t\t<\/div>\n\t\t<\/section>\n\t\t\t\t\t<\/div>\n\t\t<\/div>\n\t\t\t\t\t<\/div>\n\t\t<\/section>\n\t\t\t\t<\/div>\n\t\t","protected":false},"excerpt":{"rendered":"<p>simHERO Cas d&rsquo;utilisation \u00c0 quoi cela sert-il? L&rsquo;Internet of Things (Internet des objets &#8211; IoT) a une influence certaine sur le secteur des appareils \u00e9lectroniques grand public, comme nous pouvons le voir aujourd&rsquo;hui. De plus en plus d&rsquo;appareils IoT connect\u00e9s sont mis sur le march\u00e9, et les consommateurs du monde entier se posent les m\u00eames [&hellip;]<\/p>\n","protected":false},"author":2,"featured_media":2684,"parent":0,"menu_order":0,"comment_status":"closed","ping_status":"closed","template":"elementor_header_footer","meta":{"footnotes":""},"yoast_head":"<!-- This site is optimized with the Yoast SEO plugin v23.4 - https:\/\/yoast.com\/wordpress\/plugins\/seo\/ -->\n<title>Cas d&#039;utilisation - simHERO<\/title>\n<meta name=\"robots\" content=\"index, follow, max-snippet:-1, max-image-preview:large, max-video-preview:-1\" \/>\n<link rel=\"canonical\" href=\"http:\/\/simhero.com\/fr\/cas-d-utilisation\/\" \/>\n<meta property=\"og:locale\" content=\"fr_FR\" \/>\n<meta property=\"og:type\" content=\"article\" \/>\n<meta property=\"og:title\" content=\"Cas d&#039;utilisation - simHERO\" \/>\n<meta property=\"og:description\" content=\"simHERO Cas d&rsquo;utilisation \u00c0 quoi cela sert-il? L&rsquo;Internet of Things (Internet des objets &#8211; IoT) a une influence certaine sur le secteur des appareils \u00e9lectroniques grand public, comme nous pouvons le voir aujourd&rsquo;hui. De plus en plus d&rsquo;appareils IoT connect\u00e9s sont mis sur le march\u00e9, et les consommateurs du monde entier se posent les m\u00eames [&hellip;]\" \/>\n<meta property=\"og:url\" content=\"http:\/\/simhero.com\/fr\/cas-d-utilisation\/\" \/>\n<meta property=\"og:site_name\" content=\"simHERO\" \/>\n<meta property=\"article:publisher\" content=\"https:\/\/www.facebook.com\/freeewaysimhero\/\" \/>\n<meta property=\"article:modified_time\" content=\"2020-11-19T10:52:26+00:00\" \/>\n<meta property=\"og:image\" content=\"https:\/\/simhero.com\/wp-content\/uploads\/2020\/06\/arc-scaled.jpg\" \/>\n\t<meta property=\"og:image:width\" content=\"2560\" \/>\n\t<meta property=\"og:image:height\" content=\"1067\" \/>\n\t<meta property=\"og:image:type\" content=\"image\/jpeg\" \/>\n<meta name=\"twitter:card\" content=\"summary_large_image\" \/>\n<meta name=\"twitter:label1\" content=\"Dur\u00e9e de lecture estim\u00e9e\" \/>\n\t<meta name=\"twitter:data1\" content=\"2 minutes\" \/>\n<script type=\"application\/ld+json\" class=\"yoast-schema-graph\">{\"@context\":\"https:\/\/schema.org\",\"@graph\":[{\"@type\":\"WebPage\",\"@id\":\"http:\/\/simhero.com\/fr\/cas-d-utilisation\/\",\"url\":\"http:\/\/simhero.com\/fr\/cas-d-utilisation\/\",\"name\":\"Cas d'utilisation - simHERO\",\"isPartOf\":{\"@id\":\"https:\/\/simhero.com\/fr\/#website\"},\"primaryImageOfPage\":{\"@id\":\"http:\/\/simhero.com\/fr\/cas-d-utilisation\/#primaryimage\"},\"image\":{\"@id\":\"http:\/\/simhero.com\/fr\/cas-d-utilisation\/#primaryimage\"},\"thumbnailUrl\":\"http:\/\/simhero.com\/wp-content\/uploads\/2020\/06\/arc-scaled.jpg\",\"datePublished\":\"2020-07-16T10:21:34+00:00\",\"dateModified\":\"2020-11-19T10:52:26+00:00\",\"breadcrumb\":{\"@id\":\"http:\/\/simhero.com\/fr\/cas-d-utilisation\/#breadcrumb\"},\"inLanguage\":\"fr-FR\",\"potentialAction\":[{\"@type\":\"ReadAction\",\"target\":[\"http:\/\/simhero.com\/fr\/cas-d-utilisation\/\"]}]},{\"@type\":\"ImageObject\",\"inLanguage\":\"fr-FR\",\"@id\":\"http:\/\/simhero.com\/fr\/cas-d-utilisation\/#primaryimage\",\"url\":\"http:\/\/simhero.com\/wp-content\/uploads\/2020\/06\/arc-scaled.jpg\",\"contentUrl\":\"http:\/\/simhero.com\/wp-content\/uploads\/2020\/06\/arc-scaled.jpg\",\"width\":2560,\"height\":1067},{\"@type\":\"BreadcrumbList\",\"@id\":\"http:\/\/simhero.com\/fr\/cas-d-utilisation\/#breadcrumb\",\"itemListElement\":[{\"@type\":\"ListItem\",\"position\":1,\"name\":\"Accueil\",\"item\":\"https:\/\/simhero.com\/fr\/\"},{\"@type\":\"ListItem\",\"position\":2,\"name\":\"Cas d&rsquo;utilisation\"}]},{\"@type\":\"WebSite\",\"@id\":\"https:\/\/simhero.com\/fr\/#website\",\"url\":\"https:\/\/simhero.com\/fr\/\",\"name\":\"simHERO\",\"description\":\"\",\"potentialAction\":[{\"@type\":\"SearchAction\",\"target\":{\"@type\":\"EntryPoint\",\"urlTemplate\":\"https:\/\/simhero.com\/fr\/?s={search_term_string}\"},\"query-input\":{\"@type\":\"PropertyValueSpecification\",\"valueRequired\":true,\"valueName\":\"search_term_string\"}}],\"inLanguage\":\"fr-FR\"}]}<\/script>\n<!-- \/ Yoast SEO plugin. -->","yoast_head_json":{"title":"Cas d'utilisation - simHERO","robots":{"index":"index","follow":"follow","max-snippet":"max-snippet:-1","max-image-preview":"max-image-preview:large","max-video-preview":"max-video-preview:-1"},"canonical":"http:\/\/simhero.com\/fr\/cas-d-utilisation\/","og_locale":"fr_FR","og_type":"article","og_title":"Cas d'utilisation - simHERO","og_description":"simHERO Cas d&rsquo;utilisation \u00c0 quoi cela sert-il? L&rsquo;Internet of Things (Internet des objets &#8211; IoT) a une influence certaine sur le secteur des appareils \u00e9lectroniques grand public, comme nous pouvons le voir aujourd&rsquo;hui. De plus en plus d&rsquo;appareils IoT connect\u00e9s sont mis sur le march\u00e9, et les consommateurs du monde entier se posent les m\u00eames [&hellip;]","og_url":"http:\/\/simhero.com\/fr\/cas-d-utilisation\/","og_site_name":"simHERO","article_publisher":"https:\/\/www.facebook.com\/freeewaysimhero\/","article_modified_time":"2020-11-19T10:52:26+00:00","og_image":[{"width":2560,"height":1067,"url":"https:\/\/simhero.com\/wp-content\/uploads\/2020\/06\/arc-scaled.jpg","type":"image\/jpeg"}],"twitter_card":"summary_large_image","twitter_misc":{"Dur\u00e9e de lecture estim\u00e9e":"2 minutes"},"schema":{"@context":"https:\/\/schema.org","@graph":[{"@type":"WebPage","@id":"http:\/\/simhero.com\/fr\/cas-d-utilisation\/","url":"http:\/\/simhero.com\/fr\/cas-d-utilisation\/","name":"Cas d'utilisation - simHERO","isPartOf":{"@id":"https:\/\/simhero.com\/fr\/#website"},"primaryImageOfPage":{"@id":"http:\/\/simhero.com\/fr\/cas-d-utilisation\/#primaryimage"},"image":{"@id":"http:\/\/simhero.com\/fr\/cas-d-utilisation\/#primaryimage"},"thumbnailUrl":"http:\/\/simhero.com\/wp-content\/uploads\/2020\/06\/arc-scaled.jpg","datePublished":"2020-07-16T10:21:34+00:00","dateModified":"2020-11-19T10:52:26+00:00","breadcrumb":{"@id":"http:\/\/simhero.com\/fr\/cas-d-utilisation\/#breadcrumb"},"inLanguage":"fr-FR","potentialAction":[{"@type":"ReadAction","target":["http:\/\/simhero.com\/fr\/cas-d-utilisation\/"]}]},{"@type":"ImageObject","inLanguage":"fr-FR","@id":"http:\/\/simhero.com\/fr\/cas-d-utilisation\/#primaryimage","url":"http:\/\/simhero.com\/wp-content\/uploads\/2020\/06\/arc-scaled.jpg","contentUrl":"http:\/\/simhero.com\/wp-content\/uploads\/2020\/06\/arc-scaled.jpg","width":2560,"height":1067},{"@type":"BreadcrumbList","@id":"http:\/\/simhero.com\/fr\/cas-d-utilisation\/#breadcrumb","itemListElement":[{"@type":"ListItem","position":1,"name":"Accueil","item":"https:\/\/simhero.com\/fr\/"},{"@type":"ListItem","position":2,"name":"Cas d&rsquo;utilisation"}]},{"@type":"WebSite","@id":"https:\/\/simhero.com\/fr\/#website","url":"https:\/\/simhero.com\/fr\/","name":"simHERO","description":"","potentialAction":[{"@type":"SearchAction","target":{"@type":"EntryPoint","urlTemplate":"https:\/\/simhero.com\/fr\/?s={search_term_string}"},"query-input":{"@type":"PropertyValueSpecification","valueRequired":true,"valueName":"search_term_string"}}],"inLanguage":"fr-FR"}]}},"_links":{"self":[{"href":"http:\/\/simhero.com\/fr\/wp-json\/wp\/v2\/pages\/2511"}],"collection":[{"href":"http:\/\/simhero.com\/fr\/wp-json\/wp\/v2\/pages"}],"about":[{"href":"http:\/\/simhero.com\/fr\/wp-json\/wp\/v2\/types\/page"}],"author":[{"embeddable":true,"href":"http:\/\/simhero.com\/fr\/wp-json\/wp\/v2\/users\/2"}],"replies":[{"embeddable":true,"href":"http:\/\/simhero.com\/fr\/wp-json\/wp\/v2\/comments?post=2511"}],"version-history":[{"count":4,"href":"http:\/\/simhero.com\/fr\/wp-json\/wp\/v2\/pages\/2511\/revisions"}],"predecessor-version":[{"id":2650,"href":"http:\/\/simhero.com\/fr\/wp-json\/wp\/v2\/pages\/2511\/revisions\/2650"}],"wp:featuredmedia":[{"embeddable":true,"href":"http:\/\/simhero.com\/fr\/wp-json\/wp\/v2\/media\/2684"}],"wp:attachment":[{"href":"http:\/\/simhero.com\/fr\/wp-json\/wp\/v2\/media?parent=2511"}],"curies":[{"name":"wp","href":"https:\/\/api.w.org\/{rel}","templated":true}]}}