{"id":3724,"date":"2020-11-26T13:52:10","date_gmt":"2020-11-26T12:52:10","guid":{"rendered":"http:\/\/3.65.206.27\/?page_id=3724"},"modified":"2020-12-04T11:17:56","modified_gmt":"2020-12-04T10:17:56","slug":"casos-practicos","status":"publish","type":"page","link":"http:\/\/simhero.com\/es\/empresa\/casos-practicos\/","title":{"rendered":"Casos pr\u00e1cticos"},"content":{"rendered":"\t\t<div data-elementor-type=\"wp-page\" data-elementor-id=\"3724\" class=\"elementor elementor-3724 elementor-21\" data-elementor-post-type=\"page\">\n\t\t\t\t\t\t<section class=\"elementor-section elementor-top-section elementor-element elementor-element-576e4e4d elementor-section-height-min-height elementor-section-boxed elementor-section-height-default elementor-section-items-middle\" data-id=\"576e4e4d\" data-element_type=\"section\" data-settings=\"{&quot;background_background&quot;:&quot;classic&quot;}\">\n\t\t\t\t\t\t\t<div class=\"elementor-background-overlay\"><\/div>\n\t\t\t\t\t\t\t<div class=\"elementor-container elementor-column-gap-default\">\n\t\t\t\t\t<div class=\"elementor-column elementor-col-100 elementor-top-column elementor-element elementor-element-622d1b98\" data-id=\"622d1b98\" data-element_type=\"column\">\n\t\t\t<div class=\"elementor-widget-wrap elementor-element-populated\">\n\t\t\t\t\t\t<div class=\"elementor-element elementor-element-5797dc1e elementor-widget elementor-widget-heading\" data-id=\"5797dc1e\" data-element_type=\"widget\" data-widget_type=\"heading.default\">\n\t\t\t\t<div class=\"elementor-widget-container\">\n\t\t\t<h1 class=\"elementor-heading-title elementor-size-default\">Casos pr\u00e1cticos simHERO<\/h1>\t\t<\/div>\n\t\t\t\t<\/div>\n\t\t\t\t\t<\/div>\n\t\t<\/div>\n\t\t\t\t\t<\/div>\n\t\t<\/section>\n\t\t\t\t<section class=\"elementor-section elementor-top-section elementor-element elementor-element-2875d47d elementor-section-boxed elementor-section-height-default elementor-section-height-default\" data-id=\"2875d47d\" data-element_type=\"section\">\n\t\t\t\t\t\t<div class=\"elementor-container elementor-column-gap-default\">\n\t\t\t\t\t<div class=\"elementor-column elementor-col-100 elementor-top-column elementor-element elementor-element-bae147d\" data-id=\"bae147d\" data-element_type=\"column\">\n\t\t\t<div class=\"elementor-widget-wrap elementor-element-populated\">\n\t\t\t\t\t\t<div class=\"elementor-element elementor-element-1628197b elementor-widget elementor-widget-heading\" data-id=\"1628197b\" data-element_type=\"widget\" data-widget_type=\"heading.default\">\n\t\t\t\t<div class=\"elementor-widget-container\">\n\t\t\t<h2 class=\"elementor-heading-title elementor-size-default\">Para qu\u00e9 sirve<\/h2>\t\t<\/div>\n\t\t\t\t<\/div>\n\t\t\t\t<div class=\"elementor-element elementor-element-293061ae elementor-widget elementor-widget-text-editor\" data-id=\"293061ae\" data-element_type=\"widget\" data-widget_type=\"text-editor.default\">\n\t\t\t\t<div class=\"elementor-widget-container\">\n\t\t\t\t\t\t\t<p>El internet de las cosas (IoT) ha tenido un impacto significativo en el sector de la electr\u00f3nica de consumo, tal y como la conocemos hoy. En todo el mundo, los consumidores se encuentran con un sinf\u00edn de dispositivos de IoT que requieren conectividad SIM, ofrecida por numerosos operadores diferentes. \u00bfPero qu\u00e9 SIM es la adecuada para el usuario final? \u00bfQu\u00e9 plan de datos es el m\u00e1s indicado para mi dispositivo sin desperdiciar dinero? \u00bfY puede usarse simHERO para cualquier tipo de dispositivo?<\/p><p>En simHERO empleamos grandes esfuerzos en crear los planes de datos y tarifas adecuados para nuestros clientes de empresa y usuarios finales. Del mismo modo, rastreamos constantemente los mercados en b\u00fasqueda de nuevos dispositivos de IoT, comprobando que simHERO se ajuste a la perfecci\u00f3n. Donde hay voluntad, hay un camino. Y donde hay una ranura SIM, hay simHERO. Nuestra SIM mundial para IoT puede usarse en cada dispositivo de IoT mediante datos y\/o SMS.<\/p><p>Invertir dinero, tiempo y energ\u00eda para entender mejor el dispositivo de IoT y el comportamiento del usuario relacionado con el mismo ha sido un elemento clave de nuestro \u00e9xito. Nos hemos percatado de que, al entender los casos pr\u00e1cticos de nuestros clientes, tambi\u00e9n seremos capaces de asesorarles de forma fiable a lo largo de este viaje por el IoT.<\/p><p>Algunos ejemplos:<\/p>\t\t\t\t\t\t<\/div>\n\t\t\t\t<\/div>\n\t\t\t\t<section class=\"elementor-section elementor-inner-section elementor-element elementor-element-3c2f66df elementor-section-boxed elementor-section-height-default elementor-section-height-default\" data-id=\"3c2f66df\" data-element_type=\"section\">\n\t\t\t\t\t\t<div class=\"elementor-container elementor-column-gap-default\">\n\t\t\t\t\t<div class=\"elementor-column elementor-col-33 elementor-inner-column elementor-element elementor-element-580c1a61\" data-id=\"580c1a61\" data-element_type=\"column\">\n\t\t\t<div class=\"elementor-widget-wrap elementor-element-populated\">\n\t\t\t\t\t\t<div class=\"elementor-element elementor-element-562807f5 elementor-position-top elementor-widget elementor-widget-image-box\" data-id=\"562807f5\" data-element_type=\"widget\" data-widget_type=\"image-box.default\">\n\t\t\t\t<div class=\"elementor-widget-container\">\n\t\t\t<div class=\"elementor-image-box-wrapper\"><figure class=\"elementor-image-box-img\"><a href=\"https:\/\/simhero.com\/es\/empresa\/casos-practicos\/camaras-de-rastreo\/\" tabindex=\"-1\"><img fetchpriority=\"high\" decoding=\"async\" width=\"1000\" height=\"667\" src=\"http:\/\/simhero.com\/wp-content\/uploads\/2020\/07\/trail-camera-join-the-path.jpg\" class=\"attachment-full size-full wp-image-3731\" alt=\"\" srcset=\"http:\/\/simhero.com\/wp-content\/uploads\/2020\/07\/trail-camera-join-the-path.jpg 1000w, http:\/\/simhero.com\/wp-content\/uploads\/2020\/07\/trail-camera-join-the-path-300x200.jpg 300w, http:\/\/simhero.com\/wp-content\/uploads\/2020\/07\/trail-camera-join-the-path-768x512.jpg 768w\" sizes=\"(max-width: 1000px) 100vw, 1000px\" \/><\/a><\/figure><div class=\"elementor-image-box-content\"><span class=\"elementor-image-box-title\"><a href=\"https:\/\/simhero.com\/es\/empresa\/casos-practicos\/camaras-de-rastreo\/\">simHERO en C\u00c1MARAS DE RASTREO<\/a><\/span><\/div><\/div>\t\t<\/div>\n\t\t\t\t<\/div>\n\t\t\t\t\t<\/div>\n\t\t<\/div>\n\t\t\t\t<div class=\"elementor-column elementor-col-33 elementor-inner-column elementor-element elementor-element-5ed93ba6\" data-id=\"5ed93ba6\" data-element_type=\"column\">\n\t\t\t<div class=\"elementor-widget-wrap elementor-element-populated\">\n\t\t\t\t\t\t<div class=\"elementor-element elementor-element-4645f866 elementor-position-top elementor-widget elementor-widget-image-box\" data-id=\"4645f866\" data-element_type=\"widget\" data-widget_type=\"image-box.default\">\n\t\t\t\t<div class=\"elementor-widget-container\">\n\t\t\t<div class=\"elementor-image-box-wrapper\"><figure class=\"elementor-image-box-img\"><a href=\"https:\/\/simhero.com\/es\/empresa\/casos-practicos\/sistemas-de-seguridad\/\" tabindex=\"-1\"><img decoding=\"async\" width=\"1000\" height=\"667\" src=\"http:\/\/simhero.com\/wp-content\/uploads\/2020\/07\/security-systems.jpg\" class=\"attachment-full size-full wp-image-3732\" alt=\"\" srcset=\"http:\/\/simhero.com\/wp-content\/uploads\/2020\/07\/security-systems.jpg 1000w, http:\/\/simhero.com\/wp-content\/uploads\/2020\/07\/security-systems-300x200.jpg 300w, http:\/\/simhero.com\/wp-content\/uploads\/2020\/07\/security-systems-768x512.jpg 768w\" sizes=\"(max-width: 1000px) 100vw, 1000px\" \/><\/a><\/figure><div class=\"elementor-image-box-content\"><span class=\"elementor-image-box-title\"><a href=\"https:\/\/simhero.com\/es\/empresa\/casos-practicos\/sistemas-de-seguridad\/\">simHERO en SISTEMAS DE SEGURIDAD<\/a><\/span><\/div><\/div>\t\t<\/div>\n\t\t\t\t<\/div>\n\t\t\t\t\t<\/div>\n\t\t<\/div>\n\t\t\t\t<div class=\"elementor-column elementor-col-33 elementor-inner-column elementor-element elementor-element-69dbb4e7\" data-id=\"69dbb4e7\" data-element_type=\"column\">\n\t\t\t<div class=\"elementor-widget-wrap elementor-element-populated\">\n\t\t\t\t\t\t<div class=\"elementor-element elementor-element-491d0d34 elementor-position-top elementor-widget elementor-widget-image-box\" data-id=\"491d0d34\" data-element_type=\"widget\" data-widget_type=\"image-box.default\">\n\t\t\t\t<div class=\"elementor-widget-container\">\n\t\t\t<div class=\"elementor-image-box-wrapper\"><figure class=\"elementor-image-box-img\"><a href=\"https:\/\/simhero.com\/es\/empresa\/casos-practicos\/rastreadores-de-mascotas\/\" tabindex=\"-1\"><img decoding=\"async\" width=\"1000\" height=\"667\" src=\"http:\/\/simhero.com\/wp-content\/uploads\/2020\/07\/pet-tracker-cat.jpg\" class=\"attachment-full size-full wp-image-3733\" alt=\"\" srcset=\"http:\/\/simhero.com\/wp-content\/uploads\/2020\/07\/pet-tracker-cat.jpg 1000w, http:\/\/simhero.com\/wp-content\/uploads\/2020\/07\/pet-tracker-cat-300x200.jpg 300w, http:\/\/simhero.com\/wp-content\/uploads\/2020\/07\/pet-tracker-cat-768x512.jpg 768w\" sizes=\"(max-width: 1000px) 100vw, 1000px\" \/><\/a><\/figure><div class=\"elementor-image-box-content\"><span class=\"elementor-image-box-title\"><a href=\"https:\/\/simhero.com\/es\/empresa\/casos-practicos\/rastreadores-de-mascotas\/\">simHERO en RASTREADORES DE MASCOTAS<\/a><\/span><\/div><\/div>\t\t<\/div>\n\t\t\t\t<\/div>\n\t\t\t\t\t<\/div>\n\t\t<\/div>\n\t\t\t\t\t<\/div>\n\t\t<\/section>\n\t\t\t\t<section class=\"elementor-section elementor-inner-section elementor-element elementor-element-1911be5c elementor-section-boxed elementor-section-height-default elementor-section-height-default\" data-id=\"1911be5c\" data-element_type=\"section\">\n\t\t\t\t\t\t<div class=\"elementor-container elementor-column-gap-default\">\n\t\t\t\t\t<div class=\"elementor-column elementor-col-33 elementor-inner-column elementor-element elementor-element-390dd922\" data-id=\"390dd922\" data-element_type=\"column\">\n\t\t\t<div class=\"elementor-widget-wrap elementor-element-populated\">\n\t\t\t\t\t\t<div class=\"elementor-element elementor-element-d775232 elementor-position-top elementor-widget elementor-widget-image-box\" data-id=\"d775232\" data-element_type=\"widget\" data-widget_type=\"image-box.default\">\n\t\t\t\t<div class=\"elementor-widget-container\">\n\t\t\t<div class=\"elementor-image-box-wrapper\"><figure class=\"elementor-image-box-img\"><a href=\"https:\/\/simhero.com\/es\/empresa\/casos-practicos\/rastreadores-de-vehiculos\/\" tabindex=\"-1\"><img loading=\"lazy\" decoding=\"async\" width=\"640\" height=\"426\" src=\"http:\/\/simhero.com\/wp-content\/uploads\/2020\/06\/vehicle.jpg\" class=\"attachment-full size-full wp-image-3730\" alt=\"\" srcset=\"http:\/\/simhero.com\/wp-content\/uploads\/2020\/06\/vehicle.jpg 640w, http:\/\/simhero.com\/wp-content\/uploads\/2020\/06\/vehicle-300x200.jpg 300w\" sizes=\"(max-width: 640px) 100vw, 640px\" \/><\/a><\/figure><div class=\"elementor-image-box-content\"><span class=\"elementor-image-box-title\"><a href=\"https:\/\/simhero.com\/es\/empresa\/casos-practicos\/rastreadores-de-vehiculos\/\">simHERO en RASTREADORES DE VEH\u00cdCULOS<\/a><\/span><\/div><\/div>\t\t<\/div>\n\t\t\t\t<\/div>\n\t\t\t\t\t<\/div>\n\t\t<\/div>\n\t\t\t\t<div class=\"elementor-column elementor-col-33 elementor-inner-column elementor-element elementor-element-5e432af2\" data-id=\"5e432af2\" data-element_type=\"column\">\n\t\t\t<div class=\"elementor-widget-wrap elementor-element-populated\">\n\t\t\t\t\t\t<div class=\"elementor-element elementor-element-29854409 elementor-position-top elementor-widget elementor-widget-image-box\" data-id=\"29854409\" data-element_type=\"widget\" data-widget_type=\"image-box.default\">\n\t\t\t\t<div class=\"elementor-widget-container\">\n\t\t\t<div class=\"elementor-image-box-wrapper\"><figure class=\"elementor-image-box-img\"><a href=\"https:\/\/simhero.com\/es\/empresa\/casos-practicos\/relojes-infantiles\/\" tabindex=\"-1\"><img loading=\"lazy\" decoding=\"async\" width=\"640\" height=\"426\" src=\"http:\/\/simhero.com\/wp-content\/uploads\/2020\/06\/kidwatches.jpg\" class=\"attachment-full size-full wp-image-3366\" alt=\"\" srcset=\"http:\/\/simhero.com\/wp-content\/uploads\/2020\/06\/kidwatches.jpg 640w, http:\/\/simhero.com\/wp-content\/uploads\/2020\/06\/kidwatches-300x200.jpg 300w\" sizes=\"(max-width: 640px) 100vw, 640px\" \/><\/a><\/figure><div class=\"elementor-image-box-content\"><span class=\"elementor-image-box-title\"><a href=\"https:\/\/simhero.com\/es\/empresa\/casos-practicos\/relojes-infantiles\/\">simHERO en RELOJES INFANTILES<\/a><\/span><\/div><\/div>\t\t<\/div>\n\t\t\t\t<\/div>\n\t\t\t\t\t<\/div>\n\t\t<\/div>\n\t\t\t\t<div class=\"elementor-column elementor-col-33 elementor-inner-column elementor-element elementor-element-af56496\" data-id=\"af56496\" data-element_type=\"column\">\n\t\t\t<div class=\"elementor-widget-wrap\">\n\t\t\t\t\t\t\t<\/div>\n\t\t<\/div>\n\t\t\t\t\t<\/div>\n\t\t<\/section>\n\t\t\t\t\t<\/div>\n\t\t<\/div>\n\t\t\t\t\t<\/div>\n\t\t<\/section>\n\t\t\t\t<\/div>\n\t\t","protected":false},"excerpt":{"rendered":"<p>Casos pr\u00e1cticos simHERO Para qu\u00e9 sirve El internet de las cosas (IoT) ha tenido un impacto significativo en el sector de la electr\u00f3nica de consumo, tal y como la conocemos hoy. En todo el mundo, los consumidores se encuentran con un sinf\u00edn de dispositivos de IoT que requieren conectividad SIM, ofrecida por numerosos operadores diferentes. [&hellip;]<\/p>\n","protected":false},"author":2,"featured_media":0,"parent":3496,"menu_order":0,"comment_status":"closed","ping_status":"closed","template":"elementor_header_footer","meta":{"footnotes":""},"yoast_head":"<!-- This site is optimized with the Yoast SEO plugin v23.4 - https:\/\/yoast.com\/wordpress\/plugins\/seo\/ -->\n<title>Casos pr\u00e1cticos - simHERO<\/title>\n<meta name=\"robots\" content=\"index, follow, max-snippet:-1, max-image-preview:large, max-video-preview:-1\" \/>\n<link rel=\"canonical\" href=\"http:\/\/simhero.com\/es\/empresa\/casos-practicos\/\" \/>\n<meta property=\"og:locale\" content=\"es_ES\" \/>\n<meta property=\"og:type\" content=\"article\" \/>\n<meta property=\"og:title\" content=\"Casos pr\u00e1cticos - simHERO\" \/>\n<meta property=\"og:description\" content=\"Casos pr\u00e1cticos simHERO Para qu\u00e9 sirve El internet de las cosas (IoT) ha tenido un impacto significativo en el sector de la electr\u00f3nica de consumo, tal y como la conocemos hoy. En todo el mundo, los consumidores se encuentran con un sinf\u00edn de dispositivos de IoT que requieren conectividad SIM, ofrecida por numerosos operadores diferentes. [&hellip;]\" \/>\n<meta property=\"og:url\" content=\"http:\/\/simhero.com\/es\/empresa\/casos-practicos\/\" \/>\n<meta property=\"og:site_name\" content=\"simHERO\" \/>\n<meta property=\"article:publisher\" content=\"https:\/\/www.facebook.com\/freeewaysimhero\/\" \/>\n<meta property=\"article:modified_time\" content=\"2020-12-04T10:17:56+00:00\" \/>\n<meta property=\"og:image\" content=\"http:\/\/3.65.206.27\/wp-content\/uploads\/2020\/07\/trail-camera-join-the-path.jpg\" \/>\n<meta name=\"twitter:card\" content=\"summary_large_image\" \/>\n<meta name=\"twitter:label1\" content=\"Tiempo de lectura\" \/>\n\t<meta name=\"twitter:data1\" content=\"1 minuto\" \/>\n<script type=\"application\/ld+json\" class=\"yoast-schema-graph\">{\"@context\":\"https:\/\/schema.org\",\"@graph\":[{\"@type\":\"WebPage\",\"@id\":\"http:\/\/simhero.com\/es\/empresa\/casos-practicos\/\",\"url\":\"http:\/\/simhero.com\/es\/empresa\/casos-practicos\/\",\"name\":\"Casos pr\u00e1cticos - simHERO\",\"isPartOf\":{\"@id\":\"https:\/\/simhero.com\/es\/#website\"},\"primaryImageOfPage\":{\"@id\":\"http:\/\/simhero.com\/es\/empresa\/casos-practicos\/#primaryimage\"},\"image\":{\"@id\":\"http:\/\/simhero.com\/es\/empresa\/casos-practicos\/#primaryimage\"},\"thumbnailUrl\":\"http:\/\/3.65.206.27\/wp-content\/uploads\/2020\/07\/trail-camera-join-the-path.jpg\",\"datePublished\":\"2020-11-26T12:52:10+00:00\",\"dateModified\":\"2020-12-04T10:17:56+00:00\",\"breadcrumb\":{\"@id\":\"http:\/\/simhero.com\/es\/empresa\/casos-practicos\/#breadcrumb\"},\"inLanguage\":\"es\",\"potentialAction\":[{\"@type\":\"ReadAction\",\"target\":[\"http:\/\/simhero.com\/es\/empresa\/casos-practicos\/\"]}]},{\"@type\":\"ImageObject\",\"inLanguage\":\"es\",\"@id\":\"http:\/\/simhero.com\/es\/empresa\/casos-practicos\/#primaryimage\",\"url\":\"http:\/\/3.65.206.27\/wp-content\/uploads\/2020\/07\/trail-camera-join-the-path.jpg\",\"contentUrl\":\"http:\/\/3.65.206.27\/wp-content\/uploads\/2020\/07\/trail-camera-join-the-path.jpg\"},{\"@type\":\"BreadcrumbList\",\"@id\":\"http:\/\/simhero.com\/es\/empresa\/casos-practicos\/#breadcrumb\",\"itemListElement\":[{\"@type\":\"ListItem\",\"position\":1,\"name\":\"Portada\",\"item\":\"http:\/\/simhero.com\/es\/\"},{\"@type\":\"ListItem\",\"position\":2,\"name\":\"Empresa\",\"item\":\"http:\/\/simhero.com\/es\/empresa\/\"},{\"@type\":\"ListItem\",\"position\":3,\"name\":\"Casos pr\u00e1cticos\"}]},{\"@type\":\"WebSite\",\"@id\":\"https:\/\/simhero.com\/es\/#website\",\"url\":\"https:\/\/simhero.com\/es\/\",\"name\":\"simHERO\",\"description\":\"\",\"potentialAction\":[{\"@type\":\"SearchAction\",\"target\":{\"@type\":\"EntryPoint\",\"urlTemplate\":\"https:\/\/simhero.com\/es\/?s={search_term_string}\"},\"query-input\":{\"@type\":\"PropertyValueSpecification\",\"valueRequired\":true,\"valueName\":\"search_term_string\"}}],\"inLanguage\":\"es\"}]}<\/script>\n<!-- \/ Yoast SEO plugin. -->","yoast_head_json":{"title":"Casos pr\u00e1cticos - simHERO","robots":{"index":"index","follow":"follow","max-snippet":"max-snippet:-1","max-image-preview":"max-image-preview:large","max-video-preview":"max-video-preview:-1"},"canonical":"http:\/\/simhero.com\/es\/empresa\/casos-practicos\/","og_locale":"es_ES","og_type":"article","og_title":"Casos pr\u00e1cticos - simHERO","og_description":"Casos pr\u00e1cticos simHERO Para qu\u00e9 sirve El internet de las cosas (IoT) ha tenido un impacto significativo en el sector de la electr\u00f3nica de consumo, tal y como la conocemos hoy. En todo el mundo, los consumidores se encuentran con un sinf\u00edn de dispositivos de IoT que requieren conectividad SIM, ofrecida por numerosos operadores diferentes. [&hellip;]","og_url":"http:\/\/simhero.com\/es\/empresa\/casos-practicos\/","og_site_name":"simHERO","article_publisher":"https:\/\/www.facebook.com\/freeewaysimhero\/","article_modified_time":"2020-12-04T10:17:56+00:00","og_image":[{"url":"http:\/\/3.65.206.27\/wp-content\/uploads\/2020\/07\/trail-camera-join-the-path.jpg"}],"twitter_card":"summary_large_image","twitter_misc":{"Tiempo de lectura":"1 minuto"},"schema":{"@context":"https:\/\/schema.org","@graph":[{"@type":"WebPage","@id":"http:\/\/simhero.com\/es\/empresa\/casos-practicos\/","url":"http:\/\/simhero.com\/es\/empresa\/casos-practicos\/","name":"Casos pr\u00e1cticos - simHERO","isPartOf":{"@id":"https:\/\/simhero.com\/es\/#website"},"primaryImageOfPage":{"@id":"http:\/\/simhero.com\/es\/empresa\/casos-practicos\/#primaryimage"},"image":{"@id":"http:\/\/simhero.com\/es\/empresa\/casos-practicos\/#primaryimage"},"thumbnailUrl":"http:\/\/3.65.206.27\/wp-content\/uploads\/2020\/07\/trail-camera-join-the-path.jpg","datePublished":"2020-11-26T12:52:10+00:00","dateModified":"2020-12-04T10:17:56+00:00","breadcrumb":{"@id":"http:\/\/simhero.com\/es\/empresa\/casos-practicos\/#breadcrumb"},"inLanguage":"es","potentialAction":[{"@type":"ReadAction","target":["http:\/\/simhero.com\/es\/empresa\/casos-practicos\/"]}]},{"@type":"ImageObject","inLanguage":"es","@id":"http:\/\/simhero.com\/es\/empresa\/casos-practicos\/#primaryimage","url":"http:\/\/3.65.206.27\/wp-content\/uploads\/2020\/07\/trail-camera-join-the-path.jpg","contentUrl":"http:\/\/3.65.206.27\/wp-content\/uploads\/2020\/07\/trail-camera-join-the-path.jpg"},{"@type":"BreadcrumbList","@id":"http:\/\/simhero.com\/es\/empresa\/casos-practicos\/#breadcrumb","itemListElement":[{"@type":"ListItem","position":1,"name":"Portada","item":"http:\/\/simhero.com\/es\/"},{"@type":"ListItem","position":2,"name":"Empresa","item":"http:\/\/simhero.com\/es\/empresa\/"},{"@type":"ListItem","position":3,"name":"Casos pr\u00e1cticos"}]},{"@type":"WebSite","@id":"https:\/\/simhero.com\/es\/#website","url":"https:\/\/simhero.com\/es\/","name":"simHERO","description":"","potentialAction":[{"@type":"SearchAction","target":{"@type":"EntryPoint","urlTemplate":"https:\/\/simhero.com\/es\/?s={search_term_string}"},"query-input":{"@type":"PropertyValueSpecification","valueRequired":true,"valueName":"search_term_string"}}],"inLanguage":"es"}]}},"_links":{"self":[{"href":"http:\/\/simhero.com\/es\/wp-json\/wp\/v2\/pages\/3724"}],"collection":[{"href":"http:\/\/simhero.com\/es\/wp-json\/wp\/v2\/pages"}],"about":[{"href":"http:\/\/simhero.com\/es\/wp-json\/wp\/v2\/types\/page"}],"author":[{"embeddable":true,"href":"http:\/\/simhero.com\/es\/wp-json\/wp\/v2\/users\/2"}],"replies":[{"embeddable":true,"href":"http:\/\/simhero.com\/es\/wp-json\/wp\/v2\/comments?post=3724"}],"version-history":[{"count":13,"href":"http:\/\/simhero.com\/es\/wp-json\/wp\/v2\/pages\/3724\/revisions"}],"predecessor-version":[{"id":4356,"href":"http:\/\/simhero.com\/es\/wp-json\/wp\/v2\/pages\/3724\/revisions\/4356"}],"up":[{"embeddable":true,"href":"http:\/\/simhero.com\/es\/wp-json\/wp\/v2\/pages\/3496"}],"wp:attachment":[{"href":"http:\/\/simhero.com\/es\/wp-json\/wp\/v2\/media?parent=3724"}],"curies":[{"name":"wp","href":"https:\/\/api.w.org\/{rel}","templated":true}]}}