{"id":2366,"date":"2020-05-06T08:50:23","date_gmt":"2020-05-06T06:50:23","guid":{"rendered":"http:\/\/3.65.206.27\/business\/use-cases\/"},"modified":"2020-12-10T12:01:14","modified_gmt":"2020-12-10T11:01:14","slug":"anwendungsfaelle","status":"publish","type":"page","link":"http:\/\/simhero.com\/de\/business\/anwendungsfaelle\/","title":{"rendered":"Anwendungsf\u00e4lle"},"content":{"rendered":"\t\t<div data-elementor-type=\"wp-page\" data-elementor-id=\"2366\" class=\"elementor elementor-2366 elementor-21\" data-elementor-post-type=\"page\">\n\t\t\t\t\t\t<section class=\"elementor-section elementor-top-section elementor-element elementor-element-2ce6d8d3 elementor-section-height-min-height elementor-section-boxed elementor-section-height-default elementor-section-items-middle\" data-id=\"2ce6d8d3\" data-element_type=\"section\" data-settings=\"{&quot;background_background&quot;:&quot;classic&quot;}\">\n\t\t\t\t\t\t\t<div class=\"elementor-background-overlay\"><\/div>\n\t\t\t\t\t\t\t<div class=\"elementor-container elementor-column-gap-default\">\n\t\t\t\t\t<div class=\"elementor-column elementor-col-100 elementor-top-column elementor-element elementor-element-10361561\" data-id=\"10361561\" data-element_type=\"column\">\n\t\t\t<div class=\"elementor-widget-wrap elementor-element-populated\">\n\t\t\t\t\t\t<div class=\"elementor-element elementor-element-3c669e90 elementor-widget elementor-widget-heading\" data-id=\"3c669e90\" data-element_type=\"widget\" data-widget_type=\"heading.default\">\n\t\t\t\t<div class=\"elementor-widget-container\">\n\t\t\t<h1 class=\"elementor-heading-title elementor-size-default\">simHERO-Anwendungsf\u00e4lle<\/h1>\t\t<\/div>\n\t\t\t\t<\/div>\n\t\t\t\t\t<\/div>\n\t\t<\/div>\n\t\t\t\t\t<\/div>\n\t\t<\/section>\n\t\t\t\t<section class=\"elementor-section elementor-top-section elementor-element elementor-element-78975db3 elementor-section-boxed elementor-section-height-default elementor-section-height-default\" data-id=\"78975db3\" data-element_type=\"section\">\n\t\t\t\t\t\t<div class=\"elementor-container elementor-column-gap-default\">\n\t\t\t\t\t<div class=\"elementor-column elementor-col-100 elementor-top-column elementor-element elementor-element-6af8ff2c\" data-id=\"6af8ff2c\" data-element_type=\"column\">\n\t\t\t<div class=\"elementor-widget-wrap elementor-element-populated\">\n\t\t\t\t\t\t<div class=\"elementor-element elementor-element-22b946a1 elementor-widget elementor-widget-heading\" data-id=\"22b946a1\" data-element_type=\"widget\" data-widget_type=\"heading.default\">\n\t\t\t\t<div class=\"elementor-widget-container\">\n\t\t\t<h2 class=\"elementor-heading-title elementor-size-default\">Wof\u00fcr eignet sich simHERO?<\/h2>\t\t<\/div>\n\t\t\t\t<\/div>\n\t\t\t\t<div class=\"elementor-element elementor-element-13edd01b elementor-widget elementor-widget-text-editor\" data-id=\"13edd01b\" data-element_type=\"widget\" data-widget_type=\"text-editor.default\">\n\t\t\t\t<div class=\"elementor-widget-container\">\n\t\t\t\t\t\t\t<p>Das Internet of Things (IoT, Internet der Dinge) wirkt sich erheblich auf die Unterhaltungselektronikbranche aus, wie wir heute erleben. Verbraucher weltweit sehen sich mit einer gro\u00dfen Anzahl von IoT-Ger\u00e4ten konfrontiert, welche SIM-Konnektivit\u00e4t ben\u00f6tigen, die von einer riesigen Anzahl von Betreibern angeboten wird. Aber welche der SIM-Karten ist die richtige f\u00fcr den Endbenutzer? Welcher Tarifplan ist der beste f\u00fcr mein Ger\u00e4t, so dass ich kein Geld verschwende? Und kann man simHERO in jedem beliebigen Ger\u00e4t einsetzen?<\/p><p>Wir bei simHERO scheuen keine M\u00fche bei der Erarbeitung der richtigen Daten- und Wertkarten-Tarife, f\u00fcr Business- und Privatkunden gleicherma\u00dfen. In \u00e4hnlicher Weise halten wir auf den M\u00e4rkten Ausschau nach neuen IoT-Ger\u00e4ten und pr\u00fcfen, ob simHERO auch f\u00fcr diese eine perfekte Erg\u00e4nzung darstellt. Wo ein Wille ist, ist auch ein Weg. Und wo es einen SIM-Steckplatz gibt, gibt es auch eine simHERO-Karte. Unsere weltweite IoT-SIM-Karte kann in jedes IoT-Ger\u00e4t, das Daten und\/oder SMS nutzt, eingesetzt werden.<\/p><p>Die bis dato ma\u00dfgebliche Grundlage unseres Erfolges war, dass wir Geld, Zeit und Energie in ein besseres Verst\u00e4ndnis der IoT-Ger\u00e4te und des damit verbundenen Benutzer-Verhaltens investieren. Es ist uns bewusst, dass wir, nur wenn wir die f\u00fcr unsere Kunden typischen Anwendungsf\u00e4lle kennen, auch ein zuverl\u00e4ssiger Guide auf ihrer IoT-Reise sein werden.<\/p><p>Hier sehen Sie einige Beispiele:<\/p>\t\t\t\t\t\t<\/div>\n\t\t\t\t<\/div>\n\t\t\t\t<section class=\"elementor-section elementor-inner-section elementor-element elementor-element-a88ab23 elementor-section-boxed elementor-section-height-default elementor-section-height-default\" data-id=\"a88ab23\" data-element_type=\"section\">\n\t\t\t\t\t\t<div class=\"elementor-container elementor-column-gap-default\">\n\t\t\t\t\t<div class=\"elementor-column elementor-col-33 elementor-inner-column elementor-element elementor-element-12caf31\" data-id=\"12caf31\" data-element_type=\"column\">\n\t\t\t<div class=\"elementor-widget-wrap elementor-element-populated\">\n\t\t\t\t\t\t<div class=\"elementor-element elementor-element-fa49c55 elementor-position-top elementor-widget elementor-widget-image-box\" data-id=\"fa49c55\" data-element_type=\"widget\" data-widget_type=\"image-box.default\">\n\t\t\t\t<div class=\"elementor-widget-container\">\n\t\t\t<div class=\"elementor-image-box-wrapper\"><figure class=\"elementor-image-box-img\"><a href=\"https:\/\/simhero.com\/de\/business\/anwendungsfaelle\/kamerafallen\/\" tabindex=\"-1\"><img fetchpriority=\"high\" decoding=\"async\" width=\"1000\" height=\"667\" src=\"http:\/\/simhero.com\/wp-content\/uploads\/2020\/07\/trail-camera-join-the-path.jpg\" class=\"attachment-full size-full wp-image-1385\" alt=\"\" srcset=\"http:\/\/simhero.com\/wp-content\/uploads\/2020\/07\/trail-camera-join-the-path.jpg 1000w, http:\/\/simhero.com\/wp-content\/uploads\/2020\/07\/trail-camera-join-the-path-300x200.jpg 300w, http:\/\/simhero.com\/wp-content\/uploads\/2020\/07\/trail-camera-join-the-path-768x512.jpg 768w\" sizes=\"(max-width: 1000px) 100vw, 1000px\" \/><\/a><\/figure><div class=\"elementor-image-box-content\"><span class=\"elementor-image-box-title\"><a href=\"https:\/\/simhero.com\/de\/business\/anwendungsfaelle\/kamerafallen\/\">simHERO in KAMERAFALLEN<\/a><\/span><\/div><\/div>\t\t<\/div>\n\t\t\t\t<\/div>\n\t\t\t\t\t<\/div>\n\t\t<\/div>\n\t\t\t\t<div class=\"elementor-column elementor-col-33 elementor-inner-column elementor-element elementor-element-86f4005\" data-id=\"86f4005\" data-element_type=\"column\">\n\t\t\t<div class=\"elementor-widget-wrap elementor-element-populated\">\n\t\t\t\t\t\t<div class=\"elementor-element elementor-element-4c4c930 elementor-position-top elementor-widget elementor-widget-image-box\" data-id=\"4c4c930\" data-element_type=\"widget\" data-widget_type=\"image-box.default\">\n\t\t\t\t<div class=\"elementor-widget-container\">\n\t\t\t<div class=\"elementor-image-box-wrapper\"><figure class=\"elementor-image-box-img\"><a href=\"https:\/\/simhero.com\/de\/business\/anwendungsfaelle\/sicherheitssysteme\/\" tabindex=\"-1\"><img decoding=\"async\" width=\"1000\" height=\"667\" src=\"http:\/\/simhero.com\/wp-content\/uploads\/2020\/07\/security-systems.jpg\" class=\"attachment-full size-full wp-image-1386\" alt=\"\" srcset=\"http:\/\/simhero.com\/wp-content\/uploads\/2020\/07\/security-systems.jpg 1000w, http:\/\/simhero.com\/wp-content\/uploads\/2020\/07\/security-systems-300x200.jpg 300w, http:\/\/simhero.com\/wp-content\/uploads\/2020\/07\/security-systems-768x512.jpg 768w\" sizes=\"(max-width: 1000px) 100vw, 1000px\" \/><\/a><\/figure><div class=\"elementor-image-box-content\"><span class=\"elementor-image-box-title\"><a href=\"https:\/\/simhero.com\/de\/business\/anwendungsfaelle\/sicherheitssysteme\/\">simHERO in SICHERHEITSSYSTEMEN<\/a><\/span><\/div><\/div>\t\t<\/div>\n\t\t\t\t<\/div>\n\t\t\t\t\t<\/div>\n\t\t<\/div>\n\t\t\t\t<div class=\"elementor-column elementor-col-33 elementor-inner-column elementor-element elementor-element-4e74153\" data-id=\"4e74153\" data-element_type=\"column\">\n\t\t\t<div class=\"elementor-widget-wrap elementor-element-populated\">\n\t\t\t\t\t\t<div class=\"elementor-element elementor-element-4215f08 elementor-position-top elementor-widget elementor-widget-image-box\" data-id=\"4215f08\" data-element_type=\"widget\" data-widget_type=\"image-box.default\">\n\t\t\t\t<div class=\"elementor-widget-container\">\n\t\t\t<div class=\"elementor-image-box-wrapper\"><figure class=\"elementor-image-box-img\"><a href=\"https:\/\/simhero.com\/de\/business\/anwendungsfaelle\/haustier-tracker\/\" tabindex=\"-1\"><img decoding=\"async\" width=\"1000\" height=\"667\" src=\"http:\/\/simhero.com\/wp-content\/uploads\/2020\/07\/pet-tracker-cat.jpg\" class=\"attachment-full size-full wp-image-1387\" alt=\"\" srcset=\"http:\/\/simhero.com\/wp-content\/uploads\/2020\/07\/pet-tracker-cat.jpg 1000w, http:\/\/simhero.com\/wp-content\/uploads\/2020\/07\/pet-tracker-cat-300x200.jpg 300w, http:\/\/simhero.com\/wp-content\/uploads\/2020\/07\/pet-tracker-cat-768x512.jpg 768w\" sizes=\"(max-width: 1000px) 100vw, 1000px\" \/><\/a><\/figure><div class=\"elementor-image-box-content\"><span class=\"elementor-image-box-title\"><a href=\"https:\/\/simhero.com\/de\/business\/anwendungsfaelle\/haustier-tracker\/\">simHERO in HAUSTIER-TRACKERN<\/a><\/span><\/div><\/div>\t\t<\/div>\n\t\t\t\t<\/div>\n\t\t\t\t\t<\/div>\n\t\t<\/div>\n\t\t\t\t\t<\/div>\n\t\t<\/section>\n\t\t\t\t<section class=\"elementor-section elementor-inner-section elementor-element elementor-element-26dfc06 elementor-section-boxed elementor-section-height-default elementor-section-height-default\" data-id=\"26dfc06\" data-element_type=\"section\">\n\t\t\t\t\t\t<div class=\"elementor-container elementor-column-gap-default\">\n\t\t\t\t\t<div class=\"elementor-column elementor-col-33 elementor-inner-column elementor-element elementor-element-4b3c614\" data-id=\"4b3c614\" data-element_type=\"column\">\n\t\t\t<div class=\"elementor-widget-wrap elementor-element-populated\">\n\t\t\t\t\t\t<div class=\"elementor-element elementor-element-0167228 elementor-position-top elementor-widget elementor-widget-image-box\" data-id=\"0167228\" data-element_type=\"widget\" data-widget_type=\"image-box.default\">\n\t\t\t\t<div class=\"elementor-widget-container\">\n\t\t\t<div class=\"elementor-image-box-wrapper\"><figure class=\"elementor-image-box-img\"><a href=\"https:\/\/simhero.com\/de\/business\/anwendungsfaelle\/fahrzeug-tracker\/\" tabindex=\"-1\"><img loading=\"lazy\" decoding=\"async\" width=\"640\" height=\"426\" src=\"http:\/\/simhero.com\/wp-content\/uploads\/2020\/06\/vehicle.jpg\" class=\"attachment-full size-full wp-image-1326\" alt=\"\" srcset=\"http:\/\/simhero.com\/wp-content\/uploads\/2020\/06\/vehicle.jpg 640w, http:\/\/simhero.com\/wp-content\/uploads\/2020\/06\/vehicle-300x200.jpg 300w\" sizes=\"(max-width: 640px) 100vw, 640px\" \/><\/a><\/figure><div class=\"elementor-image-box-content\"><span class=\"elementor-image-box-title\"><a href=\"https:\/\/simhero.com\/de\/business\/anwendungsfaelle\/fahrzeug-tracker\/\">simHERO in FAHRZEUG-TRACKERN<\/a><\/span><\/div><\/div>\t\t<\/div>\n\t\t\t\t<\/div>\n\t\t\t\t\t<\/div>\n\t\t<\/div>\n\t\t\t\t<div class=\"elementor-column elementor-col-33 elementor-inner-column elementor-element elementor-element-168acb1\" data-id=\"168acb1\" data-element_type=\"column\">\n\t\t\t<div class=\"elementor-widget-wrap elementor-element-populated\">\n\t\t\t\t\t\t<div class=\"elementor-element elementor-element-d33f678 elementor-position-top elementor-widget elementor-widget-image-box\" data-id=\"d33f678\" data-element_type=\"widget\" data-widget_type=\"image-box.default\">\n\t\t\t\t<div class=\"elementor-widget-container\">\n\t\t\t<div class=\"elementor-image-box-wrapper\"><figure class=\"elementor-image-box-img\"><a href=\"https:\/\/simhero.com\/de\/business\/anwendungsfaelle\/kinderuhren\/\" tabindex=\"-1\"><img loading=\"lazy\" decoding=\"async\" width=\"640\" height=\"426\" src=\"http:\/\/simhero.com\/wp-content\/uploads\/2020\/06\/kidwatches.jpg\" class=\"attachment-full size-full wp-image-1311\" alt=\"\" srcset=\"http:\/\/simhero.com\/wp-content\/uploads\/2020\/06\/kidwatches.jpg 640w, http:\/\/simhero.com\/wp-content\/uploads\/2020\/06\/kidwatches-300x200.jpg 300w\" sizes=\"(max-width: 640px) 100vw, 640px\" \/><\/a><\/figure><div class=\"elementor-image-box-content\"><span class=\"elementor-image-box-title\"><a href=\"https:\/\/simhero.com\/de\/business\/anwendungsfaelle\/kinderuhren\/\">simHERO in KINDERUHREN<\/a><\/span><\/div><\/div>\t\t<\/div>\n\t\t\t\t<\/div>\n\t\t\t\t\t<\/div>\n\t\t<\/div>\n\t\t\t\t<div class=\"elementor-column elementor-col-33 elementor-inner-column elementor-element elementor-element-950b81c\" data-id=\"950b81c\" data-element_type=\"column\">\n\t\t\t<div class=\"elementor-widget-wrap\">\n\t\t\t\t\t\t\t<\/div>\n\t\t<\/div>\n\t\t\t\t\t<\/div>\n\t\t<\/section>\n\t\t\t\t\t<\/div>\n\t\t<\/div>\n\t\t\t\t\t<\/div>\n\t\t<\/section>\n\t\t\t\t<\/div>\n\t\t","protected":false},"excerpt":{"rendered":"<p>simHERO-Anwendungsf\u00e4lle Wof\u00fcr eignet sich simHERO? Das Internet of Things (IoT, Internet der Dinge) wirkt sich erheblich auf die Unterhaltungselektronikbranche aus, wie wir heute erleben. Verbraucher weltweit sehen sich mit einer gro\u00dfen Anzahl von IoT-Ger\u00e4ten konfrontiert, welche SIM-Konnektivit\u00e4t ben\u00f6tigen, die von einer riesigen Anzahl von Betreibern angeboten wird. Aber welche der SIM-Karten ist die richtige f\u00fcr [&hellip;]<\/p>\n","protected":false},"author":1,"featured_media":0,"parent":2332,"menu_order":0,"comment_status":"closed","ping_status":"closed","template":"elementor_header_footer","meta":{"footnotes":""},"yoast_head":"<!-- This site is optimized with the Yoast SEO plugin v23.4 - https:\/\/yoast.com\/wordpress\/plugins\/seo\/ -->\n<title>Anwendungsf\u00e4lle - simHERO<\/title>\n<meta name=\"description\" content=\"Get exclusive insights in our best IoT use cases from our fellow partners. Together we connect a huge number of devices.\" \/>\n<meta name=\"robots\" content=\"index, follow, max-snippet:-1, max-image-preview:large, max-video-preview:-1\" \/>\n<link rel=\"canonical\" href=\"http:\/\/simhero.com\/de\/business\/anwendungsfaelle\/\" \/>\n<meta property=\"og:locale\" content=\"de_DE\" \/>\n<meta property=\"og:type\" content=\"article\" \/>\n<meta property=\"og:title\" content=\"Anwendungsf\u00e4lle - simHERO\" \/>\n<meta property=\"og:description\" content=\"Get exclusive insights in our best IoT use cases from our fellow partners. Together we connect a huge number of devices.\" \/>\n<meta property=\"og:url\" content=\"http:\/\/simhero.com\/de\/business\/anwendungsfaelle\/\" \/>\n<meta property=\"og:site_name\" content=\"simHERO\" \/>\n<meta property=\"article:publisher\" content=\"https:\/\/www.facebook.com\/freeewaysimhero\/\" \/>\n<meta property=\"article:modified_time\" content=\"2020-12-10T11:01:14+00:00\" \/>\n<meta property=\"og:image\" content=\"http:\/\/3.65.206.27\/wp-content\/uploads\/2020\/07\/trail-camera-join-the-path.jpg\" \/>\n<meta name=\"twitter:card\" content=\"summary_large_image\" \/>\n<meta name=\"twitter:label1\" content=\"Gesch\u00e4tzte Lesezeit\" \/>\n\t<meta name=\"twitter:data1\" content=\"1\u00a0Minute\" \/>\n<script type=\"application\/ld+json\" class=\"yoast-schema-graph\">{\"@context\":\"https:\/\/schema.org\",\"@graph\":[{\"@type\":\"WebPage\",\"@id\":\"http:\/\/simhero.com\/de\/business\/anwendungsfaelle\/\",\"url\":\"http:\/\/simhero.com\/de\/business\/anwendungsfaelle\/\",\"name\":\"Anwendungsf\u00e4lle - simHERO\",\"isPartOf\":{\"@id\":\"https:\/\/simhero.com\/de\/#website\"},\"primaryImageOfPage\":{\"@id\":\"http:\/\/simhero.com\/de\/business\/anwendungsfaelle\/#primaryimage\"},\"image\":{\"@id\":\"http:\/\/simhero.com\/de\/business\/anwendungsfaelle\/#primaryimage\"},\"thumbnailUrl\":\"http:\/\/3.65.206.27\/wp-content\/uploads\/2020\/07\/trail-camera-join-the-path.jpg\",\"datePublished\":\"2020-05-06T06:50:23+00:00\",\"dateModified\":\"2020-12-10T11:01:14+00:00\",\"description\":\"Get exclusive insights in our best IoT use cases from our fellow partners. Together we connect a huge number of devices.\",\"breadcrumb\":{\"@id\":\"http:\/\/simhero.com\/de\/business\/anwendungsfaelle\/#breadcrumb\"},\"inLanguage\":\"de\",\"potentialAction\":[{\"@type\":\"ReadAction\",\"target\":[\"http:\/\/simhero.com\/de\/business\/anwendungsfaelle\/\"]}]},{\"@type\":\"ImageObject\",\"inLanguage\":\"de\",\"@id\":\"http:\/\/simhero.com\/de\/business\/anwendungsfaelle\/#primaryimage\",\"url\":\"http:\/\/3.65.206.27\/wp-content\/uploads\/2020\/07\/trail-camera-join-the-path.jpg\",\"contentUrl\":\"http:\/\/3.65.206.27\/wp-content\/uploads\/2020\/07\/trail-camera-join-the-path.jpg\"},{\"@type\":\"BreadcrumbList\",\"@id\":\"http:\/\/simhero.com\/de\/business\/anwendungsfaelle\/#breadcrumb\",\"itemListElement\":[{\"@type\":\"ListItem\",\"position\":1,\"name\":\"Startseite\",\"item\":\"https:\/\/simhero.com\/de\/\"},{\"@type\":\"ListItem\",\"position\":2,\"name\":\"Business\",\"item\":\"https:\/\/simhero.com\/de\/business\/\"},{\"@type\":\"ListItem\",\"position\":3,\"name\":\"Anwendungsf\u00e4lle\"}]},{\"@type\":\"WebSite\",\"@id\":\"https:\/\/simhero.com\/de\/#website\",\"url\":\"https:\/\/simhero.com\/de\/\",\"name\":\"simHERO\",\"description\":\"\",\"potentialAction\":[{\"@type\":\"SearchAction\",\"target\":{\"@type\":\"EntryPoint\",\"urlTemplate\":\"https:\/\/simhero.com\/de\/?s={search_term_string}\"},\"query-input\":{\"@type\":\"PropertyValueSpecification\",\"valueRequired\":true,\"valueName\":\"search_term_string\"}}],\"inLanguage\":\"de\"}]}<\/script>\n<!-- \/ Yoast SEO plugin. -->","yoast_head_json":{"title":"Anwendungsf\u00e4lle - simHERO","description":"Get exclusive insights in our best IoT use cases from our fellow partners. Together we connect a huge number of devices.","robots":{"index":"index","follow":"follow","max-snippet":"max-snippet:-1","max-image-preview":"max-image-preview:large","max-video-preview":"max-video-preview:-1"},"canonical":"http:\/\/simhero.com\/de\/business\/anwendungsfaelle\/","og_locale":"de_DE","og_type":"article","og_title":"Anwendungsf\u00e4lle - simHERO","og_description":"Get exclusive insights in our best IoT use cases from our fellow partners. Together we connect a huge number of devices.","og_url":"http:\/\/simhero.com\/de\/business\/anwendungsfaelle\/","og_site_name":"simHERO","article_publisher":"https:\/\/www.facebook.com\/freeewaysimhero\/","article_modified_time":"2020-12-10T11:01:14+00:00","og_image":[{"url":"http:\/\/3.65.206.27\/wp-content\/uploads\/2020\/07\/trail-camera-join-the-path.jpg"}],"twitter_card":"summary_large_image","twitter_misc":{"Gesch\u00e4tzte Lesezeit":"1\u00a0Minute"},"schema":{"@context":"https:\/\/schema.org","@graph":[{"@type":"WebPage","@id":"http:\/\/simhero.com\/de\/business\/anwendungsfaelle\/","url":"http:\/\/simhero.com\/de\/business\/anwendungsfaelle\/","name":"Anwendungsf\u00e4lle - simHERO","isPartOf":{"@id":"https:\/\/simhero.com\/de\/#website"},"primaryImageOfPage":{"@id":"http:\/\/simhero.com\/de\/business\/anwendungsfaelle\/#primaryimage"},"image":{"@id":"http:\/\/simhero.com\/de\/business\/anwendungsfaelle\/#primaryimage"},"thumbnailUrl":"http:\/\/3.65.206.27\/wp-content\/uploads\/2020\/07\/trail-camera-join-the-path.jpg","datePublished":"2020-05-06T06:50:23+00:00","dateModified":"2020-12-10T11:01:14+00:00","description":"Get exclusive insights in our best IoT use cases from our fellow partners. Together we connect a huge number of devices.","breadcrumb":{"@id":"http:\/\/simhero.com\/de\/business\/anwendungsfaelle\/#breadcrumb"},"inLanguage":"de","potentialAction":[{"@type":"ReadAction","target":["http:\/\/simhero.com\/de\/business\/anwendungsfaelle\/"]}]},{"@type":"ImageObject","inLanguage":"de","@id":"http:\/\/simhero.com\/de\/business\/anwendungsfaelle\/#primaryimage","url":"http:\/\/3.65.206.27\/wp-content\/uploads\/2020\/07\/trail-camera-join-the-path.jpg","contentUrl":"http:\/\/3.65.206.27\/wp-content\/uploads\/2020\/07\/trail-camera-join-the-path.jpg"},{"@type":"BreadcrumbList","@id":"http:\/\/simhero.com\/de\/business\/anwendungsfaelle\/#breadcrumb","itemListElement":[{"@type":"ListItem","position":1,"name":"Startseite","item":"https:\/\/simhero.com\/de\/"},{"@type":"ListItem","position":2,"name":"Business","item":"https:\/\/simhero.com\/de\/business\/"},{"@type":"ListItem","position":3,"name":"Anwendungsf\u00e4lle"}]},{"@type":"WebSite","@id":"https:\/\/simhero.com\/de\/#website","url":"https:\/\/simhero.com\/de\/","name":"simHERO","description":"","potentialAction":[{"@type":"SearchAction","target":{"@type":"EntryPoint","urlTemplate":"https:\/\/simhero.com\/de\/?s={search_term_string}"},"query-input":{"@type":"PropertyValueSpecification","valueRequired":true,"valueName":"search_term_string"}}],"inLanguage":"de"}]}},"_links":{"self":[{"href":"http:\/\/simhero.com\/de\/wp-json\/wp\/v2\/pages\/2366"}],"collection":[{"href":"http:\/\/simhero.com\/de\/wp-json\/wp\/v2\/pages"}],"about":[{"href":"http:\/\/simhero.com\/de\/wp-json\/wp\/v2\/types\/page"}],"author":[{"embeddable":true,"href":"http:\/\/simhero.com\/de\/wp-json\/wp\/v2\/users\/1"}],"replies":[{"embeddable":true,"href":"http:\/\/simhero.com\/de\/wp-json\/wp\/v2\/comments?post=2366"}],"version-history":[{"count":10,"href":"http:\/\/simhero.com\/de\/wp-json\/wp\/v2\/pages\/2366\/revisions"}],"predecessor-version":[{"id":4388,"href":"http:\/\/simhero.com\/de\/wp-json\/wp\/v2\/pages\/2366\/revisions\/4388"}],"up":[{"embeddable":true,"href":"http:\/\/simhero.com\/de\/wp-json\/wp\/v2\/pages\/2332"}],"wp:attachment":[{"href":"http:\/\/simhero.com\/de\/wp-json\/wp\/v2\/media?parent=2366"}],"curies":[{"name":"wp","href":"https:\/\/api.w.org\/{rel}","templated":true}]}}